{"id":3079,"date":"2025-12-18T10:10:20","date_gmt":"2025-12-18T10:10:20","guid":{"rendered":"https:\/\/rfid-laundry-tag.com\/?post_type=product&#038;p=3079"},"modified":"2026-01-04T13:08:46","modified_gmt":"2026-01-04T13:08:46","slug":"rfid-laundry-tag-7015mm","status":"publish","type":"product","link":"https:\/\/rfid-laundry-tag.com\/tr\/rfid-laundry-tag-7015mm\/","title":{"rendered":"RFID \u00c7ama\u015f\u0131r Etiketi - 70*15mm"},"content":{"rendered":"<h2>RFID \u00c7ama\u015f\u0131r Etiketi - 70*15mm<\/h2>\n<p><b>Kullanmak<a href=\"https:\/\/rfid-laundry-tag.com\/tr\/textile-rfid-laundry-tag\/\">\u00a0RFID \u00e7ama\u015f\u0131r etiketleri<\/a>\u00a0Avantajlar:<\/b><br \/>\n1) El tipi UHF okuyucu ile tarama yap\u0131larak i\u015f\u00e7ilik maliyeti azalt\u0131l\u0131r ve miktar belirlenir.<br \/>\n2) Farkl\u0131 otel veya \u015firketlerden gelen k\u0131yafetleri ay\u0131r\u0131n.<br \/>\n3) Veri analizi: Verileri toplad\u0131ktan sonra daha fazla bilgi edinebilirsiniz, \u00f6rne\u011fin:<br \/>\n*Hangi tekstil kalitesi daha iyiyse, o firmay\u0131 se\u00e7erek gelecekteki sipari\u015flerinizde daha fazla maliyet tasarrufu sa\u011flayabilirsiniz.<br \/>\n* Hangi otel veya \u015firketin tekstil \u00fcr\u00fcnleri daha kolay hasar g\u00f6r\u00fcr? vb.<\/p>\n<div class=\"entry-content-asset videofit\"><iframe title=\"Tekstil \u00c7ama\u015f\u0131rhanesinde RFID Neden Kullan\u0131l\u0131r?\" src=\"https:\/\/www.youtube.com\/embed\/X_P3EuhS_hE?feature=oembed\" width=\"720\" height=\"405\" frameborder=\"0\" allowfullscreen=\"allowfullscreen\" data-mce-fragment=\"1\"><\/iframe><\/div>\n<div class=\"table-with-header rounded-lg border border-solid border-grey-line2-normal w-fit max-w-full mb-2\">\n<div class=\"overflow-x-auto custom-scrollbar custom-scrollbar-float max-w-full\">\n<table class=\"w-fit !mb-0 !max-w-none\">\n<thead>\n<tr>\n<th>\u00d6zellik<\/th>\n<th>\u015eartname<\/th>\n<\/tr>\n<\/thead>\n<tbody>\n<tr>\n<td><strong>\u00d6\u011fe ad\u0131<\/strong><\/td>\n<td><strong>RFID \u00c7ama\u015f\u0131r Etiketi<\/strong><\/td>\n<\/tr>\n<tr>\n<td><strong>RFID Standard<\/strong><\/td>\n<td>ISO\/IEC 18000-6 TipC (EPC Gen2)<\/td>\n<\/tr>\n<tr>\n<td><strong>Boyut ve A\u011f\u0131rl\u0131k<\/strong><\/td>\n<td>70\u00d715 mm, 0,6 g<\/td>\n<\/tr>\n<tr>\n<td><strong>\u00c7ip T\u00fcr\u00fc<\/strong><\/td>\n<td>NXP U CODE 8, NXP U CODE 9<\/td>\n<\/tr>\n<tr>\n<td><strong>EPC Belle\u011fi<\/strong><\/td>\n<td>128 bit<\/td>\n<\/tr>\n<tr>\n<td><strong>Kullan\u0131c\u0131 Belle\u011fi<\/strong><\/td>\n<td>512 bit<\/td>\n<\/tr>\n<tr>\n<td><strong>Okuma Aral\u0131\u011f\u0131<\/strong><\/td>\n<td>8m (2W ERP FCC\/ETSI)<\/td>\n<\/tr>\n<tr>\n<td><strong>Etiketleme<\/strong><\/td>\n<td>Diki\u015f, S\u0131cak damgalama yap\u0131\u015ft\u0131r\u0131c\u0131s\u0131<\/td>\n<\/tr>\n<tr>\n<td><strong>Tahmini \u00d6m\u00fcr<\/strong><\/td>\n<td>200 y\u0131kama d\u00f6ng\u00fcs\u00fc veya 3 y\u0131l<\/td>\n<\/tr>\n<tr>\n<td><strong>Y\u0131kama Y\u00f6ntemi<\/strong><\/td>\n<td>\u00c7ama\u015f\u0131rhane, Kuru temizleme<\/td>\n<\/tr>\n<tr>\n<td><strong>Su \u00c7\u0131karma Bas\u0131nc\u0131<\/strong><\/td>\n<td>60 bar<\/td>\n<\/tr>\n<tr>\n<td><strong>Suya Dayan\u0131kl\u0131l\u0131k<\/strong><\/td>\n<td>Su ge\u00e7irmez<\/td>\n<\/tr>\n<tr>\n<td><strong>Kimyasal Diren\u00e7<\/strong><\/td>\n<td>Deterjan, Yumu\u015fat\u0131c\u0131, \u00c7ama\u015f\u0131r Suyu (Oksijen\/Klor), Alkali<\/td>\n<\/tr>\n<tr>\n<td>\u00a0\u00dct\u00fcc\u00fc:<\/td>\n<td>190 \u00baC ~225 \u00baC, 10-15 saniye boyunca<\/td>\n<\/tr>\n<\/tbody>\n<\/table>\n<\/div>\n<\/div>\n<h3 class=\"wp-block-heading\">Kurulum<\/h3>\n<p><strong>Diki\u015f Etiketleme<\/strong>: Bir tekstilin ete\u011fine dikilecek. \u00c7ama\u015f\u0131r etiketini katlama \u00e7izgilerinden uza\u011fa dikin.<br \/>\n<strong>Is\u0131 S\u0131zd\u0131rmazl\u0131\u011f\u0131<\/strong>: +200\u00b0C (392\u00b0F) s\u0131cakl\u0131kta, 12~14 saniye boyunca do\u011frudan tekstil \u00fczerine \u0131s\u0131yla yap\u0131\u015ft\u0131r\u0131lmal\u0131d\u0131r.<br \/>\n<strong>Kese i\u00e7inde<\/strong>: Standart bak\u0131m etiketi gibi dikilmelidir. \u00c7ama\u015f\u0131r etiketini katlama \u00e7izgilerinden uza\u011fa dikin.<\/p>\n<p>&nbsp;<\/p>\n<p><strong>\u00dcr\u00fcn tan\u0131t\u0131m\u0131:<\/strong><br \/>\n*200&#039;den fazla kez end\u00fcstriyel y\u0131kama.<br \/>\n*100% Bellek yazma testi;<br \/>\n*Malzeme ve tasar\u0131m\u0131n g\u00fcvenilirli\u011fi test edilmi\u015ftir;<br \/>\n*\u00dcr\u00fcn, Finlandiya Tagformace ekipman\u0131 ile 100% RF uyumlulu\u011fu a\u00e7\u0131s\u0131ndan incelenmi\u015ftir.<br \/>\n* GER\u00c7EK 200 kez end\u00fcstriyel y\u0131kama.<br \/>\n* Yumu\u015fak, Esnek;<br \/>\n* 60 atmosfer bas\u0131nc\u0131na dayan\u0131kl\u0131d\u0131r.<\/p>\n<figure id=\"attachment_3434\" class=\"wp-caption alignnone\" aria-describedby=\"caption-attachment-3434\">\n<p><figure id=\"attachment_3081\" aria-describedby=\"caption-attachment-3081\" style=\"width: 1000px\" class=\"wp-caption alignnone\"><a href=\"https:\/\/rfid-laundry-tag.com\/tr\/textile-rfid-laundry-tag\/\"><img fetchpriority=\"high\" decoding=\"async\" class=\"size-full wp-image-3081\" src=\"https:\/\/rfid-laundry-tag.com\/wp-content\/uploads\/2025\/12\/UHF-RFID-washable-laundry-tag-08.jpg\" alt=\"RFID Laundry Tag-70*15mm\" width=\"1000\" height=\"1000\" srcset=\"https:\/\/rfid-laundry-tag.com\/wp-content\/uploads\/2025\/12\/UHF-RFID-washable-laundry-tag-08.jpg 1000w, https:\/\/rfid-laundry-tag.com\/wp-content\/uploads\/2025\/12\/UHF-RFID-washable-laundry-tag-08-300x300.jpg 300w, https:\/\/rfid-laundry-tag.com\/wp-content\/uploads\/2025\/12\/UHF-RFID-washable-laundry-tag-08-150x150.jpg 150w, https:\/\/rfid-laundry-tag.com\/wp-content\/uploads\/2025\/12\/UHF-RFID-washable-laundry-tag-08-768x768.jpg 768w, https:\/\/rfid-laundry-tag.com\/wp-content\/uploads\/2025\/12\/UHF-RFID-washable-laundry-tag-08-12x12.jpg 12w, https:\/\/rfid-laundry-tag.com\/wp-content\/uploads\/2025\/12\/UHF-RFID-washable-laundry-tag-08-600x600.jpg 600w, https:\/\/rfid-laundry-tag.com\/wp-content\/uploads\/2025\/12\/UHF-RFID-washable-laundry-tag-08-100x100.jpg 100w\" sizes=\"(max-width: 1000px) 100vw, 1000px\" \/><\/a><figcaption id=\"caption-attachment-3081\" class=\"wp-caption-text\">RFID \u00c7ama\u015f\u0131r Etiketi - 70*15mm<\/figcaption><\/figure><figcaption id=\"caption-attachment-3434\" class=\"wp-caption-text\">\u00a0<\/figcaption><\/figure>\n<p><strong>\u00dcr\u00fcn uygulama alan\u0131:<\/strong><br \/>\n* End\u00fcstriyel y\u0131kama;<br \/>\n* Personel ve okul \u00fcniformalar\u0131n\u0131n y\u00f6netimi;<br \/>\n* T\u0131bbi giyim y\u00f6netimi;<br \/>\n* Personel devriye y\u00f6netimi;<br \/>\n* Giyim fabrikalar\u0131n\u0131n \u00fcretim y\u00f6netimi.<\/p>\n<h2 data-spm-anchor-id=\"a2700.details-description.0.i0.40e8juJgjuJgsa\"><b><span class=\"magic-29\" data-spm-anchor-id=\"a2700.details-description.0.i4.40e8juJgjuJgsa\">Ba\u015fl\u0131ca avantajlar\u0131:<\/span><\/b><\/h2>\n<div data-spm-anchor-id=\"a2700.details-description.0.i0.40e8juJgjuJgsa\">\n<div data-spm-anchor-id=\"a2700.details-description.0.i3.40e8juJgjuJgsa\"><span class=\"magic-30\"><span class=\"magic-31\">* Metal ve metal olmayan y\u00fczeylere monte edildi\u011finde iyi radyo frekans\u0131 performans\u0131 g\u00f6sterir, 100% Avrupa ithalat etiketine sahiptir;<br \/>\nUygunluk test sistemi testi * uluslararas\u0131 alanda tan\u0131nm\u0131\u015f m\u00fc\u015fteriler taraf\u0131ndan do\u011fruland\u0131ktan ve kullan\u0131ld\u0131ktan sonra;<\/span><\/span><\/div>\n<\/div>\n<div class=\"auto-hide-last-sibling-br paragraph_1252f paragraph-element\">\n<figure id=\"attachment_3033\" aria-describedby=\"caption-attachment-3033\" style=\"width: 768px\" class=\"wp-caption alignnone\"><a href=\"https:\/\/rfid-laundry-tag.com\/tr\/textile-rfid-laundry-tag\/\"><img decoding=\"async\" class=\"size-large wp-image-3033\" src=\"https:\/\/rfid-laundry-tag.com\/wp-content\/uploads\/2025\/12\/RFID-Laundry-Tag-Installation-Guide-01-768x1024.png\" alt=\"RFID Laundry Tags\" width=\"768\" height=\"1024\" srcset=\"https:\/\/rfid-laundry-tag.com\/wp-content\/uploads\/2025\/12\/RFID-Laundry-Tag-Installation-Guide-01-768x1025.png 768w, https:\/\/rfid-laundry-tag.com\/wp-content\/uploads\/2025\/12\/RFID-Laundry-Tag-Installation-Guide-01-225x300.png 225w, https:\/\/rfid-laundry-tag.com\/wp-content\/uploads\/2025\/12\/RFID-Laundry-Tag-Installation-Guide-01-9x12.png 9w, https:\/\/rfid-laundry-tag.com\/wp-content\/uploads\/2025\/12\/RFID-Laundry-Tag-Installation-Guide-01-600x801.png 600w, https:\/\/rfid-laundry-tag.com\/wp-content\/uploads\/2025\/12\/RFID-Laundry-Tag-Installation-Guide-01.png 790w\" sizes=\"(max-width: 768px) 100vw, 768px\" \/><\/a><figcaption id=\"caption-attachment-3033\" class=\"wp-caption-text\">RFID \u00c7ama\u015f\u0131rhane Etiketleri<\/figcaption><\/figure>\n<\/div>\n<div>\n<div class=\"J_module\">\n<h2 id=\"ali-anchor-AliMagic-0o5zmv\" class=\"magic-0\" data-section=\"AliMagic-0o5zmv\" data-section-title=\"FAQ\" data-spm-anchor-id=\"a2700.details-description.0.i2.40e8juJgjuJgsa\"><strong>S\u0131k\u00e7a Sorulan Sorular<\/strong><\/h2>\n<div data-section=\"AliMagic-0o5zmv\" data-section-title=\"FAQ\" data-spm-anchor-id=\"a2700.details-description.0.i2.40e8juJgjuJgsa\"><\/div>\n<\/div>\n<div class=\"J_module\">\n<div class=\"detail-decorate-json-renderer-container\">\n<div class=\"magic-17\">\n<div class=\"magic-18\">\n<div class=\"magic-19\">\n<div class=\"magic-20\">\n<div data-spm-anchor-id=\"a2700.details-description.0.i5.40e8juJgjuJgsa\"><b class=\"magic-32\">1. Bize birka\u00e7 \u00f6rnek verebilir misiniz?<\/b><\/div>\n<div data-spm-anchor-id=\"a2700.details-description.0.i5.40e8juJgjuJgsa\">\u0130htiya\u00e7 duydu\u011funuz \u00fcr\u00fcnleri net bir \u015fekilde \u00f6\u011frendikten sonra, referans\u0131n\u0131z i\u00e7in benzer mevcut \u00f6rnekler sunabiliriz. \u00d6rnekler \u00fccretsizdir, ancak kargo \u00fccretini siz \u00f6dersiniz. Tasar\u0131m ve gereksinimlerinize g\u00f6re \u00f6zelle\u015ftirilmi\u015f etiket \u00f6rne\u011fine ihtiyac\u0131n\u0131z varsa, buna g\u00f6re makul bir \u00f6rnek \u00fccreti al\u0131n\u0131r.<\/div>\n<div data-spm-anchor-id=\"a2700.details-description.0.i5.40e8juJgjuJgsa\"><\/div>\n<div data-spm-anchor-id=\"a2700.details-description.0.i5.40e8juJgjuJgsa\"><b class=\"magic-32\">2. Teknoloji konusunda uzman bir al\u0131c\u0131 de\u011filiz, fiyat teklifi verebilmemiz i\u00e7in bizden hangi bilgilere ihtiyac\u0131n\u0131z var?<\/b><\/div>\n<div data-spm-anchor-id=\"a2700.details-description.0.i5.40e8juJgjuJgsa\">Sevgili dostum, l\u00fctfen RFID etiketinin kullan\u0131m amac\u0131n\u0131 ve ula\u015fmak istedi\u011finiz hedefi a\u00e7\u0131k\u00e7a belirtin, size uygun \u00fcr\u00fcn\u00fc iyi bir fiyata \u00f6nerebiliriz.<\/div>\n<div data-spm-anchor-id=\"a2700.details-description.0.i5.40e8juJgjuJgsa\"><\/div>\n<div data-spm-anchor-id=\"a2700.details-description.0.i5.40e8juJgjuJgsa\"><b class=\"magic-32\">3. \u00d6demeyi yapt\u0131k ama siz bize mallar\u0131 g\u00f6ndermediniz. Bu konuda endi\u015felerimiz var. .<\/b>\u00a0Uluslararas\u0131 pazarda y\u0131llard\u0131r d\u00fcr\u00fcst i\u015f yapan lider bir RFID etiket \u015firketiyiz. D\u00fcnya \u00e7ap\u0131ndaki m\u00fc\u015fterilerimizden her zaman olumlu geri bildirimler al\u0131yoruz.<\/div>\n<div data-spm-anchor-id=\"a2700.details-description.0.i5.40e8juJgjuJgsa\"><\/div>\n<div data-spm-anchor-id=\"a2700.details-description.0.i5.40e8juJgjuJgsa\"><span class=\"magic-32\"><b><span class=\"magic-30\">4. Fabrikan\u0131z\u0131 ziyaret edebilir miyiz?<\/span><\/b><\/span>\u00a0Evet, fabrika turunuza s\u0131cak bir \u015fekilde ho\u015f geldiniz. \u00c7in gezinizde size rehberlik etmekten onur duyuyoruz.<\/div>\n<\/div>\n<div data-spm-anchor-id=\"a2700.details-description.0.i5.40e8juJgjuJgsa\">\n<figure id=\"attachment_3036\" aria-describedby=\"caption-attachment-3036\" style=\"width: 1024px\" class=\"wp-caption alignnone\"><a href=\"https:\/\/rfid-laundry-tag.com\/tr\/textile-rfid-laundry-tag\/\"><img decoding=\"async\" class=\"size-large wp-image-3036\" src=\"https:\/\/rfid-laundry-tag.com\/wp-content\/uploads\/2025\/12\/RFID-Laundry-Tag-Installation-Guide-03--1024x590.png\" alt=\"How to Sew RFID Laundry Tags into Linens and Garments\" width=\"1024\" height=\"590\" srcset=\"https:\/\/rfid-laundry-tag.com\/wp-content\/uploads\/2025\/12\/RFID-Laundry-Tag-Installation-Guide-03--1024x590.png 1024w, https:\/\/rfid-laundry-tag.com\/wp-content\/uploads\/2025\/12\/RFID-Laundry-Tag-Installation-Guide-03--300x173.png 300w, https:\/\/rfid-laundry-tag.com\/wp-content\/uploads\/2025\/12\/RFID-Laundry-Tag-Installation-Guide-03--768x442.png 768w, https:\/\/rfid-laundry-tag.com\/wp-content\/uploads\/2025\/12\/RFID-Laundry-Tag-Installation-Guide-03--18x10.png 18w, https:\/\/rfid-laundry-tag.com\/wp-content\/uploads\/2025\/12\/RFID-Laundry-Tag-Installation-Guide-03--600x345.png 600w, https:\/\/rfid-laundry-tag.com\/wp-content\/uploads\/2025\/12\/RFID-Laundry-Tag-Installation-Guide-03-.png 1148w\" sizes=\"(max-width: 1024px) 100vw, 1024px\" \/><\/a><figcaption id=\"caption-attachment-3036\" class=\"wp-caption-text\">\u00c7ama\u015f\u0131r ve Nevresimlere RFID Etiketleri Nas\u0131l Dikilir?<\/figcaption><\/figure>\n<\/div>\n<\/div>\n<\/div>\n<\/div>\n<\/div>\n<\/div>\n<\/div>","protected":false},"excerpt":{"rendered":"<div class=\"elementor-element elementor-element-4f79c63 e-flex e-con-boxed e-con e-parent e-lazyloaded\" data-id=\"4f79c63\" data-element_type=\"container\" data-settings=\"{&quot;_ha_eqh_enable&quot;:false}\">\n<div class=\"e-con-inner\">\n<div class=\"elementor-element elementor-element-be3873c elementor-widget elementor-widget-woocommerce-product-short-description\" data-id=\"be3873c\" data-element_type=\"widget\" data-widget_type=\"woocommerce-product-short-description.default\">\n<div class=\"elementor-widget-container\">\n<div class=\"woocommerce-product-details__short-description\"><\/div>\n<\/div>\n<\/div>\n<\/div>\n<\/div>\n<div class=\"elementor-element elementor-element-3ad806e e-flex e-con-boxed e-con e-parent e-lazyloaded\" data-id=\"3ad806e\" data-element_type=\"container\" data-settings=\"{&quot;_ha_eqh_enable&quot;:false}\">\n<div class=\"e-con-inner\">\n<div class=\"elementor-element elementor-element-362020f elementor-widget elementor-widget-woocommerce-product-data-tabs\" data-id=\"362020f\" data-element_type=\"widget\" data-widget_type=\"woocommerce-product-data-tabs.default\">\n<div class=\"elementor-widget-container\">\n<div class=\"woocommerce-tabs wc-tabs-wrapper\">\n<h3 class=\"wp-block-heading\">RFID \u00c7ama\u015f\u0131r Etiketi - 70*15mm<\/h3>\n<p>1. Boyutlar\u0131 70*15 mm&#039;dir.<br \/>\n2. Sterilizasyon, su giderme, 60 bar bas\u0131n\u00e7 alt\u0131nda 200\u00b0C \u0131s\u0131tma ve \u00fct\u00fcleme i\u015flemlerinden ge\u00e7irilerek 200 veya 300 y\u0131kama d\u00f6ng\u00fcs\u00fc boyunca \u00e7al\u0131\u015fmas\u0131 garantilidir.<br \/>\n3. Teslim s\u00fcresi 1-2 g\u00fcnd\u00fcr.<\/p>\n<\/div>\n<\/div>\n<\/div>\n<\/div>\n<\/div>","protected":false},"featured_media":3080,"template":"","meta":{"_kad_post_transparent":"default","_kad_post_title":"","_kad_post_layout":"default","_kad_post_sidebar_id":"","_kad_post_content_style":"default","_kad_post_vertical_padding":"default","_kad_post_feature":"","_kad_post_feature_position":"","_kad_post_header":false,"_kad_post_footer":false,"_kad_post_classname":""},"product_brand":[],"product_cat":[16],"product_tag":[378,24,375,342,339,380,65,368,30,379,374,373],"class_list":{"0":"post-3079","1":"product","2":"type-product","3":"status-publish","4":"has-post-thumbnail","6":"product_cat-uhf-rfid-laundry-tags","7":"product_tag-laundry-management","8":"product_tag-laundry-rfid-tags","9":"product_tag-rfid-laundry-tag-7015mm","10":"product_tag-rfid-laundry-tags","11":"product_tag-rfid-washable-tags","12":"product_tag-smart-textile","13":"product_tag-textile-rfid-laundry-tags","14":"product_tag-textile-uhf-rfid-tags-labels","15":"product_tag-uhf-rfid-laundry-tag","16":"product_tag-uniform-management","17":"product_tag-washable-uhf-rfid-labels","18":"product_tag-washable-uhf-rfid-laundry-textile-labels","20":"first","21":"instock","22":"featured","23":"shipping-taxable","24":"product-type-simple","25":"entry","26":"content-bg","27":"loop-entry"},"_links":{"self":[{"href":"https:\/\/rfid-laundry-tag.com\/tr\/wp-json\/wp\/v2\/product\/3079","targetHints":{"allow":["GET"]}}],"collection":[{"href":"https:\/\/rfid-laundry-tag.com\/tr\/wp-json\/wp\/v2\/product"}],"about":[{"href":"https:\/\/rfid-laundry-tag.com\/tr\/wp-json\/wp\/v2\/types\/product"}],"version-history":[{"count":3,"href":"https:\/\/rfid-laundry-tag.com\/tr\/wp-json\/wp\/v2\/product\/3079\/revisions"}],"predecessor-version":[{"id":3170,"href":"https:\/\/rfid-laundry-tag.com\/tr\/wp-json\/wp\/v2\/product\/3079\/revisions\/3170"}],"wp:featuredmedia":[{"embeddable":true,"href":"https:\/\/rfid-laundry-tag.com\/tr\/wp-json\/wp\/v2\/media\/3080"}],"wp:attachment":[{"href":"https:\/\/rfid-laundry-tag.com\/tr\/wp-json\/wp\/v2\/media?parent=3079"}],"wp:term":[{"taxonomy":"product_brand","embeddable":true,"href":"https:\/\/rfid-laundry-tag.com\/tr\/wp-json\/wp\/v2\/product_brand?post=3079"},{"taxonomy":"product_cat","embeddable":true,"href":"https:\/\/rfid-laundry-tag.com\/tr\/wp-json\/wp\/v2\/product_cat?post=3079"},{"taxonomy":"product_tag","embeddable":true,"href":"https:\/\/rfid-laundry-tag.com\/tr\/wp-json\/wp\/v2\/product_tag?post=3079"}],"curies":[{"name":"wp","href":"https:\/\/api.w.org\/{rel}","templated":true}]}}