{"id":3074,"date":"2025-12-18T09:36:02","date_gmt":"2025-12-18T09:36:02","guid":{"rendered":"https:\/\/rfid-laundry-tag.com\/?post_type=product&#038;p=3074"},"modified":"2025-12-18T09:36:03","modified_gmt":"2025-12-18T09:36:03","slug":"washable-uhf-rfid-laundry-textile-labels","status":"publish","type":"product","link":"https:\/\/rfid-laundry-tag.com\/tr\/washable-uhf-rfid-laundry-textile-labels\/","title":{"rendered":"Y\u0131kanabilir UHF RFID \u00c7ama\u015f\u0131r Tekstil Etiketleri"},"content":{"rendered":"<div class=\"auto-hide-last-sibling-br paragraph_1252f paragraph-element\">\n<h2 class=\"auto-hide-last-sibling-br paragraph_1252f paragraph-element\">Y\u0131kanabilir UHF RFID \u00c7ama\u015f\u0131r Tekstil Etiketleri<\/h2>\n<div><\/div>\n<div data-spm-anchor-id=\"a2700.details.0.i57.23b419c7xXORP0\"><span data-spm-anchor-id=\"a2700.details.0.i75.23b419c7xXORP0\"><b>\u00d6zellik:<\/b><br \/>\n1) Ayn\u0131 anda y\u00fczlerce etiketi okuyabilen UHF teknolojisi.<br \/>\n2) 8 m~12 m&#039;den fazla okuma mesafesi.<br \/>\n3) D\u00fcz \u00e7ama\u015f\u0131rlarda performans\u0131n art\u0131r\u0131lmas\u0131 i\u00e7in yeni mekanik tasar\u0131m.<br \/>\n4) 60 bara kadar y\u00fcksek bas\u0131n\u00e7l\u0131 aspirat\u00f6rlere uygundur.<br \/>\n5) Otoklav sterilizasyonuna uygundur.<br \/>\n6) Tekstil, \u00e7ar\u015faf, giysi ve aksesuarlar i\u00e7in ideal, k\u00fc\u00e7\u00fck, yumu\u015fak, esnek malzeme.<\/span><\/div>\n<div data-spm-anchor-id=\"a2700.details.0.i57.23b419c7xXORP0\">\n<div class=\"entry-content-asset videofit\"><iframe title=\"12 m okuma mesafesi testine sahip Is\u0131tma Yap\u0131\u015fkanl\u0131 UHF RFID \u00c7ama\u015f\u0131r Etiketleri fabrikas\u0131\" src=\"https:\/\/www.youtube.com\/embed\/cOnG5fgEIs4?feature=oembed\" width=\"720\" height=\"405\" frameborder=\"0\" allowfullscreen=\"allowfullscreen\" data-mce-fragment=\"1\"><\/iframe><\/div>\n<\/div>\n<\/div>\n<div data-spm-anchor-id=\"a2700.details.0.i57.23b419c7xXORP0\"><\/div>\n<div data-spm-anchor-id=\"a2700.details.0.i57.23b419c7xXORP0\">\n<div class=\"text-content\" data-spm-anchor-id=\"a2700.details.0.i54.23b419c7xXORP0\">\n<table>\n<tbody>\n<tr>\n<td width=\"139\">\u00dcr\u00fcn Ad\u0131<\/td>\n<td width=\"600\">Y\u0131kanabilir UHF RFID \u00c7ama\u015f\u0131r Tekstil Etiketleri<\/td>\n<\/tr>\n<tr>\n<td width=\"139\">Malzeme<\/td>\n<td width=\"600\">Kuma\u015f\/Dokuma vb.<\/td>\n<\/tr>\n<tr>\n<td width=\"139\">\u00c7ip Modeli<\/td>\n<td width=\"600\">UCODE\u00ae 9<\/td>\n<\/tr>\n<tr>\n<td width=\"139\">Haf\u0131za<\/td>\n<td width=\"600\">EPC: 96 bit<\/td>\n<\/tr>\n<tr>\n<td width=\"139\">Protokol<\/td>\n<td width=\"600\">EPC C1 G2<\/td>\n<\/tr>\n<tr>\n<td width=\"139\">Boyut<\/td>\n<td width=\"600\">70*15mm, 86*16mm; 50*20mm; 72*16mm; 35*15mm vb.<\/td>\n<\/tr>\n<tr>\n<td width=\"139\">Renk<\/td>\n<td width=\"600\">Beyaz<\/td>\n<\/tr>\n<tr>\n<td width=\"139\">\u00c7al\u0131\u015fma Saatleri<\/td>\n<td width=\"600\">Ortalama 200 defa, baz\u0131lar\u0131 300 defadan fazla yapabiliyor.<\/td>\n<\/tr>\n<tr>\n<td width=\"139\">\u00c7al\u0131\u015fma S\u0131cakl\u0131\u011f\u0131<\/td>\n<td width=\"600\">-25\u2103 ile +150\u2103 aras\u0131<\/td>\n<\/tr>\n<tr>\n<td width=\"139\">Okuma Mesafesi<\/td>\n<td width=\"600\">3-10M<\/td>\n<\/tr>\n<tr>\n<td width=\"139\">Ba\u015fvuru<\/td>\n<td width=\"600\">\u00c7ama\u015f\u0131rhane \u00e7\u00f6z\u00fcm\u00fc, y\u0131kama ma\u011fazas\u0131, end\u00fcstriyel y\u0131kama, otel kuma\u015f y\u00f6netimi, s\u00fcpermarket\/kuma\u015f ma\u011fazas\u0131 y\u00f6netimi vb.<\/td>\n<\/tr>\n<\/tbody>\n<\/table>\n<\/div>\n<\/div>\n<div><\/div>\n<div>\n<p>&nbsp;<\/p>\n<h3>Y\u0131kanabilir UHF RFID \u00c7ama\u015f\u0131r Tekstil Etiketleri Nelerdir?<\/h3>\n<p>Y\u0131kanabilir RFID etiketleri, \u00f6zel bir t\u00fcrd\u00fcr.\u00a0<strong>RFID etiketi<\/strong>\u00a0\u00c7ama\u015f\u0131r y\u0131kama uygulamalar\u0131 i\u00e7in \u00f6zel olarak tasarlanm\u0131\u015ft\u0131r. Bu etiketler \u015funlar\u0131 kullan\u0131r:\u00a0<strong>y\u00fcksek performansl\u0131 RFID teknolojisi<\/strong>\u00a0Tekstil \u00fcr\u00fcnlerinin ya\u015fam d\u00f6ng\u00fcs\u00fc boyunca do\u011fru bir \u015fekilde izlenmesini ve y\u00f6netilmesini sa\u011flamak amac\u0131yla tasarlanm\u0131\u015ft\u0131r. Dayan\u0131kl\u0131 malzemelerden \u00fcretilen y\u0131kanabilir RFID etiketleri, y\u00fcksek s\u0131cakl\u0131klara maruz kalma ve tekrarlanan y\u0131kama d\u00f6ng\u00fcleri de dahil olmak \u00fczere end\u00fcstriyel \u00e7ama\u015f\u0131rhanenin zorluklar\u0131na dayanabilir.<\/p>\n<\/div>\n<h3 class=\"wp-block-heading\">Kurulum Nas\u0131l Yap\u0131l\u0131r<\/h3>\n<p><strong>Diki\u015f Etiketleme<\/strong>: Bir tekstilin ete\u011fine dikilecek. \u00c7ama\u015f\u0131r etiketini katlama \u00e7izgilerinden uza\u011fa dikin.<br \/>\n<strong>Is\u0131 S\u0131zd\u0131rmazl\u0131\u011f\u0131<\/strong>: +200\u00b0C (392\u00b0F) s\u0131cakl\u0131kta, 12~14 saniye boyunca do\u011frudan tekstil \u00fczerine \u0131s\u0131yla yap\u0131\u015ft\u0131r\u0131lmal\u0131d\u0131r.<br \/>\n<strong>Kese i\u00e7inde<\/strong>: Standart bak\u0131m etiketi gibi dikilmelidir. \u00c7ama\u015f\u0131r etiketini katlama \u00e7izgilerinden uza\u011fa dikin.<\/p>\n<h2>S\u0131k\u00e7a Sorulan Sorular (SSS) \u2013 Y\u0131kanabilir UHF RFID \u00c7ama\u015f\u0131r Tekstil Etiketleri<\/h2>\n<p>1. Y\u0131kanabilir UHF RFID \u00c7ama\u015f\u0131r Tekstil Etiketleri stok y\u00f6netimini nas\u0131l iyile\u015ftirir?<br \/>\nY\u0131kanabilir UHF RFID \u00c7ama\u015f\u0131r Tekstil Etiketleri, giysilerin hassas takibini sa\u011flayarak envanter y\u00f6netim s\u00fcrecini otomatikle\u015ftirir. UCODE\u00ae 9 \u00e7ipleri kullan\u0131larak i\u015fletmeler, her giysinin konumunu ve durumunu an\u0131nda izleyebilir, operasyonel verimlili\u011fi art\u0131rabilir ve manuel hatalar\u0131 azaltabilir.<\/p>\n<p>2. Y\u0131kanabilir UHF RFID \u00c7ama\u015f\u0131r Tekstil Etiketleri ne kadar dayan\u0131kl\u0131d\u0131r?<br \/>\nY\u0131kanabilir RFID etiketlerimiz, 200&#039;e kadar, baz\u0131 durumlarda ise 300&#039;den fazla y\u0131kama d\u00f6ng\u00fcs\u00fcne dayanacak \u015fekilde tasarlanm\u0131\u015ft\u0131r. Bu dayan\u0131kl\u0131l\u0131k, etiketlerin giysinin kullan\u0131m \u00f6mr\u00fc boyunca i\u015flevsel kalmas\u0131n\u0131 sa\u011flayarak de\u011fi\u015ftirme maliyetlerini d\u00fc\u015f\u00fcr\u00fcr.<\/p>\n<p>3. UHF uzun menzilli RFID teknolojisinin avantaj\u0131 nedir?<br \/>\nUHF uzun menzilli RFID etiketleri sayesinde giysiler daha uzun mesafelerde takip edilebiliyor ve bu da end\u00fcstriyel \u00e7ama\u015f\u0131rhaneler gibi y\u00fcksek hacimli ortamlarda i\u015flem s\u00fcrelerini h\u0131zland\u0131r\u0131yor. Bu teknoloji otomasyonu art\u0131rarak hizmet seviyelerini ve operasyonel verimlili\u011fi iyile\u015ftiriyor.<\/p>\n<p>4. RFID etiketleme, \u00e7ama\u015f\u0131rhane sekt\u00f6r\u00fcndeki yayg\u0131n sorunlara nas\u0131l \u00e7\u00f6z\u00fcm getiriyor?<br \/>\nRFID etiketleri, manuel takip hatalar\u0131n\u0131 azalt\u0131r, do\u011fru varl\u0131k y\u00f6netimini sa\u011flar ve giysilerin dayan\u0131kl\u0131l\u0131\u011f\u0131n\u0131 art\u0131r\u0131r. Takip i\u015flemlerini otomatikle\u015ftirerek i\u015fletmeler zamandan tasarruf edebilir, kay\u0131plar\u0131 azaltabilir ve karl\u0131l\u0131\u011f\u0131 art\u0131rabilir.<\/p>\n<p>5. Di\u011fer RFID etiketleri yerine neden sizin RFID etiketlerinizi tercih etmelisiniz?<br \/>\n15 y\u0131l\u0131 a\u015fk\u0131n deneyime sahip, ilk 5 RFID etiket \u00fcreticisinden biri olarak, b\u00fcy\u00fck \u00f6l\u00e7ekli giyim y\u00f6netimi i\u00e7in \u00f6zel olarak tasarlanm\u0131\u015f, y\u00fcksek kaliteli ve dayan\u0131kl\u0131 \u00e7\u00f6z\u00fcmler sunarak, maliyet etkin ve verimli operasyonlar sa\u011fl\u0131yoruz.<\/p>","protected":false},"excerpt":{"rendered":"<div class=\"elementor-element elementor-element-4f79c63 e-flex e-con-boxed e-con e-parent e-lazyloaded\" data-id=\"4f79c63\" data-element_type=\"container\" data-settings=\"{&quot;_ha_eqh_enable&quot;:false}\">\n<div class=\"e-con-inner\">\n<div class=\"elementor-element elementor-element-be3873c elementor-widget elementor-widget-woocommerce-product-short-description\" data-id=\"be3873c\" data-element_type=\"widget\" data-widget_type=\"woocommerce-product-short-description.default\">\n<div class=\"elementor-widget-container\">\n<div class=\"woocommerce-product-details__short-description\">\n<p><strong>Y\u0131kanabilir UHF RFID \u00c7ama\u015f\u0131r Tekstil Etiketleri<\/strong>, Genellikle RFID \u00e7ama\u015f\u0131r etiketleri olarak adland\u0131r\u0131lan bu etiketler, yumu\u015fak ancak sa\u011flam bir kau\u00e7uk d\u0131\u015f y\u00fczeye sahiptir. Esnek ve dayan\u0131kl\u0131 olacak \u015fekilde tasarlanan bu giysi etiketleri, 200 y\u0131kama d\u00f6ng\u00fcs\u00fcne ve 60 bar&#039;a kadar bas\u0131nca dayanabilir.<\/p>\n<\/div>\n<\/div>\n<\/div>\n<\/div>\n<\/div>\n<div class=\"elementor-element elementor-element-3ad806e e-flex e-con-boxed e-con e-parent e-lazyloaded\" data-id=\"3ad806e\" data-element_type=\"container\" data-settings=\"{&quot;_ha_eqh_enable&quot;:false}\">\n<div class=\"e-con-inner\">\n<div class=\"elementor-element elementor-element-362020f elementor-widget elementor-widget-woocommerce-product-data-tabs\" data-id=\"362020f\" data-element_type=\"widget\" data-widget_type=\"woocommerce-product-data-tabs.default\">\n<div class=\"elementor-widget-container\">\n<div class=\"woocommerce-tabs wc-tabs-wrapper\"><\/div>\n<\/div>\n<\/div>\n<\/div>\n<\/div>","protected":false},"featured_media":2870,"template":"","meta":{"_kad_post_transparent":"default","_kad_post_title":"","_kad_post_layout":"default","_kad_post_sidebar_id":"","_kad_post_content_style":"default","_kad_post_vertical_padding":"default","_kad_post_feature":"","_kad_post_feature_position":"","_kad_post_header":false,"_kad_post_footer":false,"_kad_post_classname":""},"product_brand":[],"product_cat":[19],"product_tag":[24,342,339,65,368,30,374,373],"class_list":{"0":"post-3074","1":"product","2":"type-product","3":"status-publish","4":"has-post-thumbnail","6":"product_cat-textile-rfid-laundry-tag","7":"product_tag-laundry-rfid-tags","8":"product_tag-rfid-laundry-tags","9":"product_tag-rfid-washable-tags","10":"product_tag-textile-rfid-laundry-tags","11":"product_tag-textile-uhf-rfid-tags-labels","12":"product_tag-uhf-rfid-laundry-tag","13":"product_tag-washable-uhf-rfid-labels","14":"product_tag-washable-uhf-rfid-laundry-textile-labels","16":"first","17":"instock","18":"featured","19":"shipping-taxable","20":"product-type-simple","21":"entry","22":"content-bg","23":"loop-entry"},"_links":{"self":[{"href":"https:\/\/rfid-laundry-tag.com\/tr\/wp-json\/wp\/v2\/product\/3074","targetHints":{"allow":["GET"]}}],"collection":[{"href":"https:\/\/rfid-laundry-tag.com\/tr\/wp-json\/wp\/v2\/product"}],"about":[{"href":"https:\/\/rfid-laundry-tag.com\/tr\/wp-json\/wp\/v2\/types\/product"}],"version-history":[{"count":1,"href":"https:\/\/rfid-laundry-tag.com\/tr\/wp-json\/wp\/v2\/product\/3074\/revisions"}],"predecessor-version":[{"id":3075,"href":"https:\/\/rfid-laundry-tag.com\/tr\/wp-json\/wp\/v2\/product\/3074\/revisions\/3075"}],"wp:featuredmedia":[{"embeddable":true,"href":"https:\/\/rfid-laundry-tag.com\/tr\/wp-json\/wp\/v2\/media\/2870"}],"wp:attachment":[{"href":"https:\/\/rfid-laundry-tag.com\/tr\/wp-json\/wp\/v2\/media?parent=3074"}],"wp:term":[{"taxonomy":"product_brand","embeddable":true,"href":"https:\/\/rfid-laundry-tag.com\/tr\/wp-json\/wp\/v2\/product_brand?post=3074"},{"taxonomy":"product_cat","embeddable":true,"href":"https:\/\/rfid-laundry-tag.com\/tr\/wp-json\/wp\/v2\/product_cat?post=3074"},{"taxonomy":"product_tag","embeddable":true,"href":"https:\/\/rfid-laundry-tag.com\/tr\/wp-json\/wp\/v2\/product_tag?post=3074"}],"curies":[{"name":"wp","href":"https:\/\/api.w.org\/{rel}","templated":true}]}}