{"id":306,"date":"2024-06-26T17:00:48","date_gmt":"2024-06-26T17:00:48","guid":{"rendered":"https:\/\/rfid-laundry-tag.com\/?post_type=product&#038;p=306"},"modified":"2024-06-26T17:08:25","modified_gmt":"2024-06-26T17:08:25","slug":"mifare-1k-rfid-patrol-disc-tag","status":"publish","type":"product","link":"https:\/\/rfid-laundry-tag.com\/tr\/mifare-1k-rfid-patrol-disc-tag\/","title":{"rendered":"Mifare 1k RFID Devriye Disk Etiketi"},"content":{"rendered":"<h2>Mifare 1k RFID Devriye Disk Etiketi<\/h2>\n<h2>Varl\u0131k Takibi i\u00e7in Sa\u011flam 13.56MHz Etiketi<\/h2>\n<p>Bu siyah ABS disk etiketi, zorlu ortamlar i\u00e7in sa\u011flam bir tasar\u0131m sunarak varl\u0131k takibi i\u00e7in g\u00fcvenilir bir se\u00e7imdir.<\/p>\n<p><strong>\u00d6zelle\u015ftirme:<\/strong><\/p>\n<ul>\n<li>Belirledi\u011finiz detaylarla \u00f6zel serigrafi bask\u0131 hizmeti sunuyoruz. Fiyatland\u0131rma ve bulunabilirlik i\u00e7in bizimle ileti\u015fime ge\u00e7in.<\/li>\n<\/ul>\n<p><strong>\u00d6zellikler:<\/strong><\/p>\n<ul>\n<li><strong>\u00c7ap:<\/strong>\u00a030mm<\/li>\n<li><strong>Kal\u0131nl\u0131k:<\/strong>\u00a02,3 mm (+\/- 0,1 mm)<\/li>\n<li><strong>Delik:<\/strong>\u00a03,3 mm (+\/- 0,1 mm)<\/li>\n<li><strong>Malzeme:<\/strong>\u00a0ABS, Ultrasonik kaynakl\u0131<\/li>\n<li><strong>A\u011f\u0131rl\u0131k:<\/strong>\u00a02,0 gr<\/li>\n<li><strong>\u00c7al\u0131\u015fma S\u0131cakl\u0131\u011f\u0131:<\/strong>\u00a0-25\u00b0C ile +70\u00b0C aras\u0131<\/li>\n<li><strong>Hassasiyet:<\/strong>\u00a027microT. 125kHz&#039;de okuma modu i\u00e7in RT&#039;de RMS<\/li>\n<\/ul>\n<p><strong>Mifare 1k S50 Classic \/ ISO14443A \u00d6zellikleri:<\/strong><\/p>\n<ul>\n<li><strong>\u00c7al\u0131\u015fma Frekans\u0131:<\/strong>\u00a013,56 MHz<\/li>\n<li><strong>Haf\u0131za:<\/strong>\u00a01 KB EEPROM Okuma\/Yazma, 4 bloktan olu\u015fan 16 sekt\u00f6r olarak d\u00fczenlenmi\u015ftir (her biri 16 bayt)<\/li>\n<li><strong>Tipik \u0130\u015flem S\u00fcresi:<\/strong>\u00a0&lt;100ms<\/li>\n<li><strong>Sabit Seri Numaras\u0131:<\/strong>\u00a0Benzersiz, 4 bayt<\/li>\n<li><strong>Dayan\u0131kl\u0131l\u0131\u011f\u0131 Yaz:<\/strong>\u00a0Minimum 100.000 \u00e7evrim<\/li>\n<\/ul>","protected":false},"excerpt":{"rendered":"<p>Bu dayan\u0131kl\u0131 siyah ABS disk etiketi, g\u00fcvenilir varl\u0131k takibi i\u00e7in \u00fcretilmi\u015f bir dizi pasif, temass\u0131z transponderin par\u00e7as\u0131d\u0131r. Etiketler, Mifare 1k S50 Classic \/ ISO14443A standard\u0131na uyan ve benzersiz 4 baytl\u0131k bir tan\u0131mlama numaras\u0131 i\u00e7eren y\u00fcksek frekansl\u0131 bir transponder kullan\u0131r.<\/p>","protected":false},"featured_media":307,"template":"","meta":{"_kad_post_transparent":"default","_kad_post_title":"","_kad_post_layout":"default","_kad_post_sidebar_id":"","_kad_post_content_style":"default","_kad_post_vertical_padding":"default","_kad_post_feature":"","_kad_post_feature_position":"","_kad_post_header":false,"_kad_post_footer":false,"_kad_post_classname":""},"product_brand":[],"product_cat":[54],"product_tag":[125,126],"class_list":{"0":"post-306","1":"product","2":"type-product","3":"status-publish","4":"has-post-thumbnail","6":"product_cat-hot-selling-rfid-tags","7":"product_tag-mifare-1k-rfid-patrol-disc-tag","8":"product_tag-rfid-patrol-disc-tag","10":"first","11":"instock","12":"shipping-taxable","13":"product-type-simple","14":"entry","15":"content-bg","16":"loop-entry"},"_links":{"self":[{"href":"https:\/\/rfid-laundry-tag.com\/tr\/wp-json\/wp\/v2\/product\/306","targetHints":{"allow":["GET"]}}],"collection":[{"href":"https:\/\/rfid-laundry-tag.com\/tr\/wp-json\/wp\/v2\/product"}],"about":[{"href":"https:\/\/rfid-laundry-tag.com\/tr\/wp-json\/wp\/v2\/types\/product"}],"version-history":[{"count":0,"href":"https:\/\/rfid-laundry-tag.com\/tr\/wp-json\/wp\/v2\/product\/306\/revisions"}],"wp:featuredmedia":[{"embeddable":true,"href":"https:\/\/rfid-laundry-tag.com\/tr\/wp-json\/wp\/v2\/media\/307"}],"wp:attachment":[{"href":"https:\/\/rfid-laundry-tag.com\/tr\/wp-json\/wp\/v2\/media?parent=306"}],"wp:term":[{"taxonomy":"product_brand","embeddable":true,"href":"https:\/\/rfid-laundry-tag.com\/tr\/wp-json\/wp\/v2\/product_brand?post=306"},{"taxonomy":"product_cat","embeddable":true,"href":"https:\/\/rfid-laundry-tag.com\/tr\/wp-json\/wp\/v2\/product_cat?post=306"},{"taxonomy":"product_tag","embeddable":true,"href":"https:\/\/rfid-laundry-tag.com\/tr\/wp-json\/wp\/v2\/product_tag?post=306"}],"curies":[{"name":"wp","href":"https:\/\/api.w.org\/{rel}","templated":true}]}}