{"id":304,"date":"2024-06-26T16:50:11","date_gmt":"2024-06-26T16:50:11","guid":{"rendered":"https:\/\/rfid-laundry-tag.com\/?post_type=product&#038;p=304"},"modified":"2024-06-26T17:00:07","modified_gmt":"2024-06-26T17:00:07","slug":"on-duty-ntag215-nfc-patrol-tag","status":"publish","type":"product","link":"https:\/\/rfid-laundry-tag.com\/tr\/on-duty-ntag215-nfc-patrol-tag\/","title":{"rendered":"G\u00f6revde Ntag215 NFC Devriye Etiketi"},"content":{"rendered":"<p><strong>G\u00f6revde Ntag215 NFC Devriye Etiketi <\/strong><\/p>\n<p>NTAG215, NXP Semiconductors taraf\u0131ndan perakende, oyun ve t\u00fcketici elektroni\u011fi gibi kitle pazar\u0131 uygulamalar\u0131nda NFC cihazlar\u0131 veya NFC uyumlu Yak\u0131nl\u0131k Ba\u011flant\u0131 Cihazlar\u0131 ile birlikte kullan\u0131lmak \u00fczere standart NFC etiket IC&#039;leri olarak geli\u015ftirilmi\u015ftir. NTAG215 (bundan sonra genel olarak NTAG21x olarak adland\u0131r\u0131l\u0131r) NFC Forum Tip 2 Etiketi ve ISO\/IEC14443 Tip A \u00f6zelliklerine tam olarak uyacak \u015fekilde tasarlanm\u0131\u015ft\u0131r. Bellek 504 Baytt\u0131r.<\/p>\n<table class=\"hight-light-first-column all magic-11\">\n<tbody>\n<tr>\n<td colspan=\"1\" rowspan=\"1\">\n<div class=\"magic-12\" data-spm-anchor-id=\"a2700.details.0.i57.12287cd6Tl6d8d\">Boyut<\/div>\n<\/td>\n<td colspan=\"4\" rowspan=\"1\">\n<div class=\"magic-13\">\u00c7ap 25mm<\/div>\n<\/td>\n<\/tr>\n<tr>\n<td colspan=\"1\" rowspan=\"1\">\n<div class=\"magic-12\">Renk<\/div>\n<\/td>\n<td colspan=\"4\" rowspan=\"1\">\n<div class=\"magic-16\">Siyah, Beyaz, Sar\u0131, K\u0131rm\u0131z\u0131 veya \u00f6zel<\/div>\n<\/td>\n<\/tr>\n<tr>\n<td colspan=\"1\" rowspan=\"1\">\n<div class=\"magic-12\">\u00c7ip<\/div>\n<\/td>\n<td colspan=\"4\" rowspan=\"1\">\n<div class=\"magic-13\">NTAG215<\/div>\n<\/td>\n<\/tr>\n<tr>\n<td colspan=\"1\" rowspan=\"1\">\n<div class=\"magic-12\">S\u0131kl\u0131k<\/div>\n<\/td>\n<td colspan=\"4\" rowspan=\"1\">\n<div class=\"magic-13\">13.56mhz<\/div>\n<\/td>\n<\/tr>\n<tr>\n<td colspan=\"1\" rowspan=\"1\">\n<div class=\"magic-12\">Protokol<\/div>\n<\/td>\n<td colspan=\"4\" rowspan=\"1\">\n<div class=\"magic-13\">ISO14443A, NFC Forum Tip 2<\/div>\n<\/td>\n<\/tr>\n<tr>\n<td colspan=\"1\" rowspan=\"1\">\n<div class=\"magic-12\">Malzeme<\/div>\n<\/td>\n<td colspan=\"4\" rowspan=\"1\">\n<div class=\"magic-13\">ABS<\/div>\n<\/td>\n<\/tr>\n<tr>\n<td colspan=\"1\" rowspan=\"1\">\n<div class=\"magic-12\">\u00c7al\u0131\u015fma s\u0131cakl\u0131\u011f\u0131<\/div>\n<\/td>\n<td colspan=\"4\" rowspan=\"1\">\n<div class=\"magic-13\">-20 ila 85 derece C<\/div>\n<\/td>\n<\/tr>\n<tr>\n<td colspan=\"1\" rowspan=\"1\">\n<div class=\"magic-12\">Ba\u015fvuru<\/div>\n<\/td>\n<td colspan=\"4\" rowspan=\"1\">\n<div class=\"magic-16\">\u00c7ama\u015f\u0131r zinciri, Sert kimyasal, \u00f6deme cihaz\u0131, d\u0131\u015f mekan kullan\u0131m\u0131, Kimyasal, End\u00fcstriyel, Lojistik, Devriye g\u00f6revlisi, \u00fcyelik, Nakliye konteyneri, paletler, vb.<\/div>\n<\/td>\n<\/tr>\n<tr>\n<td colspan=\"1\" rowspan=\"1\">\n<div class=\"magic-12\">Su Ge\u00e7irmezlik Derecesi<\/div>\n<\/td>\n<td colspan=\"4\" rowspan=\"1\">\n<div class=\"magic-16\">IP67<\/div>\n<\/td>\n<\/tr>\n<tr>\n<td colspan=\"1\" rowspan=\"1\">\n<div class=\"magic-12\">Okuma Aral\u0131\u011f\u0131<\/div>\n<\/td>\n<td colspan=\"4\" rowspan=\"1\">\n<div class=\"magic-16\">5-10 cm, okuyucuya ba\u011fl\u0131<\/div>\n<\/td>\n<\/tr>\n<tr>\n<td colspan=\"1\" rowspan=\"1\">\n<div class=\"magic-12\">El sanatlar\u0131<\/div>\n<\/td>\n<td colspan=\"4\" rowspan=\"1\">\n<div class=\"magic-16\">Lazerle Kaz\u0131nm\u0131\u015f Seri Numaras\u0131, barkod vb.<\/div>\n<\/td>\n<\/tr>\n<tr>\n<td colspan=\"1\" rowspan=\"1\">\n<div class=\"magic-12\">Montaj<\/div>\n<\/td>\n<td colspan=\"4\" rowspan=\"1\">\n<div class=\"magic-16\">Yap\u0131\u015ft\u0131r\u0131c\u0131 veya vida veya per\u00e7in ile<\/div>\n<\/td>\n<\/tr>\n<\/tbody>\n<\/table>\n<p>&nbsp;<\/p>\n<h2>G\u00f6rev Ba\u015f\u0131nda Ntag215 NFC Devriye Etiketi Uygulamas\u0131<\/h2>\n<p>Bu belgede Ntag215 NFC etiketinin devriye g\u00f6revi ba\u011flam\u0131nda olas\u0131 bir uygulamas\u0131 \u00f6zetlenmektedir.<\/p>\n<p><strong>Senaryo:<\/strong><\/p>\n<p>Bir g\u00fcvenlik g\u00f6revlisi veya devriye g\u00f6revlisinin vardiyalar\u0131 boyunca belirli konumlarda giri\u015f yapmas\u0131 gerekir. Ama\u00e7, bu giri\u015fleri kaydetme s\u00fcrecini otomatikle\u015ftirmek, ger\u00e7ek zamanl\u0131 konum verileri sa\u011flamak ve potansiyel olarak ek eylemleri tetiklemektir.<\/p>\n<p><strong>Ba\u015fvuru:<\/strong><\/p>\n<ol>\n<li><strong>NFC Devriye Etiketleri:<\/strong>\n<ul>\n<li>Ntag215 NFC etiketleri devriye g\u00fczergah\u0131ndaki stratejik noktalara (\u00f6rne\u011fin bina giri\u015fleri, g\u00fcvenlik kontrol noktalar\u0131, belirlenmi\u015f b\u00f6lgeler) tak\u0131l\u0131r.<\/li>\n<li>Her etikete benzersiz bir kimlik ve potansiyel olarak bir konum tan\u0131mlay\u0131c\u0131s\u0131 atan\u0131r.<\/li>\n<\/ul>\n<\/li>\n<li><strong>Mobil Uygulama:<\/strong>\n<ul>\n<li>G\u00fcvenlik g\u00f6revlileri \u00f6zel bir uygulamaya sahip ak\u0131ll\u0131 telefon veya tablet kullan\u0131rlar.<\/li>\n<li>Uygulama, basit bir dokunma veya yak\u0131nl\u0131k alg\u0131lama yoluyla NFC etiketine ba\u011flan\u0131yor.<\/li>\n<li>Bir etiketle temas kuruldu\u011funda uygulama:\n<ul>\n<li>Giri\u015fin saatini ve tarihini kaydeder.<\/li>\n<li>Etiketin kimli\u011fini ve muhtemelen konumunu kaydeder.<\/li>\n<li>Devriye g\u00f6revlisinin durumunu ve konumunu merkezi bir g\u00f6sterge panelinde otomatik olarak g\u00fcnceller.<\/li>\n<\/ul>\n<\/li>\n<\/ul>\n<\/li>\n<li><strong>Merkezi G\u00f6sterge Paneli:<\/strong>\n<ul>\n<li>Web tabanl\u0131 veya bulut tabanl\u0131 bir platform, devriye memurlar\u0131na ait ger\u00e7ek zamanl\u0131 bilgileri g\u00f6r\u00fcnt\u00fcler.<\/li>\n<li>Konumlar\u0131n\u0131, check-in saatlerini ve herhangi bir uyar\u0131y\u0131 g\u00f6rselle\u015ftirir.<\/li>\n<li>Bu g\u00f6sterge paneli ayr\u0131ca \u015funlar i\u00e7in de kullan\u0131labilir:\n<ul>\n<li>Ge\u00e7 giri\u015fler veya ka\u00e7\u0131r\u0131lan duraklar i\u00e7in bildirimleri tetikleyin.<\/li>\n<li>Performans y\u00f6netimi i\u00e7in aktiviteyi izleyin.<\/li>\n<li>Otomatik olarak raporlar ve g\u00fcnl\u00fckler olu\u015fturun.<\/li>\n<\/ul>\n<\/li>\n<\/ul>\n<\/li>\n<\/ol>\n<p><strong>Faydalar:<\/strong><\/p>\n<ul>\n<li><strong>Otomatik Giri\u015f:<\/strong>\u00a0Manuel kay\u0131t giri\u015flerini ve olas\u0131 hatalar\u0131 ortadan kald\u0131r\u0131r.<\/li>\n<li><strong>Ger\u00e7ek Zamanl\u0131 Konum Takibi:<\/strong>\u00a0Devriye memurlar\u0131n\u0131n pozisyonlar\u0131 hakk\u0131nda an\u0131nda bilgi sa\u011flar.<\/li>\n<li><strong>Geli\u015fmi\u015f Hesap Verebilirlik:<\/strong>\u00a0Devriye faaliyetlerinin g\u00fcvenilir bir denetim izini sunar.<\/li>\n<li><strong>Geli\u015fmi\u015f G\u00fcvenlik:<\/strong>\u00a0Olaylara ve uyar\u0131lara h\u0131zl\u0131 yan\u0131t verilmesini sa\u011flar.<\/li>\n<li><strong>Veriye Dayal\u0131 \u0130\u00e7g\u00f6r\u00fcler:<\/strong>\u00a0Devriye rotalar\u0131n\u0131n performans analizini ve optimizasyonunu destekler.<\/li>\n<\/ul>\n<p><strong>Uygulama Detaylar\u0131:<\/strong><\/p>\n<ul>\n<li><strong>Etiket Programlama:<\/strong>\u00a0Ntag215 etiketleri NFC ara\u00e7lar\u0131 kullan\u0131larak kolayca programlanabilir ve konum tan\u0131mlay\u0131c\u0131lar\u0131, eri\u015fim kodlar\u0131 veya uyar\u0131lar gibi bilgileri depolayabilir.<\/li>\n<li><strong>Mobil Uygulama Geli\u015ftirme:<\/strong>\u00a0Uygulaman\u0131n cihaz\u0131n NFC i\u015flevselli\u011finden yararlanarak etiketlerle g\u00fcvenli ileti\u015fim kurulmas\u0131n\u0131 sa\u011flamas\u0131 gerekiyor.<\/li>\n<li><strong>G\u00f6sterge Paneli Entegrasyonu:<\/strong>\u00a0Etiketlerden toplanan veriler bulut tabanl\u0131 bir platformla veya mevcut g\u00fcvenlik sistemleriyle entegre edilebilir.<\/li>\n<li><strong>Veri \u015eifreleme:<\/strong>\u00a0G\u00fcvenlik ve gizlilik i\u00e7in hassas veriler \u015fifrelenebilir.<\/li>\n<\/ul>\n<p><strong>Dikkat edilmesi gerekenler:<\/strong><\/p>\n<ul>\n<li><strong>Etiket Dayan\u0131kl\u0131l\u0131\u011f\u0131:<\/strong>\u00a0Ntag215 etiketleri \u00e7evresel etkenlere kar\u015f\u0131 dayan\u0131kl\u0131d\u0131r ancak uzun s\u00fcreli kullan\u0131m i\u00e7in uygun \u015fekilde monte edilmelidir.<\/li>\n<li><strong>A\u011f Ba\u011flant\u0131s\u0131:<\/strong>\u00a0Veri iletimi ve g\u00f6sterge paneline eri\u015fim i\u00e7in g\u00fcvenilir bir internet veya a\u011f ba\u011flant\u0131s\u0131na ihtiya\u00e7 vard\u0131r.<\/li>\n<li><strong>Gizlilik ve G\u00fcvenlik:<\/strong>\u00a0Uygun g\u00fcvenlik \u00f6nlemlerini ve veri gizlili\u011fi protokollerini uygulay\u0131n.<\/li>\n<li><strong>Maliyet Analizi:<\/strong>\u00a0Etiketlerin, uygulama geli\u015ftirmenin ve potansiyel bulut altyap\u0131s\u0131n\u0131n maliyetlerini g\u00f6z \u00f6n\u00fcnde bulundurun.<\/li>\n<\/ul>\n<p>&nbsp;<\/p>\n<p>&nbsp;<\/p>","protected":false},"excerpt":{"rendered":"<p>Ntag215 NFC etiketi, devriye verimlili\u011fini ve g\u00fcvenli\u011fini iyile\u015ftirmek i\u00e7in de\u011ferli bir ara\u00e7 sunar. Bu uygulama devriye s\u00fcre\u00e7lerini kolayla\u015ft\u0131rabilir, hesap verebilirli\u011fi art\u0131rabilir ve daha iyi karar alma i\u00e7in de\u011ferli veri i\u00e7g\u00f6r\u00fcleri sa\u011flayabilir.<\/p>","protected":false},"featured_media":305,"template":"","meta":{"_kad_post_transparent":"default","_kad_post_title":"","_kad_post_layout":"default","_kad_post_sidebar_id":"","_kad_post_content_style":"default","_kad_post_vertical_padding":"default","_kad_post_feature":"","_kad_post_feature_position":"","_kad_post_header":false,"_kad_post_footer":false,"_kad_post_classname":""},"product_brand":[],"product_cat":[54],"product_tag":[118,124],"class_list":{"0":"post-304","1":"product","2":"type-product","3":"status-publish","4":"has-post-thumbnail","6":"product_cat-hot-selling-rfid-tags","7":"product_tag-anti-metal-nfc-patrol-tag","8":"product_tag-on-duty-ntag215-nfc-patrol-tag","10":"first","11":"instock","12":"shipping-taxable","13":"product-type-simple","14":"entry","15":"content-bg","16":"loop-entry"},"_links":{"self":[{"href":"https:\/\/rfid-laundry-tag.com\/tr\/wp-json\/wp\/v2\/product\/304","targetHints":{"allow":["GET"]}}],"collection":[{"href":"https:\/\/rfid-laundry-tag.com\/tr\/wp-json\/wp\/v2\/product"}],"about":[{"href":"https:\/\/rfid-laundry-tag.com\/tr\/wp-json\/wp\/v2\/types\/product"}],"version-history":[{"count":0,"href":"https:\/\/rfid-laundry-tag.com\/tr\/wp-json\/wp\/v2\/product\/304\/revisions"}],"wp:featuredmedia":[{"embeddable":true,"href":"https:\/\/rfid-laundry-tag.com\/tr\/wp-json\/wp\/v2\/media\/305"}],"wp:attachment":[{"href":"https:\/\/rfid-laundry-tag.com\/tr\/wp-json\/wp\/v2\/media?parent=304"}],"wp:term":[{"taxonomy":"product_brand","embeddable":true,"href":"https:\/\/rfid-laundry-tag.com\/tr\/wp-json\/wp\/v2\/product_brand?post=304"},{"taxonomy":"product_cat","embeddable":true,"href":"https:\/\/rfid-laundry-tag.com\/tr\/wp-json\/wp\/v2\/product_cat?post=304"},{"taxonomy":"product_tag","embeddable":true,"href":"https:\/\/rfid-laundry-tag.com\/tr\/wp-json\/wp\/v2\/product_tag?post=304"}],"curies":[{"name":"wp","href":"https:\/\/api.w.org\/{rel}","templated":true}]}}