{"id":302,"date":"2024-06-26T16:45:35","date_gmt":"2024-06-26T16:45:35","guid":{"rendered":"https:\/\/rfid-laundry-tag.com\/?post_type=product&#038;p=302"},"modified":"2024-06-26T16:49:46","modified_gmt":"2024-06-26T16:49:46","slug":"on-duty-ntag213-nfc-patrol-tag","status":"publish","type":"product","link":"https:\/\/rfid-laundry-tag.com\/tr\/on-duty-ntag213-nfc-patrol-tag\/","title":{"rendered":"G\u00f6revde Ntag213 NFC Devriye Etiketi"},"content":{"rendered":"<p><strong>G\u00f6revde Ntag213 NFC Devriye Etiketi<\/strong><\/p>\n<p>NTAG213, NTAG215 ve NTAG216, NXP Semiconductors taraf\u0131ndan perakende, oyun ve t\u00fcketici elektroni\u011fi gibi kitle pazar\u0131 uygulamalar\u0131nda NFC cihazlar\u0131 veya NFC uyumlu Yak\u0131nl\u0131k Ba\u011flant\u0131 Cihazlar\u0131 ile birlikte kullan\u0131lmak \u00fczere standart NFC etiket IC&#039;leri olarak geli\u015ftirilmi\u015ftir. NTAG213, NTAG215 ve NTAG216 (bundan sonra genel olarak NTAG21x olarak adland\u0131r\u0131lacakt\u0131r) NFC Forum Tip 2 Etiketi ve ISO\/IEC14443 Tip A spesifikasyonlar\u0131na tam olarak uyacak \u015fekilde tasarlanm\u0131\u015ft\u0131r.<\/p>\n<table class=\"hight-light-first-column all magic-11\">\n<tbody>\n<tr>\n<td colspan=\"1\" rowspan=\"1\">\n<div class=\"magic-12\" data-spm-anchor-id=\"a2700.details.0.i57.12287cd6Tl6d8d\">Boyut<\/div>\n<\/td>\n<td colspan=\"4\" rowspan=\"1\">\n<div class=\"magic-13\">\u00c7ap 25mm<\/div>\n<\/td>\n<\/tr>\n<tr>\n<td colspan=\"1\" rowspan=\"1\">\n<div class=\"magic-12\">Renk<\/div>\n<\/td>\n<td colspan=\"4\" rowspan=\"1\">\n<div class=\"magic-16\">Siyah, Beyaz, Sar\u0131, K\u0131rm\u0131z\u0131 veya \u00f6zel<\/div>\n<\/td>\n<\/tr>\n<tr>\n<td colspan=\"1\" rowspan=\"1\">\n<div class=\"magic-12\">\u00c7ip<\/div>\n<\/td>\n<td colspan=\"4\" rowspan=\"1\">\n<div class=\"magic-13\">NTAG213, NTAG215, NTAG216<\/div>\n<\/td>\n<\/tr>\n<tr>\n<td colspan=\"1\" rowspan=\"1\">\n<div class=\"magic-12\">S\u0131kl\u0131k<\/div>\n<\/td>\n<td colspan=\"4\" rowspan=\"1\">\n<div class=\"magic-13\">13.56mhz<\/div>\n<\/td>\n<\/tr>\n<tr>\n<td colspan=\"1\" rowspan=\"1\">\n<div class=\"magic-12\">Protokol<\/div>\n<\/td>\n<td colspan=\"4\" rowspan=\"1\">\n<div class=\"magic-13\">ISO14443A, NFC Forum Tip 2<\/div>\n<\/td>\n<\/tr>\n<tr>\n<td colspan=\"1\" rowspan=\"1\">\n<div class=\"magic-12\">Malzeme<\/div>\n<\/td>\n<td colspan=\"4\" rowspan=\"1\">\n<div class=\"magic-13\">ABS<\/div>\n<\/td>\n<\/tr>\n<tr>\n<td colspan=\"1\" rowspan=\"1\">\n<div class=\"magic-12\">\u00c7al\u0131\u015fma s\u0131cakl\u0131\u011f\u0131<\/div>\n<\/td>\n<td colspan=\"4\" rowspan=\"1\">\n<div class=\"magic-13\">-20 ila 85 derece C<\/div>\n<\/td>\n<\/tr>\n<tr>\n<td colspan=\"1\" rowspan=\"1\">\n<div class=\"magic-12\">Ba\u015fvuru<\/div>\n<\/td>\n<td colspan=\"4\" rowspan=\"1\">\n<div class=\"magic-16\">\u00c7ama\u015f\u0131r zinciri, Sert kimyasal, \u00f6deme cihaz\u0131, d\u0131\u015f mekan kullan\u0131m\u0131, Kimyasal, End\u00fcstriyel, Lojistik, Devriye g\u00f6revlisi, \u00fcyelik, Nakliye konteyneri, paletler, vb.<\/div>\n<\/td>\n<\/tr>\n<tr>\n<td colspan=\"1\" rowspan=\"1\">\n<div class=\"magic-12\">Su Ge\u00e7irmezlik Derecesi<\/div>\n<\/td>\n<td colspan=\"4\" rowspan=\"1\">\n<div class=\"magic-16\">IP67<\/div>\n<\/td>\n<\/tr>\n<tr>\n<td colspan=\"1\" rowspan=\"1\">\n<div class=\"magic-12\">Okuma Aral\u0131\u011f\u0131<\/div>\n<\/td>\n<td colspan=\"4\" rowspan=\"1\">\n<div class=\"magic-16\">5-10 cm, okuyucuya ba\u011fl\u0131<\/div>\n<\/td>\n<\/tr>\n<tr>\n<td colspan=\"1\" rowspan=\"1\">\n<div class=\"magic-12\">El sanatlar\u0131<\/div>\n<\/td>\n<td colspan=\"4\" rowspan=\"1\">\n<div class=\"magic-16\">Lazerle Kaz\u0131nm\u0131\u015f Seri Numaras\u0131, barkod vb.<\/div>\n<\/td>\n<\/tr>\n<tr>\n<td colspan=\"1\" rowspan=\"1\">\n<div class=\"magic-12\">Montaj<\/div>\n<\/td>\n<td colspan=\"4\" rowspan=\"1\">\n<div class=\"magic-16\">Yap\u0131\u015ft\u0131r\u0131c\u0131 veya vida veya per\u00e7in ile<\/div>\n<\/td>\n<\/tr>\n<\/tbody>\n<\/table>\n<h2>G\u00f6rev Ba\u015f\u0131nda NTAG213 NFC Devriye Etiketi Uygulamalar\u0131<\/h2>\n<p>G\u00f6revde NTAG213 NFC Devriye Etiketi, \u00e7e\u015fitli uygulamalarda g\u00fcvenli\u011fi, verimlili\u011fi ve izlemeyi geli\u015ftirmek i\u00e7in \u00e7ok y\u00f6nl\u00fc bir ara\u00e7t\u0131r. \u0130\u015fte baz\u0131 \u00f6rnekler:<\/p>\n<p><strong>G\u00fcvenlik ve Eri\u015fim Kontrol\u00fc:<\/strong><\/p>\n<ul>\n<li><strong>Devriye Muhaf\u0131z\u0131:<\/strong>\u00a0Etiketler, bireysel g\u00fcvenlik g\u00f6revlilerine atanabilir ve bu sayede konumlar\u0131n\u0131n ve faaliyetlerinin ger\u00e7ek zamanl\u0131 olarak izlenmesine olanak tan\u0131r. Bu, devriye rotalar\u0131n\u0131n izlenmesine, zaman\u0131nda yan\u0131tlar\u0131n sa\u011flanmas\u0131na ve belirlenen kontrol noktalar\u0131nda varl\u0131\u011f\u0131n kan\u0131t\u0131n\u0131n sa\u011flanmas\u0131na yard\u0131mc\u0131 olur.<\/li>\n<li><strong>Eri\u015fim Kontrol\u00fc:<\/strong>\u00a0Bir NFC okuyucu sistemiyle entegre edilen etiketler, kullan\u0131c\u0131 kimli\u011fi ve yetkilendirme d\u00fczeylerine g\u00f6re belirli alanlara veya kaynaklara eri\u015fim izni verebilir veya eri\u015fimi reddedebilir. Bu, g\u00fcvenli\u011fi art\u0131r\u0131r ve yetkisiz giri\u015fi k\u0131s\u0131tlar.<\/li>\n<li><strong>Varl\u0131k Takibi:<\/strong>\u00a0De\u011ferli ekipman veya varl\u0131klara konumlar\u0131n\u0131, hareketlerini ve kullan\u0131mlar\u0131n\u0131 izlemek i\u00e7in etiketler tak\u0131n. Bu, h\u0131rs\u0131zl\u0131\u011f\u0131 \u00f6nlemeye, envanter y\u00f6netimini optimize etmeye ve ekipman bak\u0131m programlar\u0131n\u0131 izlemeye yard\u0131mc\u0131 olur.<\/li>\n<\/ul>\n<p><strong>\u0130\u015f Ak\u0131\u015f\u0131 ve Verimlilik:<\/strong><\/p>\n<ul>\n<li><strong>\u0130\u015f Emri Takibi:<\/strong>\u00a0Etiketler, i\u015f emirlerini kaydetmek ve izlemek, ger\u00e7ek zamanl\u0131 durum g\u00fcncellemeleri sa\u011flamak ve verimli i\u015f ak\u0131\u015f\u0131 y\u00f6netimini kolayla\u015ft\u0131rmak i\u00e7in kullan\u0131labilir.<\/li>\n<li><strong>Zaman ve Kat\u0131l\u0131m:<\/strong>\u00a0\u00c7al\u0131\u015fanlar\u0131n var\u0131\u015f ve ayr\u0131l\u0131\u015f saatlerini kaydetmek, do\u011frulu\u011fu art\u0131rmak ve manuel zaman tutma hatalar\u0131n\u0131 ortadan kald\u0131rmak i\u00e7in etiketleri NFC \u00f6zellikli zaman saatleriyle entegre edin.<\/li>\n<li><strong>Stok Y\u00f6netimi:<\/strong>\u00a0Otomatik stok y\u00f6netimi i\u00e7in envanter \u00f6\u011felerine etiketler ekleyin, manuel say\u0131m\u0131 azalt\u0131n ve envanter seviyelerinin ger\u00e7ek zamanl\u0131 g\u00f6r\u00fcn\u00fcrl\u00fc\u011f\u00fcn\u00fc sa\u011flay\u0131n.<\/li>\n<\/ul>\n<p><strong>Di\u011fer Uygulamalar:<\/strong><\/p>\n<ul>\n<li><strong>Etkinlik Biletleme:<\/strong>\u00a0Etiketler etkinlik bileti g\u00f6revi g\u00f6rebilir, giri\u015f kontrol\u00fc sa\u011flayabilir, kat\u0131l\u0131mc\u0131lar\u0131n \u00f6zel i\u00e7eriklere eri\u015fmesine olanak tan\u0131yabilir ve sorunsuz i\u015flemlere olanak sa\u011flayabilir.<\/li>\n<li><strong>Sadakat Programlar\u0131:<\/strong>\u00a0Sad\u0131k m\u00fc\u015fterilerinize ki\u015fiselle\u015ftirilmi\u015f \u00f6d\u00fcller, indirimler ve \u00f6zel avantajlar sunmak i\u00e7in etiketleri sadakat programlar\u0131yla entegre edin.<\/li>\n<li><strong>Veri Depolama:<\/strong>\u00a0Etiketin belle\u011fi, \u00fcr\u00fcn \u00f6zellikleri, bak\u0131m kay\u0131tlar\u0131 veya \u00fcr\u00fcn k\u00f6keni gibi bilgileri depolamak i\u00e7in kullan\u0131labilir. Bu, NFC \u00f6zellikli cihazlar arac\u0131l\u0131\u011f\u0131yla ilgili verilere kolay eri\u015fim sa\u011flar.<\/li>\n<\/ul>\n<p><strong>NTAG213 NFC Patrol Etiketlerini Kullanman\u0131n Faydalar\u0131:<\/strong><\/p>\n<ul>\n<li><strong>Geli\u015fmi\u015f G\u00fcvenlik:<\/strong>\u00a0Eri\u015fim, varl\u0131k takibi ve \u00e7al\u0131\u015fan faaliyetleri \u00fczerinde art\u0131r\u0131lm\u0131\u015f kontrol.<\/li>\n<li><strong>Geli\u015fmi\u015f Verimlilik:<\/strong>\u00a0D\u00fczg\u00fcnle\u015ftirilmi\u015f i\u015f ak\u0131\u015flar\u0131, otomatik veri yakalama ve azalt\u0131lm\u0131\u015f manuel s\u00fcre\u00e7ler.<\/li>\n<li><strong>Ger\u00e7ek Zamanl\u0131 Takip:<\/strong>\u00a0Varl\u0131klar\u0131n, personelin ve faaliyetlerin s\u00fcrekli izlenmesi.<\/li>\n<li><strong>Maliyet Etkinli\u011fi:<\/strong>\u00a0Manuel s\u00fcre\u00e7lere olan ba\u011f\u0131ml\u0131l\u0131\u011f\u0131 azalt\u0131r, potansiyel olarak zamandan ve kaynaklardan tasarruf sa\u011flar.<\/li>\n<li><strong>Kullan\u0131c\u0131 dostu:<\/strong>\u00a0Mevcut sistemlerle kolay entegrasyon ve NFC \u00f6zellikli cihazlar arac\u0131l\u0131\u011f\u0131yla kullan\u0131c\u0131 dostu etkile\u015fim.<\/li>\n<\/ul>\n<p><strong>Genel olarak, NTAG213 NFC Devriye Etiketi, kurulu\u015flar\u0131n g\u00fcvenli\u011fi iyile\u015ftirmesine, i\u015f ak\u0131\u015flar\u0131n\u0131 optimize etmesine ve operasyonel verimlili\u011fi art\u0131rmas\u0131na olanak tan\u0131yan \u00e7ok \u00e7e\u015fitli uygulamalar i\u00e7in sa\u011flam ve \u00e7ok y\u00f6nl\u00fc bir \u00e7\u00f6z\u00fcm sunar.<\/strong><\/p>","protected":false},"excerpt":{"rendered":"<p>G\u00f6revde Ntag213 NFC Devriye Etiketi: normal NFC etiketleri metal y\u00fczeylerde iyi \u00e7al\u0131\u015fmaz. Bunun nedeni metalin ileti\u015fim i\u00e7in kullan\u0131lan elektromanyetik sinyalleri bozmas\u0131d\u0131r. Ancak, yeni bir etiket t\u00fcr\u00fc, <strong>Metal \u00dczeri NFC Etiketleri<\/strong>, bu sorunu \u00e7\u00f6zer. Bu etiketler, metal veya di\u011fer iletken malzemeler \u00fczerinde kusursuz bir \u015fekilde \u00e7al\u0131\u015fmak \u00fczere \u00f6zel olarak tasarlanm\u0131\u015ft\u0131r. Metalin bol oldu\u011fu ortamlarda NFC uygulamalar\u0131 i\u00e7in bir at\u0131l\u0131m\u0131 temsil ederler.<\/p>","protected":false},"featured_media":303,"template":"","meta":{"_kad_post_transparent":"default","_kad_post_title":"","_kad_post_layout":"default","_kad_post_sidebar_id":"","_kad_post_content_style":"default","_kad_post_vertical_padding":"default","_kad_post_feature":"","_kad_post_feature_position":"","_kad_post_header":false,"_kad_post_footer":false,"_kad_post_classname":""},"product_brand":[],"product_cat":[54],"product_tag":[118,123],"class_list":{"0":"post-302","1":"product","2":"type-product","3":"status-publish","4":"has-post-thumbnail","6":"product_cat-hot-selling-rfid-tags","7":"product_tag-anti-metal-nfc-patrol-tag","8":"product_tag-on-duty-ntag213-nfc-patrol-tag","10":"first","11":"instock","12":"shipping-taxable","13":"product-type-simple","14":"entry","15":"content-bg","16":"loop-entry"},"_links":{"self":[{"href":"https:\/\/rfid-laundry-tag.com\/tr\/wp-json\/wp\/v2\/product\/302","targetHints":{"allow":["GET"]}}],"collection":[{"href":"https:\/\/rfid-laundry-tag.com\/tr\/wp-json\/wp\/v2\/product"}],"about":[{"href":"https:\/\/rfid-laundry-tag.com\/tr\/wp-json\/wp\/v2\/types\/product"}],"version-history":[{"count":0,"href":"https:\/\/rfid-laundry-tag.com\/tr\/wp-json\/wp\/v2\/product\/302\/revisions"}],"wp:featuredmedia":[{"embeddable":true,"href":"https:\/\/rfid-laundry-tag.com\/tr\/wp-json\/wp\/v2\/media\/303"}],"wp:attachment":[{"href":"https:\/\/rfid-laundry-tag.com\/tr\/wp-json\/wp\/v2\/media?parent=302"}],"wp:term":[{"taxonomy":"product_brand","embeddable":true,"href":"https:\/\/rfid-laundry-tag.com\/tr\/wp-json\/wp\/v2\/product_brand?post=302"},{"taxonomy":"product_cat","embeddable":true,"href":"https:\/\/rfid-laundry-tag.com\/tr\/wp-json\/wp\/v2\/product_cat?post=302"},{"taxonomy":"product_tag","embeddable":true,"href":"https:\/\/rfid-laundry-tag.com\/tr\/wp-json\/wp\/v2\/product_tag?post=302"}],"curies":[{"name":"wp","href":"https:\/\/api.w.org\/{rel}","templated":true}]}}