{"id":299,"date":"2024-06-26T15:49:09","date_gmt":"2024-06-26T15:49:09","guid":{"rendered":"https:\/\/rfid-laundry-tag.com\/?post_type=product&#038;p=299"},"modified":"2024-06-26T15:49:09","modified_gmt":"2024-06-26T15:49:09","slug":"uhf-industrial-on-metal-rfid-tags","status":"publish","type":"product","link":"https:\/\/rfid-laundry-tag.com\/tr\/uhf-industrial-on-metal-rfid-tags\/","title":{"rendered":"UHF End\u00fcstriyel Metal RFID Etiketleri"},"content":{"rendered":"<table class=\"has-title all magic-4\">\n<tbody>\n<tr>\n<td colspan=\"1\" rowspan=\"1\">\n<div class=\"magic-5\" data-spm-anchor-id=\"a2700.details.0.i63.6b4c1284UGSrnr\">Malzeme<\/div>\n<\/td>\n<td colspan=\"1\" rowspan=\"1\">\n<div class=\"magic-6\">ABS<\/div>\n<\/td>\n<\/tr>\n<tr>\n<td colspan=\"1\" rowspan=\"1\">\n<div class=\"magic-5\">Boyut<\/div>\n<\/td>\n<td colspan=\"1\" rowspan=\"1\">\n<div class=\"magic-6\">78x31x10mm veya \u00f6zelle\u015ftirilmi\u015f<\/div>\n<\/td>\n<\/tr>\n<tr>\n<td colspan=\"1\" rowspan=\"1\">\n<div class=\"magic-5\">S\u0131kl\u0131k<\/div>\n<\/td>\n<td colspan=\"1\" rowspan=\"1\">\n<div class=\"magic-6\">860-960mhz<\/div>\n<\/td>\n<\/tr>\n<tr>\n<td colspan=\"1\" rowspan=\"1\">\n<div class=\"magic-5\">IC Tipi (\u00e7ip)<\/div>\n<\/td>\n<td colspan=\"1\" rowspan=\"1\">\n<div class=\"magic-6\">Impinj Monza R6P<\/div>\n<\/td>\n<\/tr>\n<tr>\n<td colspan=\"1\" rowspan=\"1\">\n<div class=\"magic-5\">Protokol<\/div>\n<\/td>\n<td colspan=\"1\" rowspan=\"1\">\n<div class=\"magic-6\" data-spm-anchor-id=\"a2700.details.0.i64.6b4c1284UGSrnr\">EPC Global S\u0131n\u0131f 1 Gen2 ve ISO18000-6C<\/div>\n<\/td>\n<\/tr>\n<tr>\n<td colspan=\"1\" rowspan=\"1\">\n<div class=\"magic-7\">Haf\u0131za<\/div>\n<\/td>\n<td colspan=\"1\" rowspan=\"1\">\n<div class=\"magic-6\">EPC 128 bit, Kullan\u0131c\u0131 32 bit<\/div>\n<\/td>\n<\/tr>\n<tr>\n<td colspan=\"1\" rowspan=\"1\">\n<div class=\"magic-5\">Etiket Form Fakt\u00f6r\u00fc<\/div>\n<\/td>\n<td colspan=\"1\" rowspan=\"1\">\n<div class=\"magic-6\">Sert etiket<\/div>\n<\/td>\n<\/tr>\n<tr>\n<td colspan=\"1\" rowspan=\"1\">\n<div class=\"magic-5\">Ek Y\u00f6ntemi<\/div>\n<\/td>\n<td colspan=\"1\" rowspan=\"1\">\n<div class=\"magic-6\">Vida sabitleme, film yap\u0131\u015ft\u0131r\u0131c\u0131<\/div>\n<\/td>\n<\/tr>\n<tr>\n<td colspan=\"1\" rowspan=\"1\">\n<div class=\"magic-5\">\u00c7al\u0131\u015fma S\u0131cakl\u0131\u011f\u0131<\/div>\n<\/td>\n<td colspan=\"1\" rowspan=\"1\">\n<div class=\"magic-6\">-35 \u00b0C \/ +90 \u00b0C<\/div>\n<\/td>\n<\/tr>\n<tr>\n<td colspan=\"1\" rowspan=\"1\">\n<div class=\"magic-5\">Okuma Mesafesi<\/div>\n<\/td>\n<td colspan=\"1\" rowspan=\"1\">\n<div class=\"magic-6\">10m&#039;ye kadar<\/div>\n<\/td>\n<\/tr>\n<tr>\n<td colspan=\"1\" rowspan=\"1\">\n<div class=\"magic-8\">Uygulanabilir Y\u00fczey Malzemeleri<\/div>\n<\/td>\n<td colspan=\"1\" rowspan=\"1\">\n<div class=\"magic-6\">Metal ve metal olmayan y\u00fczeyler<\/div>\n<\/td>\n<\/tr>\n<tr>\n<td colspan=\"1\" rowspan=\"1\">\n<div class=\"magic-7\">IP Derecelendirmesi<\/div>\n<\/td>\n<td colspan=\"1\" rowspan=\"1\">\n<div class=\"magic-6\">IP68<\/div>\n<\/td>\n<\/tr>\n<tr>\n<td colspan=\"1\" rowspan=\"1\">\n<div class=\"magic-7\">Ba\u015fvuru<\/div>\n<\/td>\n<td colspan=\"1\" rowspan=\"1\">\n<div class=\"magic-6\" data-spm-anchor-id=\"a2700.details.0.i62.6b4c1284UGSrnr\">Varl\u0131klar, a\u011f\u0131r sanayi ve d\u0131\u015f mekan kullan\u0131m\u0131 i\u00e7in<\/div>\n<\/td>\n<\/tr>\n<\/tbody>\n<\/table>\n<p>&nbsp;<\/p>\n<h2>End\u00fcstriyel Ortamlar \u0130\u00e7in UHF RFID Etiketleri<\/h2>\n<p><strong>\u00d6zellikler:<\/strong><\/p>\n<ul>\n<li><strong>End\u00fcstri Standard\u0131 Uyumlulu\u011fu:<\/strong>\u00a0Mevcut UHF RFID sistemleriyle kusursuz entegrasyonu garanti eden ISO18000-6C (EPC C1G2) standard\u0131na uygundur.<\/li>\n<li><strong>Evrensel Y\u00fczey Uyumlulu\u011fu:<\/strong>\u00a0Metal, plastik ve hatta s\u0131v\u0131lar gibi \u00e7e\u015fitli y\u00fczeylere yap\u0131\u015fabilme \u00f6zelli\u011fi sayesinde \u00e7e\u015fitli uygulamalar i\u00e7in idealdir.<\/li>\n<li><strong>\u00dcst\u00fcn Dayan\u0131kl\u0131l\u0131k:<\/strong>\u00a0Toz ve su giri\u015fine kar\u015f\u0131 ola\u011fan\u00fcst\u00fc dayan\u0131kl\u0131l\u0131k sa\u011flayan IP68 s\u0131n\u0131f\u0131, zorlu ortamlarda g\u00fcvenilir \u00e7al\u0131\u015fmay\u0131 garanti eder.<\/li>\n<li><strong>Tavizsiz Performans:<\/strong>\u00a0Hem su ge\u00e7irmez hem de \u00e7arp\u0131\u015fmaya dayan\u0131kl\u0131 olarak tasarlanan bu \u00fcr\u00fcn, zorlu ko\u015fullarda bile do\u011fru ve tutarl\u0131 okumalar sa\u011fl\u0131yor.<\/li>\n<\/ul>\n<p><strong>Uygulamalar:<\/strong><\/p>\n<ul>\n<li><strong>Varl\u0131k Y\u00f6netimi:<\/strong>\u00a0De\u011ferli ekipman ve varl\u0131klar\u0131n\u0131z\u0131n yerini ve durumunu takip edin.<\/li>\n<li><strong>Tedarik Zinciri Optimizasyonu:<\/strong>\u00a0Envanteri, ara\u00e7lar\u0131 ve par\u00e7alar\u0131 etkin bir \u015fekilde takip ederek lojistik ve otomotiv s\u00fcre\u00e7lerini kolayla\u015ft\u0131r\u0131n.<\/li>\n<li><strong>\u00dcretim Verimlili\u011fi:<\/strong>\u00a0\u00dcretim s\u00fcre\u00e7lerini optimize edin ve verimlili\u011fi art\u0131rmak i\u00e7in \u00e7al\u0131\u015fan \u00fcretkenli\u011fini izleyin.<\/li>\n<li><strong>Kaynak Y\u00f6netimi ve G\u00fcvenlik:<\/strong>\u00a0Petrol, gaz ve madencilik gibi zorlu ortamlarda ekipman ve kaynaklar\u0131n g\u00fcvenilir \u015fekilde izlenmesini sa\u011flarken, ayn\u0131 zamanda \u00e7al\u0131\u015fan g\u00fcvenli\u011fini de art\u0131r\u0131n.<\/li>\n<\/ul>\n<p><strong>Faydalar:<\/strong><\/p>\n<ul>\n<li><strong>Do\u011fru ve Ger\u00e7ek Zamanl\u0131 Veriler:<\/strong>\u00a0Operasyonlara ili\u015fkin an\u0131nda bilgi edinin, daha iyi karar almay\u0131 kolayla\u015ft\u0131r\u0131n.<\/li>\n<li><strong>Geli\u015fmi\u015f Envanter Kontrol\u00fc:<\/strong>\u00a0Kapsaml\u0131 varl\u0131k g\u00f6r\u00fcn\u00fcrl\u00fc\u011f\u00fcn\u00fc koruyarak kay\u0131p ve israf\u0131 en aza indirin.<\/li>\n<li><strong>Ak\u0131c\u0131 Operasyonlar:<\/strong>\u00a0\u0130\u015f ak\u0131\u015flar\u0131n\u0131 optimize edin ve verimlili\u011fi art\u0131rmak i\u00e7in kesinti s\u00fcrelerini en aza indirin.<\/li>\n<li><strong>Artt\u0131r\u0131lm\u0131\u015f G\u00fcvenlik:<\/strong>\u00a0Potansiyel riskleri belirleyin ve zorlu ortamlarda \u00e7al\u0131\u015fanlar\u0131 koruyun.<\/li>\n<\/ul>","protected":false},"excerpt":{"rendered":"<p>ABS RFID Etiketi, metal y\u00fczeylerin \u00fczerinde, d\u0131\u015f\u0131nda ve yak\u0131n\u0131nda okuma yapabilen uzun menzilli pasif bir UHF RFID etiketidir. K\u00fc\u00e7\u00fck bir form fakt\u00f6r\u00fcnde tasarlanan bu etiket, d\u0131\u015f mekan ve end\u00fcstriyel ortamlarda uzun s\u00fcreli kullan\u0131m i\u00e7in dayan\u0131kl\u0131 su ge\u00e7irmez bir kaps\u00fclleme \u00f6zelli\u011fine sahiptir.<\/p>","protected":false},"featured_media":300,"template":"","meta":{"_kad_post_transparent":"default","_kad_post_title":"","_kad_post_layout":"default","_kad_post_sidebar_id":"","_kad_post_content_style":"default","_kad_post_vertical_padding":"default","_kad_post_feature":"","_kad_post_feature_position":"","_kad_post_header":false,"_kad_post_footer":false,"_kad_post_classname":""},"product_brand":[],"product_cat":[54],"product_tag":[122,121],"class_list":{"0":"post-299","1":"product","2":"type-product","3":"status-publish","4":"has-post-thumbnail","6":"product_cat-hot-selling-rfid-tags","7":"product_tag-on-metal-rfid-tags","8":"product_tag-uhf-industrial-on-metal-rfid-tags","10":"first","11":"instock","12":"shipping-taxable","13":"product-type-simple","14":"entry","15":"content-bg","16":"loop-entry"},"_links":{"self":[{"href":"https:\/\/rfid-laundry-tag.com\/tr\/wp-json\/wp\/v2\/product\/299","targetHints":{"allow":["GET"]}}],"collection":[{"href":"https:\/\/rfid-laundry-tag.com\/tr\/wp-json\/wp\/v2\/product"}],"about":[{"href":"https:\/\/rfid-laundry-tag.com\/tr\/wp-json\/wp\/v2\/types\/product"}],"version-history":[{"count":0,"href":"https:\/\/rfid-laundry-tag.com\/tr\/wp-json\/wp\/v2\/product\/299\/revisions"}],"wp:featuredmedia":[{"embeddable":true,"href":"https:\/\/rfid-laundry-tag.com\/tr\/wp-json\/wp\/v2\/media\/300"}],"wp:attachment":[{"href":"https:\/\/rfid-laundry-tag.com\/tr\/wp-json\/wp\/v2\/media?parent=299"}],"wp:term":[{"taxonomy":"product_brand","embeddable":true,"href":"https:\/\/rfid-laundry-tag.com\/tr\/wp-json\/wp\/v2\/product_brand?post=299"},{"taxonomy":"product_cat","embeddable":true,"href":"https:\/\/rfid-laundry-tag.com\/tr\/wp-json\/wp\/v2\/product_cat?post=299"},{"taxonomy":"product_tag","embeddable":true,"href":"https:\/\/rfid-laundry-tag.com\/tr\/wp-json\/wp\/v2\/product_tag?post=299"}],"curies":[{"name":"wp","href":"https:\/\/api.w.org\/{rel}","templated":true}]}}