{"id":2967,"date":"2025-11-22T14:07:12","date_gmt":"2025-11-22T14:07:12","guid":{"rendered":"https:\/\/rfid-laundry-tag.com\/?post_type=product&#038;p=2967"},"modified":"2025-11-22T14:07:13","modified_gmt":"2025-11-22T14:07:13","slug":"textile-uhf-rfid-tags-labels","status":"publish","type":"product","link":"https:\/\/rfid-laundry-tag.com\/tr\/textile-uhf-rfid-tags-labels\/","title":{"rendered":"Tekstil UHF RFID Etiketleri"},"content":{"rendered":"<div class=\"auto-hide-last-sibling-br paragraph_1252f paragraph-element\">\n<h2 class=\"auto-hide-last-sibling-br paragraph_1252f paragraph-element\">Tekstil UHF RFID Etiketleri<\/h2>\n<div><\/div>\n<div data-spm-anchor-id=\"a2700.details.0.i57.23b419c7xXORP0\"><span data-spm-anchor-id=\"a2700.details.0.i75.23b419c7xXORP0\"><b>\u00d6zellik:<\/b><br \/>\n1) Ayn\u0131 anda y\u00fczlerce etiketi okuyabilen UHF teknolojisi.<br \/>\n2) 8 m~12 m&#039;den fazla okuma mesafesi.<br \/>\n3) D\u00fcz \u00e7ama\u015f\u0131rlarda performans\u0131n art\u0131r\u0131lmas\u0131 i\u00e7in yeni mekanik tasar\u0131m.<\/span><\/div>\n<div data-spm-anchor-id=\"a2700.details.0.i57.23b419c7xXORP0\">\n<div class=\"entry-content-asset videofit\"><iframe title=\"12 m okuma mesafesi testine sahip Is\u0131tma Yap\u0131\u015fkanl\u0131 UHF RFID \u00c7ama\u015f\u0131r Etiketleri fabrikas\u0131\" src=\"https:\/\/www.youtube.com\/embed\/cOnG5fgEIs4?feature=oembed\" width=\"720\" height=\"405\" frameborder=\"0\" allowfullscreen=\"allowfullscreen\" data-mce-fragment=\"1\"><\/iframe><\/div>\n<\/div>\n<\/div>\n<div data-spm-anchor-id=\"a2700.details.0.i57.23b419c7xXORP0\"><\/div>\n<div data-spm-anchor-id=\"a2700.details.0.i57.23b419c7xXORP0\">\n<div class=\"text-content\" data-spm-anchor-id=\"a2700.details.0.i54.23b419c7xXORP0\">\n<table>\n<tbody>\n<tr>\n<td width=\"139\">\u00dcr\u00fcn Ad\u0131<\/td>\n<td width=\"600\">Tekstil UHF RFID Etiketleri<\/td>\n<\/tr>\n<tr>\n<td width=\"139\">Malzeme<\/td>\n<td width=\"600\">Kuma\u015f\/Dokuma vb.<\/td>\n<\/tr>\n<tr>\n<td width=\"139\">\u00c7ip Modeli<\/td>\n<td width=\"600\">NXP UCODE\u00ae 9<\/td>\n<\/tr>\n<tr>\n<td width=\"139\">Haf\u0131za<\/td>\n<td width=\"600\">EPC: 96 bit<\/td>\n<\/tr>\n<tr>\n<td width=\"139\">Protokol<\/td>\n<td width=\"600\">EPC C1 G2<\/td>\n<\/tr>\n<tr>\n<td width=\"139\">Boyut<\/td>\n<td width=\"600\">70*15mm, 86*16mm; 50*20mm; 72*16mm; 35*15mm vb.<\/td>\n<\/tr>\n<tr>\n<td width=\"139\">Renk<\/td>\n<td width=\"600\">Beyaz<\/td>\n<\/tr>\n<tr>\n<td width=\"139\">\u00c7al\u0131\u015fma Saatleri<\/td>\n<td width=\"600\">Ortalama 200 defa, baz\u0131lar\u0131 300 defadan fazla yapabiliyor.<\/td>\n<\/tr>\n<tr>\n<td width=\"139\">\u00c7al\u0131\u015fma S\u0131cakl\u0131\u011f\u0131<\/td>\n<td width=\"600\">-25\u2103 ile +150\u2103 aras\u0131<\/td>\n<\/tr>\n<tr>\n<td width=\"139\">Okuma Mesafesi<\/td>\n<td width=\"600\">3-10M<\/td>\n<\/tr>\n<tr>\n<td width=\"139\">Ba\u015fvuru<\/td>\n<td width=\"600\">\u00c7ama\u015f\u0131rhane \u00e7\u00f6z\u00fcm\u00fc, y\u0131kama ma\u011fazas\u0131, end\u00fcstriyel y\u0131kama, otel kuma\u015f y\u00f6netimi, s\u00fcpermarket\/kuma\u015f ma\u011fazas\u0131 y\u00f6netimi vb.<\/td>\n<\/tr>\n<\/tbody>\n<\/table>\n<\/div>\n<\/div>\n<div><\/div>\n<h3 class=\"wp-block-heading\">Tekstil UHF RFID Etiketleri Nas\u0131l Kurulur?<\/h3>\n<p><strong>Diki\u015f Etiketleme<\/strong>: Bir tekstilin ete\u011fine dikilecek. \u00c7ama\u015f\u0131r etiketini katlama \u00e7izgilerinden uza\u011fa dikin.<br \/>\n<strong>Is\u0131 S\u0131zd\u0131rmazl\u0131\u011f\u0131<\/strong>: +200\u00b0C (392\u00b0F) s\u0131cakl\u0131kta, 12~14 saniye boyunca do\u011frudan tekstil \u00fczerine \u0131s\u0131yla yap\u0131\u015ft\u0131r\u0131lmal\u0131d\u0131r.<br \/>\n<strong>Kese i\u00e7inde<\/strong>: Standart bak\u0131m etiketi gibi dikilmelidir. \u00c7ama\u015f\u0131r etiketini katlama \u00e7izgilerinden uza\u011fa dikin.<\/p>\n<p><a href=\"https:\/\/rfid-laundry-tag.com\/tr\/uhf-rfid-laundry-tags\/\"><img fetchpriority=\"high\" decoding=\"async\" class=\"size-full wp-image-3585\" title=\"Tekstil UHF RFID Etiketleri Etiketler 6\" src=\"https:\/\/www.rfidtaglaundry.com\/wp-content\/uploads\/2025\/06\/UHF-RFID-washable-laundry-tag-08.jpg\" sizes=\"(max-width: 1000px) 100vw, 1000px\" srcset=\"https:\/\/www.rfidtaglaundry.com\/wp-content\/uploads\/2025\/06\/UHF-RFID-washable-laundry-tag-08.jpg 1000w, https:\/\/www.rfidtaglaundry.com\/wp-content\/uploads\/2025\/06\/UHF-RFID-washable-laundry-tag-08-300x300.jpg 300w, https:\/\/www.rfidtaglaundry.com\/wp-content\/uploads\/2025\/06\/UHF-RFID-washable-laundry-tag-08-150x150.jpg 150w, https:\/\/www.rfidtaglaundry.com\/wp-content\/uploads\/2025\/06\/UHF-RFID-washable-laundry-tag-08-768x768.jpg 768w, https:\/\/www.rfidtaglaundry.com\/wp-content\/uploads\/2025\/06\/UHF-RFID-washable-laundry-tag-08-12x12.jpg 12w, https:\/\/www.rfidtaglaundry.com\/wp-content\/uploads\/2025\/06\/UHF-RFID-washable-laundry-tag-08-600x600.jpg 600w, https:\/\/www.rfidtaglaundry.com\/wp-content\/uploads\/2025\/06\/UHF-RFID-washable-laundry-tag-08-100x100.jpg 100w\" alt=\"Textile UHF RFID Tags Labels\" width=\"1000\" height=\"1000\" \/><\/a><\/p>\n<h2><strong>Tekstil UHF RFID Etiketlerin Uygulamalar\u0131:<\/strong><\/h2>\n<p>* End\u00fcstriyel y\u0131kama;<br \/>\n* Personel ve okul \u00fcniformalar\u0131n\u0131n y\u00f6netimi;<br \/>\n* T\u0131bbi giyim y\u00f6netimi;<br \/>\n* Personel devriye y\u00f6netimi;<br \/>\n* Giyim fabrikalar\u0131n\u0131n \u00fcretim y\u00f6netimi.<\/p>\n<figure id=\"attachment_2708\" class=\"wp-caption alignnone\" aria-describedby=\"caption-attachment-2708\"><a href=\"https:\/\/rfid-laundry-tag.com\/tr\/uhf-rfid-laundry-tags\/\"><img decoding=\"async\" class=\"wp-image-2708\" title=\"Tekstil UHF RFID Etiketleri Etiketler 7\" src=\"https:\/\/www.rfidtaglaundry.com\/wp-content\/uploads\/2024\/09\/RFID-Laundry-Tags-05-1024x768.jpg\" sizes=\"(max-width: 850px) 100vw, 850px\" srcset=\"https:\/\/www.rfidtaglaundry.com\/wp-content\/uploads\/2024\/09\/RFID-Laundry-Tags-05-1024x768.jpg 1024w, https:\/\/www.rfidtaglaundry.com\/wp-content\/uploads\/2024\/09\/RFID-Laundry-Tags-05-300x225.jpg 300w, https:\/\/www.rfidtaglaundry.com\/wp-content\/uploads\/2024\/09\/RFID-Laundry-Tags-05-768x576.jpg 768w, https:\/\/www.rfidtaglaundry.com\/wp-content\/uploads\/2024\/09\/RFID-Laundry-Tags-05-16x12.jpg 16w, https:\/\/www.rfidtaglaundry.com\/wp-content\/uploads\/2024\/09\/RFID-Laundry-Tags-05-600x450.jpg 600w, https:\/\/www.rfidtaglaundry.com\/wp-content\/uploads\/2024\/09\/RFID-Laundry-Tags-05.jpg 1200w\" alt=\"Textile UHF RFID Tags Labels\" width=\"850\" height=\"637\" \/><\/a><figcaption id=\"caption-attachment-2708\" class=\"wp-caption-text\">Tekstil UHF RFID Etiketleri<\/figcaption><\/figure>\n<h2><strong>Ne kadar G\u00dc\u00c7L\u00dcLER?<\/strong><\/h2>\n<p><b><strong>\u2460<\/strong><\/b>.RFID \u00e7ipleri y\u00fcksek s\u0131cakl\u0131klarda zarar g\u00f6r\u00fcr m\u00fc?<b><strong>\u2714 Bizim\u00a0<a href=\"https:\/\/rfid-laundry-tag.com\/tr\/uhf-rfid-laundry-tags\/\">RFID tekstil \u00e7ama\u015f\u0131r etiketi<\/a>\u00a0200 \u00b0C&#039;de kullan\u0131lmak \u00fczere tasarlanm\u0131\u015ft\u0131r<\/strong><\/b>.<\/p>\n<p><b><strong>\u2461<\/strong><\/b>\u00dcniforma tekstil \u00fcr\u00fcnlerine yap\u0131\u015ft\u0131r\u0131lan etiketleri ka\u00e7 kez y\u0131kayabiliriz?\u00a0<b><strong data-spm-anchor-id=\"a2700.details-description.0.i1.2b66Qs8bQs8bav\">\u2013\u2714RFID tekstil \u00e7ama\u015f\u0131r etiketlerimiz g\u00f6nderildikten sonra 2 y\u0131l garantili olup 200 veya 300&#039;den fazla kez y\u0131kanabilir.<\/strong><\/b><\/p>\n<p><b><strong>\u2462<\/strong><\/b>Prestijli \u00fcniforma tekstil \u00fcr\u00fcnlerini harcayacak m\u0131y\u0131z, tala\u015f s\u0131k\u0131\u015fmas\u0131 durumunda \u00e7al\u0131\u015fmaya devam m\u0131 edece\u011fiz?\u00a0<b><strong>\u2013\u2714Tekstil \u00fcr\u00fcnlerinizin preslenmesi esnas\u0131nda 60 bar bas\u0131nca dayan\u0131kl\u0131 tekstil \u00e7ama\u015f\u0131r etiketlerimizi tasarlad\u0131k.<\/strong><\/b><\/p>\n<p data-spm-anchor-id=\"a2700.details-description.0.i0.2b66Qs8bQs8bav\"><b><strong>\u2463<\/strong><\/b>Nereye yerle\u015ftiriyorsun?<a href=\"https:\/\/rfid-laundry-tag.com\/tr\/textile-rfid-laundry-tag\/\"> RFID tekstil \u00e7ama\u015f\u0131r etiketleri<\/a> \u00fcniforma tekstilinde mi?\u00a0<b><strong>\u2013 \u2714\u00dcniformalar\u0131n durumuna g\u00f6re RFID tekstil \u00e7ama\u015f\u0131r etiketi tak\u0131lmaktad\u0131r.<\/strong><\/b><\/p>\n<p>&nbsp;<\/p>","protected":false},"excerpt":{"rendered":"<div class=\"elementor-element elementor-element-4f79c63 e-flex e-con-boxed e-con e-parent e-lazyloaded\" data-id=\"4f79c63\" data-element_type=\"container\" data-settings=\"{&quot;_ha_eqh_enable&quot;:false}\">\n<div class=\"e-con-inner\">\n<div class=\"elementor-element elementor-element-be3873c elementor-widget elementor-widget-woocommerce-product-short-description\" data-id=\"be3873c\" data-element_type=\"widget\" data-widget_type=\"woocommerce-product-short-description.default\">\n<div class=\"elementor-widget-container\">\n<div class=\"woocommerce-product-details__short-description\">\n<p><strong>Tekstil UHF RFID Etiketleri<\/strong>\u00a0UHF RFID \u00c7ama\u015f\u0131r Etiketi olarak da adland\u0131r\u0131labilir: Dayan\u0131kl\u0131, yumu\u015fak, esnek, 200&#039;den fazla end\u00fcstriyel y\u0131kamaya dayan\u0131kl\u0131, 100% haf\u0131za testinden ge\u00e7mi\u015ftir.<\/p>\n<\/div>\n<\/div>\n<\/div>\n<\/div>\n<\/div>\n<div class=\"elementor-element elementor-element-3ad806e e-flex e-con-boxed e-con e-parent e-lazyloaded\" data-id=\"3ad806e\" data-element_type=\"container\" data-settings=\"{&quot;_ha_eqh_enable&quot;:false}\">\n<div class=\"e-con-inner\">\n<div class=\"elementor-element elementor-element-362020f elementor-widget elementor-widget-woocommerce-product-data-tabs\" data-id=\"362020f\" data-element_type=\"widget\" data-widget_type=\"woocommerce-product-data-tabs.default\">\n<div class=\"elementor-widget-container\">\n<div class=\"woocommerce-tabs wc-tabs-wrapper\"><\/div>\n<\/div>\n<\/div>\n<\/div>\n<\/div>","protected":false},"featured_media":2968,"template":"","meta":{"_kad_post_transparent":"default","_kad_post_title":"","_kad_post_layout":"default","_kad_post_sidebar_id":"","_kad_post_content_style":"default","_kad_post_vertical_padding":"default","_kad_post_feature":"","_kad_post_feature_position":"","_kad_post_header":false,"_kad_post_footer":false,"_kad_post_classname":""},"product_brand":[],"product_cat":[19],"product_tag":[24,342,339,65,368,30],"class_list":{"0":"post-2967","1":"product","2":"type-product","3":"status-publish","4":"has-post-thumbnail","6":"product_cat-textile-rfid-laundry-tag","7":"product_tag-laundry-rfid-tags","8":"product_tag-rfid-laundry-tags","9":"product_tag-rfid-washable-tags","10":"product_tag-textile-rfid-laundry-tags","11":"product_tag-textile-uhf-rfid-tags-labels","12":"product_tag-uhf-rfid-laundry-tag","14":"first","15":"instock","16":"featured","17":"shipping-taxable","18":"product-type-simple","19":"entry","20":"content-bg","21":"loop-entry"},"_links":{"self":[{"href":"https:\/\/rfid-laundry-tag.com\/tr\/wp-json\/wp\/v2\/product\/2967","targetHints":{"allow":["GET"]}}],"collection":[{"href":"https:\/\/rfid-laundry-tag.com\/tr\/wp-json\/wp\/v2\/product"}],"about":[{"href":"https:\/\/rfid-laundry-tag.com\/tr\/wp-json\/wp\/v2\/types\/product"}],"version-history":[{"count":1,"href":"https:\/\/rfid-laundry-tag.com\/tr\/wp-json\/wp\/v2\/product\/2967\/revisions"}],"predecessor-version":[{"id":2973,"href":"https:\/\/rfid-laundry-tag.com\/tr\/wp-json\/wp\/v2\/product\/2967\/revisions\/2973"}],"wp:featuredmedia":[{"embeddable":true,"href":"https:\/\/rfid-laundry-tag.com\/tr\/wp-json\/wp\/v2\/media\/2968"}],"wp:attachment":[{"href":"https:\/\/rfid-laundry-tag.com\/tr\/wp-json\/wp\/v2\/media?parent=2967"}],"wp:term":[{"taxonomy":"product_brand","embeddable":true,"href":"https:\/\/rfid-laundry-tag.com\/tr\/wp-json\/wp\/v2\/product_brand?post=2967"},{"taxonomy":"product_cat","embeddable":true,"href":"https:\/\/rfid-laundry-tag.com\/tr\/wp-json\/wp\/v2\/product_cat?post=2967"},{"taxonomy":"product_tag","embeddable":true,"href":"https:\/\/rfid-laundry-tag.com\/tr\/wp-json\/wp\/v2\/product_tag?post=2967"}],"curies":[{"name":"wp","href":"https:\/\/api.w.org\/{rel}","templated":true}]}}