{"id":2961,"date":"2025-11-22T13:55:10","date_gmt":"2025-11-22T13:55:10","guid":{"rendered":"https:\/\/rfid-laundry-tag.com\/?post_type=product&#038;p=2961"},"modified":"2025-11-22T13:55:11","modified_gmt":"2025-11-22T13:55:11","slug":"laundry-rfid-tags-top-5-manufacturer","status":"publish","type":"product","link":"https:\/\/rfid-laundry-tag.com\/tr\/laundry-rfid-tags-top-5-manufacturer\/","title":{"rendered":"\u00c7ama\u015f\u0131rhane RFID Etiketleri EN \u0130Y\u0130 5 \u00dcretici"},"content":{"rendered":"<p><a href=\"https:\/\/rfid-laundry-tag.com\/tr\/uhf-rfid-laundry-tags\/\"><strong>\u00c7ama\u015f\u0131rhane RFID etiketleri<\/strong><\/a>\u00a0Tekstil \u00fcr\u00fcnlerinin ya\u015fam d\u00f6ng\u00fcleri boyunca takibi ve y\u00f6netimi i\u00e7in son teknoloji bir \u00e7\u00f6z\u00fcm sunar. Bu dayan\u0131kl\u0131 ve esnek RFID transponderleri, \u0131s\u0131ya, bas\u0131nca ve esnemeye dayan\u0131kl\u0131 kuma\u015ftan \u00fcretilmi\u015ftir ve bu sayede i\u015f k\u0131yafetleri, \u00fcniformalar ve d\u00fcz \u00e7ar\u015faflar gibi \u00fcr\u00fcnlerin takibi i\u00e7in idealdir. Benzersiz bir tan\u0131mlay\u0131c\u0131 ile donat\u0131lan bu RFID keten transponderleri, temass\u0131z \u00e7ama\u015f\u0131r y\u00f6netimini kolayla\u015ft\u0131r\u0131r ve dijital \u015feffafl\u0131\u011f\u0131 art\u0131r\u0131r. BT y\u00f6netim sistemleriyle entegre edildi\u011finde, RFID teknolojisi tekstil \u00fcr\u00fcnlerinin toprak toplama a\u015famas\u0131ndan y\u0131kama ve da\u011f\u0131t\u0131m a\u015famas\u0131na kadar kesintisiz takibini sa\u011flar.<\/p>\n<table class=\"has-title is-zebra hight-light-first-column all magic-19\">\n<tbody>\n<tr>\n<td colspan=\"1\" rowspan=\"1\">\n<div class=\"magic-20\"><strong><span class=\"magic-21\">\u00d6\u011fe<\/span><\/strong><\/div>\n<\/td>\n<td colspan=\"1\" rowspan=\"1\">\n<div class=\"magic-22\">\u00a0\u00c7ama\u015f\u0131rhane RFID Etiketleri<\/div>\n<\/td>\n<\/tr>\n<tr>\n<td colspan=\"1\" rowspan=\"1\">\n<div class=\"magic-20\"><span class=\"magic-21\">Boyut<\/span><\/div>\n<\/td>\n<td colspan=\"1\" rowspan=\"1\">\n<div class=\"magic-22\"><span class=\"magic-21\">55 X 12 mm, 70 X 15 mm, 87 X 17 mm<\/span><\/div>\n<\/td>\n<\/tr>\n<tr>\n<td colspan=\"1\" rowspan=\"1\">\n<div class=\"magic-20\"><span class=\"magic-21\">\u00c7al\u0131\u015fma Frekans\u0131<\/span><\/div>\n<\/td>\n<td colspan=\"1\" rowspan=\"1\">\n<div class=\"magic-22\"><span class=\"magic-21\" data-spm-anchor-id=\"a2700.details.0.i69.56bf53e8OmNXev\">865-928 MHz<\/span><\/div>\n<\/td>\n<\/tr>\n<tr>\n<td colspan=\"1\" rowspan=\"1\">\n<div class=\"magic-20\"><span class=\"magic-21\">Etiket Malzemesi<\/span><\/div>\n<\/td>\n<td colspan=\"1\" rowspan=\"1\">\n<div class=\"magic-22\"><span class=\"magic-21\">Polyester\u00a0<\/span><\/div>\n<\/td>\n<\/tr>\n<tr>\n<td colspan=\"1\" rowspan=\"1\">\n<div class=\"magic-20\"><span class=\"magic-21\">Cipsler<\/span><\/div>\n<\/td>\n<td colspan=\"1\" rowspan=\"1\">\n<div class=\"magic-22\"><span class=\"magic-21\">U8, U9 vb.<\/span><\/div>\n<\/td>\n<\/tr>\n<tr>\n<td colspan=\"1\" rowspan=\"1\">\n<div class=\"magic-20\"><span class=\"magic-21\">Etiket Garantisi<\/span><\/div>\n<\/td>\n<td colspan=\"1\" rowspan=\"1\">\n<div class=\"magic-22\"><span class=\"magic-21\">200 veya 300 y\u0131kama d\u00f6ng\u00fcs\u00fcn\u00fcn ilki veya sevk tarihinden itibaren 3 y\u0131l<\/span><\/div>\n<\/td>\n<\/tr>\n<tr>\n<td colspan=\"1\" rowspan=\"1\">\n<div class=\"magic-20\"><span class=\"magic-21\">Okuma Mesafesi<\/span><\/div>\n<\/td>\n<td colspan=\"1\" rowspan=\"1\">\n<div class=\"magic-22\"><span class=\"magic-21\">8 metreye kadar (9 feet&#039;e kadar), okuyucunuzla test etmeniz gerekir<\/span><\/div>\n<\/td>\n<\/tr>\n<tr>\n<td colspan=\"1\" rowspan=\"1\">\n<div class=\"magic-20\"><span class=\"magic-21\">Depolama s\u0131cakl\u0131\u011f\u0131<\/span><\/div>\n<\/td>\n<td colspan=\"1\" rowspan=\"1\">\n<div class=\"magic-22\"><span class=\"magic-21\">-40\u00b0C ile+120\u00b0C(-40\u2109 ile +248\u2109)<\/span><\/div>\n<\/td>\n<\/tr>\n<tr>\n<td colspan=\"1\" rowspan=\"1\">\n<div class=\"magic-20\"><span class=\"magic-21\">\u00dct\u00fcc\u00fc<\/span><\/div>\n<\/td>\n<td colspan=\"1\" rowspan=\"1\">\n<div class=\"magic-22\"><span class=\"magic-21\">+195\u2103(+383 F ) 30 saniye &lt;18 bar<\/span><\/div>\n<\/td>\n<\/tr>\n<tr>\n<td colspan=\"1\" rowspan=\"1\">\n<div class=\"magic-20\"><span class=\"magic-21\">Su \u00c7\u0131kar\u0131c\u0131<\/span><\/div>\n<\/td>\n<td colspan=\"1\" rowspan=\"1\">\n<div class=\"magic-22\"><span class=\"magic-21\">60 bar, 80 saniye<\/span><\/div>\n<\/td>\n<\/tr>\n<tr>\n<td colspan=\"1\" rowspan=\"1\">\n<div class=\"magic-20\"><span class=\"magic-21\">Otoklav<\/span><\/div>\n<\/td>\n<td colspan=\"1\" rowspan=\"1\">\n<div class=\"magic-22\"><span class=\"magic-21\">Hava tahliyesi: +100C(+212F),5 dakika,0,1 bar,<\/span><\/div>\n<\/td>\n<\/tr>\n<tr>\n<td colspan=\"1\" rowspan=\"1\">\n<div class=\"magic-20\"><span class=\"magic-21\">Kurutma<\/span><\/div>\n<\/td>\n<td colspan=\"1\" rowspan=\"1\">\n<div class=\"magic-22\"><span class=\"magic-21\">+45\u2103(+113\u2109),.15 dakika,0,2 bar<\/span><\/div>\n<\/td>\n<\/tr>\n<tr>\n<td colspan=\"1\" rowspan=\"1\">\n<div class=\"magic-20\"><span class=\"magic-21\">Kimyasal Diren\u00e7<\/span><\/div>\n<\/td>\n<td colspan=\"1\" rowspan=\"1\">\n<div class=\"magic-22\" data-spm-anchor-id=\"a2700.details.0.i68.56bf53e8OmNXev\"><span class=\"magic-21\">Y\u0131kama i\u015fleminde kullan\u0131lan t\u00fcm kimyasallar<\/span><\/div>\n<\/td>\n<\/tr>\n<\/tbody>\n<\/table>\n<div>\n<figure id=\"attachment_2928\" class=\"wp-caption alignnone\" aria-describedby=\"caption-attachment-2928\"><a href=\"https:\/\/rfid-laundry-tag.com\/tr\/uhf-rfid-laundry-tags\/\"><img fetchpriority=\"high\" decoding=\"async\" class=\"size-full wp-image-2928\" title=\"\u00c7ama\u015f\u0131rhane RFID Etiketleri TOP 5 \u00dcretici 4\" src=\"https:\/\/www.rfidtaglaundry.com\/wp-content\/uploads\/2024\/11\/6_H39416607c5cf4905b542e69b55e844a5b.jpg\" sizes=\"(max-width: 800px) 100vw, 800px\" srcset=\"https:\/\/www.rfidtaglaundry.com\/wp-content\/uploads\/2024\/11\/6_H39416607c5cf4905b542e69b55e844a5b.jpg 800w, https:\/\/www.rfidtaglaundry.com\/wp-content\/uploads\/2024\/11\/6_H39416607c5cf4905b542e69b55e844a5b-300x300.jpg 300w, https:\/\/www.rfidtaglaundry.com\/wp-content\/uploads\/2024\/11\/6_H39416607c5cf4905b542e69b55e844a5b-150x150.jpg 150w, https:\/\/www.rfidtaglaundry.com\/wp-content\/uploads\/2024\/11\/6_H39416607c5cf4905b542e69b55e844a5b-768x768.jpg 768w, https:\/\/www.rfidtaglaundry.com\/wp-content\/uploads\/2024\/11\/6_H39416607c5cf4905b542e69b55e844a5b-12x12.jpg 12w, https:\/\/www.rfidtaglaundry.com\/wp-content\/uploads\/2024\/11\/6_H39416607c5cf4905b542e69b55e844a5b-600x600.jpg 600w, https:\/\/www.rfidtaglaundry.com\/wp-content\/uploads\/2024\/11\/6_H39416607c5cf4905b542e69b55e844a5b-100x100.jpg 100w\" alt=\"Laundry RFID Tags\" width=\"800\" height=\"800\" \/><\/a><figcaption id=\"caption-attachment-2928\" class=\"wp-caption-text\">\u00c7ama\u015f\u0131rhane RFID Etiketleri<\/figcaption><\/figure>\n<\/div>\n<div>\n<h3>\u00c7ama\u015f\u0131rhane RFID Etiketleri Hakk\u0131nda S\u0131k\u00e7a Sorulan Sorular (SSS)<\/h3>\n<p><strong>S1: \u00c7ama\u015f\u0131rhane RFID Etiketleri y\u0131kama i\u015flemi s\u0131ras\u0131nda hangi sorunlar\u0131 \u00e7\u00f6zer?<\/strong><br \/>\n<strong>A1:<\/strong>\u00a0Etiketlerin kolayca hasar g\u00f6rebilmesi ve veri kayb\u0131na yol a\u00e7abilmesi, ba\u015fl\u0131ca sorunlardan biridir. \u00c7\u00f6z\u00fcm\u00fcm\u00fcz, end\u00fcstriyel s\u0131n\u0131f polyester ve y\u00fcksek s\u0131cakl\u0131kta k\u00fcrleme teknolojisini kullanarak etiketlerin 195\u00b0C \u00fct\u00fcleme ve 60 Bar su bas\u0131nc\u0131na dayanmas\u0131n\u0131 sa\u011flar ve otel tekstili sterilizasyon i\u015flemleri i\u00e7in m\u00fckemmel bir uyum sa\u011flar. Benzersiz kimyasal diren\u00e7li kaplamam\u0131z, a\u011fart\u0131c\u0131lara ve g\u00fc\u00e7l\u00fc alkali deterjanlara kar\u015f\u0131 koruma sa\u011flayarak, 15 y\u0131ll\u0131k deneyimimizle 300 y\u0131kamadan fazla U8 \u00e7ipinin s\u0131f\u0131r hasar g\u00f6rmesini sa\u011flar.<\/p>\n<p><strong>S2: Etiketleriniz s\u0131ralama verimlili\u011fini nas\u0131l art\u0131r\u0131yor?<\/strong><br \/>\n<strong>A2:<\/strong>\u00a0Geleneksel etiketler genellikle k\u0131sa okuma mesafelerine sahiptir ve bu da ay\u0131klama verimlili\u011fini olumsuz etkileyebilir. RFID teknolojimiz, sekt\u00f6r ortalamas\u0131 olan 5 metreye k\u0131yasla etkileyici bir 9 metrelik okuma menzili sunar. Y\u00f6nl\u00fc antenlerle birlikte bu teknoloji, \u00e7ama\u015f\u0131r ta\u015f\u0131ma bantlar\u0131nda toplu taramay\u0131 geli\u015ftirerek ay\u0131klama verimlili\u011fini 60%&#039;ye kadar art\u0131r\u0131r. Etiketlerimiz ayr\u0131ca 865-928MHz tam frekans aral\u0131\u011f\u0131n\u0131 destekler ve d\u00fcnya \u00e7ap\u0131ndaki \u00f6nde gelen RFID cihazlar\u0131yla uyumludur.<\/p>\n<p><strong>S3: Etiketleriniz operasyonel maliyetleri nas\u0131l d\u00fc\u015f\u00fcr\u00fcyor?<\/strong><br \/>\n<strong>A3:<\/strong>\u00a0S\u0131k etiket de\u011fi\u015fimleri i\u015fletme maliyetlerini art\u0131r\u0131r. Standart etiketlere k\u0131yasla ya\u015fam d\u00f6ng\u00fcs\u00fc maliyetlerini % azaltan \u00f6nc\u00fc &quot;3 y\u0131l veya 300 y\u0131kama&quot; \u00e7ift garanti sunuyoruz. Mod\u00fcler \u00e7ip tasar\u0131m\u0131m\u0131z, U8&#039;den U9 versiyonlar\u0131na sorunsuz y\u00fckseltmeleri destekleyerek ekipman de\u011fi\u015fiklikleri nedeniyle komple etiket de\u011fi\u015fimi ihtiyac\u0131n\u0131 ortadan kald\u0131r\u0131r. Etiketlerimiz 2000 end\u00fcstriyel y\u0131kama testinden ge\u00e7erek sertifikaland\u0131r\u0131lm\u0131\u015ft\u0131r ve bu da onlar\u0131 \u00e7ama\u015f\u0131r kiralama i\u015fletmelerindeki y\u00fcksek s\u0131kl\u0131ktaki de\u011fi\u015fim senaryolar\u0131 i\u00e7in ideal hale getirir.<\/p>\n<p><strong>Fabrika Avantaj\u0131:<\/strong>\u00a015 y\u0131ll\u0131k RF teknolojisi uzmanl\u0131\u011f\u0131yla, \u00c7ama\u015f\u0131rhane RFID Etiketi alan\u0131nda d\u00fcnyan\u0131n ilk 5 \u00fcreticisinden biri olarak, \u00e7ip paketlemeden senaryo testine kadar kapsaml\u0131 \u00e7\u00f6z\u00fcmler sunuyoruz. Hilton ve Mayo Clinic gibi m\u00fc\u015fterilerimize 200 milyondan fazla \u00f6zel \u00e7ama\u015f\u0131r etiketi teslim ettik ve \u00f6zelle\u015ftirilmi\u015f geli\u015ftirme i\u00e7in profesyonel bir ekiple desteklendik.<\/p>\n<\/div>\n<div class=\"auto-hide-last-sibling-br paragraph_1252f paragraph-element\">\n<p>&nbsp;<\/p>\n<h2>\u00c7ama\u015f\u0131rhane RFID Etiketleri i\u00e7in De\u011fi\u015fken Veriler<\/h2>\n<p>Her biri<a href=\"https:\/\/rfid-laundry-tag.com\/tr\/uhf-rfid-laundry-tags\/\">\u00a0\u00c7ama\u015f\u0131r RFID etiketi<\/a>\u00a0de\u011fi\u015fken verilerle donat\u0131lm\u0131\u015ft\u0131r, bunlar aras\u0131nda \u015funlar yer al\u0131r:<\/p>\n<ul>\n<li><strong>Lazer Bask\u0131l\u0131 Bilgiler<\/strong>: Bunlara EPC kodlar\u0131, 1D ve 2D barkodlar, QR kodlar\u0131 ve logolar dahildir.<\/li>\n<li><strong>RFID \u00c7ip Veri Programlama<\/strong>:Etiketler EPC kodlamas\u0131 ile programlanabilir ve eri\u015fim \u015fifresi ile kilitlenebilir.<\/li>\n<li><strong>Kapsaml\u0131 Test<\/strong>:EPC kodlamas\u0131 ve TID dahil t\u00fcm veriler, her bir etiket i\u00e7in do\u011fru e\u015fle\u015fmeyi sa\u011flamak amac\u0131yla 100% testinden ge\u00e7irilmi\u015ftir.<\/li>\n<\/ul>\n<h2>Kurulum Y\u00f6ntemleri<\/h2>\n<ul>\n<li><strong>Diki\u015f Etiketleme<\/strong>: Tekstil \u00fcr\u00fcnlerinin etek ucuna dikmek i\u00e7in idealdir, etiketlerin katlama \u00e7izgilerinden uzakta yerle\u015ftirilmesini sa\u011flayarak optimum dayan\u0131kl\u0131l\u0131k sa\u011flar.<\/li>\n<li><strong>Is\u0131 S\u0131zd\u0131rmazl\u0131\u011f\u0131<\/strong>: Etiketler +200\u00b0C (392\u00b0F) s\u0131cakl\u0131kta 12 ila 14 saniye boyunca do\u011frudan tekstil \u00fcr\u00fcnlerine \u0131s\u0131yla yap\u0131\u015ft\u0131r\u0131labilir.<\/li>\n<li><strong>Kese i\u00e7inde<\/strong>: Standart bak\u0131m etiketlerine benzer \u015fekilde, bu etiketler bir kese i\u00e7erisine dikilebilir, b\u00f6ylece g\u00fcvenli ve kolay eri\u015filebilir bir \u015fekilde saklanabilir.<\/li>\n<\/ul>\n<h2>\u00c7ama\u015f\u0131rhane RFID Etiketlerinin Uygulamalar\u0131<\/h2>\n<p>\u00c7ama\u015f\u0131rhane RFID Etiketleri \u00e7ok y\u00f6nl\u00fcd\u00fcr ve tekstil varl\u0131klar\u0131n\u0131 izlemek i\u00e7in \u00e7e\u015fitli end\u00fcstrilerde kullan\u0131labilir, bunlar aras\u0131nda \u015funlar yer al\u0131r:<\/p>\n<ul>\n<li><strong>Sa\u011fl\u0131k hizmeti<\/strong>:\u00c7ar\u015faflar\u0131n, \u00fcniformalar\u0131n, maskelerin ve paspaslar\u0131n takibi.<\/li>\n<li><strong>Misafirperverlik<\/strong>: Otel ve restoranlar i\u00e7in d\u00fcz \u00e7ar\u015faf ve \u00fcniformalar\u0131n y\u00f6netimi.<\/li>\n<li><strong>Moda Giyim<\/strong>:Giyim ve aksesuarlar i\u00e7in envanter y\u00f6netimi ve takibinin geli\u015ftirilmesi.<\/li>\n<\/ul>\n<p>Moda ve haz\u0131r giyim sekt\u00f6r\u00fc geli\u015ftik\u00e7e, ileri teknoloji \u00e7\u00f6z\u00fcmlerine olan talep de artmaktad\u0131r. RFID teknolojisi, operasyonel verimlili\u011fi art\u0131rmak, m\u00fc\u015fteri deneyimlerini geli\u015ftirmek ve s\u00fcrd\u00fcr\u00fclebilirlik giri\u015fimlerini desteklemek i\u00e7in hayati bir ara\u00e7 olarak ortaya \u00e7\u0131km\u0131\u015ft\u0131r.\u00a0<strong>\u00c7ama\u015f\u0131rhane RFID etiketleri<\/strong>\u00a0Giyim ve tekstil y\u00f6netimindeki yenilikler, kurulu\u015flar\u0131n \u00e7ama\u015f\u0131rhane operasyonlar\u0131n\u0131 denetleme bi\u00e7imini d\u00f6n\u00fc\u015ft\u00fcrerek ger\u00e7ek zamanl\u0131 izleme, geli\u015fmi\u015f envanter y\u00f6netimi, geli\u015fmi\u015f tedarik zinciri g\u00f6r\u00fcn\u00fcrl\u00fc\u011f\u00fc ve daha fazla s\u00fcrd\u00fcr\u00fclebilirlik sa\u011flad\u0131.<\/p>\n<p>\u0130\u015fletmeler bu yenilik\u00e7i \u00e7\u00f6z\u00fcmleri benimseyerek s\u00fcre\u00e7lerini daha verimli hale getirebilir ve dinamik bir pazar\u0131n artan taleplerini kar\u015f\u0131layabilirler.<\/p>\n<\/div>","protected":false},"excerpt":{"rendered":"<p>D\u00fcnyan\u0131n \u00f6nde gelen RFID etiket \u00fcreticilerinden biri olarak, \u015fu konularda uzmanla\u015f\u0131yoruz: <strong>\u00c7ama\u015f\u0131rhane RFID Etiketleri<\/strong>, 15 y\u0131ll\u0131k uzmanl\u0131\u011f\u0131m\u0131z ve 200 milyondan fazla teslim edilen etiketimizle size \u00f6zel \u00e7\u00f6z\u00fcmler sunuyoruz.<\/p>","protected":false},"featured_media":2964,"template":"","meta":{"_kad_post_transparent":"default","_kad_post_title":"","_kad_post_layout":"default","_kad_post_sidebar_id":"","_kad_post_content_style":"default","_kad_post_vertical_padding":"default","_kad_post_feature":"","_kad_post_feature_position":"","_kad_post_header":false,"_kad_post_footer":false,"_kad_post_classname":""},"product_brand":[],"product_cat":[16,19],"product_tag":[24,367,342,339,65,30],"class_list":{"0":"post-2961","1":"product","2":"type-product","3":"status-publish","4":"has-post-thumbnail","6":"product_cat-uhf-rfid-laundry-tags","7":"product_cat-textile-rfid-laundry-tag","8":"product_tag-laundry-rfid-tags","9":"product_tag-laundry-rfid-tags-top-5-manufacturer","10":"product_tag-rfid-laundry-tags","11":"product_tag-rfid-washable-tags","12":"product_tag-textile-rfid-laundry-tags","13":"product_tag-uhf-rfid-laundry-tag","15":"first","16":"instock","17":"featured","18":"shipping-taxable","19":"product-type-simple","20":"entry","21":"content-bg","22":"loop-entry"},"_links":{"self":[{"href":"https:\/\/rfid-laundry-tag.com\/tr\/wp-json\/wp\/v2\/product\/2961","targetHints":{"allow":["GET"]}}],"collection":[{"href":"https:\/\/rfid-laundry-tag.com\/tr\/wp-json\/wp\/v2\/product"}],"about":[{"href":"https:\/\/rfid-laundry-tag.com\/tr\/wp-json\/wp\/v2\/types\/product"}],"version-history":[{"count":1,"href":"https:\/\/rfid-laundry-tag.com\/tr\/wp-json\/wp\/v2\/product\/2961\/revisions"}],"predecessor-version":[{"id":2966,"href":"https:\/\/rfid-laundry-tag.com\/tr\/wp-json\/wp\/v2\/product\/2961\/revisions\/2966"}],"wp:featuredmedia":[{"embeddable":true,"href":"https:\/\/rfid-laundry-tag.com\/tr\/wp-json\/wp\/v2\/media\/2964"}],"wp:attachment":[{"href":"https:\/\/rfid-laundry-tag.com\/tr\/wp-json\/wp\/v2\/media?parent=2961"}],"wp:term":[{"taxonomy":"product_brand","embeddable":true,"href":"https:\/\/rfid-laundry-tag.com\/tr\/wp-json\/wp\/v2\/product_brand?post=2961"},{"taxonomy":"product_cat","embeddable":true,"href":"https:\/\/rfid-laundry-tag.com\/tr\/wp-json\/wp\/v2\/product_cat?post=2961"},{"taxonomy":"product_tag","embeddable":true,"href":"https:\/\/rfid-laundry-tag.com\/tr\/wp-json\/wp\/v2\/product_tag?post=2961"}],"curies":[{"name":"wp","href":"https:\/\/api.w.org\/{rel}","templated":true}]}}