{"id":296,"date":"2024-06-26T15:26:44","date_gmt":"2024-06-26T15:26:44","guid":{"rendered":"https:\/\/rfid-laundry-tag.com\/?post_type=product&#038;p=296"},"modified":"2024-08-14T16:29:49","modified_gmt":"2024-08-14T16:29:49","slug":"on-metal-abs-uhf-rfid-tag","status":"publish","type":"product","link":"https:\/\/rfid-laundry-tag.com\/tr\/on-metal-abs-uhf-rfid-tag\/","title":{"rendered":"Metal ABS UHF RFID Etiketi"},"content":{"rendered":"<p><b class=\"magic-15\"><span class=\"magic-16\" data-spm-anchor-id=\"a2700.details.0.i71.6b4c1284vyugjJ\">Mevcut \u00f6zelle\u015ftirmeler \u015funlard\u0131r:<\/span><\/b> * Bask\u0131: M\u00fc\u015fteri taraf\u0131ndan vekt\u00f6r format\u0131nda sa\u011flanan grafik d\u00fczeninden ba\u015flayarak, tek renkli bask\u0131 veya ofset 4 renk. EPC kodunun, veritaban\u0131ndan veya veritaban\u0131ndan kademeli seri kodunun veya .xls dosyas\u0131n\u0131n bas\u0131lmas\u0131; barkod bas\u0131m\u0131, QRCode. Talep \u00fczerine daha fazla \u00f6zelle\u015ftirme se\u00e7ene\u011fi mevcuttur. * \u00c7ip bellek kodlamas\u0131: RFID UHF transponderlerinin EPC kodunun kodlanmas\u0131, UHF etiket belle\u011fi yaz\u0131m\u0131, ayr\u0131ca m\u00fc\u015fteri taraf\u0131ndan sa\u011flanan veritaban\u0131ndan. \u0130\u00e7erikler, ge\u00e7ici veya kal\u0131c\u0131 olarak, bir parola ile kilitlenebilir. Veritaban\u0131nda EPC kodu ve TID kodu ili\u015fkisi. TID kodu ve kademeli\/barkod ili\u015fkisi.<\/p>\n<p><img fetchpriority=\"high\" decoding=\"async\" class=\"alignnone wp-image-297\" src=\"https:\/\/rfid-laundry-tag.com\/wp-content\/uploads\/2024\/06\/on-metal-UHF-tag-235x300.png\" alt=\"\" width=\"486\" height=\"621\" srcset=\"https:\/\/rfid-laundry-tag.com\/wp-content\/uploads\/2024\/06\/on-metal-UHF-tag-235x300.png 235w, https:\/\/rfid-laundry-tag.com\/wp-content\/uploads\/2024\/06\/on-metal-UHF-tag-9x12.png 9w\" sizes=\"(max-width: 486px) 100vw, 486px\" \/><\/p>\n<table class=\"has-title all magic-4\">\n<tbody>\n<tr>\n<td colspan=\"1\" rowspan=\"1\">\n<div class=\"magic-5\" data-spm-anchor-id=\"a2700.details.0.i72.6b4c1284vyugjJ\">Malzeme<\/div>\n<\/td>\n<td colspan=\"1\" rowspan=\"1\">\n<div class=\"magic-6\">ABS<\/div>\n<\/td>\n<\/tr>\n<tr>\n<td colspan=\"1\" rowspan=\"1\">\n<div class=\"magic-5\">Boyut<\/div>\n<\/td>\n<td colspan=\"1\" rowspan=\"1\">\n<div class=\"magic-6\">78x31x10mm veya \u00f6zelle\u015ftirilmi\u015f<\/div>\n<\/td>\n<\/tr>\n<tr>\n<td colspan=\"1\" rowspan=\"1\">\n<div class=\"magic-5\">S\u0131kl\u0131k<\/div>\n<\/td>\n<td colspan=\"1\" rowspan=\"1\">\n<div class=\"magic-6\">860-960mhz<\/div>\n<\/td>\n<\/tr>\n<tr>\n<td colspan=\"1\" rowspan=\"1\">\n<div class=\"magic-5\">IC Tipi (\u00e7ip)<\/div>\n<\/td>\n<td colspan=\"1\" rowspan=\"1\">\n<div class=\"magic-6\">Impinj Monza R6P<\/div>\n<\/td>\n<\/tr>\n<tr>\n<td colspan=\"1\" rowspan=\"1\">\n<div class=\"magic-5\">Protokol<\/div>\n<\/td>\n<td colspan=\"1\" rowspan=\"1\">\n<div class=\"magic-6\">EPC Global S\u0131n\u0131f 1 Gen2 ve ISO18000-6C<\/div>\n<\/td>\n<\/tr>\n<tr>\n<td colspan=\"1\" rowspan=\"1\">\n<div class=\"magic-7\">Haf\u0131za<\/div>\n<\/td>\n<td colspan=\"1\" rowspan=\"1\">\n<div class=\"magic-6\">EPC 128 bit, Kullan\u0131c\u0131 32 bit<\/div>\n<\/td>\n<\/tr>\n<tr>\n<td colspan=\"1\" rowspan=\"1\">\n<div class=\"magic-5\">Etiket Form Fakt\u00f6r\u00fc<\/div>\n<\/td>\n<td colspan=\"1\" rowspan=\"1\">\n<div class=\"magic-6\">Sert etiket<\/div>\n<\/td>\n<\/tr>\n<tr>\n<td colspan=\"1\" rowspan=\"1\">\n<div class=\"magic-5\">Ek Y\u00f6ntemi<\/div>\n<\/td>\n<td colspan=\"1\" rowspan=\"1\">\n<div class=\"magic-6\" data-spm-anchor-id=\"a2700.details.0.i73.6b4c1284vyugjJ\">Vida sabitleme, film yap\u0131\u015ft\u0131r\u0131c\u0131<\/div>\n<\/td>\n<\/tr>\n<tr>\n<td colspan=\"1\" rowspan=\"1\">\n<div class=\"magic-5\">\u00c7al\u0131\u015fma S\u0131cakl\u0131\u011f\u0131<\/div>\n<\/td>\n<td colspan=\"1\" rowspan=\"1\">\n<div class=\"magic-6\">-35 \u00b0C \/ +90 \u00b0C<\/div>\n<\/td>\n<\/tr>\n<tr>\n<td colspan=\"1\" rowspan=\"1\">\n<div class=\"magic-5\">Okuma Mesafesi<\/div>\n<\/td>\n<td colspan=\"1\" rowspan=\"1\">\n<div class=\"magic-6\" data-spm-anchor-id=\"a2700.details.0.i67.6b4c1284vyugjJ\">10m&#039;ye kadar<\/div>\n<\/td>\n<\/tr>\n<tr>\n<td colspan=\"1\" rowspan=\"1\">\n<div class=\"magic-8\">Uygulanabilir Y\u00fczey Malzemeleri<\/div>\n<\/td>\n<td colspan=\"1\" rowspan=\"1\">\n<div class=\"magic-6\">Metal ve metal olmayan y\u00fczeyler<\/div>\n<\/td>\n<\/tr>\n<tr>\n<td colspan=\"1\" rowspan=\"1\">\n<div class=\"magic-7\">IP Derecelendirmesi<\/div>\n<\/td>\n<td colspan=\"1\" rowspan=\"1\">\n<div class=\"magic-6\">IP68<\/div>\n<\/td>\n<\/tr>\n<tr>\n<td colspan=\"1\" rowspan=\"1\">\n<div class=\"magic-7\">Ba\u015fvuru<\/div>\n<\/td>\n<td colspan=\"1\" rowspan=\"1\">\n<div class=\"magic-6\">Varl\u0131klar, a\u011f\u0131r sanayi ve d\u0131\u015f mekan kullan\u0131m\u0131 i\u00e7in<\/div>\n<\/td>\n<\/tr>\n<\/tbody>\n<\/table>\n<p>&nbsp;<\/p>\n<ul>\n<li><strong>\u00c7ip bellek kodlamas\u0131:<\/strong>\n<ul>\n<li><strong>EPC kod kodlamas\u0131:<\/strong>\u00a0UHF transponderleri i\u00e7in EPC kodlar\u0131n\u0131n kodlanmas\u0131n\u0131 destekler.<\/li>\n<li><strong>UHF etiket belle\u011fi yazma:<\/strong>\u00a0\u0130stemci taraf\u0131ndan sa\u011flanan veritaban\u0131ndaki veriler dahil olmak \u00fczere, UHF etiket belle\u011fine veri yaz\u0131lmas\u0131na olanak tan\u0131r.<\/li>\n<li><strong>\u015eifreyle korunan veriler:<\/strong>\u00a0Veriler bir parola arac\u0131l\u0131\u011f\u0131yla ge\u00e7ici veya kal\u0131c\u0131 olarak kilitlenebilir.<\/li>\n<li><strong>Veritaban\u0131 ili\u015fkilendirmesi:<\/strong>\u00a0Veritabanlar\u0131nda EPC kodu ve TID kodu ili\u015fkilendirmesini, ayr\u0131ca TID kodu ve ilerici\/barkod ili\u015fkilendirmesini destekler.<\/li>\n<\/ul>\n<\/li>\n<\/ul>\n<p><strong>Form\u00fcller:<\/strong><\/p>\n<ul>\n<li><strong>EPC kodu:<\/strong>\u00a0<span class=\"math math-inline\"><span class=\"katex\"><span class=\"katex-mathml\">\ud835\udc38\ud835\udc43\ud835\udc36={\ud835\udc48\ud835\udc3c\ud835\udc37,\ud835\udc34\ud835\udc5d\ud835\udc5d\ud835\udc59\ud835\udc56\ud835\udc50\ud835\udc4e\ud835\udc61\ud835\udc56\ud835\udc5c\ud835\udc5b\ud835\udc37\ud835\udc4e\ud835\udc61\ud835\udc4e}<\/span><span class=\"katex-html\" aria-hidden=\"true\"><span class=\"base\"><span class=\"mord mathnormal\">EPC<\/span><span class=\"mrel\">=<\/span><\/span><span class=\"base\"><span class=\"mopen\">{<\/span><span class=\"mord mathnormal\">Sen<\/span><span class=\"mord mathnormal\">BEN<\/span><span class=\"mord mathnormal\">D<\/span><span class=\"mpunct\">,<\/span><span class=\"mord mathnormal\">A<\/span><span class=\"mord mathnormal\">insanlar<\/span><span class=\"mord mathnormal\">Ben<\/span><span class=\"mord mathnormal\">C<\/span><span class=\"mord mathnormal\">A<\/span><span class=\"mord mathnormal\">T<\/span><span class=\"mord mathnormal\">Ben<\/span><span class=\"mord mathnormal\">O<\/span><span class=\"mord mathnormal\">N<\/span><span class=\"mord mathnormal\">D<\/span><span class=\"mord mathnormal\">A<\/span><span class=\"mord mathnormal\">T<\/span><span class=\"mord mathnormal\">A<\/span><span class=\"mclose\">}<\/span><\/span><\/span><\/span><\/span><\/li>\n<li><strong>TID kodu:<\/strong>\u00a0<span class=\"math math-inline\"><span class=\"katex\"><span class=\"katex-mathml\">**={\ud835\udc47\ud835\udc4e\ud835\udc54\ud835\udc3c\ud835\udc37,\ud835\udc40\ud835\udc4e\ud835\udc5b\ud835\udc62\ud835\udc53\ud835\udc4e\ud835\udc50\ud835\udc61\ud835\udc62\ud835\udc5f\ud835\udc52\ud835\udc5f\ud835\udc37\ud835\udc4e\ud835\udc61\ud835\udc4e}<\/span><span class=\"katex-html\" aria-hidden=\"true\"><span class=\"base\"><span class=\"mord mathnormal\">T<\/span><span class=\"mord mathnormal\">BEN<\/span><span class=\"mord mathnormal\">D<\/span><span class=\"mrel\">=<\/span><\/span><span class=\"base\"><span class=\"mopen\">{<\/span><span class=\"mord mathnormal\">T<\/span><span class=\"mord mathnormal\">A<\/span><span class=\"mord mathnormal\">G<\/span><span class=\"mord mathnormal\">BEN<\/span><span class=\"mord mathnormal\">D<\/span><span class=\"mpunct\">,<\/span><span class=\"mord mathnormal\">M<\/span><span class=\"mord mathnormal\">B\u0130R<\/span><span class=\"mord mathnormal\">sen<\/span><span class=\"mord mathnormal\">F<\/span><span class=\"mord mathnormal\">A<\/span><span class=\"mord mathnormal\">C<\/span><span class=\"mord mathnormal\">T<\/span><span class=\"mord mathnormal\">sen<\/span><span class=\"mord mathnormal\">geri<\/span><span class=\"mord mathnormal\">A<\/span><span class=\"mord mathnormal\">T<\/span><span class=\"mord mathnormal\">A<\/span><span class=\"mclose\">}<\/span><\/span><\/span><\/span><\/span><\/li>\n<\/ul>\n<p><strong>Nerede:<\/strong><\/p>\n<ul>\n<li><strong>Kullan\u0131c\u0131 Kimli\u011fi:<\/strong>\u00a0Benzersiz Tan\u0131mlay\u0131c\u0131<\/li>\n<li><strong>UygulamaVerileri:<\/strong>\u00a0Uygulamaya \u00f6zg\u00fc veriler<\/li>\n<li><strong>EtiketKimli\u011fi:<\/strong>\u00a0Benzersiz Etiket Kimli\u011fi<\/li>\n<li><strong>\u00dcreticiVerileri:<\/strong>\u00a0\u00dcretici taraf\u0131ndan sa\u011flanan veriler<\/li>\n<\/ul>\n<p><strong>\u00c7\u00f6z\u00fcm:<\/strong><\/p>\n<p>ABS RFID Etiketi, \u00e7e\u015fitli uygulamalar i\u00e7in \u00e7ok y\u00f6nl\u00fc ve \u00f6zelle\u015ftirilebilir bir \u00e7\u00f6z\u00fcmd\u00fcr ve belirli ihtiya\u00e7lar\u0131 kar\u015f\u0131lamak i\u00e7in sa\u011flam performans ve esnek se\u00e7eneklerin bir kombinasyonunu sunar.<\/p>","protected":false},"excerpt":{"rendered":"<p>On Metal ABS UHF RFID Etiketi, zorlu ortamlarda \u00fcst\u00fcn performans g\u00f6sterecek \u015fekilde tasarlanm\u0131\u015f, g\u00fc\u00e7l\u00fc ve uzun menzilli bir pasif UHF RFID etiketidir.<\/p>","protected":false},"featured_media":298,"template":"","meta":{"_kad_post_transparent":"default","_kad_post_title":"","_kad_post_layout":"default","_kad_post_sidebar_id":"","_kad_post_content_style":"default","_kad_post_vertical_padding":"default","_kad_post_feature":"","_kad_post_feature_position":"","_kad_post_header":false,"_kad_post_footer":false,"_kad_post_classname":""},"product_brand":[],"product_cat":[54],"product_tag":[120,119],"class_list":{"0":"post-296","1":"product","2":"type-product","3":"status-publish","4":"has-post-thumbnail","6":"product_cat-hot-selling-rfid-tags","7":"product_tag-on-metal-abs-rfid-tag","8":"product_tag-on-metal-abs-uhf-rfid-tag","10":"first","11":"instock","12":"shipping-taxable","13":"product-type-simple","14":"entry","15":"content-bg","16":"loop-entry"},"_links":{"self":[{"href":"https:\/\/rfid-laundry-tag.com\/tr\/wp-json\/wp\/v2\/product\/296","targetHints":{"allow":["GET"]}}],"collection":[{"href":"https:\/\/rfid-laundry-tag.com\/tr\/wp-json\/wp\/v2\/product"}],"about":[{"href":"https:\/\/rfid-laundry-tag.com\/tr\/wp-json\/wp\/v2\/types\/product"}],"version-history":[{"count":1,"href":"https:\/\/rfid-laundry-tag.com\/tr\/wp-json\/wp\/v2\/product\/296\/revisions"}],"predecessor-version":[{"id":1322,"href":"https:\/\/rfid-laundry-tag.com\/tr\/wp-json\/wp\/v2\/product\/296\/revisions\/1322"}],"wp:featuredmedia":[{"embeddable":true,"href":"https:\/\/rfid-laundry-tag.com\/tr\/wp-json\/wp\/v2\/media\/298"}],"wp:attachment":[{"href":"https:\/\/rfid-laundry-tag.com\/tr\/wp-json\/wp\/v2\/media?parent=296"}],"wp:term":[{"taxonomy":"product_brand","embeddable":true,"href":"https:\/\/rfid-laundry-tag.com\/tr\/wp-json\/wp\/v2\/product_brand?post=296"},{"taxonomy":"product_cat","embeddable":true,"href":"https:\/\/rfid-laundry-tag.com\/tr\/wp-json\/wp\/v2\/product_cat?post=296"},{"taxonomy":"product_tag","embeddable":true,"href":"https:\/\/rfid-laundry-tag.com\/tr\/wp-json\/wp\/v2\/product_tag?post=296"}],"curies":[{"name":"wp","href":"https:\/\/api.w.org\/{rel}","templated":true}]}}