{"id":2942,"date":"2025-10-27T13:54:59","date_gmt":"2025-10-27T13:54:59","guid":{"rendered":"https:\/\/rfid-laundry-tag.com\/?post_type=product&#038;p=2942"},"modified":"2025-10-27T14:13:32","modified_gmt":"2025-10-27T14:13:32","slug":"iron-heating-sealed-rfid-laundry-tag","status":"publish","type":"product","link":"https:\/\/rfid-laundry-tag.com\/tr\/iron-heating-sealed-rfid-laundry-tag\/","title":{"rendered":"Demir Is\u0131tmal\u0131 M\u00fch\u00fcrl\u00fc RFID \u00c7ama\u015f\u0131r Etiketi"},"content":{"rendered":"<div>\n<div class=\"auto-hide-last-sibling-br paragraph_1252f paragraph-element\">\n<h2 data-start=\"0\" data-end=\"75\"><strong data-start=\"0\" data-end=\"75\">Demir Is\u0131tmal\u0131 M\u00fch\u00fcrl\u00fc RFID \u00c7ama\u015f\u0131r Etiketi \u2013 Dayan\u0131kl\u0131, Verimli ve G\u00fcvenilir<\/strong><\/h2>\n<p data-start=\"77\" data-end=\"443\">The <strong data-start=\"81\" data-end=\"121\">Demir Is\u0131tmal\u0131 M\u00fch\u00fcrl\u00fc RFID \u00c7ama\u015f\u0131r Etiketi<\/strong> End\u00fcstriyel \u00e7ama\u015f\u0131rhane, sa\u011fl\u0131k ve \u00fcniforma y\u00f6netimi sekt\u00f6rleri i\u00e7in \u00f6zel olarak tasarlanm\u0131\u015f, tekstil tan\u0131mlama ve takibi i\u00e7in y\u00fcksek performansl\u0131 bir \u00e7\u00f6z\u00fcmd\u00fcr. \u00dcst\u00fcn dayan\u0131kl\u0131l\u0131\u011f\u0131 sayesinde zorlu \u00e7ama\u015f\u0131rhane ko\u015fullar\u0131nda m\u00fckemmel performans g\u00f6stererek, Avrupa, ABD ve Kanada genelinde \u00e7ama\u015f\u0131rlar\u0131n uzun s\u00fcreli ve kesintisiz takibini sa\u011flar.<\/p>\n<h3 data-start=\"445\" data-end=\"462\">Temel Faydalar:<\/h3>\n<ul data-start=\"463\" data-end=\"937\">\n<li data-start=\"463\" data-end=\"616\">\n<p data-start=\"465\" data-end=\"616\"><strong data-start=\"465\" data-end=\"496\">Suya ve Is\u0131ya Dayan\u0131kl\u0131<\/strong>: Deterjanlara, a\u011fart\u0131c\u0131lara ve y\u00fcksek s\u0131cakl\u0131klara maruz kalmaya dayan\u0131kl\u0131d\u0131r, end\u00fcstriyel \u00e7ama\u015f\u0131r y\u0131kama i\u015flemlerinde dayan\u0131kl\u0131l\u0131k sa\u011flar.<\/p>\n<\/li>\n<li data-start=\"617\" data-end=\"731\">\n<p data-start=\"619\" data-end=\"731\"><strong data-start=\"619\" data-end=\"647\">Uzun \u00d6m\u00fcrl\u00fc Performans<\/strong>: Kadar dayan\u0131r <strong data-start=\"663\" data-end=\"685\">200 y\u0131kama d\u00f6ng\u00fcs\u00fc<\/strong> veya <strong data-start=\"689\" data-end=\"703\">300 y\u0131kama<\/strong>, uzun s\u00fcreli kullan\u0131m garantisi.<\/p>\n<\/li>\n<li data-start=\"732\" data-end=\"829\">\n<p data-start=\"734\" data-end=\"829\"><strong data-start=\"734\" data-end=\"757\">\u00dcst\u00fcn Okuma Aral\u0131\u011f\u0131<\/strong>: Okuma mesafesi sunar <strong data-start=\"785\" data-end=\"800\">8-12 metre<\/strong> h\u0131zl\u0131 ve do\u011fru tarama i\u00e7in.<\/p>\n<\/li>\n<li data-start=\"830\" data-end=\"937\">\n<p data-start=\"832\" data-end=\"937\"><strong data-start=\"832\" data-end=\"852\">H\u0131zl\u0131 Teslimat<\/strong>: Sadece h\u0131zl\u0131 teslimat s\u00fcresi <strong data-start=\"877\" data-end=\"887\">3 g\u00fcn<\/strong>, \u0130htiyac\u0131n\u0131z olan \u015feye ihtiyac\u0131n\u0131z oldu\u011funda ula\u015fman\u0131z\u0131 sa\u011flar.<\/p>\n<\/li>\n<\/ul>\n<h3 data-start=\"939\" data-end=\"956\">Temel \u00d6zellikler:<\/h3>\n<ul data-start=\"957\" data-end=\"1499\">\n<li data-start=\"957\" data-end=\"1123\">\n<p data-start=\"959\" data-end=\"1123\"><strong data-start=\"959\" data-end=\"990\">Kimyasal ve Suya Dayan\u0131kl\u0131l\u0131k<\/strong>:Deterjanlara, yumu\u015fat\u0131c\u0131lara, a\u011fart\u0131c\u0131lara ve alkali i\u015flemlere dayan\u0131kl\u0131 olacak \u015fekilde \u00fcretilen bu RFID etiketi, zorlu ko\u015fullar alt\u0131nda \u00e7al\u0131\u015fmaya devam eder.<\/p>\n<\/li>\n<li data-start=\"1124\" data-end=\"1248\">\n<p data-start=\"1126\" data-end=\"1248\"><strong data-start=\"1126\" data-end=\"1152\">Is\u0131l S\u0131zd\u0131rmazl\u0131k Teknolojisi<\/strong>:Is\u0131 yap\u0131\u015ft\u0131rma makineleriyle kolayca entegre olur, kuma\u015flara sa\u011flam ve kal\u0131c\u0131 bir \u015fekilde tutunur.<\/p>\n<\/li>\n<li data-start=\"1249\" data-end=\"1388\">\n<p data-start=\"1251\" data-end=\"1388\"><strong data-start=\"1251\" data-end=\"1272\">\u00dct\u00fcyle Yap\u0131\u015ft\u0131r\u0131labilir ve Dikilebilir<\/strong>: Is\u0131 presleme veya diki\u015f y\u00f6ntemleriyle esnek uygulama, etiketlerin tekstil kenarlar\u0131na veya bak\u0131m etiketlerine yerle\u015ftirilmesi i\u00e7in idealdir.<\/p>\n<\/li>\n<li data-start=\"1389\" data-end=\"1499\">\n<p data-start=\"1391\" data-end=\"1499\"><strong data-start=\"1391\" data-end=\"1421\">Y\u00fcksek S\u0131cakl\u0131\u011fa Dayan\u0131kl\u0131<\/strong>: Yo\u011fun end\u00fcstriyel \u00e7ama\u015f\u0131r \u0131s\u0131s\u0131na ve mekanik strese dayanacak \u015fekilde tasarlanm\u0131\u015ft\u0131r.<\/p>\n<\/li>\n<\/ul>\n<h3 data-start=\"1501\" data-end=\"1530\">Teknik \u00d6zellikler:<\/h3>\n<ul data-start=\"1531\" data-end=\"2169\">\n<li data-start=\"1531\" data-end=\"1653\">\n<p data-start=\"1533\" data-end=\"1653\"><strong data-start=\"1533\" data-end=\"1549\">Boyut Se\u00e7enekleri<\/strong>: 35mm x 15mm, 58mm x 15mm, 70mm x 10mm, 70mm x 15mm, 75mm x 12mm, 75mm x 15mm (\u00f6zel boyutlar mevcuttur).<\/p>\n<\/li>\n<li data-start=\"1654\" data-end=\"1710\">\n<p data-start=\"1656\" data-end=\"1710\"><strong data-start=\"1656\" data-end=\"1674\">RFID Standartlar\u0131<\/strong>: ISO\/IEC 18000-6 Tip C (EPC Gen2).<\/p>\n<\/li>\n<li data-start=\"1711\" data-end=\"1770\">\n<p data-start=\"1713\" data-end=\"1770\"><strong data-start=\"1713\" data-end=\"1729\">\u00c7ip Se\u00e7enekleri<\/strong>: NXP U CODE 9, Alien H9, vb.<\/p>\n<\/li>\n<li data-start=\"1771\" data-end=\"1813\">\n<p data-start=\"1773\" data-end=\"1813\"><strong data-start=\"1773\" data-end=\"1783\">Haf\u0131za<\/strong>: EPC 128 bit, Kullan\u0131c\u0131 512 bit.<\/p>\n<\/li>\n<li data-start=\"1814\" data-end=\"1852\">\n<p data-start=\"1816\" data-end=\"1852\"><strong data-start=\"1816\" data-end=\"1830\">Okuma Aral\u0131\u011f\u0131<\/strong>: 8M \u2013 10M (FCC\/ETSI).<\/p>\n<\/li>\n<li data-start=\"1853\" data-end=\"1927\">\n<p data-start=\"1855\" data-end=\"1927\"><strong data-start=\"1855\" data-end=\"1874\">Etiketleme Y\u00f6ntemleri<\/strong>: Is\u0131yla yap\u0131\u015ft\u0131rma, s\u0131cak damgalama yap\u0131\u015ft\u0131r\u0131c\u0131s\u0131 veya delik delme.<\/p>\n<\/li>\n<li data-start=\"1928\" data-end=\"2042\">\n<p data-start=\"1930\" data-end=\"2042\"><strong data-start=\"1930\" data-end=\"1956\">S\u0131cakl\u0131k ve Nem<\/strong>: Aras\u0131nda \u00e7al\u0131\u015f\u0131r <strong data-start=\"1975\" data-end=\"1993\">-20\u00b0C ila 110\u00b0C<\/strong>; depolama aral\u0131\u011f\u0131 <strong data-start=\"2009\" data-end=\"2027\">-40\u00b0C ila 110\u00b0C<\/strong> 8-95% RH ile.<\/p>\n<\/li>\n<li data-start=\"2043\" data-end=\"2169\">\n<p data-start=\"2045\" data-end=\"2169\"><strong data-start=\"2045\" data-end=\"2072\">Y\u0131kama ve Sterilizasyon<\/strong>: &#039;ye kadar y\u0131kama s\u0131cakl\u0131klar\u0131na dayan\u0131kl\u0131d\u0131r <strong data-start=\"2111\" data-end=\"2119\">90\u00b0C<\/strong> ve sterilizasyon <strong data-start=\"2141\" data-end=\"2168\">135\u00b0C&#039;de 15-20 dakika<\/strong>.<\/p>\n<\/li>\n<\/ul>\n<\/div>\n<\/div>\n<h2 data-start=\"2812\" data-end=\"3015\"><strong>Veri sayfas\u0131<\/strong><\/h2>\n<div>\n<div class=\"auto-hide-last-sibling-br paragraph_1252f paragraph-element\">\n<div>\n<table width=\"637\">\n<tbody>\n<tr>\n<td width=\"328\">\u00dcr\u00fcn Ad\u0131:<\/td>\n<td width=\"309\">Demir Is\u0131tmal\u0131 M\u00fch\u00fcrl\u00fc RFID \u00c7ama\u015f\u0131r Etiketi<\/td>\n<\/tr>\n<tr>\n<td width=\"328\">RFID Standard\u0131:<\/td>\n<td width=\"309\">ISO\/IEC 18000-6 TipC (EPC Gen2)<\/td>\n<\/tr>\n<tr>\n<td width=\"328\">Boyut ve A\u011f\u0131rl\u0131k:<\/td>\n<td width=\"309\">\u00a035mm x 15mm; 58mm x 15mm; 70mm x 10mm 70 x 15 mm 75 x 12mm 75 x 15 mm veya \u00f6zelle\u015ftirilmi\u015f<\/td>\n<\/tr>\n<tr>\n<td width=\"328\">\u00c7ip T\u00fcr\u00fc:<\/td>\n<td width=\"309\">Monza 4QT,NXP U CODE 9,Alien H9 vb.<\/td>\n<\/tr>\n<tr>\n<td width=\"328\">EPC Belle\u011fi:<\/td>\n<td width=\"309\">128 bit<\/td>\n<\/tr>\n<tr>\n<td width=\"328\">Kullan\u0131c\u0131 Belle\u011fi:<\/td>\n<td width=\"309\">512 bit<\/td>\n<\/tr>\n<tr>\n<td width=\"328\">Okuma Aral\u0131\u011f\u0131(2W ERP FCC):<\/td>\n<td width=\"309\">8A~10A<\/td>\n<\/tr>\n<tr>\n<td width=\"328\">Okuma Aral\u0131\u011f\u0131(2W ERP ETSI):<\/td>\n<td width=\"309\">8A~10A<\/td>\n<\/tr>\n<tr>\n<td width=\"328\">Etiketleme:<\/td>\n<td width=\"309\">S\u0131cak damgalama yap\u0131\u015ft\u0131r\u0131c\u0131s\u0131, Is\u0131tma contas\u0131, delik vb.<\/td>\n<\/tr>\n<tr>\n<td width=\"328\">Tahmini \u00d6m\u00fcr:<\/td>\n<td width=\"309\">200 y\u0131kama d\u00f6ng\u00fcs\u00fc veya 300 kez<\/td>\n<\/tr>\n<tr>\n<td width=\"328\">Y\u0131kama Y\u00f6ntemi:<\/td>\n<td width=\"309\">\u00c7ama\u015f\u0131rhane, Kuru temizleme<\/td>\n<\/tr>\n<tr>\n<td width=\"328\">Su \u00c7\u0131karma Bas\u0131nc\u0131:<\/td>\n<td width=\"309\">60 bar<\/td>\n<\/tr>\n<tr>\n<td width=\"328\">Suya Dayan\u0131kl\u0131l\u0131k:<\/td>\n<td width=\"309\">Su ge\u00e7irmez<\/td>\n<\/tr>\n<tr>\n<td width=\"328\">Kimyasal Diren\u00e7:<\/td>\n<td width=\"309\">Deterjan, Yumu\u015fat\u0131c\u0131, \u00c7ama\u015f\u0131r Suyu (Oksijen\/ Klor), Alkali<\/td>\n<\/tr>\n<tr>\n<td width=\"328\">Tumbler&#039;da \u00d6n Kurutma:<\/td>\n<td width=\"309\">125 \u00baC&#039;de 15-20 dakika<\/td>\n<\/tr>\n<tr>\n<td width=\"328\">Sterilizasyon S\u0131cakl\u0131\u011f\u0131:<\/td>\n<td width=\"309\">135\u00b0C&#039;de 15-20 dakika<\/td>\n<\/tr>\n<tr>\n<td width=\"328\">Y\u0131kama S\u0131cakl\u0131\u011f\u0131:<\/td>\n<td width=\"309\">90\u00b0C ,15dk&#039;ya kadar.<\/td>\n<\/tr>\n<tr>\n<td width=\"328\">Nem\/S\u0131cakl\u0131k-\u00c7al\u0131\u015fma:<\/td>\n<td width=\"309\">-20 ila 110\u00b0C, 8 ila 95%RH<\/td>\n<\/tr>\n<tr>\n<td width=\"328\">Nem\/S\u0131cakl\u0131k-Depolama:<\/td>\n<td width=\"309\">-40 ila 110\u00b0C, 8 ila 95%RH<\/td>\n<\/tr>\n<\/tbody>\n<\/table>\n<\/div>\n<\/div>\n<\/div>\n<div><\/div>\n<div class=\"auto-hide-last-sibling-br paragraph_1252f paragraph-element\"><span class=\"AnswerParser_TextContainer__z_Iiv\" data-testid=\"youchat-text\"><strong>RFID UHF \u00e7ama\u015f\u0131r etiketleri<\/strong> i\u015f k\u0131yafetlerini, otel havlular\u0131n\u0131 ve hastane yatak \u00f6rt\u00fclerini etkili bir \u015fekilde y\u00f6netmek i\u00e7in nihai \u00e7\u00f6z\u00fcmd\u00fcr. Bu dayan\u0131kl\u0131 etiketler, end\u00fcstriyel y\u0131kama i\u015flemlerinde tipik olarak kullan\u0131lan y\u00fcksek s\u0131cakl\u0131klara ve sert kimyasallara dayanacak \u015fekilde tasarlanm\u0131\u015ft\u0131r. Sa\u011flam yap\u0131lar\u0131, birden fazla y\u0131kama d\u00f6ng\u00fcs\u00fcnden sonra bile i\u015flevsel kalmalar\u0131n\u0131 sa\u011flayarak, onlar\u0131 her t\u00fcrl\u00fc \u00e7ama\u015f\u0131rhane operasyonunda paha bi\u00e7ilmez bir varl\u0131k haline getirir.<\/span><span class=\"AnswerParser_TextContainer__z_Iiv\" data-testid=\"youchat-text\">RFID teknolojisini \u00e7ama\u015f\u0131rhane y\u00f6netim sisteminize entegre ederek, elle\u00e7leme maliyetlerinizi \u00f6nemli \u00f6l\u00e7\u00fcde azaltabilirsiniz. RFID a\u011f ge\u00e7itleri ve saya\u00e7lar\u0131, izleme s\u00fcrecini basitle\u015ftirerek \u00e7ama\u015f\u0131r \u00f6\u011felerini h\u0131zla bulman\u0131z\u0131 ve tan\u0131mlaman\u0131z\u0131 sa\u011flar. Bu, yaln\u0131zca zamandan tasarruf sa\u011flamakla kalmaz, ayn\u0131 zamanda envanter do\u011frulu\u011funu da art\u0131rarak y\u0131kama d\u00f6ng\u00fclerini kolayca takip etmenizi sa\u011flar. RFID UHF \u00e7ama\u015f\u0131r etiketleriyle, operasyonel verimlili\u011finizi art\u0131racak ve \u00e7ama\u015f\u0131r \u00f6\u011felerinizin her zaman hesaba kat\u0131lmas\u0131n\u0131 sa\u011flayacaks\u0131n\u0131z.<\/span><\/div>\n<div><\/div>\n<div>\n<h3 data-start=\"2171\" data-end=\"2219\">End\u00fcstriyel \u00c7ama\u015f\u0131rhane Operasyonlar\u0131 i\u00e7in Optimize Edilmi\u015ftir:<\/h3>\n<p data-start=\"2220\" data-end=\"2515\">RFID UHF \u00e7ama\u015f\u0131r etiketleri, i\u015f \u00fcniformalar\u0131, otel tekstilleri, hastane tekstilleri ve daha fazlas\u0131 i\u00e7in verimli varl\u0131k y\u00f6netimi sa\u011flar. Y\u00fcksek s\u0131cakl\u0131klara ve sert kimyasallara dayan\u0131kl\u0131 olan bu etiketler, birden fazla y\u0131kama d\u00f6ng\u00fcs\u00fcnden sonra bile i\u015flevselli\u011fini koruyarak \u00e7ama\u015f\u0131r y\u0131kama operasyonunuzun sorunsuz bir \u015fekilde ilerlemesini sa\u011flar.<\/p>\n<p data-start=\"2517\" data-end=\"2583\">\u00c7ama\u015f\u0131rhane y\u00f6netim sisteminize RFID&#039;yi entegre ederek \u015funlar\u0131 elde edersiniz:<\/p>\n<ul data-start=\"2584\" data-end=\"2810\">\n<li data-start=\"2584\" data-end=\"2675\">\n<p data-start=\"2586\" data-end=\"2675\"><strong data-start=\"2586\" data-end=\"2609\">Geli\u015fmi\u015f Verimlilik<\/strong>: Daha h\u0131zl\u0131, daha do\u011fru envanter takibi, ta\u015f\u0131ma maliyetlerini azalt\u0131r.<\/p>\n<\/li>\n<li data-start=\"2676\" data-end=\"2810\">\n<p data-start=\"2678\" data-end=\"2810\"><strong data-start=\"2678\" data-end=\"2699\">Geli\u015ftirilmi\u015f Do\u011fruluk<\/strong>:RFID teknolojisi hassas konum takibini sa\u011flayarak hatalar\u0131 azalt\u0131r ve \u00fcr\u00fcnlerin muhasebele\u015ftirilmesini sa\u011flar.<\/p>\n<\/li>\n<\/ul>\n<p data-start=\"2812\" data-end=\"3015\"><strong data-start=\"2812\" data-end=\"2853\">Demir Is\u0131tmal\u0131 M\u00fch\u00fcrl\u00fc RFID \u00c7ama\u015f\u0131r Etiketleri<\/strong> \u00c7ama\u015f\u0131rhane operasyonunuzu daha h\u0131zl\u0131, daha g\u00fcvenilir ve daha uygun maliyetli hale getirin, i\u015f ak\u0131\u015f\u0131n\u0131z\u0131 kolayla\u015ft\u0131r\u0131n ve \u00fcr\u00fcnlerinizin her y\u0131kamada izlenebilir kalmas\u0131n\u0131 sa\u011flay\u0131n.<\/p>\n<\/div>\n<div data-spm-anchor-id=\"a2700.details.0.i57.23b419c7xXORP0\"><\/div>\n<div class=\"auto-hide-last-sibling-br paragraph_1252f paragraph-element\"><\/div>\n<div class=\"auto-hide-last-sibling-br paragraph_1252f paragraph-element\"><\/div>","protected":false},"excerpt":{"rendered":"<p>Biz Demir Is\u0131tmal\u0131 M\u00fch\u00fcrl\u00fc RFID \u00c7ama\u015f\u0131r Etiketi&#039;nin EN \u0130Y\u0130 5 \u00fcreticisiyiz<strong>.RFID \u00c7ama\u015f\u0131r Etiketi<\/strong>\u00a0Avrupa, ABD ve Kanada genelinde sa\u011fl\u0131k, \u00e7ama\u015f\u0131rhane ve \u00fcniformalarda dayan\u0131kl\u0131 tekstil takibi sa\u011flar; zorlu y\u0131kama d\u00f6ng\u00fclerine dayan\u0131kl\u0131d\u0131r.<\/p>","protected":false},"featured_media":2943,"template":"","meta":{"_kad_post_transparent":"default","_kad_post_title":"","_kad_post_layout":"default","_kad_post_sidebar_id":"","_kad_post_content_style":"default","_kad_post_vertical_padding":"default","_kad_post_feature":"","_kad_post_feature_position":"","_kad_post_header":false,"_kad_post_footer":false,"_kad_post_classname":""},"product_brand":[],"product_cat":[16],"product_tag":[364,363,338,342,339,65,30],"class_list":{"0":"post-2942","1":"product","2":"type-product","3":"status-publish","4":"has-post-thumbnail","6":"product_cat-uhf-rfid-laundry-tags","7":"product_tag-heating-sealed-rfid-laundry-tag","8":"product_tag-iron-heating-sealed-rfid-laundry-tag","9":"product_tag-rfid-chips-for-uniforms","10":"product_tag-rfid-laundry-tags","11":"product_tag-rfid-washable-tags","12":"product_tag-textile-rfid-laundry-tags","13":"product_tag-uhf-rfid-laundry-tag","15":"first","16":"instock","17":"featured","18":"shipping-taxable","19":"product-type-simple","20":"entry","21":"content-bg","22":"loop-entry"},"_links":{"self":[{"href":"https:\/\/rfid-laundry-tag.com\/tr\/wp-json\/wp\/v2\/product\/2942","targetHints":{"allow":["GET"]}}],"collection":[{"href":"https:\/\/rfid-laundry-tag.com\/tr\/wp-json\/wp\/v2\/product"}],"about":[{"href":"https:\/\/rfid-laundry-tag.com\/tr\/wp-json\/wp\/v2\/types\/product"}],"version-history":[{"count":2,"href":"https:\/\/rfid-laundry-tag.com\/tr\/wp-json\/wp\/v2\/product\/2942\/revisions"}],"predecessor-version":[{"id":2948,"href":"https:\/\/rfid-laundry-tag.com\/tr\/wp-json\/wp\/v2\/product\/2942\/revisions\/2948"}],"wp:featuredmedia":[{"embeddable":true,"href":"https:\/\/rfid-laundry-tag.com\/tr\/wp-json\/wp\/v2\/media\/2943"}],"wp:attachment":[{"href":"https:\/\/rfid-laundry-tag.com\/tr\/wp-json\/wp\/v2\/media?parent=2942"}],"wp:term":[{"taxonomy":"product_brand","embeddable":true,"href":"https:\/\/rfid-laundry-tag.com\/tr\/wp-json\/wp\/v2\/product_brand?post=2942"},{"taxonomy":"product_cat","embeddable":true,"href":"https:\/\/rfid-laundry-tag.com\/tr\/wp-json\/wp\/v2\/product_cat?post=2942"},{"taxonomy":"product_tag","embeddable":true,"href":"https:\/\/rfid-laundry-tag.com\/tr\/wp-json\/wp\/v2\/product_tag?post=2942"}],"curies":[{"name":"wp","href":"https:\/\/api.w.org\/{rel}","templated":true}]}}