{"id":294,"date":"2024-06-26T15:13:51","date_gmt":"2024-06-26T15:13:51","guid":{"rendered":"https:\/\/rfid-laundry-tag.com\/?post_type=product&#038;p=294"},"modified":"2024-08-14T16:45:57","modified_gmt":"2024-08-14T16:45:57","slug":"anti-metal-nfc-patrol-tag","status":"publish","type":"product","link":"https:\/\/rfid-laundry-tag.com\/tr\/anti-metal-nfc-patrol-tag\/","title":{"rendered":"Anti Metal NFC Devriye Etiketi"},"content":{"rendered":"<p>Anti Metal NFC Devriye Etiketi, NTAG213, NTAG215 ve NTAG216 \u00e7ipleri, NXP Semiconductors taraf\u0131ndan perakende, oyun ve t\u00fcketici elektroni\u011fi gibi kitle pazar\u0131 uygulamalar\u0131nda NFC cihazlar\u0131 veya NFC uyumlu Yak\u0131nl\u0131k Ba\u011flant\u0131 Cihazlar\u0131 ile birlikte kullan\u0131lmak \u00fczere standart NFC etiket IC&#039;leri olarak geli\u015ftirilmi\u015ftir. NTAG213, NTAG215 ve NTAG216 (bundan sonra genel olarak NTAG21x olarak adland\u0131r\u0131l\u0131r) NFC Forum Tip 2 Etiketi ve ISO\/IEC14443 Tip A spesifikasyonlar\u0131na tam olarak uyacak \u015fekilde tasarlanm\u0131\u015ft\u0131r.<\/p>\n<table class=\"hight-light-first-column all magic-11\">\n<tbody>\n<tr>\n<td colspan=\"1\" rowspan=\"1\">\n<div class=\"magic-12\" data-spm-anchor-id=\"a2700.details.0.i57.12287cd6Tl6d8d\">Boyut<\/div>\n<\/td>\n<td colspan=\"4\" rowspan=\"1\">\n<div class=\"magic-13\">\u00c7ap 25mm<\/div>\n<\/td>\n<\/tr>\n<tr>\n<td colspan=\"1\" rowspan=\"1\">\n<div class=\"magic-12\">Renk<\/div>\n<\/td>\n<td colspan=\"4\" rowspan=\"1\">\n<div class=\"magic-16\">Siyah, Beyaz, Sar\u0131, K\u0131rm\u0131z\u0131 veya \u00f6zel<\/div>\n<\/td>\n<\/tr>\n<tr>\n<td colspan=\"1\" rowspan=\"1\">\n<div class=\"magic-12\">\u00c7ip<\/div>\n<\/td>\n<td colspan=\"4\" rowspan=\"1\">\n<div class=\"magic-13\">NTAG213, NTAG215, NTAG216<\/div>\n<\/td>\n<\/tr>\n<tr>\n<td colspan=\"1\" rowspan=\"1\">\n<div class=\"magic-12\">S\u0131kl\u0131k<\/div>\n<\/td>\n<td colspan=\"4\" rowspan=\"1\">\n<div class=\"magic-13\">13.56mhz<\/div>\n<\/td>\n<\/tr>\n<tr>\n<td colspan=\"1\" rowspan=\"1\">\n<div class=\"magic-12\">Protokol<\/div>\n<\/td>\n<td colspan=\"4\" rowspan=\"1\">\n<div class=\"magic-13\">ISO14443A, NFC Forum Tip 2<\/div>\n<\/td>\n<\/tr>\n<tr>\n<td colspan=\"1\" rowspan=\"1\">\n<div class=\"magic-12\">Malzeme<\/div>\n<\/td>\n<td colspan=\"4\" rowspan=\"1\">\n<div class=\"magic-13\">ABS<\/div>\n<\/td>\n<\/tr>\n<tr>\n<td colspan=\"1\" rowspan=\"1\">\n<div class=\"magic-12\">\u00c7al\u0131\u015fma s\u0131cakl\u0131\u011f\u0131<\/div>\n<\/td>\n<td colspan=\"4\" rowspan=\"1\">\n<div class=\"magic-13\">-20 ila 85 derece C<\/div>\n<\/td>\n<\/tr>\n<tr>\n<td colspan=\"1\" rowspan=\"1\">\n<div class=\"magic-12\">Ba\u015fvuru<\/div>\n<\/td>\n<td colspan=\"4\" rowspan=\"1\">\n<div class=\"magic-16\">\u00c7ama\u015f\u0131r zinciri, Sert kimyasal, \u00f6deme cihaz\u0131, d\u0131\u015f mekan kullan\u0131m\u0131, Kimyasal, End\u00fcstriyel, Lojistik, Devriye g\u00f6revlisi, \u00fcyelik, Nakliye konteyneri, paletler, vb.<\/div>\n<\/td>\n<\/tr>\n<tr>\n<td colspan=\"1\" rowspan=\"1\">\n<div class=\"magic-12\">Su Ge\u00e7irmezlik Derecesi<\/div>\n<\/td>\n<td colspan=\"4\" rowspan=\"1\">\n<div class=\"magic-16\">IP67<\/div>\n<\/td>\n<\/tr>\n<tr>\n<td colspan=\"1\" rowspan=\"1\">\n<div class=\"magic-12\">Okuma Aral\u0131\u011f\u0131<\/div>\n<\/td>\n<td colspan=\"4\" rowspan=\"1\">\n<div class=\"magic-16\">5-10 cm, okuyucuya ba\u011fl\u0131<\/div>\n<\/td>\n<\/tr>\n<tr>\n<td colspan=\"1\" rowspan=\"1\">\n<div class=\"magic-12\">El sanatlar\u0131<\/div>\n<\/td>\n<td colspan=\"4\" rowspan=\"1\">\n<div class=\"magic-16\">Lazerle Kaz\u0131nm\u0131\u015f Seri Numaras\u0131, barkod vb.<\/div>\n<\/td>\n<\/tr>\n<tr>\n<td colspan=\"1\" rowspan=\"1\">\n<div class=\"magic-12\">Montaj<\/div>\n<\/td>\n<td colspan=\"4\" rowspan=\"1\">\n<div class=\"magic-16\">Yap\u0131\u015ft\u0131r\u0131c\u0131 veya vida veya per\u00e7in ile<\/div>\n<\/td>\n<\/tr>\n<\/tbody>\n<\/table>","protected":false},"excerpt":{"rendered":"<p>Anti Metal NFC Devriye Etiketi.NFC teknolojisi geleneksel olarak bir s\u0131n\u0131rlamayla kar\u015f\u0131 kar\u015f\u0131ya kalm\u0131\u015ft\u0131r: normal NFC etiketleri metal y\u00fczeylerde iyi \u00e7al\u0131\u015fmaz. Bunun nedeni metalin ileti\u015fim i\u00e7in kullan\u0131lan elektromanyetik sinyalleri bozmas\u0131d\u0131r. Ancak, yeni bir etiket t\u00fcr\u00fc, <strong>Metal \u00dczeri NFC Etiketleri<\/strong>, bu sorunu \u00e7\u00f6zer.<\/p>","protected":false},"featured_media":295,"template":"","meta":{"_kad_post_transparent":"default","_kad_post_title":"","_kad_post_layout":"default","_kad_post_sidebar_id":"","_kad_post_content_style":"default","_kad_post_vertical_padding":"default","_kad_post_feature":"","_kad_post_feature_position":"","_kad_post_header":false,"_kad_post_footer":false,"_kad_post_classname":""},"product_brand":[],"product_cat":[54],"product_tag":[118,216,217],"class_list":{"0":"post-294","1":"product","2":"type-product","3":"status-publish","4":"has-post-thumbnail","6":"product_cat-hot-selling-rfid-tags","7":"product_tag-anti-metal-nfc-patrol-tag","8":"product_tag-nfc-patrol-tag","9":"product_tag-nfc-tags","11":"first","12":"instock","13":"shipping-taxable","14":"product-type-simple","15":"entry","16":"content-bg","17":"loop-entry"},"_links":{"self":[{"href":"https:\/\/rfid-laundry-tag.com\/tr\/wp-json\/wp\/v2\/product\/294","targetHints":{"allow":["GET"]}}],"collection":[{"href":"https:\/\/rfid-laundry-tag.com\/tr\/wp-json\/wp\/v2\/product"}],"about":[{"href":"https:\/\/rfid-laundry-tag.com\/tr\/wp-json\/wp\/v2\/types\/product"}],"version-history":[{"count":1,"href":"https:\/\/rfid-laundry-tag.com\/tr\/wp-json\/wp\/v2\/product\/294\/revisions"}],"predecessor-version":[{"id":1334,"href":"https:\/\/rfid-laundry-tag.com\/tr\/wp-json\/wp\/v2\/product\/294\/revisions\/1334"}],"wp:featuredmedia":[{"embeddable":true,"href":"https:\/\/rfid-laundry-tag.com\/tr\/wp-json\/wp\/v2\/media\/295"}],"wp:attachment":[{"href":"https:\/\/rfid-laundry-tag.com\/tr\/wp-json\/wp\/v2\/media?parent=294"}],"wp:term":[{"taxonomy":"product_brand","embeddable":true,"href":"https:\/\/rfid-laundry-tag.com\/tr\/wp-json\/wp\/v2\/product_brand?post=294"},{"taxonomy":"product_cat","embeddable":true,"href":"https:\/\/rfid-laundry-tag.com\/tr\/wp-json\/wp\/v2\/product_cat?post=294"},{"taxonomy":"product_tag","embeddable":true,"href":"https:\/\/rfid-laundry-tag.com\/tr\/wp-json\/wp\/v2\/product_tag?post=294"}],"curies":[{"name":"wp","href":"https:\/\/api.w.org\/{rel}","templated":true}]}}