{"id":2864,"date":"2024-11-05T13:39:10","date_gmt":"2024-11-05T13:39:10","guid":{"rendered":"https:\/\/rfid-laundry-tag.com\/?post_type=product&#038;p=2864"},"modified":"2024-11-05T13:58:17","modified_gmt":"2024-11-05T13:58:17","slug":"nfc-keychain-ntag213-ntag215-ntag216","status":"publish","type":"product","link":"https:\/\/rfid-laundry-tag.com\/tr\/nfc-keychain-ntag213-ntag215-ntag216\/","title":{"rendered":"NFC Anahtarl\u0131k Ntag213 Ntag215 Ntag216"},"content":{"rendered":"<h2>NFC Anahtarl\u0131k Ntag213 Ntag215 Ntag216<\/h2>\n<table class=\"all magic-12\">\n<tbody>\n<tr>\n<td colspan=\"1\" rowspan=\"1\">\n<div class=\"magic-13\">\u00c7ip<\/div>\n<\/td>\n<td colspan=\"1\" rowspan=\"1\">\n<div class=\"magic-14\">NTAG\u00ae 213, Ntag215, Ntag216<\/div>\n<\/td>\n<\/tr>\n<tr>\n<td colspan=\"1\" rowspan=\"1\">\n<div class=\"magic-13\">Protokol<\/div>\n<\/td>\n<td colspan=\"1\" rowspan=\"1\">\n<div class=\"magic-14\">ISO 14443A<\/div>\n<\/td>\n<\/tr>\n<tr>\n<td colspan=\"1\" rowspan=\"1\">\n<div class=\"magic-13\">Boyut<\/div>\n<\/td>\n<td colspan=\"1\" rowspan=\"1\">\n<div class=\"magic-14\">41*32mm Veya \u00f6zelle\u015ftirilmi\u015f<\/div>\n<\/td>\n<\/tr>\n<tr>\n<td colspan=\"1\" rowspan=\"1\">\n<div class=\"magic-13\">Haf\u0131za<\/div>\n<\/td>\n<td colspan=\"1\" rowspan=\"1\">\n<div class=\"magic-14\" data-spm-anchor-id=\"a2700.details.0.i42.450c1986usT9sY\">144 bayt,504 Bayt,888 Bayt<\/div>\n<\/td>\n<\/tr>\n<tr>\n<td colspan=\"1\" rowspan=\"1\">\n<div class=\"magic-13\">S\u0131kl\u0131k<\/div>\n<\/td>\n<td colspan=\"1\" rowspan=\"1\">\n<div class=\"magic-14\">13.56MHz<\/div>\n<\/td>\n<\/tr>\n<tr>\n<td colspan=\"1\" rowspan=\"1\">\n<div class=\"magic-13\">Malzeme<\/div>\n<\/td>\n<td colspan=\"1\" rowspan=\"1\">\n<div class=\"magic-14\">ABS, Plastik veya \u00f6zelle\u015ftirilmi\u015f<\/div>\n<\/td>\n<\/tr>\n<tr>\n<td colspan=\"1\" rowspan=\"1\">\n<div class=\"magic-13\">Dayan\u0131kl\u0131l\u0131k Yaz<\/div>\n<\/td>\n<td colspan=\"1\" rowspan=\"1\">\n<div class=\"magic-14\">\u2265100000 d\u00f6ng\u00fc<\/div>\n<\/td>\n<\/tr>\n<tr>\n<td colspan=\"1\" rowspan=\"1\">\n<div class=\"magic-13\">Okuma Aral\u0131\u011f\u0131<\/div>\n<\/td>\n<td colspan=\"1\" rowspan=\"1\">\n<div class=\"magic-14\">1-6cm<\/div>\n<\/td>\n<\/tr>\n<tr>\n<td colspan=\"1\" rowspan=\"1\">\n<div class=\"magic-13\">Ba\u015fvuru<\/div>\n<\/td>\n<td colspan=\"1\" rowspan=\"1\">\n<div class=\"magic-14\">Eri\u015fim kontrol\u00fc, kap\u0131 kilit sistemi, vb.<\/div>\n<\/td>\n<\/tr>\n<tr>\n<td colspan=\"1\" rowspan=\"1\">\n<div class=\"magic-13\">Renk<\/div>\n<\/td>\n<td colspan=\"1\" rowspan=\"1\">\n<div class=\"magic-14\">Siyah, sar\u0131, k\u0131rm\u0131z\u0131, ye\u015fil, mavi, pembe veya \u00f6zelle\u015ftirilmi\u015f.<\/div>\n<\/td>\n<\/tr>\n<tr>\n<td colspan=\"1\" rowspan=\"1\">\n<div class=\"magic-13\">El sanatlar\u0131<\/div>\n<\/td>\n<td colspan=\"1\" rowspan=\"1\">\n<div class=\"magic-14\">Tek renk veya \u00c7ok renkli Bask\u0131, Barkod veya QR Kod bask\u0131s\u0131, Veri kodlama vb.<\/div>\n<\/td>\n<\/tr>\n<tr>\n<td colspan=\"1\" rowspan=\"1\">\n<div class=\"magic-13\">Yazma D\u00f6ng\u00fcleri<\/div>\n<\/td>\n<td colspan=\"1\" rowspan=\"1\">\n<div class=\"magic-14\">\u2265100000 d\u00f6ng\u00fc<\/div>\n<\/td>\n<\/tr>\n<tr>\n<td colspan=\"1\" rowspan=\"1\">\n<div class=\"magic-13\">\u00c7al\u0131\u015fma s\u0131cakl\u0131\u011f\u0131<\/div>\n<\/td>\n<td colspan=\"1\" rowspan=\"1\">\n<div class=\"magic-14\">-20\u2103 ile +55\u2103 aras\u0131<\/div>\n<\/td>\n<\/tr>\n<tr>\n<td colspan=\"1\" rowspan=\"1\">\n<div class=\"magic-13\">Teslimat Format\u0131<\/div>\n<\/td>\n<td colspan=\"1\" rowspan=\"1\">\n<div class=\"magic-14\" data-spm-anchor-id=\"a2700.details.0.i41.450c1986usT9sY\">100 adet\/torba, 10 torba\/karton<\/div>\n<\/td>\n<\/tr>\n<\/tbody>\n<\/table>\n<h3>Ntag213 Ntag215 Ntag216 \u00c7iplerinin \u00d6zellikleri<\/h3>\n<div id=\"featuresXsp\" class=\"features-list toggle-opacity in\">\n<div class=\"features-xsp\">\n<div class=\"collapse-mobile ste-list-ul\">\n<ul class=\"boxes\">\n<li>Temass\u0131z veri iletimi ve enerji temini<\/li>\n<li>13.56 MHz \u00e7al\u0131\u015fma frekans\u0131<\/li>\n<li>106 kbit\/s veri transferi<\/li>\n<li>16 bitlik CRC, parite, bit kodlama, bit say\u0131m\u0131 veri b\u00fct\u00fcnl\u00fc\u011f\u00fc<\/li>\n<li>100 mm&#039;ye kadar \u00e7al\u0131\u015fma mesafesi (\u00f6rne\u011fin alan \u015fiddeti ve anten geometrisi gibi \u00e7e\u015fitli parametrelere ba\u011fl\u0131 olarak)<\/li>\n<li>7 bayt seri numaras\u0131 (ISO\/IEC 14443-3&#039;e g\u00f6re kademeli d\u00fczey 2)<\/li>\n<li>NDEF mesajlar\u0131n\u0131n otomatik serile\u015ftirilmesi i\u00e7in UID ASCII yans\u0131mas\u0131<\/li>\n<li>Okuma komutuyla tetiklenen otomatik NFC sayac\u0131<\/li>\n<li>NFC sayac\u0131 ASCII aynas\u0131, NFC sayac\u0131 de\u011ferinin NDEF mesaj\u0131na otomatik olarak eklenmesi i\u00e7in<\/li>\n<li>ECC tabanl\u0131 \u00f6zg\u00fcnl\u00fck imzas\u0131<\/li>\n<li>H\u0131zl\u0131 okuma komutu<\/li>\n<li>Ger\u00e7ek \u00e7arp\u0131\u015fma \u00f6nleme<\/li>\n<li>50 pF giri\u015f kapasitans\u0131<\/li>\n<\/ul>\n<\/div>\n<div class=\"collapse-mobile ste-list-ul\">\n<ul class=\"boxes\">\n<li>Sayfa ba\u015f\u0131na 4 bayt olacak \u015fekilde 45, 135 veya 231 sayfaya d\u00fczenlenmi\u015f 180, 540 veya 924 bayt<\/li>\n<li>144, 504 veya 888 bayt serbest\u00e7e kullan\u0131labilir kullan\u0131c\u0131 Okuma\/Yazma alan\u0131 (36, 126 veya 222 sayfa)<\/li>\n<li>Tek seferlik programlanabilir eri\u015fim bitlerine sahip 4 baytl\u0131k ba\u015flat\u0131lm\u0131\u015f yetenek kab\u0131<\/li>\n<li>\u0130lk 16 sayfa i\u00e7in sayfa ba\u015f\u0131na programlanabilir salt okunur kilitleme i\u015flevi<\/li>\n<li>NTAG 213 i\u00e7in \u00e7ift sayfa ba\u015f\u0131na ilk 16 sayfan\u0131n \u00fczerinde veya NTAG 215 ve NTAG 216 i\u00e7in 16 sayfan\u0131n \u00fczerinde alan programlanabilir salt okunur kilitleme i\u015flevi<\/li>\n<li>Ba\u015far\u0131s\u0131z giri\u015fimlerin iste\u011fe ba\u011fl\u0131 bir s\u0131n\u0131r\u0131yla yap\u0131land\u0131r\u0131labilir parola korumas\u0131<\/li>\n<li>Kapasite kab\u0131 (CC) ve kilit u\u00e7lar\u0131 i\u00e7in y\u0131rt\u0131lmaya kar\u015f\u0131 koruma deste\u011fi<\/li>\n<li>ECC destekli \u00f6zg\u00fcnl\u00fck kontrol\u00fc<\/li>\n<li>10 y\u0131ll\u0131k veri saklama s\u00fcresi<\/li>\n<li>Dayan\u0131kl\u0131l\u0131k 100.000 \u00e7evrimi yaz\u0131n<\/li>\n<\/ul>\n<\/div>\n<\/div>\n<\/div>\n<h2>NFC Anahtarl\u0131k Nedir?<\/h2>\n<h3>NFC Teknolojisini Anlamak<\/h3>\n<p>NFC veya <strong>Yak\u0131n Alan \u0130leti\u015fimi<\/strong>, cihazlar\u0131n k\u0131sa mesafelerde veri al\u0131\u015fveri\u015finde bulunmas\u0131n\u0131 sa\u011flayan bir kablosuz ileti\u015fim bi\u00e7imidir. Basit\u00e7e bir <strong>NFC etkin<\/strong> Cihaz\u0131n\u0131z\u0131 uyumlu bir okuyucuya ba\u011flayarak \u00f6deme yapma, ileti\u015fim bilgilerinizi payla\u015fma veya g\u00fcvenli alanlara eri\u015fme gibi \u00e7e\u015fitli g\u00f6revleri ger\u00e7ekle\u015ftirebilirsiniz.<\/p>\n<h3>NFC Anahtarl\u0131klar\u0131n\u0131n Rol\u00fc<\/h3>\n<p>Bir <strong>NFC anahtarl\u0131k<\/strong> bu g\u00fc\u00e7l\u00fc teknolojiyi kompakt, ta\u015f\u0131nabilir bir formata entegre eder. Bu anahtarl\u0131klar bir <strong>NFC \u00e7ipi<\/strong>Kullan\u0131c\u0131lar\u0131n dijital kartvizitleri payla\u015fma, ak\u0131ll\u0131 ev cihazlar\u0131n\u0131 kontrol etme veya g\u00fcvenli binalara eri\u015fim gibi g\u00f6revleri tek bir dokunu\u015fla ger\u00e7ekle\u015ftirmelerine olanak tan\u0131yor.<\/p>\n<h2>NFC Anahtarl\u0131klar\u0131n\u0131n Temel \u00d6zellikleri<\/h2>\n<h3>\u00d6zelle\u015ftirme Se\u00e7enekleri<\/h3>\n<p><strong>\u00d6zel NFC anahtarl\u0131klar<\/strong> son derece \u00e7ok y\u00f6nl\u00fcd\u00fcr. Bunlar bir <strong>\u00f6zel logo<\/strong>, benzersiz tasar\u0131mlar veya \u00e7e\u015fitli ihtiya\u00e7lar\u0131 kar\u015f\u0131lamak i\u00e7in belirli veriler. \u0130ster markal\u0131 bir <strong>logo anahtarl\u0131k<\/strong> tan\u0131t\u0131m etkinlikleri veya ki\u015fisel ama\u00e7lar i\u00e7in <strong>\u00f6zel anahtarl\u0131k<\/strong> G\u00fcnl\u00fck kullan\u0131m i\u00e7in olanaklar s\u0131n\u0131rs\u0131zd\u0131r.<\/p>\n<h3>Dayan\u0131kl\u0131 Tasar\u0131m ve Yap\u0131<\/h3>\n<p>\u00c7o\u011fu NFC anahtarl\u0131\u011f\u0131 a\u015fa\u011f\u0131daki gibi sa\u011flam malzemelerden yap\u0131l\u0131r: <strong>PVC<\/strong> veya <strong>epoksi<\/strong>dayan\u0131kl\u0131l\u0131k ve uzun \u00f6m\u00fcr sa\u011flar. G\u00fcnl\u00fck a\u015f\u0131nma ve y\u0131pranmaya dayanacak \u015fekilde tasarlanm\u0131\u015ft\u0131r ve bu da onlar\u0131 herkes i\u00e7in g\u00fcvenilir bir aksesuar haline getirir.<\/p>\n<h3>G\u00fcvenlik \u00d6zellikleri<\/h3>\n<p>NFC anahtarl\u0131klar\u0131 genellikle geli\u015fmi\u015f g\u00fcvenlik \u00f6zellikleriyle birlikte gelir, \u00f6rne\u011fin: <strong>\u015fifre korumas\u0131<\/strong>, <strong>\u00e7arp\u0131\u015fma \u00f6nleme fonksiyonlar\u0131<\/strong>, Ve <strong>\u00f6zg\u00fcnl\u00fck imzalar\u0131<\/strong>Bunlar anahtarl\u0131kta saklanan verilerin yetkisiz eri\u015fime kar\u015f\u0131 g\u00fcvende olmas\u0131n\u0131 sa\u011flar.<\/p>\n<h2>NFC Anahtarl\u0131k Kullanman\u0131n Faydalar\u0131<\/h2>\n<h3>Parmaklar\u0131n\u0131z\u0131n Ucunda Kolayl\u0131k<\/h3>\n<p>Ofis kap\u0131n\u0131z\u0131n kilidini a\u00e7abildi\u011finizi veya ileti\u015fim bilgilerinizi biriyle payla\u015fabildi\u011finizi hayal edin <strong>sadece dokunun<\/strong> Anahtarl\u0131\u011f\u0131n\u0131z\u0131n. NFC anahtarl\u0131klar\u0131, g\u00fcnl\u00fck g\u00f6revleri kolayla\u015ft\u0131rarak ve fiziksel anahtarlara veya kartvizitlere olan ihtiyac\u0131 azaltarak benzersiz bir kolayl\u0131k sunar.<\/p>\n<h3>\u00c7ok Y\u00f6nl\u00fc Uygulamalar<\/h3>\n<p>NFC anahtarl\u0131klar \u00e7e\u015fitli senaryolarda kullan\u0131labilir:<\/p>\n<ul>\n<li><strong>Eri\u015fim Kontrol\u00fc:<\/strong> Ofislere, spor salonlar\u0131na veya asans\u00f6rlere g\u00fcvenli bir \u015fekilde eri\u015fin.<\/li>\n<li><strong>Dijital Kartvizitler:<\/strong> \u0130leti\u015fim bilgilerinizi zahmetsizce payla\u015f\u0131n.<\/li>\n<li><strong>\u00dcr\u00fcn Do\u011frulamas\u0131:<\/strong> Markal\u0131 \u00fcr\u00fcnlerin orijinalli\u011fini do\u011frulay\u0131n.<\/li>\n<li><strong>Ak\u0131ll\u0131 Ev Kontrol\u00fc:<\/strong> Ak\u0131ll\u0131 ev cihazlar\u0131n\u0131z\u0131 kolayl\u0131kla y\u00f6netin.<\/li>\n<\/ul>\n<h3>\u00c7evre Dostu \u00c7\u00f6z\u00fcm<\/h3>\n<p>Fiziksel anahtarlara ve ka\u011f\u0131t kartvizitlere olan ihtiyac\u0131 azaltarak, NFC anahtarl\u0131klar\u0131 daha s\u00fcrd\u00fcr\u00fclebilir bir \u00e7evreye katk\u0131da bulunur. <strong>geri d\u00f6n\u00fc\u015ft\u00fcr\u00fclebilir malzemeler<\/strong> ve dijital i\u015flevselli\u011fi onlar\u0131 \u00e7evre dostu bir se\u00e7im haline getiriyor.<\/p>\n<h2>NFC Anahtarl\u0131k Nas\u0131l Kullan\u0131l\u0131r<\/h2>\n<h3>NFC Anahtarl\u0131\u011f\u0131n\u0131z\u0131 Ayarlama<\/h3>\n<p>NFC anahtarl\u0131\u011f\u0131n\u0131 kullanmak olduk\u00e7a basittir:<\/p>\n<ol>\n<li><strong>NFC \u00c7ipini Kodlay\u0131n:<\/strong> NFC uyumlu bir uygulama kullanarak \u00e7ipi istedi\u011finiz verilerle programlayabilirsiniz.<\/li>\n<li><strong>Anahtarlar\u0131n\u0131za Tak\u0131n:<\/strong> Anahtarl\u0131\u011f\u0131n\u0131z\u0131 anahtarl\u0131\u011f\u0131n\u0131za veya \u00e7antan\u0131za sabitleyin.<\/li>\n<li><strong>Dokun ve Git:<\/strong> \u0130stedi\u011finiz i\u015flemi ger\u00e7ekle\u015ftirmek i\u00e7in NFC anahtarl\u0131\u011f\u0131n\u0131z\u0131 uyumlu bir okuyucuya dokundurman\u0131z yeterli.<\/li>\n<\/ol>\n<h3>Cihazlarla Uyumluluk<\/h3>\n<p>NFC anahtarl\u0131klar <strong>NFC ile uyumlu<\/strong>-etkinle\u015ftirilmi\u015f ak\u0131ll\u0131 telefonlar, tabletler ve \u00e7e\u015fitli NFC okuyucular\u0131. Bu uyumluluk, farkl\u0131 platformlar ve cihazlar aras\u0131nda geni\u015f kullan\u0131labilirlik sa\u011flar, bunlara \u015funlar dahildir: <strong>Android<\/strong> ve iOS.<\/p>\n<h2>M\u00fc\u015fteri Yorumlar\u0131 ve Geri Bildirimleri<\/h2>\n<h3>Kullan\u0131c\u0131lar Ne Diyor<\/h3>\n<p>M\u00fc\u015fteriler, \u00e7ok y\u00f6nl\u00fcl\u00fc\u011f\u00fc ve kullan\u0131m kolayl\u0131\u011f\u0131 nedeniyle NFC anahtarl\u0131klar\u0131n\u0131 \u00f6vd\u00fc. Bir\u00e7o\u011fu, birden fazla fiziksel kart\u0131 ve anahtar\u0131 tek bir kompakt cihazla de\u011fi\u015ftirmenin rahatl\u0131\u011f\u0131n\u0131 vurgulad\u0131. Kullan\u0131c\u0131lar ayr\u0131ca, <strong>\u00f6zelle\u015ftirmek<\/strong> Anahtarl\u0131klar\u0131yla bu y\u00fcksek teknoloji \u00fcr\u00fcn\u00fc aksesuara ki\u015fisel bir dokunu\u015f kat\u0131yor.<\/p>\n<h3>Ortak Endi\u015feler<\/h3>\n<p>Baz\u0131 kullan\u0131c\u0131lar, ilk \u00f6\u011frenme e\u011frisi ve NFC \u00f6zellikli bir cihaza duyulan ihtiya\u00e7 konusunda endi\u015felerini dile getirdiler. Ancak, teknolojiye a\u015fina olduktan sonra \u00e7o\u011fu, g\u00fcnl\u00fck rutinlerini \u00f6nemli \u00f6l\u00e7\u00fcde iyile\u015ftirdi\u011fini g\u00f6r\u00fcyor.<\/p>\n<h2>SSS<\/h2>\n<p><strong>S: NFC anahtarl\u0131\u011f\u0131n\u0131n depolama kapasitesi nedir?<\/strong><br \/>\nA: NFC anahtarl\u0131klar\u0131, modele ba\u011fl\u0131 olarak, basit URL&#039;lerden daha karma\u015f\u0131k ileti\u015fim bilgilerine kadar de\u011fi\u015fen miktarlarda veri depolayabilir.<\/p>\n<p><strong>S: Temass\u0131z \u00f6demelerde NFC anahtarl\u0131\u011f\u0131n\u0131 kullanabilir miyim?<\/strong><br \/>\nC: Baz\u0131 NFC anahtarl\u0131klar \u00f6deme fonksiyonu i\u00e7in programlanabiliyor ancak bu b\u00fcy\u00fck \u00f6l\u00e7\u00fcde \u00e7ip t\u00fcr\u00fcne ve \u00f6deme sistemleriyle uyumlulu\u011funa ba\u011fl\u0131.<\/p>\n<p><strong>S: NFC anahtarl\u0131klar su ge\u00e7irmez mi?<\/strong><br \/>\nC: Bir\u00e7ok NFC anahtarl\u0131\u011f\u0131 su ge\u00e7irmez veya suya dayan\u0131kl\u0131 olacak \u015fekilde tasarlanm\u0131\u015ft\u0131r, bu sayede g\u00fcnl\u00fck kullan\u0131ma dayan\u0131kl\u0131 olabilirler.<\/p>\n<h2>\u00c7\u00f6z\u00fcm<\/h2>\n<p>Bir <strong>NFC anahtarl\u0131k<\/strong> \u015f\u0131k bir aksesuardan daha fazlas\u0131d\u0131r; daha ak\u0131ll\u0131, daha ba\u011flant\u0131l\u0131 bir hayata a\u00e7\u0131lan bir kap\u0131d\u0131r. <strong>\u00f6zelle\u015ftirilebilir<\/strong> \u00f6zellikleri, sa\u011flam g\u00fcvenli\u011fi ve geni\u015f uygulama yelpazesiyle hem ki\u015fisel hem de profesyonel hayat\u0131 geli\u015ftiren bir yat\u0131r\u0131md\u0131r. \u0130ster teknoloji merakl\u0131s\u0131 olun ister i\u015f profesyoneli, bir NFC anahtarl\u0131k dijital \u00e7a\u011f i\u00e7in olmazsa olmaz bir ara\u00e7t\u0131r.<\/p>","protected":false},"excerpt":{"rendered":"<p><strong><em>NFC Anahtarl\u0131k Ntag213 Ntag215 Ntag216<\/em><\/strong> g\u00fcvenlik, g\u00fcvenilirlik ve kullan\u0131c\u0131 kolayl\u0131\u011f\u0131n\u0131n ideal bir kombinasyonunu sunar. <strong>temass\u0131z teknoloji<\/strong>, <strong>kompakt tasar\u0131m<\/strong>, Ve <strong>\u00e7oklu uygulama \u00e7ok y\u00f6nl\u00fcl\u00fc\u011f\u00fc<\/strong> modern eri\u015fim kontrol sistemleri, \u00f6demeler ve kimliklendirme i\u00e7in m\u00fckemmel bir se\u00e7imdir.<\/p>","protected":false},"featured_media":2865,"template":"","meta":{"_kad_post_transparent":"default","_kad_post_title":"","_kad_post_layout":"default","_kad_post_sidebar_id":"","_kad_post_content_style":"default","_kad_post_vertical_padding":"default","_kad_post_feature":"","_kad_post_feature_position":"","_kad_post_header":false,"_kad_post_footer":false,"_kad_post_classname":""},"product_brand":[],"product_cat":[54],"product_tag":[346,349,344,345,343],"class_list":{"0":"post-2864","1":"product","2":"type-product","3":"status-publish","4":"has-post-thumbnail","6":"product_cat-hot-selling-rfid-tags","7":"product_tag-nfc-key-tag","8":"product_tag-nfc-key-tags","9":"product_tag-nfc-keychain","10":"product_tag-rfid-fob","11":"product_tag-rfid-keyfobs","13":"first","14":"instock","15":"shipping-taxable","16":"product-type-simple","17":"entry","18":"content-bg","19":"loop-entry"},"_links":{"self":[{"href":"https:\/\/rfid-laundry-tag.com\/tr\/wp-json\/wp\/v2\/product\/2864","targetHints":{"allow":["GET"]}}],"collection":[{"href":"https:\/\/rfid-laundry-tag.com\/tr\/wp-json\/wp\/v2\/product"}],"about":[{"href":"https:\/\/rfid-laundry-tag.com\/tr\/wp-json\/wp\/v2\/types\/product"}],"version-history":[{"count":2,"href":"https:\/\/rfid-laundry-tag.com\/tr\/wp-json\/wp\/v2\/product\/2864\/revisions"}],"predecessor-version":[{"id":2867,"href":"https:\/\/rfid-laundry-tag.com\/tr\/wp-json\/wp\/v2\/product\/2864\/revisions\/2867"}],"wp:featuredmedia":[{"embeddable":true,"href":"https:\/\/rfid-laundry-tag.com\/tr\/wp-json\/wp\/v2\/media\/2865"}],"wp:attachment":[{"href":"https:\/\/rfid-laundry-tag.com\/tr\/wp-json\/wp\/v2\/media?parent=2864"}],"wp:term":[{"taxonomy":"product_brand","embeddable":true,"href":"https:\/\/rfid-laundry-tag.com\/tr\/wp-json\/wp\/v2\/product_brand?post=2864"},{"taxonomy":"product_cat","embeddable":true,"href":"https:\/\/rfid-laundry-tag.com\/tr\/wp-json\/wp\/v2\/product_cat?post=2864"},{"taxonomy":"product_tag","embeddable":true,"href":"https:\/\/rfid-laundry-tag.com\/tr\/wp-json\/wp\/v2\/product_tag?post=2864"}],"curies":[{"name":"wp","href":"https:\/\/api.w.org\/{rel}","templated":true}]}}