{"id":2860,"date":"2024-11-05T13:06:31","date_gmt":"2024-11-05T13:06:31","guid":{"rendered":"https:\/\/rfid-laundry-tag.com\/?post_type=product&#038;p=2860"},"modified":"2024-11-05T13:13:50","modified_gmt":"2024-11-05T13:13:50","slug":"rfid-keyfobs-abs-iso14443a","status":"publish","type":"product","link":"https:\/\/rfid-laundry-tag.com\/tr\/rfid-keyfobs-abs-iso14443a\/","title":{"rendered":"RFID Anahtarl\u0131klar ABS ISO14443A"},"content":{"rendered":"<h2>RFID Anahtarl\u0131klar ABS ISO14443A<\/h2>\n<table class=\"has-title all magic-13\">\n<tbody>\n<tr>\n<td colspan=\"1\" rowspan=\"2\">\n<div class=\"magic-14\">malzeme<\/div>\n<\/td>\n<td colspan=\"1\" rowspan=\"1\">\n<div class=\"magic-15\">Anten malzemesi:Al\u00fcminyum folyo<\/div>\n<\/td>\n<\/tr>\n<tr>\n<td colspan=\"1\" rowspan=\"1\">\n<div class=\"magic-15\" data-spm-anchor-id=\"a2700.details.0.i43.3c939b1b0qFtg1\">y\u00fczey malzemesi:ABS\/deri\/ah\u015fap<\/div>\n<\/td>\n<\/tr>\n<tr>\n<td colspan=\"1\" rowspan=\"1\">\n<div class=\"magic-17\">boyut<\/div>\n<\/td>\n<td colspan=\"1\" rowspan=\"1\">\n<div class=\"magic-15\" data-spm-anchor-id=\"a2700.details.0.i41.3c939b1b0qFtg1\">40.38*31.5mm,35.5*28mm,51.5*32mm. veya \u00f6zelle\u015ftirilmi\u015f<\/div>\n<\/td>\n<\/tr>\n<tr>\n<td colspan=\"1\" rowspan=\"1\">\n<div class=\"magic-17\">Ki\u015fiye \u00d6zel El Sanatlar\u0131<\/div>\n<\/td>\n<td colspan=\"1\" rowspan=\"1\">\n<div class=\"magic-15\">logo Serigrafi bask\u0131\/UID kodu, seri kodu veya \u00f6zelle\u015ftirilmi\u015f<\/div>\n<\/td>\n<\/tr>\n<tr>\n<td colspan=\"1\" rowspan=\"1\">\n<div class=\"magic-17\">\u00c7al\u0131\u015fma s\u0131cakl\u0131\u011f\u0131<\/div>\n<\/td>\n<td colspan=\"1\" rowspan=\"1\">\n<div class=\"magic-15\">-20\u00b0C~+90 \u00b0C<\/div>\n<\/td>\n<\/tr>\n<tr>\n<td colspan=\"1\" rowspan=\"1\">\n<div class=\"magic-17\">kodlamak<\/div>\n<\/td>\n<td colspan=\"1\" rowspan=\"1\">\n<div class=\"magic-15\">yaz\u0131labilir \u00e7ip Mevcut<\/div>\n<\/td>\n<\/tr>\n<tr>\n<td colspan=\"1\" rowspan=\"1\">\n<div class=\"magic-17\">renk se\u00e7enekleri<\/div>\n<\/td>\n<td colspan=\"1\" rowspan=\"1\">\n<div class=\"magic-15\" data-spm-anchor-id=\"a2700.details.0.i42.3c939b1b0qFtg1\">K\u0131rm\u0131z\u0131, Mavi, Siyah, Mor, Turuncu, Sar\u0131, (\u00f6zelle\u015ftirilebilir)<\/div>\n<\/td>\n<\/tr>\n<tr>\n<td colspan=\"1\" rowspan=\"1\">\n<div class=\"magic-17\">okuma mesafesi<\/div>\n<\/td>\n<td colspan=\"1\" rowspan=\"1\">\n<div class=\"magic-15\">1~10cm(okuyucuya ba\u011fl\u0131)<\/div>\n<\/td>\n<\/tr>\n<tr>\n<td colspan=\"1\" rowspan=\"1\">\n<div class=\"magic-17\">uygulamalar<\/div>\n<\/td>\n<td colspan=\"1\" rowspan=\"1\">\n<div class=\"magic-15\" data-spm-anchor-id=\"a2700.details.0.i40.3c939b1b0qFtg1\">\u00dcyelik sistemi\/spor salonu\/giri\u015f kontrol\u00fc\/\u00f6deme vb.<\/div>\n<\/td>\n<\/tr>\n<\/tbody>\n<\/table>\n<p><strong>RFID anahtarl\u0131klar<\/strong> g\u00fcvenli, kullan\u0131\u015fl\u0131 eri\u015fim y\u00f6netiminin \u00f6n saflar\u0131nda yer al\u0131rlar. Bu k\u00fc\u00e7\u00fck, hafif cihazlar <strong>radyo frekans\u0131 tan\u0131mlama<\/strong> (RFID) teknolojisi, g\u00fcvenli alanlara h\u0131zl\u0131 ve sorunsuz giri\u015fe olanak tan\u0131r. Genellikle konaklama, ofis binalar\u0131 ve konut m\u00fclkleri gibi \u00e7e\u015fitli end\u00fcstrilerde g\u00fcvenli eri\u015fim kontrol sistemleri i\u00e7in kullan\u0131l\u0131rlar.<\/p>\n<p>Bu \u00fcr\u00fcn a\u00e7\u0131klamas\u0131nda, \u00f6zelliklerini ve faydalar\u0131n\u0131 inceleyece\u011fiz. <strong>RFID anahtarl\u0131klar<\/strong>, odaklanarak <strong>ABS ISO14443A<\/strong> \u015fartname. Bu anahtarl\u0131klar\u0131n hem i\u015fletmeler hem de etkili, g\u00fcvenli ve kullan\u0131m\u0131 kolay eri\u015fim \u00e7\u00f6z\u00fcmleri arayan bireyler i\u00e7in neden tercih edilen se\u00e7enek oldu\u011funu tart\u0131\u015faca\u011f\u0131z.<\/p>\n<p><strong>RFID anahtarl\u0131klar<\/strong> g\u00fcvenli, kullan\u0131\u015fl\u0131 eri\u015fim y\u00f6netiminin \u00f6n saflar\u0131nda yer al\u0131rlar. Bu k\u00fc\u00e7\u00fck, hafif cihazlar <strong>radyo frekans\u0131 tan\u0131mlama<\/strong> (RFID) teknolojisi, g\u00fcvenli alanlara h\u0131zl\u0131 ve sorunsuz giri\u015fe olanak tan\u0131r. Genellikle konaklama, ofis binalar\u0131 ve konut m\u00fclkleri gibi \u00e7e\u015fitli end\u00fcstrilerde g\u00fcvenli eri\u015fim kontrol sistemleri i\u00e7in kullan\u0131l\u0131rlar.<\/p>\n<h2><strong>RFID Anahtarl\u0131k Nedir?<\/strong><\/h2>\n<p>Bir <strong>RFID anahtarl\u0131k<\/strong> bir bilgisayarla ileti\u015fim kuran kompakt, ta\u015f\u0131nabilir bir cihazd\u0131r. <strong>RFID okuyucu<\/strong> g\u00fcvenli bir alana eri\u015fim sa\u011flamak i\u00e7in. Genellikle dayan\u0131kl\u0131 bir mikro\u00e7ip ve antenin i\u00e7ine yerle\u015ftirilmi\u015f k\u00fc\u00e7\u00fck bir mikro\u00e7ip i\u00e7erir <strong>ABS kasa<\/strong>. <strong>13.56 MHz frekans\u0131<\/strong> ISO14443A RFID anahtarl\u0131klar taraf\u0131ndan kullan\u0131lan bu anahtarl\u0131klar g\u00fcvenilir ve h\u0131zl\u0131 bir tespit sa\u011flayarak eri\u015fim kontrol sistemleri i\u00e7in olduk\u00e7a etkili bir \u00e7\u00f6z\u00fcm haline gelir.<\/p>\n<p>Geleneksel anahtarlar\u0131n veya kartlar\u0131n aksine, <strong>RFID anahtarl\u0131k<\/strong> okuyucuyla fiziksel temas gerektirmez; <strong>temass\u0131z<\/strong> prensipleri, hem daha g\u00fcvenli hem de daha kullan\u0131\u015fl\u0131 hale getirir. Kullan\u0131c\u0131lar eri\u015fim sa\u011flamak i\u00e7in anahtarl\u0131klar\u0131n\u0131 okuyucunun yan\u0131na dokundurabilirler, b\u00f6ylece manuel kilit a\u00e7ma veya PIN kodlar\u0131na gerek kalmaz.<\/p>\n<hr \/>\n<h2><strong>RFID Anahtarl\u0131klar\u0131n Temel \u00d6zellikleri<\/strong><\/h2>\n<h3><strong>1. G\u00fcvenli Eri\u015fim Kontrol\u00fc<\/strong><\/h3>\n<p>Kullanman\u0131n en b\u00fcy\u00fck avantajlar\u0131ndan biri <strong>RFID anahtarl\u0131klar<\/strong> geli\u015fmi\u015f g\u00fcvenliktir. Bu cihazlar, yetkisiz kullan\u0131c\u0131lar\u0131n eri\u015fim sa\u011flamas\u0131n\u0131 \u00f6nleyen \u015fifreleme protokolleri de dahil olmak \u00fczere birden fazla koruma katman\u0131 sunar. <strong>13,56 MHz<\/strong> taraf\u0131ndan kullan\u0131lan frekans <strong>ISO14443A anahtarl\u0131klar<\/strong> \u00e7e\u015fitli \u00fcr\u00fcnlerle y\u00fcksek uyumluluk sa\u011flar <strong>eri\u015fim kontrol sistemleri<\/strong>, otel kilitlerinden ofis kap\u0131s\u0131 giri\u015flerine kadar.<\/p>\n<p>RFID teknolojisini kullanarak, <strong>RFID anahtarl\u0131klar<\/strong> teklif <strong>anahtars\u0131z giri\u015f<\/strong>, kilit a\u00e7ma veya yetkisiz \u00e7o\u011faltma riskini azalt\u0131r. Entegre edildi\u011finde <strong>eri\u015fim kontrol\u00fc<\/strong> sistemlerde, bu anahtarl\u0131klar kullan\u0131c\u0131lar\u0131 asgari \u00e7abayla do\u011frulamak ve kimliklerini do\u011frulamak i\u00e7in g\u00fcvenli bir belirte\u00e7 g\u00f6revi g\u00f6r\u00fcr.<\/p>\n<h3><strong>2. Dayan\u0131kl\u0131 ABS Yap\u0131<\/strong><\/h3>\n<p>\u0130n\u015faat\u0131 <strong>RFID anahtarl\u0131klar<\/strong> i\u015flevsellikleri kadar \u00f6nemlidir. Bu anahtarl\u0131klar <strong>ABS plastik<\/strong>\u00c7e\u015fitli \u00e7evre ko\u015fullar\u0131na dayanabilen dayan\u0131kl\u0131, hafif bir malzeme olan . \u0130ster ofis ortam\u0131nda kullan\u0131n ister anahtarl\u0131kta ta\u015f\u0131y\u0131n, bu anahtarl\u0131klar uzun \u00f6m\u00fcrl\u00fc olacak \u015fekilde \u00fcretilmi\u015ftir.<\/p>\n<p>The <strong>ABS kasa<\/strong> sadece dahili bile\u015fenleri korumakla kalmaz, ayn\u0131 zamanda anahtarl\u0131k uzun s\u00fcreli kullan\u0131mdan sonra bile \u00e7al\u0131\u015f\u0131r durumda kalmas\u0131n\u0131 sa\u011flar. Kompakt boyutlar\u0131 ve sa\u011flam tasar\u0131mlar\u0131, onlar\u0131 a\u015f\u0131nma ve y\u0131pranmaya kar\u015f\u0131 dayan\u0131kl\u0131 hale getirerek eri\u015fim kontrol ihtiya\u00e7lar\u0131 i\u00e7in uzun \u00f6m\u00fcrl\u00fc bir \u00e7\u00f6z\u00fcm sa\u011flar.<\/p>\n<h3><strong>3. RFID Sistemleriyle Kolay Entegrasyon<\/strong><\/h3>\n<p><strong>RFID anahtarl\u0131klar<\/strong> \u00e7o\u011fuyla tam uyumludur <strong>RFID sistemleri<\/strong>. Geleneksel anahtar kartlar\u0131ndan y\u00fckseltme yap\u0131yor veya tamamen yeni bir eri\u015fim kontrol sistemi kuruyor olun, bu anahtarl\u0131klar mevcut altyap\u0131yla sorunsuz bir \u015fekilde entegre olur. <strong>ISO14443A<\/strong> Standart, okuyucular ve yaz\u0131l\u0131mlarla uyumlulu\u011fu garanti alt\u0131na alarak \u00e7e\u015fitli end\u00fcstrilerde yayg\u0131n olarak tan\u0131nmakta ve kullan\u0131lmaktad\u0131r.<\/p>\n<p>Ayr\u0131ca, bir\u00e7ok <strong>RFID anahtarl\u0131klar<\/strong> vard\u0131r <strong>yeniden yaz\u0131labilir<\/strong>i\u015fletmelerin yeni anahtarl\u0131klar sat\u0131n almadan ihtiya\u00e7 duyduklar\u0131nda eri\u015fim kimlik bilgilerini de\u011fi\u015ftirmelerine olanak tan\u0131r. Bu <strong>esneklik<\/strong> RFID anahtarl\u0131klar\u0131, \u00f6l\u00e7eklenebilir eri\u015fim \u00e7\u00f6z\u00fcmleri arayan kurulu\u015flar i\u00e7in m\u00fckemmel bir uzun vadeli yat\u0131r\u0131m haline getirir.<\/p>\n<hr \/>\n<h2><strong>Neden ISO14443A RFID Anahtarl\u0131klar\u0131n\u0131 Se\u00e7melisiniz?<\/strong><\/h2>\n<h3><strong>4. Daha H\u0131zl\u0131 Tepki \u0130\u00e7in Y\u00fcksek Frekans<\/strong><\/h3>\n<p><strong>13.56 MHz RFID anahtarl\u0131klar<\/strong>, gibi <strong>ISO14443A<\/strong>, y\u00fcksek frekans aral\u0131\u011f\u0131 sunar ve <strong>h\u0131zl\u0131 tespit<\/strong> ve RFID okuyucu ile ileti\u015fim. Bu y\u00fcksek frekans aral\u0131\u011f\u0131, eri\u015fimin h\u0131zl\u0131 ve verimli bir \u015fekilde verilmesini sa\u011flayarak kullan\u0131c\u0131 deneyimini iyile\u015ftirir.<\/p>\n<p>Anahtarl\u0131k okuyucuya yak\u0131n tutuldu\u011funda, sistem anahtarl\u0131kta saklanan kimlik bilgilerini h\u0131zla belirler ve saniyenin \u00e7ok k\u00fc\u00e7\u00fck bir k\u0131sm\u0131nda eri\u015fim izni verir. Bu h\u0131zl\u0131 yan\u0131t s\u00fcresi, \u00f6zellikle yo\u011fun trafikli alanlarda \u00f6nemlidir ve kuyruklar\u0131n olu\u015fmamas\u0131n\u0131 ve insanlar\u0131n gecikmeden girip \u00e7\u0131kabilmesini sa\u011flar.<\/p>\n<h3><strong>5. Birden Fazla Uygulamada \u00c7ok Y\u00f6nl\u00fcl\u00fck<\/strong><\/h3>\n<p><strong>RFID anahtarl\u0131klar<\/strong> \u00e7ok y\u00f6nl\u00fcd\u00fcr ve sadece kap\u0131 kilitlerinin \u00f6tesinde \u00e7e\u015fitli uygulamalarda kullan\u0131labilir. Baz\u0131 yayg\u0131n kullan\u0131mlar <strong>RFID anahtarl\u0131klar<\/strong> katmak:<\/p>\n<ul>\n<li><strong>Otel odas\u0131 eri\u015fimi:<\/strong> Misafirler otel odas\u0131 kap\u0131lar\u0131n\u0131 a\u00e7mak i\u00e7in anahtarl\u0131klar\u0131n\u0131 kullanabilirler.<\/li>\n<li><strong>\u0130\u015fyeri g\u00fcvenli\u011fi:<\/strong> \u00c7al\u0131\u015fanlar anahtarl\u0131k yard\u0131m\u0131yla ofislere, sunucu odalar\u0131na veya k\u0131s\u0131tl\u0131 alanlara eri\u015febilirler.<\/li>\n<li><strong>\u00d6deme ve kimlik tespiti:<\/strong> Kesin <strong>RFID anahtarl\u0131klar<\/strong> \u00dcyelik programlar\u0131nda \u00f6deme yapmak veya kimlik do\u011frulama amac\u0131yla da kullan\u0131labilir.<\/li>\n<\/ul>\n<p>K\u00fc\u00e7\u00fck boyutlar\u0131 ve ta\u015f\u0131nabilirlikleri sayesinde bu anahtarl\u0131klar bir\u00e7ok sekt\u00f6r i\u00e7in kullan\u0131\u015fl\u0131 bir \u00e7\u00f6z\u00fcmd\u00fcr.<\/p>\n<h3><strong>6. Kolayl\u0131k ve Hijyen \u0130\u00e7in Temass\u0131z Teknoloji<\/strong><\/h3>\n<p>G\u00fcn\u00fcm\u00fcz d\u00fcnyas\u0131nda, <strong>temass\u0131z teknoloji<\/strong> Sa\u011flad\u0131\u011f\u0131 hijyen faydalar\u0131 nedeniyle b\u00fcy\u00fck ilgi g\u00f6rmektedir. <strong>RFID anahtarl\u0131klar<\/strong> temass\u0131zd\u0131r, yani kullan\u0131c\u0131lar\u0131n bir kilide veya okuyucuya fiziksel olarak dokunmas\u0131 gerekmez. Bu, mikrop ve bakteri transferi riskini azalt\u0131r ve hijyenin kritik oldu\u011fu hastaneler, okullar ve ofisler gibi ortamlar i\u00e7in ideal bir se\u00e7im haline getirir.<\/p>\n<p>\u00dcstelik bu <strong>anahtars\u0131z giri\u015f<\/strong> sistem kolayl\u0131k sa\u011flar. Kullan\u0131c\u0131lar\u0131n anahtar aramas\u0131na veya PIN&#039;leri hat\u0131rlamas\u0131na gerek kalmaz; sadece anahtarlar\u0131n\u0131 yanlar\u0131nda ta\u015f\u0131yabilirler. <strong>RFID anahtarl\u0131k<\/strong> Anahtarl\u0131klar\u0131nda veya ceplerinde ta\u015f\u0131yarak ihtiya\u00e7 duyduklar\u0131 her an kullan\u0131ma haz\u0131r hale getiriyorlar.<\/p>\n<p>Bunlar <strong>RFID anahtarl\u0131klar<\/strong> bir i\u015fte \u00e7al\u0131\u015fmak <strong>13.56 MHz frekans\u0131<\/strong>, bunlar\u0131 \u00e7o\u011fuyla uyumlu hale getirir <strong>RFID okuyucular\u0131<\/strong> modern eri\u015fim kontrol sistemlerinde kullan\u0131l\u0131r. Anahtarl\u0131klar y\u00fcksek kaliteli malzemeden yap\u0131lm\u0131\u015ft\u0131r <strong>ABS plastik<\/strong>Ta\u015f\u0131nabilir ve uzun \u00f6m\u00fcrl\u00fc, dayan\u0131kl\u0131 ve hafif bir tasar\u0131ma sahiptir.<\/p>\n<hr \/>\n<h2><strong>\u00c7evresel Etki ve S\u00fcrd\u00fcr\u00fclebilirlik<\/strong><\/h2>\n<p>Kurulu\u015flar \u015fu y\u00f6nde hareket ettik\u00e7e: <strong>temass\u0131z eri\u015fim<\/strong> ve g\u00fcvenlik \u00e7\u00f6z\u00fcmleri, bu \u00fcr\u00fcnlerin \u00e7evresel etkisini g\u00f6z \u00f6n\u00fcnde bulundurmak \u00f6nemlidir. <strong>ABS plastik<\/strong> kullan\u0131lan <strong>RFID anahtarl\u0131klar<\/strong> geni\u015f \u00f6l\u00e7\u00fcde geri d\u00f6n\u00fc\u015ft\u00fcr\u00fclebilir bir malzemedir. Ek olarak, <strong>RFID sistemleri<\/strong> fiziksel anahtarlara ve geleneksel kilitlere olan ihtiyac\u0131 azaltmaya yard\u0131mc\u0131 olarak genel \u00e7evresel ayak izini daha da d\u00fc\u015f\u00fcr\u00fcrler.<\/p>\n<p>\u00dcstelik bir\u00e7ok <strong>RFID anahtarl\u0131klar<\/strong> olabilir <strong>yeniden yaz\u0131lm\u0131\u015f<\/strong>, s\u00fcrekli olarak de\u011fi\u015ftirmeye gerek olmad\u0131\u011f\u0131 anlam\u0131na gelir. Bu, elektronik at\u0131klar\u0131 azalt\u0131r ve onlar\u0131 \u00e7evre dostu \u00e7\u00f6z\u00fcmler arayan i\u015fletmeler ve bireyler i\u00e7in s\u00fcrd\u00fcr\u00fclebilir bir se\u00e7enek haline getirir.<\/p>\n<hr \/>\n<h2><strong>M\u00fc\u015fteri Yorumlar\u0131 ve Geri Bildirimleri<\/strong><\/h2>\n<p>Bir\u00e7ok m\u00fc\u015fteri, bu \u00fcr\u00fcn\u00fcn sa\u011flad\u0131\u011f\u0131 rahatl\u0131\u011f\u0131 ve g\u00fcvenli\u011fi takdir ediyor. <strong>RFID anahtarl\u0131klar<\/strong> sa\u011flamak. \u0130\u015fte yayg\u0131n geri bildirimlerin k\u0131sa bir \u00f6zeti:<\/p>\n<ul>\n<li><strong>\u201cKolay ve h\u0131zl\u0131 eri\u015fim!\u201d<\/strong> \u2013 Bir\u00e7ok kullan\u0131c\u0131, h\u0131z ve verimlili\u011fi vurguluyor <strong>RFID anahtarl\u0131klar<\/strong>H\u0131zl\u0131 tepki s\u00fcresi onlar\u0131 ofis binalar\u0131 ve oteller gibi yo\u011fun ortamlar i\u00e7in ideal bir se\u00e7im haline getirir.<\/li>\n<li><strong>\u201cDayan\u0131kl\u0131 ve g\u00fcvenilir\u201d<\/strong> \u2013 M\u00fc\u015fteriler ayr\u0131ca \u015funlar\u0131 da takdir ediyor: <strong>dayan\u0131kl\u0131 yap\u0131<\/strong> anahtarl\u0131klar\u0131n, aylarca hatta y\u0131llarca g\u00fcnl\u00fck kullan\u0131ma dayan\u0131kl\u0131 oldu\u011funu belirten \u00e7ok say\u0131da ki\u015fi var.<\/li>\n<li><strong>\u201cOteller i\u00e7in harika\u201d<\/strong> \u2013 Misafirperverlik i\u015fletmeleri kullan\u0131m kolayl\u0131\u011f\u0131ndan yararlan\u0131yor <strong>RFID anahtarl\u0131klar<\/strong> Misafir eri\u015fimi i\u00e7in geleneksel oda anahtarlar\u0131na olan ihtiyac\u0131 ortadan kald\u0131r\u0131r.<\/li>\n<\/ul>\n<hr \/>\n<h2><strong>SSS<\/strong><\/h2>\n<h3><strong>1. RFID anahtarl\u0131klar programlanabilir mi?<\/strong><\/h3>\n<p>Evet, bir\u00e7ok <strong>RFID anahtarl\u0131klar<\/strong> vard\u0131r <strong>yeniden yaz\u0131labilir<\/strong>, eri\u015fim kimlik bilgileri gibi, bunlarda saklanan verileri de\u011fi\u015ftirebilece\u011finiz anlam\u0131na gelir.<\/p>\n<h3><strong>2. Bir RFID anahtarl\u0131k ne kadar uza\u011fa iletim yapabilir?<\/strong><\/h3>\n<p>Bir aral\u0131\u011f\u0131n <strong>RFID anahtarl\u0131k<\/strong> tipik olarak \u015furadan uzan\u0131r: <strong>0 ila 10 cm<\/strong> okuyucuya ve \u00e7evre ko\u015fullar\u0131na ba\u011fl\u0131 olarak.<\/p>\n<h3><strong>3. RFID anahtarl\u0131klar g\u00fcvenli midir?<\/strong><\/h3>\n<p>Evet, <strong>RFID anahtarl\u0131klar<\/strong> \u00e7ok g\u00fcvenlidir. Genellikle yetkisiz eri\u015fimi \u00f6nlemek i\u00e7in \u015fifreleme ve di\u011fer koruyucu \u00f6zellikler i\u00e7erirler.<\/p>\n<h3><strong>4. RFID anahtarl\u0131klar hangi sekt\u00f6rlerde kullan\u0131l\u0131r?<\/strong><\/h3>\n<p><strong>RFID anahtarl\u0131klar<\/strong> Otelcilik, sa\u011fl\u0131k, \u015firket ofisleri ve hatta araba anahtarlar\u0131 da dahil olmak \u00fczere \u00e7e\u015fitli sekt\u00f6rlerde kullan\u0131lmaktad\u0131r.<\/p>\n<hr \/>\n<h2><strong>Sonu\u00e7: Neden RFID Anahtarl\u0131k Almal\u0131s\u0131n\u0131z?<\/strong><\/h2>\n<p>Yat\u0131r\u0131m yapmak <strong>RFID anahtarl\u0131klar<\/strong> i\u015fletmeler ve bireyler i\u00e7in geli\u015fmi\u015f g\u00fcvenlik, rahatl\u0131k ve dayan\u0131kl\u0131l\u0131k sa\u011flar. \u0130ster i\u015flerinizi kolayla\u015ft\u0131rmak isteyin, ister <strong>eri\u015fim kontrol sistemi<\/strong>, uygulamak <strong>anahtars\u0131z giri\u015f<\/strong> otelinizde veya ofisinizdeki g\u00fcvenli\u011fi art\u0131r\u0131n, <strong>RFID anahtarl\u0131klar<\/strong> Hem uygun maliyetli hem de g\u00fcvenilir, pratik bir \u00e7\u00f6z\u00fcmd\u00fcr.<\/p>\n<p>Geli\u015fmi\u015f teknolojileriyle, kolay entegrasyon <strong>RFID sistemleri<\/strong>ve uzun \u00f6m\u00fcrl\u00fc yap\u0131, <strong>RFID anahtarl\u0131klar<\/strong> G\u00fcn\u00fcm\u00fcz\u00fcn g\u00fcvenlik zorluklar\u0131na gelece\u011fe d\u00f6n\u00fck bir \u00e7\u00f6z\u00fcm sunmak.<\/p>\n<p>&nbsp;<\/p>","protected":false},"excerpt":{"rendered":"<p><strong>RFID Anahtarl\u0131klar<\/strong> ABS ISO14443A, \u00e7ift frekans se\u00e7ene\u011fi (13.56MHz\/125KHz), dayan\u0131kl\u0131 tasar\u0131m, programlanabilir UID ve klonlama \u00f6nleme ve \u015fifreli ileti\u015fim gibi geli\u015fmi\u015f g\u00fcvenlik \u00f6zellikleri sunar.<\/p>","protected":false},"featured_media":2861,"template":"","meta":{"_kad_post_transparent":"default","_kad_post_title":"","_kad_post_layout":"default","_kad_post_sidebar_id":"","_kad_post_content_style":"default","_kad_post_vertical_padding":"default","_kad_post_feature":"","_kad_post_feature_position":"","_kad_post_header":false,"_kad_post_footer":false,"_kad_post_classname":""},"product_brand":[],"product_cat":[54],"product_tag":[346,344,345,343,351,350],"class_list":{"0":"post-2860","1":"product","2":"type-product","3":"status-publish","4":"has-post-thumbnail","6":"product_cat-hot-selling-rfid-tags","7":"product_tag-nfc-key-tag","8":"product_tag-nfc-keychain","9":"product_tag-rfid-fob","10":"product_tag-rfid-keyfobs","11":"product_tag-rfid-keyfobs-abs","12":"product_tag-rfid-keyfobs-iso14443a","14":"first","15":"instock","16":"shipping-taxable","17":"product-type-simple","18":"entry","19":"content-bg","20":"loop-entry"},"_links":{"self":[{"href":"https:\/\/rfid-laundry-tag.com\/tr\/wp-json\/wp\/v2\/product\/2860","targetHints":{"allow":["GET"]}}],"collection":[{"href":"https:\/\/rfid-laundry-tag.com\/tr\/wp-json\/wp\/v2\/product"}],"about":[{"href":"https:\/\/rfid-laundry-tag.com\/tr\/wp-json\/wp\/v2\/types\/product"}],"version-history":[{"count":2,"href":"https:\/\/rfid-laundry-tag.com\/tr\/wp-json\/wp\/v2\/product\/2860\/revisions"}],"predecessor-version":[{"id":2863,"href":"https:\/\/rfid-laundry-tag.com\/tr\/wp-json\/wp\/v2\/product\/2860\/revisions\/2863"}],"wp:featuredmedia":[{"embeddable":true,"href":"https:\/\/rfid-laundry-tag.com\/tr\/wp-json\/wp\/v2\/media\/2861"}],"wp:attachment":[{"href":"https:\/\/rfid-laundry-tag.com\/tr\/wp-json\/wp\/v2\/media?parent=2860"}],"wp:term":[{"taxonomy":"product_brand","embeddable":true,"href":"https:\/\/rfid-laundry-tag.com\/tr\/wp-json\/wp\/v2\/product_brand?post=2860"},{"taxonomy":"product_cat","embeddable":true,"href":"https:\/\/rfid-laundry-tag.com\/tr\/wp-json\/wp\/v2\/product_cat?post=2860"},{"taxonomy":"product_tag","embeddable":true,"href":"https:\/\/rfid-laundry-tag.com\/tr\/wp-json\/wp\/v2\/product_tag?post=2860"}],"curies":[{"name":"wp","href":"https:\/\/api.w.org\/{rel}","templated":true}]}}