{"id":2853,"date":"2024-11-05T12:54:13","date_gmt":"2024-11-05T12:54:13","guid":{"rendered":"https:\/\/rfid-laundry-tag.com\/?post_type=product&#038;p=2853"},"modified":"2024-11-05T13:04:21","modified_gmt":"2024-11-05T13:04:21","slug":"proximity-abs-tk4100-key-fob","status":"publish","type":"product","link":"https:\/\/rfid-laundry-tag.com\/tr\/proximity-abs-tk4100-key-fob\/","title":{"rendered":"Yak\u0131nl\u0131k ABS TK4100 Anahtarl\u0131k"},"content":{"rendered":"<h2>Yak\u0131nl\u0131k ABS TK4100 Anahtarl\u0131k<\/h2>\n<table class=\"has-title all magic-13\">\n<tbody>\n<tr>\n<td colspan=\"1\" rowspan=\"2\">\n<div class=\"magic-14\">malzeme<\/div>\n<\/td>\n<td colspan=\"1\" rowspan=\"1\">\n<div class=\"magic-15\">Anten malzemesi:Al\u00fcminyum folyo<\/div>\n<\/td>\n<\/tr>\n<tr>\n<td colspan=\"1\" rowspan=\"1\">\n<div class=\"magic-15\">y\u00fczey malzemesi:ABS\/deri\/ah\u015fap<\/div>\n<\/td>\n<\/tr>\n<tr>\n<td colspan=\"1\" rowspan=\"1\">\n<div class=\"magic-17\">boyut<\/div>\n<\/td>\n<td colspan=\"1\" rowspan=\"1\">\n<div class=\"magic-15\" data-spm-anchor-id=\"a2700.details.0.i41.3c939b1b0qFtg1\">40.38*31.5mm,35.5*28mm,51.5*32mm. veya \u00f6zelle\u015ftirilmi\u015f<\/div>\n<\/td>\n<\/tr>\n<tr>\n<td colspan=\"1\" rowspan=\"1\">\n<div class=\"magic-17\">Ki\u015fiye \u00d6zel El Sanatlar\u0131<\/div>\n<\/td>\n<td colspan=\"1\" rowspan=\"1\">\n<div class=\"magic-15\">logo Serigrafi bask\u0131\/UID kodu, seri kodu veya \u00f6zelle\u015ftirilmi\u015f<\/div>\n<\/td>\n<\/tr>\n<tr>\n<td colspan=\"1\" rowspan=\"1\">\n<div class=\"magic-17\">\u00c7al\u0131\u015fma s\u0131cakl\u0131\u011f\u0131<\/div>\n<\/td>\n<td colspan=\"1\" rowspan=\"1\">\n<div class=\"magic-15\">-20\u00b0C~+90 \u00b0C<\/div>\n<\/td>\n<\/tr>\n<tr>\n<td colspan=\"1\" rowspan=\"1\">\n<div class=\"magic-17\">kodlamak<\/div>\n<\/td>\n<td colspan=\"1\" rowspan=\"1\">\n<div class=\"magic-15\">yaz\u0131labilir \u00e7ip Mevcut<\/div>\n<\/td>\n<\/tr>\n<tr>\n<td colspan=\"1\" rowspan=\"1\">\n<div class=\"magic-17\">renk se\u00e7enekleri<\/div>\n<\/td>\n<td colspan=\"1\" rowspan=\"1\">\n<div class=\"magic-15\">K\u0131rm\u0131z\u0131, Mavi, Siyah, Mor, Turuncu, Sar\u0131, (\u00f6zelle\u015ftirilebilir)<\/div>\n<\/td>\n<\/tr>\n<tr>\n<td colspan=\"1\" rowspan=\"1\">\n<div class=\"magic-17\">okuma mesafesi<\/div>\n<\/td>\n<td colspan=\"1\" rowspan=\"1\">\n<div class=\"magic-15\">1~10cm(okuyucuya ba\u011fl\u0131)<\/div>\n<\/td>\n<\/tr>\n<tr>\n<td colspan=\"1\" rowspan=\"1\">\n<div class=\"magic-17\">uygulamalar<\/div>\n<\/td>\n<td colspan=\"1\" rowspan=\"1\">\n<div class=\"magic-15\" data-spm-anchor-id=\"a2700.details.0.i40.3c939b1b0qFtg1\">\u00dcyelik sistemi\/spor salonu\/giri\u015f kontrol\u00fc\/\u00f6deme vb.<\/div>\n<\/td>\n<\/tr>\n<\/tbody>\n<\/table>\n<p>&nbsp;<\/p>\n<p>Her biri <strong>Yak\u0131nl\u0131k ABS TK4100 Anahtarl\u0131k<\/strong> benzersiz bir rakam kimlik numaras\u0131yla \u00f6nceden programlanm\u0131\u015f olarak gelir ve bu da onu RFID&#039;de kullan\u0131m i\u00e7in ideal bir se\u00e7im haline getirir <strong>Yak\u0131nl\u0131k eri\u015fim kontrol sistemleri<\/strong>Bu anahtarl\u0131klar, kap\u0131lara, elektrikli kilitlere ve hatta g\u00f6r\u00fcnt\u00fcl\u00fc kap\u0131 telefonlar\u0131na eri\u015fimi y\u00f6neten sistemlerle sorunsuz bir \u015fekilde entegre olacak \u015fekilde tasarlanm\u0131\u015ft\u0131r ve g\u00fcvenli ve g\u00fcvenilir kilit a\u00e7ma yetenekleri sa\u011flar.<\/p>\n<p>Anahtarl\u0131klar dayan\u0131kl\u0131 malzemeden \u00fcretilmi\u015ftir <strong>ABS malzemesi<\/strong>, teklif <strong>su ge\u00e7irmez<\/strong> \u00e7e\u015fitli ortamlarda uzun \u00f6m\u00fcrl\u00fc performans sa\u011flamak i\u00e7in koruma. Her anahtarl\u0131k bir <strong>metal anahtarl\u0131k<\/strong>, anahtarl\u0131klara veya kordonlara ta\u015f\u0131may\u0131 ve takmay\u0131 kolayla\u015ft\u0131r\u0131r. Bu, zorlu ko\u015fullarda i\u015flevselli\u011fini korurken kullan\u0131c\u0131lar i\u00e7in kullan\u0131\u015fl\u0131 hale getirir.<\/p>\n<p>Bu anahtarl\u0131klar yayg\u0131n olarak kullan\u0131lmaktad\u0131r <strong>eri\u015fim kontrol sistemleri<\/strong>, kap\u0131 kilidi a\u00e7ma, parola y\u00f6netimi ve eri\u015fim izinleri gibi i\u015flevleri etkinle\u015ftirir. Bunlar <strong>standart EM ID eri\u015fim cihazlar\u0131yla uyumludur<\/strong> veya <strong>Kimlik okuyucular\u0131<\/strong>Bu da onlar\u0131 \u00e7e\u015fitli eri\u015fim kontrol uygulamalar\u0131 i\u00e7in olduk\u00e7a \u00e7ok y\u00f6nl\u00fc hale getirir.<\/p>","protected":false},"excerpt":{"rendered":"<p>The <strong>Yak\u0131nl\u0131k ABS TK4100 Anahtarl\u0131k<\/strong> \u00e7e\u015fitli eri\u015fim kontrol sistemleri i\u00e7in uygun, son derece g\u00fcvenilir, dayan\u0131kl\u0131 ve g\u00fcvenli bir RFID anahtarl\u0131kt\u0131r. Benzersiz bir kimlikle \u00f6nceden programlanm\u0131\u015ft\u0131r ve yayg\u0131n olarak kullan\u0131l\u0131r <strong>kap\u0131lar\u0131n kilidini a\u00e7mak<\/strong>, <strong>\u015fifreleri y\u00f6netme<\/strong>ve daha fazlas\u0131. Su ge\u00e7irmez ABS malzemeden yap\u0131lm\u0131\u015f ve metal anahtar halkas\u0131 bulunan bu \u00fcr\u00fcn, hem i\u00e7 hem de d\u0131\u015f mekanlarda kullan\u0131m i\u00e7in idealdir.<\/p>","protected":false},"featured_media":2855,"template":"","meta":{"_kad_post_transparent":"default","_kad_post_title":"","_kad_post_layout":"default","_kad_post_sidebar_id":"","_kad_post_content_style":"default","_kad_post_vertical_padding":"default","_kad_post_feature":"","_kad_post_feature_position":"","_kad_post_header":false,"_kad_post_footer":false,"_kad_post_classname":""},"product_brand":[],"product_cat":[54],"product_tag":[348,346,349,344,345,343],"class_list":{"0":"post-2853","1":"product","2":"type-product","3":"status-publish","4":"has-post-thumbnail","6":"product_cat-hot-selling-rfid-tags","7":"product_tag-nfc-key-fobs-ntag213","8":"product_tag-nfc-key-tag","9":"product_tag-nfc-key-tags","10":"product_tag-nfc-keychain","11":"product_tag-rfid-fob","12":"product_tag-rfid-keyfobs","14":"first","15":"instock","16":"shipping-taxable","17":"product-type-simple","18":"entry","19":"content-bg","20":"loop-entry"},"_links":{"self":[{"href":"https:\/\/rfid-laundry-tag.com\/tr\/wp-json\/wp\/v2\/product\/2853","targetHints":{"allow":["GET"]}}],"collection":[{"href":"https:\/\/rfid-laundry-tag.com\/tr\/wp-json\/wp\/v2\/product"}],"about":[{"href":"https:\/\/rfid-laundry-tag.com\/tr\/wp-json\/wp\/v2\/types\/product"}],"version-history":[{"count":2,"href":"https:\/\/rfid-laundry-tag.com\/tr\/wp-json\/wp\/v2\/product\/2853\/revisions"}],"predecessor-version":[{"id":2859,"href":"https:\/\/rfid-laundry-tag.com\/tr\/wp-json\/wp\/v2\/product\/2853\/revisions\/2859"}],"wp:featuredmedia":[{"embeddable":true,"href":"https:\/\/rfid-laundry-tag.com\/tr\/wp-json\/wp\/v2\/media\/2855"}],"wp:attachment":[{"href":"https:\/\/rfid-laundry-tag.com\/tr\/wp-json\/wp\/v2\/media?parent=2853"}],"wp:term":[{"taxonomy":"product_brand","embeddable":true,"href":"https:\/\/rfid-laundry-tag.com\/tr\/wp-json\/wp\/v2\/product_brand?post=2853"},{"taxonomy":"product_cat","embeddable":true,"href":"https:\/\/rfid-laundry-tag.com\/tr\/wp-json\/wp\/v2\/product_cat?post=2853"},{"taxonomy":"product_tag","embeddable":true,"href":"https:\/\/rfid-laundry-tag.com\/tr\/wp-json\/wp\/v2\/product_tag?post=2853"}],"curies":[{"name":"wp","href":"https:\/\/api.w.org\/{rel}","templated":true}]}}