{"id":2850,"date":"2024-11-05T12:42:51","date_gmt":"2024-11-05T12:42:51","guid":{"rendered":"https:\/\/rfid-laundry-tag.com\/?post_type=product&#038;p=2850"},"modified":"2024-11-05T12:49:55","modified_gmt":"2024-11-05T12:49:55","slug":"nfc-key-fobs-ntag213","status":"publish","type":"product","link":"https:\/\/rfid-laundry-tag.com\/tr\/nfc-key-fobs-ntag213\/","title":{"rendered":"NFC Anahtarl\u0131klar Ntag213"},"content":{"rendered":"<h2>NFC Anahtarl\u0131klar Ntag213<\/h2>\n<p>Ntag213 gibi NFC Anahtarl\u0131klar\u0131, eri\u015fim kontrol\u00fc, kimlik belirleme ve daha fazlas\u0131 i\u00e7in g\u00fcvenli, temass\u0131z \u00e7\u00f6z\u00fcmler sunarak ortamlar\u0131m\u0131zla etkile\u015fim kurma bi\u00e7imimizde devrim yarat\u0131yor. Ofisiniz, oteliniz veya ki\u015fisel arac\u0131n\u0131z i\u00e7in anahtars\u0131z giri\u015f sistemine ihtiyac\u0131n\u0131z olsun, Ntag213 NFC anahtarl\u0131k kesintisiz ve g\u00fcvenilir bir deneyim sunar. Bu \u00fcr\u00fcn a\u00e7\u0131klamas\u0131, Ntag213 NFC Anahtarl\u0131klar\u0131n\u0131n avantajlar\u0131n\u0131, \u00f6zelliklerini ve kullan\u0131mlar\u0131n\u0131 ele alarak bu geli\u015fmi\u015f teknolojiyi d\u00fc\u015f\u00fcnenler i\u00e7in kapsaml\u0131 ayr\u0131nt\u0131lar sunar.<\/p>\n<hr \/>\n<h2>\u00dcr\u00fcn Genel Bak\u0131\u015f\u0131<\/h2>\n<p>The <strong>NFC Anahtarl\u0131k Ntag213<\/strong> yak\u0131n alan ileti\u015fimi (NFC) teknolojisinden yararlanan y\u00fcksek performansl\u0131, temass\u0131z bir cihazd\u0131r. Kompakt, g\u00fcvenli ve kullan\u0131c\u0131 dostu olacak \u015fekilde tasarlanan bu anahtarl\u0131k, eri\u015fim kontrol\u00fc, \u00f6deme sistemleri ve \u00fcr\u00fcn kimlik do\u011frulamas\u0131 dahil olmak \u00fczere \u00e7ok \u00e7e\u015fitli uygulamalara olanak tan\u0131r. G\u00fcvenlik, kullan\u0131m kolayl\u0131\u011f\u0131 ve verimlili\u011fe odaklanan Ntag213 anahtarl\u0131k, i\u015fletmeler, oteller, evler ve daha fazlas\u0131 i\u00e7in \u00fcst\u00fcn i\u015flevsellik sa\u011flar.<\/p>\n<h3>Ntag213 NFC Anahtarl\u0131\u011f\u0131n\u0131 Neden Sat\u0131n Almal\u0131s\u0131n\u0131z?<\/h3>\n<p>Ntag213 sadece bir anahtarl\u0131ktan daha fazlas\u0131d\u0131r; g\u00fcvenilir ve emniyetli bir eri\u015fim \u00e7\u00f6z\u00fcm\u00fcd\u00fcr. Y\u00fcksek kaliteli performans, entegrasyon kolayl\u0131\u011f\u0131 ve mevcut sistemlerle uyumlulu\u011fun bir kombinasyonunu sunan bu \u00fcr\u00fcn, g\u00fcvenlik \u00f6nlemlerini y\u00fckseltmek isteyen i\u015fletmeler veya eri\u015fimlerini y\u00f6netmek i\u00e7in daha verimli bir yol arayan bireyler i\u00e7in ideal bir se\u00e7imdir. \u0130\u015fte yat\u0131r\u0131ma de\u011fer olmas\u0131n\u0131n nedenleri:<\/p>\n<ul>\n<li><strong>G\u00fcvenilir G\u00fcvenlik:<\/strong> Dahili \u015fifreleme ve benzersiz tan\u0131mlay\u0131c\u0131 (UID) ile bu anahtarl\u0131k, \u00e7o\u011faltma veya yetkisiz kullan\u0131m riski olmadan g\u00fcvenli eri\u015fim sa\u011flar.<\/li>\n<li><strong>Uzun \u00d6m\u00fcrl\u00fc Dayan\u0131kl\u0131l\u0131k:<\/strong> G\u00fcnl\u00fck kullan\u0131ma uygun olarak tasarlanan Ntag213 NFC Anahtarl\u0131k, 100.000&#039;e kadar yazma d\u00f6ng\u00fcs\u00fc ve 10 y\u0131ll\u0131k veri saklama s\u00fcresiyle uzun bir kullan\u0131m \u00f6mr\u00fcne sahip.<\/li>\n<li><strong>\u00c7ok Y\u00f6nl\u00fc Uyumluluk:<\/strong> Her ikisiyle de uyumlulu\u011fu <strong>13.56 MHz RFID sistemleri<\/strong> Ve <strong>NFC \u00f6zellikli cihazlar<\/strong> \u00e7e\u015fitli uygulamalar i\u00e7in \u00e7ok y\u00f6nl\u00fc bir \u00e7\u00f6z\u00fcm haline getirir.<\/li>\n<\/ul>\n<p>Ntag213 NFC Anahtarl\u0131\u011f\u0131n\u0131n temel \u00f6zelliklerini ve avantajlar\u0131n\u0131 daha derinlemesine inceleyelim.<\/p>\n<hr \/>\n<h2>NFC Teknolojisi: Modern G\u00fcvenlik \u00c7\u00f6z\u00fcmlerinin Omurgas\u0131<\/h2>\n<p>NFC (Yak\u0131n Alan \u0130leti\u015fimi) teknolojisi, temass\u0131z ge\u00e7i\u015f sistemlerinin itici g\u00fcc\u00fcd\u00fcr. <strong>Ntag213<\/strong> taraf\u0131ndan geli\u015ftirilen en pop\u00fcler NFC etiketlerinden biridir <strong>NXP\u00ae Yar\u0131iletkenler<\/strong>, a\u015fa\u011f\u0131dakilere ba\u011fl\u0131 kalarak <strong>NFC Forum Tip 2 Etiketi<\/strong> standart. Bu uyumluluk, cihaz\u0131n NFC \u00f6zellikli ak\u0131ll\u0131 telefonlar, tabletler ve \u00f6zel NFC okuyucularla sorunsuz bir \u015fekilde \u00e7al\u0131\u015fmas\u0131n\u0131 sa\u011flar.<\/p>\n<h3>Eri\u015fim Kontrol Sistemleriyle Kusursuz Entegrasyon<\/h3>\n<p>\u0130ster bir <strong>otel giri\u015f sistemi<\/strong>, <strong>ofis anahtars\u0131z giri\u015f<\/strong>, veya ki\u015fisel eri\u015fim kontrol sistemi, NFC teknolojisi s\u00fcreci basitle\u015ftirir. <strong>Ntag213 NFC anahtarl\u0131k<\/strong> modern eri\u015fim \u00e7\u00f6z\u00fcmlerinin kritik bir bile\u015fenidir ve <strong>g\u00fcvenli, temass\u0131z y\u00f6ntem<\/strong> Kap\u0131lar\u0131n kilidini a\u00e7mak, k\u0131s\u0131tl\u0131 alanlara eri\u015fim sa\u011flamak ve hatta \u00f6deme yapmak i\u00e7in. Sezgisel yak\u0131nl\u0131k \u00f6zellikleriyle kullan\u0131c\u0131lar, anahtarl\u0131\u011f\u0131 NFC \u00f6zellikli bir okuyucunun yak\u0131n\u0131na tutarak kap\u0131lar\u0131 a\u00e7abilirler.<\/p>\n<h3>Artt\u0131r\u0131lm\u0131\u015f Kullan\u0131c\u0131 Kolayl\u0131\u011f\u0131<\/h3>\n<p>NFC teknolojisi, geleneksel anahtarlara veya fiziksel kartlara olan ihtiyac\u0131 ortadan kald\u0131rarak daha h\u0131zl\u0131 ve daha verimli eri\u015fime olanak tan\u0131r. <strong>okuma mesafesi<\/strong> 100 mm&#039;ye kadar (anten geometrisine ba\u011fl\u0131 olarak) anahtarl\u0131\u011f\u0131n do\u011frudan temas gerektirmeden kolayca taranabilmesini sa\u011flar. Bu \u00f6zellik hem i\u015fletme sahipleri hem de kullan\u0131c\u0131lar i\u00e7in ek kolayl\u0131k sa\u011flar.<\/p>\n<hr \/>\n<h2>Ntag213 NFC Anahtarl\u0131\u011f\u0131n\u0131n Temel \u00d6zellikleri<\/h2>\n<h3>1. <strong>G\u00fcvenli Eri\u015fim i\u00e7in Dahili G\u00fcvenlik \u00d6zellikleri<\/strong><\/h3>\n<p>Eri\u015fim kontrol\u00fc s\u00f6z konusu oldu\u011funda g\u00fcvenlik en \u00f6nemli \u00f6nceliktir ve <strong>Ntag213 NFC Anahtarl\u0131k<\/strong> tam da bunu sunar. <strong>benzersiz 7 baytl\u0131k UID<\/strong>, cihaz her anahtarl\u0131\u011f\u0131n benzersiz olmas\u0131n\u0131 sa\u011flayarak yetkisiz \u00e7o\u011faltmay\u0131 \u00f6nler. <strong>\u015fifre korumas\u0131<\/strong> Ve <strong>ECC tabanl\u0131 \u00f6zg\u00fcnl\u00fck imzas\u0131<\/strong> Verileri daha fazla koruyun ve anahtarl\u0131kta de\u011fi\u015fiklik yap\u0131lamayaca\u011f\u0131ndan emin olun.<\/p>\n<ul>\n<li><strong>\u015eifre Korumas\u0131<\/strong>: 32 bit parola yap\u0131land\u0131rma olana\u011f\u0131, sisteme yaln\u0131zca yetkili kullan\u0131c\u0131lar\u0131n eri\u015febilmesini sa\u011flar.<\/li>\n<li><strong>ECC \u0130mzas\u0131<\/strong>: : <strong>ECC tabanl\u0131 \u00f6zg\u00fcnl\u00fck imzas\u0131<\/strong> doland\u0131r\u0131c\u0131lar\u0131n anahtarl\u0131\u011f\u0131 taklit etmesini zorla\u015ft\u0131rarak ek bir g\u00fcvenlik katman\u0131 sunar.<\/li>\n<\/ul>\n<h3>2. <strong>\u00c7oklu Uygulama Kullan\u0131m\u0131<\/strong><\/h3>\n<p>En \u00f6nemli avantajlardan biri <strong>Ntag213 NFC Anahtarl\u0131k<\/strong> \u00e7ok y\u00f6nl\u00fcl\u00fc\u011f\u00fcd\u00fcr. \u00c7e\u015fitli uygulamalar i\u00e7in kullan\u0131labilir, bunlar aras\u0131nda \u015funlar bulunur:<\/p>\n<ul>\n<li><strong>Eri\u015fim Kontrol\u00fc:<\/strong> Ofis, otel ve evlerde kap\u0131lar\u0131n kilidini a\u00e7mak i\u00e7in kullan\u0131l\u0131r.<\/li>\n<li><strong>\u00d6deme Sistemleri:<\/strong> Mobil NFC entegrasyonu ile g\u00fcvenli, temass\u0131z \u00f6demeler.<\/li>\n<li><strong>\u00dcr\u00fcn Do\u011frulamas\u0131:<\/strong> L\u00fcks \u00fcr\u00fcn veya mallar\u0131n orijinalli\u011fini do\u011frulay\u0131n.<\/li>\n<li><strong>Ak\u0131ll\u0131 Reklamc\u0131l\u0131k:<\/strong> Bask\u0131l\u0131 medyaya yerle\u015ftirilen NFC etiketlerini kullanarak ev d\u0131\u015f\u0131 pazarlama kampanyalar\u0131n\u0131z\u0131 geli\u015ftirin.<\/li>\n<\/ul>\n<h3>3. <strong>Dayan\u0131kl\u0131l\u0131k ve Uzun \u00d6m\u00fcrl\u00fcl\u00fck<\/strong><\/h3>\n<p>Bir ile <strong>100.000 \u00e7evrim yazma dayan\u0131kl\u0131l\u0131\u011f\u0131<\/strong> ve bir <strong>10 y\u0131ll\u0131k veri saklama s\u00fcresi<\/strong>, <strong>Ntag213 NFC Anahtarl\u0131k<\/strong> uzun \u00f6m\u00fcrl\u00fc olacak \u015fekilde \u00fcretilmi\u015ftir. \u0130ster yo\u011fun bir ofis ortam\u0131nda g\u00fcnl\u00fck olarak kullan\u0131ls\u0131n, ister d\u00fc\u015f\u00fck trafikli bir uygulaman\u0131n par\u00e7as\u0131 olarak kullan\u0131ls\u0131n, bu anahtarl\u0131k performansta bozulma olmadan uzun s\u00fcreli kullan\u0131ma dayanabilir.<\/p>\n<h3>4. <strong>Kompakt ve Hafif Tasar\u0131m<\/strong><\/h3>\n<p>Ntag213 anahtarl\u0131k kompakt ve hafiftir, bu da onu ta\u015f\u0131may\u0131 kolayla\u015ft\u0131r\u0131r. <strong>anahtarl\u0131klarla uyumlu<\/strong>kullan\u0131c\u0131lar\u0131n anahtarlar\u0131na tak\u0131p rahat eri\u015fim sa\u011flamalar\u0131na olanak tan\u0131r. <strong>k\u00fc\u00e7\u00fck ayak izi<\/strong> \u00dcr\u00fcn etiketlerine veya oyun kartlar\u0131na g\u00f6m\u00fcl\u00fc etiketler gibi yerden tasarruf sa\u011flayan \u00e7\u00f6z\u00fcmler gerektiren uygulamalar i\u00e7in idealdir.<\/p>\n<hr \/>\n<h2>\u00c7evresel Etki ve S\u00fcrd\u00fcr\u00fclebilirlik<\/h2>\n<p>\u0130\u015fletmeler ve t\u00fcketiciler s\u00fcrd\u00fcr\u00fclebilirli\u011fe \u00f6ncelik vermeye devam ettik\u00e7e, <strong>Ntag213 NFC Anahtarl\u0131k<\/strong> \u00e7evresel sorumluluk d\u00fc\u015f\u00fcn\u00fclerek tasarlanm\u0131\u015ft\u0131r. <strong>d\u00fc\u015f\u00fck enerji t\u00fcketimi<\/strong> ve uzun \u00f6m\u00fcrl\u00fc dayan\u0131kl\u0131l\u0131k, zamanla daha az at\u0131k ve daha az de\u011fi\u015fime katk\u0131da bulunur. Ek olarak, bir <strong>pasif RFID etiketi<\/strong>Ntag213&#039;\u00fcn \u00e7al\u0131\u015fmas\u0131 i\u00e7in bir pile ihtiya\u00e7 duyulmamas\u0131, \u00e7evresel ayak izini daha da azalt\u0131yor.<\/p>\n<hr \/>\n<h2>Ntag213 NFC Anahtarl\u0131k Nas\u0131l Kullan\u0131l\u0131r<\/h2>\n<p>Kullan\u0131m\u0131 <strong>Ntag213 NFC Anahtarl\u0131k<\/strong> basit ve anla\u015f\u0131l\u0131rd\u0131r:<\/p>\n<ol>\n<li><strong>Programlama<\/strong>: Anahtarl\u0131\u011f\u0131 eri\u015fim kimlik bilgileri veya \u00f6deme bilgileri gibi gerekli bilgilerle programlamak i\u00e7in uyumlu NFC yaz\u0131l\u0131m\u0131n\u0131 veya okuyucular\u0131n\u0131 kullan\u0131n.<\/li>\n<li><strong>Entegrasyon<\/strong>: Anahtarl\u0131\u011f\u0131 NFC \u00f6zellikli bir eri\u015fim kontrol sistemi veya \u00f6deme terminali ile entegre edin.<\/li>\n<li><strong>Aktivasyon<\/strong>: Eri\u015fim sa\u011flamak veya bir i\u015flemi tamamlamak i\u00e7in anahtarl\u0131\u011f\u0131 bir NFC okuyucusunun yak\u0131n\u0131na tutun. <strong>temass\u0131z<\/strong> etkile\u015fim, sorunsuz ve verimli bir kullan\u0131m sa\u011flar.<\/li>\n<\/ol>\n<hr \/>\n<h2>M\u00fc\u015fteri Yorumlar\u0131<\/h2>\n<p>Bir\u00e7ok kullan\u0131c\u0131, <strong>Ntag213 NFC Anahtarl\u0131k<\/strong> onun i\u00e7in <strong>kullan\u0131m kolayl\u0131\u011f\u0131<\/strong>, <strong>g\u00fcvenlik<\/strong>, Ve <strong>g\u00fcvenilirlik<\/strong>\u0130\u015fte memnun m\u00fc\u015fterilerden gelen birka\u00e7 referans:<\/p>\n<ul>\n<li><strong>John D., Ofis M\u00fcd\u00fcr\u00fc<\/strong>: \u201cNtag213 ofis binam\u0131za eri\u015fimi her zamankinden daha kolay hale getirdi. G\u00fcvenli, kullan\u0131m\u0131 kolay ve art\u0131k kay\u0131p anahtarlar konusunda endi\u015felenmeme gerek yok.\u201d<\/li>\n<li><strong>Sarah T., Otel Sahibi<\/strong>: \u201cOtel anahtar sistemimiz i\u00e7in Ntag213&#039;\u00fc uygulad\u0131k ve bu, misafir memnuniyetini \u00f6nemli \u00f6l\u00e7\u00fcde art\u0131rd\u0131. H\u0131zl\u0131, g\u00fcvenli ve \u00e7ok kullan\u0131\u015fl\u0131.\u201d<\/li>\n<\/ul>\n<hr \/>\n<h2>SSS<\/h2>\n<h3>S1: Ntag213 anahtarl\u0131\u011f\u0131n\u0131 kendim programlayabilir miyim?<\/h3>\n<p>Evet, Ntag213 anahtarl\u0131\u011f\u0131n\u0131 uyumlu NFC okuyucular\u0131 ve yaz\u0131l\u0131mlar\u0131 kullanarak programlayabilirsiniz. Bu, anahtarl\u0131\u011f\u0131 mevcut sistemlerinizle entegre etmeyi kolayla\u015ft\u0131r\u0131r.<\/p>\n<h3>S2: Ntag213 anahtarl\u0131\u011f\u0131n\u0131n pili ne kadar s\u00fcre dayan\u0131r?<\/h3>\n<p>Ntag213 anahtarl\u0131k, pil gerektirmedi\u011fi i\u00e7in pil ile \u00e7al\u0131\u015f\u0131r. <strong>pasif RFID teknolojisi<\/strong>Yak\u0131n mesafedeyken NFC okuyucusundan g\u00fc\u00e7 alarak.<\/p>\n<h3>S3: Ntag213 NFC anahtarl\u0131\u011f\u0131n\u0131n okuma menzili nedir?<\/h3>\n<p>Tipik okuma aral\u0131\u011f\u0131, a\u015fa\u011f\u0131daki gibi fakt\u00f6rlere ba\u011fl\u0131 olarak 100 mm&#039;ye kadar \u00e7\u0131kabilir: <strong>okuyucunun anten tasar\u0131m\u0131<\/strong> ve alan \u015fiddeti.<\/p>\n<hr \/>\n<h2>Sonu\u00e7: Neden Ntag213 NFC Anahtarl\u0131\u011f\u0131n\u0131 Se\u00e7melisiniz?<\/h2>\n<p>The <strong>Ntag213 NFC Anahtarl\u0131k<\/strong> g\u00fcvenlik, g\u00fcvenilirlik ve kullan\u0131c\u0131 kolayl\u0131\u011f\u0131n\u0131n ideal bir kombinasyonunu sunar. <strong>temass\u0131z teknoloji<\/strong>, <strong>kompakt tasar\u0131m<\/strong>, Ve <strong>\u00e7oklu uygulama \u00e7ok y\u00f6nl\u00fcl\u00fc\u011f\u00fc<\/strong> modern eri\u015fim kontrol sistemleri, \u00f6demeler ve kimliklendirme i\u00e7in m\u00fckemmel bir se\u00e7im haline getirir. \u0130ster g\u00fcvenlik altyap\u0131n\u0131z\u0131 geli\u015ftirmek isteyen bir i\u015fletme olun, ister ki\u015fisel eri\u015fim ihtiya\u00e7lar\u0131n\u0131z i\u00e7in kullan\u0131\u015fl\u0131 ve g\u00fcvenli bir \u00e7\u00f6z\u00fcm arayan bir t\u00fcketici olun, Ntag213 ak\u0131ll\u0131ca bir yat\u0131r\u0131md\u0131r.<\/p>\n<p>Bug\u00fcn eri\u015fiminizi g\u00fcvence alt\u0131na al\u0131n <strong>Ntag213 NFC Anahtarl\u0131k<\/strong>\u2014temass\u0131z g\u00fcvenli\u011fin gelece\u011fi burada.<\/p>","protected":false},"excerpt":{"rendered":"<p><strong>Ntag213 NFC Anahtarl\u0131k<\/strong> g\u00fcvenlik, g\u00fcvenilirlik ve kullan\u0131c\u0131 kolayl\u0131\u011f\u0131n\u0131n ideal bir kombinasyonunu sunar. <strong>temass\u0131z teknoloji<\/strong>, <strong>kompakt tasar\u0131m<\/strong>, Ve <strong>\u00e7oklu uygulama \u00e7ok y\u00f6nl\u00fcl\u00fc\u011f\u00fc<\/strong> modern eri\u015fim kontrol sistemleri, \u00f6demeler ve kimliklendirme i\u00e7in m\u00fckemmel bir se\u00e7imdir.<\/p>","protected":false},"featured_media":2845,"template":"","meta":{"_kad_post_transparent":"default","_kad_post_title":"","_kad_post_layout":"default","_kad_post_sidebar_id":"","_kad_post_content_style":"default","_kad_post_vertical_padding":"default","_kad_post_feature":"","_kad_post_feature_position":"","_kad_post_header":false,"_kad_post_footer":false,"_kad_post_classname":""},"product_brand":[],"product_cat":[54],"product_tag":[348,346,349,344,345,343],"class_list":{"0":"post-2850","1":"product","2":"type-product","3":"status-publish","4":"has-post-thumbnail","6":"product_cat-hot-selling-rfid-tags","7":"product_tag-nfc-key-fobs-ntag213","8":"product_tag-nfc-key-tag","9":"product_tag-nfc-key-tags","10":"product_tag-nfc-keychain","11":"product_tag-rfid-fob","12":"product_tag-rfid-keyfobs","14":"first","15":"instock","16":"shipping-taxable","17":"product-type-simple","18":"entry","19":"content-bg","20":"loop-entry"},"_links":{"self":[{"href":"https:\/\/rfid-laundry-tag.com\/tr\/wp-json\/wp\/v2\/product\/2850","targetHints":{"allow":["GET"]}}],"collection":[{"href":"https:\/\/rfid-laundry-tag.com\/tr\/wp-json\/wp\/v2\/product"}],"about":[{"href":"https:\/\/rfid-laundry-tag.com\/tr\/wp-json\/wp\/v2\/types\/product"}],"version-history":[{"count":2,"href":"https:\/\/rfid-laundry-tag.com\/tr\/wp-json\/wp\/v2\/product\/2850\/revisions"}],"predecessor-version":[{"id":2852,"href":"https:\/\/rfid-laundry-tag.com\/tr\/wp-json\/wp\/v2\/product\/2850\/revisions\/2852"}],"wp:featuredmedia":[{"embeddable":true,"href":"https:\/\/rfid-laundry-tag.com\/tr\/wp-json\/wp\/v2\/media\/2845"}],"wp:attachment":[{"href":"https:\/\/rfid-laundry-tag.com\/tr\/wp-json\/wp\/v2\/media?parent=2850"}],"wp:term":[{"taxonomy":"product_brand","embeddable":true,"href":"https:\/\/rfid-laundry-tag.com\/tr\/wp-json\/wp\/v2\/product_brand?post=2850"},{"taxonomy":"product_cat","embeddable":true,"href":"https:\/\/rfid-laundry-tag.com\/tr\/wp-json\/wp\/v2\/product_cat?post=2850"},{"taxonomy":"product_tag","embeddable":true,"href":"https:\/\/rfid-laundry-tag.com\/tr\/wp-json\/wp\/v2\/product_tag?post=2850"}],"curies":[{"name":"wp","href":"https:\/\/api.w.org\/{rel}","templated":true}]}}