{"id":2843,"date":"2024-11-05T12:37:22","date_gmt":"2024-11-05T12:37:22","guid":{"rendered":"https:\/\/rfid-laundry-tag.com\/?post_type=product&#038;p=2843"},"modified":"2024-11-05T12:37:24","modified_gmt":"2024-11-05T12:37:24","slug":"rfid-keyfobs-mifare-s50-1k","status":"publish","type":"product","link":"https:\/\/rfid-laundry-tag.com\/tr\/rfid-keyfobs-mifare-s50-1k\/","title":{"rendered":"RFID Anahtarl\u0131klar Mifare S50 1K"},"content":{"rendered":"<h2>RFID Anahtarl\u0131klar Mifare S50 1K<\/h2>\n<p><span class=\"AnswerParser_TextContainer__z_Iiv\" data-testid=\"youchat-text\">\u00c7ok y\u00f6nl\u00fc <strong>RFID anahtarl\u0131k<\/strong> modern eri\u015fim kontrol sistemleri i\u00e7in m\u00fckemmel bir rahatl\u0131k ve g\u00fcvenlik kar\u0131\u015f\u0131m\u0131n\u0131 temsil eder. Hem 13,56 MHz hem de 125 KHz frekanslar\u0131nda mevcut olan bu kompakt cihazlar, \u00e7e\u015fitli uygulamalar i\u00e7in g\u00fcvenilir tan\u0131mlama ve kusursuz eri\u015fim y\u00f6netimi sunar.<\/span><\/p>\n<p>NXP<sup>\u00ae<\/sup>\u00a0MIFARE&#039;yi geli\u015ftirdi<sup>\u00ae<\/sup>\u00a0ISO\/IEC 14443 Tip-A&#039;ya g\u00f6re temass\u0131z ak\u0131ll\u0131 kartta kullan\u0131lacak MF1ICS50.<\/p>\n<p>MIFARE MF1ICS50 IC, b\u00fcy\u00fck \u015fehirlerin MIFARE&#039;yi e-bilet \u00e7\u00f6z\u00fcm\u00fc olarak benimsedi\u011fi toplu ta\u015f\u0131ma biletlemesi gibi uygulamalarda kullan\u0131l\u0131r.<\/p>\n<p>Ak\u0131ll\u0131 bir \u00e7arp\u0131\u015fma \u00f6nleme i\u015flevi, sahada ayn\u0131 anda birden fazla kart\u0131n \u00e7al\u0131\u015ft\u0131r\u0131lmas\u0131na olanak tan\u0131r. \u00c7arp\u0131\u015fma \u00f6nleme algoritmas\u0131 her kart\u0131 ayr\u0131 ayr\u0131 se\u00e7er ve se\u00e7ilen bir kartla yap\u0131lan i\u015flemin sahadaki di\u011fer kartlardan kaynaklanan veri bozulmas\u0131 olmadan do\u011fru \u015fekilde ger\u00e7ekle\u015ftirilmesini sa\u011flar.<\/p>\n<p>MF1ICS50, basit entegrasyon ve kullan\u0131c\u0131 kolayl\u0131\u011f\u0131 i\u00e7in tasarlanm\u0131\u015ft\u0131r. Bu, t\u00fcm bilet i\u015flemlerinin 100 ms&#039;den daha k\u0131sa s\u00fcrede ger\u00e7ekle\u015ftirilmesine olanak tan\u0131yabilir. B\u00f6ylece, MF1ICS50 kart kullan\u0131c\u0131s\u0131 okuyucuda durmak zorunda kalmaz ve bu da kap\u0131larda y\u00fcksek verim ve otob\u00fcslere bini\u015f s\u00fcrelerinin azalmas\u0131na neden olur. MIFARE \u00fcr\u00fcn tabanl\u0131 kart, i\u00e7inde bozuk para olsa bile i\u015flem s\u0131ras\u0131nda c\u00fczdanda kalabilir.<\/p>\n<h3>Mifare S50 1K \u00c7ip \u00d6zellikleri<\/h3>\n<div id=\"featuresXsp\" class=\"features-list\">\n<div class=\"features-xsp\">\n<div class=\"collapse-mobile ste-list\">\n<h3>MIFARE, RF Aray\u00fcz\u00fc (ISO\/IEC 14443 A)<\/h3>\n<ul class=\"boxes\">\n<li>Temass\u0131z veri iletimi ve enerji temini (pil gerektirmez)<\/li>\n<li>\u00c7al\u0131\u015fma mesafesi: 100 mm&#039;ye kadar (anten geometrisine ba\u011fl\u0131 olarak)<\/li>\n<li>\u00c7al\u0131\u015fma frekans\u0131: 13.56 MHz<\/li>\n<li>Veri aktar\u0131m\u0131: 106 kbit\/s<\/li>\n<li>Veri b\u00fct\u00fcnl\u00fc\u011f\u00fc: 16-Bit CRC, parite, bit kodlama, bit say\u0131m\u0131<\/li>\n<li>\u00c7arp\u0131\u015fma \u00f6nleyici<\/li>\n<li>Tipik bilet i\u015flemi: &lt; 100 ms (yedekleme y\u00f6netimi dahil)<\/li>\n<\/ul>\n<\/div>\n<div class=\"collapse-mobile ste-list\">\n<h3>EEPROM<\/h3>\n<ul class=\"boxes\">\n<li>1 kB \u2013 4 kB, her biri 16 bayttan olu\u015fan 4 bloktan olu\u015fan 16 sekt\u00f6rde d\u00fczenlenmi\u015ftir (bir blok 16 bayttan olu\u015fur)<\/li>\n<li>Her bellek blo\u011fu i\u00e7in kullan\u0131c\u0131 taraf\u0131ndan tan\u0131mlanabilir eri\u015fim ko\u015fullar\u0131<\/li>\n<li>10 y\u0131ll\u0131k veri saklama s\u00fcresi<\/li>\n<li>Yazma dayan\u0131kl\u0131l\u0131\u011f\u0131 100.000 \u2013 200.000 \u00e7evrim<\/li>\n<\/ul>\n<\/div>\n<div class=\"collapse-mobile ste-list\">\n<h3>G\u00fcvenlik<\/h3>\n<ul class=\"boxes\">\n<li>Kar\u015f\u0131l\u0131kl\u0131 \u00fc\u00e7 ge\u00e7i\u015fli kimlik do\u011frulama (ISO\/IEC DIS 9798-2)<\/li>\n<li>Anahtar hiyerar\u015fisi ile \u00e7oklu uygulamay\u0131 desteklemek i\u00e7in sekt\u00f6r ba\u015f\u0131na (uygulama ba\u015f\u0131na) iki anahtardan olu\u015fan bireysel bir set<\/li>\n<li>Her cihaz i\u00e7in benzersiz bir seri numaras\u0131<\/li>\n<\/ul>\n<\/div>\n<div class=\"collapse-mobile ste-list\">\n<h3>Teslimat se\u00e7enekleri<\/h3>\n<ul class=\"boxes\">\n<li>Gofret \u00fczerinde \u00f6lmek<\/li>\n<li>Gofret \u00fczerinde \u00e7arp\u0131\u015fan kal\u0131p<\/li>\n<li>MOA4 veya MOA2 temass\u0131z kart mod\u00fcl\u00fc<\/li>\n<\/ul>\n<\/div>\n<\/div>\n<\/div>\n<h2 class=\"AnswerParser_AnswerParserH2__SIHnF\">\u00dcr\u00fcn Genel Bak\u0131\u015f\u0131 ve Teknik \u00d6zellikler<\/h2>\n<p><span class=\"AnswerParser_TextContainer__z_Iiv\" data-testid=\"youchat-text\">RFID anahtarl\u0131klar\u0131m\u0131z\u0131n \u00f6zellikleri:<\/span><\/p>\n<ul class=\"AnswerParser_AnswerParserUnorderedList__P_1FW\">\n<li class=\"AnswerParser_ListItem__XqLOV\" translate=\"yes\">\u00c7ift frekans se\u00e7enekleri: 13.56MHz<\/li>\n<li class=\"AnswerParser_ListItem__XqLOV\" translate=\"yes\">Dayan\u0131kl\u0131 ABS veya deri yap\u0131<\/li>\n<li class=\"AnswerParser_ListItem__XqLOV\" translate=\"yes\">Ba\u015fl\u0131ca eri\u015fim kontrol sistemleriyle uyumludur<\/li>\n<li class=\"AnswerParser_ListItem__XqLOV\" translate=\"yes\">Programlanabilir UID<\/li>\n<li class=\"AnswerParser_ListItem__XqLOV\" translate=\"yes\">Suya dayan\u0131kl\u0131 tasar\u0131m<\/li>\n<li class=\"AnswerParser_ListItem__XqLOV\" translate=\"yes\">Sinyal engelleme korumas\u0131<\/li>\n<\/ul>\n<h2 class=\"AnswerParser_AnswerParserH2__SIHnF\">Geli\u015fmi\u015f G\u00fcvenlik \u00d6zellikleri<\/h2>\n<p><span class=\"AnswerParser_TextContainer__z_Iiv\" data-testid=\"youchat-text\">Anahtarl\u0131k tasar\u0131mlar\u0131m\u0131zda g\u00fcvenlik en \u00f6nemli \u00f6nceliktir:<\/span><\/p>\n<ul class=\"AnswerParser_AnswerParserUnorderedList__P_1FW\">\n<li class=\"AnswerParser_ListItem__XqLOV\" translate=\"yes\"><strong>Klonlama Kar\u015f\u0131t\u0131 Teknoloji<\/strong>: Yetkisiz \u00e7o\u011faltmay\u0131 engeller<\/li>\n<li class=\"AnswerParser_ListItem__XqLOV\" translate=\"yes\"><strong>\u015eifrelenmi\u015f \u0130leti\u015fim<\/strong>: G\u00fcvenli veri iletimi<\/li>\n<li class=\"AnswerParser_ListItem__XqLOV\" translate=\"yes\"><strong>Benzersiz Tan\u0131mlay\u0131c\u0131<\/strong>: Her anahtarl\u0131k farkl\u0131 bir UID&#039;ye sahiptir<\/li>\n<li class=\"AnswerParser_ListItem__XqLOV\" translate=\"yes\"><strong>Sinyal Korumas\u0131<\/strong>: \u0130ste\u011fe ba\u011fl\u0131 Faraday kafesi teknolojisi mevcuttur<\/li>\n<\/ul>\n<h2 class=\"AnswerParser_AnswerParserH2__SIHnF\">Uygulamalar ve Kullan\u0131m \u00d6rnekleri<\/h2>\n<p><span class=\"AnswerParser_TextContainer__z_Iiv\" data-testid=\"youchat-text\">Bu \u00e7ok y\u00f6nl\u00fc <strong>RFID Anahtarl\u0131klar Mifare S50 1K<\/strong> \u00fcst\u00fcn olmak:<\/span><\/p>\n<ul class=\"AnswerParser_AnswerParserUnorderedList__P_1FW\">\n<li class=\"AnswerParser_ListItem__XqLOV\" translate=\"yes\">Kap\u0131 eri\u015fim kontrol sistemleri<\/li>\n<li class=\"AnswerParser_ListItem__XqLOV\" translate=\"yes\">Otel odas\u0131 eri\u015fimi<\/li>\n<li class=\"AnswerParser_ListItem__XqLOV\" translate=\"yes\">Ara\u00e7 anahtars\u0131z giri\u015fi<\/li>\n<li class=\"AnswerParser_ListItem__XqLOV\" translate=\"yes\">Zaman-kat\u0131l\u0131m takibi<\/li>\n<li class=\"AnswerParser_ListItem__XqLOV\" translate=\"yes\">\u00d6deme sistemleri<\/li>\n<li class=\"AnswerParser_ListItem__XqLOV\" translate=\"yes\">Kul\u00fcp\/SPA \u00fcyelik y\u00f6netimi<\/li>\n<li class=\"AnswerParser_ListItem__XqLOV\" translate=\"yes\">Park yeri eri\u015fim kontrol\u00fc<\/li>\n<\/ul>\n<h2 class=\"AnswerParser_AnswerParserH2__SIHnF\">Tasar\u0131m ve Dayan\u0131kl\u0131l\u0131k<\/h2>\n<p><span class=\"AnswerParser_TextContainer__z_Iiv\" data-testid=\"youchat-text\">Anahtarl\u0131klar\u0131m\u0131z uzun \u00f6m\u00fcrl\u00fc olacak \u015fekilde tasarlanm\u0131\u015ft\u0131r:<\/span><\/p>\n<ul class=\"AnswerParser_AnswerParserUnorderedList__P_1FW\">\n<li class=\"AnswerParser_ListItem__XqLOV\" translate=\"yes\">Darbeye dayan\u0131kl\u0131 ABS g\u00f6vde<\/li>\n<li class=\"AnswerParser_ListItem__XqLOV\" translate=\"yes\">Birinci s\u0131n\u0131f deri se\u00e7enekleri aras\u0131ndan se\u00e7im yap\u0131n<\/li>\n<li class=\"AnswerParser_ListItem__XqLOV\" translate=\"yes\">G\u00fc\u00e7lendirilmi\u015f anahtarl\u0131k ba\u011flant\u0131s\u0131<\/li>\n<li class=\"AnswerParser_ListItem__XqLOV\" translate=\"yes\">Hava ko\u015fullar\u0131na dayan\u0131kl\u0131 yap\u0131<\/li>\n<li class=\"AnswerParser_ListItem__XqLOV\" translate=\"yes\">Birden fazla renkte mevcuttur<\/li>\n<\/ul>\n<h2 class=\"AnswerParser_AnswerParserH2__SIHnF\">Teknik \u00d6zellikler Tablosu<\/h2>\n<div class=\"AnswerParser_TableContainer__Erb6v\" data-testid=\"table-container\">\n<table>\n<thead>\n<tr>\n<th style=\"text-align: left;\">\u00d6zellik<\/th>\n<th style=\"text-align: left;\">\u015eartname<\/th>\n<\/tr>\n<\/thead>\n<tbody>\n<tr>\n<td>Frekans Se\u00e7enekleri<\/td>\n<td>13.56MHz<\/td>\n<\/tr>\n<tr>\n<td>Okuma Aral\u0131\u011f\u0131<\/td>\n<td>5 cm&#039;ye kadar<\/td>\n<\/tr>\n<tr>\n<td>Haf\u0131za<\/td>\n<td>1K (Mifare S50)<\/td>\n<\/tr>\n<tr>\n<td>Malzeme<\/td>\n<td>ABS veya Deri<\/td>\n<\/tr>\n<tr>\n<td>Boyut<\/td>\n<td>40mm x 30mm x 6mm<\/td>\n<\/tr>\n<tr>\n<td>\u00c7al\u0131\u015fma S\u0131cakl\u0131\u011f\u0131<\/td>\n<td>-20\u00b0C ile +70\u00b0C aras\u0131<\/td>\n<\/tr>\n<\/tbody>\n<\/table>\n<\/div>\n<h2 class=\"AnswerParser_AnswerParserH2__SIHnF\">\u00d6zelle\u015ftirme Se\u00e7enekleri<\/h2>\n<p><span class=\"AnswerParser_TextContainer__z_Iiv\" data-testid=\"youchat-text\">Kapsaml\u0131 \u00f6zelle\u015ftirme olana\u011f\u0131 sunuyoruz:<\/span><\/p>\n<ul class=\"AnswerParser_AnswerParserUnorderedList__P_1FW\">\n<li class=\"AnswerParser_ListItem__XqLOV\" translate=\"yes\">Logo bask\u0131<\/li>\n<li class=\"AnswerParser_ListItem__XqLOV\" translate=\"yes\">\u00d6zel renkler<\/li>\n<li class=\"AnswerParser_ListItem__XqLOV\" translate=\"yes\">Seri numaras\u0131 kodlamas\u0131<\/li>\n<li class=\"AnswerParser_ListItem__XqLOV\" translate=\"yes\">\u00d6zel paketleme<\/li>\n<li class=\"AnswerParser_ListItem__XqLOV\" translate=\"yes\">Toplu miktarda mevcuttur<\/li>\n<\/ul>\n<h3 class=\"AnswerParser_AnswerParserH3__Mpe4s\">Temel Faydalar:<\/h3>\n<ol class=\"AnswerParser_AnswerParserOrderedList__kl_2Y\">\n<li class=\"AnswerParser_ListItem__XqLOV\" translate=\"yes\"><strong>Kolayl\u0131k<\/strong>:Ta\u015f\u0131nmas\u0131 ve kullan\u0131m\u0131 kolayd\u0131r<\/li>\n<li class=\"AnswerParser_ListItem__XqLOV\" translate=\"yes\"><strong>Dayan\u0131kl\u0131l\u0131k<\/strong>: Uzun \u00f6m\u00fcrl\u00fc olacak \u015fekilde \u00fcretildi<\/li>\n<li class=\"AnswerParser_ListItem__XqLOV\" translate=\"yes\"><strong>\u00c7ok y\u00f6nl\u00fcl\u00fck<\/strong>: \u00c7oklu uygulamalar<\/li>\n<li class=\"AnswerParser_ListItem__XqLOV\" translate=\"yes\"><strong>G\u00fcvenlik<\/strong>: Geli\u015fmi\u015f \u015fifreleme<\/li>\n<li class=\"AnswerParser_ListItem__XqLOV\" translate=\"yes\"><strong>\u00d6zelle\u015ftirme<\/strong>: Esnek se\u00e7enekler<\/li>\n<\/ol>\n<blockquote><p><span class=\"AnswerParser_TextContainer__z_Iiv\" data-testid=\"youchat-text\">\u201cRFID anahtarl\u0131klar\u0131m\u0131z, modern eri\u015fim kontrol ihtiya\u00e7lar\u0131 i\u00e7in g\u00fcvenlik ve kolayl\u0131\u011f\u0131n m\u00fckemmel dengesini sa\u011flar.\u201d<\/span><\/p><\/blockquote>\n<h2 class=\"AnswerParser_AnswerParserH2__SIHnF\">Kurulum ve Kurulum<\/h2>\n<p><span class=\"AnswerParser_TextContainer__z_Iiv\" data-testid=\"youchat-text\">Basit uygulama s\u00fcreci:<\/span><\/p>\n<ol class=\"AnswerParser_AnswerParserOrderedList__kl_2Y\">\n<li class=\"AnswerParser_ListItem__XqLOV\" translate=\"yes\">Frekans t\u00fcr\u00fcn\u00fc se\u00e7in<\/li>\n<li class=\"AnswerParser_ListItem__XqLOV\" translate=\"yes\">Program\u0131n benzersiz tan\u0131mlay\u0131c\u0131lar\u0131<\/li>\n<li class=\"AnswerParser_ListItem__XqLOV\" translate=\"yes\">Eri\u015fim kontrol sistemine kay\u0131t olun<\/li>\n<li class=\"AnswerParser_ListItem__XqLOV\" translate=\"yes\">Test i\u015flevselli\u011fi<\/li>\n<li class=\"AnswerParser_ListItem__XqLOV\" translate=\"yes\">Kullan\u0131c\u0131lara da\u011f\u0131t\u0131n<\/li>\n<\/ol>\n<h2 class=\"AnswerParser_AnswerParserH2__SIHnF\">Sipari\u015f Bilgileri<\/h2>\n<ul class=\"AnswerParser_AnswerParserUnorderedList__P_1FW\">\n<li class=\"AnswerParser_ListItem__XqLOV\" translate=\"yes\">Minimum sipari\u015f: 200 adet<\/li>\n<li class=\"AnswerParser_ListItem__XqLOV\" translate=\"yes\">Toplu al\u0131mlarda indirim mevcuttur<\/li>\n<li class=\"AnswerParser_ListItem__XqLOV\" translate=\"yes\">Numune sipari\u015fleri memnuniyetle kar\u015f\u0131lan\u0131r<\/li>\n<li class=\"AnswerParser_ListItem__XqLOV\" translate=\"yes\">H\u0131zl\u0131 teslimat s\u00fcreleri<\/li>\n<li class=\"AnswerParser_ListItem__XqLOV\" translate=\"yes\">Teknik destek dahil<\/li>\n<\/ul>\n<p><span class=\"AnswerParser_TextContainer__z_Iiv\" data-testid=\"youchat-text\">Fiyatland\u0131rma i\u00e7in bug\u00fcn bizimle ileti\u015fime ge\u00e7in ve RFID anahtarl\u0131klar\u0131m\u0131z\u0131n eri\u015fim kontrol sisteminizi nas\u0131l geli\u015ftirebilece\u011fini g\u00f6r\u00fc\u015f\u00fcn. Talep \u00fczerine \u00f6zel \u00e7\u00f6z\u00fcmler ve hacim fiyatland\u0131rmas\u0131 mevcuttur.<\/span><\/p>","protected":false},"excerpt":{"rendered":"<p>RFID Anahtarl\u0131klar Mifare S50 1K, bizim <strong>RFID anahtarl\u0131klar<\/strong> \u00e7ift frekans se\u00e7ene\u011fi (13.56MHz\/125KHz), dayan\u0131kl\u0131 tasar\u0131m, programlanabilir UID ve klonlama \u00f6nleme ve \u015fifreli ileti\u015fim gibi geli\u015fmi\u015f g\u00fcvenlik \u00f6zellikleri sunar.<\/p>","protected":false},"featured_media":2844,"template":"","meta":{"_kad_post_transparent":"default","_kad_post_title":"","_kad_post_layout":"default","_kad_post_sidebar_id":"","_kad_post_content_style":"default","_kad_post_vertical_padding":"default","_kad_post_feature":"","_kad_post_feature_position":"","_kad_post_header":false,"_kad_post_footer":false,"_kad_post_classname":""},"product_brand":[],"product_cat":[54],"product_tag":[347,346,344,345,343],"class_list":{"0":"post-2843","1":"product","2":"type-product","3":"status-publish","4":"has-post-thumbnail","6":"product_cat-hot-selling-rfid-tags","7":"product_tag-mifare-key-fobs","8":"product_tag-nfc-key-tag","9":"product_tag-nfc-keychain","10":"product_tag-rfid-fob","11":"product_tag-rfid-keyfobs","13":"first","14":"instock","15":"shipping-taxable","16":"product-type-simple","17":"entry","18":"content-bg","19":"loop-entry"},"_links":{"self":[{"href":"https:\/\/rfid-laundry-tag.com\/tr\/wp-json\/wp\/v2\/product\/2843","targetHints":{"allow":["GET"]}}],"collection":[{"href":"https:\/\/rfid-laundry-tag.com\/tr\/wp-json\/wp\/v2\/product"}],"about":[{"href":"https:\/\/rfid-laundry-tag.com\/tr\/wp-json\/wp\/v2\/types\/product"}],"version-history":[{"count":2,"href":"https:\/\/rfid-laundry-tag.com\/tr\/wp-json\/wp\/v2\/product\/2843\/revisions"}],"predecessor-version":[{"id":2849,"href":"https:\/\/rfid-laundry-tag.com\/tr\/wp-json\/wp\/v2\/product\/2843\/revisions\/2849"}],"wp:featuredmedia":[{"embeddable":true,"href":"https:\/\/rfid-laundry-tag.com\/tr\/wp-json\/wp\/v2\/media\/2844"}],"wp:attachment":[{"href":"https:\/\/rfid-laundry-tag.com\/tr\/wp-json\/wp\/v2\/media?parent=2843"}],"wp:term":[{"taxonomy":"product_brand","embeddable":true,"href":"https:\/\/rfid-laundry-tag.com\/tr\/wp-json\/wp\/v2\/product_brand?post=2843"},{"taxonomy":"product_cat","embeddable":true,"href":"https:\/\/rfid-laundry-tag.com\/tr\/wp-json\/wp\/v2\/product_cat?post=2843"},{"taxonomy":"product_tag","embeddable":true,"href":"https:\/\/rfid-laundry-tag.com\/tr\/wp-json\/wp\/v2\/product_tag?post=2843"}],"curies":[{"name":"wp","href":"https:\/\/api.w.org\/{rel}","templated":true}]}}