{"id":2830,"date":"2024-11-04T15:27:11","date_gmt":"2024-11-04T15:27:11","guid":{"rendered":"https:\/\/rfid-laundry-tag.com\/?post_type=product&#038;p=2830"},"modified":"2024-11-04T15:36:34","modified_gmt":"2024-11-04T15:36:34","slug":"washable-laundry-rfid-tags-manufacturer","status":"publish","type":"product","link":"https:\/\/rfid-laundry-tag.com\/tr\/washable-laundry-rfid-tags-manufacturer\/","title":{"rendered":"Y\u0131kanabilir \u00c7ama\u015f\u0131r RFID Etiket \u00dcreticisi"},"content":{"rendered":"<div>\n<div class=\"auto-hide-last-sibling-br paragraph_1252f paragraph-element\">\n<h1 class=\"AnswerParser_AnswerParserH1__6UNv6\">Y\u0131kanabilir \u00c7ama\u015f\u0131r RFID Etiket \u00dcreticisi<\/h1>\n<h1 class=\"AnswerParser_AnswerParserH1__6UNv6\">Y\u0131kanabilir \u00c7ama\u015f\u0131r RFID Etiketleri<\/h1>\n<table width=\"637\">\n<tbody>\n<tr>\n<td width=\"328\">\u00dcr\u00fcn Ad\u0131:<\/td>\n<td width=\"309\">Y\u0131kanabilir \u00c7ama\u015f\u0131r RFID Etiketleri<\/td>\n<\/tr>\n<tr>\n<td width=\"328\">RFID Standard\u0131:<\/td>\n<td width=\"309\">ISO\/IEC 18000-6 TipC (EPC Gen2)<\/td>\n<\/tr>\n<tr>\n<td width=\"328\">Boyut ve A\u011f\u0131rl\u0131k:<\/td>\n<td width=\"309\">70\u00d715 mm, 0,6 gr<\/td>\n<\/tr>\n<tr>\n<td width=\"328\">\u00c7ip T\u00fcr\u00fc:<\/td>\n<td width=\"309\">Impinj Monza 4QT,NXP U KODU 8\uff0cNXP U KODU 9<\/td>\n<\/tr>\n<tr>\n<td width=\"328\">EPC Belle\u011fi:<\/td>\n<td width=\"309\">128 bit<\/td>\n<\/tr>\n<tr>\n<td width=\"328\">Kullan\u0131c\u0131 Belle\u011fi:<\/td>\n<td width=\"309\">512 bit<\/td>\n<\/tr>\n<tr>\n<td width=\"328\">Okuma Aral\u0131\u011f\u0131(2W ERP FCC):<\/td>\n<td width=\"309\">8m<\/td>\n<\/tr>\n<tr>\n<td width=\"328\">Okuma Aral\u0131\u011f\u0131(2W ERP ETSI):<\/td>\n<td width=\"309\">8m<\/td>\n<\/tr>\n<tr>\n<td width=\"328\">Etiketleme:<\/td>\n<td width=\"309\">Diki\u015f, S\u0131cak damgalama yap\u0131\u015ft\u0131r\u0131c\u0131s\u0131<\/td>\n<\/tr>\n<tr>\n<td width=\"328\">Tahmini \u00d6m\u00fcr:<\/td>\n<td width=\"309\">200 y\u0131kama d\u00f6ng\u00fcs\u00fc veya 3 y\u0131l, hangisi \u00f6nce ger\u00e7ekle\u015firse<\/td>\n<\/tr>\n<tr>\n<td width=\"328\">Y\u0131kama Y\u00f6ntemi:<\/td>\n<td width=\"309\">\u00c7ama\u015f\u0131rhane, Kuru temizleme<\/td>\n<\/tr>\n<tr>\n<td width=\"328\">Su \u00c7\u0131karma Bas\u0131nc\u0131:<\/td>\n<td width=\"309\">60 bar<\/td>\n<\/tr>\n<tr>\n<td width=\"328\">Suya Dayan\u0131kl\u0131l\u0131k:<\/td>\n<td width=\"309\">Su ge\u00e7irmez<\/td>\n<\/tr>\n<tr>\n<td width=\"328\">Kimyasal Diren\u00e7:<\/td>\n<td width=\"309\">Deterjan, Yumu\u015fat\u0131c\u0131, \u00c7ama\u015f\u0131r Suyu (Oksijen\/ Klor), Alkali<\/td>\n<\/tr>\n<tr>\n<td width=\"328\">Tumbler&#039;da \u00d6n Kurutma:<\/td>\n<td width=\"309\">125 \u00baC&#039;de 15-20 dakika<\/td>\n<\/tr>\n<tr>\n<td width=\"328\">Sterilizasyon S\u0131cakl\u0131\u011f\u0131:<\/td>\n<td width=\"309\">135\u00b0C&#039;de 15-20 dakika<\/td>\n<\/tr>\n<tr>\n<td width=\"328\">Y\u0131kama S\u0131cakl\u0131\u011f\u0131:<\/td>\n<td width=\"309\">90\u00b0C ,15dk&#039;ya kadar.<\/td>\n<\/tr>\n<tr>\n<td width=\"328\">Nem\/S\u0131cakl\u0131k-\u00c7al\u0131\u015fma:<\/td>\n<td width=\"309\">-20 ila 110\u00b0C, 8 ila 95%RH<\/td>\n<\/tr>\n<tr>\n<td width=\"328\">Nem\/S\u0131cakl\u0131k-Depolama:<\/td>\n<td width=\"309\">-40 ila 110\u00b0C, 8 ila 95%RH<\/td>\n<\/tr>\n<\/tbody>\n<\/table>\n<\/div>\n<div class=\"auto-hide-last-sibling-br paragraph_1252f paragraph-element\"><\/div>\n<\/div>\n<div class=\"auto-hide-last-sibling-br paragraph_1252f paragraph-element\">\n<div data-spm-anchor-id=\"a2700.details.0.i57.23b419c7xXORP0\"><span class=\"AnswerParser_TextContainer__z_Iiv\" data-testid=\"youchat-text\"><strong>Y\u0131kanabilir \u00e7ama\u015f\u0131r RFID etiketleri<\/strong>\u00a0bu kurulu\u015flar\u0131n \u00e7ar\u015faflar\u0131n\u0131, \u00fcniformalar\u0131n\u0131 ve di\u011fer giysilerini takip etme ve y\u00f6netme bi\u00e7iminde devrim yarat\u0131yor. Bu yenilik\u00e7i etiketlerin \u00f6nde gelen \u00fcreticilerinden biri olarak, operasyonel verimlili\u011fi art\u0131ran ve maliyetleri d\u00fc\u015f\u00fcren y\u00fcksek kaliteli, dayan\u0131kl\u0131 ve g\u00fcvenilir \u00e7\u00f6z\u00fcmler sunuyoruz.<\/span><span class=\"AnswerParser_TextContainer__z_Iiv\" data-testid=\"youchat-text\">Bizim\u00a0<strong>su ge\u00e7irmez y\u0131kanabilir RFID \u00e7ama\u015f\u0131r etiketleri<\/strong> end\u00fcstriyel \u00e7ama\u015f\u0131r y\u0131kama s\u00fcre\u00e7lerinin zorluklar\u0131na dayanacak \u015fekilde tasarlanm\u0131\u015ft\u0131r ve izleme ve y\u00f6netim sistemlerinizin birden fazla y\u0131kama d\u00f6ng\u00fcs\u00fcnden sonra bile etkili kalmas\u0131n\u0131 sa\u011flar. 200 y\u0131kamaya veya \u00fc\u00e7 y\u0131la kadar kullan\u0131m \u00f6mr\u00fcne sahip bu etiketler, her t\u00fcrl\u00fc \u00e7ama\u015f\u0131r y\u0131kama i\u015flemi i\u00e7in ak\u0131ll\u0131ca bir yat\u0131r\u0131md\u0131r.<\/span><\/div>\n<\/div>\n<div data-spm-anchor-id=\"a2700.details.0.i57.23b419c7xXORP0\"><\/div>\n<div class=\"auto-hide-last-sibling-br paragraph_1252f paragraph-element\">\n<h2 class=\"AnswerParser_AnswerParserH2__SIHnF\">\u00dcr\u00fcn Anahatt\u0131<\/h2>\n<h3 class=\"AnswerParser_AnswerParserH3__Mpe4s\">1. Y\u0131kanabilir \u00c7ama\u015f\u0131r RFID Etiketleri Nelerdir?<\/h3>\n<p><span class=\"AnswerParser_TextContainer__z_Iiv\" data-testid=\"youchat-text\">Y\u0131kanabilir \u00e7ama\u015f\u0131r RFID etiketleri, \u00e7ama\u015f\u0131r y\u0131kama i\u015flemlerinde tekstilleri izlemek i\u00e7in tasarlanm\u0131\u015f \u00f6zel etiketlerdir. Verileri RFID okuyucular\u0131na iletmek i\u00e7in RFID teknolojisini kullan\u0131rlar ve \u00e7ama\u015f\u0131r \u00fcr\u00fcnlerinin otomatik olarak izlenmesine ve y\u00f6netilmesine olanak tan\u0131rlar. Bu etiketler, hassas envanter kontrol\u00fc ve verimli giysi y\u00f6netimi gerektiren end\u00fcstriler i\u00e7in olmazsa olmazd\u0131r.<\/span><\/p>\n<h3 class=\"AnswerParser_AnswerParserH3__Mpe4s\">2. Y\u0131kanabilir \u00c7ama\u015f\u0131r RFID Etiketlerimizin Temel \u00d6zellikleri<\/h3>\n<p><span class=\"AnswerParser_TextContainer__z_Iiv\" data-testid=\"youchat-text\">RFID \u00e7ama\u015f\u0131r etiketlerimiz, onlar\u0131 \u00e7e\u015fitli \u00e7ama\u015f\u0131r uygulamalar\u0131 i\u00e7in ideal k\u0131lan bir\u00e7ok \u00f6zelli\u011fe sahiptir. Y\u00fcksek s\u0131cakl\u0131klara ve sert kimyasallara dayanabilen dayan\u0131kl\u0131 malzemelerden yap\u0131lm\u0131\u015ft\u0131r, bu da uzun \u00f6m\u00fcrl\u00fcl\u00fck ve g\u00fcvenilirlik sa\u011flar. Etiketler ayr\u0131ca giysilere dikilmek veya yap\u0131\u015ft\u0131r\u0131lmak \u00fczere tasarlanm\u0131\u015ft\u0131r, bu da nas\u0131l kullan\u0131labilecekleri konusunda esneklik sa\u011flar.<\/span><\/p>\n<h3 class=\"AnswerParser_AnswerParserH3__Mpe4s\">3. Y\u0131kanabilir \u00c7ama\u015f\u0131r RFID Etiketlerini Kullanman\u0131n Faydalar\u0131<\/h3>\n<p><span class=\"AnswerParser_TextContainer__z_Iiv\" data-testid=\"youchat-text\">Operasyonlar\u0131n\u0131zda RFID \u00e7ama\u015f\u0131r etiketlerinin uygulanmas\u0131, iyile\u015ftirilmi\u015f envanter do\u011frulu\u011fu, azalt\u0131lm\u0131\u015f i\u015f\u00e7ilik maliyetleri ve geli\u015fmi\u015f g\u00fcvenlik gibi \u00f6nemli faydalara yol a\u00e7abilir. \u0130\u015fletmeler, izleme s\u00fcrecini otomatikle\u015ftirerek \u00e7ama\u015f\u0131r y\u00f6netimlerini kolayla\u015ft\u0131rabilir ve m\u00fc\u015fterilerine daha iyi hizmet sunmaya odaklanabilir.<\/span><\/p>\n<h3 class=\"AnswerParser_AnswerParserH3__Mpe4s\">4. Teknik \u00d6zellikler<\/h3>\n<p><span class=\"AnswerParser_TextContainer__z_Iiv\" data-testid=\"youchat-text\">Su ge\u00e7irmez y\u0131kanabilir RFID \u00e7ama\u015f\u0131r etiketlerimiz ISO\/IEC 18000-6 Tip C (EPC Gen2) standard\u0131n\u0131 kar\u015f\u0131lar. \u0130\u015fte baz\u0131 temel \u00f6zellikler:<\/span><\/p>\n<ul class=\"AnswerParser_AnswerParserUnorderedList__P_1FW\">\n<li class=\"AnswerParser_ListItem__XqLOV\" translate=\"yes\"><strong>Boyut ve A\u011f\u0131rl\u0131k<\/strong>: 70\u00d715 mm, 0,6 gr<\/li>\n<li class=\"AnswerParser_ListItem__XqLOV\" translate=\"yes\"><strong>\u00c7ip T\u00fcr\u00fc<\/strong>: Impinj Monza 4QT, NXP U KODU 8, NXP U KODU 9<\/li>\n<li class=\"AnswerParser_ListItem__XqLOV\" translate=\"yes\"><strong>EPC Belle\u011fi<\/strong>: 128 bit<\/li>\n<li class=\"AnswerParser_ListItem__XqLOV\" translate=\"yes\"><strong>Kullan\u0131c\u0131 Belle\u011fi<\/strong>: 512 bit<\/li>\n<li class=\"AnswerParser_ListItem__XqLOV\" translate=\"yes\"><strong>Okuma Aral\u0131\u011f\u0131<\/strong>: 8 metreye kadar<\/li>\n<li class=\"AnswerParser_ListItem__XqLOV\" translate=\"yes\"><strong>Tahmini \u00d6m\u00fcr<\/strong>: 200 y\u0131kama d\u00f6ng\u00fcs\u00fc veya 3 y\u0131l<\/li>\n<\/ul>\n<h3 class=\"AnswerParser_AnswerParserH3__Mpe4s\">5. Kullan\u0131m Talimatlar\u0131<\/h3>\n<p><span class=\"AnswerParser_TextContainer__z_Iiv\" data-testid=\"youchat-text\">Y\u0131kanabilir \u00c7ama\u015f\u0131r RFID Etiketlerinizin optimum performans\u0131n\u0131 sa\u011flamak i\u00e7in a\u015fa\u011f\u0131daki kullan\u0131m talimatlar\u0131n\u0131 izleyin:<\/span><\/p>\n<ul class=\"AnswerParser_AnswerParserUnorderedList__P_1FW\">\n<li class=\"AnswerParser_ListItem__XqLOV\" translate=\"yes\"><strong>Etiketleme<\/strong>:Etiketler giysilere dikilebilir veya s\u0131cak damgalama yap\u0131\u015ft\u0131r\u0131c\u0131s\u0131 kullan\u0131larak yap\u0131\u015ft\u0131r\u0131labilir.<\/li>\n<li class=\"AnswerParser_ListItem__XqLOV\" translate=\"yes\"><strong>Y\u0131kama<\/strong>: \u00c7ama\u015f\u0131r y\u0131kama ve kuru temizleme i\u015flemlerine uygundur.<\/li>\n<li class=\"AnswerParser_ListItem__XqLOV\" translate=\"yes\"><strong>Suya Dayan\u0131kl\u0131l\u0131k<\/strong>: 60 bara kadar su \u00e7\u0131karma bas\u0131nc\u0131na dayanacak \u015fekilde tasarlanm\u0131\u015ft\u0131r.<\/li>\n<\/ul>\n<h3 class=\"AnswerParser_AnswerParserH3__Mpe4s\">6. \u00c7evresel Etki<\/h3>\n<p><span class=\"AnswerParser_TextContainer__z_Iiv\" data-testid=\"youchat-text\">RFID \u00e7ama\u015f\u0131r etiketlerimiz s\u00fcrd\u00fcr\u00fclebilirlik d\u00fc\u015f\u00fcn\u00fclerek tasarlanm\u0131\u015ft\u0131r. Yayg\u0131n \u00e7ama\u015f\u0131r kimyasallar\u0131na dayan\u0131kl\u0131 malzemelerden \u00fcretilirler ve s\u0131k s\u0131k de\u011fi\u015ftirme ihtiyac\u0131n\u0131 azalt\u0131rlar. Bu sadece at\u0131\u011f\u0131 azaltmakla kalmaz, ayn\u0131 zamanda daha s\u00fcrd\u00fcr\u00fclebilir bir \u00e7ama\u015f\u0131r y\u0131kama operasyonuna da katk\u0131da bulunur.<\/span><\/p>\n<h3 class=\"AnswerParser_AnswerParserH3__Mpe4s\">7. M\u00fc\u015fteri Yorumlar\u0131<\/h3>\n<p><span class=\"AnswerParser_TextContainer__z_Iiv\" data-testid=\"youchat-text\">M\u00fc\u015fterilerimiz, y\u0131kanabilir RFID \u00e7ama\u015f\u0131r etiketlerimizi dayan\u0131kl\u0131l\u0131klar\u0131 ve etkinlikleri nedeniyle s\u00fcrekli olarak \u00f6vd\u00fcler. Bir\u00e7o\u011fu, \u00e7ama\u015f\u0131r y\u00f6netim s\u00fcre\u00e7lerinde \u00f6nemli iyile\u015ftirmeler bildirerek, kay\u0131plar\u0131n azald\u0131\u011f\u0131n\u0131 ve verimlili\u011fin artt\u0131\u011f\u0131n\u0131 belirtti. \u0130\u015fte m\u00fc\u015fterilerimizden birinin s\u00f6yledikleri:<\/span><\/p>\n<blockquote><p><span class=\"AnswerParser_TextContainer__z_Iiv\" data-testid=\"youchat-text\">&quot;Bu RFID etiketlerini kullanmaya ba\u015flad\u0131\u011f\u0131m\u0131zdan beri envanter do\u011frulu\u011fumuz \u00f6nemli \u00f6l\u00e7\u00fcde artt\u0131. Art\u0131k her giysiyi kolayl\u0131kla takip edebiliyoruz!&quot;<\/span><\/p><\/blockquote>\n<h3 class=\"AnswerParser_AnswerParserH3__Mpe4s\">8. SSS<\/h3>\n<p><span class=\"AnswerParser_TextContainer__z_Iiv\" data-testid=\"youchat-text\"><strong>S: RFID \u00e7ama\u015f\u0131r etiketleri ne kadar s\u00fcre dayan\u0131r?<\/strong><br \/>\nC: Etiketlerimiz 200 y\u0131kama d\u00f6ng\u00fcs\u00fcne veya \u00fc\u00e7 y\u0131la kadar (hangisi \u00f6nce ger\u00e7ekle\u015firse) dayanacak \u015fekilde tasarlanm\u0131\u015ft\u0131r.<\/span><\/p>\n<p><span class=\"AnswerParser_TextContainer__z_Iiv\" data-testid=\"youchat-text\"><strong>S: Bu etiketler y\u00fcksek s\u0131cakl\u0131klara dayanabilir mi?<\/strong><br \/>\nC: Evet, RFID \u00e7ama\u015f\u0131r etiketlerimiz y\u0131kama ve kurutma i\u015flemleri s\u0131ras\u0131nda y\u00fcksek s\u0131cakl\u0131klara dayanabilir.<\/span><\/p>\n<p><span class=\"AnswerParser_TextContainer__z_Iiv\" data-testid=\"youchat-text\"><strong>S: Bu etiketleri nas\u0131l sipari\u015f edebilirim?<\/strong><br \/>\nA: L\u00fctfen a\u015fa\u011f\u0131daki sorgulama formunu doldurun ve bize ne t\u00fcr bir RFID okuyucu veya anten kurulumuna ihtiyac\u0131n\u0131z oldu\u011funu bildirin.<\/span><\/p>\n<h3 class=\"AnswerParser_AnswerParserH3__Mpe4s\">9. \u0130lgili \u00dcr\u00fcnler<\/h3>\n<p><span class=\"AnswerParser_TextContainer__z_Iiv\" data-testid=\"youchat-text\">Y\u0131kanabilir RFID \u00e7ama\u015f\u0131r etiketlerimize ek olarak, \u00e7ama\u015f\u0131r y\u00f6netim sisteminizi tamamlamak i\u00e7in RFID okuyucular ve antenler dahil olmak \u00fczere bir dizi ilgili \u00fcr\u00fcn sunuyoruz. \u00c7\u00f6z\u00fcmlerimiz, size kapsaml\u0131 bir izleme ve y\u00f6netim sistemi sa\u011flayarak sorunsuz bir \u015fekilde birlikte \u00e7al\u0131\u015fmak \u00fczere tasarlanm\u0131\u015ft\u0131r.<\/span><\/p>\n<h3 class=\"AnswerParser_AnswerParserH3__Mpe4s\">10. Bizimle \u0130leti\u015fime Ge\u00e7in<\/h3>\n<p><span class=\"AnswerParser_TextContainer__z_Iiv\" data-testid=\"youchat-text\">Y\u0131kanabilir \u00e7ama\u015f\u0131r RFID etiketlerimiz hakk\u0131nda daha fazla bilgi edinmek veya \u00f6zel ihtiya\u00e7lar\u0131n\u0131z\u0131 g\u00f6r\u00fc\u015fmek i\u00e7in l\u00fctfen\u00a0<strong>bize Ula\u015f\u0131n<\/strong>Ekibimiz \u00e7ama\u015f\u0131rhane operasyonlar\u0131n\u0131z i\u00e7in en iyi \u00e7\u00f6z\u00fcmleri bulman\u0131za yard\u0131mc\u0131 olmaya haz\u0131r.<\/span><\/p>\n<hr \/>\n<p><span class=\"AnswerParser_TextContainer__z_Iiv\" data-testid=\"youchat-text\">Bizim se\u00e7imimizle\u00a0<strong>y\u0131kanabilir \u00e7ama\u015f\u0131r RFID etiketleri<\/strong>, yaln\u0131zca operasyonel verimlili\u011finizi art\u0131rmakla kalmay\u0131p ayn\u0131 zamanda daha s\u00fcrd\u00fcr\u00fclebilir bir gelece\u011fe de katk\u0131da bulunan bir \u00e7\u00f6z\u00fcme yat\u0131r\u0131m yap\u0131yorsunuz. Kalite ve m\u00fc\u015fteri memnuniyetine olan ba\u011fl\u0131l\u0131\u011f\u0131m\u0131zla, \u00e7ama\u015f\u0131rhane y\u00f6netimi ihtiya\u00e7lar\u0131n\u0131z i\u00e7in en iyi RFID \u00e7\u00f6z\u00fcmlerini sa\u011flayaca\u011f\u0131m\u0131za g\u00fcvenebilirsiniz. \u00dcr\u00fcnlerimizin \u00e7ama\u015f\u0131rhane operasyonlar\u0131n\u0131z\u0131 bug\u00fcn nas\u0131l d\u00f6n\u00fc\u015ft\u00fcrebilece\u011fini ke\u015ffetmek i\u00e7in bize ula\u015fmaktan \u00e7ekinmeyin!<\/span><\/p>\n<p>&nbsp;<\/p>\n<\/div>\n<div class=\"auto-hide-last-sibling-br paragraph_1252f paragraph-element\"><\/div>","protected":false},"excerpt":{"rendered":"<p>Ke\u015ffedin <strong>Y\u0131kanabilir RFID \u00c7ama\u015f\u0131r Etiketleri<\/strong>! \u00c7ar\u015faf ve \u00fcniforma takibi i\u00e7in m\u00fckemmel, dayan\u0131kl\u0131, su ge\u00e7irmez ve kusursuz \u00e7ama\u015f\u0131r y\u00f6netimi i\u00e7in tasarlanm\u0131\u015ft\u0131r.<\/p>","protected":false},"featured_media":2825,"template":"","meta":{"_kad_post_transparent":"default","_kad_post_title":"","_kad_post_layout":"default","_kad_post_sidebar_id":"","_kad_post_content_style":"default","_kad_post_vertical_padding":"default","_kad_post_feature":"","_kad_post_feature_position":"","_kad_post_header":false,"_kad_post_footer":false,"_kad_post_classname":""},"product_brand":[],"product_cat":[16],"product_tag":[340,31,65,30,341],"class_list":{"0":"post-2830","1":"product","2":"type-product","3":"status-publish","4":"has-post-thumbnail","6":"product_cat-uhf-rfid-laundry-tags","7":"product_tag-rfid-chips","8":"product_tag-rfid-tag-for-linen-laundry","9":"product_tag-textile-rfid-laundry-tags","10":"product_tag-uhf-rfid-laundry-tag","11":"product_tag-washable-laundry-rfid-tags-manufacturer","13":"first","14":"instock","15":"featured","16":"shipping-taxable","17":"product-type-simple","18":"entry","19":"content-bg","20":"loop-entry"},"_links":{"self":[{"href":"https:\/\/rfid-laundry-tag.com\/tr\/wp-json\/wp\/v2\/product\/2830","targetHints":{"allow":["GET"]}}],"collection":[{"href":"https:\/\/rfid-laundry-tag.com\/tr\/wp-json\/wp\/v2\/product"}],"about":[{"href":"https:\/\/rfid-laundry-tag.com\/tr\/wp-json\/wp\/v2\/types\/product"}],"version-history":[{"count":2,"href":"https:\/\/rfid-laundry-tag.com\/tr\/wp-json\/wp\/v2\/product\/2830\/revisions"}],"predecessor-version":[{"id":2832,"href":"https:\/\/rfid-laundry-tag.com\/tr\/wp-json\/wp\/v2\/product\/2830\/revisions\/2832"}],"wp:featuredmedia":[{"embeddable":true,"href":"https:\/\/rfid-laundry-tag.com\/tr\/wp-json\/wp\/v2\/media\/2825"}],"wp:attachment":[{"href":"https:\/\/rfid-laundry-tag.com\/tr\/wp-json\/wp\/v2\/media?parent=2830"}],"wp:term":[{"taxonomy":"product_brand","embeddable":true,"href":"https:\/\/rfid-laundry-tag.com\/tr\/wp-json\/wp\/v2\/product_brand?post=2830"},{"taxonomy":"product_cat","embeddable":true,"href":"https:\/\/rfid-laundry-tag.com\/tr\/wp-json\/wp\/v2\/product_cat?post=2830"},{"taxonomy":"product_tag","embeddable":true,"href":"https:\/\/rfid-laundry-tag.com\/tr\/wp-json\/wp\/v2\/product_tag?post=2830"}],"curies":[{"name":"wp","href":"https:\/\/api.w.org\/{rel}","templated":true}]}}