{"id":2823,"date":"2024-11-04T14:49:42","date_gmt":"2024-11-04T14:49:42","guid":{"rendered":"https:\/\/rfid-laundry-tag.com\/?post_type=product&#038;p=2823"},"modified":"2024-11-04T15:01:57","modified_gmt":"2024-11-04T15:01:57","slug":"rfid-chips-for-uniforms-garments-and-linen-tracking-solution","status":"publish","type":"product","link":"https:\/\/rfid-laundry-tag.com\/tr\/rfid-chips-for-uniforms-garments-and-linen-tracking-solution\/","title":{"rendered":"\u00dcniforma Giysileri ve Keten Takip \u00c7\u00f6z\u00fcm\u00fc i\u00e7in RFID \u00c7ipleri"},"content":{"rendered":"<div>\n<div class=\"auto-hide-last-sibling-br paragraph_1252f paragraph-element\">\n<h2>\u00dcniforma Giysileri ve Keten Takip \u00c7\u00f6z\u00fcm\u00fc i\u00e7in RFID \u00c7ipleri<\/h2>\n<p><strong>\u00dcniformalar, Giysiler ve Keten Takip \u00c7\u00f6z\u00fcm\u00fc i\u00e7in RFID \u00c7ipleri<\/strong>\u00a0i\u015fletmelere tekstillerini y\u00f6netmek, do\u011frulu\u011fu sa\u011flamak ve kay\u0131plar\u0131 azaltmak i\u00e7in sa\u011flam bir yol sunar. Bu makale, RFID \u00e7ama\u015f\u0131r etiketlerinin kullan\u0131m\u0131n\u0131n faydalar\u0131n\u0131, nas\u0131l \u00e7al\u0131\u015ft\u0131\u011f\u0131n\u0131 ve neden herhangi bir \u00e7ama\u015f\u0131rhane i\u015fletmesi i\u00e7in ak\u0131ll\u0131 bir yat\u0131r\u0131m olduklar\u0131n\u0131 derinlemesine inceler.<\/p>\n<table width=\"637\">\n<tbody>\n<tr>\n<td width=\"328\">\u00dcr\u00fcn Ad\u0131:<\/td>\n<td width=\"309\">\u00dcniforma Giysileri i\u00e7in RFID \u00c7ipleri<\/td>\n<\/tr>\n<tr>\n<td width=\"328\">RFID Standard\u0131:<\/td>\n<td width=\"309\">ISO\/IEC 18000-6 Tip C (EPC Gen2)<\/td>\n<\/tr>\n<tr>\n<td width=\"328\">Boyut ve A\u011f\u0131rl\u0131k:<\/td>\n<td width=\"309\">70\u00d715 mm, 0,6 gr<\/td>\n<\/tr>\n<tr>\n<td width=\"328\">\u00c7ip T\u00fcr\u00fc:<\/td>\n<td width=\"309\">Impinj Monza 4QT,NXP U KODU 8\uff0cNXP U KODU 9<\/td>\n<\/tr>\n<tr>\n<td width=\"328\">EPC Belle\u011fi:<\/td>\n<td width=\"309\">128 bit<\/td>\n<\/tr>\n<tr>\n<td width=\"328\">Kullan\u0131c\u0131 Belle\u011fi:<\/td>\n<td width=\"309\">512 bit<\/td>\n<\/tr>\n<tr>\n<td width=\"328\">Okuma Aral\u0131\u011f\u0131(2W ERP FCC):<\/td>\n<td width=\"309\">8m<\/td>\n<\/tr>\n<tr>\n<td width=\"328\">Okuma Aral\u0131\u011f\u0131(2W ERP ETSI):<\/td>\n<td width=\"309\">8m<\/td>\n<\/tr>\n<tr>\n<td width=\"328\">Etiketleme:<\/td>\n<td width=\"309\">Diki\u015f, S\u0131cak damgalama yap\u0131\u015ft\u0131r\u0131c\u0131s\u0131<\/td>\n<\/tr>\n<tr>\n<td width=\"328\">Tahmini \u00d6m\u00fcr:<\/td>\n<td width=\"309\">200 y\u0131kama d\u00f6ng\u00fcs\u00fc veya 3 y\u0131l, hangisi \u00f6nce ger\u00e7ekle\u015firse<\/td>\n<\/tr>\n<tr>\n<td width=\"328\">Y\u0131kama Y\u00f6ntemi:<\/td>\n<td width=\"309\">\u00c7ama\u015f\u0131rhane, Kuru temizleme<\/td>\n<\/tr>\n<tr>\n<td width=\"328\">Su \u00c7\u0131karma Bas\u0131nc\u0131:<\/td>\n<td width=\"309\">60 bar<\/td>\n<\/tr>\n<tr>\n<td width=\"328\">Suya Dayan\u0131kl\u0131l\u0131k:<\/td>\n<td width=\"309\">Su ge\u00e7irmez<\/td>\n<\/tr>\n<tr>\n<td width=\"328\">Kimyasal Diren\u00e7:<\/td>\n<td width=\"309\">Deterjan, Yumu\u015fat\u0131c\u0131, \u00c7ama\u015f\u0131r Suyu (Oksijen\/ Klor), Alkali<\/td>\n<\/tr>\n<tr>\n<td width=\"328\">Tumbler&#039;da \u00d6n Kurutma:<\/td>\n<td width=\"309\">125 \u00baC&#039;de 15-20 dakika<\/td>\n<\/tr>\n<tr>\n<td width=\"328\">Sterilizasyon S\u0131cakl\u0131\u011f\u0131:<\/td>\n<td width=\"309\">135\u00b0C&#039;de 15-20 dakika<\/td>\n<\/tr>\n<tr>\n<td width=\"328\">Y\u0131kama S\u0131cakl\u0131\u011f\u0131:<\/td>\n<td width=\"309\">90\u00b0C ,15dk&#039;ya kadar.<\/td>\n<\/tr>\n<tr>\n<td width=\"328\">Nem\/S\u0131cakl\u0131k-\u00c7al\u0131\u015fma:<\/td>\n<td width=\"309\">-20 ila 110\u00b0C, 8 ila 95%RH<\/td>\n<\/tr>\n<tr>\n<td width=\"328\">Nem\/S\u0131cakl\u0131k-Depolama:<\/td>\n<td width=\"309\">-40 ila 110\u00b0C, 8 ila 95%RH<\/td>\n<\/tr>\n<\/tbody>\n<\/table>\n<\/div>\n<div class=\"auto-hide-last-sibling-br paragraph_1252f paragraph-element\"><\/div>\n<\/div>\n<div data-spm-anchor-id=\"a2700.details.0.i57.23b419c7xXORP0\">\n<div class=\"auto-hide-last-sibling-br paragraph_1252f paragraph-element\">\u00dcniforma Giysileri ve \u00c7ama\u015f\u0131r Takip \u00c7\u00f6z\u00fcm\u00fc i\u00e7in RFID \u00c7ipleri, sterilizasyon ve \u00fct\u00fcleme gibi zorlu end\u00fcstriyel y\u0131kama prosed\u00fcrlerinden ge\u00e7en tekstiller i\u00e7in \u00f6zel olarak olu\u015fturulmu\u015f \u00f6zel ama\u00e7l\u0131 RFID etiketleridir.<\/div>\n<\/div>\n<h3 class=\"wp-block-heading\">\u00dcniforma Giysileri i\u00e7in RFID \u00c7iplerinin Kurulumu<\/h3>\n<p><strong>Diki\u015f Etiketleme<\/strong>: Bir tekstilin ete\u011fine dikilecek. \u00c7ama\u015f\u0131r etiketini katlama \u00e7izgilerinden uza\u011fa dikin.<br \/>\n<strong>Is\u0131 S\u0131zd\u0131rmazl\u0131\u011f\u0131<\/strong>: +200\u00b0C (392\u00b0F) s\u0131cakl\u0131kta, 12~14 saniye boyunca do\u011frudan tekstil \u00fczerine \u0131s\u0131yla yap\u0131\u015ft\u0131r\u0131lmal\u0131d\u0131r.<br \/>\n<strong>Kese i\u00e7inde<\/strong>: Standart bak\u0131m etiketi gibi dikilmelidir. \u00c7ama\u015f\u0131r etiketini katlama \u00e7izgilerinden uza\u011fa dikin.<\/p>\n<div class=\"auto-hide-last-sibling-br paragraph_1252f paragraph-element\">\n<p style=\"font-weight: 400;\"><span style=\"font-style: inherit; font-weight: inherit;\" data-spm-anchor-id=\"a2700.details.0.i52.7e74253fSAfL7T\">Nas\u0131l <\/span><b><strong style=\"font-style: inherit;\">G\u00dc\u00c7L\u00dc<\/strong><\/b><span style=\"font-style: inherit; font-weight: inherit;\"> bunlar ?<\/span><\/p>\n<p><b><strong>\u2460<\/strong><\/b>RFID \u00e7ipleri y\u00fcksek s\u0131cakl\u0131klarda zarar g\u00f6r\u00fcr m\u00fc?<span style=\"font-style: inherit; font-weight: inherit;\"> \u2013<\/span><b><strong>\u2714 RFID tekstil \u00e7ama\u015f\u0131r etiketlerimiz 200 \u00b0C&#039;de kullan\u0131lmak \u00fczere tasarlanm\u0131\u015ft\u0131r<\/strong><\/b><span style=\"font-style: inherit; font-weight: inherit;\">.<\/span><\/p>\n<p style=\"font-weight: 400;\"><b><strong>\u2461<\/strong><\/b>\u00dcniforma tekstil \u00fcr\u00fcnlerine yap\u0131\u015ft\u0131r\u0131lan etiketleri ka\u00e7 kez y\u0131kayabiliriz? <b><strong>\u2013\u2714RFID tekstil \u00e7ama\u015f\u0131r etiketlerimiz g\u00f6nderildikten sonra 2 y\u0131l boyunca 200&#039;den fazla kez y\u0131kanabilir ve garantilidir.<\/strong><\/b><\/p>\n<p style=\"font-weight: 400;\"><b><strong>\u2462<\/strong><\/b>Prestijli \u00fcniforma tekstil \u00fcr\u00fcnlerini harcayacak m\u0131y\u0131z, tala\u015f s\u0131k\u0131\u015fmas\u0131 durumunda \u00e7al\u0131\u015fmaya devam m\u0131 edece\u011fiz? <b><strong>\u2013\u2714Tekstil \u00fcr\u00fcnlerinizin preslenmesi esnas\u0131nda 60 bar bas\u0131nca dayan\u0131kl\u0131 tekstil \u00e7ama\u015f\u0131r etiketlerimizi tasarlad\u0131k.<\/strong><\/b><\/p>\n<p style=\"font-weight: 400;\"><b><strong>\u2463<\/strong><\/b>\u00dcniforma tekstil \u00fcr\u00fcnlerinde RFID tekstil \u00e7ama\u015f\u0131r etiketleri nereye yerle\u015ftirilir? <b><strong>\u2013 \u2714\u00dcniformalar\u0131n durumuna g\u00f6re RFID tekstil \u00e7ama\u015f\u0131r etiketi tak\u0131lmaktad\u0131r.<\/strong><\/b><\/p>\n<h2 class=\"AnswerParser_AnswerParserH2__SIHnF\">RFID \u00c7ama\u015f\u0131rhane Takibi Nedir?<\/h2>\n<p><span class=\"AnswerParser_TextContainer__z_Iiv\" data-testid=\"youchat-text\">RFID (Radyo Frekans\u0131 Tan\u0131mlama) \u00e7ama\u015f\u0131r takibi, \u00e7ama\u015f\u0131rlar\u0131 takip eden bir teknolojidir.\u00a0<strong>RFID etiketleri<\/strong>\u00a0\u00e7ama\u015f\u0131r \u00fcr\u00fcnlerini ya\u015fam d\u00f6ng\u00fcleri boyunca izlemek ve y\u00f6netmek i\u00e7in tekstillere tak\u0131l\u0131r. Genellikle \u015fu \u015fekilde adland\u0131r\u0131lan bu etiketler\u00a0<strong>RFID \u00e7ama\u015f\u0131r etiketleri<\/strong>, verileri RFID okuyucular\u0131na iletmek i\u00e7in radyo dalgalar\u0131n\u0131 kullan\u0131r, b\u00f6ylece ger\u00e7ek zamanl\u0131 takip ve envanter y\u00f6netimi sa\u011flan\u0131r.<\/span><span class=\"AnswerParser_TextContainer__z_Iiv\" data-testid=\"youchat-text\">Bu teknoloji, takip s\u00fcrecini otomatikle\u015ftirerek \u00e7ama\u015f\u0131r y\u0131kama operasyonlar\u0131n\u0131 iyile\u015ftirir ve giysilerin ve \u00e7ar\u015faflar\u0131n y\u0131kamadan teslimata kadar her a\u015famada hesaba kat\u0131lmas\u0131n\u0131 sa\u011flar. \u0130\u015fletmeler, bir RFID \u00e7ama\u015f\u0131r takip sistemi uygulayarak insan hatas\u0131n\u0131 \u00f6nemli \u00f6l\u00e7\u00fcde azaltabilir ve genel verimlili\u011fi art\u0131rabilir.<\/span><\/p>\n<h2 class=\"AnswerParser_AnswerParserH2__SIHnF\">RFID \u00c7ama\u015f\u0131r Etiketleri Avantajlar\u0131<\/h2>\n<h3 class=\"AnswerParser_AnswerParserH3__Mpe4s\">Geli\u015fmi\u015f Envanter Y\u00f6netimi<\/h3>\n<p><span class=\"AnswerParser_TextContainer__z_Iiv\" data-testid=\"youchat-text\">RFID \u00e7ama\u015f\u0131r etiketleri, her giysi veya keten \u00f6\u011fesinin konumu ve durumu hakk\u0131nda an\u0131nda veri sa\u011flayarak do\u011fru envanter y\u00f6netimini kolayla\u015ft\u0131r\u0131r. Bu kapasite, \u00e7ama\u015f\u0131rhane tesislerinin \u00f6\u011feleri verimli bir \u015fekilde takip etmesini sa\u011flayarak, t\u00fcm \u00fcniformalar\u0131n ve ketenlerin ihtiya\u00e7 duyuldu\u011funda mevcut olmas\u0131n\u0131 sa\u011flar ve b\u00f6ylece operasyonel ak\u0131\u015f\u0131 iyile\u015ftirir.<\/span><\/p>\n<h3 class=\"AnswerParser_AnswerParserH3__Mpe4s\">Kay\u0131p ve H\u0131rs\u0131zl\u0131\u011f\u0131n Azalt\u0131lmas\u0131<\/h3>\n<p><span class=\"AnswerParser_TextContainer__z_Iiv\" data-testid=\"youchat-text\">\u00c7ama\u015f\u0131rhane operasyonlar\u0131nda RFID etiketlerinin kullan\u0131lmas\u0131n\u0131n \u00f6nemli avantajlar\u0131ndan biri, kay\u0131p ve h\u0131rs\u0131zl\u0131\u011f\u0131n azalt\u0131lmas\u0131d\u0131r. Etiketlenen her \u00fcr\u00fcn kolayca tan\u0131mlanabilir ve takip edilebilir, bu da \u00fcr\u00fcnlerin kaybolmas\u0131n\u0131 neredeyse imkans\u0131z hale getirir. \u0130\u015fletmeler envanterlerini ger\u00e7ek zamanl\u0131 olarak izleyebilir ve her \u015feyin hesaba kat\u0131ld\u0131\u011f\u0131ndan emin olabilirler.<\/span><\/p>\n<h3 class=\"AnswerParser_AnswerParserH3__Mpe4s\">Geli\u015fmi\u015f Operasyonel Verimlilik<\/h3>\n<p><span class=\"AnswerParser_TextContainer__z_Iiv\" data-testid=\"youchat-text\">RFID teknolojisiyle \u00e7ama\u015f\u0131rhane operasyonlar\u0131 \u00e7e\u015fitli s\u00fcre\u00e7leri otomatikle\u015ftirebilir ve bu da verimlili\u011fin artmas\u0131na yol a\u00e7abilir. \u00c7ama\u015f\u0131rlar\u0131 ay\u0131rma, izleme ve y\u00f6netme gibi g\u00f6revler kolayla\u015ft\u0131r\u0131labilir ve personelin daha kritik i\u015flevlere odaklanmas\u0131n\u0131 sa\u011flayabilir. Bu teknoloji ayr\u0131ca manuel envanter kontrollerine harcanan zaman\u0131 \u00f6nemli \u00f6l\u00e7\u00fcde azaltabilir.<\/span><\/p>\n<h2 class=\"AnswerParser_AnswerParserH2__SIHnF\">RFID Etiketleri Nas\u0131l \u00c7al\u0131\u015f\u0131r?<\/h2>\n<h3 class=\"AnswerParser_AnswerParserH3__Mpe4s\">RFID Sistem Bile\u015fenleri<\/h3>\n<p><span class=\"AnswerParser_TextContainer__z_Iiv\" data-testid=\"youchat-text\">Bir RFID sistemi \u00fc\u00e7 ana bile\u015fenden olu\u015fur:\u00a0<strong>RFID etiketleri<\/strong>,\u00a0<strong>RFID okuyucular\u0131<\/strong>, Ve\u00a0<strong>yaz\u0131l\u0131m<\/strong>\u00a0veri y\u00f6netimi i\u00e7in. RFID etiketleri giysilere ve \u00e7ar\u015faflara tak\u0131l\u0131rken, okuyucular bu etiketleri tarar ve onlardan veri toplar. Toplanan veriler daha sonra envanter takibi ve raporlamas\u0131 i\u00e7in y\u00f6netim yaz\u0131l\u0131m\u0131 taraf\u0131ndan i\u015flenir.<\/span><\/p>\n<h3 class=\"AnswerParser_AnswerParserH3__Mpe4s\">Veri \u0130letimi<\/h3>\n<p><span class=\"AnswerParser_TextContainer__z_Iiv\" data-testid=\"youchat-text\">Bir RFID etiketi bir RFID okuyucunun menzilinden ge\u00e7ti\u011finde, okuyucu etiketi g\u00fc\u00e7lendiren radyo dalgalar\u0131 yayar ve benzersiz tan\u0131mlama numaras\u0131n\u0131 iletmesini ister. Bu bilgi, \u00f6\u011fenin konumunu ve durumunu kaydeden yaz\u0131l\u0131ma g\u00f6nderilir ve ger\u00e7ek zamanl\u0131 izleme sa\u011flan\u0131r.<\/span><\/p>\n<h3 class=\"AnswerParser_AnswerParserH3__Mpe4s\">\u00c7ama\u015f\u0131rhane \u0130\u015flemleriyle Uyumluluk<\/h3>\n<p><span class=\"AnswerParser_TextContainer__z_Iiv\" data-testid=\"youchat-text\">\u00c7ama\u015f\u0131rhane uygulamalar\u0131 i\u00e7in tasarlanan RFID etiketleri dayan\u0131kl\u0131 ve y\u0131kanabilirdir, bu sayede i\u015flevselli\u011fini kaybetmeden y\u00fcksek s\u0131cakl\u0131ktaki y\u0131kama d\u00f6ng\u00fclerine dayanabilirler. Zorlu \u00e7ama\u015f\u0131r ortamlar\u0131nda bile etkili bir \u015fekilde \u00e7al\u0131\u015f\u0131rlar ve bu da onlar\u0131 end\u00fcstriyel \u00e7ama\u015f\u0131r y\u0131kama i\u015flemleri i\u00e7in ideal hale getirir.<\/span><\/p>\n<h2 class=\"AnswerParser_AnswerParserH2__SIHnF\">RFID \u00c7ama\u015f\u0131r Etiketlerinin Temel \u00d6zellikleri<\/h2>\n<h3 class=\"AnswerParser_AnswerParserH3__Mpe4s\">Y\u0131kanabilir ve Dayan\u0131kl\u0131<\/h3>\n<p><span class=\"AnswerParser_TextContainer__z_Iiv\" data-testid=\"youchat-text\">RFID \u00e7ama\u015f\u0131r etiketleri,\u00a0<strong>y\u0131kanabilir<\/strong>, bozulmadan birden fazla y\u0131kama d\u00f6ng\u00fcs\u00fcne dayanmalar\u0131n\u0131 sa\u011flar. Y\u00fcksek s\u0131cakl\u0131klara ve sert deterjanlara dayanabilen dayan\u0131kl\u0131 malzemelerden \u00fcretilmi\u015ftir ve uzun s\u00fcreli performans sa\u011flar.<\/span><\/p>\n<h3 class=\"AnswerParser_AnswerParserH3__Mpe4s\">UHF Teknolojisi<\/h3>\n<p><span class=\"AnswerParser_TextContainer__z_Iiv\" data-testid=\"youchat-text\">\u00c7o\u011fu RFID \u00e7ama\u015f\u0131r etiketi \u015funlar\u0131 kullan\u0131r:\u00a0<strong>UHF (Ultra Y\u00fcksek Frekans)<\/strong>\u00a0birka\u00e7 metrelik bir okuma aral\u0131\u011f\u0131na izin veren teknoloji. Bu yetenek, izleme verimlili\u011fini art\u0131rarak birden fazla \u00f6\u011fenin ayn\u0131 anda ve do\u011frudan g\u00f6r\u00fc\u015f hatt\u0131 olmadan taranmas\u0131n\u0131 sa\u011flar.<\/span><\/p>\n<h3 class=\"AnswerParser_AnswerParserH3__Mpe4s\">\u00d6zelle\u015ftirme Se\u00e7enekleri<\/h3>\n<p><span class=\"AnswerParser_TextContainer__z_Iiv\" data-testid=\"youchat-text\">RFID \u00e7ama\u015f\u0131r etiketleri, belirli operasyonel ihtiya\u00e7lara uyacak \u015fekilde \u00e7e\u015fitli \u015fekillerde, boyutlarda ve bellek kapasitelerinde \u00f6zelle\u015ftirilebilir. Bu esneklik, i\u015fletmelerin giysi veya keten y\u00f6netimi gereksinimlerine en uygun etiketleri se\u00e7melerine olanak tan\u0131r.<\/span><\/p>\n<h2 class=\"AnswerParser_AnswerParserH2__SIHnF\">UHF RFID Teknolojisini Anlamak<\/h2>\n<h3 class=\"AnswerParser_AnswerParserH3__Mpe4s\">UHF RFID Nedir?<\/h3>\n<p><span class=\"AnswerParser_TextContainer__z_Iiv\" data-testid=\"youchat-text\"><strong>UHF RFID<\/strong>\u00a0300 MHz ila 3 GHz frekans aral\u0131\u011f\u0131nda \u00e7al\u0131\u015f\u0131r ve daha uzun okuma aral\u0131klar\u0131 ve daha h\u0131zl\u0131 veri iletim h\u0131zlar\u0131 gibi di\u011fer frekanslara g\u00f6re \u00e7e\u015fitli avantajlar sunar. Bu teknoloji, birden fazla \u00f6\u011feyi ayn\u0131 anda izlemenin \u00f6nemli oldu\u011fu \u00e7ama\u015f\u0131rhane uygulamalar\u0131 i\u00e7in \u00f6zellikle faydal\u0131d\u0131r.<\/span><\/p>\n<h3 class=\"AnswerParser_AnswerParserH3__Mpe4s\">\u00c7ama\u015f\u0131rhane Y\u00f6netiminde UHF RFID&#039;nin Avantajlar\u0131<\/h3>\n<p><span class=\"AnswerParser_TextContainer__z_Iiv\" data-testid=\"youchat-text\">UHF RFID teknolojisi, b\u00fcy\u00fck envanterlerin etkili bir \u015fekilde y\u00f6netilmesine olanak tan\u0131yan geli\u015fmi\u015f izleme yetenekleri sunar. Verileri daha uzun mesafeler \u00fczerinden iletme yetene\u011fi, \u00e7ama\u015f\u0131rhane tesislerinin manuel tarama ihtiyac\u0131n\u0131 en aza indirerek i\u015f ak\u0131\u015flar\u0131n\u0131 iyile\u015ftirebilece\u011fi anlam\u0131na gelir.<\/span><\/p>\n<h2 class=\"AnswerParser_AnswerParserH2__SIHnF\">RFID \u00c7ama\u015f\u0131r Etiketlerinin \u00c7evresel Etkisi<\/h2>\n<h3 class=\"AnswerParser_AnswerParserH3__Mpe4s\">S\u00fcrd\u00fcr\u00fclebilirlik Hususlar\u0131<\/h3>\n<p><span class=\"AnswerParser_TextContainer__z_Iiv\" data-testid=\"youchat-text\">\u00c7ama\u015f\u0131rhane operasyonlar\u0131nda RFID teknolojisinin uygulanmas\u0131 s\u00fcrd\u00fcr\u00fclebilirlik \u00e7abalar\u0131na katk\u0131da bulunabilir. \u0130\u015fletmeler tekstil kayb\u0131n\u0131 azaltarak ve \u00e7ama\u015f\u0131r y\u0131kama s\u00fcre\u00e7lerini optimize ederek at\u0131klar\u0131 en aza indirebilir ve kaynak verimlili\u011fini art\u0131rabilir.<\/span><\/p>\n<h3 class=\"AnswerParser_AnswerParserH3__Mpe4s\">Ya\u015fam D\u00f6ng\u00fcs\u00fc Etkisi<\/h3>\n<p><span class=\"AnswerParser_TextContainer__z_Iiv\" data-testid=\"youchat-text\">RFID \u00e7ama\u015f\u0131r etiketleri uzun \u00f6m\u00fcrl\u00fc olacak \u015fekilde tasarlanm\u0131\u015ft\u0131r ve s\u0131k s\u0131k de\u011fi\u015ftirme ihtiyac\u0131n\u0131 azalt\u0131r. Dayan\u0131kl\u0131l\u0131klar\u0131, \u00e7ok say\u0131da y\u0131kama d\u00f6ng\u00fcs\u00fcne dayanabilmelerini sa\u011flayarak tekstil at\u0131klar\u0131yla ili\u015fkili \u00e7evresel etkiyi \u00f6nemli \u00f6l\u00e7\u00fcde azalt\u0131r.<\/span><\/p>\n<h2 class=\"AnswerParser_AnswerParserH2__SIHnF\">M\u00fc\u015fteri Yorumlar\u0131 ve G\u00f6r\u00fc\u015fleri<\/h2>\n<h3 class=\"AnswerParser_AnswerParserH3__Mpe4s\">Ger\u00e7ek D\u00fcnya Deneyimleri<\/h3>\n<p><span class=\"AnswerParser_TextContainer__z_Iiv\" data-testid=\"youchat-text\">Bir\u00e7ok \u00e7ama\u015f\u0131rhane tesisi RFID \u00e7ama\u015f\u0131r etiketlerini uygulad\u0131ktan sonra verimlilik ve envanter do\u011frulu\u011funda \u00f6nemli iyile\u015ftirmeler bildirdi. M\u00fc\u015fteriler, kaybolan e\u015fyalardaki azalmay\u0131 ve \u00fcniformalar\u0131n\u0131 ve \u00e7ar\u015faflar\u0131n\u0131 takip etmenin kolayl\u0131\u011f\u0131n\u0131 takdir ediyor.<\/span><\/p>\n<blockquote><p><span class=\"AnswerParser_TextContainer__z_Iiv\" data-testid=\"youchat-text\">\u201cRFID \u00e7ama\u015f\u0131r takibini benimsedi\u011fimizden beri operasyonel verimlili\u011fimiz f\u0131rlad\u0131! Art\u0131k \u00e7ar\u015faflar\u0131m\u0131z\u0131 ger\u00e7ek zamanl\u0131 olarak takip edebiliyoruz, bu da kay\u0131plar\u0131m\u0131z\u0131 b\u00fcy\u00fck \u00f6l\u00e7\u00fcde azaltt\u0131.\u201d \u2013\u00a0<em>Jane D., \u00c7ama\u015f\u0131rhane M\u00fcd\u00fcr\u00fc<\/em><\/span><\/p><\/blockquote>\n<h3 class=\"AnswerParser_AnswerParserH3__Mpe4s\">Olumlu Geribildirim<\/h3>\n<p><span class=\"AnswerParser_TextContainer__z_Iiv\" data-testid=\"youchat-text\">Kullan\u0131c\u0131lardan gelen geri bildirimler, RFID \u00e7ama\u015f\u0131r etiketlerinin etkinli\u011fini ve g\u00fcvenilirli\u011fini vurgulayarak, bunlar\u0131 \u00e7ama\u015f\u0131r hizmetleri aras\u0131nda tercih edilen bir se\u00e7enek haline getiriyor. M\u00fc\u015fteriler, azalan envanter kay\u0131plar\u0131 ve iyile\u015ftirilmi\u015f y\u00f6netimle ili\u015fkili uzun vadeli tasarruflara de\u011fer veriyor.<\/span><\/p>\n<h2 class=\"AnswerParser_AnswerParserH2__SIHnF\">S\u0131k\u00e7a Sorulan Sorular<\/h2>\n<h3 class=\"AnswerParser_AnswerParserH3__Mpe4s\">RFID \u00e7ama\u015f\u0131r etiketleri ne kadar s\u00fcre dayan\u0131r?<\/h3>\n<p><span class=\"AnswerParser_TextContainer__z_Iiv\" data-testid=\"youchat-text\">RFID \u00e7ama\u015f\u0131r etiketleri, 10 y\u0131la kadar dayanacak \u015fekilde tasarlanm\u0131\u015ft\u0131r.\u00a0<strong>200 y\u0131kama \u00e7evrimi<\/strong>, belirli etikete ve y\u0131kama ko\u015fullar\u0131na ba\u011fl\u0131 olarak. Dayan\u0131kl\u0131l\u0131klar\u0131, kullan\u0131m \u00f6m\u00fcrleri boyunca i\u015flevsel kalmalar\u0131n\u0131 sa\u011flar.<\/span><\/p>\n<h3 class=\"AnswerParser_AnswerParserH3__Mpe4s\">RFID \u00e7ama\u015f\u0131r etiketleri \u00f6zelle\u015ftirilebilir mi?<\/h3>\n<p><span class=\"AnswerParser_TextContainer__z_Iiv\" data-testid=\"youchat-text\">Evet, RFID \u00e7ama\u015f\u0131r etiketleri \u00e7ama\u015f\u0131rhane operasyonlar\u0131n\u0131z\u0131n \u00f6zel ihtiya\u00e7lar\u0131n\u0131 kar\u015f\u0131lamak i\u00e7in \u00e7e\u015fitli \u015fekillerde ve bellek kapasitelerinde \u00f6zelle\u015ftirilebilir.<\/span><\/p>\n<h3 class=\"AnswerParser_AnswerParserH3__Mpe4s\">UHF RFID etiketlerinin okuma aral\u0131\u011f\u0131 nedir?<\/h3>\n<p><span class=\"AnswerParser_TextContainer__z_Iiv\" data-testid=\"youchat-text\">UHF RFID etiketleri genellikle en fazla okuma aral\u0131\u011f\u0131na sahiptir\u00a0<strong>6 metre<\/strong>, birden fazla \u00f6\u011fenin ayn\u0131 anda etkin bir \u015fekilde izlenmesine olanak tan\u0131r.<\/span><\/p>\n<h2 class=\"AnswerParser_AnswerParserH2__SIHnF\">\u00c7\u00f6z\u00fcm<\/h2>\n<p><span class=\"AnswerParser_TextContainer__z_Iiv\" data-testid=\"youchat-text\">\u00dcniformalar, Giysiler ve Keten Takip \u00c7\u00f6z\u00fcm\u00fc i\u00e7in RFID \u00c7ipleri, \u00e7ama\u015f\u0131rhane y\u00f6netiminde d\u00f6n\u00fc\u015ft\u00fcr\u00fcc\u00fc bir ilerlemeyi temsil eder. \u0130\u015fletmeler, RFID \u00e7ama\u015f\u0131r etiketlerine yat\u0131r\u0131m yaparak operasyonel verimliliklerini art\u0131rabilir, kay\u0131plar\u0131 azaltabilir ve genel envanter y\u00f6netimini iyile\u015ftirebilir.<\/span><\/p>\n<\/div>\n<div class=\"auto-hide-last-sibling-br paragraph_1252f paragraph-element\"><\/div>","protected":false},"excerpt":{"rendered":"<p><span class=\"AnswerParser_TextContainer__z_Iiv\" data-testid=\"youchat-text\">\u00dcniformalar, Giysiler ve Keten Takip \u00c7\u00f6z\u00fcm\u00fc i\u00e7in RFID \u00c7ipleri, \u00e7ama\u015f\u0131rhane y\u00f6netiminde d\u00f6n\u00fc\u015ft\u00fcr\u00fcc\u00fc bir ilerlemeyi temsil eder. \u0130\u015fletmeler, RFID \u00e7ama\u015f\u0131r etiketlerine yat\u0131r\u0131m yaparak operasyonel verimliliklerini art\u0131rabilir, kay\u0131plar\u0131 azaltabilir ve genel envanter y\u00f6netimini iyile\u015ftirebilir.<\/span><\/p>","protected":false},"featured_media":2824,"template":"","meta":{"_kad_post_transparent":"default","_kad_post_title":"","_kad_post_layout":"default","_kad_post_sidebar_id":"","_kad_post_content_style":"default","_kad_post_vertical_padding":"default","_kad_post_feature":"","_kad_post_feature_position":"","_kad_post_header":false,"_kad_post_footer":false,"_kad_post_classname":""},"product_brand":[],"product_cat":[19],"product_tag":[338,339,65,30],"class_list":{"0":"post-2823","1":"product","2":"type-product","3":"status-publish","4":"has-post-thumbnail","6":"product_cat-textile-rfid-laundry-tag","7":"product_tag-rfid-chips-for-uniforms","8":"product_tag-rfid-washable-tags","9":"product_tag-textile-rfid-laundry-tags","10":"product_tag-uhf-rfid-laundry-tag","12":"first","13":"instock","14":"featured","15":"shipping-taxable","16":"product-type-simple","17":"entry","18":"content-bg","19":"loop-entry"},"_links":{"self":[{"href":"https:\/\/rfid-laundry-tag.com\/tr\/wp-json\/wp\/v2\/product\/2823","targetHints":{"allow":["GET"]}}],"collection":[{"href":"https:\/\/rfid-laundry-tag.com\/tr\/wp-json\/wp\/v2\/product"}],"about":[{"href":"https:\/\/rfid-laundry-tag.com\/tr\/wp-json\/wp\/v2\/types\/product"}],"version-history":[{"count":1,"href":"https:\/\/rfid-laundry-tag.com\/tr\/wp-json\/wp\/v2\/product\/2823\/revisions"}],"predecessor-version":[{"id":2826,"href":"https:\/\/rfid-laundry-tag.com\/tr\/wp-json\/wp\/v2\/product\/2823\/revisions\/2826"}],"wp:featuredmedia":[{"embeddable":true,"href":"https:\/\/rfid-laundry-tag.com\/tr\/wp-json\/wp\/v2\/media\/2824"}],"wp:attachment":[{"href":"https:\/\/rfid-laundry-tag.com\/tr\/wp-json\/wp\/v2\/media?parent=2823"}],"wp:term":[{"taxonomy":"product_brand","embeddable":true,"href":"https:\/\/rfid-laundry-tag.com\/tr\/wp-json\/wp\/v2\/product_brand?post=2823"},{"taxonomy":"product_cat","embeddable":true,"href":"https:\/\/rfid-laundry-tag.com\/tr\/wp-json\/wp\/v2\/product_cat?post=2823"},{"taxonomy":"product_tag","embeddable":true,"href":"https:\/\/rfid-laundry-tag.com\/tr\/wp-json\/wp\/v2\/product_tag?post=2823"}],"curies":[{"name":"wp","href":"https:\/\/api.w.org\/{rel}","templated":true}]}}