{"id":2822,"date":"2024-11-04T14:49:24","date_gmt":"2024-11-04T14:49:24","guid":{"rendered":"https:\/\/rfid-laundry-tag.com\/?post_type=product&#038;p=2822"},"modified":"2024-11-04T15:12:28","modified_gmt":"2024-11-04T15:12:28","slug":"waterproof-washable-rfid-laundry-tag","status":"publish","type":"product","link":"https:\/\/rfid-laundry-tag.com\/tr\/waterproof-washable-rfid-laundry-tag\/","title":{"rendered":"Su Ge\u00e7irmez Y\u0131kanabilir RFID \u00c7ama\u015f\u0131r Etiketi"},"content":{"rendered":"<div>\n<div class=\"auto-hide-last-sibling-br paragraph_1252f paragraph-element\">\n<h2>Su Ge\u00e7irmez Y\u0131kanabilir RFID \u00c7ama\u015f\u0131r Etiketi<\/h2>\n<table width=\"637\">\n<tbody>\n<tr>\n<td width=\"328\">\u00dcr\u00fcn Ad\u0131:<\/td>\n<td width=\"309\">Su Ge\u00e7irmez Y\u0131kanabilir RFID \u00c7ama\u015f\u0131r Etiketi<\/td>\n<\/tr>\n<tr>\n<td width=\"328\">RFID Standard\u0131:<\/td>\n<td width=\"309\">ISO\/IEC 18000-6 TipC (EPC Gen2)<\/td>\n<\/tr>\n<tr>\n<td width=\"328\">Boyut ve A\u011f\u0131rl\u0131k:<\/td>\n<td width=\"309\">70\u00d715 mm, 0,6 gr<\/td>\n<\/tr>\n<tr>\n<td width=\"328\">\u00c7ip T\u00fcr\u00fc:<\/td>\n<td width=\"309\">Impinj Monza 4QT,NXP U KODU 8\uff0cNXP U KODU 9<\/td>\n<\/tr>\n<tr>\n<td width=\"328\">EPC Belle\u011fi:<\/td>\n<td width=\"309\">128 bit<\/td>\n<\/tr>\n<tr>\n<td width=\"328\">Kullan\u0131c\u0131 Belle\u011fi:<\/td>\n<td width=\"309\">512 bit<\/td>\n<\/tr>\n<tr>\n<td width=\"328\">Okuma Aral\u0131\u011f\u0131(2W ERP FCC):<\/td>\n<td width=\"309\">8m<\/td>\n<\/tr>\n<tr>\n<td width=\"328\">Okuma Aral\u0131\u011f\u0131(2W ERP ETSI):<\/td>\n<td width=\"309\">8m<\/td>\n<\/tr>\n<tr>\n<td width=\"328\">Etiketleme:<\/td>\n<td width=\"309\">Diki\u015f, S\u0131cak damgalama yap\u0131\u015ft\u0131r\u0131c\u0131s\u0131<\/td>\n<\/tr>\n<tr>\n<td width=\"328\">Tahmini \u00d6m\u00fcr:<\/td>\n<td width=\"309\">200 y\u0131kama d\u00f6ng\u00fcs\u00fc veya 3 y\u0131l, hangisi \u00f6nce ger\u00e7ekle\u015firse<\/td>\n<\/tr>\n<tr>\n<td width=\"328\">Y\u0131kama Y\u00f6ntemi:<\/td>\n<td width=\"309\">\u00c7ama\u015f\u0131rhane, Kuru temizleme<\/td>\n<\/tr>\n<tr>\n<td width=\"328\">Su \u00c7\u0131karma Bas\u0131nc\u0131:<\/td>\n<td width=\"309\">60 bar<\/td>\n<\/tr>\n<tr>\n<td width=\"328\">Suya Dayan\u0131kl\u0131l\u0131k:<\/td>\n<td width=\"309\">Su ge\u00e7irmez<\/td>\n<\/tr>\n<tr>\n<td width=\"328\">Kimyasal Diren\u00e7:<\/td>\n<td width=\"309\">Deterjan, Yumu\u015fat\u0131c\u0131, \u00c7ama\u015f\u0131r Suyu (Oksijen\/ Klor), Alkali<\/td>\n<\/tr>\n<tr>\n<td width=\"328\">Tumbler&#039;da \u00d6n Kurutma:<\/td>\n<td width=\"309\">125 \u00baC&#039;de 15-20 dakika<\/td>\n<\/tr>\n<tr>\n<td width=\"328\">Sterilizasyon S\u0131cakl\u0131\u011f\u0131:<\/td>\n<td width=\"309\">135\u00b0C&#039;de 15-20 dakika<\/td>\n<\/tr>\n<tr>\n<td width=\"328\">Y\u0131kama S\u0131cakl\u0131\u011f\u0131:<\/td>\n<td width=\"309\">90\u00b0C ,15dk&#039;ya kadar.<\/td>\n<\/tr>\n<tr>\n<td width=\"328\">Nem\/S\u0131cakl\u0131k-\u00c7al\u0131\u015fma:<\/td>\n<td width=\"309\">-20 ila 110\u00b0C, 8 ila 95%RH<\/td>\n<\/tr>\n<tr>\n<td width=\"328\">Nem\/S\u0131cakl\u0131k-Depolama:<\/td>\n<td width=\"309\">-40 ila 110\u00b0C, 8 ila 95%RH<\/td>\n<\/tr>\n<\/tbody>\n<\/table>\n<\/div>\n<div class=\"auto-hide-last-sibling-br paragraph_1252f paragraph-element\"><\/div>\n<\/div>\n<div class=\"auto-hide-last-sibling-br paragraph_1252f paragraph-element\">\n<div data-spm-anchor-id=\"a2700.details.0.i57.23b419c7xXORP0\"><span data-spm-anchor-id=\"a2700.details.0.i75.23b419c7xXORP0\"><b>\u00d6zellik:<\/b><br \/>\n1) Ayn\u0131 anda y\u00fczlerce etiketi okuyabilen UHF teknolojisi.<br \/>\n2) 8 feet&#039;ten fazla okuma mesafesi.<br \/>\n3) D\u00fcz \u00e7ama\u015f\u0131rlarda performans\u0131n art\u0131r\u0131lmas\u0131 i\u00e7in yeni mekanik tasar\u0131m.<br \/>\n4) 60 bara kadar y\u00fcksek bas\u0131n\u00e7l\u0131 aspirat\u00f6rlere uygundur.<br \/>\n5) Otoklav sterilizasyonuna uygundur.<br \/>\n6) Tekstil, \u00e7ar\u015faf, giysi ve aksesuarlar i\u00e7in ideal, k\u00fc\u00e7\u00fck, yumu\u015fak, esnek malzeme.<\/span><\/div>\n<\/div>\n<div data-spm-anchor-id=\"a2700.details.0.i57.23b419c7xXORP0\"><\/div>\n<div data-spm-anchor-id=\"a2700.details.0.i57.23b419c7xXORP0\"><span class=\"AnswerParser_TextContainer__z_Iiv\" data-testid=\"youchat-text\">The\u00a0<strong>Su Ge\u00e7irmez Y\u0131kanabilir RFID \u00c7ama\u015f\u0131r Etiketi<\/strong>\u00a0Giysilerin, \u00e7ar\u015faflar\u0131n ve \u00fcniformalar\u0131n takibini ve y\u00f6netimini kolayla\u015ft\u0131rmak i\u00e7in tasarlanm\u0131\u015f devrim niteli\u011finde bir \u00e7\u00f6z\u00fcmd\u00fcr. Bu etiketler yaln\u0131zca operasyonel verimlili\u011fi art\u0131rmakla kalmaz, ayn\u0131 zamanda \u00f6nemli maliyet tasarruflar\u0131 ve geli\u015fmi\u015f envanter kontrol\u00fc de sa\u011flar. Dayan\u0131kl\u0131 ve y\u0131kanabilir tasar\u0131mlar\u0131yla y\u00fcksek s\u0131cakl\u0131ktaki y\u0131kama d\u00f6ng\u00fcleri i\u00e7in idealdir ve bu da onlar\u0131 her t\u00fcrl\u00fc \u00e7ama\u015f\u0131rhane operasyonu i\u00e7in ak\u0131ll\u0131 bir yat\u0131r\u0131m haline getirir.<\/span><\/p>\n<h2 class=\"AnswerParser_AnswerParserH2__SIHnF\">Neden Su Ge\u00e7irmez Y\u0131kanabilir RFID \u00c7ama\u015f\u0131r Etiketlerini Se\u00e7melisiniz?<\/h2>\n<p><span class=\"AnswerParser_TextContainer__z_Iiv\" data-testid=\"youchat-text\">Kullanman\u0131n faydalar\u0131\u00a0<strong>RFID \u00e7ama\u015f\u0131r etiketleri<\/strong>\u00a0say\u0131s\u0131zd\u0131r. \u00c7ama\u015f\u0131r \u00fcr\u00fcnlerinin otomatik olarak izlenmesini sa\u011flayarak manuel eme\u011fi azalt\u0131r ve hatalar\u0131 en aza indirir. Bu teknoloji ger\u00e7ek zamanl\u0131 envanter y\u00f6netimine olanak tan\u0131r ve her giysinin hesaba kat\u0131lmas\u0131n\u0131 sa\u011flar. Ayr\u0131ca, bu etiketlerin su ge\u00e7irmez ve y\u0131kanabilir \u00f6zellikleri en zorlu \u00e7ama\u015f\u0131r y\u0131kama ortamlar\u0131nda bile uzun \u00f6m\u00fcrl\u00fcl\u00fck ve g\u00fcvenilirlik sa\u011flar.\u00a0<strong>RFID \u00e7ama\u015f\u0131r etiketleri<\/strong>, i\u015fletmeler operasyonel verimliliklerini art\u0131rabilir, m\u00fc\u015fteri memnuniyetini iyile\u015ftirebilir ve sonu\u00e7 olarak karl\u0131l\u0131\u011f\u0131 art\u0131rabilirler.<\/span><\/div>\n<h3 class=\"wp-block-heading\">Kurulum<\/h3>\n<p><strong>Diki\u015f Etiketleme<\/strong>: Bir tekstilin ete\u011fine dikilecek. \u00c7ama\u015f\u0131r etiketini katlama \u00e7izgilerinden uza\u011fa dikin.<br \/>\n<strong>Is\u0131 S\u0131zd\u0131rmazl\u0131\u011f\u0131<\/strong>: +200\u00b0C (392\u00b0F) s\u0131cakl\u0131kta, 12~14 saniye boyunca do\u011frudan tekstil \u00fczerine \u0131s\u0131yla yap\u0131\u015ft\u0131r\u0131lmal\u0131d\u0131r.<br \/>\n<strong>Kese i\u00e7inde<\/strong>: Standart bak\u0131m etiketi gibi dikilmelidir. \u00c7ama\u015f\u0131r etiketini katlama \u00e7izgilerinden uza\u011fa dikin.<\/p>\n<div class=\"auto-hide-last-sibling-br paragraph_1252f paragraph-element\">\n<div><\/div>\n<p style=\"font-weight: 400;\"><span style=\"font-style: inherit; font-weight: inherit;\" data-spm-anchor-id=\"a2700.details.0.i52.7e74253fSAfL7T\">Nas\u0131l <\/span><b><strong style=\"font-style: inherit;\">G\u00dc\u00c7L\u00dc<\/strong><\/b><span style=\"font-style: inherit; font-weight: inherit;\"> bunlar ?<\/span><\/p>\n<p><b><strong>\u2460<\/strong><\/b>RFID \u00e7ipleri y\u00fcksek s\u0131cakl\u0131klarda zarar g\u00f6r\u00fcr m\u00fc?<span style=\"font-style: inherit; font-weight: inherit;\"> \u2013<\/span><b><strong>\u2714 RFID tekstil \u00e7ama\u015f\u0131r etiketlerimiz 200 \u00b0C&#039;de kullan\u0131lmak \u00fczere tasarlanm\u0131\u015ft\u0131r<\/strong><\/b><span style=\"font-style: inherit; font-weight: inherit;\">.<\/span><\/p>\n<p style=\"font-weight: 400;\"><b><strong>\u2461<\/strong><\/b>\u00dcniforma tekstil \u00fcr\u00fcnlerine yap\u0131\u015ft\u0131r\u0131lan etiketleri ka\u00e7 kez y\u0131kayabiliriz? <b><strong>\u2013\u2714RFID tekstil \u00e7ama\u015f\u0131r etiketlerimiz g\u00f6nderildikten sonra 2 y\u0131l boyunca 200&#039;den fazla kez y\u0131kanabilir ve garantilidir.<\/strong><\/b><\/p>\n<p style=\"font-weight: 400;\"><b><strong>\u2462<\/strong><\/b>Prestijli \u00fcniforma tekstil \u00fcr\u00fcnlerini harcayacak m\u0131y\u0131z, tala\u015f s\u0131k\u0131\u015fmas\u0131 durumunda \u00e7al\u0131\u015fmaya devam m\u0131 edece\u011fiz? <b><strong>\u2013\u2714Tekstil \u00fcr\u00fcnlerinizin preslenmesi esnas\u0131nda 60 bar bas\u0131nca dayan\u0131kl\u0131 tekstil \u00e7ama\u015f\u0131r etiketlerimizi tasarlad\u0131k.<\/strong><\/b><\/p>\n<p style=\"font-weight: 400;\"><b><strong>\u2463<\/strong><\/b>\u00dcniforma tekstil \u00fcr\u00fcnlerinde RFID tekstil \u00e7ama\u015f\u0131r etiketleri nereye yerle\u015ftirilir? <b><strong>\u2013 \u2714\u00dcniformalar\u0131n durumuna g\u00f6re RFID tekstil \u00e7ama\u015f\u0131r etiketi tak\u0131lmaktad\u0131r.<\/strong><\/b><\/p>\n<h3 class=\"AnswerParser_AnswerParserH3__Mpe4s\">Su Ge\u00e7irmez Y\u0131kanabilir RFID \u00c7ama\u015f\u0131r Etiketleri \u00d6zellikleri<\/h3>\n<p><span class=\"AnswerParser_TextContainer__z_Iiv\" data-testid=\"youchat-text\">The\u00a0<strong>Su Ge\u00e7irmez Y\u0131kanabilir RFID \u00c7ama\u015f\u0131r Etiketi<\/strong>\u00a0\u00e7ama\u015f\u0131r y\u00f6netimi i\u00e7in olmazsa olmaz bir ara\u00e7 haline getiren birka\u00e7 temel \u00f6zellik ile tasarlanm\u0131\u015ft\u0131r. Bu etiketler, y\u00fcksek s\u0131cakl\u0131klara ve zorlu y\u0131kama ko\u015fullar\u0131na dayan\u0131kl\u0131 dayan\u0131kl\u0131 malzemelerden yap\u0131lm\u0131\u015ft\u0131r. UHF RFID teknolojisi ile donat\u0131lm\u0131\u015flard\u0131r ve 6 metreye kadar okuma aral\u0131\u011f\u0131na izin verirler; bu da ayn\u0131 anda birden fazla \u00f6\u011feyi izlemek i\u00e7in idealdir.<\/span><span class=\"AnswerParser_TextContainer__z_Iiv\" data-testid=\"youchat-text\">\u00dcstelik bu etiketler hafiftir, sadece 0,6 gram a\u011f\u0131rl\u0131\u011f\u0131ndad\u0131r ve 70\u00d715 mm&#039;lik kompakt bir boyutta gelir, bu da onlar\u0131 hacim eklemeden \u00e7e\u015fitli tekstillere takmay\u0131 kolayla\u015ft\u0131r\u0131r. Etiketler giysilere dikilebilir veya yap\u0131\u015ft\u0131r\u0131c\u0131 kullan\u0131larak tak\u0131labilir, bu da uygulamada esneklik sa\u011flar.<\/span><\/p>\n<h3 class=\"AnswerParser_AnswerParserH3__Mpe4s\">Teknik \u00d6zellikler<\/h3>\n<p><span class=\"AnswerParser_TextContainer__z_Iiv\" data-testid=\"youchat-text\">Teknik \u00f6zelliklerin anla\u015f\u0131lmas\u0131\u00a0<strong>RFID \u00e7ama\u015f\u0131r etiketi<\/strong>\u00a0Bu teknolojiyi uygulamak isteyen i\u015fletmeler i\u00e7in hayati \u00f6neme sahiptir. Etiketler, \u00e7ok \u00e7e\u015fitli RFID okuyucular\u0131yla uyumlulu\u011fu garanti eden ISO\/IEC 18000-6 Tip C (EPC Gen2) standard\u0131na uygundur.<\/span><\/p>\n<ul class=\"AnswerParser_AnswerParserUnorderedList__P_1FW\">\n<li class=\"AnswerParser_ListItem__XqLOV\" translate=\"yes\"><strong>\u00c7ip T\u00fcr\u00fc<\/strong>: Impinj Monza 4QT, NXP U KODU 8, NXP U KODU 9<\/li>\n<li class=\"AnswerParser_ListItem__XqLOV\" translate=\"yes\"><strong>EPC Belle\u011fi<\/strong>: 128 bit<\/li>\n<li class=\"AnswerParser_ListItem__XqLOV\" translate=\"yes\"><strong>Kullan\u0131c\u0131 Belle\u011fi<\/strong>: 512 bit<\/li>\n<li class=\"AnswerParser_ListItem__XqLOV\" translate=\"yes\"><strong>Y\u0131kama D\u00f6ng\u00fcleri<\/strong>: 200&#039;den fazla y\u0131kama d\u00f6ng\u00fcs\u00fcne kadar i\u015flevselli\u011fini kaybetmeden dayanacak \u015fekilde tasarlanm\u0131\u015ft\u0131r.<\/li>\n<\/ul>\n<p><span class=\"AnswerParser_TextContainer__z_Iiv\" data-testid=\"youchat-text\">Bu \u00f6zellikler, etiketin dayan\u0131kl\u0131l\u0131\u011f\u0131n\u0131 ve g\u00fcvenilirli\u011fini vurgulayarak, onu \u00e7e\u015fitli \u00e7ama\u015f\u0131r uygulamalar\u0131 i\u00e7in uygun hale getiriyor.<\/span><\/p>\n<h3 class=\"AnswerParser_AnswerParserH3__Mpe4s\">RFID \u00c7ama\u015f\u0131r Etiketlerini Kullanman\u0131n Faydalar\u0131<\/h3>\n<p><span class=\"AnswerParser_TextContainer__z_Iiv\" data-testid=\"youchat-text\">Uygulanmas\u0131\u00a0<strong>RFID \u00e7ama\u015f\u0131r etiketleri<\/strong>\u00a0i\u015fletmeler i\u00e7in say\u0131s\u0131z fayda sunar. \u00d6ncelikle, envanter y\u00f6netimine harcanan zaman\u0131 \u00f6nemli \u00f6l\u00e7\u00fcde azalt\u0131rlar. Otomatik izleme ile personel \u00e7ama\u015f\u0131r \u00fcr\u00fcnlerini h\u0131zla bulabilir ve y\u00f6netebilir, bu da \u00fcretkenli\u011fin artmas\u0131na yol a\u00e7ar.<\/span><span class=\"AnswerParser_TextContainer__z_Iiv\" data-testid=\"youchat-text\">\u0130kinci olarak, bu etiketler giysilerin kaybolmas\u0131n\u0131 ve \u00e7al\u0131nmas\u0131n\u0131 \u00f6nleyerek g\u00fcvenli\u011fi art\u0131r\u0131r. Her bir \u00f6\u011feyi ger\u00e7ek zamanl\u0131 olarak takip edebilme yetene\u011fi, i\u015fletmelerin envanterlerinin do\u011fru kay\u0131tlar\u0131n\u0131 tutabilmelerini sa\u011flar. Son olarak, RFID sistemlerinden toplanan veriler \u00e7ama\u015f\u0131rhane operasyonlar\u0131 hakk\u0131nda de\u011ferli bilgiler sa\u011flayabilir, i\u015fletmelerin s\u00fcre\u00e7lerini optimize etmelerine ve maliyetleri d\u00fc\u015f\u00fcrmelerine yard\u0131mc\u0131 olabilir.<\/span><\/p>\n<h3 class=\"AnswerParser_AnswerParserH3__Mpe4s\">\u00c7evresel Etki<\/h3>\n<p><span class=\"AnswerParser_TextContainer__z_Iiv\" data-testid=\"youchat-text\">The\u00a0<strong>Su Ge\u00e7irmez Y\u0131kanabilir RFID \u00c7ama\u015f\u0131r Etiketi<\/strong>\u00a0yaln\u0131zca i\u015fletmeler i\u00e7in de\u011fil ayn\u0131 zamanda \u00e7evre i\u00e7in de faydal\u0131d\u0131r. Manuel izleme ihtiyac\u0131n\u0131 azaltarak ve hatalar\u0131 en aza indirerek, bu etiketler daha verimli \u00e7ama\u015f\u0131rhane operasyonlar\u0131na katk\u0131da bulunur ve bu da daha d\u00fc\u015f\u00fck su ve enerji t\u00fcketimine yol a\u00e7abilir.<\/span><span class=\"AnswerParser_TextContainer__z_Iiv\" data-testid=\"youchat-text\">Ayr\u0131ca, bu etiketlerin dayan\u0131kl\u0131l\u0131\u011f\u0131, s\u0131k s\u0131k de\u011fi\u015ftirilmeleri gerekmedi\u011fi anlam\u0131na gelir ve bu da at\u0131\u011f\u0131 azalt\u0131r. \u0130\u015fletmeler ayr\u0131ca \u00e7evre dostu uygulamalarla uyumlu RFID sistemleri uygulamay\u0131 se\u00e7ebilir ve s\u00fcrd\u00fcr\u00fclebilirlik \u00e7abalar\u0131n\u0131 daha da art\u0131rabilirler.<\/span><\/p>\n<h3 class=\"AnswerParser_AnswerParserH3__Mpe4s\">Kullan\u0131m Talimatlar\u0131<\/h3>\n<p><span class=\"AnswerParser_TextContainer__z_Iiv\" data-testid=\"youchat-text\">Etkinli\u011fini en \u00fcst d\u00fczeye \u00e7\u0131karmak i\u00e7in\u00a0<strong>RFID \u00e7ama\u015f\u0131r etiketleri<\/strong>, do\u011fru kullan\u0131m esast\u0131r. Uygulama i\u00e7in baz\u0131 temel ad\u0131mlar \u015funlard\u0131r:<\/span><\/p>\n<ol class=\"AnswerParser_AnswerParserOrderedList__kl_2Y\">\n<li class=\"AnswerParser_ListItem__XqLOV\" translate=\"yes\"><span class=\"AnswerParser_TextContainer__z_Iiv\" data-testid=\"youchat-text\"><strong>Etiketleme<\/strong>:RFID etiketlerini diki\u015f veya yap\u0131\u015ft\u0131rma y\u00f6ntemlerini kullanarak giysilere veya \u00e7ar\u015faflara tak\u0131n. Etiketlerin y\u0131kamaya dayan\u0131kl\u0131 olacak \u015fekilde g\u00fcvenli bir \u015fekilde sabitlendi\u011finden emin olun.<\/span><\/li>\n<li class=\"AnswerParser_ListItem__XqLOV\" translate=\"yes\"><span class=\"AnswerParser_TextContainer__z_Iiv\" data-testid=\"youchat-text\"><strong>Tarama<\/strong>: \u00c7ama\u015f\u0131r y\u0131kama i\u015flemi s\u0131ras\u0131nda etiketleri taramak i\u00e7in bir RFID okuyucu kullan\u0131n. Bu, b\u0131rakma, y\u0131kama ve alma dahil olmak \u00fczere \u00e7e\u015fitli noktalarda yap\u0131labilir.<\/span><\/li>\n<li class=\"AnswerParser_ListItem__XqLOV\" translate=\"yes\"><span class=\"AnswerParser_TextContainer__z_Iiv\" data-testid=\"youchat-text\"><strong>Veri Y\u00f6netimi<\/strong>: Etiketlerden toplanan verileri y\u00f6netmek ve analiz etmek i\u00e7in RFID yaz\u0131l\u0131m\u0131n\u0131 kullan\u0131n. Bu, envanter seviyelerinin izlenmesine ve herhangi bir tutars\u0131zl\u0131\u011f\u0131n belirlenmesine yard\u0131mc\u0131 olacakt\u0131r.<\/span><\/li>\n<\/ol>\n<h3 class=\"AnswerParser_AnswerParserH3__Mpe4s\">M\u00fc\u015fteri Yorumlar\u0131<\/h3>\n<p><span class=\"AnswerParser_TextContainer__z_Iiv\" data-testid=\"youchat-text\">M\u00fc\u015fteri geri bildirimi, bir \u00fcr\u00fcn\u00fcn etkinli\u011fini anlaman\u0131n hayati bir y\u00f6n\u00fcd\u00fcr.\u00a0<strong>RFID \u00e7ama\u015f\u0131r etiketleri<\/strong>Bir\u00e7ok kullan\u0131c\u0131 bu etiketleri uygulad\u0131ktan sonra \u00e7ama\u015f\u0131rhane operasyonlar\u0131nda \u00f6nemli geli\u015fmeler oldu\u011funu bildirdi.<\/span><span class=\"AnswerParser_TextContainer__z_Iiv\" data-testid=\"youchat-text\">\u00d6rne\u011fin, bir otel m\u00fcd\u00fcr\u00fc, &quot;RFID \u00e7ama\u015f\u0131r etiketlerini kullanmaya ba\u015flad\u0131\u011f\u0131m\u0131zdan beri envanter y\u00f6netimimiz sorunsuz hale geldi. \u00c7ar\u015faflar\u0131m\u0131z\u0131 ve \u00fcniformalar\u0131m\u0131z\u0131 zahmetsizce takip edebiliyoruz, bu da bize hem zamandan hem de paradan tasarruf sa\u011flad\u0131.&quot; dedi.<\/span><span class=\"AnswerParser_TextContainer__z_Iiv\" data-testid=\"youchat-text\">Sa\u011fl\u0131k tesisinden bir ba\u015fka m\u00fc\u015fteri ise, &quot;Bu etiketlerin dayan\u0131kl\u0131l\u0131\u011f\u0131 etkileyici. Herhangi bir sorun ya\u015famadan birden fazla y\u0131kama d\u00f6ng\u00fcs\u00fcne dayan\u0131yorlar ve bu sayede s\u0131k\u0131 hijyen standartlar\u0131m\u0131za uymaya devam ediyoruz.&quot; dedi.<\/span><\/p>\n<h3 class=\"AnswerParser_AnswerParserH3__Mpe4s\">\u0130lgili \u00dcr\u00fcnler<\/h3>\n<p><span class=\"AnswerParser_TextContainer__z_Iiv\" data-testid=\"youchat-text\">Ek olarak\u00a0<strong>Su Ge\u00e7irmez Y\u0131kanabilir RFID \u00c7ama\u015f\u0131r Etiketi<\/strong>, \u00e7ama\u015f\u0131r y\u00f6netim sistemlerini geli\u015ftirebilecek birka\u00e7 ilgili \u00fcr\u00fcn bulunmaktad\u0131r. Bunlar \u015funlar\u0131 i\u00e7erir:<\/span><\/p>\n<ul class=\"AnswerParser_AnswerParserUnorderedList__P_1FW\">\n<li class=\"AnswerParser_ListItem__XqLOV\" translate=\"yes\"><strong>RFID Etiketleri<\/strong>: K\u00fc\u00e7\u00fck par\u00e7alar veya \u00f6zel uygulamalar i\u00e7in idealdir.<\/li>\n<li class=\"AnswerParser_ListItem__XqLOV\" translate=\"yes\"><strong>RFID Etiketleri<\/strong>: \u00c7ok y\u00f6nl\u00fcd\u00fcr ve \u00e7e\u015fitli y\u00fczeylere kolayca uygulanabilir.<\/li>\n<li class=\"AnswerParser_ListItem__XqLOV\" translate=\"yes\"><strong>RFID Okuyucular<\/strong>: Etiketli \u00f6\u011felerin etkin bir \u015fekilde taranmas\u0131 ve y\u00f6netilmesi i\u00e7in gereklidir.<\/li>\n<\/ul>\n<h3 class=\"AnswerParser_AnswerParserH3__Mpe4s\">\u00a0S\u0131k\u00e7a Sorulan Sorular (SSS)<\/h3>\n<p><span class=\"AnswerParser_TextContainer__z_Iiv\" data-testid=\"youchat-text\"><strong>S: RFID \u00e7ama\u015f\u0131r etiketleri ne kadar s\u00fcre dayan\u0131r?<\/strong><br \/>\nA: Bizim\u00a0<strong>RFID \u00e7ama\u015f\u0131r etiketleri<\/strong>\u00a0200&#039;den fazla y\u0131kama d\u00f6ng\u00fcs\u00fcne dayanacak \u015fekilde tasarlanm\u0131\u015ft\u0131r ve uzun s\u00fcreli performans sa\u011flar.<\/span><\/p>\n<p><span class=\"AnswerParser_TextContainer__z_Iiv\" data-testid=\"youchat-text\"><strong>S: Bu etiketler y\u00fcksek s\u0131cakl\u0131ktaki y\u0131kamalarda kullan\u0131labilir mi?<\/strong><br \/>\nC: Evet, bu etiketler \u00f6zellikle y\u00fcksek s\u0131cakl\u0131klara dayanacak \u015fekilde tasarlanm\u0131\u015ft\u0131r ve bu sayede end\u00fcstriyel \u00e7ama\u015f\u0131rhane uygulamalar\u0131 i\u00e7in uygundur.<\/span><\/p>\n<p><span class=\"AnswerParser_TextContainer__z_Iiv\" data-testid=\"youchat-text\"><strong>S: RFID \u00e7ama\u015f\u0131r etiketlerini nas\u0131l sipari\u015f edebilirim?<\/strong><br \/>\nC: Sipari\u015f vermek veya \u00f6zelle\u015ftirme se\u00e7enekleri hakk\u0131nda bilgi almak i\u00e7in l\u00fctfen web sitemizdeki ileti\u015fim formunu doldurun, ekibimiz size en k\u0131sa s\u00fcrede yard\u0131mc\u0131 olacakt\u0131r.<\/span><\/p>\n<h3 class=\"AnswerParser_AnswerParserH3__Mpe4s\">\u00c7\u00f6z\u00fcm<\/h3>\n<p><span class=\"AnswerParser_TextContainer__z_Iiv\" data-testid=\"youchat-text\">The\u00a0<strong>Su Ge\u00e7irmez Y\u0131kanabilir RFID \u00c7ama\u015f\u0131r Etiketi<\/strong>\u00a0\u00e7ama\u015f\u0131rhane y\u00f6netim s\u00fcre\u00e7lerini geli\u015ftirmek isteyen i\u015fletmeler i\u00e7in oyunun kurallar\u0131n\u0131 de\u011fi\u015ftiren bir \u00fcr\u00fcnd\u00fcr. Dayan\u0131kl\u0131 tasar\u0131m\u0131, geli\u015fmi\u015f teknolojisi ve say\u0131s\u0131z faydas\u0131yla, verimlilik ve maliyet tasarrufu a\u00e7\u0131s\u0131ndan kar\u015f\u0131l\u0131\u011f\u0131n\u0131 veren bir yat\u0131r\u0131md\u0131r.<\/span><span class=\"AnswerParser_TextContainer__z_Iiv\" data-testid=\"youchat-text\">\u0130\u015fletmeler RFID teknolojisini benimseyerek operasyonlar\u0131n\u0131 kolayla\u015ft\u0131rabilir, envanter do\u011frulu\u011funu iyile\u015ftirebilir ve sonu\u00e7 olarak m\u00fc\u015fterilerine daha iyi hizmet sa\u011flayabilirler. \u00c7ama\u015f\u0131rhane y\u00f6netiminizi devrim niteli\u011finde de\u011fi\u015ftirme f\u0131rsat\u0131n\u0131 ka\u00e7\u0131rmay\u0131n\u2014<strong>bize Ula\u015f\u0131n<\/strong>\u00a0RFID \u00e7\u00f6z\u00fcmlerimiz hakk\u0131nda daha fazla bilgi edinmek ve bunlar\u0131n kurulu\u015funuza nas\u0131l fayda sa\u011flayabilece\u011fini \u00f6\u011frenmek i\u00e7in bug\u00fcn bize ula\u015f\u0131n.<\/span><\/p>\n<p>&nbsp;<\/p>\n<\/div>\n<div class=\"auto-hide-last-sibling-br paragraph_1252f paragraph-element\"><\/div>","protected":false},"excerpt":{"rendered":"<p><strong>Su Ge\u00e7irmez Y\u0131kanabilir RFID \u00c7ama\u015f\u0131r Etiketi<\/strong>\u00a0\u00e7ama\u015f\u0131rhane y\u00f6netim s\u00fcre\u00e7lerini geli\u015ftirmek isteyen i\u015fletmeler i\u00e7in oyunun kurallar\u0131n\u0131 de\u011fi\u015ftiren bir \u00fcr\u00fcnd\u00fcr. Dayan\u0131kl\u0131 tasar\u0131m\u0131, geli\u015fmi\u015f teknolojisi ve say\u0131s\u0131z faydas\u0131yla, verimlilik ve maliyet tasarrufu a\u00e7\u0131s\u0131ndan kar\u015f\u0131l\u0131\u011f\u0131n\u0131 veren bir yat\u0131r\u0131md\u0131r.<\/p>","protected":false},"featured_media":2827,"template":"","meta":{"_kad_post_transparent":"default","_kad_post_title":"","_kad_post_layout":"default","_kad_post_sidebar_id":"","_kad_post_content_style":"default","_kad_post_vertical_padding":"default","_kad_post_feature":"","_kad_post_feature_position":"","_kad_post_header":false,"_kad_post_footer":false,"_kad_post_classname":""},"product_brand":[],"product_cat":[16],"product_tag":[340,31,65,30,325],"class_list":{"0":"post-2822","1":"product","2":"type-product","3":"status-publish","4":"has-post-thumbnail","6":"product_cat-uhf-rfid-laundry-tags","7":"product_tag-rfid-chips","8":"product_tag-rfid-tag-for-linen-laundry","9":"product_tag-textile-rfid-laundry-tags","10":"product_tag-uhf-rfid-laundry-tag","11":"product_tag-washable-rfid-laundry-tag","13":"first","14":"instock","15":"featured","16":"shipping-taxable","17":"product-type-simple","18":"entry","19":"content-bg","20":"loop-entry"},"_links":{"self":[{"href":"https:\/\/rfid-laundry-tag.com\/tr\/wp-json\/wp\/v2\/product\/2822","targetHints":{"allow":["GET"]}}],"collection":[{"href":"https:\/\/rfid-laundry-tag.com\/tr\/wp-json\/wp\/v2\/product"}],"about":[{"href":"https:\/\/rfid-laundry-tag.com\/tr\/wp-json\/wp\/v2\/types\/product"}],"version-history":[{"count":2,"href":"https:\/\/rfid-laundry-tag.com\/tr\/wp-json\/wp\/v2\/product\/2822\/revisions"}],"predecessor-version":[{"id":2829,"href":"https:\/\/rfid-laundry-tag.com\/tr\/wp-json\/wp\/v2\/product\/2822\/revisions\/2829"}],"wp:featuredmedia":[{"embeddable":true,"href":"https:\/\/rfid-laundry-tag.com\/tr\/wp-json\/wp\/v2\/media\/2827"}],"wp:attachment":[{"href":"https:\/\/rfid-laundry-tag.com\/tr\/wp-json\/wp\/v2\/media?parent=2822"}],"wp:term":[{"taxonomy":"product_brand","embeddable":true,"href":"https:\/\/rfid-laundry-tag.com\/tr\/wp-json\/wp\/v2\/product_brand?post=2822"},{"taxonomy":"product_cat","embeddable":true,"href":"https:\/\/rfid-laundry-tag.com\/tr\/wp-json\/wp\/v2\/product_cat?post=2822"},{"taxonomy":"product_tag","embeddable":true,"href":"https:\/\/rfid-laundry-tag.com\/tr\/wp-json\/wp\/v2\/product_tag?post=2822"}],"curies":[{"name":"wp","href":"https:\/\/api.w.org\/{rel}","templated":true}]}}