{"id":281,"date":"2024-06-26T09:42:03","date_gmt":"2024-06-26T09:42:03","guid":{"rendered":"https:\/\/rfid-laundry-tag.com\/?post_type=product&#038;p=281"},"modified":"2024-07-16T16:25:37","modified_gmt":"2024-07-16T16:25:37","slug":"uhf-rfid-wet-inlay","status":"publish","type":"product","link":"https:\/\/rfid-laundry-tag.com\/tr\/uhf-rfid-wet-inlay\/","title":{"rendered":"UHF RFID Islak Kaplama"},"content":{"rendered":"<table class=\"all magic-1\" style=\"font-family: var(--global-body-font-family);\">\n<tbody>\n<tr>\n<td colspan=\"1\" rowspan=\"1\">\n<div class=\"magic-2\" data-spm-anchor-id=\"a2700.details.0.i124.27902306LbjcO6\"><b>\u00dcr\u00fcn Ad\u0131<\/b><\/div>\n<\/td>\n<td colspan=\"1\" rowspan=\"1\">\n<div class=\"magic-3\">UHF RFID Islak Kaplama<\/div>\n<\/td>\n<\/tr>\n<tr>\n<td colspan=\"1\" rowspan=\"1\">\n<div class=\"magic-2\"><b data-spm-anchor-id=\"a2700.pc-decorate.0.i1.2adc3333pGXB5C\">Malzeme<\/b><\/div>\n<\/td>\n<td colspan=\"1\" rowspan=\"1\">\n<div class=\"magic-3\">Ku\u015fe Ka\u011f\u0131t, PET vb.<\/div>\n<\/td>\n<\/tr>\n<tr>\n<td colspan=\"1\" rowspan=\"1\">\n<div class=\"magic-2\"><b>\u00c7ip<\/b><\/div>\n<\/td>\n<td colspan=\"1\" rowspan=\"1\">\n<div class=\"magic-3\">Uzayl\u0131 H9<\/div>\n<\/td>\n<\/tr>\n<tr>\n<td colspan=\"1\" rowspan=\"1\">\n<div class=\"magic-2\"><b data-spm-anchor-id=\"a2700.pc-decorate.0.i7.2adc3333pGXB5C\">Renk<\/b><\/div>\n<\/td>\n<td colspan=\"1\" rowspan=\"1\">\n<div class=\"magic-3\">Beyaz<\/div>\n<\/td>\n<\/tr>\n<tr>\n<td colspan=\"1\" rowspan=\"1\">\n<div class=\"magic-2\"><b>Kullan\u0131c\u0131 haf\u0131zas\u0131<\/b><\/div>\n<\/td>\n<td colspan=\"1\" rowspan=\"1\">\n<div class=\"magic-3\">688 bit<\/div>\n<\/td>\n<\/tr>\n<tr>\n<td colspan=\"1\" rowspan=\"1\">\n<div class=\"magic-2\"><b>EPC Belle\u011fi<\/b><\/div>\n<\/td>\n<td colspan=\"1\" rowspan=\"1\">\n<div class=\"magic-3\" data-spm-anchor-id=\"a2700.details.0.i125.27902306LbjcO6\">496 bit<\/div>\n<\/td>\n<\/tr>\n<tr>\n<td colspan=\"1\" rowspan=\"1\">\n<div class=\"magic-2\"><b data-spm-anchor-id=\"a2700.pc-decorate.0.i18.2adc3333pGXB5C\">Protokol<\/b><\/div>\n<\/td>\n<td colspan=\"1\" rowspan=\"1\">\n<div class=\"magic-3\">K\u00fcresel EPC S\u0131n\u0131f1 Gen2 ISO\/IEC 18000-6C<\/div>\n<\/td>\n<\/tr>\n<tr>\n<td colspan=\"1\" rowspan=\"1\">\n<div class=\"magic-2\"><b data-spm-anchor-id=\"a2700.pc-decorate.0.i9.74c33333KAtYOv\">S\u0131kl\u0131k<\/b><\/div>\n<\/td>\n<td colspan=\"1\" rowspan=\"1\">\n<div class=\"magic-3\">860-960mhz<\/div>\n<\/td>\n<\/tr>\n<tr>\n<td colspan=\"1\" rowspan=\"1\">\n<div class=\"magic-2\"><b>Okuyucu aral\u0131\u011f\u0131<\/b><\/div>\n<\/td>\n<td colspan=\"1\" rowspan=\"1\">\n<div class=\"magic-3\">6M (Ortama ve okuma-yazma mesafesine ba\u011fl\u0131d\u0131r)<\/div>\n<\/td>\n<\/tr>\n<tr>\n<td colspan=\"1\" rowspan=\"1\">\n<div class=\"magic-2\"><b data-spm-anchor-id=\"a2700.pc-decorate.0.i17.6f873333hkY330\">\u00c7al\u0131\u015fma Y\u00f6ntemi<\/b><\/div>\n<\/td>\n<td colspan=\"1\" rowspan=\"1\">\n<div class=\"magic-3\">Pasif<\/div>\n<\/td>\n<\/tr>\n<tr>\n<td colspan=\"1\" rowspan=\"1\">\n<div class=\"magic-2\"><b>\u00c7al\u0131\u015fan Geri D\u00f6n\u00fc\u015f\u00fcm<\/b><\/div>\n<\/td>\n<td colspan=\"1\" rowspan=\"1\">\n<div class=\"magic-3\">&gt;100000 Kez<\/div>\n<\/td>\n<\/tr>\n<tr>\n<td colspan=\"1\" rowspan=\"1\">\n<div class=\"magic-2\"><b data-spm-anchor-id=\"a2700.pc-decorate.0.i51.200a3333J5VKbe\">Ba\u015fvuru<\/b><\/div>\n<\/td>\n<td colspan=\"1\" rowspan=\"1\">\n<div class=\"magic-3\">Sahtecili\u011fe kar\u015f\u0131 izlenebilirlik, veri iletimi<\/div>\n<\/td>\n<\/tr>\n<\/tbody>\n<\/table>\n<div><\/div>\n<div class=\"auto-hide-last-sibling-br paragraph_9dc5f paragraph-element\">A\u015fa\u011f\u0131dakiler dahil ancak bunlarla s\u0131n\u0131rl\u0131 olmamak \u00fczere uygulamalar:<\/div>\n<ol class=\"auto-hide-last-sibling-br\">\n<li>\n<div class=\"auto-hide-last-sibling-br paragraph_9dc5f paragraph-element\">Stok Y\u00f6netimi: Bu etiketler, depolarda ve perakende ma\u011fazalarda stok seviyelerini takip etmek i\u00e7in kullan\u0131labilir, b\u00f6ylece stok y\u00f6netim s\u00fcreci daha verimli ve do\u011fru hale gelir.<\/div>\n<\/li>\n<li>\n<div class=\"auto-hide-last-sibling-br paragraph_9dc5f paragraph-element\">Tedarik Zinciri Y\u00f6netimi: \u015eirketler, RFID etiketleriyle \u00fcr\u00fcnleri etiketleyerek, \u00fcretimden sat\u0131\u015fa kadar tedarik zinciri boyunca mallar\u0131n hareketini ve durumunu izleyebilir, b\u00f6ylece \u015feffafl\u0131\u011f\u0131 ve operasyonel verimlili\u011fi art\u0131rabilir.<\/div>\n<\/li>\n<li>\n<div class=\"auto-hide-last-sibling-br paragraph_9dc5f paragraph-element\">Lojistik Y\u00f6netimi: RFID etiketleri, g\u00f6nderileri takip etme ve nakliye s\u0131ras\u0131nda mallar\u0131 y\u00f6netme s\u00fcrecini basitle\u015ftirir. Mallar\u0131n konumu ve durumu hakk\u0131nda ger\u00e7ek zamanl\u0131 bilgi sa\u011flayarak hatalar\u0131 ve gecikmeleri azalt\u0131r.<\/div>\n<\/li>\n<li>\n<div class=\"auto-hide-last-sibling-br paragraph_9dc5f paragraph-element\">Kozmetikler: Markalar, sahtecili\u011fi \u00f6nlemeye ve t\u00fcketicilerin orijinal \u00fcr\u00fcnlere ula\u015fmas\u0131n\u0131 sa\u011flamaya yard\u0131mc\u0131 olmak i\u00e7in RFID etiketlerini orijinalli\u011fi do\u011frulama amac\u0131yla kullanabilirler.<\/div>\n<\/li>\n<li>\n<div class=\"auto-hide-last-sibling-br paragraph_9dc5f paragraph-element\">Sa\u011fl\u0131k: RFID etiketleri hayati \u00f6nem ta\u015f\u0131yan t\u0131bbi ekipmanlar\u0131 takip edebilir, ila\u00e7 envanterlerini ve hasta kay\u0131tlar\u0131n\u0131 y\u00f6netebilir, hasta bak\u0131m\u0131 ve hastane y\u00f6netimi i\u00e7in kritik iyile\u015ftirmeler sa\u011flayabilir.<\/div>\n<\/li>\n<li>\n<div class=\"auto-hide-last-sibling-br paragraph_9dc5f paragraph-element\">Giyim: Moda sekt\u00f6r\u00fcnde RFID etiketleri, envanteri y\u00f6netebilir, h\u0131rs\u0131zl\u0131\u011f\u0131 \u00f6nleyebilir, prova odas\u0131 deneyimlerini y\u00f6netebilir ve ayr\u0131nt\u0131l\u0131 m\u00fc\u015fteri davran\u0131\u015f analizi i\u00e7in veri sa\u011flayabilir.<\/div>\n<\/li>\n<li>\n<div class=\"auto-hide-last-sibling-br paragraph_9dc5f paragraph-element\">M\u00fccevher: RFID kakmalar\u0131, m\u00fccevher gibi y\u00fcksek de\u011ferli e\u015fyalar\u0131 takip etmenin etkili bir yolunu sunar. Ayr\u0131ca m\u00fccevherin kimli\u011fini do\u011frulamaya ve h\u0131rs\u0131zl\u0131\u011f\u0131 \u00f6nlemeye yard\u0131mc\u0131 olabilirler.<\/div>\n<\/li>\n<li>\n<div class=\"auto-hide-last-sibling-br paragraph_9dc5f paragraph-element\">Varl\u0131k Takibi: \u015eirketler, ekipman, ara\u00e7lar ve di\u011fer de\u011ferli e\u015fyalar dahil olmak \u00fczere varl\u0131klar\u0131n\u0131 izlemek i\u00e7in RFID etiketlerini kullan\u0131r, b\u00f6ylece kay\u0131plar\u0131 en aza indirir ve genel varl\u0131k y\u00f6netimini iyile\u015ftirir.<\/div>\n<\/li>\n<\/ol>\n<div class=\"auto-hide-last-sibling-br paragraph_9dc5f paragraph-element\">\u00d6zetle, UHF RFID Etiketleri ve RFID UHF Etiketleri \u00e7e\u015fitli end\u00fcstrilerde operasyonel verimlili\u011fin, do\u011frulu\u011fun ve g\u00fcvenli\u011fin iyile\u015ftirilmesine \u00f6nemli \u00f6l\u00e7\u00fcde katk\u0131da bulunmaktad\u0131r.<\/div>","protected":false},"excerpt":{"rendered":"<p>UHF RFID G\u00f6mme Par\u00e7alar\u0131 ve RFID UHF Etiketleri, sa\u011flam performanslar\u0131 ve kapsaml\u0131 uygulama alanlar\u0131 nedeniyle bir\u00e7ok sekt\u00f6rde ger\u00e7ekten \u00f6nemli bir rol oynamaktad\u0131r.<\/p>","protected":false},"featured_media":282,"template":"","meta":{"_kad_post_transparent":"default","_kad_post_title":"","_kad_post_layout":"default","_kad_post_sidebar_id":"","_kad_post_content_style":"default","_kad_post_vertical_padding":"default","_kad_post_feature":"","_kad_post_feature_position":"","_kad_post_header":false,"_kad_post_footer":false,"_kad_post_classname":""},"product_brand":[],"product_cat":[54,189],"product_tag":[108,107],"class_list":{"0":"post-281","1":"product","2":"type-product","3":"status-publish","4":"has-post-thumbnail","6":"product_cat-hot-selling-rfid-tags","7":"product_cat-rfid-inlay","8":"product_tag-rfid-inlay","9":"product_tag-uhf-rfid-wet-inlay","11":"first","12":"instock","13":"shipping-taxable","14":"product-type-simple","15":"entry","16":"content-bg","17":"loop-entry"},"_links":{"self":[{"href":"https:\/\/rfid-laundry-tag.com\/tr\/wp-json\/wp\/v2\/product\/281","targetHints":{"allow":["GET"]}}],"collection":[{"href":"https:\/\/rfid-laundry-tag.com\/tr\/wp-json\/wp\/v2\/product"}],"about":[{"href":"https:\/\/rfid-laundry-tag.com\/tr\/wp-json\/wp\/v2\/types\/product"}],"version-history":[{"count":1,"href":"https:\/\/rfid-laundry-tag.com\/tr\/wp-json\/wp\/v2\/product\/281\/revisions"}],"predecessor-version":[{"id":721,"href":"https:\/\/rfid-laundry-tag.com\/tr\/wp-json\/wp\/v2\/product\/281\/revisions\/721"}],"wp:featuredmedia":[{"embeddable":true,"href":"https:\/\/rfid-laundry-tag.com\/tr\/wp-json\/wp\/v2\/media\/282"}],"wp:attachment":[{"href":"https:\/\/rfid-laundry-tag.com\/tr\/wp-json\/wp\/v2\/media?parent=281"}],"wp:term":[{"taxonomy":"product_brand","embeddable":true,"href":"https:\/\/rfid-laundry-tag.com\/tr\/wp-json\/wp\/v2\/product_brand?post=281"},{"taxonomy":"product_cat","embeddable":true,"href":"https:\/\/rfid-laundry-tag.com\/tr\/wp-json\/wp\/v2\/product_cat?post=281"},{"taxonomy":"product_tag","embeddable":true,"href":"https:\/\/rfid-laundry-tag.com\/tr\/wp-json\/wp\/v2\/product_tag?post=281"}],"curies":[{"name":"wp","href":"https:\/\/api.w.org\/{rel}","templated":true}]}}