{"id":2792,"date":"2024-10-29T11:28:05","date_gmt":"2024-10-29T11:28:05","guid":{"rendered":"https:\/\/rfid-laundry-tag.com\/?post_type=product&#038;p=2792"},"modified":"2024-10-29T13:03:05","modified_gmt":"2024-10-29T13:03:05","slug":"fdx-b-134-2khz-rfid-animal-id-glass-tag-syringe-transponder","status":"publish","type":"product","link":"https:\/\/rfid-laundry-tag.com\/tr\/fdx-b-134-2khz-rfid-animal-id-glass-tag-syringe-transponder\/","title":{"rendered":"FDX-B 134.2khz RFID Hayvan Kimlik Cam Etiketi \u015e\u0131r\u0131nga Transponder"},"content":{"rendered":"<h2>FDX-B 134.2khz RFID Hayvan Kimlik Cam Etiketi \u015e\u0131r\u0131nga Transponder<\/h2>\n<p><span class=\"AnswerParser_TextContainer__z_Iiv\" data-testid=\"youchat-text\"><strong>FDX-B 134.2kHz RFID Hayvan Kimlik Cam Etiketi \u015e\u0131r\u0131nga Transponder<\/strong>\u00a0hayvan tan\u0131mlama ve y\u00f6netimi i\u00e7in son teknoloji bir \u00e7\u00f6z\u00fcmd\u00fcr. \u00d6zellikle evcil hayvanlar ve \u00e7iftlik hayvanlar\u0131 i\u00e7in tasarlanan bu RFID cam etiketi, do\u011fru izleme ve tan\u0131mlamay\u0131 garanti ederek onu veterinerler, yeti\u015ftiriciler ve evcil hayvan sahipleri i\u00e7in vazge\u00e7ilmez bir ara\u00e7 haline getirir. Sa\u011flam \u00f6zellikleri ve g\u00fcvenilir performans\u0131yla bu \u00fcr\u00fcn, hayvan bak\u0131m\u0131 ve y\u00f6netimiyle ilgilenen herkes i\u00e7in yat\u0131r\u0131m yapmaya de\u011fer.<\/span><\/p>\n<h2 class=\"AnswerParser_AnswerParserH2__SIHnF\">Neden FDX-B 134.2kHz RFID Hayvan Kimlik Cam Etiketi&#039;ni Se\u00e7melisiniz?<\/h2>\n<p><span class=\"AnswerParser_TextContainer__z_Iiv\" data-testid=\"youchat-text\">FDX-B RFID cam etiketi yaln\u0131zca basit bir tan\u0131mlama arac\u0131 de\u011fildir; hayvan y\u00f6netimini geli\u015ftiren say\u0131s\u0131z fayda sunar.\u00a0<strong>biyocam<\/strong>\u00a0yap\u0131 dayan\u0131kl\u0131l\u0131k ve biyouyumluluk sa\u011flar ve implantasyon i\u00e7in g\u00fcvenli hale getirir. Etiket,\u00a0<strong>134.2 kHz<\/strong>Uluslararas\u0131 standartlara (ISO11784\/785, ISO14443A) uygun olan ve \u00e7e\u015fitli uygulamalarda g\u00fcvenilir performans sa\u011flayan\u00a0<strong>100% t\u0131bbi s\u0131n\u0131f sterilizasyon<\/strong>\u00a0Etiketin hayvanlarda kullan\u0131m\u0131n\u0131n g\u00fcvenli oldu\u011funu garanti eder ve implantasyon sonras\u0131 enfeksiyon veya komplikasyon riskini en aza indirir.<\/span><\/p>\n<h3 class=\"AnswerParser_AnswerParserH3__Mpe4s\">\u00dcr\u00fcn Anahatt\u0131<\/h3>\n<h4 class=\"AnswerParser_AnswerParserH4__ghxg8\">1. \u00dcr\u00fcn \u00d6zellikleri<\/h4>\n<p><span class=\"AnswerParser_TextContainer__z_Iiv\" data-testid=\"youchat-text\">FDX-B RFID cam etiketi \u00e7e\u015fitli boyutlarda gelir, bunlar aras\u0131nda \u015funlar yer al\u0131r:\u00a0<strong>1,25*7 mm<\/strong>,\u00a0<strong>1,4*8 mm<\/strong>,\u00a0<strong>2*8mm<\/strong>,\u00a0<strong>2*12mm<\/strong>, Ve\u00a0<strong>3*15mm<\/strong>Bu aral\u0131k, k\u00fc\u00e7\u00fck evcil hayvanlardan b\u00fcy\u00fck \u00e7iftlik hayvanlar\u0131na kadar farkl\u0131 hayvan boyutlar\u0131na hitap ederek uygulamada esneklik sa\u011flar. Etiketin\u00a0<strong>anti-bakteriyel, anti-alerjik ve anti-reddedilme<\/strong>\u00a0\u00d6zellikleri sayesinde her t\u00fcrl\u00fc hayvan i\u00e7in g\u00fcvenli olup, evcil hayvan sahipleri ve veteriner hekimler i\u00e7in g\u00f6n\u00fcl rahatl\u0131\u011f\u0131 sa\u011flar.<\/span><\/p>\n<h4 class=\"AnswerParser_AnswerParserH4__ghxg8\">2. Teknik \u00d6zellikler<\/h4>\n<table class=\"hight-light-first-column all magic-18\">\n<tbody>\n<tr>\n<td colspan=\"1\" rowspan=\"1\">\n<div class=\"magic-19\">\u00d6\u011fe<\/div>\n<\/td>\n<td colspan=\"1\" rowspan=\"1\">\n<div class=\"magic-20\">RFID cam etiketi<\/div>\n<\/td>\n<\/tr>\n<tr>\n<td colspan=\"1\" rowspan=\"1\">\n<div class=\"magic-19\">Malzeme<\/div>\n<\/td>\n<td colspan=\"1\" rowspan=\"1\">\n<div class=\"magic-20\">Biyocam<\/div>\n<\/td>\n<\/tr>\n<tr>\n<td colspan=\"1\" rowspan=\"1\">\n<div class=\"magic-19\">Mevcut boyut<\/div>\n<\/td>\n<td colspan=\"1\" rowspan=\"1\">\n<div class=\"magic-20\">1.25*7mm, 1.4*8mm, 2*8mm, 2*12mm, 3*15mm vb.<\/div>\n<\/td>\n<\/tr>\n<tr>\n<td colspan=\"1\" rowspan=\"1\">\n<div class=\"magic-19\">\u00c7al\u0131\u015fma frekans\u0131<\/div>\n<\/td>\n<td colspan=\"1\" rowspan=\"1\">\n<div class=\"magic-20\" data-spm-anchor-id=\"a2700.details.0.i46.2ffc6c8dJHsoYV\">134.2KHz, 125KHz, 13.56MHz<\/div>\n<\/td>\n<\/tr>\n<tr>\n<td colspan=\"1\" rowspan=\"1\">\n<div class=\"magic-19\">Protokol<\/div>\n<\/td>\n<td colspan=\"1\" rowspan=\"1\">\n<div class=\"magic-20\">ISO11784\/785, IS014443A<\/div>\n<\/td>\n<\/tr>\n<tr>\n<td colspan=\"1\" rowspan=\"1\">\n<div class=\"magic-19\">Sanat zanaat\u0131<\/div>\n<\/td>\n<td colspan=\"1\" rowspan=\"1\">\n<div class=\"magic-20\">Kimlik numaras\u0131 programlama<\/div>\n<\/td>\n<\/tr>\n<tr>\n<td colspan=\"1\" rowspan=\"1\">\n<div class=\"magic-19\">Sterilizasyon<\/div>\n<\/td>\n<td colspan=\"1\" rowspan=\"1\">\n<div class=\"magic-20\">100% T\u0131bbi s\u0131n\u0131f sterilizasyon<\/div>\n<\/td>\n<\/tr>\n<tr>\n<td colspan=\"1\" rowspan=\"1\">\n<div class=\"magic-19\">\u00c7ip \u00d6zelli\u011fi<\/div>\n<\/td>\n<td colspan=\"1\" rowspan=\"1\">\n<div class=\"magic-20\">Anti-bakteriyel,Anti-alerji,Anti-reddetme<\/div>\n<\/td>\n<\/tr>\n<tr>\n<td colspan=\"1\" rowspan=\"1\">\n<div class=\"magic-19\">Ba\u015fvuru<\/div>\n<\/td>\n<td colspan=\"1\" rowspan=\"1\">\n<div class=\"magic-20\" data-spm-anchor-id=\"a2700.details.0.i45.2ffc6c8dJHsoYV\">Hayvan evcil hayvan y\u00f6netimi vb.<\/div>\n<\/td>\n<\/tr>\n<\/tbody>\n<\/table>\n<p><span class=\"AnswerParser_TextContainer__z_Iiv\" data-testid=\"youchat-text\">Bu \u00f6zellikler, etiketin \u00e7ok y\u00f6nl\u00fcl\u00fc\u011f\u00fcn\u00fc ve g\u00fcvenilirli\u011fini vurgulayarak, onu \u00e7e\u015fitli hayvan tan\u0131mlama ihtiya\u00e7lar\u0131 i\u00e7in uygun hale getiriyor.<\/span><\/p>\n<h4 class=\"AnswerParser_AnswerParserH4__ghxg8\">3. Kullan\u0131m Talimatlar\u0131<\/h4>\n<p><span class=\"AnswerParser_TextContainer__z_Iiv\" data-testid=\"youchat-text\">FDX-B RFID cam etiketi, \u00f6zel bir \u015f\u0131r\u0131nga kullan\u0131larak kolay implantasyon i\u00e7in tasarlanm\u0131\u015ft\u0131r. \u0130\u015flem basittir:<\/span><\/p>\n<ol class=\"AnswerParser_AnswerParserOrderedList__kl_2Y\">\n<li class=\"AnswerParser_ListItem__XqLOV\" translate=\"yes\"><strong>\u015e\u0131r\u0131ngay\u0131 haz\u0131rlay\u0131n<\/strong>\u00a0RFID cam etiketi ile.<\/li>\n<li class=\"AnswerParser_ListItem__XqLOV\" translate=\"yes\"><strong>\u0130mplantasyon yerini bulun<\/strong>\u00a0hayvan\u0131n \u00fczerinde, genellikle k\u00fcrek kemikleri aras\u0131nda.<\/li>\n<li class=\"AnswerParser_ListItem__XqLOV\" translate=\"yes\"><strong>Etiketi enjekte et<\/strong>\u00a0\u015f\u0131r\u0131ngay\u0131 kullanarak, derinin alt\u0131na yerle\u015ftirildi\u011finden emin olun.<\/li>\n<\/ol>\n<p><span class=\"AnswerParser_TextContainer__z_Iiv\" data-testid=\"youchat-text\">Bu basit prosed\u00fcr, hayvanlar\u0131n h\u0131zl\u0131 ve etkili bir \u015fekilde etiketlenmesini sa\u011flayarak hem hayvan\u0131n hem de bak\u0131c\u0131n\u0131n stresini en aza indiriyor.<\/span><\/p>\n<h4 class=\"AnswerParser_AnswerParserH4__ghxg8\">4. \u00c7evresel Etki<\/h4>\n<p><span class=\"AnswerParser_TextContainer__z_Iiv\" data-testid=\"youchat-text\">FDX-B RFID cam etiketi s\u00fcrd\u00fcr\u00fclebilirlik d\u00fc\u015f\u00fcn\u00fclerek tasarlanm\u0131\u015ft\u0131r. Biyocam malzeme \u00e7evre dostudur ve ekosisteme zarar vermeden g\u00fcvenli bir \u015fekilde at\u0131labilir. Ayr\u0131ca, \u00fcretim s\u00fcreci kat\u0131 \u00e7evre standartlar\u0131na uyarak minimum at\u0131k ve enerji t\u00fcketimi sa\u011flar.<\/span><\/p>\n<h4 class=\"AnswerParser_AnswerParserH4__ghxg8\">5. M\u00fc\u015fteri Yorumlar\u0131<\/h4>\n<p><span class=\"AnswerParser_TextContainer__z_Iiv\" data-testid=\"youchat-text\">M\u00fc\u015fteriler, FDX-B RFID cam etiketini g\u00fcvenilirli\u011fi ve kullan\u0131m kolayl\u0131\u011f\u0131 nedeniyle \u00f6vd\u00fcler. Bir\u00e7ok veteriner, etiketlerin hayvanlar\u0131 izleme ve y\u00f6netme yeteneklerini \u00f6nemli \u00f6l\u00e7\u00fcde geli\u015ftirdi\u011fini ve daha iyi sa\u011fl\u0131k sonu\u00e7lar\u0131na yol a\u00e7t\u0131\u011f\u0131n\u0131 bildiriyor. Evcil hayvan sahipleri, evcil hayvanlar\u0131n\u0131n kaybolmas\u0131 durumunda kolayca tan\u0131mlanabilece\u011fini bilmenin getirdi\u011fi g\u00f6n\u00fcl rahatl\u0131\u011f\u0131n\u0131 takdir ediyor.<\/span><\/p>\n<h4 class=\"AnswerParser_AnswerParserH4__ghxg8\">6. SSS<\/h4>\n<p><span class=\"AnswerParser_TextContainer__z_Iiv\" data-testid=\"youchat-text\"><strong>S: RFID etiketi tak\u0131ld\u0131ktan sonra ne kadar s\u00fcre dayan\u0131r?<\/strong><br \/>\nC: FDX-B RFID cam etiketi, hayvan\u0131n \u00f6mr\u00fc boyunca dayanacak \u015fekilde tasarlanm\u0131\u015ft\u0131r ve kal\u0131c\u0131 bir kimlik sa\u011flar.<\/span><span class=\"AnswerParser_TextContainer__z_Iiv\" data-testid=\"youchat-text\"><strong>S: \u0130mplantasyon i\u015flemi hayvan i\u00e7in a\u011fr\u0131l\u0131 m\u0131d\u0131r?<\/strong><br \/>\nC: Yerle\u015ftirme i\u015flemi h\u0131zl\u0131 ve minimal invazivdir, a\u015f\u0131lama i\u015flemine benzer \u015fekilde sadece hafif bir rahats\u0131zl\u0131\u011fa neden olur.<\/span><span class=\"AnswerParser_TextContainer__z_Iiv\" data-testid=\"youchat-text\"><strong>S: Etiket uzaktan okunabilir mi?<\/strong><br \/>\nC: Evet, kullan\u0131lan okuyucuya ba\u011fl\u0131 olarak etiket birka\u00e7 santimetrelik mesafeden okunabilir.<\/span><\/p>\n<h4 class=\"AnswerParser_AnswerParserH4__ghxg8\">7. \u0130lgili \u00dcr\u00fcnler<\/h4>\n<p><span class=\"AnswerParser_TextContainer__z_Iiv\" data-testid=\"youchat-text\">FDX-B RFID cam etiketine ek olarak, RFID okuyucular\u0131 ve hayvan y\u00f6netimi i\u00e7in yaz\u0131l\u0131m \u00e7\u00f6z\u00fcmleri de dahil olmak \u00fczere bir dizi ilgili \u00fcr\u00fcn sunuyoruz. Bu \u00fcr\u00fcnler izleme yeteneklerinizi geli\u015ftirebilir ve operasyonlar\u0131n\u0131z\u0131 kolayla\u015ft\u0131rabilir.<\/span><\/p>\n<h4 class=\"AnswerParser_AnswerParserH4__ghxg8\">8. Kalite G\u00fcvencesi<\/h4>\n<p><span class=\"AnswerParser_TextContainer__z_Iiv\" data-testid=\"youchat-text\">FDX-B RFID cam etiketi, tutarl\u0131 kalite ve performans\u0131 garanti eden s\u0131k\u0131 kalite kontrol \u00f6nlemleri alt\u0131nda \u00fcretilir. ISO 9001, ISO 14001 ve ISO 45001 dahil olmak \u00fczere \u00e7e\u015fitli uluslararas\u0131 standartlar taraf\u0131ndan akredite edilmi\u015ftir ve g\u00fcvenilirli\u011fi ve emniyeti konusunda g\u00fcvence sa\u011flar.<\/span><\/p>\n<h4 class=\"AnswerParser_AnswerParserH4__ghxg8\">9. Sonu\u00e7<\/h4>\n<p><span class=\"AnswerParser_TextContainer__z_Iiv\" data-testid=\"youchat-text\">Yat\u0131r\u0131m yapmak\u00a0<strong>FDX-B 134.2kHz RFID Hayvan Kimlik Cam Etiketi \u015e\u0131r\u0131nga Transponder<\/strong>\u00a0hayvan bak\u0131m\u0131yla ilgilenen herkes i\u00e7in ak\u0131ll\u0131ca bir se\u00e7imdir. Geli\u015fmi\u015f \u00f6zellikleri, kullan\u0131m kolayl\u0131\u011f\u0131 ve g\u00fcvenli\u011fe olan ba\u011fl\u0131l\u0131\u011f\u0131 onu etkili hayvan y\u00f6netimi i\u00e7in paha bi\u00e7ilmez bir ara\u00e7 haline getirir. \u0130ster veteriner, ister yeti\u015ftirici veya evcil hayvan sahibi olun, bu RFID cam etiketi hayvanlar\u0131 etkili bir \u015fekilde takip etme ve tan\u0131mlama yetene\u011finizi art\u0131racakt\u0131r.<\/span><\/p>\n<h4 class=\"AnswerParser_AnswerParserH4__ghxg8\">10. Harekete Ge\u00e7me \u00c7a\u011fr\u0131s\u0131<\/h4>\n<p><span class=\"AnswerParser_TextContainer__z_Iiv\" data-testid=\"youchat-text\">Hayvan y\u00f6netimi uygulamalar\u0131n\u0131z\u0131 geli\u015ftirmeye haz\u0131r m\u0131s\u0131n\u0131z?\u00a0<strong>Bug\u00fcn bizimle ileti\u015fime ge\u00e7in<\/strong>\u00a0FDX-B RFID cam etiketi hakk\u0131nda daha fazla bilgi edinmek ve RFID \u00e7\u00f6z\u00fcmlerimizin yelpazesini ke\u015ffetmek i\u00e7in. \u00dccretsiz bir numune i\u00e7in veya uzmanlar\u0131m\u0131zla \u00f6zel ihtiya\u00e7lar\u0131n\u0131z\u0131 g\u00f6r\u00fc\u015fmek i\u00e7in sorgulama formumuzu doldurun!<\/span><\/p>","protected":false},"excerpt":{"rendered":"<p>FDX-B 134.2kHz RFID Hayvan Kimlik Cam Etiketi \u015e\u0131r\u0131nga Transponder, hayvan tan\u0131mlama ve y\u00f6netimi i\u00e7in son teknoloji bir \u00e7\u00f6z\u00fcmd\u00fcr.<\/p>","protected":false},"featured_media":2793,"template":"","meta":{"_kad_post_transparent":"default","_kad_post_title":"","_kad_post_layout":"default","_kad_post_sidebar_id":"","_kad_post_content_style":"default","_kad_post_vertical_padding":"default","_kad_post_feature":"","_kad_post_feature_position":"","_kad_post_header":false,"_kad_post_footer":false,"_kad_post_classname":""},"product_brand":[],"product_cat":[54],"product_tag":[327,330,329,328],"class_list":{"0":"post-2792","1":"product","2":"type-product","3":"status-publish","4":"has-post-thumbnail","6":"product_cat-hot-selling-rfid-tags","7":"product_tag-fdx-b-134-2khz-rfid-animal-tag","8":"product_tag-rfid-animal-id-glass-tag-syringe","9":"product_tag-rfid-glass-tag-syringe-animal-microchip","10":"product_tag-rfid-pet-microchip-implant-capsule","12":"first","13":"instock","14":"shipping-taxable","15":"product-type-simple","16":"entry","17":"content-bg","18":"loop-entry"},"_links":{"self":[{"href":"https:\/\/rfid-laundry-tag.com\/tr\/wp-json\/wp\/v2\/product\/2792","targetHints":{"allow":["GET"]}}],"collection":[{"href":"https:\/\/rfid-laundry-tag.com\/tr\/wp-json\/wp\/v2\/product"}],"about":[{"href":"https:\/\/rfid-laundry-tag.com\/tr\/wp-json\/wp\/v2\/types\/product"}],"version-history":[{"count":2,"href":"https:\/\/rfid-laundry-tag.com\/tr\/wp-json\/wp\/v2\/product\/2792\/revisions"}],"predecessor-version":[{"id":2797,"href":"https:\/\/rfid-laundry-tag.com\/tr\/wp-json\/wp\/v2\/product\/2792\/revisions\/2797"}],"wp:featuredmedia":[{"embeddable":true,"href":"https:\/\/rfid-laundry-tag.com\/tr\/wp-json\/wp\/v2\/media\/2793"}],"wp:attachment":[{"href":"https:\/\/rfid-laundry-tag.com\/tr\/wp-json\/wp\/v2\/media?parent=2792"}],"wp:term":[{"taxonomy":"product_brand","embeddable":true,"href":"https:\/\/rfid-laundry-tag.com\/tr\/wp-json\/wp\/v2\/product_brand?post=2792"},{"taxonomy":"product_cat","embeddable":true,"href":"https:\/\/rfid-laundry-tag.com\/tr\/wp-json\/wp\/v2\/product_cat?post=2792"},{"taxonomy":"product_tag","embeddable":true,"href":"https:\/\/rfid-laundry-tag.com\/tr\/wp-json\/wp\/v2\/product_tag?post=2792"}],"curies":[{"name":"wp","href":"https:\/\/api.w.org\/{rel}","templated":true}]}}