{"id":2790,"date":"2024-10-29T10:34:39","date_gmt":"2024-10-29T10:34:39","guid":{"rendered":"https:\/\/rfid-laundry-tag.com\/?post_type=product&#038;p=2790"},"modified":"2024-10-29T10:49:45","modified_gmt":"2024-10-29T10:49:45","slug":"rfid-pet-microchip-implant-capsule","status":"publish","type":"product","link":"https:\/\/rfid-laundry-tag.com\/tr\/rfid-pet-microchip-implant-capsule\/","title":{"rendered":"RFID Pet Mikro\u00e7ip \u0130mplant Kaps\u00fcl\u00fc"},"content":{"rendered":"<p><span class=\"AnswerParser_TextContainer__z_Iiv\" data-testid=\"youchat-text\"><strong>RFID Pet Mikro\u00e7ip \u0130mplant Kaps\u00fcl\u00fc<\/strong>\u00a0evcil hayvanlar\u0131n\u0131 takip etmek isteyen evcil hayvan sahipleri i\u00e7in g\u00fcvenilir ve etkili bir \u00e7\u00f6z\u00fcm sunar. Bu yenilik\u00e7i \u00fcr\u00fcn, hem g\u00fcvenli hem de etkili olan kal\u0131c\u0131 bir tan\u0131mlama y\u00f6ntemi sa\u011flamak \u00fczere tasarlanm\u0131\u015ft\u0131r. Geli\u015fmi\u015f teknolojisi ve t\u0131bbi s\u0131n\u0131f malzemeleriyle bu mikro\u00e7ip, sorumlu evcil hayvan sahipli\u011fi i\u00e7in olmazsa olmazd\u0131r.<\/span><\/p>\n<h2 class=\"AnswerParser_AnswerParserH2__SIHnF\">Neden RFID Pet Mikro\u00e7ip \u0130mplant Kaps\u00fcl\u00fcn\u00fc Se\u00e7melisiniz?<\/h2>\n<p><span class=\"AnswerParser_TextContainer__z_Iiv\" data-testid=\"youchat-text\">RFID Pet Mikro\u00e7ip \u0130mplant Kaps\u00fcl\u00fc sadece bir \u00fcr\u00fcn de\u011fil; evcil hayvan\u0131n\u0131z\u0131n g\u00fcvenli\u011fine olan ba\u011fl\u0131l\u0131\u011f\u0131n\u0131zd\u0131r. Bu mikro\u00e7ipi yerle\u015ftirerek, evcil hayvan\u0131n\u0131z\u0131n kaybolmas\u0131 durumunda kolayca tan\u0131mlanabilmesini sa\u011flars\u0131n\u0131z. Mikro\u00e7ip k\u00fc\u00e7\u00fck, dayan\u0131kl\u0131d\u0131r ve\u00a0<strong>biyocam<\/strong>, implantasyon i\u00e7in g\u00fcvenli hale getirir. \u00c7e\u015fitli boyutlar\u0131 mevcuttur, bunlara \u015funlar dahildir:\u00a0<strong>1,25*7 mm<\/strong>,\u00a0<strong>2*12mm<\/strong>ve daha fazlas\u0131, k\u00fc\u00e7\u00fck bal\u0131klardan b\u00fcy\u00fck k\u00f6peklere kadar her boyuttaki evcil hayvan i\u00e7in kullan\u0131labilir.<\/span><\/p>\n<h3 class=\"AnswerParser_AnswerParserH3__Mpe4s\">Temel Faydalar:<\/h3>\n<ul class=\"AnswerParser_AnswerParserUnorderedList__P_1FW\">\n<li class=\"AnswerParser_ListItem__XqLOV\" translate=\"yes\"><strong>Kal\u0131c\u0131 Kimlik<\/strong>: Tasma veya etiketlerin aksine mikro\u00e7ip kaybolmaz veya \u00e7\u0131kar\u0131lamaz.<\/li>\n<li class=\"AnswerParser_ListItem__XqLOV\" translate=\"yes\"><strong>T\u0131bbi S\u0131n\u0131f Sterilizasyon<\/strong>: Her kaps\u00fcl \u015fu i\u015flemlerden ge\u00e7er:\u00a0<strong>100% t\u0131bbi s\u0131n\u0131f sterilizasyon<\/strong>, implantasyon s\u0131ras\u0131nda g\u00fcvenli\u011fin sa\u011flanmas\u0131.<\/li>\n<li class=\"AnswerParser_ListItem__XqLOV\" translate=\"yes\"><strong>Anti-Bakteriyel ve Anti-Alerjik \u00d6zellikler<\/strong>:\u00c7ip, enfeksiyon ve alerjik reaksiyon riskini en aza indirecek \u015fekilde tasarlanm\u0131\u015ft\u0131r.<\/li>\n<\/ul>\n<h2 class=\"AnswerParser_AnswerParserH2__SIHnF\">\u00dcr\u00fcn \u00d6zellikleri<\/h2>\n<h3 class=\"AnswerParser_AnswerParserH3__Mpe4s\">1. \u0130leri Teknoloji<\/h3>\n<p><span class=\"AnswerParser_TextContainer__z_Iiv\" data-testid=\"youchat-text\">RFID Pet Mikro\u00e7ip \u0130mplant Kaps\u00fcl\u00fc, \u015fu frekansta \u00e7al\u0131\u015f\u0131r:\u00a0<strong>134.2KHz<\/strong>, uyumlu\u00a0<strong>ISO11784\/785<\/strong>\u00a0Ve\u00a0<strong>ISO14443A<\/strong>\u00a0protokoller. Bu, \u00e7e\u015fitli RFID okuyucularla uyumlulu\u011fu garanti alt\u0131na alarak evcil hayvan\u0131n\u0131z\u0131n bilgilerini taraman\u0131z\u0131 ve alman\u0131z\u0131 kolayla\u015ft\u0131r\u0131r.<\/span><\/p>\n<h3 class=\"AnswerParser_AnswerParserH3__Mpe4s\">2. Dayan\u0131kl\u0131 ve G\u00fcvenli Malzeme<\/h3>\n<p><span class=\"AnswerParser_TextContainer__z_Iiv\" data-testid=\"youchat-text\">\u0130n\u015fa edildi\u00a0<strong>biyocam<\/strong>, mikro\u00e7ip bir hayvan\u0131n ya\u015fam tarz\u0131n\u0131n zorluklar\u0131na dayanacak \u015fekilde tasarlanm\u0131\u015ft\u0131r.\u00a0<strong>parilen kaplama<\/strong>\u00a0Yerle\u015ftirildikten sonra g\u00f6\u00e7 etmesini \u00f6nleyerek \u00e7ipin g\u00fcvenli bir \u015fekilde yerinde kalmas\u0131n\u0131 sa\u011flar.<\/span><\/p>\n<h3 class=\"AnswerParser_AnswerParserH3__Mpe4s\">3. Boyut Se\u00e7enekleri<\/h3>\n<p><span class=\"AnswerParser_TextContainer__z_Iiv\" data-testid=\"youchat-text\">\u00c7e\u015fitli boyutlarda mevcut olan RFID Pet Mikro\u00e7ip \u0130mplant Kaps\u00fcl\u00fc farkl\u0131 hayvanlara y\u00f6neliktir:<\/span><\/p>\n<ul class=\"AnswerParser_AnswerParserUnorderedList__P_1FW\">\n<li class=\"AnswerParser_ListItem__XqLOV\" translate=\"yes\"><strong>1,25*7 mm<\/strong>: Bal\u0131k ve fare gibi k\u00fc\u00e7\u00fck evcil hayvanlar i\u00e7in idealdir.<\/li>\n<li class=\"AnswerParser_ListItem__XqLOV\" translate=\"yes\"><strong>2*12mm<\/strong>:Genellikle k\u00f6pekler, kediler ve daha b\u00fcy\u00fck hayvanlar i\u00e7in kullan\u0131l\u0131r.<\/li>\n<\/ul>\n<h3 class=\"AnswerParser_AnswerParserH3__Mpe4s\">4. Kolay \u0130mplantasyon<\/h3>\n<p><span class=\"AnswerParser_TextContainer__z_Iiv\" data-testid=\"youchat-text\">Mikro\u00e7ip, bir \u015f\u0131r\u0131nga kullan\u0131larak kolayca yerle\u015ftirilebilir ve bu sayede evcil hayvan\u0131n\u0131z i\u00e7in i\u015flem h\u0131zl\u0131 ve ac\u0131s\u0131z hale gelir.\u00a0<strong>enjekt\u00f6r<\/strong>\u00a0hassasiyet i\u00e7in tasarlanm\u0131\u015ft\u0131r ve \u00e7ipin do\u011fru \u015fekilde yerle\u015ftirilmesini sa\u011flar.<\/span><\/p>\n<h3 class=\"AnswerParser_AnswerParserH3__Mpe4s\">5. Programlanabilir Kimlik Numaras\u0131<\/h3>\n<p><span class=\"AnswerParser_TextContainer__z_Iiv\" data-testid=\"youchat-text\">Her mikro\u00e7ip, evcil hayvan\u0131n\u0131z\u0131n t\u0131bbi ge\u00e7mi\u015fi ve sahip bilgileri dahil olmak \u00fczere bilgilerine ba\u011flanacak \u015fekilde programlanabilen benzersiz bir kimlik numaras\u0131yla birlikte gelir. Bu \u00f6zellik, evcil hayvan\u0131n\u0131z kaybolursa ba\u015far\u0131l\u0131 bir yeniden birle\u015fme \u015fans\u0131n\u0131 art\u0131r\u0131r.<\/span><\/p>\n<h2 class=\"AnswerParser_AnswerParserH2__SIHnF\">\u00c7evresel Etki<\/h2>\n<p><span class=\"AnswerParser_TextContainer__z_Iiv\" data-testid=\"youchat-text\">RFID Pet Mikro\u00e7ip \u0130mplant Kaps\u00fcl\u00fc s\u00fcrd\u00fcr\u00fclebilirlik d\u00fc\u015f\u00fcn\u00fclerek tasarlanm\u0131\u015ft\u0131r. Kullan\u0131lan malzemeler \u00e7evre dostudur ve \u00fcretim s\u00fcreci s\u0131k\u0131 kurallara uymaktad\u0131r\u00a0<strong>ISO 9001<\/strong>\u00a0Ve\u00a0<strong>ISO 14001<\/strong>\u00a0standartlar. Kalite ve s\u00fcrd\u00fcr\u00fclebilirli\u011fe olan bu ba\u011fl\u0131l\u0131k, evcil hayvan\u0131n\u0131z ve gezegenimiz i\u00e7in sorumlu bir se\u00e7im yapt\u0131\u011f\u0131n\u0131zdan emin olman\u0131z\u0131 sa\u011flar.<\/span><\/p>\n<h2 class=\"AnswerParser_AnswerParserH2__SIHnF\">M\u00fc\u015fteri Yorumlar\u0131<\/h2>\n<p><span class=\"AnswerParser_TextContainer__z_Iiv\" data-testid=\"youchat-text\">Bir\u00e7ok evcil hayvan sahibi evcil hayvanlar\u0131na RFID Pet Mikro\u00e7ip Kaps\u00fcl\u00fcn\u00fc yerle\u015ftirdikten sonra g\u00f6n\u00fcl rahatl\u0131\u011f\u0131na kavu\u015ftu. \u0130\u015fte baz\u0131 referanslar:<\/span><\/p>\n<ul class=\"AnswerParser_AnswerParserUnorderedList__P_1FW\">\n<li class=\"AnswerParser_ListItem__XqLOV\" translate=\"yes\"><strong>Sarah T.<\/strong>: &quot;Kedimin kaybolmas\u0131ndan endi\u015fe ediyordum, ama \u015fimdi mikro\u00e7ipi oldu\u011funu bilmek beni \u00e7ok daha iyi hissettiriyor. Onun g\u00fcvenli\u011fi i\u00e7in \u00f6denecek k\u00fc\u00e7\u00fck bir bedel!&quot;<\/li>\n<li class=\"AnswerParser_ListItem__XqLOV\" translate=\"yes\"><strong>John D.<\/strong>: &quot;\u0130mplantasyon s\u00fcreci h\u0131zl\u0131 ve kolayd\u0131. Bu \u00fcr\u00fcn\u00fc t\u00fcm evcil hayvan sahiplerine \u015fiddetle tavsiye ediyorum.&quot;<\/li>\n<\/ul>\n<h2 class=\"AnswerParser_AnswerParserH2__SIHnF\">SSS<\/h2>\n<h3 class=\"AnswerParser_AnswerParserH3__Mpe4s\">RFID Pet Mikro\u00e7ipi nas\u0131l \u00e7al\u0131\u015f\u0131r?<\/h3>\n<p><span class=\"AnswerParser_TextContainer__z_Iiv\" data-testid=\"youchat-text\">Mikro\u00e7ip, evcil hayvan\u0131n\u0131z\u0131n benzersiz kimlik numaras\u0131n\u0131 bir taray\u0131c\u0131ya iletmek i\u00e7in radyo frekans\u0131 tan\u0131mlama teknolojisini kullan\u0131r. Bu bilgi daha sonra ileti\u015fim bilgilerinizle ili\u015fkilendirilebilir.<\/span><\/p>\n<h3 class=\"AnswerParser_AnswerParserH3__Mpe4s\">Evcil hayvan\u0131m i\u00e7in implantasyon s\u00fcreci a\u011fr\u0131l\u0131 m\u0131d\u0131r?<\/h3>\n<p><span class=\"AnswerParser_TextContainer__z_Iiv\" data-testid=\"youchat-text\">\u0130mplantasyon rutin bir a\u015f\u0131lamaya benzer ve genellikle h\u0131zl\u0131 ve a\u011fr\u0131s\u0131zd\u0131r. \u00c7o\u011fu evcil hayvan minimum rahats\u0131zl\u0131k hisseder.<\/span><\/p>\n<h3 class=\"AnswerParser_AnswerParserH3__Mpe4s\">Mikro\u00e7ip \u00e7\u0131kar\u0131labilir mi?<\/h3>\n<p><span class=\"AnswerParser_TextContainer__z_Iiv\" data-testid=\"youchat-text\">Hay\u0131r, RFID Pet Mikro\u00e7ipi kal\u0131c\u0131 bir kimliklendirme bi\u00e7imi olarak tasarlanm\u0131\u015ft\u0131r. Bir kez yerle\u015ftirildikten sonra \u00e7\u0131kar\u0131lamaz.<\/span><\/p>\n<h3 class=\"AnswerParser_AnswerParserH3__Mpe4s\">Ya evcil hayvan\u0131m kaybolursa?<\/h3>\n<p><span class=\"AnswerParser_TextContainer__z_Iiv\" data-testid=\"youchat-text\">Evcil hayvan\u0131n\u0131z bulunursa ve taran\u0131rsa, size \u00f6zel kimlik numaras\u0131 ileti\u015fim bilgilerinize eri\u015fim sa\u011flayacak ve h\u0131zl\u0131 bir \u015fekilde yeniden bir araya gelmenizi sa\u011flayacakt\u0131r.<\/span><\/p>\n<h2 class=\"AnswerParser_AnswerParserH2__SIHnF\">\u00c7\u00f6z\u00fcm<\/h2>\n<p><span class=\"AnswerParser_TextContainer__z_Iiv\" data-testid=\"youchat-text\">Yat\u0131r\u0131m yapmak\u00a0<strong>RFID Pet Mikro\u00e7ip \u0130mplant Kaps\u00fcl\u00fc<\/strong>\u00a0evcil hayvan\u0131n\u0131z\u0131n g\u00fcvenli\u011fini ve refah\u0131n\u0131 sa\u011flamaya y\u00f6nelik proaktif bir ad\u0131md\u0131r. Geli\u015fmi\u015f teknolojisi, dayan\u0131kl\u0131 malzemeleri ve kullan\u0131m kolayl\u0131\u011f\u0131 ile bu mikro\u00e7ip, sorumlu evcil hayvan sahipli\u011fi i\u00e7in olmazsa olmaz bir ara\u00e7t\u0131r. \u00c7ok ge\u00e7 olana kadar beklemeyin\u2014bu g\u00fcvenilir tan\u0131mlama \u00e7\u00f6z\u00fcm\u00fcyle evcil hayvan\u0131n\u0131z\u0131n gelece\u011fini bug\u00fcn g\u00fcvence alt\u0131na al\u0131n.<\/span><span class=\"AnswerParser_TextContainer__z_Iiv\" data-testid=\"youchat-text\">Daha fazla bilgi veya sipari\u015f vermek i\u00e7in l\u00fctfen sorgulama formumuzu doldurun. Evcil hayvan\u0131n\u0131z en iyisini hak ediyor!<\/span><\/p>","protected":false},"excerpt":{"rendered":"<p>RFID Pet Mikro\u00e7ip \u0130mplant Kaps\u00fcl\u00fc, dayan\u0131kl\u0131 biyocam tasar\u0131m\u0131yla \u00e7e\u015fitli t\u00fcrler i\u00e7in g\u00fcvenlik ve do\u011frulu\u011fu garanti ederek g\u00fcvenilir, insanc\u0131l hayvan tan\u0131mlamas\u0131 sunar.<\/p>","protected":false},"featured_media":2787,"template":"","meta":{"_kad_post_transparent":"default","_kad_post_title":"","_kad_post_layout":"default","_kad_post_sidebar_id":"","_kad_post_content_style":"default","_kad_post_vertical_padding":"default","_kad_post_feature":"","_kad_post_feature_position":"","_kad_post_header":false,"_kad_post_footer":false,"_kad_post_classname":""},"product_brand":[],"product_cat":[54],"product_tag":[327,326,329,328],"class_list":{"0":"post-2790","1":"product","2":"type-product","3":"status-publish","4":"has-post-thumbnail","6":"product_cat-hot-selling-rfid-tags","7":"product_tag-fdx-b-134-2khz-rfid-animal-tag","8":"product_tag-rfid-animal-id-glass-tag","9":"product_tag-rfid-glass-tag-syringe-animal-microchip","10":"product_tag-rfid-pet-microchip-implant-capsule","12":"first","13":"instock","14":"shipping-taxable","15":"product-type-simple","16":"entry","17":"content-bg","18":"loop-entry"},"_links":{"self":[{"href":"https:\/\/rfid-laundry-tag.com\/tr\/wp-json\/wp\/v2\/product\/2790","targetHints":{"allow":["GET"]}}],"collection":[{"href":"https:\/\/rfid-laundry-tag.com\/tr\/wp-json\/wp\/v2\/product"}],"about":[{"href":"https:\/\/rfid-laundry-tag.com\/tr\/wp-json\/wp\/v2\/types\/product"}],"version-history":[{"count":1,"href":"https:\/\/rfid-laundry-tag.com\/tr\/wp-json\/wp\/v2\/product\/2790\/revisions"}],"predecessor-version":[{"id":2791,"href":"https:\/\/rfid-laundry-tag.com\/tr\/wp-json\/wp\/v2\/product\/2790\/revisions\/2791"}],"wp:featuredmedia":[{"embeddable":true,"href":"https:\/\/rfid-laundry-tag.com\/tr\/wp-json\/wp\/v2\/media\/2787"}],"wp:attachment":[{"href":"https:\/\/rfid-laundry-tag.com\/tr\/wp-json\/wp\/v2\/media?parent=2790"}],"wp:term":[{"taxonomy":"product_brand","embeddable":true,"href":"https:\/\/rfid-laundry-tag.com\/tr\/wp-json\/wp\/v2\/product_brand?post=2790"},{"taxonomy":"product_cat","embeddable":true,"href":"https:\/\/rfid-laundry-tag.com\/tr\/wp-json\/wp\/v2\/product_cat?post=2790"},{"taxonomy":"product_tag","embeddable":true,"href":"https:\/\/rfid-laundry-tag.com\/tr\/wp-json\/wp\/v2\/product_tag?post=2790"}],"curies":[{"name":"wp","href":"https:\/\/api.w.org\/{rel}","templated":true}]}}