{"id":279,"date":"2024-06-26T08:08:27","date_gmt":"2024-06-26T08:08:27","guid":{"rendered":"https:\/\/rfid-laundry-tag.com\/?post_type=product&#038;p=279"},"modified":"2024-06-26T09:06:58","modified_gmt":"2024-06-26T09:06:58","slug":"uhf-rfid-flexible-anti-metal-tag","status":"publish","type":"product","link":"https:\/\/rfid-laundry-tag.com\/tr\/uhf-rfid-flexible-anti-metal-tag\/","title":{"rendered":"UHF RFID Esnek Anti-metal Etiketi"},"content":{"rendered":"<table style=\"border-collapse: collapse; width: 370.82pt;\" border=\"0\" width=\"618\" cellspacing=\"0\" cellpadding=\"0\">\n<tbody>\n<tr style=\"height: 17.40pt;\">\n<td class=\"et2\" style=\"height: 17.40pt; width: 127.80pt;\" width=\"213\" height=\"29\">\u00d6\u011fe ad\u0131<\/td>\n<td class=\"et3\" style=\"width: 243.00pt;\" width=\"405\">UHF RFID Esnek Anti-metal Etiketi<\/td>\n<\/tr>\n<tr style=\"height: 41.00pt;\">\n<td class=\"et4\" style=\"height: 41.00pt; width: 127.80pt;\" width=\"213\" height=\"68\">Malzeme<\/td>\n<td class=\"et5\" style=\"width: 243.00pt;\" width=\"405\">Kaplamal\u0131 ka\u011f\u0131t+EFVA K\u00f6p\u00fck<\/td>\n<\/tr>\n<tr style=\"height: 25.00pt;\">\n<td class=\"et4\" style=\"height: 25.00pt; width: 127.80pt;\" width=\"213\" height=\"41\">Boyut<\/td>\n<td class=\"et5\" style=\"width: 243.00pt;\" width=\"405\">90*25*1.2 mm,60*25*1.2mm,70*30 vb.<\/td>\n<\/tr>\n<tr style=\"height: 17.40pt;\">\n<td class=\"et4\" style=\"height: 17.40pt; width: 127.80pt;\" width=\"213\" height=\"29\">\u00c7ip<\/td>\n<td class=\"et5\" style=\"width: 243.00pt;\" width=\"405\">Monza R6,U9 vb.<\/td>\n<\/tr>\n<tr style=\"height: 40.00pt;\">\n<td class=\"et4\" style=\"height: 40.00pt; width: 127.80pt;\" width=\"213\" height=\"66\">Protokol<\/td>\n<td class=\"et5\" style=\"width: 243.00pt;\" width=\"405\">ISO\/IEC18000-6C<\/td>\n<\/tr>\n<tr style=\"height: 17.40pt;\">\n<td class=\"et4\" style=\"height: 17.40pt; width: 127.80pt;\" width=\"213\" height=\"29\">S\u0131kl\u0131k<\/td>\n<td class=\"et5\" style=\"width: 243.00pt;\" width=\"405\">902-928MHz<\/td>\n<\/tr>\n<tr style=\"height: 63.00pt;\">\n<td class=\"et4\" style=\"height: 63.00pt; width: 127.80pt;\" width=\"213\" height=\"105\">Ki\u015fiselle\u015ftirme<\/td>\n<td class=\"et5\" style=\"width: 243.00pt;\" width=\"405\">Logo Bask\u0131, Kodlama<\/td>\n<\/tr>\n<tr style=\"height: 60.00pt;\">\n<td class=\"et6\" style=\"height: 60.00pt; width: 127.80pt;\" width=\"213\" height=\"100\">Ba\u015fvuru<\/td>\n<td class=\"et7\" style=\"width: 243.00pt;\" width=\"405\">depo raf\u0131, BT varl\u0131\u011f\u0131\/Metalik konteyner\/Ekipman ve cihaz takibi<\/td>\n<\/tr>\n<\/tbody>\n<\/table>\n<div><\/div>\n<div class=\"auto-hide-last-sibling-br paragraph_9dc5f paragraph-element\">\n<div class=\"auto-hide-last-sibling-br paragraph_9dc5f paragraph-element\">Metal \u00dczerine Yazd\u0131r\u0131labilir RFID Etiketi, onu \u00e7e\u015fitli uygulamalar i\u00e7in ideal bir se\u00e7im haline getiren \u00e7ok say\u0131da \u00f6nemli \u00f6zellik sunar:<\/div>\n<p><br class=\"container_21264 wrapper_661ac undefined\" \/><\/p>\n<ol class=\"auto-hide-last-sibling-br\">\n<li>\n<div class=\"auto-hide-last-sibling-br paragraph_9dc5f paragraph-element\">Metal Y\u00fczeylerde M\u00fckemmel RFID Performans\u0131: Etiket, metal varl\u0131klara tak\u0131ld\u0131\u011f\u0131nda optimum performans sa\u011flayacak \u015fekilde \u00f6zel olarak tasarlanm\u0131\u015ft\u0131r.<\/div>\n<\/li>\n<li>\n<div class=\"auto-hide-last-sibling-br paragraph_9dc5f paragraph-element\">Ultra K\u00fc\u00e7\u00fck ve Ultra \u0130nce: Sadece 1 mm kal\u0131nl\u0131\u011f\u0131nda olan RFID etiketi inan\u0131lmaz derecede kompakt olup, termal transfer bask\u0131 i\u00e7in idealdir.<\/div>\n<\/li>\n<li>\n<div class=\"auto-hide-last-sibling-br paragraph_9dc5f paragraph-element\">Esneklik: Etiket esnek olacak \u015fekilde tasarlanm\u0131\u015ft\u0131r, bu da e\u011fimli y\u00fczeylere herhangi bir sorun ya\u015famadan uyum sa\u011flayabilece\u011fi anlam\u0131na gelir.<\/div>\n<\/li>\n<li>\n<div class=\"auto-hide-last-sibling-br paragraph_9dc5f paragraph-element\">Uzun Okuma Menzili: Bir metal y\u00fczeye tak\u0131ld\u0131\u011f\u0131nda, etiket 8 metreye kadar etkileyici bir okuma menziline sahiptir ve m\u00fckemmel izlenebilirlik sunar.<\/div>\n<\/li>\n<li>\n<div class=\"auto-hide-last-sibling-br paragraph_9dc5f paragraph-element\">Frekans Deste\u011fi: Etiket hem FCC (Federal \u0130leti\u015fim Komisyonu) hem de ETSI (Avrupa Telekom\u00fcnikasyon Standartlar\u0131 Enstit\u00fcs\u00fc) frekanslar\u0131n\u0131 destekler ve bu sayede \u00e7e\u015fitli b\u00f6lgelerde kullan\u0131ma uygundur.<\/div>\n<\/li>\n<li>\n<div class=\"auto-hide-last-sibling-br paragraph_9dc5f paragraph-element\">\u00dcst\u00fcn Koruma: IP68 derecesiyle RFID etiketi toz ge\u00e7irmezdir ve suya dald\u0131r\u0131lmaya dayan\u0131kl\u0131d\u0131r, bu da onu zorlu ortamlar veya zorlu ko\u015fullara dayan\u0131kl\u0131l\u0131\u011f\u0131n gerekli oldu\u011fu uygulamalar i\u00e7in m\u00fckemmel bir se\u00e7im haline getirir.<\/div>\n<\/li>\n<\/ol>\n<div class=\"auto-hide-last-sibling-br paragraph_9dc5f paragraph-element\">Bu \u00f6zellikler bir araya gelerek Printable On Metal RFID Etiketini metal y\u00fczeylerdeki varl\u0131klar\u0131n takibi ve y\u00f6netimi i\u00e7in g\u00fc\u00e7l\u00fc ve \u00e7ok y\u00f6nl\u00fc bir ara\u00e7 haline getirir.<\/div>\n<\/div>","protected":false},"excerpt":{"rendered":"<p>UHF RFID Esnek Anti-Metal Etiketleri, zorlu ortamlarda ve metalik y\u00fczeylerde etkili bir \u015fekilde \u00e7al\u0131\u015fmak \u00fczere \u00f6zel olarak tasarlanm\u0131\u015ft\u0131r. Etiketler, 865MHz ila 867MHz UHF frekanslar\u0131nda \u00e7al\u0131\u015facak \u015fekilde tasarlanm\u0131\u015ft\u0131r ve suya, toza ve a\u015f\u0131r\u0131 s\u0131cakl\u0131klara dayan\u0131kl\u0131d\u0131r.<\/p>","protected":false},"featured_media":280,"template":"","meta":{"_kad_post_transparent":"default","_kad_post_title":"","_kad_post_layout":"default","_kad_post_sidebar_id":"","_kad_post_content_style":"default","_kad_post_vertical_padding":"default","_kad_post_feature":"","_kad_post_feature_position":"","_kad_post_header":false,"_kad_post_footer":false,"_kad_post_classname":""},"product_brand":[],"product_cat":[54],"product_tag":[106],"class_list":{"0":"post-279","1":"product","2":"type-product","3":"status-publish","4":"has-post-thumbnail","6":"product_cat-hot-selling-rfid-tags","7":"product_tag-uhf-rfid-flexible-anti-metal-tag","9":"first","10":"instock","11":"shipping-taxable","12":"product-type-simple","13":"entry","14":"content-bg","15":"loop-entry"},"_links":{"self":[{"href":"https:\/\/rfid-laundry-tag.com\/tr\/wp-json\/wp\/v2\/product\/279","targetHints":{"allow":["GET"]}}],"collection":[{"href":"https:\/\/rfid-laundry-tag.com\/tr\/wp-json\/wp\/v2\/product"}],"about":[{"href":"https:\/\/rfid-laundry-tag.com\/tr\/wp-json\/wp\/v2\/types\/product"}],"version-history":[{"count":0,"href":"https:\/\/rfid-laundry-tag.com\/tr\/wp-json\/wp\/v2\/product\/279\/revisions"}],"wp:featuredmedia":[{"embeddable":true,"href":"https:\/\/rfid-laundry-tag.com\/tr\/wp-json\/wp\/v2\/media\/280"}],"wp:attachment":[{"href":"https:\/\/rfid-laundry-tag.com\/tr\/wp-json\/wp\/v2\/media?parent=279"}],"wp:term":[{"taxonomy":"product_brand","embeddable":true,"href":"https:\/\/rfid-laundry-tag.com\/tr\/wp-json\/wp\/v2\/product_brand?post=279"},{"taxonomy":"product_cat","embeddable":true,"href":"https:\/\/rfid-laundry-tag.com\/tr\/wp-json\/wp\/v2\/product_cat?post=279"},{"taxonomy":"product_tag","embeddable":true,"href":"https:\/\/rfid-laundry-tag.com\/tr\/wp-json\/wp\/v2\/product_tag?post=279"}],"curies":[{"name":"wp","href":"https:\/\/api.w.org\/{rel}","templated":true}]}}