{"id":2775,"date":"2024-10-24T16:17:52","date_gmt":"2024-10-24T16:17:52","guid":{"rendered":"https:\/\/rfid-laundry-tag.com\/?post_type=product&#038;p=2775"},"modified":"2024-10-29T09:32:48","modified_gmt":"2024-10-29T09:32:48","slug":"waterproof-washable-uhf-textile-rfid-laundry-tag-with-hole","status":"publish","type":"product","link":"https:\/\/rfid-laundry-tag.com\/tr\/waterproof-washable-uhf-textile-rfid-laundry-tag-with-hole\/","title":{"rendered":"Su Ge\u00e7irmez Y\u0131kanabilir UHF Tekstil RFID \u00c7ama\u015f\u0131r Etiketi Delikli"},"content":{"rendered":"<h1><strong>Su Ge\u00e7irmez Y\u0131kanabilir UHF Tekstil RFID \u00c7ama\u015f\u0131r Etiketi Delikli<\/strong><\/h1>\n<p><strong>Su Ge\u00e7irmez Y\u0131kanabilir UHF Tekstil RFID \u00c7ama\u015f\u0131r Etiketi Delikli,<\/strong>\u00c7ama\u015f\u0131r \u00fcr\u00fcnlerinin takibini ve y\u00f6netimini iyile\u015ftirmek i\u00e7in tasarlanm\u0131\u015f devrim niteli\u011finde bir \u00fcr\u00fcn. Dayan\u0131kl\u0131l\u0131k ve kullan\u0131m kolayl\u0131\u011f\u0131 i\u00e7in tasarlanan bu RFID etiketi, end\u00fcstriyel \u00e7ama\u015f\u0131rhanelerden hastanelere ve otellere kadar \u00e7e\u015fitli ortamlarda operasyonel verimlili\u011fi korumak i\u00e7in \u00e7ok \u00f6nemlidir. Bu etiketleri \u00e7ama\u015f\u0131rhane operasyonlar\u0131n\u0131za dahil etmenin say\u0131s\u0131z faydas\u0131n\u0131 ke\u015ffetmek i\u00e7in okumaya devam edin.<\/p>\n<table class=\"all magic-7\">\n<tbody>\n<tr>\n<td colspan=\"1\" rowspan=\"1\">\n<div class=\"magic-8\" data-spm-anchor-id=\"a2700.details.0.i41.3a7a13dayRHcNe\">RFID Standard\u0131:<\/div>\n<\/td>\n<td colspan=\"1\" rowspan=\"1\">\n<div class=\"magic-9\">ISO\/IEC 18000-6 TipC (EPC Gen2)<\/div>\n<\/td>\n<\/tr>\n<tr>\n<td colspan=\"1\" rowspan=\"1\">\n<div class=\"magic-8\">Boyut ve A\u011f\u0131rl\u0131k:<\/div>\n<\/td>\n<td colspan=\"1\" rowspan=\"1\">\n<div class=\"magic-9\">70\u00d715 mm, 0,7 gr<\/div>\n<\/td>\n<\/tr>\n<tr>\n<td colspan=\"1\" rowspan=\"1\">\n<div class=\"magic-8\">\u00c7ip T\u00fcr\u00fc:<\/div>\n<\/td>\n<td colspan=\"1\" rowspan=\"1\">\n<div class=\"magic-9\">NXP Ucode 9<\/div>\n<\/td>\n<\/tr>\n<tr>\n<td colspan=\"1\" rowspan=\"1\">\n<div class=\"magic-8\">EPC Belle\u011fi:<\/div>\n<\/td>\n<td colspan=\"1\" rowspan=\"1\">\n<div class=\"magic-9\">128 bit<\/div>\n<\/td>\n<\/tr>\n<tr>\n<td colspan=\"1\" rowspan=\"1\">\n<div class=\"magic-8\">Kullan\u0131c\u0131 Belle\u011fi:<\/div>\n<\/td>\n<td colspan=\"1\" rowspan=\"1\">\n<div class=\"magic-9\">96bit<\/div>\n<\/td>\n<\/tr>\n<tr>\n<td colspan=\"1\" rowspan=\"1\">\n<div class=\"magic-8\">Okuma Aral\u0131\u011f\u0131(Sabit okuyucu):<\/div>\n<\/td>\n<td colspan=\"1\" rowspan=\"1\">\n<div class=\"magic-9\">10m<\/div>\n<\/td>\n<\/tr>\n<tr>\n<td colspan=\"1\" rowspan=\"1\">\n<div class=\"magic-8\">Okuma Aral\u0131\u011f\u0131(El tipi okuyucu):<\/div>\n<\/td>\n<td colspan=\"1\" rowspan=\"1\">\n<div class=\"magic-9\">8m<\/div>\n<\/td>\n<\/tr>\n<tr>\n<td colspan=\"1\" rowspan=\"1\">\n<div class=\"magic-8\">Etiketleme:<\/div>\n<\/td>\n<td colspan=\"1\" rowspan=\"1\">\n<div class=\"magic-9\">Diki\u015f, Is\u0131l i\u015flem<\/div>\n<\/td>\n<\/tr>\n<tr>\n<td colspan=\"1\" rowspan=\"1\">\n<div class=\"magic-8\">Tahmini \u00d6m\u00fcr:<\/div>\n<\/td>\n<td colspan=\"1\" rowspan=\"1\">\n<div class=\"magic-9\">200 y\u0131kama d\u00f6ng\u00fcs\u00fc veya 3 y\u0131l, hangisi \u00f6nce ger\u00e7ekle\u015firse<\/div>\n<\/td>\n<\/tr>\n<tr>\n<td colspan=\"1\" rowspan=\"1\">\n<div class=\"magic-8\">Y\u0131kama Y\u00f6ntemi:<\/div>\n<\/td>\n<td colspan=\"1\" rowspan=\"1\">\n<div class=\"magic-9\">\u00c7ama\u015f\u0131rhane, Kuru temizleme<\/div>\n<\/td>\n<\/tr>\n<tr>\n<td colspan=\"1\" rowspan=\"1\">\n<div class=\"magic-8\">Su \u00c7\u0131karma Bas\u0131nc\u0131:<\/div>\n<\/td>\n<td colspan=\"1\" rowspan=\"1\">\n<div class=\"magic-9\">60 bar<\/div>\n<\/td>\n<\/tr>\n<tr>\n<td colspan=\"1\" rowspan=\"1\">\n<div class=\"magic-8\">Suya Dayan\u0131kl\u0131l\u0131k:<\/div>\n<\/td>\n<td colspan=\"1\" rowspan=\"1\">\n<div class=\"magic-9\">Su ge\u00e7irmez<\/div>\n<\/td>\n<\/tr>\n<tr>\n<td colspan=\"1\" rowspan=\"1\">\n<div class=\"magic-8\">Kimyasal Diren\u00e7:<\/div>\n<\/td>\n<td colspan=\"1\" rowspan=\"1\">\n<div class=\"magic-9\">Deterjan, Yumu\u015fat\u0131c\u0131, \u00c7ama\u015f\u0131r Suyu (Oksijen\/ Klor), Alkali<\/div>\n<\/td>\n<\/tr>\n<tr>\n<td colspan=\"1\" rowspan=\"1\">\n<div class=\"magic-8\">Tumbler&#039;da \u00d6n Kurutma:<\/div>\n<\/td>\n<td colspan=\"1\" rowspan=\"1\">\n<div class=\"magic-9\">125 \u00baC&#039;de 15-20 dakika<\/div>\n<\/td>\n<\/tr>\n<tr>\n<td colspan=\"1\" rowspan=\"1\">\n<div class=\"magic-8\" data-spm-anchor-id=\"a2700.details.0.i43.3a7a13dayRHcNe\">Sterilizasyon S\u0131cakl\u0131\u011f\u0131:<\/div>\n<\/td>\n<td colspan=\"1\" rowspan=\"1\">\n<div class=\"magic-9\">135\u00b0C&#039;de 15-20 dakika<\/div>\n<\/td>\n<\/tr>\n<tr>\n<td colspan=\"1\" rowspan=\"1\">\n<div class=\"magic-8\">Y\u0131kama S\u0131cakl\u0131\u011f\u0131:<\/div>\n<\/td>\n<td colspan=\"1\" rowspan=\"1\">\n<div class=\"magic-9\">90\u00b0C ,15dk&#039;ya kadar.<\/div>\n<\/td>\n<\/tr>\n<tr>\n<td colspan=\"1\" rowspan=\"1\">\n<div class=\"magic-8\">Nem\/S\u0131cakl\u0131k-\u00c7al\u0131\u015fma:<\/div>\n<\/td>\n<td colspan=\"1\" rowspan=\"1\">\n<div class=\"magic-9\" data-spm-anchor-id=\"a2700.details.0.i42.3a7a13dayRHcNe\">-20 ila 110\u00b0C, 8 ila 95%RH<\/div>\n<\/td>\n<\/tr>\n<tr>\n<td colspan=\"1\" rowspan=\"1\">\n<div class=\"magic-8\">Nem\/S\u0131cakl\u0131k-Depolama:<\/div>\n<\/td>\n<td colspan=\"1\" rowspan=\"1\">\n<div class=\"magic-9\">-40 ila 110\u00b0C, 8 ila 95%RH<\/div>\n<\/td>\n<\/tr>\n<\/tbody>\n<\/table>\n<h3>Neden Su Ge\u00e7irmez Y\u0131kanabilir UHF Tekstil RFID \u00c7ama\u015f\u0131r Etiketlerini Se\u00e7melisiniz?<\/h3>\n<p>RFID \u00e7ama\u015f\u0131r etiketlerine yat\u0131r\u0131m yapmak, i\u015fletmelerin s\u00fcre\u00e7lerini kolayla\u015ft\u0131rmalar\u0131n\u0131 sa\u011flayarak \u00e7ok say\u0131da avantaj sunar. \u0130\u015fte dikkate al\u0131nmas\u0131 gereken birka\u00e7 ikna edici neden:\u00a0<strong>RFID \u00e7ama\u015f\u0131r etiketi<\/strong>\u00a0\u00c7ama\u015f\u0131rhane operasyonlar\u0131n\u0131z i\u00e7in:<\/p>\n<ul>\n<li><strong>Geli\u015fmi\u015f \u0130zleme ve Y\u00f6netim:<\/strong>\u00a0Kaybolan veya yanl\u0131\u015f yere konulan e\u015fyalara elveda deyin. UHF teknolojisi, her giysi veya ketenin do\u011fru bir \u015fekilde takip edilebilmesini sa\u011flayarak manuel hatalar\u0131 azalt\u0131r ve envanter y\u00f6netimini iyile\u015ftirir.<\/li>\n<li><strong>Dayan\u0131kl\u0131l\u0131k ve G\u00fcvenilirlik:<\/strong>\u00a0Zorlu \u00e7ama\u015f\u0131r y\u0131kama ko\u015fullar\u0131na dayanacak \u015fekilde \u00fcretilen bu RFID etiketleri, y\u00fcksek s\u0131cakl\u0131klara ve \u00e7oklu y\u0131kama d\u00f6ng\u00fclerine (200&#039;e kadar) dayanabilir ve bu da onlar\u0131 ticari ve end\u00fcstriyel \u00e7ama\u015f\u0131r y\u0131kama uygulamalar\u0131 i\u00e7in ideal bir \u00e7\u00f6z\u00fcm haline getirir.<\/li>\n<li><strong>Kullan\u0131mda \u00c7ok Y\u00f6nl\u00fcl\u00fck:<\/strong>\u00a0\u00c7e\u015fitli tekstillere dikilebilme veya \u0131s\u0131yla kapat\u0131labilme \u00f6zelli\u011fiyle, bunlar\u00a0<strong>y\u0131kanabilir RFID etiketleri<\/strong>\u00a0oteller, hastaneler ve s\u0131k\u0131 bir \u00e7ama\u015f\u0131r y\u00f6netimi gerektiren her t\u00fcrl\u00fc tesis i\u00e7in m\u00fckemmeldir.<\/li>\n<\/ul>\n<h3>Su Ge\u00e7irmez Y\u0131kanabilir UHF Tekstil RFID \u00c7ama\u015f\u0131r Etiketi&#039;nin Temel \u00d6zellikleri<\/h3>\n<h4>1. Geli\u015fmi\u015f RFID Teknolojisi<\/h4>\n<p>Bizim\u00a0<strong>RFID \u00e7ama\u015f\u0131r etiketleri<\/strong>\u00a0ISO\/IEC 18000-6 Tip C (EPC Gen2) ile uyumludur ve performans ve g\u00fcvenilirlik a\u00e7\u0131s\u0131ndan end\u00fcstri standartlar\u0131n\u0131 kar\u015f\u0131lad\u0131klar\u0131ndan emin olurlar. Son teknoloji UHF teknolojisinin entegrasyonu, h\u0131zl\u0131 veri iletimi ve verimli izleme s\u00fcre\u00e7lerine olanak tan\u0131r.<\/p>\n<h4>2. Boyut ve A\u011f\u0131rl\u0131k<\/h4>\n<p>Boyutlar\u0131 ile\u00a0<strong>70\u00d715 mm<\/strong>\u00a0ve sadece hafif bir tasar\u0131m\u00a0<strong>0,7 gr<\/strong>, bu etiketler herhangi bir giysiye hacim veya rahats\u0131zl\u0131k eklemeden kolayca entegre edilebilir. Kompakt boyutu, \u00e7e\u015fitli tekstillere sorunsuz bir \u015fekilde entegre olmas\u0131n\u0131 sa\u011flar, ister\u00a0<strong>\u00fcniformalar, \u00e7ar\u015faflar veya di\u011fer \u00e7ama\u015f\u0131r \u00fcr\u00fcnleri<\/strong>.<\/p>\n<h4>3. Y\u00fcksek Okuma Aral\u0131\u011f\u0131<\/h4>\n<p>The\u00a0<strong>okuma aral\u0131\u011f\u0131<\/strong>\u00a0etkili RFID sistemleri i\u00e7in kritik bir fakt\u00f6rd\u00fcr. Etiketlerimiz bir\u00a0<strong>Sabit okuyucularla 10 metreye kadar okuma mesafesi<\/strong>\u00a0Ve\u00a0<strong>El tipi okuyucularla 8 metre<\/strong>Bu geni\u015fletilmi\u015f \u00fcr\u00fcn yelpazesi, takip s\u00fcrecini optimize ederek yo\u011fun \u00e7ama\u015f\u0131rhane ortamlar\u0131nda verimli envanter kontrolleri ve i\u015f ak\u0131\u015f\u0131 y\u00f6netimine olanak tan\u0131r.<\/p>\n<h4>4. Zorlu Ko\u015fullarda Dayan\u0131kl\u0131<\/h4>\n<p>Dayan\u0131kl\u0131l\u0131k i\u00e7in tasarlanan bu\u00a0<strong>su ge\u00e7irmez RFID etiketleri<\/strong>\u00a0zorlu temizlik s\u00fcre\u00e7lerine dayanabilir, bunlar aras\u0131nda \u015funlar yer al\u0131r:<\/p>\n<ul>\n<li><strong>Y\u0131kama S\u0131cakl\u0131\u011f\u0131:<\/strong>\u00a0Kadar\u00a0<strong>90\u00b0C<\/strong>\u00a015 dakika boyunca iyice temizlendi\u011finden emin olun.<\/li>\n<li><strong>Sterilizasyon S\u0131cakl\u0131\u011f\u0131:<\/strong>\u00a0Sterilizasyon i\u015flemlerine dayan\u0131kl\u0131\u00a0<strong>135\u00b0C<\/strong>\u00a015-20 dakika kadar bekletilerek t\u0131bbi ortamlarda kullan\u0131lmaya uygundur.<\/li>\n<li><strong>Kimyasal Diren\u00e7:<\/strong>\u00a0Deterjan, yumu\u015fat\u0131c\u0131 ve a\u011fart\u0131c\u0131 gibi yayg\u0131n \u00e7ama\u015f\u0131r kimyasallar\u0131na kar\u015f\u0131 dayan\u0131kl\u0131d\u0131r, uzun \u00f6m\u00fcrl\u00fc ve tutarl\u0131 performans sa\u011flar.<\/li>\n<\/ul>\n<h4>5. \u00c7evresel Hususlar<\/h4>\n<p>Bu etiketler dayan\u0131kl\u0131 olacak \u015fekilde tasarlanm\u0131\u015ft\u0131r\u00a0<strong>y\u00fcksek su \u00e7\u0131karma bas\u0131n\u00e7lar\u0131<\/strong>\u00a0kadar\u00a0<strong>60 bar<\/strong>, en zorlu \u00e7ama\u015f\u0131r y\u0131kama ko\u015fullar\u0131nda bile i\u015flevsel kalmalar\u0131n\u0131 sa\u011flar. Kullan\u0131lan malzemeler \u00e7evre dostudur ve de\u011ferlerini daha da art\u0131r\u0131r.<\/p>\n<h4>6. \u00d6m\u00fcr ve Kullan\u0131m Talimatlar\u0131<\/h4>\n<p>Tahmini \u00f6mr\u00fc\u00a0<strong>200 y\u0131kama d\u00f6ng\u00fcs\u00fc veya 3 y\u0131l<\/strong>\u00a0(hangisi \u00f6nce gelirse), RFID \u00e7ama\u015f\u0131r etiketlerimiz uzun \u00f6m\u00fcrl\u00fc olacak \u015fekilde \u00fcretilmi\u015ftir. \u00c7ama\u015f\u0131rhaneden kuru temizleme ortamlar\u0131na sorunsuz bir \u015fekilde ge\u00e7i\u015f yapabilirler, bu da onlar\u0131 \u00e7e\u015fitli operasyonel ihtiya\u00e7lar i\u00e7in \u00e7ok y\u00f6nl\u00fc hale getirir.<\/p>\n<h3>\u0130lgili \u00dcr\u00fcnler<\/h3>\n<p>Tamamlamak i\u00e7in\u00a0<strong>su ge\u00e7irmez y\u0131kanabilir UHF tekstil RFID \u00e7ama\u015f\u0131r etiketleri<\/strong>, a\u015fa\u011f\u0131daki ilgili \u00fcr\u00fcnleri incelemeyi d\u00fc\u015f\u00fcn\u00fcn:<\/p>\n<ul>\n<li><strong>RFID Okuyucular:<\/strong>\u00a0Operasyonunuz i\u00e7erisinde RFID etiketlerini etkin bir \u015fekilde okumak ve izlemek i\u00e7in gerekli ara\u00e7lar.<\/li>\n<li><strong>Etiketleme Malzemeleri:<\/strong>\u00a0Farkl\u0131 tekstil \u00fcr\u00fcnlerine dikim, \u0131s\u0131yla yap\u0131\u015ft\u0131rma veya RFID etiketleri yap\u0131\u015ft\u0131rma se\u00e7enekleri.<\/li>\n<li><strong>Yaz\u0131l\u0131m \u00c7\u00f6z\u00fcmleri:<\/strong>\u00a0Envanter takibi ve \u00e7ama\u015f\u0131rhane y\u00f6netim sisteminizi geli\u015ftirmek i\u00e7in RFID y\u00f6netim yaz\u0131l\u0131m\u0131.<\/li>\n<\/ul>\n<h3>\u00c7evresel Etki ve End\u00fcstri Faydalar\u0131<\/h3>\n<ol>\n<li><strong>Azalt\u0131lm\u0131\u015f At\u0131k:<\/strong>\u00a0Bu etiketler, \u00e7ar\u015faf ve giysileri etkili bir \u015fekilde takip ederek kaybolan veya yanl\u0131\u015f yere yerle\u015ftirilen e\u015fyalardan kaynaklanan israf\u0131 azaltmaya yard\u0131mc\u0131 olur ve \u00e7ama\u015f\u0131rhane sekt\u00f6r\u00fcnde daha s\u00fcrd\u00fcr\u00fclebilir uygulamalara katk\u0131da bulunur.<\/li>\n<li><strong>Optimize Edilmi\u015f Kaynak Y\u00f6netimi:<\/strong>\u00a0Verimli takip, \u00e7ama\u015f\u0131r y\u0131kama operasyonlar\u0131n\u0131n optimize edilmesini sa\u011flayarak t\u00fcm \u00e7ar\u015faf ve giysilerin en \u00fcst d\u00fczeyde kalitede tutulmas\u0131n\u0131 sa\u011flar, sonu\u00e7 olarak kullan\u0131m \u00f6m\u00fcrlerini uzat\u0131r ve de\u011fi\u015ftirme maliyetlerini azalt\u0131r.<\/li>\n<li><strong>Geli\u015fmi\u015f M\u00fc\u015fteri Memnuniyeti:<\/strong>\u00a0Etkili envanter y\u00f6netimi, m\u00fc\u015fterilerin \u00e7ar\u015faflar\u0131n\u0131 zaman\u0131nda ve d\u00fczenli bir \u015fekilde almas\u0131n\u0131 sa\u011flayarak, konaklama ve sa\u011fl\u0131k gibi sekt\u00f6rlerde m\u00fc\u015fteri deneyimlerinin geli\u015fmesine olanak tan\u0131r.<\/li>\n<\/ol>\n<h3>M\u00fc\u015fteri Yorumlar\u0131 ve Deneyimleri<\/h3>\n<p>M\u00fc\u015fterilerimiz, su ge\u00e7irmez y\u0131kanabilir UHF tekstil RFID \u00e7ama\u015f\u0131r etiketlerimizi uygulad\u0131ktan sonra \u00e7ama\u015f\u0131rhane operasyonlar\u0131nda \u00f6nemli geli\u015fmeler bildirdiler. \u0130\u015fte birka\u00e7 referans:<\/p>\n<ul>\n<li><strong>&quot;Bu RFID \u00e7ama\u015f\u0131r etiketlerini kullanmaya ba\u015flad\u0131\u011f\u0131m\u0131zdan beri, yanl\u0131\u015f yerle\u015ftirilmi\u015f e\u015fyalar\u0131 aramak i\u00e7in harcanan zaman\u0131 \u00f6nemli \u00f6l\u00e7\u00fcde azaltt\u0131k. Verimlili\u011fimiz artt\u0131 ve personelimiz kaliteli hizmet sunmaya odaklanabiliyor.&quot;<\/strong>\u00a0Yerel bir otelin m\u00fcd\u00fcr\u00fc olan Linda \u015f\u00f6yle diyor:<\/li>\n<li><strong>&quot;Bu etiketlerin dayan\u0131kl\u0131l\u0131\u011f\u0131 etkileyiciydi. Zorlu y\u0131kama d\u00f6ng\u00fclerimize dayan\u0131yorlar ve yine de m\u00fckemmel bir \u015fekilde \u00e7al\u0131\u015f\u0131yorlar. Herhangi bir ticari \u00e7ama\u015f\u0131rhane hizmeti i\u00e7in bunlar\u0131 \u015fiddetle tavsiye ediyorum,&quot;<\/strong>\u00a0End\u00fcstriyel bir \u00e7ama\u015f\u0131rhane tesisinde operasyon m\u00fcd\u00fcr\u00fc olan Mark \u015f\u00f6yle diyor:<\/li>\n<\/ul>\n<h3>S\u0131k\u00e7a Sorulan Sorular (SSS)<\/h3>\n<h4>1. Bu RFID etiketlerinin \u00e7al\u0131\u015fma s\u0131cakl\u0131\u011f\u0131 aral\u0131\u011f\u0131 nedir?<\/h4>\n<p>RFID etiketleri, s\u0131cakl\u0131k aral\u0131\u011f\u0131nda \u00e7al\u0131\u015fabilir.\u00a0<strong>-20 ila 110\u00b0C<\/strong>\u00a0ve tahamm\u00fcl etmek\u00a0<strong>8 ila 95% ba\u011f\u0131l nem<\/strong>\u00c7e\u015fitli ortamlarda i\u015flev g\u00f6rebilmelerini sa\u011flamak.<\/p>\n<h4>2. RFID \u00e7ama\u015f\u0131r etiketlerini giysilere nas\u0131l takmal\u0131y\u0131m?<\/h4>\n<p>Etiketler \u015fu \u015fekilde eklenebilir:\u00a0<strong>diki\u015f veya \u0131s\u0131yla kapatma<\/strong>operasyonel ihtiya\u00e7lar\u0131n\u0131za ve giysi t\u00fcrlerinize g\u00f6re esneklik sa\u011flar.<\/p>\n<h4>3. Bu etiketler kuru temizlemede kullan\u0131labilir mi?<\/h4>\n<p>Evet, bu RFID etiketleri hem kullan\u0131m hem de kullan\u0131m i\u00e7in yeterince \u00e7ok y\u00f6nl\u00fcd\u00fcr.\u00a0<strong>\u00e7ama\u015f\u0131r y\u0131kama ve kuru temizleme ayarlar\u0131<\/strong>.<\/p>\n<h4>4. RFID \u00e7ama\u015f\u0131r etiketlerimin kullan\u0131m \u00f6mr\u00fcn\u00fc nas\u0131l en \u00fcst d\u00fczeye \u00e7\u0131karabilirim?<\/h4>\n<p>Uzun \u00f6m\u00fcrl\u00fc olmas\u0131 i\u00e7in y\u0131kama ve kurutma talimatlar\u0131na uyun ve standart deterjan ve yumu\u015fat\u0131c\u0131lar d\u0131\u015f\u0131ndaki a\u015f\u0131r\u0131 kimyasallara maruz b\u0131rakmaktan ka\u00e7\u0131n\u0131n.<\/p>\n<h3>Sonu\u00e7: \u00c7ama\u015f\u0131rhane Y\u00f6netiminizi RFID Teknolojisiyle D\u00f6n\u00fc\u015ft\u00fcr\u00fcn<\/h3>\n<p>The\u00a0<strong>Su Ge\u00e7irmez Y\u0131kanabilir UHF Tekstil RFID \u00c7ama\u015f\u0131r Etiketi Delikli<\/strong>\u00a0sadece bir \u00e7ama\u015f\u0131r aksesuar\u0131ndan daha fazlas\u0131d\u0131r; modern \u00e7ama\u015f\u0131rlar i\u00e7in olmazsa olmaz bir ara\u00e7t\u0131r\u00a0<strong>\u00c7ama\u015f\u0131rhane y\u00f6netimi<\/strong>Dayan\u0131kl\u0131, g\u00fcvenilir ve kullan\u0131m\u0131 kolay etiketlere yat\u0131r\u0131m yaparak operasyonlar\u0131 kolayla\u015ft\u0131rabilir, kay\u0131plar\u0131 azaltabilir ve \u00e7ama\u015f\u0131rhane hizmetlerinizin genel verimlili\u011fini art\u0131rabilirsiniz.<\/p>","protected":false},"excerpt":{"rendered":"<p>End\u00fcstriyel \u00e7ama\u015f\u0131rhane uygulamalar\u0131nda dayan\u0131kl\u0131l\u0131k ve etkili takip i\u00e7in tasarlanm\u0131\u015f, delikli, su ge\u00e7irmez y\u0131kanabilir UHF tekstil RFID \u00e7ama\u015f\u0131r etiketi.<\/p>","protected":false},"featured_media":2776,"template":"","meta":{"_kad_post_transparent":"default","_kad_post_title":"","_kad_post_layout":"default","_kad_post_sidebar_id":"","_kad_post_content_style":"default","_kad_post_vertical_padding":"default","_kad_post_feature":"","_kad_post_feature_position":"","_kad_post_header":false,"_kad_post_footer":false,"_kad_post_classname":""},"product_brand":[],"product_cat":[19],"product_tag":[324,65,30,325],"class_list":{"0":"post-2775","1":"product","2":"type-product","3":"status-publish","4":"has-post-thumbnail","6":"product_cat-textile-rfid-laundry-tag","7":"product_tag-rfid-laundry-tag","8":"product_tag-textile-rfid-laundry-tags","9":"product_tag-uhf-rfid-laundry-tag","10":"product_tag-washable-rfid-laundry-tag","12":"first","13":"instock","14":"featured","15":"shipping-taxable","16":"product-type-simple","17":"entry","18":"content-bg","19":"loop-entry"},"_links":{"self":[{"href":"https:\/\/rfid-laundry-tag.com\/tr\/wp-json\/wp\/v2\/product\/2775","targetHints":{"allow":["GET"]}}],"collection":[{"href":"https:\/\/rfid-laundry-tag.com\/tr\/wp-json\/wp\/v2\/product"}],"about":[{"href":"https:\/\/rfid-laundry-tag.com\/tr\/wp-json\/wp\/v2\/types\/product"}],"version-history":[{"count":3,"href":"https:\/\/rfid-laundry-tag.com\/tr\/wp-json\/wp\/v2\/product\/2775\/revisions"}],"predecessor-version":[{"id":2782,"href":"https:\/\/rfid-laundry-tag.com\/tr\/wp-json\/wp\/v2\/product\/2775\/revisions\/2782"}],"wp:featuredmedia":[{"embeddable":true,"href":"https:\/\/rfid-laundry-tag.com\/tr\/wp-json\/wp\/v2\/media\/2776"}],"wp:attachment":[{"href":"https:\/\/rfid-laundry-tag.com\/tr\/wp-json\/wp\/v2\/media?parent=2775"}],"wp:term":[{"taxonomy":"product_brand","embeddable":true,"href":"https:\/\/rfid-laundry-tag.com\/tr\/wp-json\/wp\/v2\/product_brand?post=2775"},{"taxonomy":"product_cat","embeddable":true,"href":"https:\/\/rfid-laundry-tag.com\/tr\/wp-json\/wp\/v2\/product_cat?post=2775"},{"taxonomy":"product_tag","embeddable":true,"href":"https:\/\/rfid-laundry-tag.com\/tr\/wp-json\/wp\/v2\/product_tag?post=2775"}],"curies":[{"name":"wp","href":"https:\/\/api.w.org\/{rel}","templated":true}]}}