{"id":2766,"date":"2024-10-24T15:10:58","date_gmt":"2024-10-24T15:10:58","guid":{"rendered":"https:\/\/rfid-laundry-tag.com\/?post_type=product&#038;p=2766"},"modified":"2024-10-24T15:25:26","modified_gmt":"2024-10-24T15:25:26","slug":"nfc-inlay-for-mlfare-ultralight-ev1-chip","status":"publish","type":"product","link":"https:\/\/rfid-laundry-tag.com\/tr\/nfc-inlay-for-mlfare-ultralight-ev1-chip\/","title":{"rendered":"MlFARE Ultralight EV1 \u00e7ipi i\u00e7in NFC Yerle\u015ftirme"},"content":{"rendered":"<div><\/div>\n<div>\n<div class=\"text-content\">\n<h2>MlFARE Ultralight EV1 \u00e7ipi i\u00e7in NFC Yerle\u015ftirme<\/h2>\n<div><\/div>\n<div data-spm-anchor-id=\"a2700.details.0.i48.6f4d7d7dnursE7\">\n<table class=\"hight-light-first-column all magic-14\">\n<tbody>\n<tr>\n<td colspan=\"1\" rowspan=\"1\">\n<div class=\"magic-15\"><b>Malzeme<\/b><\/div>\n<\/td>\n<td colspan=\"1\" rowspan=\"1\">\n<div class=\"magic-16\" data-spm-anchor-id=\"a2700.details.0.i34.21f6414cWQ4Zrf\">Ka\u011f\u0131t \/Termal ka\u011f\u0131t \/Kuma\u015f \/PVC\/PET<\/div>\n<\/td>\n<\/tr>\n<tr>\n<td colspan=\"1\" rowspan=\"1\">\n<div class=\"magic-15\"><b>Boyut<\/b><\/div>\n<\/td>\n<td colspan=\"1\" rowspan=\"1\">\n<div class=\"magic-16\">18*56mm,25*25mm, 30*30mm, 40*40mm, \u00c7ap18mm,\u00c7ap20mm,\u00c7ap22mm,\u00c7ap25mm veya \u00d6zelle\u015ftirilmi\u015f boyut.<\/div>\n<\/td>\n<\/tr>\n<tr>\n<td colspan=\"1\" rowspan=\"1\">\n<div class=\"magic-15\"><b>Bask\u0131<\/b><\/div>\n<\/td>\n<td colspan=\"1\" rowspan=\"1\">\n<div class=\"magic-16\">Yazd\u0131rmaya gerek yok<\/div>\n<\/td>\n<\/tr>\n<tr>\n<td colspan=\"1\" rowspan=\"1\">\n<div class=\"magic-15\"><b>Mevcut \u00c7ip<\/b><\/div>\n<\/td>\n<td colspan=\"1\" rowspan=\"1\">\n<div class=\"magic-16\">\n<p><strong>NXP Mifare Ultralight ev1 <\/strong><\/p>\n<\/div>\n<\/td>\n<\/tr>\n<tr>\n<td colspan=\"1\" rowspan=\"1\">\n<div class=\"magic-21\"><b>Protokol\uff1a<\/b><\/div>\n<\/td>\n<td colspan=\"4\" rowspan=\"1\">\n<div class=\"magic-22\">ISO\/IEC 14443 Tip A<\/div>\n<\/td>\n<\/tr>\n<tr>\n<td colspan=\"1\" rowspan=\"1\">\n<div class=\"magic-26\"><b>El sanatlar\u0131:<\/b><\/div>\n<\/td>\n<td colspan=\"4\" rowspan=\"1\">\n<div class=\"magic-22\" data-spm-anchor-id=\"a2700.details.0.i33.21f6414cWQ4Zrf\">Bask\u0131, barkod, QR kod vb.<\/div>\n<\/td>\n<\/tr>\n<\/tbody>\n<\/table>\n<\/div>\n<\/div>\n<p>&nbsp;<\/p>\n<p>MIFARE Ultralight EV1, MIFARE Ultralight bilet IC&#039;sinin yerini al\u0131r ve tamamen i\u015flevsel geriye d\u00f6n\u00fck uyumludur. Geli\u015ftirilmi\u015f \u00f6zelli\u011fi ve komut seti daha verimli uygulamalara olanak tan\u0131r ve sistem tasar\u0131mlar\u0131nda daha fazla esneklik sunar.<\/p>\n<p>MIFARE Ultralight EV1&#039;in mekanik ve elektriksel \u00f6zellikleri, kakma ve ka\u011f\u0131t bilet \u00fcreticilerinin gereksinimlerini kar\u015f\u0131layacak \u015fekilde tasarlanm\u0131\u015ft\u0131r.<\/p>\n<h3>Temass\u0131z enerji ve veri transferi<\/h3>\n<p>Bir MIFARE&#039;de<sup>\u00ae<\/sup>\u00a0sistemde, MF0ULx1 birka\u00e7 turla bir bobine ba\u011flan\u0131r. MF0ULx1, TFC.0 (Edmondson) ve TFC.1 (ISO) bilet formatlar\u0131na uygundur.<\/p>\n<p>Yonga \u00fczerinde 17 pF rezonans kapasit\u00f6r\u00fc bulunan MF0ULx1 yongas\u0131, hem TFC.1 hem de TFC.0 bilet formatlar\u0131n\u0131 destekliyor.<\/p>\n<h3>\u00c7arp\u0131\u015fma \u00f6nleyici<\/h3>\n<p>Ak\u0131ll\u0131 bir \u00e7arp\u0131\u015fma \u00f6nleme i\u015flevi, sahada ayn\u0131 anda birden fazla kart\u0131n \u00e7al\u0131\u015fmas\u0131na olanak tan\u0131r. \u00c7arp\u0131\u015fma \u00f6nleme algoritmas\u0131 her kart\u0131 ayr\u0131 ayr\u0131 se\u00e7er. Se\u00e7ilen bir kartla yap\u0131lan i\u015flemin sahadaki ba\u015fka bir kart\u0131n m\u00fcdahalesi olmadan do\u011fru \u015fekilde ger\u00e7ekle\u015ftirilmesini sa\u011flar.<\/p>\n<h3>Basit entegrasyon ve kullan\u0131c\u0131 kolayl\u0131\u011f\u0131<\/h3>\n<p>MF0ULx1, basit entegrasyon ve kullan\u0131c\u0131 kolayl\u0131\u011f\u0131 i\u00e7in tasarlanm\u0131\u015ft\u0131r ve t\u00fcm bilet i\u015flemlerinin 35 ms&#039;den daha k\u0131sa s\u00fcrede ger\u00e7ekle\u015ftirilmesine olanak tan\u0131r.<\/p>\n<h3>MlFARE Ultralight EV1 \u00e7ipi i\u00e7in NFC Yerle\u015ftirmesinin G\u00fcvenli\u011fi<\/h3>\n<ul>\n<li>\u00dcretici her cihaz i\u00e7in 7 baytl\u0131k UID programlad\u0131<\/li>\n<li>32 bit kullan\u0131c\u0131 tan\u0131ml\u0131 Tek Seferlik Programlanabilir (OTP) alan<\/li>\n<li>3 ba\u011f\u0131ms\u0131z 24 bit tek y\u00f6nl\u00fc saya\u00e7<\/li>\n<li>Sayfa ba\u015f\u0131na (geni\u015fletilmi\u015f bellek b\u00f6l\u00fcm\u00fc i\u00e7in 2 sayfa ba\u015f\u0131na) alan programlanabilir salt okunur kilitleme i\u015flevi<\/li>\n<li>ECC tabanl\u0131 \u00f6zg\u00fcnl\u00fck imzas\u0131<\/li>\n<li>\u0130stenmeyen bellek i\u015flemlerini \u00f6nlemek i\u00e7in 32 bit parola korumas\u0131<\/li>\n<\/ul>\n<div class=\"text-content\">\n<h2 class=\"AnswerParser_AnswerParserH2__SIHnF\">NFC G\u00f6mmelerini Anlamak: Temeller<\/h2>\n<p><span class=\"AnswerParser_TextContainer__z_Iiv\" data-testid=\"youchat-text\">NFC ek par\u00e7alar\u0131\u00a0<strong>ince, y\u00fcksek frekansl\u0131 etiketler<\/strong>\u00a0kullanan\u00a0<strong>RFID teknolojisi<\/strong>\u00a0etkinle\u015ftirmek i\u00e7in\u00a0<strong>temass\u0131z ileti\u015fim<\/strong>\u00a0cihazlar aras\u0131nda. Bu ekler genellikle ka\u011f\u0131t, plastik veya di\u011fer alt tabakalar dahil olmak \u00fczere \u00e7e\u015fitli malzemelere g\u00f6m\u00fcl\u00fcr ve etiketlere, kartlara veya hatta promosyon malzemelerine dahil edilmelerine olanak tan\u0131r. Teknoloji, elektromanyetik ind\u00fcksiyon ilkesine g\u00f6re \u00e7al\u0131\u015f\u0131r ve ak\u0131ll\u0131 telefonlar gibi cihazlar\u0131n yaln\u0131zca yak\u0131n mesafede bulunarak NFC \u00f6zellikli etiketlerle ileti\u015fim kurmas\u0131n\u0131 sa\u011flar.<\/span><span class=\"AnswerParser_TextContainer__z_Iiv\" data-testid=\"youchat-text\">NFC ek par\u00e7as\u0131n\u0131n temel bile\u015fenleri \u015funlar\u0131 i\u00e7erir:\u00a0<strong>\u00e7ip<\/strong>\u00a0(\u00f6rne\u011fin\u00a0<strong>MIFARE Ultra Hafif EV1<\/strong>\u00a0veya\u00a0<strong>NXP NTAG213<\/strong>) ve bir\u00a0<strong>anten<\/strong>Birlikte veri al\u0131\u015fveri\u015fini ve enerji transferini kolayla\u015ft\u0131rarak NFC ek par\u00e7alar\u0131n\u0131 \u00e7ok say\u0131da uygulama i\u00e7in \u00e7ok y\u00f6nl\u00fc bir \u00e7\u00f6z\u00fcm haline getirirler.<\/span><\/p>\n<h2 class=\"AnswerParser_AnswerParserH2__SIHnF\">MlFARE Ultralight EV1 \u00e7ipi i\u00e7in NFC Yerle\u015ftirmesinin Temel \u00d6zellikleri<\/h2>\n<p><span class=\"AnswerParser_TextContainer__z_Iiv\" data-testid=\"youchat-text\">NFC kaplamalar\u0131n\u0131n \u00f6ne \u00e7\u0131kan \u00f6zelliklerinden biri de\u00a0<strong>uyumluluk<\/strong>\u00a0\u00e7e\u015fitli NFC standartlar\u0131 dahil\u00a0<strong>ISO 14443<\/strong>\u00a0Ve\u00a0<strong>ISO 15693<\/strong>. Bu, bunlar\u0131n \u00e7ok \u00e7e\u015fitli ayg\u0131tlar ve uygulamalar genelinde kullan\u0131labilmesini sa\u011flar.\u00a0<strong>MIFARE Ultra Hafif EV1<\/strong>\u00a0\u00f6zellikle \u00f6nceki s\u00fcr\u00fcmlerle geriye d\u00f6n\u00fck uyumlulu\u011fu ile dikkat \u00e7ekiyor ve bu sayede sistemlerini komple yenilemeden y\u00fckseltmek isteyen i\u015fletmeler i\u00e7in esnek bir tercih haline geliyor.<\/span><span class=\"AnswerParser_TextContainer__z_Iiv\" data-testid=\"youchat-text\">\u00dcstelik NFC eklentileri genellikle \u015fu gibi geli\u015fmi\u015f i\u015flevlerle birlikte gelir:<\/span><\/p>\n<ul class=\"AnswerParser_AnswerParserUnorderedList__P_1FW\">\n<li class=\"AnswerParser_ListItem__XqLOV\" translate=\"yes\"><strong>\u00c7arp\u0131\u015fma \u00f6nleme teknolojisi<\/strong>: Bu, birden fazla NFC etiketinin ayn\u0131 anda, herhangi bir m\u00fcdahale olmadan \u00e7al\u0131\u015fmas\u0131na olanak tan\u0131r ve i\u015flemlerin sorunsuz ger\u00e7ekle\u015fmesini sa\u011flar.<\/li>\n<li class=\"AnswerParser_ListItem__XqLOV\" translate=\"yes\"><strong>G\u00fcvenlik \u00f6zellikleri<\/strong>: Bir\u00e7ok NFC ek par\u00e7as\u0131, \u00f6rne\u011fin\u00a0<strong>Avery Dennison<\/strong>, yetkisiz eri\u015fime kar\u015f\u0131 ek bir g\u00fcvenlik katman\u0131 sa\u011flayan \u015fifreleme ve parola korumas\u0131 i\u00e7erir.<\/li>\n<li class=\"AnswerParser_ListItem__XqLOV\" translate=\"yes\"><strong>Kullan\u0131c\u0131 dostu entegrasyon<\/strong>: H\u0131zl\u0131 uygulamaya y\u00f6nelik tasarlanan NFC eklentileri, mevcut sistemlere minimum \u00e7abayla entegre edilebilir ve b\u00f6ylece i\u015fletmelerin operasyonlar\u0131n\u0131 etkili bir \u015fekilde kolayla\u015ft\u0131rmalar\u0131na olanak tan\u0131r.<\/li>\n<\/ul>\n<h2 class=\"AnswerParser_AnswerParserH2__SIHnF\">MlFARE Ultralight EV1 \u00e7ipi i\u00e7in NFC Yerle\u015ftirmesinin Kullan\u0131m\u0131n\u0131n Faydalar\u0131<\/h2>\n<p><span class=\"AnswerParser_TextContainer__z_Iiv\" data-testid=\"youchat-text\">NFC eklentilerine yat\u0131r\u0131m yapmak, i\u015fletmelere \u00e7ok say\u0131da avantaj sa\u011flar:<\/span><\/p>\n<ul class=\"AnswerParser_AnswerParserUnorderedList__P_1FW\">\n<li class=\"AnswerParser_ListItem__XqLOV\" translate=\"yes\"><strong>Geli\u015fmi\u015f M\u00fc\u015fteri Deneyimi<\/strong>: NFC teknolojisi, m\u00fc\u015fterilerle \u00fcr\u00fcnler aras\u0131ndaki etkile\u015fimi basitle\u015ftirerek, ak\u0131ll\u0131 telefonlar\u0131n tek bir dokunu\u015fuyla bilgiye veya i\u015flemlere h\u0131zl\u0131 eri\u015fim sa\u011fl\u0131yor.<\/li>\n<li class=\"AnswerParser_ListItem__XqLOV\" translate=\"yes\"><strong>Maliyet Etkin \u00c7\u00f6z\u00fcmler<\/strong>: NFC etiketleri, geleneksel RFID sistemlerinden genellikle daha uygun fiyatl\u0131d\u0131r ve bu da onlar\u0131 her \u00f6l\u00e7ekteki i\u015fletme i\u00e7in cazip bir se\u00e7enek haline getirir.<\/li>\n<li class=\"AnswerParser_ListItem__XqLOV\" translate=\"yes\"><strong>Artt\u0131r\u0131lm\u0131\u015f Kat\u0131l\u0131m<\/strong>:URL&#039;leri, \u00fcr\u00fcn bilgilerini veya promosyon i\u00e7eriklerini depolama olana\u011f\u0131 sa\u011flayan NFC etiketleri, m\u00fc\u015fterilerin markalar ve \u00fcr\u00fcnlerle daha derin bir etkile\u015fim kurmas\u0131n\u0131 te\u015fvik ediyor.<\/li>\n<\/ul>\n<h2 class=\"AnswerParser_AnswerParserH2__SIHnF\">NFC Teknolojisinin Uygulamalar\u0131<\/h2>\n<p><span class=\"AnswerParser_TextContainer__z_Iiv\" data-testid=\"youchat-text\">NFC ek par\u00e7alar\u0131, a\u015fa\u011f\u0131dakiler de dahil olmak \u00fczere \u00e7e\u015fitli sekt\u00f6rlerde yayg\u0131nla\u015f\u0131yor:<\/span><\/p>\n<ul class=\"AnswerParser_AnswerParserUnorderedList__P_1FW\">\n<li class=\"AnswerParser_ListItem__XqLOV\" translate=\"yes\"><strong>Perakende<\/strong>:\u00dcr\u00fcn bilgisi sa\u011flayan ak\u0131ll\u0131 etiketlerden, m\u00fc\u015fterileri tek bir dokunu\u015fla \u00f6d\u00fcllendiren sadakat programlar\u0131na kadar NFC etiketleri, perakende deneyimlerinde devrim yarat\u0131yor.<\/li>\n<li class=\"AnswerParser_ListItem__XqLOV\" translate=\"yes\"><strong>Etkinlik Y\u00f6netimi<\/strong>: NFC bileklikler veya rozetler etkinliklere kesintisiz giri\u015f imk\u00e2n\u0131 sa\u011flayarak kat\u0131l\u0131mc\u0131lar\u0131n kolayca takip edilmesini ve y\u00f6netilmesini sa\u011flar.<\/li>\n<li class=\"AnswerParser_ListItem__XqLOV\" translate=\"yes\"><strong>Ak\u0131ll\u0131 Paketleme<\/strong>:Markalar, t\u00fcketicilere tarifler veya \u00fcr\u00fcn kullan\u0131m talimatlar\u0131 gibi etkile\u015fimli i\u00e7erikler sunmak i\u00e7in ambalajlarda NFC eklerini kullan\u0131yor.<\/li>\n<\/ul>\n<h2 class=\"AnswerParser_AnswerParserH2__SIHnF\">Farkl\u0131 NFC G\u00f6mme Par\u00e7alar\u0131n\u0131 Kar\u015f\u0131la\u015ft\u0131rma: NTAG213, NTAG215, NTAG216<\/h2>\n<p><span class=\"AnswerParser_TextContainer__z_Iiv\" data-testid=\"youchat-text\">Bir NFC ek par\u00e7as\u0131 se\u00e7erken, pop\u00fcler se\u00e7enekler aras\u0131ndaki farklar\u0131 anlamak \u00f6nemlidir.\u00a0<strong>NTAG213<\/strong>,\u00a0<strong>NTAG215<\/strong>, Ve\u00a0<strong>NTAG216<\/strong>.<\/span><\/p>\n<div class=\"AnswerParser_TableContainer__Erb6v\" data-testid=\"table-container\">\n<table>\n<thead>\n<tr>\n<th>\u00d6zellik<\/th>\n<th>NTAG213<\/th>\n<th>NTAG215<\/th>\n<th>NTAG216<\/th>\n<\/tr>\n<\/thead>\n<tbody>\n<tr>\n<td>Bellek Boyutu<\/td>\n<td>144 bayt<\/td>\n<td>504 bayt<\/td>\n<td>888 bayt<\/td>\n<\/tr>\n<tr>\n<td>UID<\/td>\n<td>7 bayt<\/td>\n<td>7 bayt<\/td>\n<td>7 bayt<\/td>\n<\/tr>\n<tr>\n<td>Okuma Aral\u0131\u011f\u0131<\/td>\n<td>10 cm&#039;ye kadar<\/td>\n<td>10 cm&#039;ye kadar<\/td>\n<td>10 cm&#039;ye kadar<\/td>\n<\/tr>\n<tr>\n<td>G\u00fcvenlik \u00d6zellikleri<\/td>\n<td>Temel<\/td>\n<td>Geli\u015fmi\u015f<\/td>\n<td>Geli\u015fmi\u015f<\/td>\n<\/tr>\n<\/tbody>\n<\/table>\n<\/div>\n<p><span class=\"AnswerParser_TextContainer__z_Iiv\" data-testid=\"youchat-text\">Bu par\u00e7alar\u0131n her biri, farkl\u0131 uygulama ihtiya\u00e7lar\u0131n\u0131 kar\u015f\u0131layan benzersiz \u00f6zelliklere sahip olup, i\u015fletmelerin gereksinimlerine g\u00f6re en uygun se\u00e7ene\u011fi se\u00e7melerine olanak tan\u0131r.<\/span><\/p>\n<h2 class=\"AnswerParser_AnswerParserH2__SIHnF\">Perakendede NFC G\u00f6mmelerinin Entegrasyonu<\/h2>\n<p><span class=\"AnswerParser_TextContainer__z_Iiv\" data-testid=\"youchat-text\">NFC ek par\u00e7alar\u0131,\u00a0<strong>perakende ortam\u0131<\/strong>\u00a0A\u015fa\u011f\u0131daki gibi yenilik\u00e7i \u00e7\u00f6z\u00fcmler sunarak:<\/span><\/p>\n<ul class=\"AnswerParser_AnswerParserUnorderedList__P_1FW\">\n<li class=\"AnswerParser_ListItem__XqLOV\" translate=\"yes\"><strong>Temass\u0131z \u00d6deme<\/strong>:M\u00fc\u015fteriler ak\u0131ll\u0131 telefonlar\u0131n\u0131 kullanarak h\u0131zl\u0131 ve g\u00fcvenli bir \u015fekilde al\u0131\u015fveri\u015f yapabilirler.<\/li>\n<li class=\"AnswerParser_ListItem__XqLOV\" translate=\"yes\"><strong>\u00dcr\u00fcn Kimlik Do\u011frulamas\u0131<\/strong>: NFC etiketleri her \u00fcr\u00fcne \u00f6zel bir kimlik sa\u011flayarak sahtecili\u011fin \u00f6nlenmesine ve orijinalli\u011fin sa\u011flanmas\u0131na yard\u0131mc\u0131 olur.<\/li>\n<li class=\"AnswerParser_ListItem__XqLOV\" translate=\"yes\"><strong>Etkile\u015fimli Pazarlama<\/strong>: NFC etiketlerinin reklamc\u0131l\u0131kta kullan\u0131lmas\u0131, promosyon teklifleri veya ayr\u0131nt\u0131l\u0131 \u00fcr\u00fcn bilgileri arac\u0131l\u0131\u011f\u0131yla m\u00fc\u015fteri etkile\u015fiminin artmas\u0131na yol a\u00e7abilir.<\/li>\n<\/ul>\n<h2 class=\"AnswerParser_AnswerParserH2__SIHnF\">NFC Yerle\u015ftirmelerinin G\u00fcvenlik \u00d6zellikleri<\/h2>\n<p><span class=\"AnswerParser_TextContainer__z_Iiv\" data-testid=\"youchat-text\">G\u00fcn\u00fcm\u00fcz\u00fcn dijital d\u00fcnyas\u0131nda g\u00fcvenlik en \u00f6nemli unsurdur. NFC inlay&#039;leri, a\u015fa\u011f\u0131dakiler de dahil olmak \u00fczere \u00e7e\u015fitli g\u00fcvenlik \u00f6zellikleriyle donat\u0131lm\u0131\u015ft\u0131r:<\/span><\/p>\n<ul class=\"AnswerParser_AnswerParserUnorderedList__P_1FW\">\n<li class=\"AnswerParser_ListItem__XqLOV\" translate=\"yes\"><strong>\u00dcretici taraf\u0131ndan programlanan 7 baytl\u0131k UID<\/strong>:Her NFC etiketinin kendine \u00f6zg\u00fc bir tan\u0131mlay\u0131c\u0131s\u0131 vard\u0131r ve bu sayede i\u015flemlerin g\u00fcvenli ve izlenebilir olmas\u0131 sa\u011flan\u0131r.<\/li>\n<li class=\"AnswerParser_ListItem__XqLOV\" translate=\"yes\"><strong>32-bit parola korumas\u0131<\/strong>: Bu, yetkisiz eri\u015fimleri ve istenmeyen bellek i\u015flemlerini \u00f6nleyerek i\u015fletmelere g\u00f6n\u00fcl rahatl\u0131\u011f\u0131 sa\u011flar.<\/li>\n<li class=\"AnswerParser_ListItem__XqLOV\" translate=\"yes\"><strong>ECC tabanl\u0131 \u00f6zg\u00fcnl\u00fck imzas\u0131<\/strong>: Bu, \u00fcr\u00fcnlerin orijinal oldu\u011fundan ve bozulmad\u0131\u011f\u0131ndan emin olman\u0131z\u0131 sa\u011flar.<\/li>\n<\/ul>\n<h2 class=\"AnswerParser_AnswerParserH2__SIHnF\">\u00c7evresel Etki ve S\u00fcrd\u00fcr\u00fclebilirlik<\/h2>\n<p><span class=\"AnswerParser_TextContainer__z_Iiv\" data-testid=\"youchat-text\">\u0130\u015fletmeler s\u00fcrd\u00fcr\u00fclebilirli\u011fe giderek daha fazla odakland\u0131k\u00e7a, NFC ek par\u00e7alar\u0131 \u00e7evre dostu \u00e7\u00f6z\u00fcmler olarak \u00f6ne \u00e7\u0131k\u0131yor. Bir\u00e7ok NFC ek par\u00e7as\u0131 geri d\u00f6n\u00fc\u015ft\u00fcr\u00fclebilir malzemelerden \u00fcretilerek at\u0131k ve \u00e7evresel etki azalt\u0131l\u0131yor. Dahas\u0131, mevcut sistemlere entegre edilmeleri verimlili\u011fin artmas\u0131na yol a\u00e7abilir ve i\u015fletme operasyonlar\u0131na daha s\u00fcrd\u00fcr\u00fclebilir bir yakla\u015f\u0131ma katk\u0131da bulunabilir.<\/span><\/p>\n<h2 class=\"AnswerParser_AnswerParserH2__SIHnF\">M\u00fc\u015fteri Yorumlar\u0131 ve Vaka \u00c7al\u0131\u015fmalar\u0131<\/h2>\n<p><span class=\"AnswerParser_TextContainer__z_Iiv\" data-testid=\"youchat-text\">NFC eklerini kullanan m\u00fc\u015fterilerden gelen geri bildirimler ezici bir \u015fekilde olumludur. Bir\u00e7o\u011fu kullan\u0131m kolayl\u0131\u011f\u0131 ve artan etkile\u015fim nedeniyle artan m\u00fc\u015fteri memnuniyeti bildirmektedir. \u00d6rne\u011fin, perakende sekt\u00f6r\u00fcndeki \u015firketler NFC teknolojisini uygulad\u0131ktan sonra sadakat program\u0131 kat\u0131l\u0131m\u0131nda ve m\u00fc\u015fteri etkile\u015fimi \u00f6l\u00e7\u00fcmlerinde \u00f6nemli geli\u015fmeler g\u00f6rd\u00fcler.<\/span><\/p>\n<h3 class=\"AnswerParser_AnswerParserH3__Mpe4s\">Vaka \u00c7al\u0131\u015fmas\u0131: Avery Dennison NFC G\u00f6mme Par\u00e7alar\u0131<\/h3>\n<p><span class=\"AnswerParser_TextContainer__z_Iiv\" data-testid=\"youchat-text\">Avery Dennison&#039;\u0131n NFC ek par\u00e7alar\u0131, \u00e7e\u015fitli perakende ortamlar\u0131na ba\u015far\u0131yla entegre edilerek \u00fcr\u00fcn bilgisi eri\u015fimi ve m\u00fc\u015fteri etkile\u015fimi i\u00e7in verimli \u00e7\u00f6z\u00fcmler sa\u011flad\u0131. Avery Dennison \u00fcr\u00fcnlerini kullanan perakendeciler, promosyon kampanyalar\u0131 s\u0131ras\u0131nda m\u00fc\u015fteri etkile\u015fiminde 30% art\u0131\u015f ve sat\u0131\u015flarda 20% art\u0131\u015f bildirdi.<\/span><\/p>\n<h2 class=\"AnswerParser_AnswerParserH2__SIHnF\">NFC \u0130nleyler hakk\u0131nda SSS<\/h2>\n<p><span class=\"AnswerParser_TextContainer__z_Iiv\" data-testid=\"youchat-text\"><strong>1. NFC inlay nedir?<\/strong><br \/>\nNFC ek par\u00e7as\u0131, cihazlar aras\u0131nda ileti\u015fimi sa\u011flamak i\u00e7in NFC teknolojisini kullanan ince, temass\u0131z bir etikettir. Genellikle bir \u00e7ip ve bir antenden olu\u015fur ve veri aktar\u0131m\u0131n\u0131 ve enerji de\u011fi\u015fimini kolayla\u015ft\u0131r\u0131r.<\/span><\/p>\n<p><span class=\"AnswerParser_TextContainer__z_Iiv\" data-testid=\"youchat-text\"><strong>2. NFC eklentileri nas\u0131l \u00e7al\u0131\u015f\u0131r?<\/strong><br \/>\nNFC eklentileri elektromanyetik ind\u00fcksiyon prensibiyle \u00e7al\u0131\u015f\u0131r ve ak\u0131ll\u0131 telefonlar gibi cihazlar\u0131n etiketlere yak\u0131n mesafede olduklar\u0131nda onlarla ileti\u015fim kurmas\u0131n\u0131 sa\u011flar.<\/span><\/p>\n<p><span class=\"AnswerParser_TextContainer__z_Iiv\" data-testid=\"youchat-text\"><strong>3. NFC eklentileri g\u00fcvenli midir?<\/strong><br \/>\nEvet, bir\u00e7ok NFC etiketi, parola korumas\u0131 ve \u015fifreleme gibi yerle\u015fik g\u00fcvenlik \u00f6zellikleriyle birlikte gelir ve g\u00fcvenli i\u015flem ve veri aktar\u0131m\u0131 sa\u011flar.<\/span><\/p>\n<p><span class=\"AnswerParser_TextContainer__z_Iiv\" data-testid=\"youchat-text\"><strong>4. NFC eklentileri \u00f6demelerde kullan\u0131labilir mi?<\/strong><br \/>\nKesinlikle! NFC eklentileri temass\u0131z \u00f6deme sistemlerinde yayg\u0131n olarak kullan\u0131l\u0131r ve m\u00fc\u015fteriler i\u00e7in i\u015flemleri h\u0131zl\u0131 ve g\u00fcvenli hale getirir.<\/span><\/p>\n<p><span class=\"AnswerParser_TextContainer__z_Iiv\" data-testid=\"youchat-text\"><strong>5. NFC inlay&#039;lerini nereden sat\u0131n alabilirim?<\/strong><br \/>\nNFC ek par\u00e7alar\u0131 \u00e7e\u015fitli tedarik\u00e7ilerden sat\u0131n al\u0131nabilir, bunlar aras\u0131nda \u015funlar yer al\u0131r:\u00a0<strong>Avery Dennison<\/strong>ve farkl\u0131 uygulama ihtiya\u00e7lar\u0131n\u0131 kar\u015f\u0131lamak i\u00e7in farkl\u0131 tip ve \u00f6zelliklerde mevcuttur.<\/span><\/p>\n<h3 class=\"AnswerParser_AnswerParserH3__Mpe4s\">\u00c7\u00f6z\u00fcm<\/h3>\n<p><span class=\"AnswerParser_TextContainer__z_Iiv\" data-testid=\"youchat-text\">Sonu\u00e7 olarak, NFC inlay&#039;lar\u0131 bir\u00e7ok sekt\u00f6rdeki \u00e7e\u015fitli uygulama ihtiya\u00e7lar\u0131n\u0131 kar\u015f\u0131layan g\u00fcvenilir ve son teknoloji bir \u00fcr\u00fcnd\u00fcr. Maliyet etkinli\u011fi, g\u00fcvenlik \u00f6zellikleri ve entegrasyon kolayl\u0131\u011f\u0131 ile NFC teknolojisine yat\u0131r\u0131m yapmak, m\u00fc\u015fteri deneyimlerini geli\u015ftirmek ve operasyonlar\u0131 kolayla\u015ft\u0131rmak isteyen i\u015fletmeler i\u00e7in ak\u0131ll\u0131ca bir se\u00e7imdir. NFC inlay&#039;lar\u0131 hakk\u0131nda daha fazla bilgi edinmek ve \u00fcr\u00fcn \u00f6nerilerimizi ke\u015ffetmek i\u00e7in l\u00fctfen bug\u00fcn sorgulama formunu doldurun!<\/span><\/p>\n<p>&nbsp;<\/p>\n<\/div>\n<\/div>","protected":false},"excerpt":{"rendered":"<p>G\u00fcvenli \u00f6demeler, \u00fcr\u00fcn kimlik do\u011frulamas\u0131 ve etkile\u015fimli pazarlama \u00e7\u00f6z\u00fcmleri i\u00e7in NFC ek par\u00e7alar\u0131yla perakende deneyiminizi geli\u015ftirin.<\/p>","protected":false},"featured_media":2767,"template":"","meta":{"_kad_post_transparent":"default","_kad_post_title":"","_kad_post_layout":"default","_kad_post_sidebar_id":"","_kad_post_content_style":"default","_kad_post_vertical_padding":"default","_kad_post_feature":"","_kad_post_feature_position":"","_kad_post_header":false,"_kad_post_footer":false,"_kad_post_classname":""},"product_brand":[],"product_cat":[189],"product_tag":[322,114,323,108],"class_list":{"0":"post-2766","1":"product","2":"type-product","3":"status-publish","4":"has-post-thumbnail","6":"product_cat-rfid-inlay","7":"product_tag-nfc-inlay-mifare-ultralight-ev1","8":"product_tag-nfc-label","9":"product_tag-nfc-sticker","10":"product_tag-rfid-inlay","12":"first","13":"instock","14":"shipping-taxable","15":"product-type-simple","16":"entry","17":"content-bg","18":"loop-entry"},"_links":{"self":[{"href":"https:\/\/rfid-laundry-tag.com\/tr\/wp-json\/wp\/v2\/product\/2766","targetHints":{"allow":["GET"]}}],"collection":[{"href":"https:\/\/rfid-laundry-tag.com\/tr\/wp-json\/wp\/v2\/product"}],"about":[{"href":"https:\/\/rfid-laundry-tag.com\/tr\/wp-json\/wp\/v2\/types\/product"}],"version-history":[{"count":1,"href":"https:\/\/rfid-laundry-tag.com\/tr\/wp-json\/wp\/v2\/product\/2766\/revisions"}],"predecessor-version":[{"id":2770,"href":"https:\/\/rfid-laundry-tag.com\/tr\/wp-json\/wp\/v2\/product\/2766\/revisions\/2770"}],"wp:featuredmedia":[{"embeddable":true,"href":"https:\/\/rfid-laundry-tag.com\/tr\/wp-json\/wp\/v2\/media\/2767"}],"wp:attachment":[{"href":"https:\/\/rfid-laundry-tag.com\/tr\/wp-json\/wp\/v2\/media?parent=2766"}],"wp:term":[{"taxonomy":"product_brand","embeddable":true,"href":"https:\/\/rfid-laundry-tag.com\/tr\/wp-json\/wp\/v2\/product_brand?post=2766"},{"taxonomy":"product_cat","embeddable":true,"href":"https:\/\/rfid-laundry-tag.com\/tr\/wp-json\/wp\/v2\/product_cat?post=2766"},{"taxonomy":"product_tag","embeddable":true,"href":"https:\/\/rfid-laundry-tag.com\/tr\/wp-json\/wp\/v2\/product_tag?post=2766"}],"curies":[{"name":"wp","href":"https:\/\/api.w.org\/{rel}","templated":true}]}}