{"id":2761,"date":"2024-10-21T16:41:28","date_gmt":"2024-10-21T16:41:28","guid":{"rendered":"https:\/\/rfid-laundry-tag.com\/?post_type=product&#038;p=2761"},"modified":"2024-10-21T16:54:52","modified_gmt":"2024-10-21T16:54:52","slug":"iso15693-i-code-slix-patrol-nfc-tag","status":"publish","type":"product","link":"https:\/\/rfid-laundry-tag.com\/tr\/iso15693-i-code-slix-patrol-nfc-tag\/","title":{"rendered":"ISO15693 I KOD SLIX Patrol NFC Etiketi"},"content":{"rendered":"<h1>ISO15693 I KOD SLIX Patrol NFC Etiketi<\/h1>\n<p>The\u00a0<strong>ICODE SLI X Patrol NFC Etiketi<\/strong>\u00a0zorlu ortamlarda g\u00fcvenilirlik ve performans talep edenler i\u00e7in tasarlanm\u0131\u015ft\u0131r. Bu geli\u015fmi\u015f\u00a0<strong>NFC etiketi<\/strong>\u00a0devriye uygulamalar\u0131 i\u00e7in m\u00fckemmeldir ve NFC \u00f6zellikli cihazlarla sorunsuz ileti\u015fim sa\u011flar. Zaman\u0131n ve zorlu ko\u015fullar\u0131n testine dayanacak \u015fekilde \u00fcretilmi\u015ftir ve inan\u0131lmaz bir\u00a0<strong>IP65<\/strong>\u00a0derecelendirme, neme ve toza maruz kald\u0131\u011f\u0131nda bile i\u015flevsel kalmas\u0131n\u0131 sa\u011flar. \u00d6zelle\u015ftirme se\u00e7enekleri ve y\u00fcksek dayan\u0131kl\u0131l\u0131\u011f\u0131yla ICODE SLI X, g\u00fcvenlik personeli, varl\u0131k takibi ve \u00e7e\u015fitli end\u00fcstriyel uygulamalar i\u00e7in olmazsa olmaz bir ara\u00e7t\u0131r.<\/p>\n<h2 class=\"AnswerParser_AnswerParserH2__SIHnF\">ICODE SLI X NFC Etiketinin \u00d6zellikleri ve Avantajlar\u0131<\/h2>\n<ul class=\"AnswerParser_AnswerParserUnorderedList__P_1FW\">\n<li class=\"AnswerParser_ListItem__XqLOV\" translate=\"yes\"><strong>Dayan\u0131kl\u0131 Yap\u0131<\/strong>: \u015eundan yap\u0131lm\u0131\u015ft\u0131r:\u00a0<strong>ABS<\/strong>\u00a0Malzemesi sayesinde ICODE SLI X fiziksel hasarlara ve \u00e7evresel etkenlere kar\u015f\u0131 dayan\u0131kl\u0131d\u0131r.<\/li>\n<li class=\"AnswerParser_ListItem__XqLOV\" translate=\"yes\"><strong>\u00c7ok Y\u00f6nl\u00fc Boyutlar<\/strong>: Mevcuttur\u00a0<strong>25mm, 30mm ve 52mm<\/strong>\u00a0\u00e7ap se\u00e7enekleri, bu etiket belirli uygulama ihtiya\u00e7lar\u0131n\u0131 kar\u015f\u0131lamak \u00fczere \u00f6zelle\u015ftirilebilir.<\/li>\n<li class=\"AnswerParser_ListItem__XqLOV\" translate=\"yes\"><strong>Y\u00fcksek Performans<\/strong>: \u015eu anda faaliyette\u00a0<strong>13.56MHz<\/strong>, etiket veri aktar\u0131m\u0131nda \u00fcst\u00fcn performans sa\u011flayarak, h\u0131zl\u0131 ve g\u00fcvenilir ileti\u015fime olanak tan\u0131r.<\/li>\n<\/ul>\n<table class=\"all magic-8\">\n<tbody>\n<tr>\n<td colspan=\"1\" rowspan=\"1\">\n<div class=\"magic-9\" data-spm-anchor-id=\"a2700.details.0.i71.50be21afmO5Aid\">\u00c7ip<\/div>\n<\/td>\n<td colspan=\"1\" rowspan=\"1\">\n<div class=\"magic-10\">ICODE SLI X (\u00d6zelle\u015ftirilmi\u015f)<\/div>\n<\/td>\n<\/tr>\n<tr>\n<td colspan=\"1\" rowspan=\"1\">\n<div class=\"magic-9\">Boyutlar<\/div>\n<\/td>\n<td colspan=\"1\" rowspan=\"1\">\n<div class=\"magic-10\" data-spm-anchor-id=\"a2700.details.0.i73.50be21afmO5Aid\">25mm, 30mm, 52mm \u00e7ap (\u00d6zelle\u015ftirilmi\u015f)<\/div>\n<\/td>\n<\/tr>\n<tr>\n<td colspan=\"1\" rowspan=\"1\">\n<div class=\"magic-9\">Kal\u0131nl\u0131k<\/div>\n<\/td>\n<td colspan=\"1\" rowspan=\"1\">\n<div class=\"magic-10\">3mm, Delik boyutu: 5mm \u00e7ap<\/div>\n<\/td>\n<\/tr>\n<tr>\n<td colspan=\"1\" rowspan=\"1\">\n<div class=\"magic-9\">Malzeme<\/div>\n<\/td>\n<td colspan=\"1\" rowspan=\"1\">\n<div class=\"magic-10\">ABS<\/div>\n<\/td>\n<\/tr>\n<tr>\n<td colspan=\"1\" rowspan=\"1\">\n<div class=\"magic-9\">IP derecelendirmesi<\/div>\n<\/td>\n<td colspan=\"1\" rowspan=\"1\">\n<div class=\"magic-10\">IP65<\/div>\n<\/td>\n<\/tr>\n<tr>\n<td colspan=\"1\" rowspan=\"1\">\n<div class=\"magic-9\">Uygulama S\u0131cakl\u0131\u011f\u0131<\/div>\n<\/td>\n<td colspan=\"1\" rowspan=\"1\">\n<div class=\"magic-10\">-40~80\u00b0<\/div>\n<\/td>\n<\/tr>\n<tr>\n<td colspan=\"1\" rowspan=\"1\">\n<div class=\"magic-9\">\u00c7al\u0131\u015fma S\u0131cakl\u0131\u011f\u0131<\/div>\n<\/td>\n<td colspan=\"1\" rowspan=\"1\">\n<div class=\"magic-10\" data-spm-anchor-id=\"a2700.details.0.i72.50be21afmO5Aid\">-40~70\u00b0C<\/div>\n<\/td>\n<\/tr>\n<tr>\n<td colspan=\"1\" rowspan=\"1\">\n<div class=\"magic-9\">Haf\u0131za<\/div>\n<\/td>\n<td colspan=\"1\" rowspan=\"1\">\n<div class=\"magic-10\">1K bit (\u00c7ipe ba\u011fl\u0131)<\/div>\n<\/td>\n<\/tr>\n<tr>\n<td colspan=\"1\" rowspan=\"1\">\n<div class=\"magic-9\">En iyi performansa sahip frekans aral\u0131\u011f\u0131<\/div>\n<\/td>\n<td colspan=\"1\" rowspan=\"1\">\n<div class=\"magic-10\">13.56MHz<\/div>\n<\/td>\n<\/tr>\n<tr>\n<td colspan=\"1\" rowspan=\"1\">\n<div class=\"magic-9\">IC Ya\u015fam<\/div>\n<\/td>\n<td colspan=\"1\" rowspan=\"1\">\n<div class=\"magic-10\">100.000 d\u00f6ng\u00fc yazma dayan\u0131kl\u0131l\u0131\u011f\u0131Tarih tutma<\/div>\n<\/td>\n<\/tr>\n<\/tbody>\n<\/table>\n<p>&nbsp;<\/p>\n<h3 class=\"AnswerParser_AnswerParserH3__Mpe4s\">1. NFC Etiket Uyumlulu\u011fu ve \u0130\u015flevselli\u011fi<\/h3>\n<p><span class=\"AnswerParser_TextContainer__z_Iiv\" data-testid=\"youchat-text\">The\u00a0<strong>ICODE SLI X NFC Etiketi<\/strong>\u00a0geni\u015f bir yelpazede uyumludur\u00a0<strong>NFC \u00f6zellikli cihazlar<\/strong>ak\u0131ll\u0131 telefonlar ve tabletler dahil. Bu uyumluluk kullan\u0131c\u0131lar\u0131n kolayca\u00a0<strong>NFC&#039;yi oku<\/strong>\u00a0cihazlar\u0131n\u0131 kullanarak etiketler, ister bir\u00a0<strong>iPhone<\/strong>\u00a0veya bir\u00a0<strong>Android<\/strong>\u00a0telefon. Entegrasyonu\u00a0<strong>NFC teknolojisi<\/strong>\u00a0kullan\u0131c\u0131lar\u0131n cihazlar\u0131n\u0131 etikete dokundurarak an\u0131nda veri eri\u015fimi sa\u011flayabilmeleri anlam\u0131na gelir; bu da onu kartvizitler, g\u00fcvenli giri\u015f sistemleri veya bilgi payla\u015f\u0131m\u0131 i\u00e7in ideal hale getirir.<\/span><span class=\"AnswerParser_TextContainer__z_Iiv\" data-testid=\"youchat-text\">Etiket, i\u015fletmelerin operasyonlar\u0131 kolayla\u015ft\u0131rmas\u0131na ve ileti\u015fimi iyile\u015ftirmesine olanak tan\u0131yan \u00e7e\u015fitli uygulamalarda kullan\u0131lmak \u00fczere tasarlanm\u0131\u015ft\u0131r. \u0130ster bir\u00a0<strong>devriye sistemi<\/strong>\u00a0veya varl\u0131k takibi i\u00e7in ICODE SLI X, g\u00fcnl\u00fck operasyonlarda paha bi\u00e7ilmez olabilecek g\u00fcvenilir bir \u00e7\u00f6z\u00fcm sunar.<\/span><\/p>\n<h3 class=\"AnswerParser_AnswerParserH3__Mpe4s\">2. Metal \u00dczerinde NFC Etiket Performans\u0131<\/h3>\n<p><span class=\"AnswerParser_TextContainer__z_Iiv\" data-testid=\"youchat-text\">ICODE SLI X&#039;in \u00f6ne \u00e7\u0131kan \u00f6zelliklerinden biri, etkili bir \u015fekilde bir ICODE SLI X sunucusu olarak i\u015flev g\u00f6rebilmesidir.\u00a0<strong>metal \u00fcst\u00fc NFC etiketi<\/strong>Geleneksel NFC etiketleri genellikle parazit nedeniyle metal y\u00fczeylerle m\u00fccadele eder, ancak bu etiket geli\u015fmi\u015f\u00a0<strong>anti-metal teknolojisi<\/strong>\u00a0g\u00fcvenilir performans sa\u011flamak i\u00e7in. Bu, i\u015flevselli\u011fini kaybetmeden metal y\u00fczeylere g\u00fcvenli bir \u015fekilde takabilece\u011finiz anlam\u0131na gelir, bu da onu end\u00fcstriyel ortamlar veya g\u00fcvenlik kontrol noktalar\u0131 i\u00e7in m\u00fckemmel hale getirir.<\/span><span class=\"AnswerParser_TextContainer__z_Iiv\" data-testid=\"youchat-text\">Metale ba\u011fland\u0131\u011f\u0131nda, ICODE SLI X, NFC cihazlar\u0131yla g\u00fc\u00e7l\u00fc bir ba\u011flant\u0131 s\u00fcrd\u00fcrerek ek ekipmana ihtiya\u00e7 duymadan kesintisiz veri aktar\u0131m\u0131 sa\u011flar. Bu \u00f6zellik, \u00f6zellikle\u00a0<strong>temass\u0131z \u00e7\u00f6z\u00fcmler<\/strong>\u00a0zorlu ortamlarda.<\/span><\/p>\n<h3 class=\"AnswerParser_AnswerParserH3__Mpe4s\">3. \u00c7e\u015fitli Uygulamalar i\u00e7in \u00d6zelle\u015ftirme Se\u00e7enekleri<\/h3>\n<p><span class=\"AnswerParser_TextContainer__z_Iiv\" data-testid=\"youchat-text\">\u00c7e\u015fitli end\u00fcstrilerde NFC teknolojisini uygulama s\u00f6z konusu oldu\u011funda \u00f6zelle\u015ftirme \u00f6nemlidir. ICODE SLI X, boyut ve bellek kapasitesi dahil olmak \u00fczere belirli gereksinimleri kar\u015f\u0131lamak \u00fczere \u00f6zelle\u015ftirilebilir. Se\u00e7eneklerle\u00a0<strong>25mm, 30mm ve 52mm<\/strong>\u00a0\u00e7aplar\u0131 sayesinde i\u015fletmeler ihtiya\u00e7lar\u0131na en uygun boyutu se\u00e7ebilirler.<\/span><span class=\"AnswerParser_TextContainer__z_Iiv\" data-testid=\"youchat-text\">Ayr\u0131ca, bellek kapasitesi ayarlanabilir ve farkl\u0131 veri depolama ihtiya\u00e7lar\u0131na olanak tan\u0131r. Basit bir\u00a0<strong>NFC etiketi<\/strong>\u00a0\u0130ster bir kartvizit ister varl\u0131k takibi i\u00e7in daha karma\u015f\u0131k bir \u00e7\u00f6z\u00fcm olsun, ICODE SLI X do\u011fru i\u015flevselli\u011fi sunacak \u015fekilde \u00f6zelle\u015ftirilebilir.<\/span><\/p>\n<h3 class=\"AnswerParser_AnswerParserH3__Mpe4s\">4. \u00c7evreye Dayan\u0131kl\u0131 Tasar\u0131m<\/h3>\n<p><span class=\"AnswerParser_TextContainer__z_Iiv\" data-testid=\"youchat-text\">Bir ile\u00a0<strong>IP65<\/strong>\u00a0derecelendirme, ICODE SLI X toz ve neme maruz kalmaya dayanacak \u015fekilde tasarlanm\u0131\u015ft\u0131r, bu da onu d\u0131\u015f mekan ve end\u00fcstriyel kullan\u0131m i\u00e7in uygun hale getirir. Etiket, 1000 ila 15000 \u03bcm aras\u0131nda de\u011fi\u015fen s\u0131cakl\u0131klarda \u00e7al\u0131\u015fabilir.\u00a0<strong>-40\u00b0C ila 80\u00b0C<\/strong>, a\u015f\u0131r\u0131 ko\u015fullarda tutarl\u0131 performans sa\u011flar.<\/span><span class=\"AnswerParser_TextContainer__z_Iiv\" data-testid=\"youchat-text\">Bu sa\u011flaml\u0131k, i\u015fletmelerin ICODE SLI X&#039;e g\u00fcvenebilece\u011fi anlam\u0131na gelir\u00a0<strong>uzun vadeli kullan\u0131m<\/strong>, s\u0131k s\u0131k de\u011fi\u015ftirme ihtiyac\u0131n\u0131 azalt\u0131r ve sonu\u00e7 olarak maliyet tasarrufu sa\u011flar. Etiketin dayan\u0131kl\u0131l\u0131\u011f\u0131, en zorlu ortamlarda bile hayatta kalabilmesini sa\u011flar ve bu da onu her t\u00fcrl\u00fc i\u015flem i\u00e7in ak\u0131ll\u0131 bir yat\u0131r\u0131m haline getirir.<\/span><\/p>\n<h3 class=\"AnswerParser_AnswerParserH3__Mpe4s\">5. Kolay Kurulum ve Kullan\u0131m<\/h3>\n<p><span class=\"AnswerParser_TextContainer__z_Iiv\" data-testid=\"youchat-text\">ICODE SLI X&#039;in kurulumu, tasar\u0131m\u0131 sayesinde olduk\u00e7a basittir.\u00a0<strong>vida deli\u011fi<\/strong>\u00a0g\u00fcvenli ba\u011flanma i\u00e7in. \u0130ster bir\u00a0<strong>yap\u0131\u015fkan NFC<\/strong>\u00a0destekleyerek veya vidalayarak yerine sabitleyebilirsiniz, kurulum s\u00fcreci basit ve etkilidir.<\/span><span class=\"AnswerParser_TextContainer__z_Iiv\" data-testid=\"youchat-text\">Bir kez kurulduktan sonra, etiketi kullanmak da ayn\u0131 derecede kolayd\u0131r. Kullan\u0131c\u0131lar basit\u00e7e\u00a0<strong>Etikete dokunun<\/strong>\u00a0onlar\u0131n ile\u00a0<strong>NFC \u00f6zellikli telefon<\/strong>\u00a0bilgilere eri\u015fmek veya komutlar\u0131 y\u00fcr\u00fctmek i\u00e7in. Bu kullan\u0131m kolayl\u0131\u011f\u0131, ICODE SLI X&#039;i, uygulamak isteyen i\u015fletmeler i\u00e7in ideal bir se\u00e7im haline getirir\u00a0<strong>kablosuz ileti\u015fim<\/strong>\u00a0Geleneksel sistemlerin karma\u015f\u0131kl\u0131klar\u0131 olmadan.<\/span><\/p>\n<h3 class=\"AnswerParser_AnswerParserH3__Mpe4s\">6. ICODE SLI X NFC Etiketi Hakk\u0131nda SSS<\/h3>\n<p><span class=\"AnswerParser_TextContainer__z_Iiv\" data-testid=\"youchat-text\"><strong>S: ICODE SLI X temass\u0131z \u00f6demelerde kullan\u0131labilir mi?<\/strong><br \/>\nC: ICODE SLI X, veri aktar\u0131m\u0131 ve ileti\u015fimi i\u00e7in tasarlanm\u0131\u015f olsa da temass\u0131z \u00f6demeleri destekleyen sistemlere entegre edilebilir; ancak kendi ba\u015f\u0131na bir \u00f6deme i\u015fleme cihaz\u0131 de\u011fildir.<\/span><\/p>\n<p><span class=\"AnswerParser_TextContainer__z_Iiv\" data-testid=\"youchat-text\"><strong>S: ICODE SLI X su ge\u00e7irmez mi?<\/strong><br \/>\nA: ICODE SLI X, IP65 derecesine sahiptir, bu da onu toza ve su s\u0131\u00e7ramalar\u0131na kar\u015f\u0131 dayan\u0131kl\u0131 hale getirir ancak tamamen su ge\u00e7irmez de\u011fildir. \u00c7e\u015fitli hava ko\u015fullar\u0131nda d\u0131\u015f mekan kullan\u0131m\u0131 i\u00e7in uygundur.<\/span><\/p>\n<p><span class=\"AnswerParser_TextContainer__z_Iiv\" data-testid=\"youchat-text\"><strong>S: Pil \u00f6mr\u00fc ne kadar?<\/strong><br \/>\nA: ICODE SLI X gibi NFC etiketlerinin pili yoktur; dokunuldu\u011funda NFC \u00f6zellikli cihazdan g\u00fc\u00e7 al\u0131rlar, b\u00f6ylece minimum bak\u0131mla uzun \u00f6m\u00fcrl\u00fc i\u015flevsellik sa\u011flarlar.<\/span><\/p>","protected":false},"excerpt":{"rendered":"<p>The <strong>ICODE SLI X Patrol NFC Etiketi<\/strong> g\u00f6rev ve devriye s\u0131ras\u0131nda metal \u00fczerindeki ileti\u015fim ihtiya\u00e7lar\u0131 i\u00e7in g\u00fcvenilir ve \u00e7ok y\u00f6nl\u00fc bir RFID \u00e7\u00f6z\u00fcm\u00fc olarak \u00f6ne \u00e7\u0131k\u0131yor.<\/p>","protected":false},"featured_media":2763,"template":"","meta":{"_kad_post_transparent":"default","_kad_post_title":"","_kad_post_layout":"default","_kad_post_sidebar_id":"","_kad_post_content_style":"default","_kad_post_vertical_padding":"default","_kad_post_feature":"","_kad_post_feature_position":"","_kad_post_header":false,"_kad_post_footer":false,"_kad_post_classname":""},"product_brand":[],"product_cat":[54],"product_tag":[133,320,321],"class_list":{"0":"post-2761","1":"product","2":"type-product","3":"status-publish","4":"has-post-thumbnail","6":"product_cat-hot-selling-rfid-tags","7":"product_tag-i-code-slix-nfc-tag","8":"product_tag-iso15693-nfc-tag","9":"product_tag-patrol-nfc-tag","11":"first","12":"instock","13":"shipping-taxable","14":"product-type-simple","15":"entry","16":"content-bg","17":"loop-entry"},"_links":{"self":[{"href":"https:\/\/rfid-laundry-tag.com\/tr\/wp-json\/wp\/v2\/product\/2761","targetHints":{"allow":["GET"]}}],"collection":[{"href":"https:\/\/rfid-laundry-tag.com\/tr\/wp-json\/wp\/v2\/product"}],"about":[{"href":"https:\/\/rfid-laundry-tag.com\/tr\/wp-json\/wp\/v2\/types\/product"}],"version-history":[{"count":1,"href":"https:\/\/rfid-laundry-tag.com\/tr\/wp-json\/wp\/v2\/product\/2761\/revisions"}],"predecessor-version":[{"id":2765,"href":"https:\/\/rfid-laundry-tag.com\/tr\/wp-json\/wp\/v2\/product\/2761\/revisions\/2765"}],"wp:featuredmedia":[{"embeddable":true,"href":"https:\/\/rfid-laundry-tag.com\/tr\/wp-json\/wp\/v2\/media\/2763"}],"wp:attachment":[{"href":"https:\/\/rfid-laundry-tag.com\/tr\/wp-json\/wp\/v2\/media?parent=2761"}],"wp:term":[{"taxonomy":"product_brand","embeddable":true,"href":"https:\/\/rfid-laundry-tag.com\/tr\/wp-json\/wp\/v2\/product_brand?post=2761"},{"taxonomy":"product_cat","embeddable":true,"href":"https:\/\/rfid-laundry-tag.com\/tr\/wp-json\/wp\/v2\/product_cat?post=2761"},{"taxonomy":"product_tag","embeddable":true,"href":"https:\/\/rfid-laundry-tag.com\/tr\/wp-json\/wp\/v2\/product_tag?post=2761"}],"curies":[{"name":"wp","href":"https:\/\/api.w.org\/{rel}","templated":true}]}}