{"id":2742,"date":"2024-10-11T16:12:50","date_gmt":"2024-10-11T16:12:50","guid":{"rendered":"https:\/\/rfid-laundry-tag.com\/?post_type=product&#038;p=2742"},"modified":"2024-10-29T14:33:03","modified_gmt":"2024-10-29T14:33:03","slug":"epoxy-menu-nfc-tags","status":"publish","type":"product","link":"https:\/\/rfid-laundry-tag.com\/tr\/epoxy-menu-nfc-tags\/","title":{"rendered":"Epoksi Men\u00fc NFC Etiketleri"},"content":{"rendered":"<p><span class=\"AnswerParser_TextContainer__z_Iiv\" data-testid=\"youchat-text\"><strong>Epoksi Men\u00fc NFC Etiketleri<\/strong>\u00a0misafirlerin men\u00fclerle etkile\u015fim kurma bi\u00e7imini d\u00f6n\u00fc\u015ft\u00fcrmek i\u00e7in son teknoloji NFC ve QR kod teknolojisinden yararlan\u0131n. Bu yenilik\u00e7i etiketler, m\u00fc\u015fterilerin ak\u0131ll\u0131 telefonlar\u0131ndan do\u011frudan h\u0131zl\u0131 bir \u015fekilde g\u00f6z atmalar\u0131na ve sipari\u015f vermelerine olanak tan\u0131r, restoran, kafe ve barlar i\u00e7in operasyonlar\u0131 kolayla\u015ft\u0131r\u0131rken yemek deneyimlerini iyile\u015ftirir. \u00d6zelle\u015ftirilebilir tasar\u0131mlar ve sa\u011flam \u00f6zelliklerle bu etiketler, her modern i\u015fletme i\u00e7in olmazsa olmazd\u0131r.<\/span><\/p>\n<h2 class=\"AnswerParser_AnswerParserH2__SIHnF\">\u00dcr\u00fcn Anahatt\u0131<\/h2>\n<h3 class=\"AnswerParser_AnswerParserH3__Mpe4s\">1. Epoksi Men\u00fc NFC Etiketleri Nedir?<\/h3>\n<p><span class=\"AnswerParser_TextContainer__z_Iiv\" data-testid=\"youchat-text\">Epoksi Men\u00fc NFC Etiketleri, sorunsuz men\u00fc eri\u015fimini ve sipari\u015f vermeyi kolayla\u015ft\u0131rmak i\u00e7in tasarlanm\u0131\u015f geli\u015fmi\u015f dijital ara\u00e7lard\u0131r. PVC gibi dayan\u0131kl\u0131 malzemelerden \u00fcretilen ve NFC \u00e7ipleriyle donat\u0131lan bu etiketler, logolar, seri numaralar\u0131 ve hatta dinamik QR kodlar\u0131yla \u00f6zelle\u015ftirilebilir. Epoksi yap\u0131\u015fkan y\u00fczeyleri uzun \u00f6m\u00fcrl\u00fcl\u00fck ve dayan\u0131kl\u0131l\u0131k sa\u011flayarak \u00e7e\u015fitli ortamlar i\u00e7in uygun hale getirir.<\/span><\/p>\n<h3 class=\"AnswerParser_AnswerParserH3__Mpe4s\">2. Epoksi Men\u00fc NFC Etiketlerinin Temel \u00d6zellikleri<\/h3>\n<ul class=\"AnswerParser_AnswerParserUnorderedList__P_1FW\">\n<li class=\"AnswerParser_ListItem__XqLOV\" translate=\"yes\"><strong>Dayan\u0131kl\u0131l\u0131k<\/strong>:Epoksi re\u00e7ine y\u00fczey, ya\u011f, su, \u00e7izilmeler ve UV \u0131\u015f\u0131nlar\u0131na kar\u015f\u0131 ola\u011fan\u00fcst\u00fc koruma sa\u011flayarak etiketlerin zaman i\u00e7inde i\u015flevsel ve g\u00f6rsel olarak \u00e7ekici kalmas\u0131n\u0131 sa\u011flar.<\/li>\n<li class=\"AnswerParser_ListItem__XqLOV\" translate=\"yes\"><strong>\u00c7ok y\u00f6nl\u00fcl\u00fck<\/strong>: Yuvarlak (\u042460mm, \u042475mm, \u0424100mm) ve kare (80x80mm) boyutlar\u0131nda mevcut olan bu etiketler, her t\u00fcrl\u00fc tasar\u0131m esteti\u011fine veya markalama gereksinimine uyacak \u015fekilde \u00f6zelle\u015ftirilebilir.<\/li>\n<li class=\"AnswerParser_ListItem__XqLOV\" translate=\"yes\"><strong>Uyumluluk<\/strong>: Anti-metal tabakas\u0131, bu etiketlerin hem metal hem de metal olmayan y\u00fczeylerde etkili bir \u015fekilde \u00e7al\u0131\u015fmas\u0131n\u0131 sa\u011flayarak, onlar\u0131 \u00e7e\u015fitli uygulamalar i\u00e7in ideal hale getirir.<\/li>\n<\/ul>\n<h3 class=\"AnswerParser_AnswerParserH3__Mpe4s\">3. Teknik \u00d6zellikler<\/h3>\n<table class=\"has-title all magic-15\">\n<tbody>\n<tr>\n<td colspan=\"1\" rowspan=\"1\">\n<div class=\"magic-16\" data-spm-anchor-id=\"a2700.details.0.i39.7beebf0eKrXqHT\"><span class=\"magic-17\">\u00d6\u011fe<\/span><\/div>\n<\/td>\n<td colspan=\"1\" rowspan=\"1\">\n<div class=\"magic-18\"><span class=\"magic-17\">Epoksi Men\u00fc NFC Etiketleri <\/span><\/div>\n<\/td>\n<\/tr>\n<tr>\n<td colspan=\"1\" rowspan=\"1\">\n<div class=\"magic-16\"><span class=\"magic-17\">\u00d6zel \u00d6zellikler<\/span><\/div>\n<\/td>\n<td colspan=\"1\" rowspan=\"1\">\n<div class=\"magic-18\"><span class=\"magic-17\">Su ge\u00e7irmez \/ Hava ko\u015fullar\u0131na dayan\u0131kl\u0131<\/span><\/div>\n<\/td>\n<\/tr>\n<tr>\n<td colspan=\"1\" rowspan=\"1\">\n<div class=\"magic-16\"><span class=\"magic-17\">\u0130leti\u015fim Aray\u00fcz\u00fc<\/span><\/div>\n<\/td>\n<td colspan=\"1\" rowspan=\"1\">\n<div class=\"magic-18\"><span class=\"magic-17\">NFC<\/span><\/div>\n<\/td>\n<\/tr>\n<tr>\n<td colspan=\"1\" rowspan=\"1\">\n<div class=\"magic-16\"><span class=\"magic-17\">S\u0131kl\u0131k<\/span><\/div>\n<\/td>\n<td colspan=\"1\" rowspan=\"1\">\n<div class=\"magic-18\"><span class=\"magic-17\">13.56MHz<\/span><\/div>\n<\/td>\n<\/tr>\n<tr>\n<td colspan=\"1\" rowspan=\"1\">\n<div class=\"magic-16\"><span class=\"magic-17\">Malzeme<\/span><\/div>\n<\/td>\n<td colspan=\"1\" rowspan=\"1\">\n<div class=\"magic-18\">Epoksi + PET\/PVC + NFC ek par\u00e7as\u0131 + Anti-metal katman + 3M yap\u0131\u015ft\u0131r\u0131c\u0131<\/div>\n<\/td>\n<\/tr>\n<tr>\n<td colspan=\"1\" rowspan=\"1\">\n<div class=\"magic-16\">Boyut<\/div>\n<\/td>\n<td colspan=\"1\" rowspan=\"1\">\n<div class=\"magic-18\">Yuvarlak: \u042460mm, \u042475mm, \u0424100mm; Kare: 80x80mm veya \u00f6zelle\u015ftirilmi\u015f<\/div>\n<\/td>\n<\/tr>\n<tr>\n<td colspan=\"1\" rowspan=\"1\">\n<div class=\"magic-16\"><span class=\"magic-17\">Protokol<\/span><\/div>\n<\/td>\n<td colspan=\"1\" rowspan=\"1\">\n<div class=\"magic-18\"><span class=\"magic-17\">ISO 14443A<\/span><\/div>\n<\/td>\n<\/tr>\n<tr>\n<td colspan=\"1\" rowspan=\"1\">\n<div class=\"magic-16\"><span class=\"magic-17\">\u00c7ip<\/span><\/div>\n<\/td>\n<td colspan=\"1\" rowspan=\"1\">\n<div class=\"magic-18\">NTAG213, NTAG215, NTAG216 (di\u011fer yongalar da mevcuttur)<\/div>\n<\/td>\n<\/tr>\n<tr>\n<td colspan=\"1\" rowspan=\"1\">\n<div class=\"magic-16\"><span class=\"magic-17\">Haf\u0131za<\/span><\/div>\n<\/td>\n<td colspan=\"1\" rowspan=\"1\">\n<div class=\"magic-18\"><span class=\"magic-17\">144 Bayt, 504 Bayt, 888 Bayt vb.<\/span><\/div>\n<\/td>\n<\/tr>\n<tr>\n<td colspan=\"1\" rowspan=\"1\">\n<div class=\"magic-16\"><span class=\"magic-17\">Okuma mesafesi<\/span><\/div>\n<\/td>\n<td colspan=\"1\" rowspan=\"1\">\n<div class=\"magic-18\"><span class=\"magic-17\">Okuyucuya ve etiket boyutuna ba\u011fl\u0131 olarak 3-15 cm<\/span><\/div>\n<\/td>\n<\/tr>\n<tr>\n<td colspan=\"1\" rowspan=\"1\">\n<div class=\"magic-16\"><span class=\"magic-17\">Bask\u0131<\/span><\/div>\n<\/td>\n<td colspan=\"1\" rowspan=\"1\">\n<div class=\"magic-18\"><span class=\"magic-17\">CMYK 4C Bask\u0131\/Ofsetleme\/Serigrafi Bask\u0131<\/span><\/div>\n<\/td>\n<\/tr>\n<tr>\n<td colspan=\"1\" rowspan=\"1\">\n<div class=\"magic-16\"><span class=\"magic-17\">Zanaat<\/span><\/div>\n<\/td>\n<td colspan=\"1\" rowspan=\"1\">\n<div class=\"magic-18\"><span class=\"magic-17\">Lazer Kodu\\UV M\u00fcrekkep\\Seri Numaras\u0131\\Kabartma\\Termal Bask\u0131<\/span><\/div>\n<\/td>\n<\/tr>\n<tr>\n<td colspan=\"1\" rowspan=\"1\">\n<div class=\"magic-16\"><span class=\"magic-17\">Y\u00fczey<\/span><\/div>\n<\/td>\n<td colspan=\"1\" rowspan=\"1\">\n<div class=\"magic-18\"><span class=\"magic-17\">Parlak \/ Mat \/ Buzlu \/ \u015eeffaf<\/span><\/div>\n<\/td>\n<\/tr>\n<tr>\n<td colspan=\"1\" rowspan=\"1\">\n<div class=\"magic-16\"><span class=\"magic-17\">\u0130\u015flev<\/span><\/div>\n<\/td>\n<td colspan=\"1\" rowspan=\"1\">\n<div class=\"magic-18\"><span class=\"magic-17\" data-spm-anchor-id=\"a2700.details.0.i40.7beebf0eKrXqHT\">NFC sosyal medya, Lojistik y\u00f6netimi, varl\u0131k y\u00f6netimi, tedarik zinciri y\u00f6netimi, ara\u00e7 y\u00f6netimi, \u00fcretim kontrol\u00fc, depo y\u00f6netimi, \u00fcr\u00fcn y\u00f6netimi, \u00fcr\u00fcn do\u011frulama, varl\u0131k takibi, bagaj ta\u015f\u0131ma takibi, envanter y\u00f6netimi, \u00d6deme, bileklik vb. Laminasyon, G\u00fcvenilir, p\u00fcr\u00fczs\u00fcz bask\u0131 y\u00fczeyi.<\/span><\/div>\n<\/td>\n<\/tr>\n<tr>\n<td colspan=\"1\" rowspan=\"1\">\n<div class=\"magic-16\"><span class=\"magic-17\">Standart ebat kart a\u011f\u0131rl\u0131\u011f\u0131<\/span><\/div>\n<\/td>\n<td colspan=\"1\" rowspan=\"1\">\n<div class=\"magic-18\"><span class=\"magic-17\">120*120*4mm 0.058KG\/ADET\u00a0 \u00a0<\/span><\/p>\n<div data-spm-anchor-id=\"a2700.pc-decorate.0.i47.51c0333312LtHT\"><span class=\"magic-17\">Her \u00e7\u0131kartma paketi Opp \u015eeffaf po\u015fet ile birlikte,\u00a0\u00a0<\/span><\/div>\n<div data-spm-anchor-id=\"a2700.pc-decorate.0.i114.51c0333312LtHT\"><span class=\"magic-17\">320 adet\/Karikat\u00fcr<\/span><\/div>\n<\/div>\n<\/td>\n<\/tr>\n<\/tbody>\n<\/table>\n<h3 class=\"AnswerParser_AnswerParserH3__Mpe4s\">4. \u00d6zelle\u015ftirme Se\u00e7enekleri<\/h3>\n<p><span class=\"AnswerParser_TextContainer__z_Iiv\" data-testid=\"youchat-text\">Epoxy Menu NFC Etiketleri&#039;nin \u00f6ne \u00e7\u0131kan \u00f6zelliklerinden biri de \u00f6zelle\u015ftirme yetenekleridir. \u0130\u015fletmeler logolar\u0131n\u0131, benzersiz tan\u0131mlay\u0131c\u0131lar\u0131n\u0131 ve hatta belirli promosyonlara veya men\u00fclere ba\u011flanan dinamik QR kodlar\u0131n\u0131 basabilirler. Bu d\u00fczeyde ki\u015fiselle\u015ftirme yaln\u0131zca marka g\u00f6r\u00fcn\u00fcrl\u00fc\u011f\u00fcn\u00fc art\u0131rmakla kalmaz, ayn\u0131 zamanda m\u00fc\u015fterileri benzersiz bir \u015fekilde etkiler.<\/span><\/p>\n<h3 class=\"AnswerParser_AnswerParserH3__Mpe4s\">5. Misafirperverlik End\u00fcstrisindeki Uygulamalar<\/h3>\n<p><span class=\"AnswerParser_TextContainer__z_Iiv\" data-testid=\"youchat-text\">Epoksi Men\u00fc NFC Etiketleri a\u015fa\u011f\u0131dakiler de dahil olmak \u00fczere \u00e7e\u015fitli uygulamalar i\u00e7in m\u00fckemmeldir:<\/span><\/p>\n<ul class=\"AnswerParser_AnswerParserUnorderedList__P_1FW\">\n<li class=\"AnswerParser_ListItem__XqLOV\" translate=\"yes\"><strong>Dijital Men\u00fcler<\/strong>:Misafirler, ak\u0131ll\u0131 telefonlar\u0131n\u0131 etikete dokundurarak veya QR kodunu tarayarak men\u00fcye eri\u015febiliyor, b\u00f6ylece fiziksel men\u00fclere olan ihtiya\u00e7 azal\u0131yor.<\/li>\n<li class=\"AnswerParser_ListItem__XqLOV\" translate=\"yes\"><strong>H\u0131zl\u0131 \u00d6deme<\/strong>: \u00d6deme ba\u011flant\u0131lar\u0131n\u0131 do\u011frudan NFC etiketlerine entegre ederek \u00f6deme s\u00fcrecini kolayla\u015ft\u0131r\u0131n.<\/li>\n<li class=\"AnswerParser_ListItem__XqLOV\" translate=\"yes\"><strong>Sosyal Medya Ba\u011flant\u0131lar\u0131<\/strong>M\u00fc\u015fterilerinizi sosyal medya sayfalar\u0131na veya yorum platformlar\u0131na ba\u011flant\u0131 vererek deneyimlerini payla\u015fmaya te\u015fvik edin.<\/li>\n<\/ul>\n<h3 class=\"AnswerParser_AnswerParserH3__Mpe4s\">6. \u00c7evresel Etki<\/h3>\n<p><span class=\"AnswerParser_TextContainer__z_Iiv\" data-testid=\"youchat-text\">Epoxy Menu NFC Etiketlerini kullanmak, geleneksel men\u00fclerle ili\u015fkili ka\u011f\u0131t at\u0131klar\u0131n\u0131 \u00f6nemli \u00f6l\u00e7\u00fcde azaltabilir. Dijital \u00e7\u00f6z\u00fcmleri tercih ederek, i\u015fletmeler \u00e7evresel s\u00fcrd\u00fcr\u00fclebilirli\u011fe katk\u0131da bulunurken ayn\u0131 zamanda m\u00fc\u015fteri rahatl\u0131\u011f\u0131n\u0131 da art\u0131r\u0131r.<\/span><\/p>\n<h3 class=\"AnswerParser_AnswerParserH3__Mpe4s\">7. M\u00fc\u015fteri Yorumlar\u0131 ve Geri Bildirimleri<\/h3>\n<p><span class=\"AnswerParser_TextContainer__z_Iiv\" data-testid=\"youchat-text\">M\u00fc\u015fteriler,\u00a0<strong>Epoksi Men\u00fc NFC Etiketleri<\/strong>\u00a0Dayan\u0131kl\u0131l\u0131klar\u0131 ve kullan\u0131m kolayl\u0131klar\u0131 nedeniyle. Bir\u00e7ok ki\u015fi etiketlerin men\u00fclere h\u0131zl\u0131 eri\u015fim sa\u011flayarak ve bekleme s\u00fcrelerini azaltarak yemek yeme deneyimlerini iyile\u015ftirdi\u011fini belirtti. Men\u00fc \u00f6\u011felerini ger\u00e7ek zamanl\u0131 olarak g\u00fcncelleme yetene\u011fi de \u00f6nemli bir avantaj olarak vurguland\u0131.<\/span><\/p>\n<h3 class=\"AnswerParser_AnswerParserH3__Mpe4s\">8. SSS<\/h3>\n<p><span class=\"AnswerParser_TextContainer__z_Iiv\" data-testid=\"youchat-text\"><strong>S: Epoxy Menu NFC Etiketlerini nas\u0131l kurar\u0131m?<\/strong><br \/>\nA: 3M yap\u0131\u015ft\u0131r\u0131c\u0131s\u0131n\u0131n arkas\u0131n\u0131 soyun ve etiketi temiz ve kuru bir y\u00fczeye yap\u0131\u015ft\u0131r\u0131n. M\u00fc\u015fterilerin kolayca eri\u015febilece\u011fi bir yere yerle\u015ftirildi\u011finden emin olun.<\/span><span class=\"AnswerParser_TextContainer__z_Iiv\" data-testid=\"youchat-text\"><strong>S: NFC etiketleri \u00fczerindeki bilgileri g\u00fcncelleyebilir miyim?<\/strong><br \/>\nC: Evet! Bilgiler istedi\u011finiz zaman g\u00fcncellenebilir, b\u00f6ylece yeni etiketlere ihtiya\u00e7 duymadan men\u00fcn\u00fcz\u00fc g\u00fcncel tutabilirsiniz.<\/span><span class=\"AnswerParser_TextContainer__z_Iiv\" data-testid=\"youchat-text\"><strong>S: Minimum sipari\u015f miktar\u0131 nedir?<\/strong><br \/>\nC: Minimum sipari\u015f miktar\u0131 100 adettir, 500 adet ve \u00fczeri sipari\u015flerde daha uygun fiyatlar mevcuttur.<\/span><\/p>\n<h3 class=\"AnswerParser_AnswerParserH3__Mpe4s\">9. Neden Epoxy Men\u00fc NFC Etiketlerini Se\u00e7melisiniz?<\/h3>\n<p><span class=\"AnswerParser_TextContainer__z_Iiv\" data-testid=\"youchat-text\">Yat\u0131r\u0131m yapmak\u00a0<strong>Epoksi Men\u00fc NFC Etiketleri<\/strong>\u00a0m\u00fc\u015fteri deneyiminin \u00f6nceliklendirildi\u011fi bir gelece\u011fe yat\u0131r\u0131m yapmak anlam\u0131na gelir. Bu etiketler yaln\u0131zca operasyonel verimlili\u011fi art\u0131rmakla kalmaz, ayn\u0131 zamanda geleneksel yemek deneyimlerine modern bir dokunu\u015f da sa\u011flar. Sa\u011flam \u00f6zellikleri ve \u00f6zelle\u015ftirilebilir se\u00e7enekleriyle, rekabet\u00e7i misafirperverlik pazar\u0131nda \u00f6nde kalmak isteyen her kurulu\u015f i\u00e7in olmazsa olmaz bir ara\u00e7t\u0131r.<\/span><\/p>\n<h3 class=\"AnswerParser_AnswerParserH3__Mpe4s\">10. Hemen Ba\u015flay\u0131n!<\/h3>\n<p><span class=\"AnswerParser_TextContainer__z_Iiv\" data-testid=\"youchat-text\">Yemek deneyiminizi bir \u00fcst seviyeye ta\u015f\u0131maya haz\u0131r m\u0131s\u0131n\u0131z?\u00a0<strong>Bug\u00fcn bizimle ileti\u015fime ge\u00e7in<\/strong>\u00a0Epoxy Menu NFC Etiketlerimizin \u00fccretsiz stok \u00f6rne\u011fini talep etmek ve fark\u0131 kendiniz g\u00f6rmek i\u00e7in. Kalite ve m\u00fc\u015fteri memnuniyetine olan ba\u011fl\u0131l\u0131\u011f\u0131m\u0131zla, her ad\u0131mda size yard\u0131mc\u0131 olmak i\u00e7in buraday\u0131z.<\/span><\/p>","protected":false},"excerpt":{"rendered":"<p>Epoxy Menu NFC Etiketleri ile yemek yeme deneyimini yenileyin! Ak\u0131ll\u0131 telefonlar arac\u0131l\u0131\u011f\u0131yla h\u0131zl\u0131 men\u00fc eri\u015fimini ve sipari\u015fleri etkinle\u015ftirin, konuk deneyimini geli\u015ftirin ve restoran operasyonlar\u0131n\u0131 optimize edin.<\/p>","protected":false},"featured_media":2800,"template":"","meta":{"_kad_post_transparent":"default","_kad_post_title":"","_kad_post_layout":"default","_kad_post_sidebar_id":"","_kad_post_content_style":"default","_kad_post_vertical_padding":"default","_kad_post_feature":"","_kad_post_feature_position":"","_kad_post_header":false,"_kad_post_footer":false,"_kad_post_classname":""},"product_brand":[],"product_cat":[54],"product_tag":[277,333,217,332,331],"class_list":{"0":"post-2742","1":"product","2":"type-product","3":"status-publish","4":"has-post-thumbnail","6":"product_cat-hot-selling-rfid-tags","7":"product_tag-menu-nfc-tags","8":"product_tag-nfc-epoxy-sticker","9":"product_tag-nfc-tags","10":"product_tag-restaurant-desk-nfc-menu-tag","11":"product_tag-table-nfc-tags","13":"first","14":"instock","15":"shipping-taxable","16":"product-type-simple","17":"entry","18":"content-bg","19":"loop-entry"},"_links":{"self":[{"href":"https:\/\/rfid-laundry-tag.com\/tr\/wp-json\/wp\/v2\/product\/2742","targetHints":{"allow":["GET"]}}],"collection":[{"href":"https:\/\/rfid-laundry-tag.com\/tr\/wp-json\/wp\/v2\/product"}],"about":[{"href":"https:\/\/rfid-laundry-tag.com\/tr\/wp-json\/wp\/v2\/types\/product"}],"version-history":[{"count":1,"href":"https:\/\/rfid-laundry-tag.com\/tr\/wp-json\/wp\/v2\/product\/2742\/revisions"}],"predecessor-version":[{"id":2801,"href":"https:\/\/rfid-laundry-tag.com\/tr\/wp-json\/wp\/v2\/product\/2742\/revisions\/2801"}],"wp:featuredmedia":[{"embeddable":true,"href":"https:\/\/rfid-laundry-tag.com\/tr\/wp-json\/wp\/v2\/media\/2800"}],"wp:attachment":[{"href":"https:\/\/rfid-laundry-tag.com\/tr\/wp-json\/wp\/v2\/media?parent=2742"}],"wp:term":[{"taxonomy":"product_brand","embeddable":true,"href":"https:\/\/rfid-laundry-tag.com\/tr\/wp-json\/wp\/v2\/product_brand?post=2742"},{"taxonomy":"product_cat","embeddable":true,"href":"https:\/\/rfid-laundry-tag.com\/tr\/wp-json\/wp\/v2\/product_cat?post=2742"},{"taxonomy":"product_tag","embeddable":true,"href":"https:\/\/rfid-laundry-tag.com\/tr\/wp-json\/wp\/v2\/product_tag?post=2742"}],"curies":[{"name":"wp","href":"https:\/\/api.w.org\/{rel}","templated":true}]}}