{"id":2714,"date":"2024-09-28T14:57:16","date_gmt":"2024-09-28T14:57:16","guid":{"rendered":"https:\/\/rfid-laundry-tag.com\/?post_type=product&#038;p=2714"},"modified":"2024-09-28T15:13:47","modified_gmt":"2024-09-28T15:13:47","slug":"custom-laundry-rfid-tag","status":"publish","type":"product","link":"https:\/\/rfid-laundry-tag.com\/tr\/custom-laundry-rfid-tag\/","title":{"rendered":"\u00d6zel \u00c7ama\u015f\u0131rhane RFID Etiketi"},"content":{"rendered":"<div>\n<div class=\"auto-hide-last-sibling-br paragraph_1252f paragraph-element\">\n<table width=\"637\">\n<tbody>\n<tr>\n<td width=\"328\">\u00dcr\u00fcn Ad\u0131:<\/td>\n<td width=\"309\"><strong>\u00d6zel \u00c7ama\u015f\u0131rhane RFID Etiketi<\/strong><\/td>\n<\/tr>\n<tr>\n<td width=\"328\">RFID Standard\u0131:<\/td>\n<td width=\"309\">ISO\/IEC 18000-6 TipC (EPC Gen2)<\/td>\n<\/tr>\n<tr>\n<td width=\"328\">Boyut ve A\u011f\u0131rl\u0131k:<\/td>\n<td width=\"309\">70\u00d715 mm, 0,6 gr<\/td>\n<\/tr>\n<tr>\n<td width=\"328\">\u00c7ip T\u00fcr\u00fc:<\/td>\n<td width=\"309\">Impinj Monza 4QT,NXP U KODU 8\uff0cNXP U KODU 9<\/td>\n<\/tr>\n<tr>\n<td width=\"328\">EPC Belle\u011fi:<\/td>\n<td width=\"309\">128 bit<\/td>\n<\/tr>\n<tr>\n<td width=\"328\">Kullan\u0131c\u0131 Belle\u011fi:<\/td>\n<td width=\"309\">512 bit<\/td>\n<\/tr>\n<tr>\n<td width=\"328\">Okuma Aral\u0131\u011f\u0131(2W ERP FCC):<\/td>\n<td width=\"309\">8m<\/td>\n<\/tr>\n<tr>\n<td width=\"328\">Okuma Aral\u0131\u011f\u0131(2W ERP ETSI):<\/td>\n<td width=\"309\">8m<\/td>\n<\/tr>\n<tr>\n<td width=\"328\">Etiketleme:<\/td>\n<td width=\"309\">Diki\u015f, S\u0131cak damgalama yap\u0131\u015ft\u0131r\u0131c\u0131s\u0131<\/td>\n<\/tr>\n<tr>\n<td width=\"328\">Tahmini \u00d6m\u00fcr:<\/td>\n<td width=\"309\">200 y\u0131kama d\u00f6ng\u00fcs\u00fc veya 3 y\u0131l, hangisi \u00f6nce ger\u00e7ekle\u015firse<\/td>\n<\/tr>\n<tr>\n<td width=\"328\">Y\u0131kama Y\u00f6ntemi:<\/td>\n<td width=\"309\">\u00c7ama\u015f\u0131rhane, Kuru temizleme<\/td>\n<\/tr>\n<tr>\n<td width=\"328\">Su \u00c7\u0131karma Bas\u0131nc\u0131:<\/td>\n<td width=\"309\">60 bar<\/td>\n<\/tr>\n<tr>\n<td width=\"328\">Suya Dayan\u0131kl\u0131l\u0131k:<\/td>\n<td width=\"309\">Su ge\u00e7irmez<\/td>\n<\/tr>\n<tr>\n<td width=\"328\">Kimyasal Diren\u00e7:<\/td>\n<td width=\"309\">Deterjan, Yumu\u015fat\u0131c\u0131, \u00c7ama\u015f\u0131r Suyu (Oksijen\/ Klor), Alkali<\/td>\n<\/tr>\n<tr>\n<td width=\"328\">Tumbler&#039;da \u00d6n Kurutma:<\/td>\n<td width=\"309\">125 \u00baC&#039;de 15-20 dakika<\/td>\n<\/tr>\n<tr>\n<td width=\"328\">Sterilizasyon S\u0131cakl\u0131\u011f\u0131:<\/td>\n<td width=\"309\">135\u00b0C&#039;de 15-20 dakika<\/td>\n<\/tr>\n<tr>\n<td width=\"328\">Y\u0131kama S\u0131cakl\u0131\u011f\u0131:<\/td>\n<td width=\"309\">90\u00b0C ,15dk&#039;ya kadar.<\/td>\n<\/tr>\n<tr>\n<td width=\"328\">Nem\/S\u0131cakl\u0131k-\u00c7al\u0131\u015fma:<\/td>\n<td width=\"309\">-20 ila 110\u00b0C, 8 ila 95%RH<\/td>\n<\/tr>\n<tr>\n<td width=\"328\">Nem\/S\u0131cakl\u0131k-Depolama:<\/td>\n<td width=\"309\">-40 ila 110\u00b0C, 8 ila 95%RH<\/td>\n<\/tr>\n<\/tbody>\n<\/table>\n<\/div>\n<\/div>\n<div class=\"auto-hide-last-sibling-br paragraph_1252f paragraph-element\">\n<h2 class=\"AnswerParser_AnswerParserH2__SIHnF\">Neden \u00d6zel \u00c7ama\u015f\u0131rhane RFID Etiketi Se\u00e7melisiniz?<\/h2>\n<p><span class=\"AnswerParser_TextContainer__z_Iiv\" data-testid=\"youchat-text\">Bir yat\u0131r\u0131ma yat\u0131r\u0131m yapmak\u00a0<strong>\u00f6zel \u00e7ama\u015f\u0131rhane RFID etiketi<\/strong>\u00a0operasyonel verimlili\u011fi art\u0131r\u0131r, kay\u0131plar\u0131 azalt\u0131r ve envanter kontrol\u00fcn\u00fc iyile\u015ftirir. \u0130\u015fletmeler, takip s\u00fcrecini otomatikle\u015ftirerek tekstil \u00fcr\u00fcnlerinin do\u011fru kay\u0131tlar\u0131n\u0131 sa\u011flarken zamandan ve kaynaklardan tasarruf edebilirler. Bu etiketlerin dayan\u0131kl\u0131l\u0131\u011f\u0131 ve kimyasal direnci, onlar\u0131 \u00e7e\u015fitli \u00e7ama\u015f\u0131rhane ortamlar\u0131 i\u00e7in ideal hale getirerek kullan\u0131c\u0131lar i\u00e7in g\u00f6n\u00fcl rahatl\u0131\u011f\u0131 sa\u011flar.<\/span><\/p>\n<h2 class=\"AnswerParser_AnswerParserH2__SIHnF\">\u00d6zel \u00c7ama\u015f\u0131rhane RFID Etiketinin \u00d6zellikleri<\/h2>\n<h3 class=\"AnswerParser_AnswerParserH3__Mpe4s\">1. Dayan\u0131kl\u0131 ve Y\u0131kanabilir Tasar\u0131m<\/h3>\n<p><span class=\"AnswerParser_TextContainer__z_Iiv\" data-testid=\"youchat-text\">The\u00a0<strong>\u00f6zel \u00e7ama\u015f\u0131rhane RFID etiketi<\/strong>\u00a0ticari y\u0131kama zorluklar\u0131na dayanacak \u015fekilde \u00f6zel olarak tasarlanm\u0131\u015ft\u0131r. 70\u00d715 mm boyutunda ve sadece 0,6 g a\u011f\u0131rl\u0131\u011f\u0131nda olan bu etiket, hafif olmas\u0131na ra\u011fmen 200 y\u0131kama d\u00f6ng\u00fcs\u00fcne veya \u00fc\u00e7 y\u0131ll\u0131k kullan\u0131ma dayanacak kadar sa\u011flamd\u0131r. Su ge\u00e7irmez ve kimyasallara dayan\u0131kl\u0131 malzemelerden \u00fcretilen bu etiket, deterjanlara, yumu\u015fat\u0131c\u0131lara ve a\u011fart\u0131c\u0131lara maruz kalma gibi zorlu ortamlarda hayatta kalabilir.<\/span><\/p>\n<h3 class=\"AnswerParser_AnswerParserH3__Mpe4s\">2. Geli\u015fmi\u015f RFID Teknolojisi<\/h3>\n<p><span class=\"AnswerParser_TextContainer__z_Iiv\" data-testid=\"youchat-text\">ISO\/IEC 18000-6 Tip C (EPC Gen2) standard\u0131nda \u00e7al\u0131\u015fan bu\u00a0<strong>RFID \u00e7ama\u015f\u0131r etiketi<\/strong>\u00a08 metrelik etkileyici bir okuma aral\u0131\u011f\u0131na sahiptir ve bu sayede do\u011frudan g\u00f6r\u00fc\u015f hatt\u0131na ihtiya\u00e7 duymadan \u00e7ama\u015f\u0131rlar\u0131 takip etmeyi kolayla\u015ft\u0131r\u0131r. Impinj Monza 4QT ve NXP U CODE 8\/9 gibi geli\u015fmi\u015f \u00e7ip tipleri, zorlu ko\u015fullarda bile verimli veri iletimi ve g\u00fcvenilir performans sa\u011flar.<\/span><\/p>\n<h3 class=\"AnswerParser_AnswerParserH3__Mpe4s\">3. \u00c7ok Y\u00f6nl\u00fc Etiketleme Se\u00e7enekleri<\/h3>\n<p><span class=\"AnswerParser_TextContainer__z_Iiv\" data-testid=\"youchat-text\">The\u00a0<strong>\u00f6zel \u00e7ama\u015f\u0131rhane RFID etiketi<\/strong>\u00a0diki\u015f ve s\u0131cak damgalama yap\u0131\u015ft\u0131r\u0131c\u0131 y\u00f6ntemleri dahil olmak \u00fczere esnek etiketleme \u00e7\u00f6z\u00fcmleri sunar. Bu \u00e7ok y\u00f6nl\u00fcl\u00fck, etiketlerin ya\u015fam d\u00f6ng\u00fcs\u00fc boyunca g\u00fcvenli bir \u015fekilde ba\u011fl\u0131 kalmas\u0131n\u0131 sa\u011flayarak \u00e7e\u015fitli tekstil \u00fcr\u00fcnlerine kolay entegrasyon sa\u011flar.<\/span><\/p>\n<h3 class=\"AnswerParser_AnswerParserH3__Mpe4s\">4. Kimyasal ve S\u0131cakl\u0131k Direnci<\/h3>\n<p><span class=\"AnswerParser_TextContainer__z_Iiv\" data-testid=\"youchat-text\">Y\u00fcksek s\u0131cakl\u0131klara dayanacak \u015fekilde tasarlanm\u0131\u015ft\u0131r\u00a0<strong>RFID etiketi<\/strong>\u00a015 dakika boyunca 90\u00b0C&#039;ye kadar y\u0131kama s\u0131cakl\u0131klar\u0131na ve 15-20 dakika boyunca 135\u00b0C&#039;de sterilizasyona dayanabilir. 60 bar su \u00e7ekme bas\u0131nc\u0131yla, bu etiketler zorlu y\u0131kama ortamlar\u0131yla ba\u015fa \u00e7\u0131kmak i\u00e7in \u00fcretilmi\u015ftir ve bu da onlar\u0131 end\u00fcstriyel \u00e7ama\u015f\u0131r y\u0131kama uygulamalar\u0131 i\u00e7in uygun hale getirir.<\/span><\/p>\n<h3 class=\"AnswerParser_AnswerParserH3__Mpe4s\">5. Geli\u015fmi\u015f Envanter Y\u00f6netimi<\/h3>\n<p><span class=\"AnswerParser_TextContainer__z_Iiv\" data-testid=\"youchat-text\">Kullanarak\u00a0<strong>RFID \u00e7ama\u015f\u0131r takibi<\/strong>\u00a0teknoloji, i\u015fletmelerin \u00e7ama\u015f\u0131rhane operasyonlar\u0131n\u0131 kolayla\u015ft\u0131rmalar\u0131n\u0131 sa\u011flar. Etiketler, kay\u0131plar\u0131 \u00f6nlemeye ve t\u00fcm kalemlerin hesaba kat\u0131lmas\u0131n\u0131 sa\u011flamaya yard\u0131mc\u0131 olarak verimli envanter y\u00f6netimini kolayla\u015ft\u0131r\u0131r. Bu d\u00fczeydeki izleme, sa\u011fl\u0131k tesisleri, oteller ve y\u00fcksek \u00e7ama\u015f\u0131r hacmine sahip di\u011fer kurulu\u015flar i\u00e7in olmazsa olmazd\u0131r.<\/span><\/p>\n<h3 class=\"AnswerParser_AnswerParserH3__Mpe4s\">6. \u00c7evresel Etki<\/h3>\n<p><span class=\"AnswerParser_TextContainer__z_Iiv\" data-testid=\"youchat-text\">The\u00a0<strong>\u00f6zel \u00e7ama\u015f\u0131rhane RFID etiketi<\/strong>\u00a0sadece dayan\u0131kl\u0131 de\u011fil ayn\u0131 zamanda \u00e7evre dostudur. Manuel izleme ihtiyac\u0131n\u0131 azaltarak ve tekstil kay\u0131plar\u0131n\u0131 en aza indirerek, bu etiketler daha s\u00fcrd\u00fcr\u00fclebilir \u00e7ama\u015f\u0131r y\u0131kama uygulamalar\u0131na katk\u0131da bulunur. RFID teknolojisinin uygulanmas\u0131, at\u0131\u011f\u0131n azalt\u0131lmas\u0131na ve geri d\u00f6n\u00fc\u015f\u00fcm \u00e7abalar\u0131n\u0131n iyile\u015ftirilmesine yol a\u00e7abilir.<\/span><\/div>\n<div><\/div>\n<div>\n<h2 class=\"AnswerParser_AnswerParserH2__SIHnF\">Kullan\u0131m Talimatlar\u0131<\/h2>\n<ol class=\"AnswerParser_AnswerParserOrderedList__kl_2Y\">\n<li class=\"AnswerParser_ListItem__XqLOV\" translate=\"yes\"><strong>Etiketleme<\/strong>:RFID etiketini giysinize veya \u00e7ama\u015f\u0131r\u0131n\u0131za g\u00fcvenli bir \u015fekilde takmak i\u00e7in tercih etti\u011finiz etiketleme y\u00f6ntemini (diki\u015f veya s\u0131cak damgalama) se\u00e7in.<\/li>\n<li class=\"AnswerParser_ListItem__XqLOV\" translate=\"yes\"><strong>Y\u0131kama<\/strong>: Etiketin \u00f6nerilen s\u0131cakl\u0131klara ve kimyasal ayarlara maruz kald\u0131\u011f\u0131ndan emin olarak y\u0131kama talimatlar\u0131n\u0131 izleyin.<\/li>\n<li class=\"AnswerParser_ListItem__XqLOV\" translate=\"yes\"><strong>Takip<\/strong>: \u00c7ama\u015f\u0131rhane envanterinizi etkin bir \u015fekilde takip etmek ve y\u00f6netmek i\u00e7in bir RFID okuyucu kullan\u0131n, b\u00f6ylece do\u011fru kay\u0131tlar tutun ve kay\u0131plar\u0131 en aza indirin.<\/li>\n<\/ol>\n<h2 class=\"AnswerParser_AnswerParserH2__SIHnF\">M\u00fc\u015fteri Yorumlar\u0131<\/h2>\n<p><span class=\"AnswerParser_TextContainer__z_Iiv\" data-testid=\"youchat-text\">&quot;Kullan\u0131m\u0131\u00a0<strong>\u00f6zel \u00e7ama\u015f\u0131rhane RFID etiketi<\/strong>\u00a0\u00e7ama\u015f\u0131rhane operasyonlar\u0131m\u0131z\u0131 d\u00f6n\u00fc\u015ft\u00fcrd\u00fc. \u00c7ar\u015faflar\u0131m\u0131z\u0131 sorunsuz bir \u015fekilde takip edebiliyoruz ve kay\u0131plarda \u00f6nemli bir azalma g\u00f6rd\u00fck.\u201d \u2013 Sarah, Otel M\u00fcd\u00fcr\u00fc<\/span><span class=\"AnswerParser_TextContainer__z_Iiv\" data-testid=\"youchat-text\">\u201cBu RFID \u00e7\u00f6z\u00fcm\u00fc dayan\u0131kl\u0131d\u0131r ve end\u00fcstriyel \u00e7ama\u015f\u0131r y\u0131kama s\u00fcre\u00e7lerimize hi\u00e7bir sorun \u00e7\u0131karmadan dayan\u0131r. Kesinlikle tavsiye ederim!\u201d \u2013 Mark, Operasyon Direkt\u00f6r\u00fc<\/span><\/p>\n<h2 class=\"AnswerParser_AnswerParserH2__SIHnF\">S\u0131k\u00e7a Sorulan Sorular (SSS)<\/h2>\n<p><span class=\"AnswerParser_TextContainer__z_Iiv\" data-testid=\"youchat-text\"><strong>S: RFID etiketi ne kadar s\u00fcre dayan\u0131r?<\/strong><br \/>\nA:\u00a0<strong>\u00f6zel \u00e7ama\u015f\u0131rhane RFID etiketi<\/strong>\u00a0200 y\u0131kama d\u00f6ng\u00fcs\u00fcne veya \u00fc\u00e7 y\u0131la kadar (hangisi \u00f6nce ger\u00e7ekle\u015firse) dayanacak \u015fekilde tasarlanm\u0131\u015ft\u0131r.<\/span><\/div>\n<div><span class=\"AnswerParser_TextContainer__z_Iiv\" data-testid=\"youchat-text\"><strong>S: Etiket y\u00fcksek s\u0131cakl\u0131klara dayanabilir mi?<\/strong><br \/>\nC: Evet, etiket 90\u00b0C&#039;ye kadar y\u0131kama s\u0131cakl\u0131klar\u0131na ve 135\u00b0C&#039;ye kadar sterilizasyon s\u0131cakl\u0131klar\u0131na dayanacak \u015fekilde tasarlanm\u0131\u015ft\u0131r.<\/span><\/div>\n<div><span class=\"AnswerParser_TextContainer__z_Iiv\" data-testid=\"youchat-text\"><strong>S: RFID etiketini tekstil \u00fcr\u00fcnlerime nas\u0131l takabilirim?<\/strong><br \/>\nC: Etiketi tercihinize g\u00f6re kuma\u015fa dikebilir veya s\u0131cak damgalama yap\u0131\u015ft\u0131r\u0131c\u0131s\u0131 kullanarak yap\u0131\u015ft\u0131rabilirsiniz.<\/span><\/div>\n<div><span class=\"AnswerParser_TextContainer__z_Iiv\" data-testid=\"youchat-text\"><strong>S: RFID etiketi su ge\u00e7irmez mi?<\/strong><br \/>\nC: Evet, etiket su ge\u00e7irmezdir ve \u00e7e\u015fitli kimyasallara ve y\u0131kama ko\u015fullar\u0131na maruz kalmaya dayan\u0131kl\u0131d\u0131r.<\/span><\/p>\n<h3 class=\"AnswerParser_AnswerParserH3__Mpe4s\">\u0130lgili \u00dcr\u00fcnler<\/h3>\n<ul class=\"AnswerParser_AnswerParserUnorderedList__P_1FW\">\n<li class=\"AnswerParser_ListItem__XqLOV\" translate=\"yes\"><strong>RFID Keten Etiketleri<\/strong>:Otel ve sa\u011fl\u0131k kurulu\u015flar\u0131nda \u00e7ama\u015f\u0131r takibi i\u00e7in idealdir.<\/li>\n<li class=\"AnswerParser_ListItem__XqLOV\" translate=\"yes\"><strong>Y\u0131kanabilir RFID Etiketleri<\/strong>:S\u0131k y\u0131kama ve takip gerektiren giysiler i\u00e7in idealdir.<\/li>\n<li class=\"AnswerParser_ListItem__XqLOV\" translate=\"yes\"><strong>End\u00fcstriyel \u00c7ama\u015f\u0131rhane \u00c7\u00f6z\u00fcmleri<\/strong>: Y\u00fcksek hacimli \u00e7ama\u015f\u0131rhane operasyonlar\u0131 i\u00e7in \u00f6zel RFID \u00e7\u00f6z\u00fcmleri.<\/li>\n<\/ul>\n<\/div>\n<div data-spm-anchor-id=\"a2700.details.0.i57.23b419c7xXORP0\">\n<div class=\"auto-hide-last-sibling-br paragraph_1252f paragraph-element\"><\/div>\n<\/div>\n<div class=\"auto-hide-last-sibling-br paragraph_1252f paragraph-element\"><\/div>","protected":false},"excerpt":{"rendered":"<p>Giysilerinizi dayan\u0131kl\u0131 etiketlerle g\u00fcvenli bir \u015fekilde etiketleyin <strong>\u00c7ama\u015f\u0131rhane RFID etiketleri<\/strong>Y\u00fcksek s\u0131cakl\u0131klara dayan\u0131kl\u0131, suya dayan\u0131kl\u0131 ve \u00e7ama\u015f\u0131rlar\u0131n verimli bir \u015fekilde takibi i\u00e7in ideal olarak tasarlanm\u0131\u015ft\u0131r.<\/p>","protected":false},"featured_media":2715,"template":"","meta":{"_kad_post_transparent":"default","_kad_post_title":"","_kad_post_layout":"default","_kad_post_sidebar_id":"","_kad_post_content_style":"default","_kad_post_vertical_padding":"default","_kad_post_feature":"","_kad_post_feature_position":"","_kad_post_header":false,"_kad_post_footer":false,"_kad_post_classname":""},"product_brand":[],"product_cat":[19],"product_tag":[315,297,31,30],"class_list":{"0":"post-2714","1":"product","2":"type-product","3":"status-publish","4":"has-post-thumbnail","6":"product_cat-textile-rfid-laundry-tag","7":"product_tag-custom-laundry-rfid-tag","8":"product_tag-rfid-chips-for-uniform","9":"product_tag-rfid-tag-for-linen-laundry","10":"product_tag-uhf-rfid-laundry-tag","12":"first","13":"instock","14":"featured","15":"shipping-taxable","16":"product-type-simple","17":"entry","18":"content-bg","19":"loop-entry"},"_links":{"self":[{"href":"https:\/\/rfid-laundry-tag.com\/tr\/wp-json\/wp\/v2\/product\/2714","targetHints":{"allow":["GET"]}}],"collection":[{"href":"https:\/\/rfid-laundry-tag.com\/tr\/wp-json\/wp\/v2\/product"}],"about":[{"href":"https:\/\/rfid-laundry-tag.com\/tr\/wp-json\/wp\/v2\/types\/product"}],"version-history":[{"count":1,"href":"https:\/\/rfid-laundry-tag.com\/tr\/wp-json\/wp\/v2\/product\/2714\/revisions"}],"predecessor-version":[{"id":2716,"href":"https:\/\/rfid-laundry-tag.com\/tr\/wp-json\/wp\/v2\/product\/2714\/revisions\/2716"}],"wp:featuredmedia":[{"embeddable":true,"href":"https:\/\/rfid-laundry-tag.com\/tr\/wp-json\/wp\/v2\/media\/2715"}],"wp:attachment":[{"href":"https:\/\/rfid-laundry-tag.com\/tr\/wp-json\/wp\/v2\/media?parent=2714"}],"wp:term":[{"taxonomy":"product_brand","embeddable":true,"href":"https:\/\/rfid-laundry-tag.com\/tr\/wp-json\/wp\/v2\/product_brand?post=2714"},{"taxonomy":"product_cat","embeddable":true,"href":"https:\/\/rfid-laundry-tag.com\/tr\/wp-json\/wp\/v2\/product_cat?post=2714"},{"taxonomy":"product_tag","embeddable":true,"href":"https:\/\/rfid-laundry-tag.com\/tr\/wp-json\/wp\/v2\/product_tag?post=2714"}],"curies":[{"name":"wp","href":"https:\/\/api.w.org\/{rel}","templated":true}]}}