{"id":2699,"date":"2024-09-26T14:38:21","date_gmt":"2024-09-26T14:38:21","guid":{"rendered":"https:\/\/rfid-laundry-tag.com\/?post_type=product&#038;p=2699"},"modified":"2024-09-26T15:40:42","modified_gmt":"2024-09-26T15:40:42","slug":"mifare-desfire-ev2-2k-4k-8k-rfid-nfc-inlay","status":"publish","type":"product","link":"https:\/\/rfid-laundry-tag.com\/tr\/mifare-desfire-ev2-2k-4k-8k-rfid-nfc-inlay\/","title":{"rendered":"MIFARE Desfire EV2 2K 4K 8K RFID NFC EKLEME"},"content":{"rendered":"<p><span class=\"AnswerParser_TextContainer__z_Iiv\" data-testid=\"youchat-text\"><strong>MIFARE Desfire EV2 2K 4K 8K RFID NFC EKLEME<\/strong> <\/span><\/p>\n<p><span class=\"AnswerParser_TextContainer__z_Iiv\" data-testid=\"youchat-text\">The\u00a0<strong>MIFARE\u00ae DESFire\u00ae EV2<\/strong>\u00a0RFID teknolojisindeki en son geli\u015fmedir ve benzersiz g\u00fcvenlik, \u00e7ok y\u00f6nl\u00fcl\u00fck ve verimlilik sunar. NXP taraf\u0131ndan geli\u015ftirilen bu geli\u015fmi\u015f ak\u0131ll\u0131 kart \u00e7\u00f6z\u00fcm\u00fc, g\u00fcvenli eri\u015fim kontrol\u00fcnden sorunsuz toplu ta\u015f\u0131ma sistemlerine kadar modern uygulamalar\u0131n zorlu taleplerini kar\u015f\u0131lar. Geli\u015fmi\u015f \u015fifreleme yetenekleri ve esnek bir uygulama mimarisiyle MIFARE DESFire EV2, g\u00fcvenilir ve \u00f6l\u00e7eklenebilir temass\u0131z \u00e7\u00f6z\u00fcmler uygulamak isteyen i\u015fletmeler ve h\u00fck\u00fcmetler i\u00e7in ideal bir se\u00e7imdir.<\/span><\/p>\n<h2 class=\"AnswerParser_AnswerParserH2__SIHnF\">Kapsaml\u0131 RFID ve NFC Entegrasyonu<\/h2>\n<h3 class=\"AnswerParser_AnswerParserH3__Mpe4s\">Geli\u015fmi\u015f MIFARE DESFire Yetenekleri<\/h3>\n<p><span class=\"AnswerParser_TextContainer__z_Iiv\" data-testid=\"youchat-text\">MIFARE DESFire \u00fcr\u00fcn serisi geli\u015fmi\u015f \u00f6zellikleri ve sa\u011flam g\u00fcvenli\u011fiyle \u00fcnl\u00fcd\u00fcr. EV2 s\u00fcr\u00fcm\u00fc bu yetenekleri tek bir kartta birden fazla uygulama deste\u011fi, h\u0131zl\u0131 veri i\u015flem h\u0131zlar\u0131 ve geli\u015fmi\u015f bellek depolama se\u00e7enekleriyle geni\u015fletir. DES, 2K3DES, 3K3DES ve AES \u015fifrelemesi i\u00e7eren MIFARE DESFire EV2, \u00e7e\u015fitli platformlar aras\u0131nda g\u00fcvenli veri iletimi sa\u011flar.<\/span><\/p>\n<h3 class=\"AnswerParser_AnswerParserH3__Mpe4s\">Esnek G\u00f6mme Se\u00e7enekleri<\/h3>\n<p><span class=\"AnswerParser_TextContainer__z_Iiv\" data-testid=\"youchat-text\">RFID ek par\u00e7alar\u0131, \u00f6l\u00e7eklenebilir ve \u00f6zelle\u015ftirilebilir \u00e7\u00f6z\u00fcmler olu\u015fturmada \u00f6nemli bir bile\u015fendir. MIFARE DESFire EV2 ek par\u00e7alar\u0131 se\u00e7enekleri, kartlar, etiketler ve bileklikler gibi form fakt\u00f6rlerinde esneklik sunar ve \u00e7e\u015fitli uygulama ihtiya\u00e7lar\u0131na uyarlanabilir. \u0130ster ula\u015f\u0131m biletleri ister sadakat programlar\u0131 i\u00e7in olsun, ek par\u00e7a g\u00fcvenilir performans i\u00e7in temel teknolojiyi sa\u011flar.<\/span><\/p>\n<h3 class=\"AnswerParser_AnswerParserH3__Mpe4s\">NXP MIFARE DESFire EV2 G\u00fcvenli\u011fi<\/h3>\n<p><span class=\"AnswerParser_TextContainer__z_Iiv\" data-testid=\"youchat-text\">G\u00fcvenlik, MIFARE DESFire EV2&#039;nin kalbinde yer al\u0131r. Common Criteria EAL5+ sertifikal\u0131d\u0131r ve bu da onu elektronik pasaportlar ve banka kartlar\u0131 gibi y\u00fcksek g\u00fcvenlikli uygulamalar i\u00e7in uygun hale getirir. Bu sertifika, hassas verileri korumak ve yetkisiz eri\u015fimi engellemek i\u00e7in en y\u00fcksek d\u00fczeyde g\u00fcvenli\u011fi garanti eder.<\/span><\/p>\n<h2 class=\"AnswerParser_AnswerParserH2__SIHnF\">\u00dcr\u00fcn \u00d6zellikleri ve Avantajlar\u0131<\/h2>\n<h3 class=\"AnswerParser_AnswerParserH3__Mpe4s\">H\u0131zl\u0131 Veri Aktar\u0131m\u0131 ve G\u00fc\u00e7l\u00fc \u015eifreleme<\/h3>\n<p><span class=\"AnswerParser_TextContainer__z_Iiv\" data-testid=\"youchat-text\">848 kbit\/s&#039;ye kadar veri aktar\u0131m h\u0131zlar\u0131yla MIFARE DESFire EV2, cihazlar aras\u0131nda h\u0131zl\u0131 ve etkili ileti\u015fimi m\u00fcmk\u00fcn k\u0131lar. AES dahil olmak \u00fczere sa\u011flam \u015fifreleme y\u00f6ntemleri, t\u00fcm verilerin iletim s\u0131ras\u0131nda g\u00fcvenli kalmas\u0131n\u0131 sa\u011flayarak hem kullan\u0131c\u0131lar hem de operat\u00f6rler i\u00e7in g\u00f6n\u00fcl rahatl\u0131\u011f\u0131 sa\u011flar.<\/span><\/p>\n<h3 class=\"AnswerParser_AnswerParserH3__Mpe4s\">Y\u00fcksek Kapasiteli Bellek Se\u00e7enekleri<\/h3>\n<p><span class=\"AnswerParser_TextContainer__z_Iiv\" data-testid=\"youchat-text\">MIFARE DESFire EV2, farkl\u0131 depolama ihtiya\u00e7lar\u0131n\u0131 kar\u015f\u0131layan 2kB, 4kB, 8kB, 16kB veya 32kB dahil olmak \u00fczere \u00e7e\u015fitli bellek boyutlar\u0131 sunar. Bu esneklik, birden fazla uygulaman\u0131n ve b\u00fcy\u00fck veri k\u00fcmelerinin depolanmas\u0131na olanak tan\u0131r ve karma\u015f\u0131k ortamlar i\u00e7in idealdir.<\/span><\/p>\n<h3 class=\"AnswerParser_AnswerParserH3__Mpe4s\">NFC ve RFID Sistemleriyle Sorunsuz Entegrasyon<\/h3>\n<p><span class=\"AnswerParser_TextContainer__z_Iiv\" data-testid=\"youchat-text\">ISO\/IEC 14443 A standartlar\u0131na uyacak \u015fekilde tasarlanan MIFARE DESFire EV2, mevcut NFC okuyucu altyap\u0131lar\u0131yla sorunsuz bir \u015fekilde entegre olur. Bu uyumluluk, i\u015fletmelerin sistemlerini kapsaml\u0131 de\u011fi\u015fikliklere ihtiya\u00e7 duymadan y\u00fckseltebilmelerini sa\u011flar ve b\u00f6ylece maliyetleri ve uygulama s\u00fcresini azalt\u0131r.<\/span><\/p>\n<h2 class=\"AnswerParser_AnswerParserH2__SIHnF\">Kullan\u0131m ve Uygulamalar<\/h2>\n<h3 class=\"AnswerParser_AnswerParserH3__Mpe4s\">Ak\u0131ll\u0131 \u015eehir Giri\u015fimleri<\/h3>\n<p><span class=\"AnswerParser_TextContainer__z_Iiv\" data-testid=\"youchat-text\">MIFARE DESFire EV2, toplu ta\u015f\u0131ma, \u015fehir cazibe merkezlerine eri\u015fim ve yerel sadakat programlar\u0131 gibi entegre hizmetleri etkinle\u015ftirerek ak\u0131ll\u0131 \u015fehir uygulamalar\u0131n\u0131n temel ta\u015f\u0131d\u0131r. Tek bir kartta birden fazla uygulamay\u0131 destekleme yetene\u011fi, kullan\u0131c\u0131lar i\u00e7in kullan\u0131\u015fl\u0131 ve y\u00f6neticiler i\u00e7in verimli hale getirir.<\/span><\/p>\n<h3 class=\"AnswerParser_AnswerParserH3__Mpe4s\">Eri\u015fim Kontrol\u00fc ve Kimlik Y\u00f6netimi<\/h3>\n<p><span class=\"AnswerParser_TextContainer__z_Iiv\" data-testid=\"youchat-text\">Eri\u015fim kontrol sistemlerinde, MIFARE DESFire EV2 kullan\u0131c\u0131lar\u0131 y\u00f6netmek ve do\u011frulamak i\u00e7in g\u00fcvenli bir \u00e7\u00f6z\u00fcm sunar. Geli\u015fmi\u015f \u015fifrelemesi ve geni\u015f bellek kapasitesi, ayr\u0131nt\u0131l\u0131 eri\u015fim g\u00fcnl\u00fckleri ve \u00e7ok seviyeli kullan\u0131c\u0131 kimlik do\u011frulamas\u0131 sa\u011flayarak g\u00fcvenlik protokollerini geli\u015ftirir.<\/span><\/p>\n<h3 class=\"AnswerParser_AnswerParserH3__Mpe4s\">Sadakat ve Mikro \u00d6deme \u00c7\u00f6z\u00fcmleri<\/h3>\n<p><span class=\"AnswerParser_TextContainer__z_Iiv\" data-testid=\"youchat-text\">Perakendeciler ve servis sa\u011flay\u0131c\u0131lar sadakat ve mikro \u00f6deme uygulamalar\u0131 i\u00e7in MIFARE DESFire EV2&#039;den yararlanabilir. H\u0131zl\u0131 veri i\u015fleme ve g\u00fcvenli i\u015flem yetenekleri, y\u00fcksek hacimli i\u015flemleri h\u0131zl\u0131 ve do\u011fru bir \u015fekilde ele almak i\u00e7in idealdir.<\/span><\/p>\n<h2 class=\"AnswerParser_AnswerParserH2__SIHnF\">Teknik \u00d6zellikler<\/h2>\n<div class=\"AnswerParser_TableContainer__Erb6v\" data-testid=\"table-container\">\n<table>\n<thead>\n<tr>\n<th style=\"text-align: left;\">\u00d6zellik<\/th>\n<th style=\"text-align: left;\">\u015eartname<\/th>\n<\/tr>\n<\/thead>\n<tbody>\n<tr>\n<td>RF Aray\u00fcz\u00fc<\/td>\n<td>ISO\/IEC 14443 Tip A<\/td>\n<\/tr>\n<tr>\n<td>Veri Aktar\u0131m Oranlar\u0131<\/td>\n<td>106, 212, 424, 848 kbit\/s<\/td>\n<\/tr>\n<tr>\n<td>Bellek Se\u00e7enekleri<\/td>\n<td>2kB, 4kB, 8kB, 16kB, 32kB<\/td>\n<\/tr>\n<tr>\n<td>G\u00fcvenlik<\/td>\n<td>AES, DES, 2K3DES, 3K3DES \u015fifreleme<\/td>\n<\/tr>\n<tr>\n<td>Sertifikasyon<\/td>\n<td>Ortak Kriterler EAL5+<\/td>\n<\/tr>\n<tr>\n<td>Uygulama Deste\u011fi<\/td>\n<td>Uygulama ba\u015f\u0131na 32 dosyaya kadar<\/td>\n<\/tr>\n<tr>\n<td>\u00c7al\u0131\u015fma Mesafesi<\/td>\n<td>100 mm&#039;ye kadar (anten geometrisine ba\u011fl\u0131 olarak)<\/td>\n<\/tr>\n<\/tbody>\n<\/table>\n<\/div>\n<h2 class=\"AnswerParser_AnswerParserH2__SIHnF\">\u00c7evresel Etki ve S\u00fcrd\u00fcr\u00fclebilirlik<\/h2>\n<p><span class=\"AnswerParser_TextContainer__z_Iiv\" data-testid=\"youchat-text\">MIFARE DESFire EV2, s\u00fcrd\u00fcr\u00fclebilirlik d\u00fc\u015f\u00fcn\u00fclerek tasarlanm\u0131\u015ft\u0131r. Uzun veri tutma \u00f6zelli\u011fi ve y\u00fcksek yazma dayan\u0131kl\u0131l\u0131\u011f\u0131, s\u0131k de\u011fi\u015ftirme ihtiyac\u0131n\u0131 en aza indirerek at\u0131\u011f\u0131 ve \u00e7evresel etkiyi azalt\u0131r. Ayr\u0131ca, mevcut altyap\u0131larla uyumlulu\u011fu, gereksiz y\u00fckseltmeleri \u00f6nlemeye yard\u0131mc\u0131 olarak kaynaklar\u0131 korur.<\/span><\/p>\n<h2 class=\"AnswerParser_AnswerParserH2__SIHnF\">M\u00fc\u015fteri Yorumlar\u0131 ve G\u00f6r\u00fc\u015fleri<\/h2>\n<p><span class=\"AnswerParser_TextContainer__z_Iiv\" data-testid=\"youchat-text\">\u201cMIFARE DESFire EV2&#039;yi toplu ta\u015f\u0131ma sistemimize entegre etti\u011fimizden beri i\u015flem h\u0131z\u0131 ve g\u00fcvenilirlikte \u00f6nemli bir iyile\u015fme g\u00f6rd\u00fck. M\u00fc\u015fterilerimiz sorunsuz deneyimi takdir ediyor.\u201d \u2013\u00a0<strong>\u015eehir Ula\u015f\u0131m Otoritesi<\/strong><\/span><span class=\"AnswerParser_TextContainer__z_Iiv\" data-testid=\"youchat-text\">\u201cMIFARE DESFire EV2&#039;nin g\u00fcvenlik \u00f6zellikleri eri\u015fim kontrol \u00e7\u00f6z\u00fcmlerimiz i\u00e7in oyunun kurallar\u0131n\u0131 de\u011fi\u015ftirdi. Art\u0131k m\u00fc\u015fterilerimize daha \u00f6nce ula\u015f\u0131lamaz bir g\u00fcvenlik seviyesi sunabiliyoruz.\u201d \u2013\u00a0<strong>G\u00fcvenlik \u00c7\u00f6z\u00fcmleri Sa\u011flay\u0131c\u0131s\u0131<\/strong><\/span><\/p>\n<h2 class=\"AnswerParser_AnswerParserH2__SIHnF\">S\u0131k\u00e7a Sorulan Sorular (SSS)<\/h2>\n<p><span class=\"AnswerParser_TextContainer__z_Iiv\" data-testid=\"youchat-text\"><strong>S: MIFARE Desfire EV2 2K 4K 8K RFID NFC INLAY&#039;i \u00f6nceki modellerden farkl\u0131 k\u0131lan nedir?<\/strong><br \/>\nC: EV2 modeli, geli\u015fmi\u015f \u015fifreleme y\u00f6ntemleri, daha b\u00fcy\u00fck bellek se\u00e7enekleri ve birden fazla uygulamay\u0131 desteklemesiyle seleflerine g\u00f6re daha \u00e7ok y\u00f6nl\u00fc ve g\u00fcvenlidir.<\/span><\/p>\n<p><span class=\"AnswerParser_TextContainer__z_Iiv\" data-testid=\"youchat-text\"><strong>S: MIFARE Desfire EV2 2K 4K 8K RFID NFC INLAY mevcut NFC okuyucularla uyumlu mudur?<\/strong><br \/>\nC: Evet, ISO\/IEC 14443 standartlar\u0131na uygundur ve mevcut NFC altyap\u0131s\u0131yla sorunsuz uyumlulu\u011fu garanti eder.<\/span><\/p>\n<p><span class=\"AnswerParser_TextContainer__z_Iiv\" data-testid=\"youchat-text\"><strong>S: MIFARE Desfire EV2 2K 4K 8K RFID NFC INLAY mobil \u00f6demeler i\u00e7in kullan\u0131labilir mi?<\/strong><br \/>\nC: Kesinlikle, g\u00fcvenli i\u015flem kabiliyeti ve h\u0131zl\u0131 veri transfer h\u0131z\u0131 onu mobil \u00f6deme \u00e7\u00f6z\u00fcmleri i\u00e7in ideal k\u0131l\u0131yor.<\/span><\/p>","protected":false},"excerpt":{"rendered":"<p>MIFARE Desfire EV2 2K 4K 8K RFID NFC INLAY, y\u00fcksek g\u00fcvenlik, h\u0131zl\u0131 veri transferi, esnek bellek se\u00e7enekleri ve birden fazla uygulama i\u00e7in kusursuz entegrasyon sunan geli\u015fmi\u015f bir RFID \u00e7\u00f6z\u00fcm\u00fcd\u00fcr.<\/p>","protected":false},"featured_media":2700,"template":"","meta":{"_kad_post_transparent":"default","_kad_post_title":"","_kad_post_layout":"default","_kad_post_sidebar_id":"","_kad_post_content_style":"default","_kad_post_vertical_padding":"default","_kad_post_feature":"","_kad_post_feature_position":"","_kad_post_header":false,"_kad_post_footer":false,"_kad_post_classname":""},"product_brand":[],"product_cat":[189],"product_tag":[313,111,108],"class_list":{"0":"post-2699","1":"product","2":"type-product","3":"status-publish","4":"has-post-thumbnail","6":"product_cat-rfid-inlay","7":"product_tag-mifare-desfire-inlay","8":"product_tag-nfc-inlay","9":"product_tag-rfid-inlay","11":"first","12":"instock","13":"shipping-taxable","14":"product-type-simple","15":"entry","16":"content-bg","17":"loop-entry"},"_links":{"self":[{"href":"https:\/\/rfid-laundry-tag.com\/tr\/wp-json\/wp\/v2\/product\/2699","targetHints":{"allow":["GET"]}}],"collection":[{"href":"https:\/\/rfid-laundry-tag.com\/tr\/wp-json\/wp\/v2\/product"}],"about":[{"href":"https:\/\/rfid-laundry-tag.com\/tr\/wp-json\/wp\/v2\/types\/product"}],"version-history":[{"count":2,"href":"https:\/\/rfid-laundry-tag.com\/tr\/wp-json\/wp\/v2\/product\/2699\/revisions"}],"predecessor-version":[{"id":2703,"href":"https:\/\/rfid-laundry-tag.com\/tr\/wp-json\/wp\/v2\/product\/2699\/revisions\/2703"}],"wp:featuredmedia":[{"embeddable":true,"href":"https:\/\/rfid-laundry-tag.com\/tr\/wp-json\/wp\/v2\/media\/2700"}],"wp:attachment":[{"href":"https:\/\/rfid-laundry-tag.com\/tr\/wp-json\/wp\/v2\/media?parent=2699"}],"wp:term":[{"taxonomy":"product_brand","embeddable":true,"href":"https:\/\/rfid-laundry-tag.com\/tr\/wp-json\/wp\/v2\/product_brand?post=2699"},{"taxonomy":"product_cat","embeddable":true,"href":"https:\/\/rfid-laundry-tag.com\/tr\/wp-json\/wp\/v2\/product_cat?post=2699"},{"taxonomy":"product_tag","embeddable":true,"href":"https:\/\/rfid-laundry-tag.com\/tr\/wp-json\/wp\/v2\/product_tag?post=2699"}],"curies":[{"name":"wp","href":"https:\/\/api.w.org\/{rel}","templated":true}]}}