{"id":2689,"date":"2024-09-26T09:32:20","date_gmt":"2024-09-26T09:32:20","guid":{"rendered":"https:\/\/rfid-laundry-tag.com\/?post_type=product&#038;p=2689"},"modified":"2024-09-26T14:30:31","modified_gmt":"2024-09-26T14:30:31","slug":"rfid-nfc-mifare-desfire-inlay","status":"publish","type":"product","link":"https:\/\/rfid-laundry-tag.com\/tr\/rfid-nfc-mifare-desfire-inlay\/","title":{"rendered":"RFID NFC MIFARE Desfire EKLEMEL\u0130"},"content":{"rendered":"<h1>RFID NFC MIFARE Desfire EKLEMEL\u0130<\/h1>\n<p>The<strong> RFID NFC MIFARE Desfire EKLEMEL\u0130<\/strong>\u00a0Sa\u011flam g\u00fcvenlik ve ola\u011fan\u00fcst\u00fc performans gerektiren uygulamalar i\u00e7in tasarlanm\u0131\u015f geli\u015fmi\u015f bir \u00e7\u00f6z\u00fcmd\u00fcr. G\u00f6m\u00fcl\u00fc RFID \u00e7ipi ve \u00f6zelle\u015ftirilebilir \u00f6zellikleriyle bu inlay, eri\u015fim kontrol\u00fcnden \u00f6deme sistemlerine kadar \u00e7e\u015fitli kullan\u0131mlar i\u00e7in kusursuz bir deneyim sunar. \u0130ster kimlik belirleme y\u00f6ntemlerinizi y\u00fckseltmek isteyen bir i\u015fletme olun, ister g\u00fcvenli i\u015flemler arayan bir birey olun, MIFARE DESFire inlay&#039;lar\u0131 ilgi \u00e7ekici bir se\u00e7im sunar.<\/p>\n<h3>MIFARE_DESFIRE EV2 2K\/4k\/8K&#039;n\u0131n \u00d6zellikleri<\/h3>\n<div id=\"featuresXsp\" class=\"features-list toggle-opacity in\">\n<div class=\"features-xsp\">\n<div class=\"collapse-mobile ste-list\">\n<h3>RF aray\u00fcz\u00fc: ISO\/IEC 14443 Tip A<\/h3>\n<ul class=\"boxes\">\n<li>ISO\/IEC 14443-2\/3 A ile uyumlu temass\u0131z aray\u00fcz<\/li>\n<li>D\u00fc\u015f\u00fck Hmin, PCD taraf\u0131ndan sa\u011flanan g\u00fcce ve anten geometrisine ba\u011fl\u0131 olarak 100 mm&#039;ye kadar \u00e7al\u0131\u015fma mesafesine olanak tan\u0131r<\/li>\n<li>H\u0131zl\u0131 veri aktar\u0131m\u0131: 106 kbit\/s, 212 kbit\/s, 424 kbit\/s, 848 kbit\/s<\/li>\n<li>7 bayt benzersiz tan\u0131mlay\u0131c\u0131 (Rastgele Kimlik se\u00e7ene\u011fi)<\/li>\n<li>ISO\/IEC 14443-4 iletim protokol\u00fcn\u00fc kullan\u0131r<\/li>\n<li>128 bayta kadar \u00e7er\u00e7eve boyutunu desteklemek i\u00e7in yap\u0131land\u0131r\u0131labilir FSCI (yeni)<\/li>\n<\/ul>\n<\/div>\n<div class=\"collapse-mobile ste-list\">\n<h3>U\u00e7ucu olmayan bellek<\/h3>\n<ul class=\"boxes\">\n<li>2 kB, 4 kB, 8 kB, 16 kB veya 32 kB NV<\/li>\n<li>25 y\u0131ll\u0131k veri saklama s\u00fcresi<\/li>\n<li>Dayan\u0131kl\u0131l\u0131k tipik olarak 500.000 \u00e7evrimi yaz\u0131n<\/li>\n<li>H\u0131zl\u0131 programlama d\u00f6ng\u00fcleri (silme\/yazma)<\/li>\n<\/ul>\n<\/div>\n<div class=\"collapse-mobile ste-list\">\n<h3>NV-haf\u0131za organizasyonu<\/h3>\n<ul class=\"boxes\">\n<li>Esnek dosya sistemi: Kullan\u0131c\u0131 PICC \u00fczerinde uygulama yap\u0131lar\u0131n\u0131 \u00f6zg\u00fcrce tan\u0131mlayabilir<\/li>\n<li>PICC ba\u015f\u0131na ba\u015fvuru say\u0131s\u0131nda neredeyse hi\u00e7 s\u0131n\u0131rlama yok (yeni)<\/li>\n<li>Her uygulamada 32 adede kadar dosya (6 dosya t\u00fcr\u00fc mevcuttur: Standart Veri dosyas\u0131, Yedek Veri dosyas\u0131, De\u011fer dosyas\u0131, Do\u011frusal Kay\u0131t dosyas\u0131, D\u00f6ng\u00fcsel Kay\u0131t dosyas\u0131 ve \u0130\u015flem MAC dosyas\u0131)<\/li>\n<li>Dosya boyutu olu\u015fturma s\u0131ras\u0131nda belirlenir (Transaction MAC dosyas\u0131 i\u00e7in de\u011fil)<\/li>\n<\/ul>\n<\/div>\n<\/div>\n<\/div>\n<h2>RFID NFC MIFARE Desfire INLAY&#039;in Temel Faydalar\u0131<\/h2>\n<p>MIFARE DESFire <a href=\"https:\/\/rfid-laundry-tag.com\/tr\/rfid-inlay\/\">RFID G\u00f6mme Etiketleri<\/a> sadece etiketler de\u011fildir; verimlilik, esneklik ve g\u00fcvenli\u011fin bir arada var oldu\u011fu bir gelece\u011fe do\u011fru at\u0131lan bir ad\u0131m\u0131 temsil ederler. Bu ekler, markan\u0131z\u0131 sergilerken geli\u015fmi\u015f i\u015flevsellik sa\u011flayarak \u00f6zel ihtiya\u00e7lar\u0131n\u0131za uyacak \u015fekilde \u00f6zelle\u015ftirilebilir. MIFARE DESFire platformunun \u00e7ok y\u00f6nl\u00fcl\u00fc\u011f\u00fc, temass\u0131z \u00f6demelerden g\u00fcvenli eri\u015fim kontrol sistemlerine kadar \u00e7e\u015fitli uygulamalara olanak tan\u0131r.<\/p>\n<h3>MIFARE DESFire RFID Inlay&#039;in \u00d6zellikleri<\/h3>\n<p>MIFARE DESFire <a href=\"https:\/\/rfid-laundry-tag.com\/tr\/rfid-inlay\/\">RFID G\u00f6mme<\/a> modern RFID uygulamalar\u0131nda onu vazge\u00e7ilmez bir ara\u00e7 haline getiren say\u0131s\u0131z \u00f6zellik sunar. Bunlara NFC \u00f6zellikli cihazlarla uyumluluk, \u00e7oklu veri kapasiteleri (32k&#039;ya kadar) ve kullan\u0131c\u0131 verilerini koruyan g\u00fcvenli \u015fifreleme standartlar\u0131 dahildir.<\/p>\n<h3>MIFARE DESFire Teknolojisinin G\u00fcc\u00fc<\/h3>\n<p>MIFARE DESFire teknolojisi, veri iletimi ve g\u00fcvenli\u011findeki verimlili\u011fiyle bilinen RFID sekt\u00f6r\u00fcn\u00fcn \u00f6n saflar\u0131nda yer almaktad\u0131r. Platform, Common Criteria EAL5+ g\u00fcvenlik sertifikas\u0131na uygundur ve bu da onu bankac\u0131l\u0131k kartlar\u0131 ve elektronik pasaportlar gibi hassas uygulamalar i\u00e7in g\u00fcvenilir hale getirir.<\/p>\n<h3>RFID \u0130nlay&#039;lerinin \u00c7ok Y\u00f6nl\u00fc Uygulamalar\u0131<\/h3>\n<p>MIFARE DESFire i\u00e7in \u00f6zelle\u015ftirme se\u00e7enekleri <a href=\"https:\/\/rfid-laundry-tag.com\/tr\/rfid-inlay\/\">RFID G\u00f6mme Etiketleri<\/a> geni\u015ftir. Ak\u0131ll\u0131 \u015fehir hizmetlerinden sadakat programlar\u0131na ve nakitsiz \u00f6deme \u00e7\u00f6z\u00fcmlerine kadar, i\u015flevler modern teknolojinin taleplerini kar\u015f\u0131lamak \u00fczere tasarlanm\u0131\u015ft\u0131r.<\/p>\n<h3>\u0130\u015fletmeniz i\u00e7in \u00d6zelle\u015ftirme Se\u00e7enekleri<\/h3>\n<p>MIFARE DESFire ile <a href=\"https:\/\/rfid-laundry-tag.com\/tr\/rfid-inlay\/\">RFID G\u00f6mme Etiketleri<\/a>, \u015fekil ve boyuttan bas\u0131l\u0131 logolara ve seri numaralar\u0131na kadar her \u015feyi \u00f6zelle\u015ftirebilirsiniz. Bu esneklik, marka g\u00f6r\u00fcn\u00fcrl\u00fc\u011f\u00fcn\u00fc art\u0131r\u0131r ve belirli i\u015f ihtiya\u00e7lar\u0131na g\u00f6re uyarlanm\u0131\u015f benzersiz bir kullan\u0131c\u0131 deneyimi sa\u011flar.<\/p>\n<h3>Geli\u015fmi\u015f G\u00fcvenlik \u00d6zellikleri<\/h3>\n<p>MIFARE DESFire RFID Inlay&#039;lere yerle\u015ftirilen g\u00fcvenlik \u00f6nlemleri benzersizdir. Veri iletimi i\u00e7in kar\u015f\u0131l\u0131kl\u0131 \u00fc\u00e7 ge\u00e7i\u015fli kimlik do\u011frulama ve AES \u015fifrelemesi ile kullan\u0131c\u0131lar bilgilerinin gizli ve g\u00fcvenli kald\u0131\u011f\u0131ndan emin olabilirler.<\/p>\n<h3>\u00c7evre Dostu Hususlar<\/h3>\n<p>RFID teknolojisi s\u00fcrd\u00fcr\u00fclebilirli\u011fi benimsedi\u011finden, MIFARE DESFire Inlays \u00e7evre dostu malzemelerle \u00fcretilebilir. Bu \u00f6zellik yaln\u0131zca \u00e7evresel etkiyi azaltmakla kalmaz, ayn\u0131 zamanda i\u015fletmenizi modern t\u00fcketici de\u011ferleriyle uyumlu hale getirir.<\/p>\n<h3>Teknik \u00d6zelliklere Genel Bak\u0131\u015f<\/h3>\n<div>\n<div class=\"overflow-x-auto custom-scrollbar custom-scrollbar-wide mb-2\">\n<table class=\"w-fit !mb-2 !max-w-none\">\n<thead>\n<tr>\n<th style=\"text-align: left;\"><strong>\u015eartname<\/strong><\/th>\n<th style=\"text-align: left;\"><strong>Tan\u0131m<\/strong><\/th>\n<\/tr>\n<\/thead>\n<tbody>\n<tr>\n<td><strong>RF Aray\u00fcz\u00fc<\/strong><\/td>\n<td>ISO\/IEC 14443 Tip A<\/td>\n<\/tr>\n<tr>\n<td><strong>\u00c7al\u0131\u015fma Mesafesi<\/strong><\/td>\n<td>100 mm&#039;ye kadar<\/td>\n<\/tr>\n<tr>\n<td><strong>Veri Aktar\u0131m Oranlar\u0131<\/strong><\/td>\n<td>106 kbit\/sn ila 848 kbit\/sn<\/td>\n<\/tr>\n<tr>\n<td><strong>Bellek Se\u00e7enekleri<\/strong><\/td>\n<td>2k, 4k, 8k, 16k veya 32k NV<\/td>\n<\/tr>\n<tr>\n<td><strong>Benzersiz Tan\u0131mlay\u0131c\u0131<\/strong><\/td>\n<td>Rastgele Kimlik se\u00e7ene\u011fiyle 7 bayt<\/td>\n<\/tr>\n<tr>\n<td><strong>G\u00fcvenlik Sertifikas\u0131<\/strong><\/td>\n<td>Ortak Kriterler EAL5+<\/td>\n<\/tr>\n<\/tbody>\n<\/table>\n<\/div>\n<\/div>\n<h3>M\u00fc\u015fteri G\u00f6r\u00fc\u015fleri<\/h3>\n<p>\u00c7e\u015fitli sekt\u00f6rlerden m\u00fc\u015fteriler, MIFARE DESFire inlay&#039;lar\u0131n\u0131 performanslar\u0131 ve g\u00fcvenilirlikleri nedeniyle \u00f6vd\u00fcler. Geri bildirimler, entegrasyon kolayl\u0131\u011f\u0131, operasyonlarda verimlilik ve g\u00fcvenlik \u00f6zellikleriyle ilgili genel memnuniyeti vurguluyor.<\/p>\n<h3>S\u0131k\u00e7a Sorulan Sorular (SSS)<\/h3>\n<p><strong>MIFARE DESFire inlay&#039;lar i\u00e7in maksimum bellek boyutu nedir?<\/strong><\/p>\n<ul>\n<li style=\"list-style-type: none;\">\n<ul>\n<li>Kullan\u0131labilir maksimum bellek boyutu 32k&#039;d\u0131r.<\/li>\n<\/ul>\n<\/li>\n<\/ul>\n<p><strong>Bu ekler mevcut NFC okuyucular\u0131yla uyumlu mu?<\/strong><\/p>\n<ul>\n<li style=\"list-style-type: none;\">\n<ul>\n<li>Evet, mevcut NFC okuyucu altyap\u0131s\u0131yla tam uyumludurlar.<\/li>\n<\/ul>\n<\/li>\n<\/ul>\n<p><strong>Veri aktar\u0131m ayarlar\u0131n\u0131 \u00f6zelle\u015ftirebilir miyim?<\/strong><\/p>\n<ul>\n<li style=\"list-style-type: none;\">\n<ul>\n<li>Evet, \u00e7er\u00e7eve boyutunu uygulama ihtiya\u00e7lar\u0131n\u0131za uyacak \u015fekilde yap\u0131land\u0131rabilirsiniz.<\/li>\n<\/ul>\n<\/li>\n<\/ul>\n<h3>MIFARE DESFire RFID G\u00f6mme Par\u00e7alar\u0131 Hakk\u0131nda Son D\u00fc\u015f\u00fcnceler<\/h3>\n<p>MIFARE DESFire RFID Inlay, g\u00fcvenlik, performans ve \u00e7ok y\u00f6nl\u00fcl\u00fc\u011f\u00fcn m\u00fckemmel birle\u015fimini b\u00fcnyesinde bar\u0131nd\u0131r\u0131yor. \u00d6zelle\u015ftirme se\u00e7enekleri, y\u00fcksek g\u00fcvenlik standartlar\u0131 ve \u00e7e\u015fitli uygulamalarla bu teknolojiye yat\u0131r\u0131m yapmak, hem i\u015fletmeler hem de bireyler i\u00e7in ak\u0131ll\u0131ca bir se\u00e7imdir.<\/p>\n<p>Bir sonraki seviye g\u00fcvenlik ve verimlili\u011fin kilidini a\u00e7\u0131n\u00a0<strong>MIFARE DESFire RFID G\u00f6mme Par\u00e7alar\u0131<\/strong>.\u00a0<strong>Bize Ula\u015f\u0131n<\/strong>\u00a0\u00c7\u00f6z\u00fcmlerimizin ihtiya\u00e7lar\u0131n\u0131z\u0131 nas\u0131l kar\u015f\u0131layabilece\u011fini ve i\u015f yeteneklerinizi nas\u0131l y\u00fckseltebilece\u011fini ke\u015ffetmek i\u00e7in bug\u00fcn. Eri\u015fim kontrollerini geli\u015ftirmek, \u00f6deme sistemlerini optimize etmek veya ak\u0131ll\u0131 bir izleme \u00e7\u00f6z\u00fcm\u00fc entegre etmek istiyorsan\u0131z, MIFARE DESFire teknolojisi g\u00fcvenli bir gelece\u011fe giden anahtar\u0131n\u0131zd\u0131r.<\/p>","protected":false},"excerpt":{"rendered":"<p>Eri\u015fim kontrol\u00fc ve \u00f6demeler i\u00e7in g\u00fcvenli, \u00e7ok y\u00f6nl\u00fc ve \u00f6zelle\u015ftirilebilir \u00e7\u00f6z\u00fcmler olan RFID NFC MIFARE Desfire INLAY&#039;i ke\u015ffedin; geli\u015fmi\u015f verimlilik ve g\u00fcvenlik sa\u011flay\u0131n.<\/p>","protected":false},"featured_media":2673,"template":"","meta":{"_kad_post_transparent":"default","_kad_post_title":"","_kad_post_layout":"default","_kad_post_sidebar_id":"","_kad_post_content_style":"default","_kad_post_vertical_padding":"default","_kad_post_feature":"","_kad_post_feature_position":"","_kad_post_header":false,"_kad_post_footer":false,"_kad_post_classname":""},"product_brand":[],"product_cat":[189],"product_tag":[313,111,108],"class_list":{"0":"post-2689","1":"product","2":"type-product","3":"status-publish","4":"has-post-thumbnail","6":"product_cat-rfid-inlay","7":"product_tag-mifare-desfire-inlay","8":"product_tag-nfc-inlay","9":"product_tag-rfid-inlay","11":"first","12":"instock","13":"shipping-taxable","14":"product-type-simple","15":"entry","16":"content-bg","17":"loop-entry"},"_links":{"self":[{"href":"https:\/\/rfid-laundry-tag.com\/tr\/wp-json\/wp\/v2\/product\/2689","targetHints":{"allow":["GET"]}}],"collection":[{"href":"https:\/\/rfid-laundry-tag.com\/tr\/wp-json\/wp\/v2\/product"}],"about":[{"href":"https:\/\/rfid-laundry-tag.com\/tr\/wp-json\/wp\/v2\/types\/product"}],"version-history":[{"count":2,"href":"https:\/\/rfid-laundry-tag.com\/tr\/wp-json\/wp\/v2\/product\/2689\/revisions"}],"predecessor-version":[{"id":2693,"href":"https:\/\/rfid-laundry-tag.com\/tr\/wp-json\/wp\/v2\/product\/2689\/revisions\/2693"}],"wp:featuredmedia":[{"embeddable":true,"href":"https:\/\/rfid-laundry-tag.com\/tr\/wp-json\/wp\/v2\/media\/2673"}],"wp:attachment":[{"href":"https:\/\/rfid-laundry-tag.com\/tr\/wp-json\/wp\/v2\/media?parent=2689"}],"wp:term":[{"taxonomy":"product_brand","embeddable":true,"href":"https:\/\/rfid-laundry-tag.com\/tr\/wp-json\/wp\/v2\/product_brand?post=2689"},{"taxonomy":"product_cat","embeddable":true,"href":"https:\/\/rfid-laundry-tag.com\/tr\/wp-json\/wp\/v2\/product_cat?post=2689"},{"taxonomy":"product_tag","embeddable":true,"href":"https:\/\/rfid-laundry-tag.com\/tr\/wp-json\/wp\/v2\/product_tag?post=2689"}],"curies":[{"name":"wp","href":"https:\/\/api.w.org\/{rel}","templated":true}]}}