{"id":268,"date":"2024-06-21T15:32:44","date_gmt":"2024-06-21T15:32:44","guid":{"rendered":"https:\/\/rfid-laundry-tag.com\/?post_type=product&#038;p=268"},"modified":"2024-06-28T10:04:38","modified_gmt":"2024-06-28T10:04:38","slug":"uhf-rfid-label-alien-h9","status":"publish","type":"product","link":"https:\/\/rfid-laundry-tag.com\/tr\/uhf-rfid-label-alien-h9\/","title":{"rendered":"UHF RFID etiketi Alien H9"},"content":{"rendered":"<h2>UHF RFID etiketi Alien H9<\/h2>\n<p><span style=\"font-family: inherit; font-size: 24px; font-weight: bold;\">Stok Takibi \u0130\u00e7in UHF RFID Etiketi<\/span><\/p>\n<div class=\"J_module\">\n<div class=\"ife-detail-decorate-table\">\n<table class=\"all magic-10\">\n<tbody>\n<tr>\n<td colspan=\"1\" rowspan=\"1\">\n<div class=\"magic-11\">\u00c7ip<\/div>\n<\/td>\n<td colspan=\"1\" rowspan=\"1\">\n<div class=\"magic-12\">Uzayl\u0131 H9<\/div>\n<\/td>\n<\/tr>\n<tr>\n<td colspan=\"1\" rowspan=\"1\">\n<div class=\"magic-11\">S\u0131kl\u0131k<\/div>\n<\/td>\n<td colspan=\"1\" rowspan=\"1\">\n<div class=\"magic-12\">860\uff5e960MHz<\/div>\n<\/td>\n<\/tr>\n<tr>\n<td colspan=\"1\" rowspan=\"1\">\n<div class=\"magic-11\">Malzeme<\/div>\n<\/td>\n<td colspan=\"1\" rowspan=\"1\">\n<div class=\"magic-12\">Kaplamal\u0131 Ka\u011f\u0131t\/PET\/Sentetik ka\u011f\u0131t\/Termal ka\u011f\u0131t\/\u00f6zelle\u015ftirme<\/div>\n<\/td>\n<\/tr>\n<tr>\n<td colspan=\"1\" rowspan=\"1\">\n<div class=\"magic-11\">\u00c7al\u0131\u015fma Modu<\/div>\n<\/td>\n<td colspan=\"1\" rowspan=\"1\">\n<div class=\"magic-12\">Pasif<\/div>\n<\/td>\n<\/tr>\n<tr>\n<td colspan=\"1\" rowspan=\"1\">\n<div class=\"magic-11\">IC Ya\u015fam<\/div>\n<\/td>\n<td colspan=\"1\" rowspan=\"1\">\n<div class=\"magic-12\">100.000 Programlama d\u00f6ng\u00fcs\u00fc, 10 y\u0131l veri saklama<\/div>\n<\/td>\n<\/tr>\n<tr>\n<td colspan=\"1\" rowspan=\"1\">\n<div class=\"magic-11\">\u00c7al\u0131\u015fma s\u0131cakl\u0131\u011f\u0131\/nem<\/div>\n<\/td>\n<td colspan=\"1\" rowspan=\"1\">\n<div class=\"magic-12\">-25~50\u2103\/20%~80% Ba\u011f\u0131l Nem<\/div>\n<\/td>\n<\/tr>\n<tr>\n<td colspan=\"1\" rowspan=\"1\">\n<div class=\"magic-11\">Depolama s\u0131cakl\u0131\u011f\u0131\/nem oran\u0131<\/div>\n<\/td>\n<td colspan=\"1\" rowspan=\"1\">\n<div class=\"magic-12\">+23\u00b0C\u00b15\u00b0C\/ 50%\u00b110% RH(Yo\u011fu\u015fmas\u0131z).<\/div>\n<\/td>\n<\/tr>\n<tr>\n<td colspan=\"1\" rowspan=\"1\">\n<div class=\"magic-11\">Anten<\/div>\n<\/td>\n<td colspan=\"1\" rowspan=\"1\">\n<div class=\"magic-12\">Al\u00fcminyum A\u015f\u0131nd\u0131rma, 94.8*8.1mm<\/div>\n<\/td>\n<\/tr>\n<tr>\n<td colspan=\"1\" rowspan=\"1\">\n<div class=\"magic-11\">Islak kakma\/Etiket Boyutu<\/div>\n<\/td>\n<td colspan=\"1\" rowspan=\"1\">\n<div class=\"magic-12\">98*15mm veya \u00f6zelle\u015ftirme<\/div>\n<\/td>\n<\/tr>\n<tr>\n<td colspan=\"1\" rowspan=\"1\">\n<div class=\"magic-11\">Bask\u0131<\/div>\n<\/td>\n<td colspan=\"1\" rowspan=\"1\">\n<div class=\"magic-12\">Tam Renkli Bask\u0131, Logo, Barkod, QR kodu vb.<\/div>\n<\/td>\n<\/tr>\n<tr>\n<td colspan=\"1\" rowspan=\"1\">\n<div class=\"magic-11\">\u00d6rnek<\/div>\n<\/td>\n<td colspan=\"1\" rowspan=\"1\">\n<div class=\"magic-12\">Kalite testiniz i\u00e7in numune \u00fccretsizdir<\/div>\n<\/td>\n<\/tr>\n<tr>\n<td colspan=\"1\" rowspan=\"1\">\n<div class=\"magic-11\">Protokol<\/div>\n<\/td>\n<td colspan=\"1\" rowspan=\"1\">\n<div class=\"magic-12\">ISO\/IEC 18000-6C EPC S\u0131n\u0131f 1 Gen2<\/div>\n<\/td>\n<\/tr>\n<tr>\n<td colspan=\"1\" rowspan=\"1\">\n<div class=\"magic-11\">Ambalajlama<\/div>\n<\/td>\n<td colspan=\"1\" rowspan=\"1\">\n<div class=\"magic-12\">1000-5000 adet\/rulo, 4 rulo\/karton<\/div>\n<\/td>\n<\/tr>\n<tr>\n<td colspan=\"1\" rowspan=\"1\">\n<div class=\"magic-11\">Men\u015fe yeri<\/div>\n<\/td>\n<td colspan=\"1\" rowspan=\"1\">\n<div class=\"magic-12\">Chengdu, \u00c7in<\/div>\n<\/td>\n<\/tr>\n<tr>\n<td colspan=\"1\" rowspan=\"4\">\n<div class=\"magic-11\">Uygulama\/\u00c7\u00f6z\u00fcm<\/div>\n<\/td>\n<td colspan=\"1\" rowspan=\"1\">\n<div class=\"magic-12\">G\u00fcvenli Giri\u015f Kontrol\u00fc\/Nakitsiz \u00d6deme \u00dcyelik ve sadakat programlar\u0131<\/div>\n<\/td>\n<\/tr>\n<tr>\n<td colspan=\"1\" rowspan=\"1\">\n<div class=\"magic-12\" data-spm-anchor-id=\"a2700.details.0.i80.59c943e8HVzkHD\">Etkinlik Eri\u015fimi ve Markalama\/Sosyal Medya\/Perakende<\/div>\n<\/td>\n<\/tr>\n<tr>\n<td colspan=\"1\" rowspan=\"1\">\n<div class=\"magic-12\">\u00c7evre\/Oyunlar ve Oyuncaklar Konum\/Elektronik\/Ticari Fuarlar<\/div>\n<\/td>\n<\/tr>\n<tr>\n<td colspan=\"1\" rowspan=\"1\">\n<div class=\"magic-12\">Etkinlikler\/\u00c7a\u011fr\u0131 talebi\/Kartvizitler<\/div>\n<\/td>\n<\/tr>\n<\/tbody>\n<\/table>\n<p>&nbsp;<\/p>\n<\/div>\n<\/div>\n<div class=\"J_module\">\n<div><\/div>\n<div class=\"auto-hide-last-sibling-br paragraph_9dc5f paragraph-element\">UHF RFID Etiketleri (Ultra Y\u00fcksek Frekansl\u0131 Radyo Frekans\u0131 Tan\u0131mlama Etiketleri) \u00e7e\u015fitli sekt\u00f6rlerde geni\u015f uygulama alan\u0131na sahip \u00e7ok y\u00f6nl\u00fc ara\u00e7lard\u0131r.<\/div>\n<div class=\"auto-hide-last-sibling-br paragraph_9dc5f paragraph-element\">Kimlik: Bu etiketler ki\u015fisel verileri kolayca depolayabilir, bu da kimlik do\u011frulama senaryolar\u0131nda kullan\u0131\u015fl\u0131d\u0131r ve g\u00fcvenli ve etkili kimlik belirleme y\u00f6ntemlerine ihtiya\u00e7 duyan \u00e7e\u015fitli kurumlar i\u00e7in g\u00fcvenilir bir se\u00e7imdir.<\/div>\n<div><\/div>\n<div class=\"auto-hide-last-sibling-br paragraph_9dc5f paragraph-element\">Toplu Ta\u015f\u0131ma ve Etkinlik Biletleme: UHF RFID Etiketleri, metro veya otob\u00fcs jetonlar\u0131 gibi otomatik biletleme sistemlerinde ve h\u0131zl\u0131 ve etkili giri\u015f imk\u00e2n\u0131 sa\u011flad\u0131\u011f\u0131 etkinlik biletlerinde yayg\u0131n olarak kullan\u0131l\u0131r.<\/div>\n<div><\/div>\n<div class=\"auto-hide-last-sibling-br paragraph_9dc5f paragraph-element\">Elektronik \u00dccret Toplama: UHF RFID Etiketlerin burada kullan\u0131m\u0131, ara\u00e7lar\u0131n durmas\u0131na gerek kalmadan h\u0131zl\u0131 bir \u015fekilde \u00fccret \u00f6demelerini m\u00fcmk\u00fcn k\u0131larak trafi\u011fi \u00f6nemli \u00f6l\u00e7\u00fcde azalt\u0131r ve kullan\u0131c\u0131 rahatl\u0131\u011f\u0131n\u0131 art\u0131r\u0131r.<\/div>\n<div><\/div>\n<div class=\"auto-hide-last-sibling-br paragraph_9dc5f paragraph-element\">Varl\u0131k Y\u00f6netimi: Etiketler varl\u0131klara eklenerek ger\u00e7ek zamanl\u0131 izleme, konum belirleme ve bilgi g\u00fcncellemesi sa\u011flanarak envanter y\u00f6netimi iyile\u015ftirilebilir ve kay\u0131p veya h\u0131rs\u0131zl\u0131k azalt\u0131labilir.<\/div>\n<div><\/div>\n<div class=\"auto-hide-last-sibling-br paragraph_9dc5f paragraph-element\">K\u00fct\u00fcphaneler ve Kiralamalar: K\u00fct\u00fcphaneye giren ve \u00e7\u0131kan kitap veya di\u011fer \u00f6\u011feleri takip etmek i\u00e7in kullan\u0131l\u0131rlar, \u00f6d\u00fcn\u00e7 alma ve iade s\u00fcrecini daha verimli hale getirirler. Ayr\u0131ca kiralanan \u00f6\u011felerin daha iyi y\u00f6netimi i\u00e7in kiralama hizmetlerinde de uygulanabilirler.<\/div>\n<div><\/div>\n<div class=\"auto-hide-last-sibling-br paragraph_9dc5f paragraph-element\">Sadakat Sistemi: UHF RFID Etiketleri, i\u015fletmelerin sadakat veya \u00f6d\u00fcl kartlar\u0131nda kullan\u0131labilir, m\u00fc\u015fteri sadakatini art\u0131r\u0131r ve harika bir kullan\u0131c\u0131 deneyimi sa\u011flar.<\/div>\n<div><\/div>\n<div class=\"auto-hide-last-sibling-br paragraph_9dc5f paragraph-element\">Eri\u015fim Kontrol Y\u00f6netimi: Ofisler, konut alanlar\u0131 veya baz\u0131 halka a\u00e7\u0131k alanlar gibi g\u00fcvenli eri\u015fim gerektiren yerlerde, bu etiketler etkili eri\u015fim kontrol\u00fc i\u00e7in kullan\u0131labilir ve ekstra bir g\u00fcvenlik katman\u0131 eklenebilir.<\/div>\n<div><\/div>\n<div class=\"auto-hide-last-sibling-br paragraph_9dc5f paragraph-element\">Ayr\u0131ca, \u00f6zel programlama ve kodlama hizmetlerimiz m\u00fc\u015fterinin \u00f6zel ihtiya\u00e7lar\u0131n\u0131 kar\u015f\u0131layabilir ve bu da UHF RFID Etiketlerini bir\u00e7ok i\u015fletme ve hizmet i\u00e7in olduk\u00e7a uygun maliyetli ve kullan\u0131\u015fl\u0131 bir \u00e7\u00f6z\u00fcm haline getirir.<\/div>\n<div><\/div>\n<\/div>\n<div><\/div>\n<div><strong>Neden Bizi Se\u00e7melisiniz?<\/strong><\/div>\n<div><\/div>\n<div>11 y\u0131l\u0131 a\u015fk\u0131n deneyime sahip \u00f6nde gelen RFID teknolojisi sa\u011flay\u0131c\u0131s\u0131y\u0131z, sekt\u00f6r lideri \u00fcr\u00fcnler, \u00e7\u00f6z\u00fcmler ve teknolojilerle m\u00fc\u015fterilerin k\u00fcresel tedarik zincirlerine geli\u015fmi\u015f verimlilik, g\u00fcvenilirlik ve do\u011fruluk getiriyoruz. K\u00fcresel D\u00fczeyde bir \u00fcretici olarak, m\u00fc\u015fterilere eri\u015fim kontrol\u00fc, hayvan etiketleme, yak\u0131n alan ileti\u015fimi (NFC), \u00e7e\u015fitli RFID okuyucular\u0131 ve \u00e7\u00f6z\u00fcmleri dahil olmak \u00fczere temel teknolojilerden olu\u015fan bir platform sunuyoruz. \u00c7\u00f6z\u00fcmlerimiz, geli\u015fmi\u015f analitiklerle son derece yap\u0131land\u0131r\u0131labilir uygulama \u00e7er\u00e7eveleri ve zarif kullan\u0131c\u0131 aray\u00fczleri sunarak birden fazla sekt\u00f6rde u\u00e7tan uca i\u015f zekas\u0131 ve veri g\u00f6r\u00fcn\u00fcrl\u00fc\u011f\u00fc sa\u011fl\u0131yor.<\/div>","protected":false},"excerpt":{"rendered":"<p>UHF RFID Etiketi, tan\u0131mlama, toplu ta\u015f\u0131ma, etkinlik bileti, elektronik ge\u00e7i\u015f \u00fccreti toplama, varl\u0131k y\u00f6netimi, k\u00fct\u00fcphaneler ve kiralama, sadakat sistemi ve eri\u015fim kontrol y\u00f6netimi vb. alanlarda yayg\u0131n olarak uygulanabilir. M\u00fc\u015fterinin programlama veya kodlama gereksinimlerine tam olarak uyan programlama ve kodlama hizmetleri sa\u011fl\u0131yoruz.<\/p>","protected":false},"featured_media":270,"template":"","meta":{"_kad_post_transparent":"default","_kad_post_title":"","_kad_post_layout":"default","_kad_post_sidebar_id":"","_kad_post_content_style":"default","_kad_post_vertical_padding":"default","_kad_post_feature":"","_kad_post_feature_position":"","_kad_post_header":false,"_kad_post_footer":false,"_kad_post_classname":""},"product_brand":[],"product_cat":[54],"product_tag":[102,100,98],"class_list":{"0":"post-268","1":"product","2":"type-product","3":"status-publish","4":"has-post-thumbnail","6":"product_cat-hot-selling-rfid-tags","7":"product_tag-paper-uhf-rfid-sticker","8":"product_tag-rfid-label","9":"product_tag-uhf-rfid-label","11":"first","12":"instock","13":"shipping-taxable","14":"product-type-simple","15":"entry","16":"content-bg","17":"loop-entry"},"_links":{"self":[{"href":"https:\/\/rfid-laundry-tag.com\/tr\/wp-json\/wp\/v2\/product\/268","targetHints":{"allow":["GET"]}}],"collection":[{"href":"https:\/\/rfid-laundry-tag.com\/tr\/wp-json\/wp\/v2\/product"}],"about":[{"href":"https:\/\/rfid-laundry-tag.com\/tr\/wp-json\/wp\/v2\/types\/product"}],"version-history":[{"count":0,"href":"https:\/\/rfid-laundry-tag.com\/tr\/wp-json\/wp\/v2\/product\/268\/revisions"}],"wp:featuredmedia":[{"embeddable":true,"href":"https:\/\/rfid-laundry-tag.com\/tr\/wp-json\/wp\/v2\/media\/270"}],"wp:attachment":[{"href":"https:\/\/rfid-laundry-tag.com\/tr\/wp-json\/wp\/v2\/media?parent=268"}],"wp:term":[{"taxonomy":"product_brand","embeddable":true,"href":"https:\/\/rfid-laundry-tag.com\/tr\/wp-json\/wp\/v2\/product_brand?post=268"},{"taxonomy":"product_cat","embeddable":true,"href":"https:\/\/rfid-laundry-tag.com\/tr\/wp-json\/wp\/v2\/product_cat?post=268"},{"taxonomy":"product_tag","embeddable":true,"href":"https:\/\/rfid-laundry-tag.com\/tr\/wp-json\/wp\/v2\/product_tag?post=268"}],"curies":[{"name":"wp","href":"https:\/\/api.w.org\/{rel}","templated":true}]}}