{"id":2665,"date":"2024-09-24T15:11:41","date_gmt":"2024-09-24T15:11:41","guid":{"rendered":"https:\/\/rfid-laundry-tag.com\/?post_type=product&#038;p=2665"},"modified":"2024-09-24T15:21:08","modified_gmt":"2024-09-24T15:21:08","slug":"rfid-mifare-classic-1k-inlay","status":"publish","type":"product","link":"https:\/\/rfid-laundry-tag.com\/tr\/rfid-mifare-classic-1k-inlay\/","title":{"rendered":"RFID MIFARE Classic 1K G\u00f6mme"},"content":{"rendered":"<table class=\"has-title all magic-13\">\n<tbody>\n<tr>\n<td colspan=\"1\" rowspan=\"1\">\n<div class=\"magic-14\" data-spm-anchor-id=\"a2700.details.0.i37.2ec61361oDo4aX\">\u00dcr\u00fcn ad\u0131<\/div>\n<\/td>\n<td colspan=\"1\" rowspan=\"1\">\n<div class=\"magic-15\"><strong>RFID MIFARE Classic 1K G\u00f6mme<\/strong><\/div>\n<\/td>\n<\/tr>\n<tr>\n<td colspan=\"1\" rowspan=\"1\">\n<div class=\"magic-14\">\u00c7ip<\/div>\n<\/td>\n<td colspan=\"1\" rowspan=\"1\">\n<div class=\"magic-15\">MIFARE Klasik\u00ae 1K<\/div>\n<\/td>\n<\/tr>\n<tr>\n<td colspan=\"1\" rowspan=\"1\">\n<div class=\"magic-14\">S\u0131kl\u0131k<\/div>\n<\/td>\n<td colspan=\"1\" rowspan=\"1\">\n<div class=\"magic-15\">13.56MHZ<\/div>\n<\/td>\n<\/tr>\n<tr>\n<td colspan=\"1\" rowspan=\"1\">\n<div class=\"magic-14\">Okuma Mesafesi<\/div>\n<\/td>\n<td colspan=\"1\" rowspan=\"1\">\n<div class=\"magic-15\">1-5 CM<\/div>\n<\/td>\n<\/tr>\n<tr>\n<td colspan=\"1\" rowspan=\"1\">\n<div class=\"magic-14\">Malzeme<\/div>\n<\/td>\n<td colspan=\"1\" rowspan=\"1\">\n<div class=\"magic-15\">Kaplamal\u0131 Ka\u011f\u0131t<\/div>\n<\/td>\n<\/tr>\n<tr>\n<td colspan=\"1\" rowspan=\"1\">\n<div class=\"magic-14\">Alt tabaka<\/div>\n<\/td>\n<td colspan=\"1\" rowspan=\"1\">\n<div class=\"magic-15\">EVDE BESLENEN HAYVAN<\/div>\n<\/td>\n<\/tr>\n<tr>\n<td colspan=\"1\" rowspan=\"1\">\n<div class=\"magic-14\">\u00c7ap 50 mmBoyut<\/div>\n<\/td>\n<td colspan=\"1\" rowspan=\"1\">\n<div class=\"magic-15\">\u00c7ap 25mm veya \u00f6zelle\u015ftirme<\/div>\n<\/td>\n<\/tr>\n<tr>\n<td colspan=\"1\" rowspan=\"1\">\n<div class=\"magic-14\">\u00c7al\u0131\u015fma Modu<\/div>\n<\/td>\n<td colspan=\"1\" rowspan=\"1\">\n<div class=\"magic-15\">Pasif<\/div>\n<\/td>\n<\/tr>\n<tr>\n<td colspan=\"1\" rowspan=\"1\">\n<div class=\"magic-14\">Yazma D\u00f6ng\u00fcleri<\/div>\n<\/td>\n<td colspan=\"1\" rowspan=\"1\">\n<div class=\"magic-15\">100000<\/div>\n<\/td>\n<\/tr>\n<tr>\n<td colspan=\"1\" rowspan=\"1\">\n<div class=\"magic-14\">\u00c7al\u0131\u015fma s\u0131cakl\u0131\u011f\u0131 \/ nem<\/div>\n<\/td>\n<td colspan=\"1\" rowspan=\"1\">\n<div class=\"magic-15\">-40~70\u2103\/20%~90% Ba\u011f\u0131l Nem<\/div>\n<\/td>\n<\/tr>\n<tr>\n<td colspan=\"1\" rowspan=\"1\">\n<div class=\"magic-14\">Depolama s\u0131cakl\u0131\u011f\u0131 \/ nem<\/div>\n<\/td>\n<td colspan=\"1\" rowspan=\"1\">\n<div class=\"magic-15\">-20~50\u2103 \/ 20%~90% RH(Yo\u011fu\u015fmas\u0131z).<\/div>\n<\/td>\n<\/tr>\n<tr>\n<td colspan=\"1\" rowspan=\"1\">\n<div class=\"magic-14\">\u00d6rnek Mevcutlu\u011fu<\/div>\n<\/td>\n<td colspan=\"1\" rowspan=\"1\">\n<div class=\"magic-15\">Talep \u00fczerine \u00fccretsiz numuneler mevcuttur<\/div>\n<\/td>\n<\/tr>\n<tr>\n<td colspan=\"1\" rowspan=\"1\">\n<div class=\"magic-14\">Ambalajlama<\/div>\n<\/td>\n<td colspan=\"1\" rowspan=\"1\">\n<div class=\"magic-15\">1000-5000 adet\/rulo, 4 rulo\/karton<\/div>\n<\/td>\n<\/tr>\n<tr>\n<td colspan=\"1\" rowspan=\"1\">\n<div class=\"magic-14\">\n<p>Ba\u015fvuru<\/p>\n<div><\/div>\n<\/div>\n<\/td>\n<td colspan=\"1\" rowspan=\"1\">\n<div class=\"magic-15\" data-spm-anchor-id=\"a2700.details.0.i47.2ec61361oDo4aX\">G\u00fcvenli Giri\u015f Kontrol\u00fc\/Nakitsiz \u00d6deme \u00dcyelik ve sadakat programlar\u0131 Etkinlik Eri\u015fimi ve Markala\u015fma\/Sosyal Medya\/Perakende<br \/>\n\u00c7evre\/Oyunlar ve Oyuncaklar Konum\/Elektronik\/Ticari Fuarlar\/Etkinlikler\/\u00c7a\u011fr\u0131 talebi\/Kartvizitler<\/div>\n<\/td>\n<\/tr>\n<\/tbody>\n<\/table>\n<p>&nbsp;<\/p>\n<p>The <strong>RFID MIFARE Classic 1K G\u00f6mme<\/strong> Modern uygulamalar\u0131n artan taleplerini kar\u015f\u0131lamak i\u00e7in tasarlanm\u0131\u015f \u00e7ok y\u00f6nl\u00fc bir \u00e7\u00f6z\u00fcmd\u00fcr. 13,56 MHz frekans\u0131nda \u00e7al\u0131\u015fan bu NFC \u00f6zellikli ek par\u00e7a, kullan\u0131c\u0131 dostu i\u015flevsellik sa\u011flarken MIFARE Classic teknolojisinin t\u00fcm temel \u00f6zelliklerini korur. 25 mm \u00e7ap\u0131nda ve 0,5 mm kal\u0131nl\u0131\u011f\u0131ndaki kompakt boyutuyla, \u00e7e\u015fitli uygulamalarda tak\u0131lmas\u0131 ve kullan\u0131lmas\u0131 kolay olan kullan\u0131\u015fl\u0131 bir bo\u015f madeni para etiketi \u00e7\u0131kartmas\u0131 bi\u00e7iminde mevcuttur. \u00d6deme sistemleri, eri\u015fim kontrol\u00fc veya kimliklendirme i\u00e7in RFID \u00e7\u00f6z\u00fcmleri ar\u0131yor olun, MIFARE Classic 1K Ek Par\u00e7a e\u015fsiz g\u00fcvenilirlik ve performans sunar.<\/p>\n<h3>Neden MIFARE Classic 1K Inlay&#039;i Se\u00e7melisiniz?<\/h3>\n<ul>\n<li><strong>Kolay Entegrasyon<\/strong>\u00d6deme sistemlerinden etkinlik biletlerine kadar \u00e7e\u015fitli uygulamalar i\u00e7in ideal olan bu eklenti, mevcut platformlara sorunsuz bir \u015fekilde entegre olur.<\/li>\n<li><strong>Maliyet Etkin \u00c7\u00f6z\u00fcm<\/strong>:D\u00fc\u015f\u00fck fiyat\u0131, y\u00fcksek kalitesi ve dayan\u0131kl\u0131 tasar\u0131m\u0131yla performanstan \u00f6d\u00fcn vermeden ekonomik bir se\u00e7enek sunuyor.<\/li>\n<li><strong>Kullan\u0131c\u0131 dostu<\/strong>:Bo\u015f etiket format\u0131 kolay etiketleme ve \u00f6zel uygulamalara olanak vererek kullan\u0131c\u0131 deneyimini geli\u015ftirir.<\/li>\n<\/ul>\n<h3>NFC Teknolojisi A\u00e7\u0131kland\u0131<\/h3>\n<p>NFC (Yak\u0131n Alan \u0130leti\u015fimi) teknolojisi, MIFARE Classic 1K Inlay&#039;in omurgas\u0131n\u0131 olu\u015fturur. Bu teknolojiyi kullanarak, inlay cihazlar aras\u0131nda temass\u0131z veri al\u0131\u015fveri\u015fini m\u00fcmk\u00fcn k\u0131lar. Bu \u00f6zellik yaln\u0131zca kart ve okuyucu etkile\u015fimleriyle s\u0131n\u0131rl\u0131 de\u011fildir, ayn\u0131 zamanda mobil \u00f6demeleri ve g\u00fcvenli eri\u015fim kontrol\u00fcn\u00fc de kolayla\u015ft\u0131r\u0131r.<\/p>\n<h3>MIFARE Classic 1K&#039;n\u0131n Temel Avantajlar\u0131<\/h3>\n<ul>\n<li><strong>Geli\u015fmi\u015f G\u00fcvenlik<\/strong>:Benzersiz 4 baytl\u0131k UID ile MIFARE Classic 1K Inlay, veri \u00e7o\u011falt\u0131lmas\u0131n\u0131 \u00f6nlemeye yard\u0131mc\u0131 olur ve uygulamalar\u0131n\u0131za ekstra bir g\u00fcvenlik katman\u0131 ekler.<\/li>\n<li><strong>\u00c7ok y\u00f6nl\u00fcl\u00fck<\/strong>: Perakendeden ula\u015f\u0131ma kadar \u00e7e\u015fitli temass\u0131z uygulamalar i\u00e7in uygundur ve kullan\u0131c\u0131 etkile\u015fimini art\u0131r\u0131r.<\/li>\n<li><strong>Uyumluluk<\/strong>: ACR122U okuyucu\/yaz\u0131c\u0131 ve di\u011fer MIFARE Classic cihazlar\u0131yla tam uyumludur ve bu sayede NFC cephaneli\u011finizde evrensel bir ara\u00e7 haline gelir.<\/li>\n<\/ul>\n<h2>Teknik \u00d6zellikler<\/h2>\n<div>\n<div class=\"overflow-x-auto custom-scrollbar custom-scrollbar-wide mb-2\">\n<table class=\"w-fit !mb-2 !max-w-none\">\n<thead>\n<tr>\n<th style=\"text-align: left;\">\u00d6zellik<\/th>\n<th style=\"text-align: left;\">\u015eartname<\/th>\n<\/tr>\n<\/thead>\n<tbody>\n<tr>\n<td><strong>Bellek Boyutu<\/strong><\/td>\n<td>1K Bayt<\/td>\n<\/tr>\n<tr>\n<td><strong>UID Boyutu<\/strong><\/td>\n<td>4 Bayt<\/td>\n<\/tr>\n<tr>\n<td><strong>S\u0131kl\u0131k<\/strong><\/td>\n<td>13,56 MHz<\/td>\n<\/tr>\n<tr>\n<td><strong>Uyumluluk<\/strong><\/td>\n<td>ISO\/IEC 14443A<\/td>\n<\/tr>\n<tr>\n<td><strong>Varsay\u0131lan Anahtar<\/strong><\/td>\n<td>F-F ...<\/td>\n<\/tr>\n<tr>\n<td><strong>\u00c7ip T\u00fcr\u00fc<\/strong><\/td>\n<td>MIFARE Klasik EV1 1K (MF1S503yX)<\/td>\n<\/tr>\n<\/tbody>\n<\/table>\n<\/div>\n<\/div>\n<h3>Kullan\u0131m Talimatlar\u0131<\/h3>\n<p>MIFARE Classic 1K Inlay&#039;i kullanmak i\u00e7in, sa\u011flanan yap\u0131\u015fkan deste\u011fi kullanarak istedi\u011finiz y\u00fczeye takman\u0131z yeterlidir. En iyi yap\u0131\u015fma i\u00e7in y\u00fczeyin temiz ve kuru oldu\u011fundan emin olun. Tak\u0131ld\u0131ktan sonra, inlay, ACR122U gibi NFC \u00f6zellikli bir cihaz veya uyumlu bir okuyucu kullan\u0131larak okunabilir ve yaz\u0131labilir.<\/p>\n<h3>\u00c7evresel Etki<\/h3>\n<p>MIFARE Classic 1K Inlay, \u00e7evre d\u00fc\u015f\u00fcn\u00fclerek \u00fcretilmi\u015ftir. Dayan\u0131kl\u0131 ve geri d\u00f6n\u00fc\u015ft\u00fcr\u00fclebilir malzemeler kullanmak, ki\u015fisel veya ticari ihtiya\u00e7lar\u0131n\u0131za katk\u0131da bulunurken ayn\u0131 zamanda \u00e7evre dostu uygulamalara da kat\u0131lman\u0131z\u0131 sa\u011flar.<\/p>\n<h2>M\u00fc\u015fteri Yorumlar\u0131<\/h2>\n<p><strong>John Doe, \u0130\u015fletme Sahibi<\/strong><br \/>\n<em>\u201cMIFARE Classic 1K eklerini \u00f6deme sistemimize entegre ettik ve verimlilik ola\u011fan\u00fcst\u00fc oldu! \u0130\u015flem s\u00fcrelerini \u00f6nemli \u00f6l\u00e7\u00fcde azaltt\u0131 ve m\u00fc\u015fteri memnuniyetini art\u0131rd\u0131.\u201d<\/em><\/p>\n<p><strong>Jane Smith, Etkinlik Y\u00f6neticisi<\/strong><br \/>\n<em>&quot;Yap\u0131\u015fkan destekli kakmalar\u0131 etkinlik rozetlerimize takmak kolayd\u0131. G\u00fcvenilirler ve etkinlik boyunca kusursuz bir \u015fekilde \u00e7al\u0131\u015ft\u0131lar!&quot;<\/em><\/p>\n<h2>SSS<\/h2>\n<ul>\n<li><strong>MIFARE Classic 1K Inlay\u2019in menzili nedir?<\/strong><br \/>\nTipik NFC okuyucu cihazlar\u0131 kullan\u0131ld\u0131\u011f\u0131nda etkili menzil genellikle yakla\u015f\u0131k 10 cm&#039;dir.<\/li>\n<li><strong>MIFARE Classic 1K Inlay&#039;i \u00f6zelle\u015ftirebilir miyim?<\/strong><br \/>\nEvet, kakmalar \u00f6zel verilerle bas\u0131labilir veya kodlanabilir, bu da onlar\u0131 \u00e7e\u015fitli uygulamalar i\u00e7in uygun hale getirir.<\/li>\n<li><strong>MIFARE Classic 1K Inlay su ge\u00e7irmez mi?<\/strong><br \/>\nG\u00f6mme par\u00e7alar orta d\u00fczeydeki \u00e7evre ko\u015fullar\u0131na dayanacak \u015fekilde tasarlanm\u0131\u015f olsa da, optimum i\u015flevselli\u011fin korunmas\u0131 i\u00e7in uzun s\u00fcre suya maruz b\u0131rak\u0131lmamas\u0131 \u00f6nerilir.<\/li>\n<\/ul>","protected":false},"excerpt":{"rendered":"<p>\u00c7e\u015fitli ortamlarda g\u00fcvenli, temass\u0131z uygulamalar i\u00e7in 1K belle\u011fe sahip \u00e7ok y\u00f6nl\u00fc bir NFC \u00e7\u00f6z\u00fcm\u00fc olan RFID MIFARE Classic 1K Inlay&#039;i ke\u015ffedin.<\/p>","protected":false},"featured_media":2671,"template":"","meta":{"_kad_post_transparent":"default","_kad_post_title":"","_kad_post_layout":"default","_kad_post_sidebar_id":"","_kad_post_content_style":"default","_kad_post_vertical_padding":"default","_kad_post_feature":"","_kad_post_feature_position":"","_kad_post_header":false,"_kad_post_footer":false,"_kad_post_classname":""},"product_brand":[],"product_cat":[189],"product_tag":[311,111,108],"class_list":{"0":"post-2665","1":"product","2":"type-product","3":"status-publish","4":"has-post-thumbnail","6":"product_cat-rfid-inlay","7":"product_tag-mifare-classic-1k-inlay","8":"product_tag-nfc-inlay","9":"product_tag-rfid-inlay","11":"first","12":"instock","13":"shipping-taxable","14":"product-type-simple","15":"entry","16":"content-bg","17":"loop-entry"},"_links":{"self":[{"href":"https:\/\/rfid-laundry-tag.com\/tr\/wp-json\/wp\/v2\/product\/2665","targetHints":{"allow":["GET"]}}],"collection":[{"href":"https:\/\/rfid-laundry-tag.com\/tr\/wp-json\/wp\/v2\/product"}],"about":[{"href":"https:\/\/rfid-laundry-tag.com\/tr\/wp-json\/wp\/v2\/types\/product"}],"version-history":[{"count":1,"href":"https:\/\/rfid-laundry-tag.com\/tr\/wp-json\/wp\/v2\/product\/2665\/revisions"}],"predecessor-version":[{"id":2670,"href":"https:\/\/rfid-laundry-tag.com\/tr\/wp-json\/wp\/v2\/product\/2665\/revisions\/2670"}],"wp:featuredmedia":[{"embeddable":true,"href":"https:\/\/rfid-laundry-tag.com\/tr\/wp-json\/wp\/v2\/media\/2671"}],"wp:attachment":[{"href":"https:\/\/rfid-laundry-tag.com\/tr\/wp-json\/wp\/v2\/media?parent=2665"}],"wp:term":[{"taxonomy":"product_brand","embeddable":true,"href":"https:\/\/rfid-laundry-tag.com\/tr\/wp-json\/wp\/v2\/product_brand?post=2665"},{"taxonomy":"product_cat","embeddable":true,"href":"https:\/\/rfid-laundry-tag.com\/tr\/wp-json\/wp\/v2\/product_cat?post=2665"},{"taxonomy":"product_tag","embeddable":true,"href":"https:\/\/rfid-laundry-tag.com\/tr\/wp-json\/wp\/v2\/product_tag?post=2665"}],"curies":[{"name":"wp","href":"https:\/\/api.w.org\/{rel}","templated":true}]}}