{"id":2641,"date":"2024-09-22T15:06:11","date_gmt":"2024-09-22T15:06:11","guid":{"rendered":"https:\/\/rfid-laundry-tag.com\/?post_type=product&#038;p=2641"},"modified":"2024-09-22T15:36:05","modified_gmt":"2024-09-22T15:36:05","slug":"on-heavy-duty-nfc-tag-for-patrol","status":"publish","type":"product","link":"https:\/\/rfid-laundry-tag.com\/tr\/on-heavy-duty-nfc-tag-for-patrol\/","title":{"rendered":"Devriye i\u00e7in A\u011f\u0131r Hizmet Tipi NFC Etiketi"},"content":{"rendered":"<p>Verimli devriye y\u00f6netimi, binalar, fabrikalar ve depolar gibi \u00e7e\u015fitli end\u00fcstrilerde g\u00fcvenlik ve etkili operasyonlar i\u00e7in hayati \u00f6neme sahiptir.\u00a0<strong>Devriye i\u00e7in A\u011f\u0131r Hizmet Tipi NFC Etiketi<\/strong>\u00a0Devriye personelinin izleme s\u00fcre\u00e7lerini y\u00fckseltmek, kapsaml\u0131 kay\u0131tlar ve e\u015fsiz hesap verebilirlik sa\u011flamak i\u00e7in tasarlanm\u0131\u015ft\u0131r. Bu yenilik\u00e7i teknoloji yaln\u0131zca devriyelerin izlenmesini basitle\u015ftirmekle kalmaz, ayn\u0131 zamanda g\u00fcvenlik ve operasyonel verimlili\u011fe elveri\u015fli bir ortam yarat\u0131r.<\/p>\n<h2>\u00a0A\u011f\u0131r Hizmet Tipi NFC Etiketlerine Giri\u015f<\/h2>\n<p>S\u00fcrekli olarak hesap verebilirlik ve kesinlik gerektiren bir ortamda,\u00a0<strong>A\u011f\u0131r Hizmet Tipi NFC Etiketleri \u00dczerine<\/strong>\u00a0devriye y\u00f6netimi i\u00e7in g\u00fcvenilir bir \u00e7\u00f6z\u00fcm sunar. Bu etiketler, y\u00f6neticilerin ve liderlerin devriye faaliyetlerini takip etmelerini ve her ad\u0131m\u0131n do\u011fru bir \u015fekilde izlenmesini ve kaydedilmesini sa\u011flar. Kullanarak\u00a0<strong>metal NFC<\/strong>\u00a0Bu teknoloji sayesinde bu etiketler en zorlu ortamlarda bile y\u00fczeylere yap\u0131\u015facak \u015fekilde tasarlanm\u0131\u015ft\u0131r.<\/p>\n<p>The\u00a0<strong>NFC etiketi<\/strong>\u00a0birden fazla sekt\u00f6re hizmet ederek, manuel izleme sistemleri ile otomatik, verimli izleme s\u00fcre\u00e7leri aras\u0131ndaki bo\u015flu\u011fu kapatmaya yard\u0131mc\u0131 olur. Bu t\u00fcr geli\u015fmi\u015f teknolojileri g\u00fcvenlik operasyonlar\u0131n\u0131za entegre ederek, benzersiz bir hizmet ve verimlilik d\u00fczeyi bekleyebilirsiniz.<\/p>\n<h2>NFC Etiketlerinin Temel \u00d6zellikleri<\/h2>\n<p><strong>A\u011f\u0131r Hizmet Tipi NFC Etiketleri \u00dczerine<\/strong>\u00a0onlar\u0131 pazarda \u00f6ne \u00e7\u0131karan birka\u00e7 temel \u00f6zellikten olu\u015fur:<\/p>\n<ul>\n<li><strong>Dayan\u0131kl\u0131 Yap\u0131:<\/strong>\u00a0A\u011f\u0131r hizmet tipi kullan\u0131m i\u00e7in tasarlanan bu etiketler, zorlu ko\u015fullara dayanabilir ve herhangi bir metal y\u00fczeye tak\u0131lmak \u00fczere tasarlanm\u0131\u015ft\u0131r. Sa\u011flam tasar\u0131mlar\u0131 a\u015f\u0131nma ve y\u0131pranmaya kar\u015f\u0131 dayan\u0131kl\u0131d\u0131r ve uzun \u00f6m\u00fcrl\u00fc performans sa\u011flar.<\/li>\n<li><strong>Geli\u015fmi\u015f NTAG Teknolojisi:<\/strong>\u00a0Birle\u015ftirilmesi\u00a0<strong>ntag213<\/strong>\u00a0\u00e7ip h\u0131zl\u0131 veri aktar\u0131m h\u0131zlar\u0131 ve verimli \u00e7al\u0131\u015fma garanti eder. 180 baytl\u0131k bir bellek kapasitesine sahip olan etiket, verimli izleme i\u00e7in gerekli verileri depolayabilir.<\/li>\n<li><strong>Metal Y\u00fczeylerle Uyumluluk:<\/strong>\u00a0The\u00a0<strong>anti-metal<\/strong>\u00a0Bu \u00f6zellik, bu etiketlerin herhangi bir metal y\u00fczeye yerle\u015ftirildi\u011finde etkili bir \u015fekilde \u00e7al\u0131\u015fmas\u0131n\u0131 sa\u011flayarak, \u00e7e\u015fitli \u00e7al\u0131\u015fma ortamlar\u0131nda g\u00fcvenilirli\u011fi garanti alt\u0131na al\u0131r.<\/li>\n<\/ul>\n<h2>Devriye Operasyonlar\u0131nda NFC Etiketlerinin Kullan\u0131lmas\u0131n\u0131n Avantajlar\u0131<\/h2>\n<p>Uygulama\u00a0<strong>NFC<\/strong>\u00a0Devriye operasyonlar\u0131nda teknolojinin kullan\u0131lmas\u0131 bir\u00e7ok avantaj sa\u011flar:<\/p>\n<ul>\n<li><strong>Ger\u00e7ek Zamanl\u0131 Takip:<\/strong>\u00a0Y\u00f6neticiler devriye rotalar\u0131n\u0131 ve saatlerini ger\u00e7ek zamanl\u0131 olarak g\u00f6zlemleyebilirler; bu da g\u00fcvenlik protokollerinin geli\u015ftirilmesine ve her devriyenin planland\u0131\u011f\u0131 gibi tamamlanmas\u0131n\u0131n sa\u011flanmas\u0131na \u00f6nemli \u00f6l\u00e7\u00fcde yard\u0131mc\u0131 olur.<\/li>\n<li><strong>Verimli Kay\u0131t Tutma:<\/strong>\u00a0The\u00a0<strong>NFC etiketi<\/strong>\u00a0devriye faaliyetlerinin kolayca kaydedilmesini sa\u011flayarak, insan hatas\u0131n\u0131 en aza indirmeye ve raporlamayla ili\u015fkili idari g\u00f6revleri kolayla\u015ft\u0131rmaya yard\u0131mc\u0131 olur.<\/li>\n<\/ul>\n<p>Yat\u0131r\u0131m yapmak\u00a0<strong>Metal \u00fczerinde NFC<\/strong>\u00a0Etiketler daha iyi kaynak y\u00f6netimi ve geli\u015fmi\u015f g\u00fcvenlik yan\u0131t \u00f6nlemleri anlam\u0131na gelir.<\/p>\n<h2>NFC Etiketleri Nas\u0131l Kurulur<\/h2>\n<p>Kurulumu\u00a0<strong>A\u011f\u0131r Hizmet Tipi NFC Etiketleri \u00dczerine<\/strong>\u00a0basittir. \u0130\u015fte nas\u0131l:<\/p>\n<ol>\n<li><strong>Y\u00fczey Haz\u0131rl\u0131\u011f\u0131:<\/strong>\u00a0G\u00fc\u00e7l\u00fc bir yap\u0131\u015fma sa\u011flamak i\u00e7in se\u00e7ilen metal y\u00fczeyin temiz ve tozdan veya nemden ar\u0131nd\u0131r\u0131lm\u0131\u015f oldu\u011fundan emin olun.<\/li>\n<li><strong>Etiketin Konumland\u0131r\u0131lmas\u0131:<\/strong>\u00a0Etiket i\u00e7in en uygun konumu belirleyin. Bir\u00a0<strong>vida deli\u011fi<\/strong>\u00a0Gerekirse daha kal\u0131c\u0131 bir \u00e7\u00f6z\u00fcm i\u00e7in yap\u0131\u015fkanl\u0131 arka y\u00fczeyi kullan\u0131n veya kolay uygulama i\u00e7in yap\u0131\u015fkanl\u0131 arka y\u00fczeyi kullan\u0131n.<\/li>\n<li><strong>Etiketin Test Edilmesi:<\/strong>\u00a0Uygulad\u0131ktan sonra d\u00fczg\u00fcn \u00e7al\u0131\u015fmas\u0131n\u0131 garantilemek i\u00e7in okuma aral\u0131\u011f\u0131n\u0131 ve i\u015flevselli\u011fi kontrol etti\u011finizden emin olun.<\/li>\n<\/ol>\n<p>Do\u011fru kurulum devriye y\u00f6netim sisteminizin uzun \u00f6m\u00fcrl\u00fc olmas\u0131n\u0131 sa\u011flayacak ve verimlili\u011fini art\u0131racakt\u0131r.<\/p>\n<p><img fetchpriority=\"high\" decoding=\"async\" class=\"alignnone wp-image-2646\" src=\"https:\/\/rfid-laundry-tag.com\/wp-content\/uploads\/2024\/09\/7_H17fee47b9eae43d5a80c5a2bc6771f13t-300x300.jpg\" alt=\"NFC TAGS\" width=\"489\" height=\"489\" srcset=\"https:\/\/rfid-laundry-tag.com\/wp-content\/uploads\/2024\/09\/7_H17fee47b9eae43d5a80c5a2bc6771f13t-300x300.jpg 300w, https:\/\/rfid-laundry-tag.com\/wp-content\/uploads\/2024\/09\/7_H17fee47b9eae43d5a80c5a2bc6771f13t-150x150.jpg 150w, https:\/\/rfid-laundry-tag.com\/wp-content\/uploads\/2024\/09\/7_H17fee47b9eae43d5a80c5a2bc6771f13t-768x768.jpg 768w, https:\/\/rfid-laundry-tag.com\/wp-content\/uploads\/2024\/09\/7_H17fee47b9eae43d5a80c5a2bc6771f13t-12x12.jpg 12w, https:\/\/rfid-laundry-tag.com\/wp-content\/uploads\/2024\/09\/7_H17fee47b9eae43d5a80c5a2bc6771f13t-600x600.jpg 600w, https:\/\/rfid-laundry-tag.com\/wp-content\/uploads\/2024\/09\/7_H17fee47b9eae43d5a80c5a2bc6771f13t-100x100.jpg 100w, https:\/\/rfid-laundry-tag.com\/wp-content\/uploads\/2024\/09\/7_H17fee47b9eae43d5a80c5a2bc6771f13t.jpg 1000w\" sizes=\"(max-width: 489px) 100vw, 489px\" \/><\/p>\n<h2>A\u011f\u0131r Hizmet Tipi NFC Etiketlerin Teknik \u00d6zellikleri<\/h2>\n<p>A\u015fa\u011f\u0131da, \u00f6nemli teknik \u00f6zellikler yer almaktad\u0131r:\u00a0<strong>A\u011f\u0131r Hizmet Tipi NFC Etiketleri \u00dczerine<\/strong>:<\/p>\n<div>\n<div class=\"overflow-x-auto custom-scrollbar custom-scrollbar-wide mb-2\">\n<table class=\"w-fit !mb-2 !max-w-none\">\n<thead>\n<tr>\n<th style=\"text-align: left;\">\u00d6zellik<\/th>\n<th style=\"text-align: left;\">\u015eartname<\/th>\n<\/tr>\n<\/thead>\n<tbody>\n<tr>\n<td>Boyut<\/td>\n<td>25mm, 30mm<\/td>\n<\/tr>\n<tr>\n<td>\u00c7ip<\/td>\n<td>NTAG213<\/td>\n<\/tr>\n<tr>\n<td>S\u0131kl\u0131k<\/td>\n<td>13.56MHz<\/td>\n<\/tr>\n<tr>\n<td>Protokol<\/td>\n<td>ISO\/IEC 14443A<\/td>\n<\/tr>\n<tr>\n<td>Haf\u0131za<\/td>\n<td>180 bayt<\/td>\n<\/tr>\n<tr>\n<td>\u00c7al\u0131\u015fma S\u0131cakl\u0131\u011f\u0131<\/td>\n<td>-20 ila 65 derece C<\/td>\n<\/tr>\n<tr>\n<td>Kur\u015fun zaman\u0131<\/td>\n<td>7 \u0130\u015f G\u00fcn\u00fc<\/td>\n<\/tr>\n<tr>\n<td>Veri Saklama<\/td>\n<td>\u226510 y\u0131l<\/td>\n<\/tr>\n<tr>\n<td>Okuma Aral\u0131\u011f\u0131<\/td>\n<td>0-10cm<\/td>\n<\/tr>\n<\/tbody>\n<\/table>\n<\/div>\n<\/div>\n<p>Bu \u00f6zelliklerin anla\u015f\u0131lmas\u0131, kullan\u0131c\u0131lar\u0131n kendi \u00f6zel ihtiya\u00e7lar\u0131na en uygun etiketi belirlemelerine yard\u0131mc\u0131 olur.<\/p>\n<h2>NFC Etiketlerinin \u00c7evresel Etkisi<\/h2>\n<p>Kullanman\u0131n \u00e7evresel etkisi\u00a0<strong>NFC teknolojisi<\/strong>\u00a0b\u00fcy\u00fcyen bir endi\u015fedir. Neyse ki, bu etiketler s\u00fcrd\u00fcr\u00fclebilir uygulamalar d\u00fc\u015f\u00fcn\u00fclerek tasarlanm\u0131\u015ft\u0131r:<\/p>\n<ul>\n<li><strong>Kullan\u0131lan Malzemeler:<\/strong>\u00a0\u00dcretimde kullan\u0131lan malzemeler\u00a0<strong>metal NFC<\/strong>\u00a0Etiketler uzun \u00f6m\u00fcrl\u00fc ve geri d\u00f6n\u00fc\u015ft\u00fcr\u00fclebilir olmalar\u0131 nedeniyle se\u00e7ilmektedir.<\/li>\n<li><strong>Azalt\u0131lm\u0131\u015f At\u0131k:<\/strong>\u00a0Ka\u011f\u0131t g\u00fcnl\u00fcklerine ve manuel kay\u0131t tutmaya olan ihtiyac\u0131 ortadan kald\u0131rarak, kurulu\u015flar ka\u011f\u0131t at\u0131k ayak izlerini \u00f6nemli \u00f6l\u00e7\u00fcde azaltabilirler.<\/li>\n<\/ul>\n<p>Kucaklamak\u00a0<strong>NFC etiketleri<\/strong>\u00a0sadece g\u00fcvenli\u011fi art\u0131rmakla kalm\u0131yor, ayn\u0131 zamanda \u00e7evre dostu operasyonel uygulamalarla da uyumlu hale geliyor.<\/p>\n<h3>M\u00fc\u015fteri Deneyimleri ve Yorumlar\u0131<\/h3>\n<p>Ger\u00e7ek d\u00fcnya uygulamalar\u0131\u00a0<strong>NFC etiketi<\/strong>\u00a0sat\u0131n alma kararlar\u0131n\u0131 etkileyebilir. Burada, m\u00fc\u015fteri referanslar\u0131n\u0131 ve deneyimlerini inceliyoruz.<\/p>\n<h2>A\u011f\u0131r Hizmet Tipi NFC Etiketleri Hakk\u0131nda SSS<\/h2>\n<p><strong>S: Bu NFC etiketleri \u00e7ok s\u0131cak veya \u00e7ok so\u011fuk ko\u015fullarda kullan\u0131labilir mi?<\/strong><br \/>\nC: Evet, -20 ila 65 derece C aras\u0131ndaki \u00e7al\u0131\u015fma s\u0131cakl\u0131\u011f\u0131 aral\u0131\u011f\u0131 onlar\u0131 \u00e7e\u015fitli ortamlara uygun hale getirir.<\/p>\n<p><strong>S: Etiket \u00fczerindeki veriler ne kadar s\u00fcre saklan\u0131r?<\/strong><br \/>\nA: Verilerin saklanma s\u00fcresi en az 10 y\u0131ld\u0131r ve bu sayede uzun vadeli g\u00fcvenilirlik sa\u011flanmaktad\u0131r.<\/p>\n<p>Daha fazla sorunuz varsa l\u00fctfen a\u00e7\u0131kl\u0131k getirmek i\u00e7in bize ula\u015fmaktan \u00e7ekinmeyin.<\/p>\n<p>Sonu\u00e7 olarak,\u00a0<strong>Devriye i\u00e7in A\u011f\u0131r Hizmet Tipi NFC Etiketleri Hakk\u0131nda<\/strong>\u00a0g\u00fcvenlik ve y\u00f6netim uygulamalar\u0131n\u0131 geli\u015ftirmek isteyen modern kurulu\u015flar i\u00e7in vazge\u00e7ilmez bir ara\u00e7t\u0131r. Geli\u015fmi\u015f teknolojileri, dayan\u0131kl\u0131l\u0131klar\u0131 ve uyarlanabilirlikleri ile bu etiketler \u00f6nemli operasyonel iyile\u015ftirmeler sunar.<\/p>","protected":false},"excerpt":{"rendered":"<p>Metal y\u00fczeyler i\u00e7in tasarlanm\u0131\u015f A\u011f\u0131r Hizmet Tipi NFC Etiketimizle devriye verimlili\u011fini art\u0131r\u0131n. Dayan\u0131kl\u0131, g\u00fcvenilir ve sorunsuz g\u00fcvenlik y\u00f6netimi i\u00e7in m\u00fckemmel.<\/p>","protected":false},"featured_media":2642,"template":"","meta":{"_kad_post_transparent":"default","_kad_post_title":"","_kad_post_layout":"default","_kad_post_sidebar_id":"","_kad_post_content_style":"default","_kad_post_vertical_padding":"default","_kad_post_feature":"","_kad_post_feature_position":"","_kad_post_header":false,"_kad_post_footer":false,"_kad_post_classname":""},"product_brand":[],"product_cat":[54],"product_tag":[305,216,290],"class_list":{"0":"post-2641","1":"product","2":"type-product","3":"status-publish","4":"has-post-thumbnail","6":"product_cat-hot-selling-rfid-tags","7":"product_tag-heavy-duty-nfc-tags","8":"product_tag-nfc-patrol-tag","9":"product_tag-nfc-tag","11":"first","12":"instock","13":"shipping-taxable","14":"product-type-simple","15":"entry","16":"content-bg","17":"loop-entry"},"_links":{"self":[{"href":"https:\/\/rfid-laundry-tag.com\/tr\/wp-json\/wp\/v2\/product\/2641","targetHints":{"allow":["GET"]}}],"collection":[{"href":"https:\/\/rfid-laundry-tag.com\/tr\/wp-json\/wp\/v2\/product"}],"about":[{"href":"https:\/\/rfid-laundry-tag.com\/tr\/wp-json\/wp\/v2\/types\/product"}],"version-history":[{"count":1,"href":"https:\/\/rfid-laundry-tag.com\/tr\/wp-json\/wp\/v2\/product\/2641\/revisions"}],"predecessor-version":[{"id":2647,"href":"https:\/\/rfid-laundry-tag.com\/tr\/wp-json\/wp\/v2\/product\/2641\/revisions\/2647"}],"wp:featuredmedia":[{"embeddable":true,"href":"https:\/\/rfid-laundry-tag.com\/tr\/wp-json\/wp\/v2\/media\/2642"}],"wp:attachment":[{"href":"https:\/\/rfid-laundry-tag.com\/tr\/wp-json\/wp\/v2\/media?parent=2641"}],"wp:term":[{"taxonomy":"product_brand","embeddable":true,"href":"https:\/\/rfid-laundry-tag.com\/tr\/wp-json\/wp\/v2\/product_brand?post=2641"},{"taxonomy":"product_cat","embeddable":true,"href":"https:\/\/rfid-laundry-tag.com\/tr\/wp-json\/wp\/v2\/product_cat?post=2641"},{"taxonomy":"product_tag","embeddable":true,"href":"https:\/\/rfid-laundry-tag.com\/tr\/wp-json\/wp\/v2\/product_tag?post=2641"}],"curies":[{"name":"wp","href":"https:\/\/api.w.org\/{rel}","templated":true}]}}