{"id":2638,"date":"2024-09-22T14:53:50","date_gmt":"2024-09-22T14:53:50","guid":{"rendered":"https:\/\/rfid-laundry-tag.com\/?post_type=product&#038;p=2638"},"modified":"2024-09-22T14:53:51","modified_gmt":"2024-09-22T14:53:51","slug":"on-metal-nfc-screw-tag-for-checkpoint-security","status":"publish","type":"product","link":"https:\/\/rfid-laundry-tag.com\/tr\/on-metal-nfc-screw-tag-for-checkpoint-security\/","title":{"rendered":"Kontrol Noktas\u0131 G\u00fcvenli\u011fi i\u00e7in Metal \u00dczeri NFC Vida Etiketi"},"content":{"rendered":"<p><strong>Kontrol Noktas\u0131 G\u00fcvenli\u011fi i\u00e7in Metal \u00dczeri NFC Vida Etiketi:<\/strong>\u00a0Dayan\u0131kl\u0131 On-Metal NFC Vida Etiketimizle sa\u011flam kontrol noktas\u0131 g\u00fcvenli\u011fini sa\u011flay\u0131n. Metal y\u00fczeylerde g\u00fcvenilir veri aktar\u0131m\u0131 i\u00e7in NTAG213 ile \u00fcretilen bu etiket, g\u00fcvenlik protokollerinize sorunsuz bir \u015fekilde entegre olur, g\u00fcvenli\u011fi ve verimlili\u011fi art\u0131rmak i\u00e7in h\u0131zl\u0131 eri\u015fim ve ger\u00e7ek zamanl\u0131 izleme sa\u011flar.<\/p>\n<h2>On-Metal NFC Vida Etiketinin \u00d6zellikleri<\/h2>\n<p>The\u00a0<strong>Metal \u00dczeri NFC Vida Etiketi<\/strong>\u00a0\u00e7ok y\u00f6nl\u00fc bir \u00e7\u00f6z\u00fcm olmas\u0131n\u0131 sa\u011flayan birka\u00e7 \u00f6nemli \u00f6zellik ile tasarlanm\u0131\u015ft\u0131r:<\/p>\n<ul>\n<li><strong>Dayan\u0131kl\u0131l\u0131k<\/strong>: Bir ile in\u015fa edilmi\u015ftir\u00a0<strong>ABS kabuk<\/strong>\u00a0zorlu ortamlara dayanabilen bu etiket, toza, suya ve kimyasal korozyona kar\u015f\u0131 dayan\u0131kl\u0131d\u0131r ve\u00a0<strong>IP67<\/strong>\u00a0koruma seviyesi.<\/li>\n<li><strong>Y\u00fcksek Performans<\/strong>: Etiket \u015funlar\u0131 kullan\u0131r:\u00a0<strong>NTAG213<\/strong>\u00a0h\u0131zl\u0131 okuma h\u0131zlar\u0131n\u0131 kolayla\u015ft\u0131ran teknoloji, veri aktar\u0131m h\u0131zlar\u0131 ile\u00a0<strong>106 kbit\/s<\/strong>Yo\u011fun ortamlarda verimli operasyonlara olanak tan\u0131r.<\/li>\n<li><strong>Anti-Metal Teknolojisi<\/strong>: :\u00a0<strong>anti-metal<\/strong>\u00a0Bu i\u015flev, etiketin normalde NFC sinyallerini bozacak olan metal y\u00fczeylere yap\u0131\u015ft\u0131r\u0131ld\u0131\u011f\u0131nda bile etkili bir \u015fekilde \u00e7al\u0131\u015fmas\u0131n\u0131 sa\u011flar.<\/li>\n<\/ul>\n<p>Bu \u00f6zellikler, On-Metal NFC Vida Etiketini, dayan\u0131kl\u0131l\u0131k ve performans\u0131n en \u00f6nemli oldu\u011fu lojistik, kat\u0131l\u0131m kontrol\u00fc ve di\u011fer end\u00fcstrilerdeki uygulamalar i\u00e7in ideal hale getirir.<\/p>\n<h2>Teknik \u00d6zellikler<\/h2>\n<div>\n<div class=\"overflow-x-auto custom-scrollbar custom-scrollbar-wide mb-2\">\n<table class=\"w-fit !mb-2 !max-w-none\">\n<thead>\n<tr>\n<th>\u015eartname<\/th>\n<th>Detaylar<\/th>\n<\/tr>\n<\/thead>\n<tbody>\n<tr>\n<td><strong>\u00c7ip<\/strong><\/td>\n<td>NTAG213<\/td>\n<\/tr>\n<tr>\n<td><strong>Haf\u0131za<\/strong><\/td>\n<td>144\/504\/888\/1K bayt<\/td>\n<\/tr>\n<tr>\n<td><strong>Protokol<\/strong><\/td>\n<td>ISO 14443A<\/td>\n<\/tr>\n<tr>\n<td><strong>S\u0131kl\u0131k<\/strong><\/td>\n<td>13.56MHz<\/td>\n<\/tr>\n<tr>\n<td><strong>Renk Se\u00e7enekleri<\/strong><\/td>\n<td>Siyah, Beyaz, Sar\u0131<\/td>\n<\/tr>\n<tr>\n<td><strong>\u00c7ap<\/strong><\/td>\n<td>25\/30\/35\/40\/52 mm (\u00f6zel \u00f6l\u00e7\u00fcler mevcuttur)<\/td>\n<\/tr>\n<tr>\n<td><strong>Kal\u0131nl\u0131k<\/strong><\/td>\n<td>5 mm<\/td>\n<\/tr>\n<tr>\n<td><strong>A\u011f\u0131rl\u0131k<\/strong><\/td>\n<td>3 gr<\/td>\n<\/tr>\n<tr>\n<td><strong>\u00c7al\u0131\u015fma S\u0131cakl\u0131\u011f\u0131<\/strong><\/td>\n<td>-25\u00b0C ila 70\u00b0C<\/td>\n<\/tr>\n<tr>\n<td><strong>Silinebilirlik<\/strong><\/td>\n<td>&gt; 100.000 silme<\/td>\n<\/tr>\n<tr>\n<td><strong>Okuma Mesafesi<\/strong><\/td>\n<td>2-20 cm (ortama ba\u011fl\u0131 olarak)<\/td>\n<\/tr>\n<\/tbody>\n<\/table>\n<\/div>\n<\/div>\n<p>Bu yeteneklerle donat\u0131lm\u0131\u015f olan On-Metal NFC Vida Etiketi, \u00e7e\u015fitli uygulamalar i\u00e7in g\u00fc\u00e7l\u00fc bir ara\u00e7 olarak \u00f6ne \u00e7\u0131k\u0131yor.\u00a0<strong>NFC uygulamalar\u0131<\/strong>.<\/p>\n<h2>Farkl\u0131 End\u00fcstrilerdeki Uygulamalar<\/h2>\n<p>On-Metal NFC Vida Etiketinin \u00e7ok y\u00f6nl\u00fcl\u00fc\u011f\u00fc, bir\u00e7ok sekt\u00f6rde kullan\u0131lmas\u0131na olanak tan\u0131r:<\/p>\n<ul>\n<li><strong>Eri\u015fim Kontrol\u00fc<\/strong>: G\u00fcvenli konumlardaki giri\u015f noktalar\u0131n\u0131 kolayca y\u00f6netin\u00a0<strong>NFC etiketleri<\/strong>\u00a0kap\u0131lara veya kap\u0131lara. Etiketler, sorunsuz kimlik do\u011frulamas\u0131 i\u00e7in kullan\u0131c\u0131 profillerine ba\u011flanabilir.<\/li>\n<li><strong>Lojistik ve Stok Y\u00f6netimi<\/strong>: Metal konteynerlere etiket yerle\u015ftirerek mallar\u0131n takibini kolayla\u015ft\u0131r\u0131n. Bu etiketlerin dayan\u0131kl\u0131l\u0131\u011f\u0131, \u00fcretim ve nakliye zorluklar\u0131na dayanmalar\u0131n\u0131 sa\u011flar.<\/li>\n<li><strong>Toplu Ta\u015f\u0131ma<\/strong>: Bilet sistemlerinde On-Metal NFC etiketlerini kullanarak kullan\u0131c\u0131 deneyimini geli\u015ftirin, b\u00f6ylece yolcular\u0131n durumlar\u0131n\u0131 kontrol etmelerine veya hesaplar\u0131na kolayca y\u00fckleme yapmalar\u0131na olanak tan\u0131y\u0131n.<\/li>\n<\/ul>\n<p>\u015eirketler bu etiketleri uygulayarak operasyonlar\u0131 kolayla\u015ft\u0131rabilir ve hizmet sunumunu \u00f6nemli \u00f6l\u00e7\u00fcde iyile\u015ftirebilir.<\/p>\n<h2>NTAG213, NTAG215 ve NTAG216 Kullanman\u0131n Avantajlar\u0131<\/h2>\n<p>NXP Semiconductors&#039;\u0131n NTAG213, NTAG215 ve NTAG216 yongalar\u0131 belirgin avantajlar sunuyor:<\/p>\n<ol>\n<li><strong>Segmentasyon<\/strong>:Kullan\u0131c\u0131lar, etiketlerin i\u015flevsellik a\u00e7\u0131s\u0131ndan esnek olmas\u0131n\u0131 sa\u011flayarak belle\u011fi birden fazla uygulama i\u00e7in segmentlere ay\u0131rabilirler.<\/li>\n<li><strong>G\u00fcvenlik \u00d6zellikleri<\/strong>: \u0130le donat\u0131lm\u0131\u015f\u00a0<em><strong>ECC tabanl\u0131 \u00f6zg\u00fcnl\u00fck imzalar\u0131<\/strong><\/em>\u00a0Ve\u00a0<strong>\u015fifre korumas\u0131<\/strong>Bu etiketler, verileri yetkisiz eri\u015fime kar\u015f\u0131 korur ve b\u00fct\u00fcnl\u00fc\u011f\u00fcn\u00fc garanti eder.<\/li>\n<li><strong>Y\u00fcksek Kapasite ve Performans<\/strong>:Geni\u015fletilmi\u015f bellek se\u00e7enekleri, h\u0131zl\u0131 okuma yeteneklerini korurken \u00f6nemli miktarda veri depolama gerektiren uygulamalar i\u00e7in uygundur.<\/li>\n<\/ol>\n<p>Bu avantajlar, i\u015fletmelerin \u00e7\u00f6z\u00fcmlerini belirli operasyonel ihtiya\u00e7lara g\u00f6re \u00f6zelle\u015ftirmelerine olanak tan\u0131r.<\/p>\n<h2>Kurulum ve Kullan\u0131m Talimatlar\u0131<\/h2>\n<p>Metal \u00dcst\u00fc NFC Vida Etiketi&#039;nin montaj\u0131 basittir:<\/p>\n<ol>\n<li><strong>Bir Konum Se\u00e7in<\/strong>: Etiketin yerle\u015ftirilece\u011fi metal \u00f6\u011fe \u00fczerinde d\u00fcz bir y\u00fczey se\u00e7in.\u00a0<strong>y\u00fczey<\/strong>\u00a0temiz ve kurudur.<\/li>\n<li><strong>Vidalarla Sabitleyin<\/strong>: Sa\u011flanan vidalar\u0131 kullan\u0131n\u00a0<em>vida delikleri<\/em>\u00a0kal\u0131c\u0131 bir fikst\u00fcr i\u00e7in etikette.<\/li>\n<li><strong>Yap\u0131\u015ft\u0131r\u0131c\u0131 Se\u00e7ene\u011fi<\/strong>: Alternatif olarak, tercih edilirse etiket g\u00fc\u00e7l\u00fc bir yap\u0131\u015ft\u0131r\u0131c\u0131 kullan\u0131larak da yap\u0131\u015ft\u0131r\u0131labilir.<\/li>\n<\/ol>\n<p>Etiketler tak\u0131ld\u0131ktan sonra uyumlu NFC \u00f6zellikli cihazlarla kolayca taranabiliyor ve etikette saklanan bilgilere an\u0131nda eri\u015fim sa\u011flanabiliyor.<\/p>\n<h2>Metal \u00dcst\u00fc NFC Etiketleri Hakk\u0131nda SSS<\/h2>\n<p><strong>S: On-Metal NFC Vida Etiketi t\u00fcm metal y\u00fczeylerde \u00e7al\u0131\u015f\u0131r m\u0131?<\/strong><br \/>\nA: Evet, uzmanla\u015fm\u0131\u015f yap\u0131s\u0131 sayesinde\u00a0<strong>anti-metal teknolojisi<\/strong>, etiket \u00e7e\u015fitli metal y\u00fczeylerde parazite neden olmadan etkili bir \u015fekilde \u00e7al\u0131\u015f\u0131r.<\/p>\n<p><strong>S: NTAG213 etiketine nas\u0131l veri yazabilirim veya onu nas\u0131l programlayabilirim?<\/strong><br \/>\nA: Programlama, uygun uygulama ile uyumlu NFC \u00f6zellikli cihazlar kullan\u0131larak ger\u00e7ekle\u015ftirilebilir. Daha karma\u015f\u0131k uygulamalar i\u00e7in \u00f6zel NFC yazma yaz\u0131l\u0131m\u0131 kullanmay\u0131 d\u00fc\u015f\u00fcn\u00fcn.<\/p>\n<p><strong>S: Bu etiketlerin \u00e7al\u0131\u015fma s\u0131cakl\u0131\u011f\u0131 aral\u0131\u011f\u0131 nedir?<\/strong><br \/>\nA: Etiketler, a\u015fa\u011f\u0131daki s\u0131cakl\u0131k aral\u0131klar\u0131nda etkili bir \u015fekilde \u00e7al\u0131\u015f\u0131r:\u00a0<strong>-25\u00b0C ila 70\u00b0C<\/strong>.<\/p>\n<h2>\u00c7evresel Hususlar<\/h2>\n<p>The\u00a0<strong>Metal \u00dczeri NFC Vida Etiketi<\/strong>\u00a0s\u00fcrd\u00fcr\u00fclebilirlik d\u00fc\u015f\u00fcn\u00fclerek tasarlanm\u0131\u015ft\u0131r. Sa\u011flam yap\u0131s\u0131, de\u011fi\u015ftirme ihtiyac\u0131n\u0131 en aza indirerek at\u0131\u011f\u0131 azalt\u0131r. Dahas\u0131, uygun \u015fekilde at\u0131ld\u0131\u011f\u0131nda, bu etiketlerin \u00fcretiminde kullan\u0131lan elemanlar geri d\u00f6n\u00fc\u015ft\u00fcr\u00fclebilir.<\/p>","protected":false},"excerpt":{"rendered":"<p>On-Metal NFC Vida Etiketi ile operasyonlar\u0131n\u0131z\u0131 geli\u015ftirin. Dayan\u0131kl\u0131, \u00e7ok y\u00f6nl\u00fc ve metal y\u00fczeylerde sorunsuz veri aktar\u0131m\u0131 i\u00e7in NFC teknolojisiyle donat\u0131lm\u0131\u015ft\u0131r.<\/p>","protected":false},"featured_media":2639,"template":"","meta":{"_kad_post_transparent":"default","_kad_post_title":"","_kad_post_layout":"default","_kad_post_sidebar_id":"","_kad_post_content_style":"default","_kad_post_vertical_padding":"default","_kad_post_feature":"","_kad_post_feature_position":"","_kad_post_header":false,"_kad_post_footer":false,"_kad_post_classname":""},"product_brand":[],"product_cat":[54],"product_tag":[305,216,304],"class_list":{"0":"post-2638","1":"product","2":"type-product","3":"status-publish","4":"has-post-thumbnail","6":"product_cat-hot-selling-rfid-tags","7":"product_tag-heavy-duty-nfc-tags","8":"product_tag-nfc-patrol-tag","9":"product_tag-nfc-screw-tag","11":"first","12":"instock","13":"shipping-taxable","14":"product-type-simple","15":"entry","16":"content-bg","17":"loop-entry"},"_links":{"self":[{"href":"https:\/\/rfid-laundry-tag.com\/tr\/wp-json\/wp\/v2\/product\/2638","targetHints":{"allow":["GET"]}}],"collection":[{"href":"https:\/\/rfid-laundry-tag.com\/tr\/wp-json\/wp\/v2\/product"}],"about":[{"href":"https:\/\/rfid-laundry-tag.com\/tr\/wp-json\/wp\/v2\/types\/product"}],"version-history":[{"count":1,"href":"https:\/\/rfid-laundry-tag.com\/tr\/wp-json\/wp\/v2\/product\/2638\/revisions"}],"predecessor-version":[{"id":2640,"href":"https:\/\/rfid-laundry-tag.com\/tr\/wp-json\/wp\/v2\/product\/2638\/revisions\/2640"}],"wp:featuredmedia":[{"embeddable":true,"href":"https:\/\/rfid-laundry-tag.com\/tr\/wp-json\/wp\/v2\/media\/2639"}],"wp:attachment":[{"href":"https:\/\/rfid-laundry-tag.com\/tr\/wp-json\/wp\/v2\/media?parent=2638"}],"wp:term":[{"taxonomy":"product_brand","embeddable":true,"href":"https:\/\/rfid-laundry-tag.com\/tr\/wp-json\/wp\/v2\/product_brand?post=2638"},{"taxonomy":"product_cat","embeddable":true,"href":"https:\/\/rfid-laundry-tag.com\/tr\/wp-json\/wp\/v2\/product_cat?post=2638"},{"taxonomy":"product_tag","embeddable":true,"href":"https:\/\/rfid-laundry-tag.com\/tr\/wp-json\/wp\/v2\/product_tag?post=2638"}],"curies":[{"name":"wp","href":"https:\/\/api.w.org\/{rel}","templated":true}]}}