{"id":2587,"date":"2024-09-20T13:25:42","date_gmt":"2024-09-20T13:25:42","guid":{"rendered":"https:\/\/rfid-laundry-tag.com\/?post_type=product&#038;p=2587"},"modified":"2024-09-20T14:18:31","modified_gmt":"2024-09-20T14:18:31","slug":"rfid-chips-for-uniform-and-linen","status":"publish","type":"product","link":"https:\/\/rfid-laundry-tag.com\/tr\/rfid-chips-for-uniform-and-linen\/","title":{"rendered":"\u00dcniforma ve Keten i\u00e7in RFID \u00c7ipleri"},"content":{"rendered":"<div>\n<div class=\"auto-hide-last-sibling-br paragraph_1252f paragraph-element\">\n<table width=\"637\">\n<tbody>\n<tr>\n<td width=\"328\"><strong>\u00dcr\u00fcn Ad\u0131:<\/strong><\/td>\n<td width=\"309\"><strong>\u00dcniforma ve Keten i\u00e7in RFID \u00c7ipleri<\/strong><\/td>\n<\/tr>\n<tr>\n<td width=\"328\">RFID Standard\u0131:<\/td>\n<td width=\"309\">ISO\/IEC 18000-6 TipC (EPC Gen2)<\/td>\n<\/tr>\n<tr>\n<td width=\"328\">Boyut ve A\u011f\u0131rl\u0131k:<\/td>\n<td width=\"309\">70\u00d715 mm, 0,6 gr<\/td>\n<\/tr>\n<tr>\n<td width=\"328\">\u00c7ip T\u00fcr\u00fc:<\/td>\n<td width=\"309\">Impinj Monza 4QT,NXP U KODU 9<\/td>\n<\/tr>\n<tr>\n<td width=\"328\">EPC Belle\u011fi:<\/td>\n<td width=\"309\">128 bit<\/td>\n<\/tr>\n<tr>\n<td width=\"328\">Kullan\u0131c\u0131 Belle\u011fi:<\/td>\n<td width=\"309\">512 bit<\/td>\n<\/tr>\n<tr>\n<td width=\"328\">Okuma Aral\u0131\u011f\u0131(2W ERP FCC):<\/td>\n<td width=\"309\">8m<\/td>\n<\/tr>\n<tr>\n<td width=\"328\">Okuma Aral\u0131\u011f\u0131(2W ERP ETSI):<\/td>\n<td width=\"309\">8m<\/td>\n<\/tr>\n<tr>\n<td width=\"328\">Etiketleme:<\/td>\n<td width=\"309\">Diki\u015f, S\u0131cak damgalama yap\u0131\u015ft\u0131r\u0131c\u0131s\u0131<\/td>\n<\/tr>\n<tr>\n<td width=\"328\">Tahmini \u00d6m\u00fcr:<\/td>\n<td width=\"309\">200 y\u0131kama d\u00f6ng\u00fcs\u00fc veya 3 y\u0131l, hangisi \u00f6nce ger\u00e7ekle\u015firse<\/td>\n<\/tr>\n<tr>\n<td width=\"328\">Y\u0131kama Y\u00f6ntemi:<\/td>\n<td width=\"309\">\u00c7ama\u015f\u0131rhane, Kuru temizleme<\/td>\n<\/tr>\n<tr>\n<td width=\"328\">Su \u00c7\u0131karma Bas\u0131nc\u0131:<\/td>\n<td width=\"309\">60 bar<\/td>\n<\/tr>\n<tr>\n<td width=\"328\">Suya Dayan\u0131kl\u0131l\u0131k:<\/td>\n<td width=\"309\">Su ge\u00e7irmez<\/td>\n<\/tr>\n<tr>\n<td width=\"328\">Kimyasal Diren\u00e7:<\/td>\n<td width=\"309\">Deterjan, Yumu\u015fat\u0131c\u0131, \u00c7ama\u015f\u0131r Suyu (Oksijen\/ Klor), Alkali<\/td>\n<\/tr>\n<tr>\n<td width=\"328\">Tumbler&#039;da \u00d6n Kurutma:<\/td>\n<td width=\"309\">125 \u00baC&#039;de 15-20 dakika<\/td>\n<\/tr>\n<tr>\n<td width=\"328\">Sterilizasyon S\u0131cakl\u0131\u011f\u0131:<\/td>\n<td width=\"309\">135\u00b0C&#039;de 15-20 dakika<\/td>\n<\/tr>\n<tr>\n<td width=\"328\">Y\u0131kama S\u0131cakl\u0131\u011f\u0131:<\/td>\n<td width=\"309\">90\u00b0C ,15dk&#039;ya kadar.<\/td>\n<\/tr>\n<tr>\n<td width=\"328\">Nem\/S\u0131cakl\u0131k-\u00c7al\u0131\u015fma:<\/td>\n<td width=\"309\">-20 ila 110\u00b0C, 8 ila 95%RH<\/td>\n<\/tr>\n<tr>\n<td width=\"328\">Nem\/S\u0131cakl\u0131k-Depolama:<\/td>\n<td width=\"309\">-40 ila 110\u00b0C, 8 ila 95%RH<\/td>\n<\/tr>\n<\/tbody>\n<\/table>\n<\/div>\n<\/div>\n<div class=\"auto-hide-last-sibling-br paragraph_1252f paragraph-element\">\n<div data-spm-anchor-id=\"a2700.details.0.i57.23b419c7xXORP0\">\n<h2>RFID \u00c7ama\u015f\u0131r Etiketleri hakk\u0131nda SSS<\/h2>\n<h3>Ya RFID etiketlerim hasar g\u00f6r\u00fcrse?<\/h3>\n<p>RFID etiketleri, end\u00fcstriyel y\u0131kamada tipik olan y\u00fcksek bas\u0131n\u00e7 ve y\u00fcksek s\u0131cakl\u0131k senaryolar\u0131na dayanacak \u015fekilde tasarlanm\u0131\u015ft\u0131r. Bir etiket hasar g\u00f6r\u00fcrse, onu yenisiyle de\u011fi\u015ftirmek basittir.<\/p>\n<h3>RFID \u00e7ama\u015f\u0131r etiketleri barkodlarla uyumlu mudur?<\/h3>\n<p>Evet, RFID etiketleri kapsaml\u0131 bir envanter y\u00f6netimi \u00e7\u00f6z\u00fcm\u00fc sa\u011flamak i\u00e7in mevcut barkod sistemleriyle birlikte \u00e7al\u0131\u015fabilir.<\/p>\n<h3>Etiketlerimin do\u011fru \u00e7al\u0131\u015ft\u0131\u011f\u0131ndan nas\u0131l emin olabilirim?<\/h3>\n<p>\u0130\u015flevselli\u011fini ve tutarl\u0131l\u0131\u011f\u0131n\u0131 do\u011frulamak i\u00e7in RFID \u00e7ama\u015f\u0131r etiketlerinizin rutin taramalar\u0131n\u0131 ger\u00e7ekle\u015ftirin. D\u00fczenli kontroller operasyonel verimlili\u011fin korunmas\u0131na yard\u0131mc\u0131 olacakt\u0131r.<\/p>\n<\/div>\n<\/div>\n<h3 class=\"wp-block-heading\">Kurulum<\/h3>\n<p><strong>Diki\u015f Etiketleme<\/strong>: Bir tekstilin ete\u011fine dikilecek. \u00c7ama\u015f\u0131r etiketini katlama \u00e7izgilerinden uza\u011fa dikin.<br \/>\n<strong>Is\u0131 S\u0131zd\u0131rmazl\u0131\u011f\u0131<\/strong>: +200\u00b0C (392\u00b0F) s\u0131cakl\u0131kta, 12~14 saniye boyunca do\u011frudan tekstil \u00fczerine \u0131s\u0131yla yap\u0131\u015ft\u0131r\u0131lmal\u0131d\u0131r.<br \/>\n<strong>Kese i\u00e7inde<\/strong>: Standart bak\u0131m etiketi gibi dikilmelidir. \u00c7ama\u015f\u0131r etiketini katlama \u00e7izgilerinden uza\u011fa dikin.<\/p>\n<div class=\"auto-hide-last-sibling-br paragraph_1252f paragraph-element\">\n<div class=\"auto-hide-last-sibling-br paragraph_1252f paragraph-element\"><strong>Kuma\u015f Tekstil Y\u0131kanabilir UHF RFID \u00c7ama\u015f\u0131r Etiketi Kullan\u0131mlar\u0131:<\/strong><\/div>\n<ol class=\"auto-hide-last-sibling-br\">\n<li>End\u00fcstriyel \u00c7ama\u015f\u0131rhane: \u00dcniforma \u00e7ama\u015f\u0131rlar\u0131n\u0131n temizlik s\u00fcre\u00e7lerini ve da\u011f\u0131t\u0131m lojisti\u011fini kolayla\u015ft\u0131r\u0131r.<\/li>\n<li>Misafirperverlik Sekt\u00f6r\u00fc: Otel mobilyalar\u0131 ve havlular\u0131 i\u00e7in \u00e7ama\u015f\u0131rhane sistemlerinin y\u00f6netimini geli\u015ftirir.<\/li>\n<li>Sa\u011fl\u0131k Sekt\u00f6r\u00fc: Hastane ve sa\u011fl\u0131k sekt\u00f6r\u00fcndeki k\u0131yafetlerin organizasyonu ve bak\u0131m\u0131nda yard\u0131mc\u0131 olur.<\/li>\n<\/ol>\n<p style=\"font-weight: 400;\">\n<\/div>","protected":false},"excerpt":{"rendered":"<p>\u00dcniforma ve keten y\u00f6netiminizi dayan\u0131kl\u0131 RFID \u00e7ipleriyle geli\u015ftirin; verimli izleme, ger\u00e7ek zamanl\u0131 envanter ve sorunsuz \u00e7ama\u015f\u0131rhane s\u00fcre\u00e7leri sa\u011flay\u0131n.<\/p>","protected":false},"featured_media":2590,"template":"","meta":{"_kad_post_transparent":"default","_kad_post_title":"","_kad_post_layout":"default","_kad_post_sidebar_id":"","_kad_post_content_style":"default","_kad_post_vertical_padding":"default","_kad_post_feature":"","_kad_post_feature_position":"","_kad_post_header":false,"_kad_post_footer":false,"_kad_post_classname":""},"product_brand":[],"product_cat":[19,16],"product_tag":[298,297,296,30],"class_list":{"0":"post-2587","1":"product","2":"type-product","3":"status-publish","4":"has-post-thumbnail","6":"product_cat-textile-rfid-laundry-tag","7":"product_cat-uhf-rfid-laundry-tags","8":"product_tag-rfid-chip-for-linens","9":"product_tag-rfid-chips-for-uniform","10":"product_tag-textile-uhf-rfid-tags","11":"product_tag-uhf-rfid-laundry-tag","13":"first","14":"instock","15":"featured","16":"shipping-taxable","17":"product-type-simple","18":"entry","19":"content-bg","20":"loop-entry"},"_links":{"self":[{"href":"https:\/\/rfid-laundry-tag.com\/tr\/wp-json\/wp\/v2\/product\/2587","targetHints":{"allow":["GET"]}}],"collection":[{"href":"https:\/\/rfid-laundry-tag.com\/tr\/wp-json\/wp\/v2\/product"}],"about":[{"href":"https:\/\/rfid-laundry-tag.com\/tr\/wp-json\/wp\/v2\/types\/product"}],"version-history":[{"count":1,"href":"https:\/\/rfid-laundry-tag.com\/tr\/wp-json\/wp\/v2\/product\/2587\/revisions"}],"predecessor-version":[{"id":2591,"href":"https:\/\/rfid-laundry-tag.com\/tr\/wp-json\/wp\/v2\/product\/2587\/revisions\/2591"}],"wp:featuredmedia":[{"embeddable":true,"href":"https:\/\/rfid-laundry-tag.com\/tr\/wp-json\/wp\/v2\/media\/2590"}],"wp:attachment":[{"href":"https:\/\/rfid-laundry-tag.com\/tr\/wp-json\/wp\/v2\/media?parent=2587"}],"wp:term":[{"taxonomy":"product_brand","embeddable":true,"href":"https:\/\/rfid-laundry-tag.com\/tr\/wp-json\/wp\/v2\/product_brand?post=2587"},{"taxonomy":"product_cat","embeddable":true,"href":"https:\/\/rfid-laundry-tag.com\/tr\/wp-json\/wp\/v2\/product_cat?post=2587"},{"taxonomy":"product_tag","embeddable":true,"href":"https:\/\/rfid-laundry-tag.com\/tr\/wp-json\/wp\/v2\/product_tag?post=2587"}],"curies":[{"name":"wp","href":"https:\/\/api.w.org\/{rel}","templated":true}]}}