{"id":2581,"date":"2024-09-19T13:02:28","date_gmt":"2024-09-19T13:02:28","guid":{"rendered":"https:\/\/rfid-laundry-tag.com\/?post_type=product&#038;p=2581"},"modified":"2024-09-19T13:40:21","modified_gmt":"2024-09-19T13:40:21","slug":"on-metal-nfc-screw-tag-ntag213","status":"publish","type":"product","link":"https:\/\/rfid-laundry-tag.com\/tr\/on-metal-nfc-screw-tag-ntag213\/","title":{"rendered":"Metal \u00dczeri NFC Vida Etiketi Ntag213"},"content":{"rendered":"<p>The <strong>Metal \u00dczeri NFC Vida Etiketi<\/strong> end\u00fcstriyel kullan\u0131m i\u00e7in \u00f6zel olarak tasarlanm\u0131\u015f son derece dayan\u0131kl\u0131 bir NFC etiketidir. <strong>ABS veya PVC konstr\u00fcksiyon<\/strong> bunun olmas\u0131n\u0131 sa\u011flar <strong>su ge\u00e7irmez<\/strong> Ve <strong>\u0131s\u0131ya dayan\u0131kl\u0131<\/strong>Y\u00fcksek nem veya a\u015f\u0131r\u0131 s\u0131cakl\u0131klar gibi zorlu ortamlar i\u00e7in uygun hale getirir.<\/p>\n<h3>Temel \u00d6zellikler:<\/h3>\n<ul>\n<li><strong>\u00c7ip T\u00fcr\u00fc<\/strong>: NXP NTAG213 (t\u00fcm mobil cihazlarla uyumludur)<\/li>\n<li><strong>\u015eekil<\/strong>: Yuvarlak<\/li>\n<li><strong>Boyut<\/strong>: 30 mm \u00e7ap\u0131nda, art\u0131 2,5 mm kal\u0131nl\u0131k<\/li>\n<li><strong>Anten Boyutu<\/strong>: 25mm<\/li>\n<li><strong>Toplam Bellek<\/strong>: 144 bayt<\/li>\n<li><strong>Bi\u00e7imlendirilmi\u015f Bellek<\/strong>: 137 bayt<\/li>\n<li><strong>\u00c7al\u0131\u015fma Frekans\u0131<\/strong>: 13.56 MHz<\/li>\n<\/ul>\n<h3>\u015eunlar i\u00e7in idealdir:<\/h3>\n<ul>\n<li>Metal y\u00fczeylerde sorunsuz kullan\u0131l\u0131r.<\/li>\n<li>Zorlu end\u00fcstriyel ortamlarda bile uzun okuma mesafesi.<\/li>\n<li>NFC \u00f6zellikli t\u00fcm cihazlarla (\u00f6rne\u011fin ak\u0131ll\u0131 telefonlar, tabletler) uyumluluk.<\/li>\n<\/ul>\n<p>Bu etiket ayr\u0131ca \u00f6zelle\u015ftirilebilir ve farkl\u0131 \u00e7ip t\u00fcrleri sunar. <strong>Kimlik bask\u0131 se\u00e7enekleri<\/strong>Vida veya yap\u0131\u015ft\u0131r\u0131c\u0131 ile sabitlenebilir, metal objelere g\u00fcvenli bir \u015fekilde tutunmas\u0131n\u0131 sa\u011flar.<\/p>\n<h3 class=\"AnswerParser_AnswerParserH3__Mpe4s\">Teknik \u00d6zellikler<\/h3>\n<div class=\"AnswerParser_TableContainer__Erb6v\" data-testid=\"table-container\">\n<table>\n<thead>\n<tr>\n<th>\u00d6zellik<\/th>\n<th>\u015eartname<\/th>\n<\/tr>\n<\/thead>\n<tbody>\n<tr>\n<td>\u00c7ap<\/td>\n<td>30 mm<\/td>\n<\/tr>\n<tr>\n<td>Kal\u0131nl\u0131k<\/td>\n<td>3 mm<\/td>\n<\/tr>\n<tr>\n<td>Vida deli\u011fi<\/td>\n<td>3 mm<\/td>\n<\/tr>\n<tr>\n<td>\u00c7ip T\u00fcr\u00fc<\/td>\n<td>NTAG213<\/td>\n<\/tr>\n<tr>\n<td>Haf\u0131za<\/td>\n<td>144 bayt<\/td>\n<\/tr>\n<tr>\n<td>S\u0131kl\u0131k<\/td>\n<td>13,56 MHz (HF)<\/td>\n<\/tr>\n<\/tbody>\n<\/table>\n<\/div>\n<h2 class=\"AnswerParser_AnswerParserH2__SIHnF\">Ntag213 \u00c7ipi: Son Teknoloji NFC<\/h2>\n<p><span class=\"AnswerParser_TextContainer__z_Iiv\" data-testid=\"youchat-text\">On-Metal NFC Vida Etiketimizin kalbinde, a\u015fa\u011f\u0131dakileri sunan g\u00fc\u00e7l\u00fc Ntag213 \u00e7ipi yer al\u0131r:<\/span><\/p>\n<ul class=\"AnswerParser_AnswerParserUnorderedList__P_1FW\">\n<li class=\"AnswerParser_ListItem__XqLOV\" translate=\"yes\">144 bayt kullan\u0131c\u0131 belle\u011fi<\/li>\n<li class=\"AnswerParser_ListItem__XqLOV\" translate=\"yes\">H\u0131zl\u0131 okuma ve yazma h\u0131zlar\u0131<\/li>\n<li class=\"AnswerParser_ListItem__XqLOV\" translate=\"yes\">T\u00fcm NFC \u00f6zellikli cihazlarla uyumluluk<\/li>\n<\/ul>\n<p><span class=\"AnswerParser_TextContainer__z_Iiv\" data-testid=\"youchat-text\">Bu geli\u015fmi\u015f \u00e7ip, verilerinizin h\u0131zl\u0131 ve g\u00fcvenilir bir \u015fekilde iletilmesini sa\u011flayarak onu \u00e7ok \u00e7e\u015fitli NFC uygulamalar\u0131 i\u00e7in m\u00fckemmel hale getirir.<\/span><\/p>\n<h2 class=\"AnswerParser_AnswerParserH2__SIHnF\">Metal \u00dczerindeki Performans: Giri\u015fim Zorluklar\u0131n\u0131n \u00dcstesinden Gelmek<\/h2>\n<p><span class=\"AnswerParser_TextContainer__z_Iiv\" data-testid=\"youchat-text\">Geleneksel NFC etiketleri genellikle sinyal paraziti nedeniyle metal y\u00fczeylere yerle\u015ftirildi\u011finde zorlan\u0131r. Metal \u00dczeri NFC Vidal\u0131 Etiketlerimiz \u00f6zellikle \u015funlar i\u00e7in tasarlanm\u0131\u015ft\u0131r:<\/span><\/p>\n<ul class=\"AnswerParser_AnswerParserUnorderedList__P_1FW\">\n<li class=\"AnswerParser_ListItem__XqLOV\" translate=\"yes\">Metal y\u00fczeylerde optimum performans\u0131 koruyun<\/li>\n<li class=\"AnswerParser_ListItem__XqLOV\" translate=\"yes\">Tutarl\u0131 okuma aral\u0131klar\u0131 sa\u011flay\u0131n<\/li>\n<li class=\"AnswerParser_ListItem__XqLOV\" translate=\"yes\">Aralay\u0131c\u0131lara veya ek yap\u0131\u015ft\u0131r\u0131c\u0131lara olan ihtiyac\u0131 ortadan kald\u0131r\u0131n<\/li>\n<\/ul>\n<p><span class=\"AnswerParser_TextContainer__z_Iiv\" data-testid=\"youchat-text\">Geli\u015fmi\u015f anti-metal teknolojisinden yararlanan bu etiketler, do\u011frudan metal nesnelere tak\u0131ld\u0131\u011f\u0131nda bile g\u00fcvenilir ileti\u015fimi garanti eder.<\/span><\/p>\n<h2 class=\"AnswerParser_AnswerParserH2__SIHnF\">Kolay Entegrasyon: Mevcut NFC Altyap\u0131n\u0131zla Uyumlu<\/h2>\n<p><span class=\"AnswerParser_TextContainer__z_Iiv\" data-testid=\"youchat-text\">Metal \u00dcst\u00fc NFC Vida Etiketlerimiz mevcut NFC ekosisteminizle kusursuz bir \u015fekilde entegre olacak \u015fekilde tasarlanm\u0131\u015ft\u0131r. Bunlar:<\/span><\/p>\n<ul class=\"AnswerParser_AnswerParserUnorderedList__P_1FW\">\n<li class=\"AnswerParser_ListItem__XqLOV\" translate=\"yes\">T\u00fcm standart NFC okuyucularla uyumludur<\/li>\n<li class=\"AnswerParser_ListItem__XqLOV\" translate=\"yes\">NFC \u00f6zellikli ak\u0131ll\u0131 telefonlar kullan\u0131larak kolayca programlanabilir<\/li>\n<li class=\"AnswerParser_ListItem__XqLOV\" translate=\"yes\">Hem Android hem de iOS cihazlar i\u00e7in uygundur<\/li>\n<\/ul>\n<p><span class=\"AnswerParser_TextContainer__z_Iiv\" data-testid=\"youchat-text\">Bu \u00e7ok y\u00f6nl\u00fcl\u00fck, maliyetli altyap\u0131 y\u00fckseltmelerine ihtiya\u00e7 duymadan bu etiketleri uygulayabilmenizi sa\u011flar.<\/span><\/p>\n<h2 class=\"AnswerParser_AnswerParserH2__SIHnF\">\u00d6zelle\u015ftirme Se\u00e7enekleri: Etiketlerinizi \u0130htiya\u00e7lar\u0131n\u0131za G\u00f6re Uyarlay\u0131n<\/h2>\n<p><span class=\"AnswerParser_TextContainer__z_Iiv\" data-testid=\"youchat-text\">Her i\u015fletmenin benzersiz gereksinimleri oldu\u011funu anl\u0131yoruz. Bu nedenle On-Metal NFC Vida Etiketlerimiz i\u00e7in bir dizi \u00f6zelle\u015ftirme se\u00e7ene\u011fi sunuyoruz:<\/span><\/p>\n<ul class=\"AnswerParser_AnswerParserUnorderedList__P_1FW\">\n<li class=\"AnswerParser_ListItem__XqLOV\" translate=\"yes\">Logonuz veya markan\u0131zla \u00f6zel bask\u0131<\/li>\n<li class=\"AnswerParser_ListItem__XqLOV\" translate=\"yes\">Esteti\u011finize uyacak \u00e7e\u015fitli renk se\u00e7enekleri<\/li>\n<li class=\"AnswerParser_ListItem__XqLOV\" translate=\"yes\">Belirli verilerinizle ki\u015fiselle\u015ftirilmi\u015f kodlama<\/li>\n<\/ul>\n<p><span class=\"AnswerParser_TextContainer__z_Iiv\" data-testid=\"youchat-text\">Uzman ekibimiz, i\u015f ihtiya\u00e7lar\u0131n\u0131z i\u00e7in m\u00fckemmel NFC \u00e7\u00f6z\u00fcm\u00fcn\u00fc olu\u015fturman\u0131za yard\u0131mc\u0131 olmaya haz\u0131r.<\/span><\/p>\n<h2 class=\"AnswerParser_AnswerParserH2__SIHnF\">\u00c7evresel Etki: S\u00fcrd\u00fcr\u00fclebilir NFC \u00c7\u00f6z\u00fcmleri<\/h2>\n<p><span class=\"AnswerParser_TextContainer__z_Iiv\" data-testid=\"youchat-text\">G\u00fcn\u00fcm\u00fcz\u00fcn \u00e7evre bilincine sahip d\u00fcnyas\u0131nda, s\u00fcrd\u00fcr\u00fclebilir NFC \u00e7\u00f6z\u00fcmleri sunmaya kararl\u0131y\u0131z. Metal \u00dczeri NFC Vida Etiketlerimiz:<\/span><\/p>\n<ul class=\"AnswerParser_AnswerParserUnorderedList__P_1FW\">\n<li class=\"AnswerParser_ListItem__XqLOV\" translate=\"yes\">Geri d\u00f6n\u00fc\u015ft\u00fcr\u00fclebilir malzemelerden yap\u0131lm\u0131\u015ft\u0131r<\/li>\n<li class=\"AnswerParser_ListItem__XqLOV\" translate=\"yes\">Uzun \u00f6m\u00fcrl\u00fcd\u00fcr, at\u0131klar\u0131 azalt\u0131r<\/li>\n<li class=\"AnswerParser_ListItem__XqLOV\" translate=\"yes\">Ka\u011f\u0131ts\u0131z sistemlere katk\u0131da bulunarak genel \u00e7evresel etkiyi azalt\u0131n<\/li>\n<\/ul>\n<p><span class=\"AnswerParser_TextContainer__z_Iiv\" data-testid=\"youchat-text\">Etiketlerimizi se\u00e7erek yaln\u0131zca son teknolojiye de\u011fil, ayn\u0131 zamanda daha s\u00fcrd\u00fcr\u00fclebilir bir gelece\u011fe de yat\u0131r\u0131m yapm\u0131\u015f olursunuz.<\/span><\/p>\n<h2 class=\"AnswerParser_AnswerParserH2__SIHnF\">Maliyet Etkin \u00c7\u00f6z\u00fcm: Yat\u0131r\u0131m Getirinizi Maksimize Edin<\/h2>\n<p><span class=\"AnswerParser_TextContainer__z_Iiv\" data-testid=\"youchat-text\">Metal \u00dczeri NFC Vida Etiketlerinin ba\u015flang\u0131\u00e7 maliyeti geleneksel etiket tabanl\u0131 etiketlere g\u00f6re daha y\u00fcksek olsa da, uzun vadede \u00f6nemli faydalar sunar:<\/span><\/p>\n<ul class=\"AnswerParser_AnswerParserUnorderedList__P_1FW\">\n<li class=\"AnswerParser_ListItem__XqLOV\" translate=\"yes\">\u00dcst\u00fcn dayan\u0131kl\u0131l\u0131k sayesinde azalt\u0131lm\u0131\u015f de\u011fi\u015ftirme maliyetleri<\/li>\n<li class=\"AnswerParser_ListItem__XqLOV\" translate=\"yes\">Varl\u0131k takibi ve y\u00f6netiminde iyile\u015ftirilmi\u015f verimlilik<\/li>\n<li class=\"AnswerParser_ListItem__XqLOV\" translate=\"yes\">Daha ak\u0131c\u0131 operasyonlar ve maliyet tasarrufu potansiyeli<\/li>\n<\/ul>\n<p><span class=\"AnswerParser_TextContainer__z_Iiv\" data-testid=\"youchat-text\">Y\u00fcksek kaliteli NFC etiketlerimize yat\u0131r\u0131m yapmak, zaman i\u00e7inde \u00f6nemli yat\u0131r\u0131m getirisi sa\u011flayabilir.<\/span><\/p>\n<h2 class=\"AnswerParser_AnswerParserH2__SIHnF\">Kolay Kurulum ve Kullan\u0131m Talimatlar\u0131<\/h2>\n<p><span class=\"AnswerParser_TextContainer__z_Iiv\" data-testid=\"youchat-text\">On-Metal NFC Vida Etiketlerimizi kullanmaya ba\u015flamak basittir:<\/span><\/p>\n<ol class=\"AnswerParser_AnswerParserOrderedList__kl_2Y\">\n<li class=\"AnswerParser_ListItem__XqLOV\" translate=\"yes\">Etiketi yap\u0131\u015ft\u0131raca\u011f\u0131n\u0131z metal y\u00fczeyi temizleyin<\/li>\n<li class=\"AnswerParser_ListItem__XqLOV\" translate=\"yes\">Etiketi g\u00fcvenli bir \u015fekilde sabitlemek i\u00e7in 3 mm vida deli\u011fini kullan\u0131n<\/li>\n<li class=\"AnswerParser_ListItem__XqLOV\" translate=\"yes\">Etiketi NFC \u00f6zellikli cihaz\u0131n\u0131z\u0131 kullanarak programlay\u0131n<\/li>\n<li class=\"AnswerParser_ListItem__XqLOV\" translate=\"yes\">Yeni takt\u0131\u011f\u0131n\u0131z NFC etiketinizi kullanmaya ba\u015flay\u0131n!<\/li>\n<\/ol>\n<p><span class=\"AnswerParser_TextContainer__z_Iiv\" data-testid=\"youchat-text\">Ayr\u0131nt\u0131l\u0131 talimatlar ve programlama k\u0131lavuzlar\u0131 i\u00e7in sat\u0131n alma i\u015fleminden sonra gelen kutunuzda kapsaml\u0131 kullan\u0131c\u0131 k\u0131lavuzumuzu kontrol edin.<\/span><\/p>\n<h2 class=\"AnswerParser_AnswerParserH2__SIHnF\">S\u0131k\u00e7a Sorulan Sorular<\/h2>\n<p><span class=\"AnswerParser_TextContainer__z_Iiv\" data-testid=\"youchat-text\"><strong>S: Bu etiketler metal olmayan y\u00fczeylerde kullan\u0131labilir mi?<\/strong>\u00a0<\/span><\/p>\n<p><span class=\"AnswerParser_TextContainer__z_Iiv\" data-testid=\"youchat-text\">C: Evet, metal y\u00fczeyler i\u00e7in optimize edilmi\u015f olan etiketlerimiz metal olmayan malzemelerde de ayn\u0131 \u015fekilde iyi \u00e7al\u0131\u015f\u0131r.<\/span><\/p>\n<p><span class=\"AnswerParser_TextContainer__z_Iiv\" data-testid=\"youchat-text\"><strong>S: Bu NFC etiketlerinin okuma aral\u0131\u011f\u0131 nedir?<\/strong>\u00a0<\/span><\/p>\n<p><span class=\"AnswerParser_TextContainer__z_Iiv\" data-testid=\"youchat-text\">A: Tipik okuma mesafesi, kullan\u0131lan okuyucu cihaza ba\u011fl\u0131 olarak 5 cm&#039;ye kadar \u00e7\u0131kabilir.<\/span><\/p>\n<p><span class=\"AnswerParser_TextContainer__z_Iiv\" data-testid=\"youchat-text\"><strong>S: Bu etiketler su ge\u00e7irmez mi?<\/strong>\u00a0<\/span><\/p>\n<p><span class=\"AnswerParser_TextContainer__z_Iiv\" data-testid=\"youchat-text\">C: Evet, metal yap\u0131s\u0131 sayesinde suya ve di\u011fer s\u0131v\u0131lara kar\u015f\u0131 olduk\u00e7a dayan\u0131kl\u0131d\u0131r.<\/span><\/p>","protected":false},"excerpt":{"rendered":"<p>The <strong>Metal \u00dczeri NFC Vida Etiketi<\/strong> End\u00fcstriyel kullan\u0131m i\u00e7in \u00f6zel olarak tasarlanm\u0131\u015f, son derece dayan\u0131kl\u0131 bir NFC etiketidir.<\/p>","protected":false},"featured_media":2582,"template":"","meta":{"_kad_post_transparent":"default","_kad_post_title":"","_kad_post_layout":"default","_kad_post_sidebar_id":"","_kad_post_content_style":"default","_kad_post_vertical_padding":"default","_kad_post_feature":"","_kad_post_feature_position":"","_kad_post_header":false,"_kad_post_footer":false,"_kad_post_classname":""},"product_brand":[],"product_cat":[54],"product_tag":[295,216,290,294],"class_list":{"0":"post-2581","1":"product","2":"type-product","3":"status-publish","4":"has-post-thumbnail","6":"product_cat-hot-selling-rfid-tags","7":"product_tag-nfc-disc-tag","8":"product_tag-nfc-patrol-tag","9":"product_tag-nfc-tag","10":"product_tag-on-metal-nfc-screw-tag","12":"first","13":"instock","14":"shipping-taxable","15":"product-type-simple","16":"entry","17":"content-bg","18":"loop-entry"},"_links":{"self":[{"href":"https:\/\/rfid-laundry-tag.com\/tr\/wp-json\/wp\/v2\/product\/2581","targetHints":{"allow":["GET"]}}],"collection":[{"href":"https:\/\/rfid-laundry-tag.com\/tr\/wp-json\/wp\/v2\/product"}],"about":[{"href":"https:\/\/rfid-laundry-tag.com\/tr\/wp-json\/wp\/v2\/types\/product"}],"version-history":[{"count":1,"href":"https:\/\/rfid-laundry-tag.com\/tr\/wp-json\/wp\/v2\/product\/2581\/revisions"}],"predecessor-version":[{"id":2586,"href":"https:\/\/rfid-laundry-tag.com\/tr\/wp-json\/wp\/v2\/product\/2581\/revisions\/2586"}],"wp:featuredmedia":[{"embeddable":true,"href":"https:\/\/rfid-laundry-tag.com\/tr\/wp-json\/wp\/v2\/media\/2582"}],"wp:attachment":[{"href":"https:\/\/rfid-laundry-tag.com\/tr\/wp-json\/wp\/v2\/media?parent=2581"}],"wp:term":[{"taxonomy":"product_brand","embeddable":true,"href":"https:\/\/rfid-laundry-tag.com\/tr\/wp-json\/wp\/v2\/product_brand?post=2581"},{"taxonomy":"product_cat","embeddable":true,"href":"https:\/\/rfid-laundry-tag.com\/tr\/wp-json\/wp\/v2\/product_cat?post=2581"},{"taxonomy":"product_tag","embeddable":true,"href":"https:\/\/rfid-laundry-tag.com\/tr\/wp-json\/wp\/v2\/product_tag?post=2581"}],"curies":[{"name":"wp","href":"https:\/\/api.w.org\/{rel}","templated":true}]}}