{"id":2576,"date":"2024-09-17T14:08:34","date_gmt":"2024-09-17T14:08:34","guid":{"rendered":"https:\/\/rfid-laundry-tag.com\/?post_type=product&#038;p=2576"},"modified":"2024-09-17T14:08:35","modified_gmt":"2024-09-17T14:08:35","slug":"custom-anti-metal-nfc-coin-tag","status":"publish","type":"product","link":"https:\/\/rfid-laundry-tag.com\/tr\/custom-anti-metal-nfc-coin-tag\/","title":{"rendered":"\u00d6zel Anti-Metal NFC Madeni Para Etiketi"},"content":{"rendered":"<h3>\u00d6zel Anti-Metal NFC Madeni Para Etiketi<\/h3>\n<h2 class=\"AnswerParser_AnswerParserH2__SIHnF\">\u00d6zel Anti-Metal NFC Madeni Para Etiketleri Nelerdir?<\/h2>\n<p><span class=\"AnswerParser_TextContainer__z_Iiv\" data-testid=\"youchat-text\"><strong>\u00d6zel Anti-Metal NFC Madeni Para Etiketleri<\/strong>\u00a0\u00e7e\u015fitli \u00fcr\u00fcnlere veya promosyon malzemelerine yerle\u015ftirilebilen \u00f6zel olarak tasarlanm\u0131\u015f NFC etiketleridir. Standart NFC etiketlerinin aksine, bu etiketler metal y\u00fczeylerde etkili bir \u015fekilde \u00e7al\u0131\u015facak \u015fekilde tasarlanm\u0131\u015ft\u0131r ve bu da onlar\u0131 \u00e7ok say\u0131da uygulama i\u00e7in \u00e7ok y\u00f6nl\u00fc hale getirir. Etiketler boyut ve tasar\u0131m olarak \u00f6zelle\u015ftirilebilir ve i\u015fletmelerin m\u00fc\u015fteri etkile\u015fimini geli\u015ftiren benzersiz \u00e7\u00f6z\u00fcmler olu\u015fturmas\u0131na olanak tan\u0131r.<\/span><span class=\"AnswerParser_TextContainer__z_Iiv\" data-testid=\"youchat-text\">Bu NFC para etiketleri ak\u0131ll\u0131 posterlere, vitrinlere ve hatta do\u011frudan \u00fcr\u00fcnlere yerle\u015ftirilebiliyor ve b\u00f6ylece t\u00fcketicilerin NFC \u00f6zellikli ak\u0131ll\u0131 telefonlar\u0131na dokunarak ilgili bilgilere veya kampanyalara an\u0131nda eri\u015fmeleri sa\u011flanabiliyor.<\/span><\/p>\n<h2 class=\"AnswerParser_AnswerParserH2__SIHnF\">NFC Teknolojisi Nas\u0131l \u00c7al\u0131\u015f\u0131r?<\/h2>\n<p><span class=\"AnswerParser_TextContainer__z_Iiv\" data-testid=\"youchat-text\">NFC teknolojisi cihazlar aras\u0131nda k\u0131sa menzilli ileti\u015fime olanak tan\u0131r. Bir t\u00fcketici bir NFC etiketiyle etkile\u015fime girdi\u011finde nas\u0131l \u00e7al\u0131\u015ft\u0131\u011f\u0131na bir bakal\u0131m:<\/span><\/p>\n<ol class=\"AnswerParser_AnswerParserOrderedList__kl_2Y\">\n<li class=\"AnswerParser_ListItem__XqLOV\" translate=\"yes\"><strong>Dokunma Etkile\u015fimi<\/strong>:Bir t\u00fcketici NFC \u00f6zellikli ak\u0131ll\u0131 telefonunu NFC etiketine dokundurdu\u011funda, telefon etiketin benzersiz tan\u0131mlay\u0131c\u0131s\u0131n\u0131 alg\u0131lar.<\/li>\n<li class=\"AnswerParser_ListItem__XqLOV\" translate=\"yes\"><strong>URL Alg\u0131lama<\/strong>: NFC etiketi belirli bir kampanyaya veya bilgiye ba\u011fl\u0131 bir URL i\u00e7erir.<\/li>\n<li class=\"AnswerParser_ListItem__XqLOV\" translate=\"yes\"><strong>Veri De\u011fi\u015fimi<\/strong>:Ak\u0131ll\u0131 telefon, URL&#039;yi bir bulut sunucusuna g\u00f6nderir ve bulut sunucusu da s\u00f6z konusu URL ile ili\u015fkili kampanya verilerini al\u0131r.<\/li>\n<li class=\"AnswerParser_ListItem__XqLOV\" translate=\"yes\"><strong>Ak\u0131ll\u0131 Telefonda G\u00f6r\u00fcnt\u00fcle<\/strong>: Al\u0131nan kampanya bilgileri daha sonra t\u00fcketicinin ak\u0131ll\u0131 telefonunda g\u00f6r\u00fcnt\u00fcleniyor ve promosyon teklifleri, \u00fcr\u00fcn detaylar\u0131 veya etkile\u015fimli deneyimler gibi i\u00e7eriklere an\u0131nda eri\u015fim sa\u011flan\u0131yor.<\/li>\n<\/ol>\n<p><span class=\"AnswerParser_TextContainer__z_Iiv\" data-testid=\"youchat-text\">Bu kesintisiz bilgi al\u0131\u015fveri\u015fi, kullan\u0131c\u0131 etkile\u015fimini art\u0131r\u0131yor ve markalar\u0131n hedef kitleleriyle ba\u011flant\u0131 kurma bi\u00e7imini basitle\u015ftiriyor.<\/span><\/p>\n<h2 class=\"AnswerParser_AnswerParserH2__SIHnF\">\u00d6zel NFC Madeni Para Etiketlerini Kullanman\u0131n Faydalar\u0131<\/h2>\n<p><span class=\"AnswerParser_TextContainer__z_Iiv\" data-testid=\"youchat-text\">\u00d6zel NFC madeni para etiketlerini kullanman\u0131n say\u0131s\u0131z avantaj\u0131 vard\u0131r:<\/span><\/p>\n<ul class=\"AnswerParser_AnswerParserUnorderedList__P_1FW\">\n<li class=\"AnswerParser_ListItem__XqLOV\" translate=\"yes\"><strong>Kusursuz Etkile\u015fim<\/strong>: WiFi pazarlamas\u0131n\u0131n aksine, NFC t\u00fcketicilerin ak\u0131ll\u0131 telefonlar\u0131n\u0131 yap\u0131land\u0131rmas\u0131n\u0131 gerektirmez. Kullan\u0131c\u0131lar basit bir dokunu\u015fla bilgilere h\u0131zla eri\u015febilir ve bu da onu kullan\u0131c\u0131 dostu bir deneyim haline getirir.<\/li>\n<li class=\"AnswerParser_ListItem__XqLOV\" translate=\"yes\"><strong>Geli\u015fmi\u015f Kat\u0131l\u0131m<\/strong>: NFC jeton etiketleri, markalar\u0131n t\u00fcketicinin dikkatini \u00e7eken ve marka sadakatini art\u0131ran etkile\u015fimli ve dinamik pazarlama kampanyalar\u0131 olu\u015fturmas\u0131na olanak tan\u0131r.<\/li>\n<li class=\"AnswerParser_ListItem__XqLOV\" translate=\"yes\"><strong>\u00c7ok y\u00f6nl\u00fcl\u00fck<\/strong>:Bu etiketler metal de dahil olmak \u00fczere \u00e7e\u015fitli y\u00fczeylere uygulanabildi\u011finden, \u00e7ok \u00e7e\u015fitli \u00fcr\u00fcn ve promosyon malzemeleri i\u00e7in uygundur.<\/li>\n<\/ul>\n<p><span class=\"AnswerParser_TextContainer__z_Iiv\" data-testid=\"youchat-text\">Bu avantajlar NFC madeni para etiketlerini modern pazarlama stratejileri i\u00e7in g\u00fc\u00e7l\u00fc bir ara\u00e7 konumuna getiriyor.<\/span><\/p>\n<h2 class=\"AnswerParser_AnswerParserH2__SIHnF\">NFC Madeni Para Etiketleri i\u00e7in Malzeme ve Tasar\u0131m Se\u00e7enekleri<\/h2>\n<p><span class=\"AnswerParser_TextContainer__z_Iiv\" data-testid=\"youchat-text\">\u00d6zel NFC madeni para etiketleri, uzun \u00f6m\u00fcr ve i\u015flevsellik sa\u011flayan dayan\u0131kl\u0131 malzemelerden \u00fcretilmi\u015ftir:<\/span><\/p>\n<ul class=\"AnswerParser_AnswerParserUnorderedList__P_1FW\">\n<li class=\"AnswerParser_ListItem__XqLOV\" translate=\"yes\"><strong>PVC\/PET<\/strong>:Bu malzemeler genellikle dayan\u0131kl\u0131l\u0131klar\u0131 ve esneklikleri nedeniyle g\u00fcnl\u00fck kullan\u0131m i\u00e7in idealdir.<\/li>\n<li class=\"AnswerParser_ListItem__XqLOV\" translate=\"yes\"><strong>Anti-Metal Malzeme<\/strong>: Benzersiz anti-metal tasar\u0131m\u0131, NFC etiketlerinin metalik y\u00fczeylerde herhangi bir m\u00fcdahaleye maruz kalmadan kullan\u0131lmas\u0131n\u0131 sa\u011flayarak g\u00fcvenilir performans sa\u011flar.<\/li>\n<\/ul>\n<p><span class=\"AnswerParser_TextContainer__z_Iiv\" data-testid=\"youchat-text\">Ayr\u0131ca NFC madeni para etiketlerinin boyutu \u00f6zel ihtiya\u00e7lar\u0131 kar\u015f\u0131layacak \u015fekilde \u00f6zelle\u015ftirilebilir, bu da tasar\u0131m ve uygulamada esneklik sa\u011flar.<\/span><\/p>\n<h2 class=\"AnswerParser_AnswerParserH2__SIHnF\">Bask\u0131 ve El Sanatlar\u0131 Teknikleri<\/h2>\n<p><span class=\"AnswerParser_TextContainer__z_Iiv\" data-testid=\"youchat-text\">\u00d6zel NFC madeni para etiketleri i\u00e7in mevcut bask\u0131 ve i\u015fleme se\u00e7enekleri \u015funlard\u0131r:<\/span><\/p>\n<ul class=\"AnswerParser_AnswerParserUnorderedList__P_1FW\">\n<li class=\"AnswerParser_ListItem__XqLOV\" translate=\"yes\"><strong>CMYK Ofset Bask\u0131\/Dijital Bask\u0131<\/strong>:Bu teknikler, logolar, markalama ve di\u011fer g\u00f6rsel \u00f6\u011felerin yer ald\u0131\u011f\u0131 y\u00fcksek kaliteli, renkli tasar\u0131mlara olanak tan\u0131r.<\/li>\n<li class=\"AnswerParser_ListItem__XqLOV\" translate=\"yes\"><strong>El Sanatlar\u0131 Teknikleri<\/strong>:Her etiket, i\u015flevselli\u011fi ve markalamay\u0131 geli\u015ftirmek i\u00e7in numaraland\u0131rma veya kodlama gibi benzersiz \u00f6zelliklerle haz\u0131rlanabilir.<\/li>\n<\/ul>\n<p><span class=\"AnswerParser_TextContainer__z_Iiv\" data-testid=\"youchat-text\">Bu se\u00e7enekler, her NFC madeni para etiketinin y\u00fcksek kalite standartlar\u0131n\u0131 korurken markan\u0131n kimli\u011fini yans\u0131tacak \u015fekilde \u00f6zelle\u015ftirilebilmesini sa\u011flar.<\/span><\/p>\n<h2 class=\"AnswerParser_AnswerParserH2__SIHnF\">NFC Madeni Para Etiketlerinin Pazarlamadaki Uygulamalar\u0131<\/h2>\n<p><span class=\"AnswerParser_TextContainer__z_Iiv\" data-testid=\"youchat-text\">NFC para etiketleri \u00e7e\u015fitli pazarlama uygulamalar\u0131nda kullan\u0131labilir, bunlar aras\u0131nda \u015funlar yer al\u0131r:<\/span><\/p>\n<ul class=\"AnswerParser_AnswerParserUnorderedList__P_1FW\">\n<li class=\"AnswerParser_ListItem__XqLOV\" translate=\"yes\"><strong>Ak\u0131ll\u0131 Posterler<\/strong>:Markalar, t\u00fcketicilerle etkile\u015fimli i\u00e7erikler (\u00f6rne\u011fin videolar veya promosyon teklifleri) arac\u0131l\u0131\u011f\u0131yla etkile\u015fim kurmak i\u00e7in posterlere NFC jeton etiketleri yerle\u015ftirebilir.<\/li>\n<li class=\"AnswerParser_ListItem__XqLOV\" translate=\"yes\"><strong>\u00dcr\u00fcn Paketleme<\/strong>:\u015eirketler NFC etiketlerini \u00fcr\u00fcn ambalajlar\u0131na entegre ederek m\u00fc\u015fterilerinin talimatlar, kullan\u0131m ipu\u00e7lar\u0131 ve \u00f6zel teklifler de dahil olmak \u00fczere \u00fcr\u00fcnle ilgili bilgilere kolayca eri\u015fmesini sa\u011flayabilir.<\/li>\n<li class=\"AnswerParser_ListItem__XqLOV\" translate=\"yes\"><strong>Etkinlik Kampanyalar\u0131<\/strong>: NFC jeton etiketleri etkinliklerde etkinlik bilgilerine, programlara ve promosyon materyallerine h\u0131zl\u0131 eri\u015fimi kolayla\u015ft\u0131rmak i\u00e7in kullan\u0131labilir.<\/li>\n<\/ul>\n<p><span class=\"AnswerParser_TextContainer__z_Iiv\" data-testid=\"youchat-text\">Bu uygulamalar, NFC madeni para etiketlerinin pazarlama \u00e7abalar\u0131n\u0131 ve t\u00fcketici kat\u0131l\u0131m\u0131n\u0131 art\u0131rmadaki \u00e7ok y\u00f6nl\u00fcl\u00fc\u011f\u00fcn\u00fc g\u00f6stermektedir.<\/span><\/p>\n<h2 class=\"AnswerParser_AnswerParserH2__SIHnF\">Minimum Sipari\u015f Miktar\u0131 ve Numune Mevcutlu\u011fu<\/h2>\n<p><span class=\"AnswerParser_TextContainer__z_Iiv\" data-testid=\"youchat-text\">\u00d6zel NFC madeni para etiketlerini de\u011ferlendirirken a\u015fa\u011f\u0131dakilere dikkat etmek \u00f6nemlidir:<\/span><\/p>\n<ul class=\"AnswerParser_AnswerParserUnorderedList__P_1FW\">\n<li class=\"AnswerParser_ListItem__XqLOV\" translate=\"yes\"><strong>Minimum Sipari\u015f Miktar\u0131 (MOQ)<\/strong>: \u00d6zel NFC madeni para etiketleri i\u00e7in MOQ miktar\u0131:\u00a0<strong>500<\/strong>\u00a0\u0130\u015fletmelerin tan\u0131t\u0131m \u00e7abalar\u0131n\u0131 etkili bir \u015fekilde \u00f6l\u00e7eklendirebilmelerini sa\u011flamak i\u00e7in birimler.<\/li>\n<li class=\"AnswerParser_ListItem__XqLOV\" translate=\"yes\"><strong>\u00d6rnek Mevcutlu\u011fu<\/strong>:\u0130stek \u00fczerine \u00fccretsiz numuneler sa\u011flanarak, i\u015fletmelerin daha b\u00fcy\u00fck sipari\u015fler vermeden \u00f6nce NFC etiketlerinin kalitesini ve i\u015flevselli\u011fini de\u011ferlendirmeleri sa\u011flan\u0131r.<\/li>\n<\/ul>\n<p><span class=\"AnswerParser_TextContainer__z_Iiv\" data-testid=\"youchat-text\">Bu esneklik, i\u015fletmelerin NFC teknolojisini pazarlama stratejilerine dahil etmelerini kolayla\u015ft\u0131r\u0131yor.<\/span><\/p>\n<h2 class=\"AnswerParser_AnswerParserH2__SIHnF\">NFC Teknolojisinin G\u00fcvenlik \u00d6zellikleri<\/h2>\n<p><span class=\"AnswerParser_TextContainer__z_Iiv\" data-testid=\"youchat-text\">NFC teknolojisi, verileri ve i\u015flemleri korumak i\u00e7in \u00e7e\u015fitli g\u00fcvenlik \u00f6zelliklerini i\u00e7erir:<\/span><\/p>\n<ul class=\"AnswerParser_AnswerParserUnorderedList__P_1FW\">\n<li class=\"AnswerParser_ListItem__XqLOV\" translate=\"yes\"><strong>\u015eifreleme<\/strong>:NFC etiketi ile ak\u0131ll\u0131 telefon aras\u0131nda payla\u015f\u0131lan veriler \u015fifrelenebilir, b\u00f6ylece hassas bilgilerin g\u00fcvende kalmas\u0131 sa\u011flan\u0131r.<\/li>\n<li class=\"AnswerParser_ListItem__XqLOV\" translate=\"yes\"><strong>Kurcalamaya Kar\u015f\u0131 Dayan\u0131kl\u0131l\u0131k<\/strong>:Bir\u00e7ok NFC etiketi, markalar ve t\u00fcketiciler i\u00e7in ek bir g\u00fcvenlik katman\u0131 sa\u011flayarak, kurcalanmaya kar\u015f\u0131 dayan\u0131kl\u0131 olacak \u015fekilde tasarlanm\u0131\u015ft\u0131r.<\/li>\n<\/ul>\n<p><span class=\"AnswerParser_TextContainer__z_Iiv\" data-testid=\"youchat-text\">Bu g\u00fcvenlik \u00f6zellikleri, NFC teknolojisini m\u00fc\u015fterileriyle etkile\u015fim kurarken verilerini korumak isteyen i\u015fletmeler i\u00e7in g\u00fcvenilir bir se\u00e7enek haline getiriyor.<\/span><\/p>\n<h2 class=\"AnswerParser_AnswerParserH2__SIHnF\">\u00d6zel Anti-Metal NFC Madeni Para Etiketleri Hakk\u0131nda SSS<\/h2>\n<p><span class=\"AnswerParser_TextContainer__z_Iiv\" data-testid=\"youchat-text\"><strong>S: NFC jeton etiketleri tekrar kullan\u0131labilir mi?<\/strong><br \/>\nC: NFC para etiketleri, \u00e7ip t\u00fcr\u00fcne ve yeni verileri depolamak \u00fczere programlan\u0131p programlanmad\u0131\u011f\u0131na ba\u011fl\u0131 olarak genellikle birden fazla kez kullan\u0131labilir.<\/span><\/p>\n<p><span class=\"AnswerParser_TextContainer__z_Iiv\" data-testid=\"youchat-text\"><strong>S: NFC jeton etiketleriyle hangi cihazlar uyumludur?<\/strong><br \/>\nC: NFC para etiketleri, Android cihazlar ve iPhone&#039;lar da dahil olmak \u00fczere NFC \u00f6zellikli \u00e7o\u011fu ak\u0131ll\u0131 telefonla uyumludur.<\/span><\/p>\n<p><span class=\"AnswerParser_TextContainer__z_Iiv\" data-testid=\"youchat-text\"><strong>S: NFC madeni para etiketleri su ge\u00e7irmez mi?<\/strong><br \/>\nA: NFC madeni para etiketleri dayan\u0131kl\u0131l\u0131k i\u00e7in tasarlanm\u0131\u015f olsa da, su ge\u00e7irmezlikleri kullan\u0131lan malzemelere g\u00f6re de\u011fi\u015febilir. Ayr\u0131nt\u0131lar i\u00e7in teknik \u00f6zellikleri kontrol etmek \u00f6nemlidir.<\/span><\/p>","protected":false},"excerpt":{"rendered":"<p>\u00d6zel Anti-Metal NFC Madeni Para Etiketleri, kesintisiz t\u00fcketici etkile\u015fimini m\u00fcmk\u00fcn k\u0131lar. Bilgilere an\u0131nda eri\u015fmek i\u00e7in dokunun, metal y\u00fczeylerde pazarlama i\u00e7in m\u00fckemmeldir.<\/p>","protected":false},"featured_media":2577,"template":"","meta":{"_kad_post_transparent":"default","_kad_post_title":"","_kad_post_layout":"default","_kad_post_sidebar_id":"","_kad_post_content_style":"default","_kad_post_vertical_padding":"default","_kad_post_feature":"","_kad_post_feature_position":"","_kad_post_header":false,"_kad_post_footer":false,"_kad_post_classname":""},"product_brand":[],"product_cat":[54],"product_tag":[292,290,293],"class_list":{"0":"post-2576","1":"product","2":"type-product","3":"status-publish","4":"has-post-thumbnail","6":"product_cat-hot-selling-rfid-tags","7":"product_tag-anti-metal-nfc-coin-tag","8":"product_tag-nfc-tag","9":"product_tag-nfc-token","11":"first","12":"instock","13":"shipping-taxable","14":"product-type-simple","15":"entry","16":"content-bg","17":"loop-entry"},"_links":{"self":[{"href":"https:\/\/rfid-laundry-tag.com\/tr\/wp-json\/wp\/v2\/product\/2576","targetHints":{"allow":["GET"]}}],"collection":[{"href":"https:\/\/rfid-laundry-tag.com\/tr\/wp-json\/wp\/v2\/product"}],"about":[{"href":"https:\/\/rfid-laundry-tag.com\/tr\/wp-json\/wp\/v2\/types\/product"}],"version-history":[{"count":1,"href":"https:\/\/rfid-laundry-tag.com\/tr\/wp-json\/wp\/v2\/product\/2576\/revisions"}],"predecessor-version":[{"id":2580,"href":"https:\/\/rfid-laundry-tag.com\/tr\/wp-json\/wp\/v2\/product\/2576\/revisions\/2580"}],"wp:featuredmedia":[{"embeddable":true,"href":"https:\/\/rfid-laundry-tag.com\/tr\/wp-json\/wp\/v2\/media\/2577"}],"wp:attachment":[{"href":"https:\/\/rfid-laundry-tag.com\/tr\/wp-json\/wp\/v2\/media?parent=2576"}],"wp:term":[{"taxonomy":"product_brand","embeddable":true,"href":"https:\/\/rfid-laundry-tag.com\/tr\/wp-json\/wp\/v2\/product_brand?post=2576"},{"taxonomy":"product_cat","embeddable":true,"href":"https:\/\/rfid-laundry-tag.com\/tr\/wp-json\/wp\/v2\/product_cat?post=2576"},{"taxonomy":"product_tag","embeddable":true,"href":"https:\/\/rfid-laundry-tag.com\/tr\/wp-json\/wp\/v2\/product_tag?post=2576"}],"curies":[{"name":"wp","href":"https:\/\/api.w.org\/{rel}","templated":true}]}}