{"id":2571,"date":"2024-09-17T13:42:59","date_gmt":"2024-09-17T13:42:59","guid":{"rendered":"https:\/\/rfid-laundry-tag.com\/?post_type=product&#038;p=2571"},"modified":"2024-09-17T13:43:00","modified_gmt":"2024-09-17T13:43:00","slug":"custom-guard-nfc-token-on-metal","status":"publish","type":"product","link":"https:\/\/rfid-laundry-tag.com\/tr\/custom-guard-nfc-token-on-metal\/","title":{"rendered":"\u00d6zel Muhaf\u0131z NFC Jetonu METAL \u00dcZER\u0130NDE"},"content":{"rendered":"<h3>\u00d6zel Muhaf\u0131z NFC Jetonu METAL \u00dcZER\u0130NDE<\/h3>\n<h3>Temel \u00d6zellikler:<\/h3>\n<ul>\n<li><strong>\u00c7ip T\u00fcr\u00fc<\/strong>: NTAG213, \u00e7e\u015fitli uygulamalar i\u00e7in uygun, \u00f6nemli miktarda bellek kapasitesiyle bilinir.<\/li>\n<li><strong>Metal \u00dczerinde \u0130\u015flevsellik<\/strong>: 0,2 mm kal\u0131nl\u0131\u011f\u0131nda anti-metal izolasyon tabakas\u0131 ile donat\u0131lm\u0131\u015f olup, metal y\u00fczeylerde g\u00fcvenilir NFC \u00e7al\u0131\u015fmas\u0131 sa\u011flar.<\/li>\n<li><strong>Malzeme<\/strong>: P\u00fcr\u00fczs\u00fcz, sa\u011flam PVC plastikten \u00fcretilmi\u015ftir, suya dayan\u0131kl\u0131 olacak \u015fekilde tasarlanm\u0131\u015ft\u0131r ve logolar veya resimlerle \u00f6zel olarak \u00f6zelle\u015ftirilebilir; siyah renkte de mevcuttur.<\/li>\n<li><strong>Yap\u0131\u015ft\u0131r\u0131c\u0131<\/strong>: \u00c7e\u015fitli y\u00fczeylere g\u00fc\u00e7l\u00fc bir ba\u011f sa\u011flayan hafif bir akrilik yap\u0131\u015ft\u0131r\u0131c\u0131 olan 3M 9448A ka\u011f\u0131t bantla birlikte gelir; yap\u0131\u015ft\u0131r\u0131c\u0131s\u0131z bir se\u00e7enek de mevcuttur.<\/li>\n<li><strong>Boyut Se\u00e7enekleri<\/strong>: Dairesel (25mm, 30mm, 35mm) ve kare (30mm x 30mm) gibi farkl\u0131 \u015fekillerde mevcuttur, \u00f6zel boyutlar da m\u00fcmk\u00fcnd\u00fcr.<\/li>\n<li><strong>\u00c7al\u0131\u015fma Modlar\u0131<\/strong>: Veri depolama ve alma i\u00e7in hem okuma hem de yazma i\u015flevlerini destekler.<\/li>\n<li><strong>Okuma Mesafesi<\/strong>: \u00d6zel kullan\u0131m ko\u015fullar\u0131na ba\u011fl\u0131 olarak 1-30cm mesafelerden okuma yap\u0131labilmektedir.<\/li>\n<li><strong>El Sanatlar\u0131 Se\u00e7enekleri<\/strong>: Parlak, mat, hologram ve lazer numaraland\u0131rma veya QR kodlar\u0131 se\u00e7enekleri dahil olmak \u00fczere \u00f6zelle\u015ftirilebilir y\u00fczeyler.<\/li>\n<\/ul>\n<h3>Uygulamalar:<\/h3>\n<ul>\n<li><strong>Eri\u015fim Kontrol\u00fc<\/strong>: \u00c7e\u015fitli ortamlarda eri\u015fimi izlemek ve kontrol etmek i\u00e7in idealdir.<\/li>\n<li><strong>Otomasyon<\/strong>:Otomasyon sistemlerinde takip ve tan\u0131mlama ama\u00e7l\u0131 kullan\u0131labilir.<\/li>\n<li><strong>Stok Y\u00f6netimi<\/strong>: Etiketli \u00fcr\u00fcnlerin ger\u00e7ek zamanl\u0131 tan\u0131mlanmas\u0131yla stok ve envanteri y\u00f6netmek i\u00e7in kullan\u0131\u015fl\u0131d\u0131r.<\/li>\n<li><strong>Muhaf\u0131z Turlar\u0131<\/strong>:\u00d6zellikle bek\u00e7i tur sistemlerinde kullan\u0131lmak \u00fczere tasarlanm\u0131\u015f olup, g\u00fcvenlik personelinin etkin takibini sa\u011flar.<\/li>\n<\/ul>\n<p>Bu NFC token t\u00fcr\u00fc, i\u015flevselli\u011fi ve kullan\u0131m kolayl\u0131\u011f\u0131n\u0131 kusursuz bir \u015fekilde bir araya getirerek g\u00fcvenlik ve varl\u0131k y\u00f6netimindeki \u00e7e\u015fitli NFC uygulamalar\u0131 i\u00e7in m\u00fckemmel bir se\u00e7imdir.<\/p>","protected":false},"excerpt":{"rendered":"<p>Metal \u00fczeri NFC token&#039;lar\u0131, \u00f6zellikle g\u00fcvenlik ve varl\u0131k y\u00f6netimi alan\u0131nda teknolojiyle etkile\u015fim \u015feklimizde devrim yaratt\u0131.<\/p>","protected":false},"featured_media":2572,"template":"","meta":{"_kad_post_transparent":"default","_kad_post_title":"","_kad_post_layout":"default","_kad_post_sidebar_id":"","_kad_post_content_style":"default","_kad_post_vertical_padding":"default","_kad_post_feature":"","_kad_post_feature_position":"","_kad_post_header":false,"_kad_post_footer":false,"_kad_post_classname":""},"product_brand":[],"product_cat":[54],"product_tag":[],"class_list":{"0":"post-2571","1":"product","2":"type-product","3":"status-publish","4":"has-post-thumbnail","6":"product_cat-hot-selling-rfid-tags","8":"first","9":"instock","10":"shipping-taxable","11":"product-type-simple","12":"entry","13":"content-bg","14":"loop-entry"},"_links":{"self":[{"href":"https:\/\/rfid-laundry-tag.com\/tr\/wp-json\/wp\/v2\/product\/2571","targetHints":{"allow":["GET"]}}],"collection":[{"href":"https:\/\/rfid-laundry-tag.com\/tr\/wp-json\/wp\/v2\/product"}],"about":[{"href":"https:\/\/rfid-laundry-tag.com\/tr\/wp-json\/wp\/v2\/types\/product"}],"version-history":[{"count":2,"href":"https:\/\/rfid-laundry-tag.com\/tr\/wp-json\/wp\/v2\/product\/2571\/revisions"}],"predecessor-version":[{"id":2575,"href":"https:\/\/rfid-laundry-tag.com\/tr\/wp-json\/wp\/v2\/product\/2571\/revisions\/2575"}],"wp:featuredmedia":[{"embeddable":true,"href":"https:\/\/rfid-laundry-tag.com\/tr\/wp-json\/wp\/v2\/media\/2572"}],"wp:attachment":[{"href":"https:\/\/rfid-laundry-tag.com\/tr\/wp-json\/wp\/v2\/media?parent=2571"}],"wp:term":[{"taxonomy":"product_brand","embeddable":true,"href":"https:\/\/rfid-laundry-tag.com\/tr\/wp-json\/wp\/v2\/product_brand?post=2571"},{"taxonomy":"product_cat","embeddable":true,"href":"https:\/\/rfid-laundry-tag.com\/tr\/wp-json\/wp\/v2\/product_cat?post=2571"},{"taxonomy":"product_tag","embeddable":true,"href":"https:\/\/rfid-laundry-tag.com\/tr\/wp-json\/wp\/v2\/product_tag?post=2571"}],"curies":[{"name":"wp","href":"https:\/\/api.w.org\/{rel}","templated":true}]}}