{"id":2567,"date":"2024-09-16T05:27:07","date_gmt":"2024-09-16T05:27:07","guid":{"rendered":"https:\/\/rfid-laundry-tag.com\/?post_type=product&#038;p=2567"},"modified":"2024-09-16T05:27:07","modified_gmt":"2024-09-16T05:27:07","slug":"custom-printing-on-metal-nfc-sticker-ntag213","status":"publish","type":"product","link":"https:\/\/rfid-laundry-tag.com\/tr\/custom-printing-on-metal-nfc-sticker-ntag213\/","title":{"rendered":"Metal \u00dczerine \u00d6zel Bask\u0131 NFC Etiket NTAG213"},"content":{"rendered":"<p><strong>Metal \u00dczeri NFC Etiketi<\/strong>\u00a0g\u00fcvenilir bir \u015fekilde donat\u0131lm\u0131\u015f\u00a0<strong>NTAG213 NFC \u00e7ipi<\/strong>. Bu yenilik\u00e7i \u00e7\u0131kartmalar, metal y\u00fczeylerde kusursuz bir \u015fekilde \u00e7al\u0131\u015fmak \u00fczere tasarlanm\u0131\u015ft\u0131r ve m\u00fc\u015fterilerle etkile\u015fim kurman\u0131n, bilgileri h\u0131zl\u0131 bir \u015fekilde payla\u015fman\u0131n ve pazarlama stratejilerini geli\u015ftirmenin dinamik bir yolunu a\u00e7ar. \u0130ster logonuzu sergilemek, ister \u00fcr\u00fcn bilgisi sa\u011flamak veya m\u00fc\u015fteri etkile\u015fimini art\u0131rmak isteyin, metal \u00fczerindeki NFC \u00e7\u0131kartmalar\u0131m\u0131z arad\u0131\u011f\u0131n\u0131z \u00e7\u00f6z\u00fcmd\u00fcr.<\/p>\n<table class=\"has-title is-zebra hight-light-first-column all magic-22\">\n<tbody>\n<tr>\n<td colspan=\"1\" rowspan=\"1\">\n<div class=\"magic-23\" data-spm-anchor-id=\"a2700.details.0.i46.640212393xXGMO\">\u00dcr\u00fcn Ad\u0131<\/div>\n<\/td>\n<td colspan=\"4\" rowspan=\"1\">\n<div class=\"magic-24\">Metal \u00dczerine \u00d6zel Bask\u0131 NFC Etiket NTAG213<\/div>\n<\/td>\n<\/tr>\n<tr>\n<td colspan=\"1\" rowspan=\"1\">\n<div class=\"magic-23\">\u00c7al\u0131\u015fma Frekans\u0131<\/div>\n<\/td>\n<td colspan=\"4\" rowspan=\"1\">\n<div class=\"magic-24\">13.56MHZ<\/div>\n<\/td>\n<\/tr>\n<tr>\n<td colspan=\"1\" rowspan=\"1\">\n<div class=\"magic-23\">Protokol<\/div>\n<\/td>\n<td colspan=\"4\" rowspan=\"1\">\n<div class=\"magic-24\">\u00a0ISO14443A NFC Forum Tip 2<\/div>\n<\/td>\n<\/tr>\n<tr>\n<td colspan=\"1\" rowspan=\"1\">\n<div class=\"magic-23\">Malzeme<\/div>\n<\/td>\n<td colspan=\"4\" rowspan=\"1\">\n<div class=\"magic-27\">Ka\u011f\u0131t veya beyaz PET veya yumu\u015fak\/sert PVC<\/div>\n<\/td>\n<\/tr>\n<tr>\n<td colspan=\"1\" rowspan=\"1\">\n<div class=\"magic-23\">IC<\/div>\n<\/td>\n<td colspan=\"4\" rowspan=\"1\">\n<div class=\"magic-27\">NXP Ntag213<\/div>\n<\/td>\n<\/tr>\n<tr>\n<td colspan=\"1\" rowspan=\"1\">\n<div class=\"magic-23\">Anten<\/div>\n<\/td>\n<td colspan=\"4\" rowspan=\"1\">\n<div class=\"magic-27\">Kaz\u0131nm\u0131\u015f anten<\/div>\n<\/td>\n<\/tr>\n<tr>\n<td colspan=\"1\" rowspan=\"1\">\n<div class=\"magic-23\">Veri Depolama<\/div>\n<\/td>\n<td colspan=\"4\" rowspan=\"1\">\n<div class=\"magic-27\">20 Y\u0131l<\/div>\n<\/td>\n<\/tr>\n<tr>\n<td colspan=\"1\" rowspan=\"1\">\n<div class=\"magic-23\">\u00c7ip \u00f6mr\u00fc<\/div>\n<\/td>\n<td colspan=\"4\" rowspan=\"1\">\n<div class=\"magic-27\">100.000 d\u00f6ng\u00fcden fazla dayan\u0131kl\u0131l\u0131k yaz\u0131n<\/div>\n<\/td>\n<\/tr>\n<tr>\n<td colspan=\"1\" rowspan=\"1\">\n<div class=\"magic-23\">Depolama s\u0131cakl\u0131\u011f\u0131<\/div>\n<\/td>\n<td colspan=\"4\" rowspan=\"1\">\n<div class=\"magic-27\">-40~+85\u00b0C<\/div>\n<\/td>\n<\/tr>\n<tr>\n<td colspan=\"1\" rowspan=\"1\">\n<div class=\"magic-23\">\u00c7al\u0131\u015fma s\u0131cakl\u0131\u011f\u0131<\/div>\n<\/td>\n<td colspan=\"4\" rowspan=\"1\">\n<div class=\"magic-27\">-20~+75\u00b0C<\/div>\n<\/td>\n<\/tr>\n<tr>\n<td colspan=\"1\" rowspan=\"1\">\n<div class=\"magic-23\">Depolama Nemi<\/div>\n<\/td>\n<td colspan=\"4\" rowspan=\"1\">\n<div class=\"magic-27\">5%\uff5e95%<\/div>\n<\/td>\n<\/tr>\n<tr>\n<td colspan=\"1\" rowspan=\"1\">\n<div class=\"magic-23\">Kurulum yolu<\/div>\n<\/td>\n<td colspan=\"4\" rowspan=\"1\">\n<div class=\"magic-27\">Tan\u0131mlamak istedi\u011fimiz nesnelere ba\u011fl\u0131 kal\u0131n<\/div>\n<\/td>\n<\/tr>\n<tr>\n<td colspan=\"1\" rowspan=\"1\">\n<div class=\"magic-23\">\u00c7al\u0131\u015fma Modu<\/div>\n<\/td>\n<td colspan=\"4\" rowspan=\"1\">\n<div class=\"magic-27\">Pasif (Pasif RFID etiketleri)<\/div>\n<\/td>\n<\/tr>\n<tr>\n<td colspan=\"1\" rowspan=\"1\">\n<div class=\"magic-23\">Ki\u015fiselle\u015ftirilmi\u015f hizmet<\/div>\n<\/td>\n<td colspan=\"4\" rowspan=\"1\">\n<div class=\"magic-27\">\u00d6nceden programlanm\u0131\u015f: EPC<br \/>\nBask\u0131: logo, lazer UID, harfler, barkod, QR, rakamlar, Slogan<\/div>\n<\/td>\n<\/tr>\n<tr>\n<td colspan=\"1\" rowspan=\"1\">\n<div class=\"magic-23\">Ba\u015fvuru<\/div>\n<\/td>\n<td colspan=\"4\" rowspan=\"1\">\n<div class=\"magic-27\">\n<div data-spm-anchor-id=\"a2700.pc-decorate.0.i167.373e3333414ktv\">Temass\u0131z \u00d6demeler<\/div>\n<div data-spm-anchor-id=\"a2700.pc-decorate.0.i167.373e3333414ktv\">sosyal medya<\/div>\n<div data-spm-anchor-id=\"a2700.pc-decorate.0.i168.373e3333414ktv\">cihazlar varl\u0131klar mobil cep telefonlar\u0131, tabletler, bilgisayarlar<\/div>\n<div data-spm-anchor-id=\"a2700.pc-decorate.0.i168.373e3333414ktv\">Lojistik, Perakende Moda, m\u00fccevher ve kozmetik<\/div>\n<div data-spm-anchor-id=\"a2700.pc-decorate.0.i168.373e3333414ktv\">Makine ve ekipman muayeneleri<\/div>\n<div data-spm-anchor-id=\"a2700.pc-decorate.0.i168.373e3333414ktv\">Kimlik Tespiti ve Eri\u015fim Kontrol\u00fc\u2026<\/div>\n<\/div>\n<\/td>\n<\/tr>\n<\/tbody>\n<\/table>\n<h2>Neden Metal \u00dczeri NFC Etiketler Ntag213&#039;\u00fc Se\u00e7melisiniz?<\/h2>\n<p>Metal \u00fczeri NFC etiketlerine yat\u0131r\u0131m yapmak yaln\u0131zca markan\u0131z\u0131n g\u00f6r\u00fcn\u00fcrl\u00fc\u011f\u00fcn\u00fc art\u0131rmakla kalmaz, ayn\u0131 zamanda kullan\u0131c\u0131 deneyimini de geli\u015ftirir.\u00a0<strong>NTAG213<\/strong>\u00a0\u00e7ip, bu \u00e7\u0131kartmalar verileri verimli bir \u015fekilde depolayabilir ve iletebilir. Bunlar bir\u00a0<strong>144 bayt<\/strong>\u00a0Depolama kapasitesi, web sitesi URL&#039;leri, ileti\u015fim bilgileri veya promosyon teklifleri gibi temel bilgiler i\u00e7in yeterli alan sunar.<\/p>\n<h3>Metal \u00dczeri NFC Etiketlerin Temel Avantajlar\u0131<\/h3>\n<ul>\n<li><strong>\u00c7ok Y\u00f6nl\u00fc \u00d6zelle\u015ftirme<\/strong>: Her \u00e7\u0131kartmay\u0131 logolar, barkodlar veya CMYK ve siyah renkte bas\u0131lm\u0131\u015f metinlerle \u00f6zelle\u015ftirin. \u00c7\u0131kartmalar\u0131m\u0131z markalama ihtiya\u00e7lar\u0131n\u0131za uyacak \u015fekilde \u00f6zelle\u015ftirilebilir.<\/li>\n<li><strong>Dayan\u0131kl\u0131l\u0131k<\/strong>: \u00c7e\u015fitli \u00e7evre ko\u015fullar\u0131na dayan\u0131kl\u0131 olarak \u00fcretilen bu \u00e7\u0131kartmalar, metal y\u00fczeylerde \u00fcst\u00fcn performans g\u00f6stermesi i\u00e7in ferrit tabaka ile tasarlanm\u0131\u015ft\u0131r.<\/li>\n<li><strong>Kullan\u0131m Kolayl\u0131\u011f\u0131<\/strong>: Basit ve h\u0131zl\u0131 etkile\u015fim \u2013 \u00e7\u0131kartmaya parma\u011f\u0131n\u0131zla dokunman\u0131z yeterli\u00a0<strong>iPhone<\/strong>\u00a0veya\u00a0<strong>Android<\/strong>\u00a0Belirledi\u011finiz i\u00e7eri\u011fe an\u0131nda eri\u015fim sa\u011flayan cihaz.<\/li>\n<\/ul>\n<h2>NTAG213 NFC Teknolojisini Anlamak<\/h2>\n<p>NTAG213 NFC \u00e7ipi, hem iOS hem de Android cihazlarla uyumlulu\u011fu garantilemek i\u00e7in \u00f6zel olarak tasarlanm\u0131\u015f, NFC sekt\u00f6r\u00fcndeki en g\u00fcvenilir \u00e7\u00f6z\u00fcmlerden biridir.\u00a0<strong>144 bayt<\/strong>, temel kullan\u0131m durumlar\u0131 i\u00e7in yeterli veri tutar. NTAG213&#039;\u00fc farkl\u0131 k\u0131lan \u015fey, birden fazla NFC etiketinin \u00e7ak\u0131\u015fma olmadan ayn\u0131 anda \u00e7al\u0131\u015fmas\u0131n\u0131 sa\u011flayan geli\u015fmi\u015f \u00e7arp\u0131\u015fma \u00f6nleme \u00f6zellikleridir.<\/p>\n<p>Kullan\u0131c\u0131lar ak\u0131ll\u0131 telefonlar\u0131n\u0131 metal bir NFC etiketine dokundurduklar\u0131nda, herhangi bir uygulama indirmeye gerek kalmadan an\u0131nda istedikleri dijital i\u00e7eri\u011fe ba\u011flanabiliyorlar.\u00a0<strong>tak ve \u00e7al\u0131\u015ft\u0131r<\/strong>\u00a0i\u015flevselli\u011fi etkile\u015fim \u00f6n\u00fcndeki engelleri azaltarak t\u00fcketicilerle etkili bir \u015fekilde etkile\u015fim kurmak isteyen i\u015fletmeler i\u00e7in ideal bir ara\u00e7 haline getiriyor.<\/p>\n<h2>Metal \u00dczeri Etiketler i\u00e7in \u00d6zelle\u015ftirme Se\u00e7enekleri<\/h2>\n<p>Metal \u00fczeri NFC etiketlerinin en \u00e7ekici y\u00f6nlerinden biri, mevcut \u00f6zelle\u015ftirme se\u00e7eneklerinin \u00e7e\u015fitlili\u011fidir. \u015eekillerden ve boyutlardan bask\u0131 se\u00e7eneklerine kadar, marka imaj\u0131n\u0131zla uyumlu bir \u00fcr\u00fcn geli\u015ftirebilirsiniz.<\/p>\n<ul>\n<li><strong>Bas\u0131l\u0131 Tasar\u0131mlar<\/strong>: Canl\u0131 logolar, \u015f\u0131k harfler ve benzersiz barkodlar sergilemek i\u00e7in y\u00fcksek kaliteli bask\u0131 tekniklerinden yararlan\u0131n. \u00dcr\u00fcn\u00fcn\u00fcz\u00fcn esteti\u011fine uyum sa\u011flamak i\u00e7in parlak veya mat y\u00fczeyler aras\u0131ndan se\u00e7im yap\u0131n.<\/li>\n<li><strong>Malzeme Se\u00e7imleri<\/strong>: Metal \u00fczeri etiketlerimiz a\u015fa\u011f\u0131dakiler dahil olmak \u00fczere \u00e7e\u015fitli malzemeler \u00fczerine bas\u0131labilir:\u00a0<strong>PVC<\/strong>,\u00a0<strong>EVDE BESLENEN HAYVAN<\/strong>, veya\u00a0<strong>Ka\u011f\u0131t<\/strong>kullan\u0131m ve uygulamada esneklik sa\u011flar.<\/li>\n<\/ul>\n<p>Bu d\u00fczeydeki \u00f6zelle\u015ftirme, NFC etiketlerinizin yaln\u0131zca iyi \u00e7al\u0131\u015fmas\u0131n\u0131 de\u011fil, ayn\u0131 zamanda markan\u0131z\u0131n g\u00f6rsel bir temsili olarak hizmet etmesini de sa\u011flar.<\/p>\n<h2>Anti-Metal NFC Etiketlerin Avantajlar\u0131<\/h2>\n<p>Metal y\u00fczeylerde kullan\u0131lmak \u00fczere tasarlanm\u0131\u015f NFC \u00e7\u0131kartmalar\u0131 benzersiz zorluklarla kar\u015f\u0131 kar\u015f\u0131yad\u0131r. Geleneksel \u00e7\u0131kartmalar bu ortamda s\u0131kl\u0131kla ba\u015far\u0131s\u0131z olur, ancak metal kar\u015f\u0131t\u0131 NFC \u00e7\u0131kartmalar\u0131m\u0131z \u00fcst\u00fcn bir \u00e7\u00f6z\u00fcm sunar:<\/p>\n<ul>\n<li><strong>Ferrit Katman\u0131<\/strong>: Entegre ferrit tabakas\u0131, \u00e7\u0131kartmalar\u0131n metal \u00fczerine uygulanmas\u0131 s\u0131ras\u0131nda s\u0131kl\u0131kla olu\u015fan sinyal parazitlerini etkili bir \u015fekilde \u00f6nlemeye yard\u0131mc\u0131 olarak, verilerin sorunsuz bir \u015fekilde iletilmesini sa\u011flar.<\/li>\n<li><strong>Geli\u015fmi\u015f Performans<\/strong>: Bu etiketler m\u00fckemmel ileti\u015fim aral\u0131\u011f\u0131 ve stabilite sa\u011flayarak kullan\u0131c\u0131 memnuniyetini art\u0131r\u0131r ve hayal k\u0131r\u0131kl\u0131\u011f\u0131n\u0131 azalt\u0131r.<\/li>\n<\/ul>\n<p>Anti-metal NFC etiketlerimizi tercih ederek m\u00fc\u015fterilerinize kesintisiz bir deneyim sunabilir, dolay\u0131s\u0131yla kampanyalar\u0131n\u0131z\u0131n etkinli\u011fini art\u0131rabilirsiniz.<\/p>\n<h2>\u0130htiya\u00e7lar\u0131n\u0131za Uygun Do\u011fru Yap\u0131\u015ft\u0131r\u0131c\u0131y\u0131 Se\u00e7mek<\/h2>\n<p>Metal \u00fczerindeki NFC \u00e7\u0131kartmalar\u0131n\u0131z i\u00e7in do\u011fru yap\u0131\u015ft\u0131r\u0131c\u0131y\u0131 se\u00e7mek, uzun \u00f6m\u00fcrl\u00fcl\u00fck ve dayan\u0131kl\u0131l\u0131k sa\u011flamak i\u00e7in \u00e7ok \u00f6nemlidir. Farkl\u0131 uygulamalar farkl\u0131 yap\u0131\u015ft\u0131r\u0131c\u0131 t\u00fcrleri gerektirebilir:<\/p>\n<ul>\n<li><strong>G\u00fc\u00e7l\u00fc Ba\u011f Yap\u0131\u015ft\u0131r\u0131c\u0131s\u0131<\/strong>:Nem veya de\u011fi\u015fen s\u0131cakl\u0131klara maruz kalmay\u0131 gerektiren uygulamalar i\u00e7in g\u00fc\u00e7l\u00fc bir ba\u011flay\u0131c\u0131 yap\u0131\u015ft\u0131r\u0131c\u0131 gereklidir.<\/li>\n<li><strong>\u00c7\u0131kar\u0131labilir yap\u0131\u015ft\u0131r\u0131c\u0131<\/strong>:Ge\u00e7ici bir uygulamaya ihtiyac\u0131n\u0131z varsa, kal\u0131nt\u0131 b\u0131rakmadan kolayca yeniden konumland\u0131r\u0131labilen veya \u00e7\u0131kar\u0131labilen \u00e7\u0131kar\u0131labilir yap\u0131\u015ft\u0131r\u0131c\u0131lar\u0131 tercih edin.<\/li>\n<\/ul>\n<p>Do\u011fru yap\u0131\u015ft\u0131r\u0131c\u0131y\u0131 se\u00e7meye zaman ay\u0131rarak, NFC etiketlerinizin uzun \u00f6m\u00fcrl\u00fc ve etkili olmas\u0131n\u0131 sa\u011flayabilirsiniz.<\/p>\n<h2>Metal \u00dczeri NFC Etiketlerin Uygulamalar\u0131<\/h2>\n<p>Metal \u00fcst\u00fc NFC etiketlerinin \u00e7ok y\u00f6nl\u00fcl\u00fc\u011f\u00fc, bunlar\u0131n \u00e7e\u015fitli sekt\u00f6rlerde kullan\u0131labilece\u011fi anlam\u0131na gelir. \u0130\u015fte baz\u0131 \u00f6nemli uygulamalar:<\/p>\n<ul>\n<li><strong>Perakende Pazarlama<\/strong>:\u00dcr\u00fcn ekran\u0131ndaki bir etikete dokunarak an\u0131nda promosyonlara, g\u00fcncellemelere ve \u00fcr\u00fcn bilgilerine ula\u015fabilirsiniz.<\/li>\n<li><strong>Etkinlik Y\u00f6netimi<\/strong>: Etkinlik kartlar\u0131n\u0131za ve rozetlerinize NFC \u00e7\u0131kartmalar\u0131 ekleyerek programlara, biyografilere ve network f\u0131rsatlar\u0131na h\u0131zl\u0131 eri\u015fim sa\u011flay\u0131n.<\/li>\n<li><strong>Varl\u0131k Takibi<\/strong>: Kurulu\u015flar envanter y\u00f6netimini kolayla\u015ft\u0131rmak i\u00e7in bu etiketleri kullanabilirler. Kolay tan\u0131mlama ve durum izleme i\u00e7in bunlar\u0131 ekipmana tak\u0131n.<\/li>\n<\/ul>\n<p>Kullan\u0131c\u0131 deneyimini ve i\u015f kat\u0131l\u0131m\u0131n\u0131 art\u0131rmak i\u00e7in m\u00fckemmel bir \u015fekilde konumland\u0131r\u0131lm\u0131\u015f potansiyel uygulamalar s\u0131n\u0131rs\u0131zd\u0131r.<\/p>\n<h2>Di\u011fer NFC Etiketleri ile Kar\u015f\u0131la\u015ft\u0131rma<\/h2>\n<p>NFC \u00fcr\u00fcnlerini de\u011ferlendirirken, nas\u0131l \u00e7al\u0131\u015ft\u0131\u011f\u0131n\u0131 anlamak hayati \u00f6nem ta\u015f\u0131r\u00a0<strong>metal \u00fcst\u00fc NFC etiketleri<\/strong>\u00a0Di\u011fer se\u00e7eneklerden farkl\u0131d\u0131r.<\/p>\n<ul>\n<li><strong>Performans<\/strong>: Standart NFC etiketlerinden farkl\u0131 olarak metal \u00fcst\u00fc etiketler, \u00f6zel tasar\u0131m\u0131 ve ferrit arka y\u00fczeyi sayesinde metal y\u00fczeylerde \u00fcst\u00fcn performans sunar.<\/li>\n<li><strong>Kapasite<\/strong>: S\u0131ras\u0131nda\u00a0<strong>NTAG215<\/strong>\u00a0teklifler\u00a0<strong>504 bayt<\/strong>\u00a0Bellek a\u00e7\u0131s\u0131ndan NTAG213, temel URL ba\u011flant\u0131lar\u0131 veya k\u00fc\u00e7\u00fck metin gerektiren \u00e7o\u011fu uygulama i\u00e7in fazlas\u0131yla yeterlidir; bu da onu ekonomik ve verimli bir se\u00e7im haline getirir.<\/li>\n<\/ul>\n<p>Bu temel farkl\u0131l\u0131klar\u0131 anlamak, i\u015fletmelerin kendi \u00f6zel ihtiya\u00e7lar\u0131 i\u00e7in do\u011fru NFC \u00e7\u00f6z\u00fcm\u00fcn\u00fc se\u00e7melerine yard\u0131mc\u0131 olur.<\/p>\n<h2>S\u0131k\u00e7a Sorulan Sorular<\/h2>\n<p>Metal \u00fczeri NFC etiketlerimiz hakk\u0131nda s\u0131k\u00e7a sorulan sorulardan baz\u0131lar\u0131 \u015funlard\u0131r:<\/p>\n<ol>\n<li><strong>Hangi cihazlar NFC etiketleriyle uyumludur?<\/strong>\n<ul>\n<li>\u0130kisi birden\u00a0<strong>iPhone<\/strong>\u00a0Ve\u00a0<strong>Android<\/strong>\u00a0cihazlar NFC teknolojisini destekleyerek geni\u015f bir yelpazede etkile\u015fim olana\u011f\u0131 sa\u011fl\u0131yor.<\/li>\n<\/ul>\n<\/li>\n<li><strong>NTAG213 NFC \u00e7ipi ne kadar veri depolayabilir?<\/strong>\n<ul>\n<li>NTAG213 \u00e7ipinin depolama kapasitesi \u015fu \u015fekildedir:\u00a0<strong>144 bayt<\/strong>, k\u0131sa metinler veya ba\u011flant\u0131lar i\u00e7in uygundur.<\/li>\n<\/ul>\n<\/li>\n<li><strong>Etiketlere \u00f6zel tasar\u0131mlar bas\u0131labilir mi?<\/strong>\n<ul>\n<li>Kesinlikle! \u00c7\u0131kartmalar\u0131m\u0131z logolar\u0131n\u0131z, barkodlar\u0131n\u0131z veya se\u00e7ti\u011finiz herhangi bir bask\u0131 tasar\u0131m\u0131yla \u00f6zelle\u015ftirilebilir.<\/li>\n<\/ul>\n<\/li>\n<\/ol>","protected":false},"excerpt":{"rendered":"<p>\u00c7ok y\u00f6nl\u00fc Metal \u00dczeri NFC Sticker NTAG213&#039;\u00fc ke\u015ffedin. Markala\u015fma i\u00e7in \u00f6zelle\u015ftirin, dayan\u0131kl\u0131l\u0131\u011f\u0131n tad\u0131n\u0131 \u00e7\u0131kar\u0131n ve ak\u0131ll\u0131 telefonlarla an\u0131nda etkile\u015fimlerin kilidini a\u00e7\u0131n!<\/p>","protected":false},"featured_media":2568,"template":"","meta":{"_kad_post_transparent":"default","_kad_post_title":"","_kad_post_layout":"default","_kad_post_sidebar_id":"","_kad_post_content_style":"default","_kad_post_vertical_padding":"default","_kad_post_feature":"","_kad_post_feature_position":"","_kad_post_header":false,"_kad_post_footer":false,"_kad_post_classname":""},"product_brand":[],"product_cat":[54],"product_tag":[290,291,289],"class_list":{"0":"post-2567","1":"product","2":"type-product","3":"status-publish","4":"has-post-thumbnail","6":"product_cat-hot-selling-rfid-tags","7":"product_tag-nfc-tag","8":"product_tag-ntag213-nfc-label","9":"product_tag-on-metal-nfc-sticker-ntag213","11":"first","12":"instock","13":"shipping-taxable","14":"product-type-simple","15":"entry","16":"content-bg","17":"loop-entry"},"_links":{"self":[{"href":"https:\/\/rfid-laundry-tag.com\/tr\/wp-json\/wp\/v2\/product\/2567","targetHints":{"allow":["GET"]}}],"collection":[{"href":"https:\/\/rfid-laundry-tag.com\/tr\/wp-json\/wp\/v2\/product"}],"about":[{"href":"https:\/\/rfid-laundry-tag.com\/tr\/wp-json\/wp\/v2\/types\/product"}],"version-history":[{"count":2,"href":"https:\/\/rfid-laundry-tag.com\/tr\/wp-json\/wp\/v2\/product\/2567\/revisions"}],"predecessor-version":[{"id":2570,"href":"https:\/\/rfid-laundry-tag.com\/tr\/wp-json\/wp\/v2\/product\/2567\/revisions\/2570"}],"wp:featuredmedia":[{"embeddable":true,"href":"https:\/\/rfid-laundry-tag.com\/tr\/wp-json\/wp\/v2\/media\/2568"}],"wp:attachment":[{"href":"https:\/\/rfid-laundry-tag.com\/tr\/wp-json\/wp\/v2\/media?parent=2567"}],"wp:term":[{"taxonomy":"product_brand","embeddable":true,"href":"https:\/\/rfid-laundry-tag.com\/tr\/wp-json\/wp\/v2\/product_brand?post=2567"},{"taxonomy":"product_cat","embeddable":true,"href":"https:\/\/rfid-laundry-tag.com\/tr\/wp-json\/wp\/v2\/product_cat?post=2567"},{"taxonomy":"product_tag","embeddable":true,"href":"https:\/\/rfid-laundry-tag.com\/tr\/wp-json\/wp\/v2\/product_tag?post=2567"}],"curies":[{"name":"wp","href":"https:\/\/api.w.org\/{rel}","templated":true}]}}