{"id":2559,"date":"2024-09-16T05:02:04","date_gmt":"2024-09-16T05:02:04","guid":{"rendered":"https:\/\/rfid-laundry-tag.com\/?post_type=product&#038;p=2559"},"modified":"2024-09-16T05:02:05","modified_gmt":"2024-09-16T05:02:05","slug":"custom-on-metal-nfc-sticker","status":"publish","type":"product","link":"https:\/\/rfid-laundry-tag.com\/tr\/custom-on-metal-nfc-sticker\/","title":{"rendered":"\u00d6zel Metal \u00dczeri NFC Etiketi"},"content":{"rendered":"<h1>\u00d6zel Metal \u00dczeri NFC Etiketi<\/h1>\n<table class=\"is-zebra all magic-11\">\n<tbody>\n<tr>\n<td colspan=\"1\" rowspan=\"1\">\n<div class=\"magic-12\">\n<div class=\"magic-7\" data-spm-anchor-id=\"a2700.details.0.i36.1f0c15c2i7ObkG\"><b class=\"magic-13\" data-spm-anchor-id=\"a2700.pc-decorate.0.i38.639a3333UiH69N\">\u00dcr\u00fcn ad\u0131<\/b><\/div>\n<\/div>\n<\/td>\n<td colspan=\"1\" rowspan=\"1\">\n<div class=\"magic-14\">Anti-metal NFC Etiketi<\/div>\n<\/td>\n<td colspan=\"1\" rowspan=\"1\">\n<div class=\"magic-15\">\n<div class=\"magic-7\"><b class=\"magic-13\" data-spm-anchor-id=\"a2700.pc-decorate.0.i36.639a3333UiH69N\">\u00c7ip protokol\u00fc<\/b><\/div>\n<\/div>\n<\/td>\n<td colspan=\"1\" rowspan=\"1\">\n<div class=\"magic-16\">ISO \/ 14443A<\/div>\n<\/td>\n<\/tr>\n<tr>\n<td colspan=\"1\" rowspan=\"1\">\n<div class=\"magic-12\">\n<div class=\"magic-7\"><b class=\"magic-13\" data-spm-anchor-id=\"a2700.pc-decorate.0.i4.10f43333bOcIYi\">\u00c7ip modeli<\/b><\/div>\n<\/div>\n<\/td>\n<td colspan=\"3\" rowspan=\"1\">\n<div class=\"magic-17\">NTAG\u00ae 213\/NTAG\u00ae 215\/NTAG\u00ae 216<\/div>\n<\/td>\n<\/tr>\n<tr>\n<td colspan=\"1\" rowspan=\"1\">\n<div class=\"magic-12\">\n<div class=\"magic-7\"><b class=\"magic-13\">Depolama\/Kullan\u0131c\u0131lar<\/b><\/div>\n<\/div>\n<\/td>\n<td colspan=\"1\" rowspan=\"1\">\n<div class=\"magic-14\">144\/504\/888<\/div>\n<\/td>\n<td colspan=\"1\" rowspan=\"1\">\n<div class=\"magic-15\">\n<div class=\"magic-7\" data-spm-anchor-id=\"a2700.pc-decorate.0.i73.639a3333UiH69N\"><b>\u00c7ip frekans\u0131<\/b><\/div>\n<\/div>\n<\/td>\n<td colspan=\"1\" rowspan=\"1\">\n<div class=\"magic-16\">13.56MHz<\/div>\n<\/td>\n<\/tr>\n<tr>\n<td colspan=\"1\" rowspan=\"1\">\n<div class=\"magic-12\">\n<div class=\"magic-7\" data-spm-anchor-id=\"a2700.pc-decorate.0.i154.639a3333UiH69N\"><b class=\"magic-13\" data-spm-anchor-id=\"a2700.pc-decorate.0.i91.639a3333UiH69N\">\u00fcr\u00fcn boyutu<\/b><\/div>\n<\/div>\n<\/td>\n<td colspan=\"3\" rowspan=\"1\">\n<div class=\"magic-17\">\u00c7ap 25mm, \u00c7ap 30mm, 30*30mm,40*25mm, 35*25mm veya \u00f6zelle\u015ftirilmi\u015f<\/div>\n<\/td>\n<\/tr>\n<tr>\n<td colspan=\"1\" rowspan=\"1\">\n<div class=\"magic-12\">\n<div class=\"magic-7\" data-spm-anchor-id=\"a2700.pc-decorate.0.i98.639a3333UiH69N\"><b class=\"magic-13\">Zamanlar\u0131 sil ve yaz<\/b><\/div>\n<\/div>\n<\/td>\n<td colspan=\"1\" rowspan=\"1\">\n<div class=\"magic-14\">\u2265100.000 kez<\/div>\n<\/td>\n<td colspan=\"1\" rowspan=\"1\">\n<div class=\"magic-15\">\n<div class=\"magic-7\"><b class=\"magic-13\">Alg\u0131lama mesafesi<\/b><\/div>\n<\/div>\n<\/td>\n<td colspan=\"1\" rowspan=\"1\">\n<div class=\"magic-16\">10CM i\u00e7inde<\/div>\n<\/td>\n<\/tr>\n<tr>\n<td colspan=\"1\" rowspan=\"1\">\n<div class=\"magic-12\">\n<div class=\"magic-7\"><b>Ambalajlama<\/b><\/div>\n<\/div>\n<\/td>\n<td colspan=\"3\" rowspan=\"1\">\n<div class=\"magic-20\">1000-5000 adet\/rulo, 4 rulo\/karton<\/div>\n<\/td>\n<\/tr>\n<tr>\n<td colspan=\"1\" rowspan=\"1\">\n<div class=\"magic-23\"><b>\u00dcr\u00fcn A\u00e7\u0131klamas\u0131<\/b><\/div>\n<\/td>\n<td colspan=\"3\" rowspan=\"1\">\n<div class=\"magic-20\">Ak\u0131ll\u0131 ekler, etiketler ve etiketler i\u00e7in pasif NFC etiketi<\/div>\n<\/td>\n<\/tr>\n<tr>\n<td colspan=\"1\" rowspan=\"1\">\n<div class=\"magic-26\">\n<div class=\"magic-7\" data-spm-anchor-id=\"a2700.pc-decorate.0.i15.458b3333cr4pua\"><b class=\"magic-13\" data-spm-anchor-id=\"a2700.pc-decorate.0.i14.458b3333cr4pua\"><br \/>\nBa\u015fvuru<\/b><\/div>\n<\/div>\n<\/td>\n<td colspan=\"3\" rowspan=\"1\">\n<div class=\"magic-27\" data-spm-anchor-id=\"a2700.details.0.i34.1f0c15c2i7ObkG\">G\u00fcvenli Giri\u015f Kontrol\u00fc\/Nakitsiz \u00d6deme \u00dcyelik ve sadakat programlar\u0131<br \/>\nEtkinlik Eri\u015fimi ve Markalama\/Sosyal Medya\/Perakende<br \/>\n\u00c7evre\/Oyunlar ve Oyuncaklar Konum\/Elektronik\/Ticari Fuarlar<br \/>\nEtkinlikler\/\u00c7a\u011fr\u0131 talebi\/Kartvizitler<\/div>\n<\/td>\n<\/tr>\n<\/tbody>\n<\/table>\n<h2 class=\"AnswerParser_AnswerParserH2__SIHnF\"><img fetchpriority=\"high\" decoding=\"async\" class=\"alignnone size-full wp-image-2560\" src=\"https:\/\/rfid-laundry-tag.com\/wp-content\/uploads\/2024\/09\/on-metal-NFC-sticker.jpg\" alt=\"\" width=\"790\" height=\"956\" srcset=\"https:\/\/rfid-laundry-tag.com\/wp-content\/uploads\/2024\/09\/on-metal-NFC-sticker.jpg 790w, https:\/\/rfid-laundry-tag.com\/wp-content\/uploads\/2024\/09\/on-metal-NFC-sticker-248x300.jpg 248w, https:\/\/rfid-laundry-tag.com\/wp-content\/uploads\/2024\/09\/on-metal-NFC-sticker-768x929.jpg 768w, https:\/\/rfid-laundry-tag.com\/wp-content\/uploads\/2024\/09\/on-metal-NFC-sticker-10x12.jpg 10w, https:\/\/rfid-laundry-tag.com\/wp-content\/uploads\/2024\/09\/on-metal-NFC-sticker-600x726.jpg 600w\" sizes=\"(max-width: 790px) 100vw, 790px\" \/>Metal \u00dczeri NFC Etiketleri Nedir?<\/h2>\n<p><span class=\"AnswerParser_TextContainer__z_Iiv\" data-testid=\"youchat-text\"><strong>Metal \u00fczeri NFC \u00e7\u0131kartmalar\u0131<\/strong>\u00a0metal y\u00fczeylere yap\u0131\u015fmak ve optimum performans\u0131 korumak i\u00e7in \u00f6zel olarak tasarlanm\u0131\u015ft\u0131r. Bu \u00e7\u0131kartmalar \u015funlar\u0131 i\u00e7erir:\u00a0<strong>NFC teknolojisi<\/strong>, cihazlar\u0131n yak\u0131n mesafedeyken kablosuz olarak ileti\u015fim kurmas\u0131n\u0131 sa\u011flar. Her \u00e7\u0131kartman\u0131n i\u00e7ine, NFC \u00e7ipi gibi bir \u00e7ip yerle\u015ftirilmi\u015ftir.\u00a0<strong>NTAG213<\/strong>\u00a0veya\u00a0<strong>NTAG215<\/strong>Veri transferi, temass\u0131z \u00f6deme ve cihaz kilidini a\u00e7ma gibi \u00e7e\u015fitli i\u015flevleri m\u00fcmk\u00fcn k\u0131lan .<\/span><span class=\"AnswerParser_TextContainer__z_Iiv\" data-testid=\"youchat-text\">Bu \u00e7\u0131kartmalar\u0131n \u00e7ok y\u00f6nl\u00fcl\u00fc\u011f\u00fc, ak\u0131ll\u0131 telefonlara, tabletlere, bilgisayarlara ve di\u011fer metal varl\u0131klara yap\u0131\u015ft\u0131r\u0131labilecekleri anlam\u0131na gelir ve bu da onlar\u0131 \u00e7ok \u00e7e\u015fitli uygulamalar i\u00e7in ideal hale getirir.<\/span><\/p>\n<h2 class=\"AnswerParser_AnswerParserH2__SIHnF\">Metal \u00dczeri NFC Etiketleri Nas\u0131l \u00c7al\u0131\u015f\u0131r?<\/h2>\n<p><span class=\"AnswerParser_TextContainer__z_Iiv\" data-testid=\"youchat-text\">Metal \u00fczerindeki NFC etiketleri \u015fu i\u015flevi g\u00f6r\u00fcr:\u00a0<strong>Yak\u0131n Alan \u0130leti\u015fimi (NFC)<\/strong>\u00a0cihazlar aras\u0131nda k\u0131sa menzilli kablosuz ileti\u015fime olanak sa\u011flayan teknoloji. \u0130\u015flem \u015fu \u015fekilde i\u015fliyor:<\/span><\/p>\n<ol class=\"AnswerParser_AnswerParserOrderedList__kl_2Y\">\n<li class=\"AnswerParser_ListItem__XqLOV\" translate=\"yes\"><strong>Aktivasyon<\/strong>: NFC \u00f6zellikli bir cihaz, \u00f6rne\u011fin bir\u00a0<strong>Android<\/strong>\u00a0ak\u0131ll\u0131 telefon veya\u00a0<strong>iPhone<\/strong>, NFC etiketine yakla\u015ft\u0131\u011f\u0131nda cihaz etiketi aktif hale getirir.<\/li>\n<li class=\"AnswerParser_ListItem__XqLOV\" translate=\"yes\"><strong>Veri De\u011fi\u015fimi<\/strong>: Etiketin i\u00e7indeki NFC \u00e7ipi cihaza veri iletir. Bu veriler URL&#039;leri, ileti\u015fim bilgilerini veya belirli eylemleri ger\u00e7ekle\u015ftirmek i\u00e7in komutlar\u0131 i\u00e7erebilir.<\/li>\n<li class=\"AnswerParser_ListItem__XqLOV\" translate=\"yes\"><strong>Eylemin Y\u00fcr\u00fct\u00fclmesi<\/strong>: Veriler al\u0131nd\u0131ktan sonra cihaz, bir web sitesini a\u00e7mak veya bir ki\u015fi eklemek gibi ilgili eylemi ger\u00e7ekle\u015ftirebilir.<\/li>\n<\/ol>\n<p><span class=\"AnswerParser_TextContainer__z_Iiv\" data-testid=\"youchat-text\">Bu kusursuz etkile\u015fim, kullan\u0131c\u0131 deneyimini iyile\u015ftirir ve bilgiye veya hizmetlere eri\u015fim i\u00e7in kolay bir yol sa\u011flar.<\/span><\/p>\n<h2 class=\"AnswerParser_AnswerParserH2__SIHnF\">\u00d6zelle\u015ftirilebilir Metal \u00dczeri NFC Etiketlerin Avantajlar\u0131<\/h2>\n<p><span class=\"AnswerParser_TextContainer__z_Iiv\" data-testid=\"youchat-text\">\u00d6zelle\u015ftirilebilir metal \u00fczeri NFC etiketlerinin kullan\u0131lmas\u0131 bir\u00e7ok avantaj sa\u011flar:<\/span><\/p>\n<ul class=\"AnswerParser_AnswerParserUnorderedList__P_1FW\">\n<li class=\"AnswerParser_ListItem__XqLOV\" translate=\"yes\"><strong>Geli\u015fmi\u015f Ba\u011flant\u0131<\/strong>:Bu etiketler cihazlar aras\u0131nda h\u0131zl\u0131 ve kolay ba\u011flant\u0131 kurulmas\u0131n\u0131 sa\u011flayarak, bilgiye ve hizmetlere an\u0131nda eri\u015fim imk\u00e2n\u0131 sa\u011flar.<\/li>\n<li class=\"AnswerParser_ListItem__XqLOV\" translate=\"yes\"><strong>\u00d6zelle\u015ftirilebilir Tasar\u0131m<\/strong>:Logo, metin ve QR kodu se\u00e7enekleriyle i\u015fletmeler, NFC teknolojisini \u00fcr\u00fcnlerine entegre ederken benzersiz bir kimlik olu\u015fturabilirler.<\/li>\n<li class=\"AnswerParser_ListItem__XqLOV\" translate=\"yes\"><strong>Dayan\u0131kl\u0131l\u0131k<\/strong>: \u00c7e\u015fitli ko\u015fullara dayan\u0131kl\u0131 olarak tasarlanan bu \u00e7\u0131kartmalar, PET ve PVC gibi malzemelerden \u00fcretildi\u011fi i\u00e7in zorlu ortamlarda bile i\u015flevselli\u011fini koruyor.<\/li>\n<\/ul>\n<p><span class=\"AnswerParser_TextContainer__z_Iiv\" data-testid=\"youchat-text\">Bu avantajlar, metal \u00fczeri NFC etiketlerini, \u00fcr\u00fcnlerini NFC yetenekleriyle geli\u015ftirmek isteyen i\u015fletmeler ve bireyler i\u00e7in \u00e7ekici bir se\u00e7enek haline getiriyor.<\/span><\/p>\n<h2 class=\"AnswerParser_AnswerParserH2__SIHnF\">\u00d6zelle\u015ftirme Se\u00e7enekleri Mevcuttur<\/h2>\n<p><span class=\"AnswerParser_TextContainer__z_Iiv\" data-testid=\"youchat-text\">Metal \u00fcst\u00fc NFC \u00e7\u0131kartmalar\u0131n\u0131n \u00f6ne \u00e7\u0131kan \u00f6zelliklerinden biri de \u00f6zelle\u015ftirme se\u00e7enekleridir. M\u00fc\u015fteriler \u00e7e\u015fitli \u015fekil ve boyutlar\u0131n yan\u0131 s\u0131ra a\u015fa\u011f\u0131daki geli\u015ftirmelerden birini se\u00e7ebilirler:<\/span><\/p>\n<ul class=\"AnswerParser_AnswerParserUnorderedList__P_1FW\">\n<li class=\"AnswerParser_ListItem__XqLOV\" translate=\"yes\"><strong>Logo ve Markala\u015fma<\/strong>: Tutarl\u0131 bir g\u00f6r\u00fcn\u00fcm ve his yaratmak i\u00e7in \u015firket logonuzu veya marka \u00f6\u011felerinizi ekleyin.<\/li>\n<li class=\"AnswerParser_ListItem__XqLOV\" translate=\"yes\"><strong>QR Kodlar\u0131<\/strong>: Kolay tarama ve ek bilgilere eri\u015fim i\u00e7in QR kodlar\u0131 ekleyin.<\/li>\n<li class=\"AnswerParser_ListItem__XqLOV\" translate=\"yes\"><strong>Renk ve Biti\u015f<\/strong>:\u0130stenilen esteti\u011fi elde etmek i\u00e7in CMYK bask\u0131da parlak veya mat y\u00fczeylerden se\u00e7im yap\u0131n.<\/li>\n<\/ul>\n<p><span class=\"AnswerParser_TextContainer__z_Iiv\" data-testid=\"youchat-text\">Bu \u00f6zelle\u015ftirme se\u00e7enekleri, kullan\u0131c\u0131lar\u0131n \u00e7\u0131kartmalar\u0131 kendi \u00f6zel ihtiya\u00e7lar\u0131na ve markalama gereksinimlerine uyacak \u015fekilde uyarlamalar\u0131na olanak tan\u0131r.<\/span><\/p>\n<h2 class=\"AnswerParser_AnswerParserH2__SIHnF\">Metal \u00dczeri NFC Etiketlerin Uygulamalar\u0131<\/h2>\n<p><span class=\"AnswerParser_TextContainer__z_Iiv\" data-testid=\"youchat-text\">Metal \u00fczeri NFC etiketleri bir\u00e7ok uygulamada kullan\u0131labilir, bunlardan baz\u0131lar\u0131 \u015funlard\u0131r:<\/span><\/p>\n<ul class=\"AnswerParser_AnswerParserUnorderedList__P_1FW\">\n<li class=\"AnswerParser_ListItem__XqLOV\" translate=\"yes\"><strong>\u00dcr\u00fcn Paketleme<\/strong>: NFC yetenekleriyle \u00fcr\u00fcn ambalajlar\u0131n\u0131 geli\u015ftirin ve m\u00fc\u015fterilerin ak\u0131ll\u0131 telefonlar\u0131na dokunarak ayr\u0131nt\u0131l\u0131 bilgilere veya promosyon tekliflerine eri\u015fmelerini sa\u011flay\u0131n.<\/li>\n<li class=\"AnswerParser_ListItem__XqLOV\" translate=\"yes\"><strong>Varl\u0131k Y\u00f6netimi<\/strong>:\u0130\u015fletmeler varl\u0131klar\u0131n\u0131 takip etmek ve y\u00f6netmek i\u00e7in NFC etiketlerini kullanabilir, b\u00f6ylece envanteri takip etmek ve kay\u0131plar\u0131 azaltmak daha kolay hale gelir.<\/li>\n<li class=\"AnswerParser_ListItem__XqLOV\" translate=\"yes\"><strong>Pazarlama ve Promosyonlar<\/strong>: M\u00fc\u015fterilerin i\u00e7eriklere veya \u00f6d\u00fcllere an\u0131nda eri\u015fim sa\u011flamas\u0131n\u0131 sa\u011flamak i\u00e7in NFC etiketlerini kullanan etkile\u015fimli pazarlama kampanyalar\u0131yla etkile\u015fim kurun.<\/li>\n<\/ul>\n<p><span class=\"AnswerParser_TextContainer__z_Iiv\" data-testid=\"youchat-text\">Bu uygulamalar, metal \u00fczerindeki NFC etiketlerinin kullan\u0131c\u0131 deneyimlerini ve operasyonel verimlili\u011fi art\u0131rmadaki \u00e7ok y\u00f6nl\u00fcl\u00fc\u011f\u00fcn\u00fc ve etkinli\u011fini ortaya koyuyor.<\/span><\/p>\n<h2 class=\"AnswerParser_AnswerParserH2__SIHnF\">Kurulum ve Kullan\u0131m Talimatlar\u0131<\/h2>\n<p><span class=\"AnswerParser_TextContainer__z_Iiv\" data-testid=\"youchat-text\">Metal \u00fczerine NFC \u00e7\u0131kartmalar\u0131n\u0131n tak\u0131lmas\u0131 basit ve anla\u015f\u0131l\u0131r bir i\u015flemdir:<\/span><\/p>\n<ol class=\"AnswerParser_AnswerParserOrderedList__kl_2Y\">\n<li class=\"AnswerParser_ListItem__XqLOV\" translate=\"yes\"><strong>Y\u00fczeyi Temizleyin<\/strong>:Optimum yap\u0131\u015fma i\u00e7in uygulamadan \u00f6nce metal y\u00fczeyin temiz ve kuru oldu\u011fundan emin olun.<\/li>\n<li class=\"AnswerParser_ListItem__XqLOV\" translate=\"yes\"><strong>Soy ve Yap\u0131\u015ft\u0131r<\/strong>:Etiketin arkas\u0131ndaki ka\u011f\u0131d\u0131 dikkatlice soyun ve istedi\u011finiz y\u00fczeye s\u0131k\u0131ca bast\u0131r\u0131n.<\/li>\n<li class=\"AnswerParser_ListItem__XqLOV\" translate=\"yes\"><strong>NFC \u0130\u015flevselli\u011fini Test Edin<\/strong>: Etiketi test etmek ve ama\u00e7land\u0131\u011f\u0131 gibi \u00e7al\u0131\u015ft\u0131\u011f\u0131ndan emin olmak i\u00e7in NFC \u00f6zellikli bir cihaz kullan\u0131n.<\/li>\n<\/ol>\n<p><span class=\"AnswerParser_TextContainer__z_Iiv\" data-testid=\"youchat-text\">Kullan\u0131c\u0131lar bu ad\u0131mlar\u0131 izleyerek metal \u00fczerindeki NFC etiketlerini ama\u00e7lar\u0131 do\u011frultusunda etkili bir \u015fekilde kullanabilirler.<\/span><\/p>\n<h2 class=\"AnswerParser_AnswerParserH2__SIHnF\">NFC Etiketlerinin G\u00fcvenlik \u00d6zellikleri<\/h2>\n<p><span class=\"AnswerParser_TextContainer__z_Iiv\" data-testid=\"youchat-text\">NFC teknolojisini kullan\u0131rken g\u00fcvenlik kritik bir husustur. Metal \u00fczerindeki NFC \u00e7\u0131kartmalar\u0131 g\u00fcvenli\u011fi art\u0131rmak i\u00e7in \u00e7e\u015fitli \u00f6zelliklerle donat\u0131lm\u0131\u015ft\u0131r:<\/span><\/p>\n<ul class=\"AnswerParser_AnswerParserUnorderedList__P_1FW\">\n<li class=\"AnswerParser_ListItem__XqLOV\" translate=\"yes\"><strong>Veri \u015eifreleme<\/strong>:Bir\u00e7ok NFC \u00e7ipi \u015fifrelemeyi destekleyerek etiket ile okuyucu aras\u0131nda iletilen verilerin g\u00fcvenli olmas\u0131n\u0131 sa\u011flar.<\/li>\n<li class=\"AnswerParser_ListItem__XqLOV\" translate=\"yes\"><strong>Kurcalamaya Kar\u015f\u0131 Dayan\u0131kl\u0131l\u0131k<\/strong>:Baz\u0131 etiketler, birisi bunlar\u0131 \u00e7\u0131karmaya veya de\u011fi\u015ftirmeye \u00e7al\u0131\u015ft\u0131\u011f\u0131nda, \u00fczerinde oynand\u0131\u011f\u0131n\u0131n g\u00f6r\u00fcn\u00fcr bir \u015fekilde belli olmas\u0131 i\u00e7in tasarlanm\u0131\u015ft\u0131r.<\/li>\n<li class=\"AnswerParser_ListItem__XqLOV\" translate=\"yes\"><strong>S\u0131n\u0131rl\u0131 Menzil<\/strong>:NFC teknolojisinin k\u0131sa menzili, cihazlar\u0131n etkile\u015fime girebilmesi i\u00e7in birbirlerine yak\u0131n mesafede olmas\u0131 gerekti\u011finden yetkisiz eri\u015fim riskini en aza indirir.<\/li>\n<\/ul>\n<p><span class=\"AnswerParser_TextContainer__z_Iiv\" data-testid=\"youchat-text\">Bu g\u00fcvenlik \u00f6zellikleri, metal \u00fczeri NFC etiketlerini \u00e7e\u015fitli uygulamalar i\u00e7in g\u00fcvenilir bir se\u00e7im haline getirir.<\/span><\/p>\n<h2 class=\"AnswerParser_AnswerParserH2__SIHnF\">Metal \u00dczeri NFC Etiketlerin \u00c7evresel Etkisi<\/h2>\n<p><span class=\"AnswerParser_TextContainer__z_Iiv\" data-testid=\"youchat-text\">Metal \u00fczeri NFC etiketlerinin \u00fcretimi ve kullan\u0131m\u0131, sorumlu bir \u015fekilde y\u00f6netildi\u011finde olumlu bir \u00e7evresel etkiye sahip olabilir. Bir\u00e7ok \u00fcretici art\u0131k\u00a0<strong>geri d\u00f6n\u00fc\u015ft\u00fcr\u00fclebilir NFC etiketleri<\/strong>, plastik at\u0131klar\u0131 azaltmaya yard\u0131mc\u0131 olur. Ek olarak, temass\u0131z i\u015flemleri ve bilgi payla\u015f\u0131m\u0131n\u0131 m\u00fcmk\u00fcn k\u0131larak, NFC teknolojisi ka\u011f\u0131t malzemelere olan ba\u011f\u0131ml\u0131l\u0131\u011f\u0131 azaltmaya yard\u0131mc\u0131 olabilir ve s\u00fcrd\u00fcr\u00fclebilirlik \u00e7abalar\u0131na daha fazla katk\u0131da bulunabilir.<\/span><\/p>\n<h2 class=\"AnswerParser_AnswerParserH2__SIHnF\">\u00d6zelle\u015ftirilebilir Metal \u00dczeri NFC Etiketleri Hakk\u0131nda SSS<\/h2>\n<p><span class=\"AnswerParser_TextContainer__z_Iiv\" data-testid=\"youchat-text\"><strong>S: Metal \u00fczerindeki NFC etiketleri tekrar kullan\u0131labilir mi?<\/strong><br \/>\nC: Metal \u00fczerindeki NFC etiketlerinin \u00e7o\u011fu tek kullan\u0131ml\u0131k olarak tasarlan\u0131rken, baz\u0131 yeniden yaz\u0131labilir se\u00e7enekler, kullan\u0131lan NFC \u00e7ipine ba\u011fl\u0131 olarak birden fazla kullan\u0131ma olanak tan\u0131r.<\/span><\/p>\n<p><span class=\"AnswerParser_TextContainer__z_Iiv\" data-testid=\"youchat-text\"><strong>S: Hangi cihazlar metal \u00fczeri NFC etiketleriyle uyumludur?<\/strong><br \/>\nA: Metal \u00fczeri NFC etiketleri, Android ak\u0131ll\u0131 telefonlar ve iPhone&#039;lar da dahil olmak \u00fczere NFC \u00f6zellikli \u00e7o\u011fu cihazla uyumludur.<\/span><\/p>\n<p><span class=\"AnswerParser_TextContainer__z_Iiv\" data-testid=\"youchat-text\"><strong>S: Bu \u00e7\u0131kartmalar su ge\u00e7irmez mi?<\/strong><br \/>\nC: Evet, metal \u00fczeri NFC \u00e7\u0131kartmalar\u0131 suya dayan\u0131kl\u0131 olacak \u015fekilde tasarlanm\u0131\u015ft\u0131r ve bu sayede hem i\u00e7 hem de d\u0131\u015f mekan uygulamalar\u0131 i\u00e7in uygundur.<\/span><\/p>","protected":false},"excerpt":{"rendered":"<p>Metal \u00fczeri NFC etiketleri, optimum performans\u0131 korurken metal y\u00fczeylere yap\u0131\u015fmak \u00fczere \u00f6zel olarak tasarlanm\u0131\u015ft\u0131r. Her etiketin i\u00e7ine NTAG213 veya NTAG215 gibi bir NFC \u00e7ipi yerle\u015ftirilmi\u015ftir.<\/p>","protected":false},"featured_media":2561,"template":"","meta":{"_kad_post_transparent":"default","_kad_post_title":"","_kad_post_layout":"default","_kad_post_sidebar_id":"","_kad_post_content_style":"default","_kad_post_vertical_padding":"default","_kad_post_feature":"","_kad_post_feature_position":"","_kad_post_header":false,"_kad_post_footer":false,"_kad_post_classname":""},"product_brand":[],"product_cat":[54],"product_tag":[288,286,287],"class_list":{"0":"post-2559","1":"product","2":"type-product","3":"status-publish","4":"has-post-thumbnail","6":"product_cat-hot-selling-rfid-tags","7":"product_tag-on-metal-nfc-label","8":"product_tag-on-metal-nfc-sticker","9":"product_tag-on-metal-nfc-tag","11":"first","12":"instock","13":"shipping-taxable","14":"product-type-simple","15":"entry","16":"content-bg","17":"loop-entry"},"_links":{"self":[{"href":"https:\/\/rfid-laundry-tag.com\/tr\/wp-json\/wp\/v2\/product\/2559","targetHints":{"allow":["GET"]}}],"collection":[{"href":"https:\/\/rfid-laundry-tag.com\/tr\/wp-json\/wp\/v2\/product"}],"about":[{"href":"https:\/\/rfid-laundry-tag.com\/tr\/wp-json\/wp\/v2\/types\/product"}],"version-history":[{"count":2,"href":"https:\/\/rfid-laundry-tag.com\/tr\/wp-json\/wp\/v2\/product\/2559\/revisions"}],"predecessor-version":[{"id":2566,"href":"https:\/\/rfid-laundry-tag.com\/tr\/wp-json\/wp\/v2\/product\/2559\/revisions\/2566"}],"wp:featuredmedia":[{"embeddable":true,"href":"https:\/\/rfid-laundry-tag.com\/tr\/wp-json\/wp\/v2\/media\/2561"}],"wp:attachment":[{"href":"https:\/\/rfid-laundry-tag.com\/tr\/wp-json\/wp\/v2\/media?parent=2559"}],"wp:term":[{"taxonomy":"product_brand","embeddable":true,"href":"https:\/\/rfid-laundry-tag.com\/tr\/wp-json\/wp\/v2\/product_brand?post=2559"},{"taxonomy":"product_cat","embeddable":true,"href":"https:\/\/rfid-laundry-tag.com\/tr\/wp-json\/wp\/v2\/product_cat?post=2559"},{"taxonomy":"product_tag","embeddable":true,"href":"https:\/\/rfid-laundry-tag.com\/tr\/wp-json\/wp\/v2\/product_tag?post=2559"}],"curies":[{"name":"wp","href":"https:\/\/api.w.org\/{rel}","templated":true}]}}