{"id":2543,"date":"2024-09-15T11:34:50","date_gmt":"2024-09-15T11:34:50","guid":{"rendered":"https:\/\/rfid-laundry-tag.com\/?post_type=product&#038;p=2543"},"modified":"2024-09-15T11:53:19","modified_gmt":"2024-09-15T11:53:19","slug":"uhf-rfid-sticker-for-car","status":"publish","type":"product","link":"https:\/\/rfid-laundry-tag.com\/tr\/uhf-rfid-sticker-for-car\/","title":{"rendered":"Araba \u0130\u00e7in UHF RFID Etiketi"},"content":{"rendered":"<div data-elementor-type=\"product-post\" data-elementor-id=\"2543\" class=\"elementor elementor-2543\" data-elementor-settings=\"{&quot;ha_cmc_init_switcher&quot;:&quot;no&quot;}\" data-elementor-post-type=\"product\">\n\t\t\t\t<div class=\"elementor-element elementor-element-71a1224 e-flex e-con-boxed e-con e-parent\" data-id=\"71a1224\" data-element_type=\"container\" data-e-type=\"container\" data-settings=\"{&quot;_ha_eqh_enable&quot;:false}\">\n\t\t\t\t\t<div class=\"e-con-inner\">\n\t\t\t\t<div class=\"elementor-element elementor-element-7f470072 elementor-widget elementor-widget-text-editor\" data-id=\"7f470072\" data-element_type=\"widget\" data-e-type=\"widget\" data-widget_type=\"text-editor.default\">\n\t\t\t\t<div class=\"elementor-widget-container\">\n\t\t\t\t\t\t\t\t\t<h2 class=\"AnswerParser_AnswerParserH2__SIHnF\"><span style=\"color: #000000;\">UHF RFID Etiketleri Nedir?<\/span><\/h2><p><span style=\"color: #000000;\"><span class=\"AnswerParser_TextContainer__z_Iiv\" data-testid=\"youchat-text\"><strong>UHF RFID etiketleri<\/strong>\u00a0ara\u00e7 tan\u0131mlama ve izleme i\u00e7in tasarlanm\u0131\u015f \u00f6zel etiketlerdir. Bu etiketler, frekans aral\u0131\u011f\u0131nda \u00e7al\u0131\u015fan bir UHF RFID etiketi i\u00e7erir.\u00a0<strong>860-960 MHz<\/strong>RFID okuyucularla uzun menzilli ileti\u015fim kurulmas\u0131na olanak tan\u0131r. Etiketler genellikle dayan\u0131kl\u0131 bir yap\u0131\u015fkan arka y\u00fczeyle yap\u0131l\u0131r ve bu sayede \u00f6n camlar ve plakalar dahil olmak \u00fczere \u00e7e\u015fitli y\u00fczeylere kolayca uygulanabilir.<\/span><span class=\"AnswerParser_TextContainer__z_Iiv\" data-testid=\"youchat-text\">Bu RFID etiketleri, \u00e7e\u015fitli ko\u015fullarda g\u00fcvenilir performans sa\u011flayarak \u00e7evresel fakt\u00f6rlere dayanacak \u015fekilde tasarlanm\u0131\u015ft\u0131r. Kompakt boyutlar\u0131 ve hafif tasar\u0131mlar\u0131, gereksiz hacim eklemeden ara\u00e7larda kullan\u0131m i\u00e7in idealdir.<\/span><\/span><\/p><h2 class=\"AnswerParser_AnswerParserH2__SIHnF\"><span style=\"color: #000000;\"><a href=\"https:\/\/rfid-laundry-tag.com\/tr\/hot-selling-rfid-tags\/page\/2\/\"><img fetchpriority=\"high\" decoding=\"async\" class=\"alignnone wp-image-2547 size-full\" src=\"https:\/\/rfid-laundry-tag.com\/wp-content\/uploads\/2024\/09\/OIP-C-4.jpg\" alt=\"\" width=\"474\" height=\"274\" srcset=\"https:\/\/rfid-laundry-tag.com\/wp-content\/uploads\/2024\/09\/OIP-C-4.jpg 474w, https:\/\/rfid-laundry-tag.com\/wp-content\/uploads\/2024\/09\/OIP-C-4-300x173.jpg 300w, https:\/\/rfid-laundry-tag.com\/wp-content\/uploads\/2024\/09\/OIP-C-4-18x10.jpg 18w\" sizes=\"(max-width: 474px) 100vw, 474px\" \/><\/a>UHF RFID Etiketleri Nas\u0131l \u00c7al\u0131\u015f\u0131r?<\/span><\/h2><p><span style=\"color: #000000;\"><span class=\"AnswerParser_TextContainer__z_Iiv\" data-testid=\"youchat-text\">UHF RFID etiketleri, radyo frekans\u0131 tan\u0131mlama teknolojisini kullanarak \u00e7al\u0131\u015f\u0131r. Her etiket, RFID etiketinde saklanan benzersiz bir tan\u0131mlay\u0131c\u0131 i\u00e7erir. Etiketle donat\u0131lm\u0131\u015f ara\u00e7 bir RFID okuyucunun menziline girdi\u011finde, okuyucu etiketi etkinle\u015ftiren radyo dalgalar\u0131 yayar. Etiket daha sonra benzersiz tan\u0131mlay\u0131c\u0131s\u0131n\u0131 okuyucuya geri ileterek arac\u0131n otomatik olarak tan\u0131mlanmas\u0131n\u0131 ve izlenmesini sa\u011flar.<\/span><span class=\"AnswerParser_TextContainer__z_Iiv\" data-testid=\"youchat-text\">Bu s\u00fcre\u00e7 ger\u00e7ek zamanl\u0131 veri toplama ve izlemeyi m\u00fcmk\u00fcn k\u0131larak i\u015fletmelerin ve bireylerin ara\u00e7lar\u0131n\u0131 verimli bir \u015fekilde y\u00f6netmesini kolayla\u015ft\u0131r\u0131r. UHF RFID teknolojisinin uzun menzilli yetenekleri, birka\u00e7 metre \u00f6teden tespite olanak tan\u0131r ve bu da rahatl\u0131\u011f\u0131 ve kullan\u0131labilirli\u011fi art\u0131r\u0131r.<\/span><\/span><\/p><h2 class=\"AnswerParser_AnswerParserH2__SIHnF\"><span style=\"color: #000000;\">Ara\u00e7lar \u0130\u00e7in UHF RFID Etiketleri Kullanman\u0131n Faydalar\u0131<\/span><\/h2><p><span class=\"AnswerParser_TextContainer__z_Iiv\" style=\"color: #000000;\" data-testid=\"youchat-text\">Ara\u00e7lar i\u00e7in UHF RFID etiketlerinin kullan\u0131lmas\u0131 \u00e7ok say\u0131da avantaj sa\u011flar:<\/span><\/p><ul class=\"AnswerParser_AnswerParserUnorderedList__P_1FW\"><li class=\"AnswerParser_ListItem__XqLOV\" translate=\"yes\"><span style=\"color: #000000;\"><strong>Geli\u015fmi\u015f \u0130zleme<\/strong>:RFID etiketleri ara\u00e7lar\u0131n do\u011fru ve ger\u00e7ek zamanl\u0131 takibini sa\u011flayarak konumlar\u0131n\u0131n ve durumlar\u0131n\u0131n izlenmesini kolayla\u015ft\u0131r\u0131r.<\/span><\/li><li class=\"AnswerParser_ListItem__XqLOV\" translate=\"yes\"><span style=\"color: #000000;\"><strong>Geli\u015fmi\u015f Eri\u015fim Kontrol\u00fc<\/strong>:Bu etiketler eri\u015fim kontrol sistemlerine entegre edilebilir ve otoparklar ve kapal\u0131 siteler gibi k\u0131s\u0131tl\u0131 alanlara sorunsuz giri\u015f olana\u011f\u0131 sa\u011flar.<\/span><\/li><li class=\"AnswerParser_ListItem__XqLOV\" translate=\"yes\"><span style=\"color: #000000;\"><strong>Maliyet Etkin \u00c7\u00f6z\u00fcm<\/strong>: UHF RFID etiketleri, ara\u00e7 takip ve y\u00f6netim sistemlerini uygulaman\u0131n ekonomik bir yoludur, manuel kontrollere olan ihtiyac\u0131 azalt\u0131r ve operasyonel verimlili\u011fi art\u0131r\u0131r.<\/span><\/li><\/ul><p><span class=\"AnswerParser_TextContainer__z_Iiv\" style=\"color: #000000;\" data-testid=\"youchat-text\">Bu avantajlar, UHF RFID etiketlerini ara\u00e7 y\u00f6netim s\u00fcre\u00e7lerini geli\u015ftirmek isteyen i\u015fletmeler ve bireyler i\u00e7in ak\u0131ll\u0131 bir yat\u0131r\u0131m haline getiriyor.<\/span><\/p><p><a href=\"https:\/\/rfid-laundry-tag.com\/tr\/hot-selling-rfid-tags\/page\/2\/\"><img decoding=\"async\" class=\"alignnone size-full wp-image-2549\" src=\"https:\/\/rfid-laundry-tag.com\/wp-content\/uploads\/2024\/09\/uhf-rfid-windshield-sticker-tagS.jpg\" alt=\"UHF RFID Stickers for Cars\" width=\"1000\" height=\"437\" srcset=\"https:\/\/rfid-laundry-tag.com\/wp-content\/uploads\/2024\/09\/uhf-rfid-windshield-sticker-tagS.jpg 1000w, https:\/\/rfid-laundry-tag.com\/wp-content\/uploads\/2024\/09\/uhf-rfid-windshield-sticker-tagS-300x131.jpg 300w, https:\/\/rfid-laundry-tag.com\/wp-content\/uploads\/2024\/09\/uhf-rfid-windshield-sticker-tagS-768x336.jpg 768w, https:\/\/rfid-laundry-tag.com\/wp-content\/uploads\/2024\/09\/uhf-rfid-windshield-sticker-tagS-18x8.jpg 18w, https:\/\/rfid-laundry-tag.com\/wp-content\/uploads\/2024\/09\/uhf-rfid-windshield-sticker-tagS-600x262.jpg 600w\" sizes=\"(max-width: 1000px) 100vw, 1000px\" \/><\/a><\/p><h2 class=\"AnswerParser_AnswerParserH2__SIHnF\"><span style=\"color: #000000;\">UHF RFID Etiketlerin Ara\u00e7 Y\u00f6netimindeki Uygulamalar\u0131<\/span><\/h2><p><span class=\"AnswerParser_TextContainer__z_Iiv\" style=\"color: #000000;\" data-testid=\"youchat-text\">UHF RFID etiketlerinin ara\u00e7 y\u00f6netiminde geni\u015f bir uygulama alan\u0131 vard\u0131r, bunlar aras\u0131nda \u015funlar yer al\u0131r:<\/span><\/p><ul class=\"AnswerParser_AnswerParserUnorderedList__P_1FW\"><li class=\"AnswerParser_ListItem__XqLOV\" translate=\"yes\"><span style=\"color: #000000;\"><strong>Filo Y\u00f6netimi<\/strong>:\u0130\u015fletmeler, ara\u00e7 filolar\u0131n\u0131 takip etmek, kullan\u0131mlar\u0131n\u0131 izlemek ve verimlilik i\u00e7in rotalar\u0131 optimize etmek amac\u0131yla RFID etiketlerini kullanabilirler.<\/span><\/li><li class=\"AnswerParser_ListItem__XqLOV\" translate=\"yes\"><span style=\"color: #000000;\"><strong>Park Eri\u015fim Kontrol\u00fc<\/strong>:RFID etiketleri, otomatik park sistemlerinde kullan\u0131labilir ve ara\u00e7lar\u0131n fiziksel bilet veya ge\u00e7i\u015f kart\u0131na ihtiya\u00e7 duymadan giri\u015f \u00e7\u0131k\u0131\u015f yapmas\u0131n\u0131 sa\u011flar.<\/span><\/li><li class=\"AnswerParser_ListItem__XqLOV\" translate=\"yes\"><span style=\"color: #000000;\"><strong>Stok Y\u00f6netimi<\/strong>:Depo ve lojistikte RFID etiketleri, ara\u00e7lar\u0131n ve varl\u0131klar\u0131n izlenmesine yard\u0131mc\u0131 olarak do\u011fru envanter kay\u0131tlar\u0131n\u0131n tutulmas\u0131n\u0131 ve kay\u0131plar\u0131n azalt\u0131lmas\u0131n\u0131 sa\u011flar.<\/span><\/li><\/ul><p><span class=\"AnswerParser_TextContainer__z_Iiv\" style=\"color: #000000;\" data-testid=\"youchat-text\">Bu uygulamalar, UHF RFID etiketlerinin \u00e7e\u015fitli ara\u00e7 y\u00f6netim senaryolar\u0131nda ne kadar \u00e7ok y\u00f6nl\u00fc ve etkili oldu\u011funu g\u00f6stermektedir.<\/span><\/p><h2 class=\"AnswerParser_AnswerParserH2__SIHnF\"><span style=\"color: #000000;\">UHF RFID Etiketlerin Teknik \u00d6zellikleri<\/span><\/h2><div class=\"AnswerParser_TableContainer__Erb6v\" data-testid=\"table-container\"><table><thead><tr><th style=\"text-align: left;\"><span style=\"color: #000000;\">\u00d6zellik<\/span><\/th><th style=\"text-align: left;\"><span style=\"color: #000000;\">\u015eartname<\/span><\/th><\/tr><\/thead><tbody><tr><td style=\"text-align: left;\"><span style=\"color: #000000;\">S\u0131kl\u0131k<\/span><\/td><td style=\"text-align: left;\"><span style=\"color: #000000;\">860-960 MHz<\/span><\/td><\/tr><tr><td><span style=\"color: #000000;\">Cipsler<\/span><\/td><td><span style=\"color: #000000;\">U kodu 9, Alien H3, Alien 9, vb.<\/span><\/td><\/tr><tr><td><span style=\"color: #000000;\">Yap\u0131\u015ft\u0131r\u0131c\u0131<\/span><\/td><td><span style=\"color: #000000;\">Dayan\u0131kl\u0131, hava ko\u015fullar\u0131na dayan\u0131kl\u0131<\/span><\/td><\/tr><tr><td><span style=\"color: #000000;\">Okuma Aral\u0131\u011f\u0131<\/span><\/td><td><span style=\"color: #000000;\">Birka\u00e7 metreye kadar<\/span><\/td><\/tr><tr><td><span style=\"color: #000000;\">Uyumluluk<\/span><\/td><td><span style=\"color: #000000;\">UHF RFID okuyucularla \u00e7al\u0131\u015f\u0131r<\/span><\/td><\/tr><tr><td><span style=\"color: #000000;\">Boyutlar<\/span><\/td><td><span style=\"color: #000000;\">\u00d6zelle\u015ftirilebilir boyutlar mevcuttur<\/span><\/td><\/tr><\/tbody><\/table><h2 class=\"AnswerParser_AnswerParserH2__SIHnF\"><span style=\"color: #000000;\">UHF RFID Etiketlerin \u00c7evresel Etkisi<\/span><\/h2><p><span class=\"AnswerParser_TextContainer__z_Iiv\" style=\"color: #000000;\" data-testid=\"youchat-text\">UHF RFID etiketleri s\u00fcrd\u00fcr\u00fclebilirlik d\u00fc\u015f\u00fcn\u00fclerek tasarlanm\u0131\u015ft\u0131r. \u00dcretimlerinde kullan\u0131lan malzemeler genellikle geri d\u00f6n\u00fc\u015ft\u00fcr\u00fclebilirdir ve etiketlerin kendileri dayan\u0131kl\u0131d\u0131r, bu da s\u0131k s\u0131k de\u011fi\u015ftirme ihtiyac\u0131n\u0131 azalt\u0131r. \u0130\u015fletmeler RFID teknolojisini uygulayarak geleneksel ara\u00e7 takip y\u00f6ntemleriyle ili\u015fkili ka\u011f\u0131t at\u0131klar\u0131n\u0131 da azaltabilir ve daha s\u00fcrd\u00fcr\u00fclebilir bir operasyona katk\u0131da bulunabilir.<\/span><\/p><h2 class=\"AnswerParser_AnswerParserH2__SIHnF\"><span style=\"color: #000000;\">M\u00fc\u015fteri Yorumlar\u0131 ve Geri Bildirimleri<\/span><\/h2><p><span style=\"color: #000000;\"><span class=\"AnswerParser_TextContainer__z_Iiv\" data-testid=\"youchat-text\">Ara\u00e7lar\u0131nda UHF RFID etiketleri kullanan m\u00fc\u015fteriler y\u00fcksek memnuniyet seviyeleri bildirdi. Bir\u00e7o\u011fu kurulum kolayl\u0131\u011f\u0131n\u0131 ve otomatik izlemenin rahatl\u0131\u011f\u0131n\u0131 takdir ediyor. Kullan\u0131c\u0131lar etiketlerin \u00e7e\u015fitli hava ko\u015fullar\u0131nda iyi performans g\u00f6sterdi\u011fini ve park tesisleri i\u00e7in g\u00fcvenilir eri\u015fim kontrol\u00fc sa\u011flad\u0131\u011f\u0131n\u0131 belirtti.<\/span><span class=\"AnswerParser_TextContainer__z_Iiv\" data-testid=\"youchat-text\">UHF RFID etiketlerinin ara\u00e7 y\u00f6netim s\u00fcre\u00e7lerini iyile\u015ftirmedeki etkinli\u011fi olumlu geri bildirimlerle vurgulan\u0131yor ve bu da onlar\u0131 hem i\u015fletmeler hem de bireyler aras\u0131nda pop\u00fcler bir se\u00e7im haline getiriyor.<\/span><\/span><\/p><h2 class=\"AnswerParser_AnswerParserH2__SIHnF\"><span style=\"color: #000000;\">Arabalar \u0130\u00e7in UHF RFID Etiketleri Hakk\u0131nda SSS<\/span><\/h2><p><span style=\"color: #000000;\"><span class=\"AnswerParser_TextContainer__z_Iiv\" data-testid=\"youchat-text\"><strong>S: UHF RFID etiketleri \u00e7\u0131kar\u0131l\u0131p tekrar kullan\u0131labilir mi?<\/strong><br \/>A: UHF RFID etiketleri dayan\u0131kl\u0131l\u0131k i\u00e7in tasarlanm\u0131\u015f olsa da, genellikle tek kullan\u0131ml\u0131k uygulamalar i\u00e7in tasarlanm\u0131\u015ft\u0131r. Bunlar\u0131 \u00e7\u0131karmak yap\u0131\u015fkan \u00f6zelliklerini tehlikeye atabilir.\u00a0 \u00a0 \u00a0 \u00a0 \u00a0<\/span><\/span><\/p><p><span style=\"color: #000000;\"><span class=\"AnswerParser_TextContainer__z_Iiv\" data-testid=\"youchat-text\"><strong>S: UHF RFID etiketleri ne kadar s\u00fcre dayan\u0131r?<\/strong><br \/>C: Do\u011fru kurulum ve bak\u0131mla, UHF RFID etiketleri zorlu \u00e7evre ko\u015fullar\u0131nda bile birka\u00e7 y\u0131l dayanabilir.\u00a0<\/span><\/span><\/p><p><span style=\"color: #000000;\"><span class=\"AnswerParser_TextContainer__z_Iiv\" data-testid=\"youchat-text\"> \u00a0<\/span><span class=\"AnswerParser_TextContainer__z_Iiv\" data-testid=\"youchat-text\"><strong>S: UHF RFID etiketleri su ge\u00e7irmez midir?<\/strong><br \/>C: Evet, UHF RFID etiketlerinin \u00e7o\u011fu hava ko\u015fullar\u0131na dayan\u0131kl\u0131 olacak \u015fekilde tasarlanm\u0131\u015ft\u0131r ve bu sayede d\u0131\u015f mekanda kullan\u0131ma uygundur.<\/span><\/span><\/p><\/div>\t\t\t\t\t\t\t\t<\/div>\n\t\t\t\t<\/div>\n\t\t\t\t\t<\/div>\n\t\t\t\t<\/div>\n\t\t\t\t<\/div>","protected":false},"excerpt":{"rendered":"<p>UHF RFID etiketleri, eri\u015fim kontrol\u00fc ve envanter y\u00f6netimi i\u00e7in g\u00fcvenilir ara\u00e7 tan\u0131mlamas\u0131 sunarak filo denetimini ve park verimlili\u011fini art\u0131r\u0131r.<\/p>","protected":false},"featured_media":2544,"template":"","meta":{"_kad_post_transparent":"default","_kad_post_title":"","_kad_post_layout":"default","_kad_post_sidebar_id":"","_kad_post_content_style":"default","_kad_post_vertical_padding":"default","_kad_post_feature":"","_kad_post_feature_position":"","_kad_post_header":false,"_kad_post_footer":false,"_kad_post_classname":""},"product_brand":[],"product_cat":[54],"product_tag":[100,285,284],"class_list":{"0":"post-2543","1":"product","2":"type-product","3":"status-publish","4":"has-post-thumbnail","6":"product_cat-hot-selling-rfid-tags","7":"product_tag-rfid-label","8":"product_tag-rfid-tag","9":"product_tag-uhf-rfid-sticker","11":"first","12":"instock","13":"shipping-taxable","14":"product-type-simple","15":"entry","16":"content-bg","17":"loop-entry"},"_links":{"self":[{"href":"https:\/\/rfid-laundry-tag.com\/tr\/wp-json\/wp\/v2\/product\/2543","targetHints":{"allow":["GET"]}}],"collection":[{"href":"https:\/\/rfid-laundry-tag.com\/tr\/wp-json\/wp\/v2\/product"}],"about":[{"href":"https:\/\/rfid-laundry-tag.com\/tr\/wp-json\/wp\/v2\/types\/product"}],"version-history":[{"count":5,"href":"https:\/\/rfid-laundry-tag.com\/tr\/wp-json\/wp\/v2\/product\/2543\/revisions"}],"predecessor-version":[{"id":2558,"href":"https:\/\/rfid-laundry-tag.com\/tr\/wp-json\/wp\/v2\/product\/2543\/revisions\/2558"}],"wp:featuredmedia":[{"embeddable":true,"href":"https:\/\/rfid-laundry-tag.com\/tr\/wp-json\/wp\/v2\/media\/2544"}],"wp:attachment":[{"href":"https:\/\/rfid-laundry-tag.com\/tr\/wp-json\/wp\/v2\/media?parent=2543"}],"wp:term":[{"taxonomy":"product_brand","embeddable":true,"href":"https:\/\/rfid-laundry-tag.com\/tr\/wp-json\/wp\/v2\/product_brand?post=2543"},{"taxonomy":"product_cat","embeddable":true,"href":"https:\/\/rfid-laundry-tag.com\/tr\/wp-json\/wp\/v2\/product_cat?post=2543"},{"taxonomy":"product_tag","embeddable":true,"href":"https:\/\/rfid-laundry-tag.com\/tr\/wp-json\/wp\/v2\/product_tag?post=2543"}],"curies":[{"name":"wp","href":"https:\/\/api.w.org\/{rel}","templated":true}]}}