{"id":204,"date":"2024-06-18T09:26:05","date_gmt":"2024-06-18T09:26:05","guid":{"rendered":"https:\/\/rfid-laundry-tag.com\/?post_type=product&#038;p=204"},"modified":"2024-09-26T03:20:13","modified_gmt":"2024-09-26T03:20:13","slug":"textile-fabric-rfid-laundry-tags","status":"publish","type":"product","link":"https:\/\/rfid-laundry-tag.com\/tr\/textile-fabric-rfid-laundry-tags\/","title":{"rendered":"Tekstil Kuma\u015f RFID \u00c7ama\u015f\u0131r Etiketleri"},"content":{"rendered":"<div>\n<div class=\"auto-hide-last-sibling-br paragraph_1252f paragraph-element\">\n<table width=\"637\">\n<tbody>\n<tr>\n<td width=\"328\">\u00dcr\u00fcn Ad\u0131:<\/td>\n<td width=\"309\"><strong>Tekstil Kuma\u015f RFID \u00c7ama\u015f\u0131r Etiketleri<\/strong><\/td>\n<\/tr>\n<tr>\n<td width=\"328\">RFID Standard\u0131:<\/td>\n<td width=\"309\">ISO\/IEC 18000-6 TipC (EPC Gen2)<\/td>\n<\/tr>\n<tr>\n<td width=\"328\">Boyut ve A\u011f\u0131rl\u0131k:<\/td>\n<td width=\"309\">70\u00d715 mm, 0,6 gr<\/td>\n<\/tr>\n<tr>\n<td width=\"328\">\u00c7ip T\u00fcr\u00fc:<\/td>\n<td width=\"309\">Impinj Monza 4QT,NXP U KODU 8\uff0cNXP U KODU 9<\/td>\n<\/tr>\n<tr>\n<td width=\"328\">EPC Belle\u011fi:<\/td>\n<td width=\"309\">128 bit<\/td>\n<\/tr>\n<tr>\n<td width=\"328\">Kullan\u0131c\u0131 Belle\u011fi:<\/td>\n<td width=\"309\">512 bit<\/td>\n<\/tr>\n<tr>\n<td width=\"328\">Okuma Aral\u0131\u011f\u0131(2W ERP FCC):<\/td>\n<td width=\"309\">8m<\/td>\n<\/tr>\n<tr>\n<td width=\"328\">Okuma Aral\u0131\u011f\u0131(2W ERP ETSI):<\/td>\n<td width=\"309\">8m<\/td>\n<\/tr>\n<tr>\n<td width=\"328\">Etiketleme:<\/td>\n<td width=\"309\">Diki\u015f, S\u0131cak damgalama yap\u0131\u015ft\u0131r\u0131c\u0131s\u0131<\/td>\n<\/tr>\n<tr>\n<td width=\"328\">Tahmini \u00d6m\u00fcr:<\/td>\n<td width=\"309\">200 y\u0131kama d\u00f6ng\u00fcs\u00fc veya 3 y\u0131l, hangisi \u00f6nce ger\u00e7ekle\u015firse<\/td>\n<\/tr>\n<tr>\n<td width=\"328\">Y\u0131kama Y\u00f6ntemi:<\/td>\n<td width=\"309\">\u00c7ama\u015f\u0131rhane, Kuru temizleme<\/td>\n<\/tr>\n<tr>\n<td width=\"328\">Su \u00c7\u0131karma Bas\u0131nc\u0131:<\/td>\n<td width=\"309\">60 bar<\/td>\n<\/tr>\n<tr>\n<td width=\"328\">Suya Dayan\u0131kl\u0131l\u0131k:<\/td>\n<td width=\"309\">Su ge\u00e7irmez<\/td>\n<\/tr>\n<tr>\n<td width=\"328\">Kimyasal Diren\u00e7:<\/td>\n<td width=\"309\">Deterjan, Yumu\u015fat\u0131c\u0131, \u00c7ama\u015f\u0131r Suyu (Oksijen\/ Klor), Alkali<\/td>\n<\/tr>\n<tr>\n<td width=\"328\">Tumbler&#039;da \u00d6n Kurutma:<\/td>\n<td width=\"309\">125 \u00baC&#039;de 15-20 dakika<\/td>\n<\/tr>\n<tr>\n<td width=\"328\">Sterilizasyon S\u0131cakl\u0131\u011f\u0131:<\/td>\n<td width=\"309\">135\u00b0C&#039;de 15-20 dakika<\/td>\n<\/tr>\n<tr>\n<td width=\"328\">Y\u0131kama S\u0131cakl\u0131\u011f\u0131:<\/td>\n<td width=\"309\">90\u00b0C ,15dk&#039;ya kadar.<\/td>\n<\/tr>\n<tr>\n<td width=\"328\">Nem\/S\u0131cakl\u0131k-\u00c7al\u0131\u015fma:<\/td>\n<td width=\"309\">-20 ila 110\u00b0C, 8 ila 95%RH<\/td>\n<\/tr>\n<tr>\n<td width=\"328\">Nem\/S\u0131cakl\u0131k-Depolama:<\/td>\n<td width=\"309\">-40 ila 110\u00b0C, 8 ila 95%RH<\/td>\n<\/tr>\n<\/tbody>\n<\/table>\n<\/div>\n<div class=\"auto-hide-last-sibling-br paragraph_1252f paragraph-element\"><\/div>\n<\/div>\n<div data-spm-anchor-id=\"a2700.details.0.i57.23b419c7xXORP0\">\n<div class=\"auto-hide-last-sibling-br paragraph_1252f paragraph-element\">\n<h2>Tekstil Kuma\u015f RFID \u00c7ama\u015f\u0131r Etiketleri \u00d6zellikleri<\/h2>\n<h3>1. Dayan\u0131kl\u0131 ve Y\u0131kanabilir<\/h3>\n<p>Bizim\u00a0<strong>y\u0131kanabilir RFID etiketleri<\/strong>\u00a0zorlu \u00e7ama\u015f\u0131r y\u0131kama ko\u015fullar\u0131na dayanacak \u015fekilde titizlikle tasarlanm\u0131\u015ft\u0131r.\u00a0<strong>200 y\u0131kama \u00e7evrimi<\/strong>, y\u0131kama ve kurutma i\u015flemleri s\u0131ras\u0131nda y\u00fcksek s\u0131cakl\u0131klara dayan\u0131kl\u0131d\u0131r. Kullan\u0131lan dayan\u0131kl\u0131 malzemeler ve teknoloji, bunlar\u0131n\u00a0<strong>etiketler dikilebilir<\/strong>\u00a0keten ve giysiler dahil olmak \u00fczere \u00e7e\u015fitli \u00fcr\u00fcnlere, b\u00fct\u00fcnl\u00fcklerini bozmadan. S\u0131cak y\u0131kama olsun\u00a0<strong>90\u00b0C<\/strong>\u00a0veya sterilizasyon\u00a0<strong>135\u00b0C<\/strong>Bu etiketler end\u00fcstriyel \u00e7ama\u015f\u0131rhane ihtiya\u00e7lar\u0131na dayanacak \u015fekilde \u00fcretilmi\u015ftir.<\/p>\n<h3>2. RFID Sistemleriyle Sorunsuz Entegrasyon<\/h3>\n<p>The\u00a0<strong>UHF RFID teknolojisi<\/strong>\u00a0\u00c7ama\u015f\u0131r etiketlerine g\u00f6m\u00fcl\u00fc olmas\u0131, mevcut \u00e7ama\u015f\u0131r y\u00f6netim sistemleriyle kusursuz entegrasyona olanak tan\u0131r. \u0130ster\u00a0<strong>RFID okuyucular\u0131<\/strong>\u00a0otomatik izleme veya bunlar\u0131 daha kapsaml\u0131 bir \u015fekilde birle\u015ftirmek i\u00e7in\u00a0<strong>envanter y\u00f6netimi<\/strong>\u00a0sistem, bu etiketler ak\u0131c\u0131 i\u015flemler i\u00e7in gereken gerekli uyumlulu\u011fu sa\u011flar. &#039;ye kadar g\u00fcvenilir okuma aral\u0131\u011f\u0131\u00a0<strong>8 metre<\/strong>\u00a0\u00c7ama\u015f\u0131rhane envanterinizin kontrol alt\u0131nda tutulmas\u0131n\u0131 sa\u011flayarak do\u011fru takibi sa\u011flar.<\/p>\n<h3>3. Geli\u015fmi\u015f \u0130zleme ve Y\u00f6netim Yetenekleri<\/h3>\n<p>\u0130le\u00a0<strong>RFID \u00e7ama\u015f\u0131r etiketleri<\/strong>, \u00e7ama\u015f\u0131rlar\u0131n her a\u015famas\u0131n\u0131 takip edebilmenize olanak tan\u0131r\u00a0<strong>\u00e7ama\u015f\u0131r y\u0131kama i\u015flemi<\/strong>. Verimli tan\u0131mlama ve envanter takibi, genel envanter kontrol\u00fcn\u00fc iyile\u015ftirerek eyleme d\u00f6n\u00fc\u015ft\u00fcr\u00fclebilir i\u00e7g\u00f6r\u00fclere yol a\u00e7ar. Her birinin hareketini takip edebilirsiniz\u00a0<strong>tekstil \u00fcr\u00fcn\u00fc<\/strong>, do\u011fru ki\u015filere veya konumlara derhal geri g\u00f6nderilmelerini sa\u011flayarak. Bu g\u00f6r\u00fcn\u00fcrl\u00fck, misafirperverlik ve sa\u011fl\u0131k hizmetleri gibi sekt\u00f6rlerde m\u00fc\u015fteri memnuniyetinin s\u00fcrd\u00fcr\u00fclmesi i\u00e7in hayati \u00f6nem ta\u015f\u0131r.<\/p>\n<h3>4. G\u00fc\u00e7l\u00fc Kimyasal Diren\u00e7<\/h3>\n<p>Bizim\u00a0<strong>kuma\u015f \u00e7ama\u015f\u0131r etiketleri<\/strong>\u00a0end\u00fcstriyel \u00e7ama\u015f\u0131rhanelerde tipik olarak kullan\u0131lan \u00e7e\u015fitli kimyasallara dayan\u0131kl\u0131 olacak \u015fekilde tasarlanm\u0131\u015ft\u0131r. Deterjanlara, yumu\u015fat\u0131c\u0131lara ve hem oksijen hem de klor \u00e7e\u015fitleri dahil olmak \u00fczere a\u011fart\u0131c\u0131lara kar\u015f\u0131 dayan\u0131kl\u0131d\u0131rlar. Bu kimyasal dayan\u0131kl\u0131l\u0131k, etiketlerin \u00f6mr\u00fcn\u00fc uzat\u0131r ve en zorlu y\u0131kama ortamlar\u0131nda bile g\u00fcvenilir performans sa\u011flar.<\/p>\n<h3>5. \u00c7oklu Etiketleme Se\u00e7enekleri<\/h3>\n<p>Tekstil RFID \u00e7ama\u015f\u0131r etiketleri \u00e7ok y\u00f6nl\u00fcd\u00fcr\u00a0<strong>etiketleme se\u00e7enekleri<\/strong>M\u00fc\u015fteriler \u015funlar aras\u0131ndan se\u00e7im yapabilir:\u00a0<strong>diki\u015f<\/strong>\u00a0etiketleri do\u011frudan giysilere veya kullanarak\u00a0<strong>s\u0131cak damgalama yap\u0131\u015ft\u0131r\u0131c\u0131s\u0131<\/strong>\u00a0g\u00fcvenli ba\u011flanma i\u00e7in. Bu uyarlanabilirlik, mevcut tekstillere i\u015flevlerini veya g\u00f6r\u00fcn\u00fcmlerini bozmadan kolayca entegre edilmesini sa\u011flar.<\/p>\n<h3 class=\"wp-block-heading\">Tekstil Kuma\u015f RFID \u00c7ama\u015f\u0131rhane Etiketleri Montaj\u0131<\/h3>\n<p><strong>Diki\u015f Etiketleme<\/strong>: Bir tekstilin ete\u011fine dikilecek. \u00c7ama\u015f\u0131r etiketini katlama \u00e7izgilerinden uza\u011fa dikin.<br \/>\n<strong>Is\u0131 S\u0131zd\u0131rmazl\u0131\u011f\u0131<\/strong>: +200\u00b0C (392\u00b0F) s\u0131cakl\u0131kta, 12~14 saniye boyunca do\u011frudan tekstil \u00fczerine \u0131s\u0131yla yap\u0131\u015ft\u0131r\u0131lmal\u0131d\u0131r.<br \/>\n<strong>Kese i\u00e7inde<\/strong>: Standart bak\u0131m etiketi gibi dikilmelidir. \u00c7ama\u015f\u0131r etiketini katlama \u00e7izgilerinden uza\u011fa dikin.<\/p>\n<h2>RFID \u00c7ama\u015f\u0131rhane Y\u00f6netiminin Faydalar\u0131<\/h2>\n<h3>Geli\u015fmi\u015f Operasyonel Verimlilik<\/h3>\n<p>Dahil etme\u00a0<strong>RFID etiketleri<\/strong>\u00a0senin i\u00e7ine\u00a0<strong>\u00c7ama\u015f\u0131rhane y\u00f6netimi<\/strong>\u00a0s\u00fcre\u00e7ler operasyonel verimlili\u011fi b\u00fcy\u00fck \u00f6l\u00e7\u00fcde art\u0131r\u0131r. Otomatik izleme sistemleri, i\u015f g\u00fcc\u00fc yo\u011fun manuel s\u00fcre\u00e7lere olan ihtiyac\u0131 ortadan kald\u0131rarak, personel zaman\u0131n\u0131 ve \u00fcr\u00fcn takibiyle ili\u015fkili maliyetleri azalt\u0131r. Bu, \u00e7al\u0131\u015fanlar\u0131n i\u015fletmeye de\u011fer katan temel g\u00f6revlere odaklanmas\u0131n\u0131 sa\u011flayarak genel \u00fcretkenli\u011fi art\u0131r\u0131r.<\/p>\n<h3>\u00dcst\u00fcn Varl\u0131k Takibi<\/h3>\n<p>RFID teknolojisiyle, ilk i\u015flemeden hizmete geri d\u00f6n\u00fc\u015fe kadar t\u00fcm ya\u015fam d\u00f6ng\u00fcs\u00fc boyunca her bir \u00e7ama\u015f\u0131r par\u00e7as\u0131n\u0131 takip edebilirsiniz. Bu \u00fcst\u00fcn varl\u0131k izleme yetene\u011fi, kay\u0131plar\u0131 \u00f6nlemeye yard\u0131mc\u0131 olur ve t\u00fcm \u00f6\u011felerin hesaba kat\u0131lmas\u0131n\u0131 sa\u011flar, \u00f6zellikle hastaneler ve oteller gibi y\u00fcksek hacimli ortamlarda \u00f6nemlidir.<\/p>\n<h3>End\u00fcstri Standartlar\u0131na Uygunluk<\/h3>\n<p>RFID \u00e7ama\u015f\u0131r etiketleri, dayan\u0131kl\u0131l\u0131k ve performans a\u00e7\u0131s\u0131ndan s\u0131k\u0131 end\u00fcstri standartlar\u0131n\u0131 kar\u015f\u0131lamak \u00fczere tasarlanm\u0131\u015ft\u0131r. Sa\u011flam tasar\u0131mlar\u0131, y\u00fcksek talepli ortamlar i\u00e7in uygundur ve bu da onlar\u0131 ticari uygulamalar i\u00e7in ideal hale getirir. Tekstil RFID etiketlerimizi se\u00e7erek, \u00e7ama\u015f\u0131rhane operasyonlar\u0131n\u0131z\u0131 lider uygulamalarla uyumlu hale getirir ve i\u015fletmenizin rekabet\u00e7i kalmas\u0131n\u0131 sa\u011flars\u0131n\u0131z.<\/p>\n<hr \/>\n<h2>M\u00fc\u015fteri G\u00f6r\u00fc\u015fleri<\/h2>\n<blockquote><p>&quot;RFID \u00e7ama\u015f\u0131r etiketlerini uygulamaya koydu\u011fumuzdan beri kaybolan \u00e7ar\u015faflar\u0131 \u00f6nemli \u00f6l\u00e7\u00fcde azaltt\u0131k. Takip sistemi \u00e7ama\u015f\u0131r y\u00f6netimimizi d\u00f6n\u00fc\u015ft\u00fcrd\u00fc!&quot; \u2014\u00a0<em>Mary T., Tesis Y\u00f6neticisi<\/em><\/p><\/blockquote>\n<blockquote><p>&quot;RFID etiketleri sadece y\u0131kamalar s\u0131ras\u0131nda dayan\u0131kl\u0131 olmakla kalm\u0131yor, ayn\u0131 zamanda teslim s\u00fcrelerimizi de \u00f6nemli \u00f6l\u00e7\u00fcde iyile\u015ftirdi.&quot; \u2014\u00a0<em>John D., Operasyon Direkt\u00f6r\u00fc<\/em><\/p><\/blockquote>\n<hr \/>\n<h2>S\u0131k\u00e7a Sorulan Sorular (SSS)<\/h2>\n<p><strong>S: RFID \u00e7ama\u015f\u0131r etiketleri ne kadar s\u00fcre dayan\u0131r?<\/strong><br \/>\nA: Bizim\u00a0<strong>RFID \u00e7ama\u015f\u0131r etiketleri<\/strong>\u00a0tahmini bir \u00f6mre sahip olmak\u00a0<strong>200 y\u0131kama d\u00f6ng\u00fcs\u00fc veya 3 y\u0131l<\/strong>, kullan\u0131m ko\u015fullar\u0131na ba\u011fl\u0131 olarak.<\/p>\n<p><strong>S: Bu etiketler y\u00fcksek s\u0131cakl\u0131klara dayanabilir mi?<\/strong><br \/>\nA: Evet, bu etiketler 1000 \u00b0C&#039;ye kadar y\u0131kama s\u0131cakl\u0131klar\u0131na dayanacak \u015fekilde tasarlanm\u0131\u015ft\u0131r.\u00a0<strong>90\u00b0C<\/strong>, sterilizasyon\u00a0<strong>135\u00b0C<\/strong>ve \u00f6n kurutma ko\u015fullar\u0131na sahip oldu\u011fundan end\u00fcstriyel \u00e7ama\u015f\u0131rhaneler i\u00e7in m\u00fckemmeldir.<\/p>\n<p><strong>S: Etiketler kimyasallara dayan\u0131kl\u0131 m\u0131?<\/strong><br \/>\nA: Kesinlikle. Bu etiketler deterjanlar, yumu\u015fat\u0131c\u0131lar ve a\u011fart\u0131c\u0131lar dahil olmak \u00fczere yayg\u0131n \u00e7ama\u015f\u0131r kimyasallar\u0131na kar\u015f\u0131 dayan\u0131kl\u0131d\u0131r.<\/p>\n<h3>\u00c7\u00f6z\u00fcm<\/h3>\n<div class=\"auto-hide-last-sibling-br paragraph_1252f paragraph-element\"><strong>Tekstil Kuma\u015f RFID \u00c7ama\u015f\u0131r Etiketleri<\/strong> sterilizasyon ve \u00fct\u00fclemeyi de kapsayan kapsaml\u0131 end\u00fcstriyel y\u0131kama s\u00fcre\u00e7lerinden ge\u00e7en tekstiller i\u00e7in \u00f6zel olarak tasarlanm\u0131\u015f RFID etiketleridir.<\/div>\n<div class=\"auto-hide-last-sibling-br paragraph_1252f paragraph-element\">Bunlar <strong>Tekstil Kuma\u015f RFID \u00c7ama\u015f\u0131r Etiketleri<\/strong> keten ve tekstil \u00fcr\u00fcnlerinin etkili bir \u015fekilde tan\u0131mlanmas\u0131, izlenmesi ve y\u00f6netimi i\u00e7in temeldir. Temiz tekstil, \u00fcniforma, i\u015f k\u0131yafeti, t\u0131bbi giysi veya temizlik malzemelerinin s\u00fcrekli dola\u015f\u0131m\u0131na g\u00fcvenen i\u015fletmeler i\u00e7in bu \u00e7ama\u015f\u0131r etiketleri, otomatik sistemlerin performans\u0131n\u0131 \u00f6nemli \u00f6l\u00e7\u00fcde art\u0131rabilir. \u00c7ok say\u0131da bireysel \u00fcr\u00fcn\u00fcn daha h\u0131zl\u0131 ve daha do\u011fru bir \u015fekilde izlenmesini kolayla\u015ft\u0131r\u0131r, b\u00f6ylece envanter kontrol\u00fcn\u00fc art\u0131r\u0131r ve kayb\u0131 azalt\u0131r. Bu, bu t\u00fcr kurulu\u015flar i\u00e7in \u00f6nemli \u00f6l\u00e7\u00fcde zaman ve maliyet tasarrufu ve artan \u00fcretkenlik sa\u011flar.<\/div>\n<\/div>\n<\/div>\n<div class=\"auto-hide-last-sibling-br paragraph_1252f paragraph-element\">\n<div class=\"auto-hide-last-sibling-br paragraph_1252f paragraph-element\"><strong>RFID Tekstil Etiketi<\/strong> keten \u00e7ama\u015f\u0131r y\u0131kama i\u00e7in \u00fcniformalar \u00e7ok say\u0131da end\u00fcstride vazge\u00e7ilmezdir, \u00f6nemli \u00f6l\u00e7\u00fcde verimli varl\u0131k takibi, envanter y\u00f6netimi ve genel operasyonel verimlili\u011fi art\u0131rmay\u0131 sa\u011flar. \u0130\u015fte \u00e7e\u015fitli sekt\u00f6rlerdeki uygulamalar\u0131na bir bak\u0131\u015f:<\/div>\n<div><\/div>\n<p>&nbsp;<\/p>\n<\/div>\n<div class=\"auto-hide-last-sibling-br paragraph_1252f paragraph-element\"><\/div>","protected":false},"excerpt":{"rendered":"<p>Geli\u015fmi\u015f UHF teknolojisi (860-960 MHz) ile \u00fcretilen Tekstil Kuma\u015f RFID \u00c7ama\u015f\u0131r Etiketleri, EPC Class1 Gen2 ve ISO 18000 gibi k\u00fcresel standartlara uygundur. Bu UHF Tekstil keten \u00e7ama\u015f\u0131r etiketleri, 200&#039;den fazla y\u0131kama d\u00f6ng\u00fcs\u00fcne ve 60 bara kadar bas\u0131nca dayanabilen esneklik ve sa\u011flaml\u0131\u011f\u0131n bir kar\u0131\u015f\u0131m\u0131n\u0131 sunar. UHF RFID kuma\u015f \u00e7ama\u015f\u0131r etiketinin dikkat \u00e7ekici \u00f6zelli\u011fi, birka\u00e7 metre \u00f6teden toplu okumaya izin verme potansiyelidir ve \u00e7ama\u015f\u0131r y\u00f6netimi i\u00e7in olduk\u00e7a verimli bir ara\u00e7 g\u00f6revi g\u00f6r\u00fcr.<\/p>","protected":false},"featured_media":2675,"template":"","meta":{"_kad_post_transparent":"default","_kad_post_title":"","_kad_post_layout":"default","_kad_post_sidebar_id":"","_kad_post_content_style":"default","_kad_post_vertical_padding":"default","_kad_post_feature":"","_kad_post_feature_position":"","_kad_post_header":false,"_kad_post_footer":false,"_kad_post_classname":""},"product_brand":[],"product_cat":[19],"product_tag":[297,31,65,30],"class_list":{"0":"post-204","1":"product","2":"type-product","3":"status-publish","4":"has-post-thumbnail","6":"product_cat-textile-rfid-laundry-tag","7":"product_tag-rfid-chips-for-uniform","8":"product_tag-rfid-tag-for-linen-laundry","9":"product_tag-textile-rfid-laundry-tags","10":"product_tag-uhf-rfid-laundry-tag","12":"first","13":"instock","14":"featured","15":"shipping-taxable","16":"product-type-simple","17":"entry","18":"content-bg","19":"loop-entry"},"_links":{"self":[{"href":"https:\/\/rfid-laundry-tag.com\/tr\/wp-json\/wp\/v2\/product\/204","targetHints":{"allow":["GET"]}}],"collection":[{"href":"https:\/\/rfid-laundry-tag.com\/tr\/wp-json\/wp\/v2\/product"}],"about":[{"href":"https:\/\/rfid-laundry-tag.com\/tr\/wp-json\/wp\/v2\/types\/product"}],"version-history":[{"count":3,"href":"https:\/\/rfid-laundry-tag.com\/tr\/wp-json\/wp\/v2\/product\/204\/revisions"}],"predecessor-version":[{"id":2678,"href":"https:\/\/rfid-laundry-tag.com\/tr\/wp-json\/wp\/v2\/product\/204\/revisions\/2678"}],"wp:featuredmedia":[{"embeddable":true,"href":"https:\/\/rfid-laundry-tag.com\/tr\/wp-json\/wp\/v2\/media\/2675"}],"wp:attachment":[{"href":"https:\/\/rfid-laundry-tag.com\/tr\/wp-json\/wp\/v2\/media?parent=204"}],"wp:term":[{"taxonomy":"product_brand","embeddable":true,"href":"https:\/\/rfid-laundry-tag.com\/tr\/wp-json\/wp\/v2\/product_brand?post=204"},{"taxonomy":"product_cat","embeddable":true,"href":"https:\/\/rfid-laundry-tag.com\/tr\/wp-json\/wp\/v2\/product_cat?post=204"},{"taxonomy":"product_tag","embeddable":true,"href":"https:\/\/rfid-laundry-tag.com\/tr\/wp-json\/wp\/v2\/product_tag?post=204"}],"curies":[{"name":"wp","href":"https:\/\/api.w.org\/{rel}","templated":true}]}}