{"id":193,"date":"2024-06-16T05:59:05","date_gmt":"2024-06-16T05:59:05","guid":{"rendered":"https:\/\/rfid-laundry-tag.com\/?post_type=product&#038;p=193"},"modified":"2024-09-23T09:29:31","modified_gmt":"2024-09-23T09:29:31","slug":"rfid-chips-in-clothing","status":"publish","type":"product","link":"https:\/\/rfid-laundry-tag.com\/tr\/rfid-chips-in-clothing\/","title":{"rendered":"Giysilerdeki RFID \u00c7ipleri"},"content":{"rendered":"<div class=\"J_module\">\n<div class=\"ife-detail-decorate-table\">\n<table class=\"hight-light-first-column all magic-14\">\n<tbody>\n<tr>\n<td colspan=\"1\" rowspan=\"1\">\n<div class=\"magic-15\" data-spm-anchor-id=\"a2700.details.0.i95.236a58c1ycsfva\">\u00dcretim ad\u0131:<\/div>\n<\/td>\n<td colspan=\"1\" rowspan=\"1\">\n<div class=\"magic-16\"><strong>Giysilerdeki RFID \u00c7ipleri<\/strong><\/div>\n<\/td>\n<\/tr>\n<tr>\n<td colspan=\"1\" rowspan=\"1\">\n<div class=\"magic-15\"><span class=\"magic-17\">Malzeme:<\/span><\/div>\n<\/td>\n<td colspan=\"1\" rowspan=\"1\">\n<div class=\"magic-16\">Polyester\/Kompozisyon\/Saten\/Pamuk\/Dokumas\u0131z\/PET vb.<\/div>\n<\/td>\n<\/tr>\n<tr>\n<td colspan=\"1\" rowspan=\"1\">\n<div class=\"magic-15\"><span class=\"magic-17\">Boyut:<\/span><\/div>\n<\/td>\n<td colspan=\"1\" rowspan=\"1\">\n<div class=\"magic-16\"><span class=\"magic-17\">80*38mm\/60*30mm veya \u00f6zelle\u015ftirilmi\u015f<\/span><\/div>\n<\/td>\n<\/tr>\n<tr>\n<td colspan=\"1\" rowspan=\"1\">\n<div class=\"magic-15\"><span class=\"magic-17\">Tip:<\/span><\/div>\n<\/td>\n<td colspan=\"1\" rowspan=\"1\">\n<div class=\"magic-16\"><span class=\"magic-17\">Pasif, RFID<\/span><\/div>\n<\/td>\n<\/tr>\n<tr>\n<td colspan=\"1\" rowspan=\"1\">\n<div class=\"magic-15\">RF Protokol\u00fc:<\/div>\n<\/td>\n<td colspan=\"1\" rowspan=\"1\">\n<div class=\"magic-16\">ISO 18000-6C; EPC S\u0131n\u0131f 1 Gen 2<\/div>\n<\/td>\n<\/tr>\n<tr>\n<td colspan=\"1\" rowspan=\"1\">\n<div class=\"magic-15\"><span class=\"magic-17\">S\u0131kl\u0131k:<\/span><\/div>\n<\/td>\n<td colspan=\"1\" rowspan=\"1\">\n<div class=\"magic-16\"><span class=\"magic-17\">860~960MHz<\/span><\/div>\n<\/td>\n<\/tr>\n<tr>\n<td colspan=\"1\" rowspan=\"1\">\n<div class=\"magic-15\">\u00c7ip<\/div>\n<\/td>\n<td colspan=\"1\" rowspan=\"1\">\n<div class=\"magic-16\">Uzayl\u0131 Higgs, Monza 3, Monza 4D, Monza 4QT, Monza R6, Monza R6-P, Impinj M730, Impinj M750 vb.<\/div>\n<\/td>\n<\/tr>\n<tr>\n<td colspan=\"1\" rowspan=\"1\">\n<div class=\"magic-15\"><span class=\"magic-17\">Okuma Mesafesi:<\/span><\/div>\n<\/td>\n<td colspan=\"1\" rowspan=\"1\">\n<div class=\"magic-16\"><span class=\"magic-17\">UHF: 1~10m (okuyucuya ve antene ba\u011fl\u0131)<\/span><\/div>\n<\/td>\n<\/tr>\n<tr>\n<td colspan=\"1\" rowspan=\"1\">\n<div class=\"magic-15\"><span class=\"magic-17\">Sabit yol:<\/span><\/div>\n<\/td>\n<td colspan=\"1\" rowspan=\"1\">\n<div class=\"magic-16\"><span class=\"magic-17\">Dikmek \/ \u00fct\u00fclemek<\/span><\/div>\n<\/td>\n<\/tr>\n<tr>\n<td colspan=\"1\" rowspan=\"1\">\n<div class=\"magic-15\"><span class=\"magic-17\">Bask\u0131:<\/span><\/div>\n<\/td>\n<td colspan=\"1\" rowspan=\"1\">\n<div class=\"magic-16\"><span class=\"magic-17\">Bask\u0131, Kodlama, Seri Numaras\u0131, Tasar\u0131m vb.<\/span><\/div>\n<\/td>\n<\/tr>\n<tr>\n<td colspan=\"1\" rowspan=\"1\">\n<div class=\"magic-15\"><span class=\"magic-17\">IC \u00f6mr\u00fc:<\/span><\/div>\n<\/td>\n<td colspan=\"1\" rowspan=\"1\">\n<div class=\"magic-16\" data-spm-anchor-id=\"a2700.details.0.i94.236a58c1ycsfva\"><span class=\"magic-17\">100.000 Programlama d\u00f6ng\u00fcs\u00fc<br \/>\n10 y\u0131l veri saklama<\/span><\/div>\n<\/td>\n<\/tr>\n<tr>\n<td colspan=\"1\" rowspan=\"1\">\n<div class=\"magic-15\"><span class=\"magic-17\">\u00d6rnek Durumu:<\/span><\/div>\n<\/td>\n<td colspan=\"1\" rowspan=\"1\">\n<div class=\"magic-16\"><span class=\"magic-17\">Talep \u00fczerine \u00fccretsiz numuneler mevcuttur<\/span><\/div>\n<\/td>\n<\/tr>\n<tr>\n<td colspan=\"1\" rowspan=\"1\">\n<div class=\"magic-15\"><span class=\"magic-17\">Uygulamalar:\u00a0<\/span><\/div>\n<\/td>\n<td colspan=\"1\" rowspan=\"1\">\n<div class=\"magic-16\"><span class=\"magic-17\">\u00b7 Stok Y\u00f6netimi<br \/>\n\u00b7 Tedarik Zinciri<br \/>\n\u00b7 Perakende<\/span><\/div>\n<\/td>\n<\/tr>\n<tr>\n<td colspan=\"1\" rowspan=\"1\">\n<div class=\"magic-15\"><span class=\"magic-17\">Kullanmak<\/span><\/div>\n<\/td>\n<td colspan=\"1\" rowspan=\"1\">\n<div class=\"magic-16\"><span class=\"magic-17\">Giyim, Giyim E\u015fyalar\u0131, \u00c7anta, Ayakkab\u0131 vb.<\/span><\/div>\n<\/td>\n<\/tr>\n<\/tbody>\n<\/table>\n<\/div>\n<\/div>\n<div class=\"J_module\">\n<div class=\"detail-decorate-json-renderer-container\">\n<div class=\"magic-1\">\n<div class=\"magic-5\">\n<div class=\"magic-6\">\n<div>\n<h2 class=\"AnswerParser_AnswerParserH2__SIHnF\">Giysi Takibinde RFID Teknolojisinin G\u00fcc\u00fc<\/h2>\n<p><span class=\"AnswerParser_TextContainer__z_Iiv\" data-testid=\"youchat-text\">RFID (Radyo Frekans\u0131 Tan\u0131mlama) teknolojisi \u00e7e\u015fitli sekt\u00f6rlerde envanter y\u00f6netiminde devrim yaratt\u0131 ve \u015fimdi giyim sekt\u00f6r\u00fcnde dalgalar yarat\u0131yor. UHF RFID y\u0131kama bak\u0131m etiketlerimiz, giyim \u00fcr\u00fcnleriniz i\u00e7in benzersiz izleme yetenekleri sa\u011flamak amac\u0131yla bu g\u00fc\u00e7l\u00fc teknolojiden yararlan\u0131r.<\/span><span class=\"AnswerParser_TextContainer__z_Iiv\" data-testid=\"youchat-text\">Bu etiketler, RFID okuyucular\u0131yla ileti\u015fim kurmak i\u00e7in radyo frekans sinyalleri kullan\u0131r ve g\u00f6r\u00fc\u015f hatt\u0131 taramas\u0131na gerek kalmadan giysilerin h\u0131zl\u0131 ve do\u011fru bir \u015fekilde tan\u0131mlanmas\u0131n\u0131 sa\u011flar. Bu, birden fazla \u00fcr\u00fcn\u00fc ayn\u0131 anda zahmetsizce takip edebilece\u011finiz ve envanter kontrolleri i\u00e7in gereken zaman ve \u00e7abay\u0131 \u00f6nemli \u00f6l\u00e7\u00fcde azaltabilece\u011finiz anlam\u0131na gelir.<\/span><\/div>\n<\/div>\n<div>\n<div class=\"auto-hide-last-sibling-br paragraph_1252f paragraph-element\">\n<div class=\"auto-hide-last-sibling-br paragraph_1252f paragraph-element\">\n<div class=\"auto-hide-last-sibling-br paragraph_1252f paragraph-element\">\n<div class=\"auto-hide-last-sibling-br paragraph_1252f paragraph-element\">Kalabal\u0131\u011f\u0131n aras\u0131ndan s\u0131yr\u0131lmak ve envanteri verimli bir \u015fekilde y\u00f6netmek giyim markalar\u0131 i\u00e7in temel zorluklard\u0131r. RFID Giyim Etiketlerinin tan\u0131t\u0131m\u0131 bu sorunlar\u0131 \u00e7\u00f6zebilir, \u015firketlerin yaln\u0131zca marka imajlar\u0131n\u0131 ve de\u011ferlerini art\u0131rmalar\u0131na de\u011fil ayn\u0131 zamanda k\u00fcresel tedarik zinciri operasyonlar\u0131n\u0131 h\u0131zland\u0131rmalar\u0131na da yard\u0131mc\u0131 olabilir.<\/div>\n<p>&nbsp;<\/p>\n<div class=\"auto-hide-last-sibling-br paragraph_1252f paragraph-element\">\u00dcr\u00fcnlerimiz grafiksel olarak s\u00fcslenmi\u015f etiketlerden Radyo Frekans\u0131 Tan\u0131mlama (RFID) ile donat\u0131lm\u0131\u015f \u00e7evreye duyarl\u0131 ambalajlara kadar uzan\u0131r. Bu teklifler, giyim \u00fcr\u00fcnlerinin t\u00fcketicilere \u00e7ekicili\u011fini art\u0131r\u0131r ve envanter ve depolama s\u00fcre\u00e7lerini optimize eder. Ayn\u0131 zamanda, \u00fcr\u00fcn g\u00fcvenli\u011fini destekler ve perakendecilerin m\u00fc\u015fterilerine daha fazla zaman ay\u0131rmas\u0131n\u0131 sa\u011flar.<\/div>\n<p>&nbsp;<\/p>\n<div class=\"auto-hide-last-sibling-br paragraph_1252f paragraph-element\">Bu \u015fekilde RFID Giyim Etiketleri \u00e7ift ama\u00e7l\u0131 bir ara\u00e7 g\u00f6revi g\u00f6rerek marka \u00e7ekicili\u011fini art\u0131r\u0131rken operasyonel verimlili\u011fi de garanti alt\u0131na al\u0131yor.<\/div>\n<\/div>\n<\/div>\n<div>\n<h2 class=\"AnswerParser_AnswerParserH2__SIHnF\">Perakende Sekt\u00f6r\u00fcnde ve \u00d6tesinde Uygulamalar<\/h2>\n<p><span class=\"AnswerParser_TextContainer__z_Iiv\" data-testid=\"youchat-text\">RFID y\u0131kama bak\u0131m etiketlerimizin \u00e7ok y\u00f6nl\u00fcl\u00fc\u011f\u00fc onlar\u0131 \u00e7ok \u00e7e\u015fitli uygulamalar i\u00e7in uygun hale getirir:<\/span><\/p>\n<ol class=\"AnswerParser_AnswerParserOrderedList__kl_2Y\">\n<li class=\"AnswerParser_ListItem__XqLOV\" translate=\"yes\"><strong>Perakende Ma\u011fazalar\u0131<\/strong>: Envanter y\u00f6netimini kolayla\u015ft\u0131r\u0131n ve \u00fcr\u00fcn g\u00f6r\u00fcn\u00fcrl\u00fc\u011f\u00fcn\u00fc art\u0131r\u0131n.<\/li>\n<li class=\"AnswerParser_ListItem__XqLOV\" translate=\"yes\"><strong>\u00c7ama\u015f\u0131rhane Hizmetleri<\/strong>:Tek tek giysilerin y\u0131kama d\u00f6ng\u00fclerini kolayl\u0131kla takip edin.<\/li>\n<li class=\"AnswerParser_ListItem__XqLOV\" translate=\"yes\"><strong>\u00dcniformalar ve \u0130\u015f K\u0131yafetleri<\/strong>: Benzer \u00fcr\u00fcnlerin b\u00fcy\u00fck miktarlar\u0131n\u0131 verimli bir \u015fekilde y\u00f6netin.<\/li>\n<li class=\"AnswerParser_ListItem__XqLOV\" translate=\"yes\"><strong>Misafirperverlik End\u00fcstrisi<\/strong>: Nevresimlerin, havlular\u0131n ve personel \u00fcniformalar\u0131n\u0131n takibini yap\u0131n.<\/li>\n<li class=\"AnswerParser_ListItem__XqLOV\" translate=\"yes\"><strong>T\u0131bbi \u00d6nl\u00fckler<\/strong>:Sa\u011fl\u0131k giysilerinin uygun \u015fekilde temizlenmesini ve da\u011f\u0131t\u0131lmas\u0131n\u0131 sa\u011flay\u0131n.<\/li>\n<li class=\"AnswerParser_ListItem__XqLOV\" translate=\"yes\"><strong>Kost\u00fcm Kiralama<\/strong>:Kiralama i\u015fletmeleri i\u00e7in \u00e7\u0131k\u0131\u015f ve iade s\u00fcrecini basitle\u015ftirin.<\/li>\n<\/ol>\n<\/div>\n<div class=\"auto-hide-last-sibling-br paragraph_1252f paragraph-element\">\n<div class=\"auto-hide-last-sibling-br paragraph_1252f paragraph-element\">\n<h2 class=\"AnswerParser_AnswerParserH2__SIHnF\">Tedarik Zinciri G\u00f6r\u00fcn\u00fcrl\u00fc\u011f\u00fcn\u00fcz\u00fc Art\u0131r\u0131n<\/h2>\n<p><span class=\"AnswerParser_TextContainer__z_Iiv\" data-testid=\"youchat-text\">Giysilerinize RFID y\u0131kama bak\u0131m etiketlerimizi dahil ederek tedarik zincirinize benzersiz bir g\u00f6r\u00fcn\u00fcrl\u00fck kazan\u0131rs\u0131n\u0131z. Giysilerinizi \u00fcretimden sat\u0131\u015fa ve hatta end\u00fcstriyel \u00e7ama\u015f\u0131rhanelerde birden fazla y\u0131kama d\u00f6ng\u00fcs\u00fc boyunca takip edin.<\/span><span class=\"AnswerParser_TextContainer__z_Iiv\" data-testid=\"youchat-text\">Bu geli\u015fmi\u015f g\u00f6r\u00fcn\u00fcrl\u00fck size \u015funlar\u0131 sa\u011flar:<\/span><\/p>\n<ul class=\"AnswerParser_AnswerParserUnorderedList__P_1FW\">\n<li class=\"AnswerParser_ListItem__XqLOV\" translate=\"yes\">B\u00fcz\u00fclmeyi ve kayb\u0131 azalt\u0131n<\/li>\n<li class=\"AnswerParser_ListItem__XqLOV\" translate=\"yes\">\u00dcr\u00fcn de\u011fi\u015ftirme verimlili\u011fini art\u0131r\u0131n<\/li>\n<li class=\"AnswerParser_ListItem__XqLOV\" translate=\"yes\">Stok seviyelerini optimize edin<\/li>\n<li class=\"AnswerParser_ListItem__XqLOV\" translate=\"yes\">Daha iyi \u00fcr\u00fcn bulunabilirli\u011fi ile m\u00fc\u015fteri memnuniyetini art\u0131r\u0131n<\/li>\n<\/ul>\n<h2 class=\"AnswerParser_AnswerParserH2__SIHnF\">Kolay Kurulum ve Kullan\u0131m<\/h2>\n<p><span class=\"AnswerParser_TextContainer__z_Iiv\" data-testid=\"youchat-text\">RFID y\u0131kama bak\u0131m etiketlerimiz giysilerinize kusursuz bir \u015fekilde entegre olacak \u015fekilde tasarlanm\u0131\u015ft\u0131r:<\/span><\/p>\n<ol class=\"AnswerParser_AnswerParserOrderedList__kl_2Y\">\n<li class=\"AnswerParser_ListItem__XqLOV\" translate=\"yes\"><strong>Diki\u015f Se\u00e7ene\u011fi<\/strong>: Dayan\u0131kl\u0131l\u0131k i\u00e7in geleneksel ba\u011flama y\u00f6ntemi.<\/li>\n<li class=\"AnswerParser_ListItem__XqLOV\" translate=\"yes\"><strong>\u00dct\u00fcyle Yap\u0131\u015ft\u0131rma Uygulamas\u0131<\/strong>: Is\u0131 transfer teknolojisi kullan\u0131larak h\u0131zl\u0131 ve kolay montaj.<\/li>\n<\/ol>\n<p><span class=\"AnswerParser_TextContainer__z_Iiv\" data-testid=\"youchat-text\">Her iki y\u00f6ntem de etiketin giysinin kullan\u0131m \u00f6mr\u00fc boyunca g\u00fcvenli bir \u015fekilde tutunmas\u0131n\u0131 sa\u011flar.<\/span><\/p>\n<div class=\"auto-hide-last-sibling-br paragraph_1252f paragraph-element\"><strong>\u0130\u015fte birinci s\u0131n\u0131f giyim markalar\u0131n\u0131n RFID UHF etiketlerini nas\u0131l ba\u015far\u0131yla uygulad\u0131\u011f\u0131na dair birka\u00e7 \u00f6rnek:<\/strong><\/div>\n<ol class=\"auto-hide-last-sibling-br\">\n<li>\n<div class=\"auto-hide-last-sibling-br paragraph_1252f paragraph-element\"><strong>Prada<\/strong>: Bu \u00fcnl\u00fc \u0130talyan l\u00fcks markas\u0131, 2001 y\u0131l\u0131nda RFID etiketlerini benimsedi ve stil, beden, renk ve fiyat gibi bilgilerin ayr\u0131nt\u0131l\u0131 olarak kaydedilmesini sa\u011flad\u0131. \u0130lgin\u00e7 bir \u015fekilde, Prada k\u0131yafetleri giyen t\u00fcketiciler ma\u011fazalar\u0131ndan ge\u00e7erken, ma\u011fazadaki modellerde buna kar\u015f\u0131l\u0131k gelen k\u0131yafetler sergileniyor ve bu da Milano&#039;daki y\u00fcksek moda podyumunu taklit ediyor. RFID teknolojisinin bu yenilik\u00e7i kullan\u0131m\u0131, Prada t\u00fcketicilerinin sat\u0131n alma sonras\u0131 memnuniyetini art\u0131r\u0131yor.<\/div>\n<\/li>\n<li>\n<div class=\"auto-hide-last-sibling-br paragraph_1252f paragraph-element\"><strong>H&amp;M<\/strong>: Bu uluslararas\u0131 marka, 2014 y\u0131l\u0131nda RFID teknolojisini kullanmaya ba\u015flad\u0131. Planlanan 1.800 ma\u011fazada, RFID teknolojisi \u00fcr\u00fcn kategorilerinin, miktarlar\u0131n\u0131n ve t\u00fcketiminin otomatik olarak izlenmesine olanak sa\u011fl\u0131yor.<\/div>\n<\/li>\n<li>\n<div class=\"auto-hide-last-sibling-br paragraph_1252f paragraph-element\"><strong>ZARA<\/strong>: 2016&#039;n\u0131n ilk yar\u0131s\u0131nda, ZARA&#039;n\u0131n ana \u015firketi Inditex, RFID teknolojisinin uygulanmas\u0131n\u0131n yakla\u015f\u0131k 70% markas\u0131 i\u00e7in envanter ve tedarik y\u00f6netimini iyile\u015ftirdi\u011fini belirtti. Bu uygulama, 11.1% sat\u0131\u015f art\u0131\u015f\u0131 ve 7.5% kar art\u0131\u015f\u0131yla 1,26 milyar avroya ula\u015ft\u0131.<\/div>\n<\/li>\n<li>\n<div class=\"auto-hide-last-sibling-br paragraph_1252f paragraph-element\"><strong>E\u015fsiz<\/strong>: Uniqlo, 2017 y\u0131l\u0131nda d\u00fcnya \u00e7ap\u0131nda 3.000 ma\u011fazada RFID UHF etiketleri da\u011f\u0131tma plan\u0131n\u0131 duyurarak, d\u00fcnya \u00e7ap\u0131nda elektronik etiket kullanan ilk Japon perakendecisi oldu.<\/div>\n<\/li>\n<\/ol>\n<div class=\"auto-hide-last-sibling-br paragraph_1252f paragraph-element\">Bunlar, en iyi giyim markalar\u0131n\u0131n RFID etiketlerini nas\u0131l kulland\u0131klar\u0131na dair sadece birka\u00e7 fikir. 2019 itibar\u0131yla, neredeyse her d\u00fcnya \u00e7ap\u0131ndaki marka giysilerine RFID etiketleri uygulad\u0131 ve bunun sonucunda 20 milyardan fazla etiketli giysi par\u00e7as\u0131 ortaya \u00e7\u0131kt\u0131; bu say\u0131 \u00f6nemli \u00f6l\u00e7\u00fcde artmaya devam ediyor. Bu teknolojiyi benimseyen di\u011fer \u00f6nemli markalar aras\u0131nda NIKE ve Walmart yer al\u0131yor.<\/div>\n<\/div>\n<\/div>\n<\/div>\n<h2 class=\"AnswerParser_AnswerParserH2__SIHnF\">\u00d6zelle\u015ftirilmi\u015f Bir \u00c7\u00f6z\u00fcm \u0130\u00e7in Bizimle \u0130leti\u015fime Ge\u00e7in<\/h2>\n<p><span class=\"AnswerParser_TextContainer__z_Iiv\" data-testid=\"youchat-text\">UHF RFID y\u0131kama bak\u0131m etiketlerimizle giysi y\u00f6netiminizde devrim yaratmaya haz\u0131r m\u0131s\u0131n\u0131z? \u0130htiya\u00e7lar\u0131n\u0131z i\u00e7in m\u00fckemmel \u00e7\u00f6z\u00fcm\u00fc bulman\u0131za yard\u0131mc\u0131 olmak i\u00e7in buraday\u0131z.<\/span><\/p>\n<ul class=\"AnswerParser_AnswerParserUnorderedList__P_1FW\">\n<li class=\"AnswerParser_ListItem__XqLOV\" translate=\"yes\"><strong>\u00dccretsiz \u00d6rnekler<\/strong>: Ortam\u0131n\u0131zda test etmek i\u00e7in \u00fccretsiz numune talep edin.<\/li>\n<li class=\"AnswerParser_ListItem__XqLOV\" translate=\"yes\"><strong>\u00d6zelle\u015ftirme<\/strong>: Size \u00f6zel bir \u00e7\u00f6z\u00fcm i\u00e7in \u00f6zel gereksinimlerinizi bize bildirin.<\/li>\n<li class=\"AnswerParser_ListItem__XqLOV\" translate=\"yes\"><strong>Uzman Dan\u0131\u015fmanl\u0131\u011f\u0131<\/strong>:RFID uzmanlar\u0131m\u0131zdan olu\u015fan ekibimiz sorular\u0131n\u0131z\u0131 cevaplamaya haz\u0131r.<\/li>\n<\/ul>\n<p><span class=\"AnswerParser_TextContainer__z_Iiv\" data-testid=\"youchat-text\">Verimsiz envanter y\u00f6netiminin i\u015finizi engellemesine izin vermeyin. Yenilik\u00e7i RFID y\u0131kama bak\u0131m etiketlerimizle giysi takibinin gelece\u011fini kucaklay\u0131n. Daha ak\u0131ll\u0131, daha verimli giysi y\u00f6netimine do\u011fru yolculu\u011funuza ba\u015flamak i\u00e7in bug\u00fcn sorgulama formumuzu doldurun.<\/span><span class=\"AnswerParser_TextContainer__z_Iiv\" data-testid=\"youchat-text\">\u0130lgili \u00dcr\u00fcnler:<\/span><\/p>\n<ul class=\"AnswerParser_AnswerParserUnorderedList__P_1FW\">\n<li class=\"AnswerParser_ListItem__XqLOV\" translate=\"yes\">Perakende i\u00e7in RFID Ask\u0131l\u0131 Etiketler<\/li>\n<li class=\"AnswerParser_ListItem__XqLOV\" translate=\"yes\">NFC Etkin Bak\u0131m Etiketleri<\/li>\n<li class=\"AnswerParser_ListItem__XqLOV\" translate=\"yes\">Bluetooth D\u00fc\u015f\u00fck Enerji (BLE) Varl\u0131k \u0130zleyicileri<\/li>\n<\/ul>\n<p><span class=\"AnswerParser_TextContainer__z_Iiv\" data-testid=\"youchat-text\">Giyim i\u015finizde RFID teknolojisinin g\u00fcc\u00fcn\u00fc deneyimleyin. Y\u0131kanabilir RFID etiketlerimizin operasyonlar\u0131n\u0131z\u0131 nas\u0131l d\u00f6n\u00fc\u015ft\u00fcrebilece\u011fini ve size moda ve tekstilin h\u0131zl\u0131 d\u00fcnyas\u0131nda rekabet avantaj\u0131 sa\u011flayabilece\u011fini \u00f6\u011frenmek i\u00e7in hemen bizimle ileti\u015fime ge\u00e7in.<\/span><\/p>\n<\/div>\n<div class=\"magic-6\">\n<div><\/div>\n<\/div>\n<\/div>\n<\/div>\n<\/div>\n<\/div>","protected":false},"excerpt":{"rendered":"<p>S\u00fcre\u00e7, RFID \u00c7iplerinin Giysilerde tek tek giysi par\u00e7alar\u0131na uygulanmas\u0131yla ba\u015flar. Bu etiketler tedarik zinciri boyunca \u00e7e\u015fitli noktalarda taranabilir ve ger\u00e7ek zamanl\u0131 envanter takibi, konum do\u011frulamas\u0131 ve bile\u015fenlerin ve bitmi\u015f \u00fcr\u00fcnlerin hareket takibini m\u00fcmk\u00fcn k\u0131lar. Bu sistem, envanteri ve \u00fcr\u00fcnleri y\u00f6netmek ve izlemek i\u00e7in kapsaml\u0131, anl\u0131k bir mekanizma sa\u011flar.<\/p>","protected":false},"featured_media":177,"template":"","meta":{"_kad_post_transparent":"default","_kad_post_title":"","_kad_post_layout":"default","_kad_post_sidebar_id":"","_kad_post_content_style":"default","_kad_post_vertical_padding":"default","_kad_post_feature":"","_kad_post_feature_position":"","_kad_post_header":false,"_kad_post_footer":false,"_kad_post_classname":""},"product_brand":[],"product_cat":[81,53],"product_tag":[87,93,83],"class_list":{"0":"post-193","1":"product","2":"type-product","3":"status-publish","4":"has-post-thumbnail","6":"product_cat-rfid-wash-care-clothing-label","7":"product_cat-rfid-clothes-tag","8":"product_tag-fabric-uhf-rfid-wash-care-tag","9":"product_tag-rfid-chips-in-clothing","10":"product_tag-rfid-wash-care-label","12":"first","13":"instock","14":"shipping-taxable","15":"product-type-simple","16":"entry","17":"content-bg","18":"loop-entry"},"_links":{"self":[{"href":"https:\/\/rfid-laundry-tag.com\/tr\/wp-json\/wp\/v2\/product\/193","targetHints":{"allow":["GET"]}}],"collection":[{"href":"https:\/\/rfid-laundry-tag.com\/tr\/wp-json\/wp\/v2\/product"}],"about":[{"href":"https:\/\/rfid-laundry-tag.com\/tr\/wp-json\/wp\/v2\/types\/product"}],"version-history":[{"count":2,"href":"https:\/\/rfid-laundry-tag.com\/tr\/wp-json\/wp\/v2\/product\/193\/revisions"}],"predecessor-version":[{"id":2652,"href":"https:\/\/rfid-laundry-tag.com\/tr\/wp-json\/wp\/v2\/product\/193\/revisions\/2652"}],"wp:featuredmedia":[{"embeddable":true,"href":"https:\/\/rfid-laundry-tag.com\/tr\/wp-json\/wp\/v2\/media\/177"}],"wp:attachment":[{"href":"https:\/\/rfid-laundry-tag.com\/tr\/wp-json\/wp\/v2\/media?parent=193"}],"wp:term":[{"taxonomy":"product_brand","embeddable":true,"href":"https:\/\/rfid-laundry-tag.com\/tr\/wp-json\/wp\/v2\/product_brand?post=193"},{"taxonomy":"product_cat","embeddable":true,"href":"https:\/\/rfid-laundry-tag.com\/tr\/wp-json\/wp\/v2\/product_cat?post=193"},{"taxonomy":"product_tag","embeddable":true,"href":"https:\/\/rfid-laundry-tag.com\/tr\/wp-json\/wp\/v2\/product_tag?post=193"}],"curies":[{"name":"wp","href":"https:\/\/api.w.org\/{rel}","templated":true}]}}