{"id":190,"date":"2024-06-16T05:17:47","date_gmt":"2024-06-16T05:17:47","guid":{"rendered":"https:\/\/rfid-laundry-tag.com\/?post_type=product&#038;p=190"},"modified":"2024-07-06T08:07:23","modified_gmt":"2024-07-06T08:07:23","slug":"paper-rfid-clothes-tag","status":"publish","type":"product","link":"https:\/\/rfid-laundry-tag.com\/tr\/paper-rfid-clothes-tag\/","title":{"rendered":"Ka\u011f\u0131t RFID Giysi Etiketi"},"content":{"rendered":"<table class=\"has-title all magic-1\">\n<tbody>\n<tr>\n<td colspan=\"1\" rowspan=\"1\">\n<div class=\"magic-2\" data-spm-anchor-id=\"a2700.details.0.i84.7cea6afbA2IkLB\">\u00d6\u011fe ad\u0131<\/div>\n<\/td>\n<td colspan=\"1\" rowspan=\"1\">\n<div class=\"magic-3\">Ka\u011f\u0131t RFID Giysi Etiketi<\/div>\n<\/td>\n<\/tr>\n<tr>\n<td colspan=\"1\" rowspan=\"1\">\n<div class=\"magic-2\">Boyut<\/div>\n<\/td>\n<td colspan=\"1\" rowspan=\"1\">\n<div class=\"magic-3\">90x40mm veya \u00f6zelle\u015ftirilmi\u015f<\/div>\n<\/td>\n<\/tr>\n<tr>\n<td colspan=\"1\" rowspan=\"1\">\n<div class=\"magic-2\">S\u0131kl\u0131k<\/div>\n<\/td>\n<td colspan=\"1\" rowspan=\"1\">\n<div class=\"magic-3\">860-960mhz<\/div>\n<\/td>\n<\/tr>\n<tr>\n<td colspan=\"1\" rowspan=\"1\">\n<div class=\"magic-2\">IC Tipi (\u00e7ip)<\/div>\n<\/td>\n<td colspan=\"1\" rowspan=\"1\">\n<div class=\"magic-3\">NXP Ucode 8 veya 9<\/div>\n<\/td>\n<\/tr>\n<tr>\n<td colspan=\"1\" rowspan=\"1\">\n<div class=\"magic-2\">Protokol<\/div>\n<\/td>\n<td colspan=\"1\" rowspan=\"1\">\n<div class=\"magic-3\">ISO18000 6C<\/div>\n<\/td>\n<\/tr>\n<tr>\n<td colspan=\"1\" rowspan=\"1\">\n<div class=\"magic-4\">Haf\u0131za<\/div>\n<\/td>\n<td colspan=\"1\" rowspan=\"1\">\n<div class=\"magic-3\">EPC 96 bit<\/div>\n<\/td>\n<\/tr>\n<tr>\n<td colspan=\"1\" rowspan=\"1\">\n<div class=\"magic-2\">Malzeme<\/div>\n<\/td>\n<td colspan=\"1\" rowspan=\"1\">\n<div class=\"magic-3\">Ka\u011f\u0131t.PET,VB.<\/div>\n<\/td>\n<\/tr>\n<tr>\n<td colspan=\"1\" rowspan=\"1\">\n<div class=\"magic-2\">Bask\u0131<\/div>\n<\/td>\n<td colspan=\"1\" rowspan=\"1\">\n<div class=\"magic-3\" data-spm-anchor-id=\"a2700.details.0.i85.7cea6afbA2IkLB\">Logo, qr kod, barkod, seri numaras\u0131<\/div>\n<\/td>\n<\/tr>\n<tr>\n<td colspan=\"1\" rowspan=\"1\">\n<div class=\"magic-2\">\u00c7al\u0131\u015fma S\u0131cakl\u0131\u011f\u0131<\/div>\n<\/td>\n<td colspan=\"1\" rowspan=\"1\">\n<div class=\"magic-3\">-30 \u00b0C \u2013 +80 \u00b0C<\/div>\n<\/td>\n<\/tr>\n<tr>\n<td colspan=\"1\" rowspan=\"1\">\n<div class=\"magic-2\">Okuma Mesafesi<\/div>\n<\/td>\n<td colspan=\"1\" rowspan=\"1\">\n<div class=\"magic-3\">15m&#039;ye kadar<\/div>\n<\/td>\n<\/tr>\n<tr>\n<td colspan=\"1\" rowspan=\"1\">\n<div class=\"magic-5\">Ekler<\/div>\n<\/td>\n<td colspan=\"1\" rowspan=\"1\">\n<div class=\"magic-3\">Ketenler ve giysiler<\/div>\n<\/td>\n<\/tr>\n<tr>\n<td colspan=\"1\" rowspan=\"1\">\n<div class=\"magic-4\">IP Derecelendirmesi<\/div>\n<\/td>\n<td colspan=\"1\" rowspan=\"1\">\n<div class=\"magic-3\">IP67<\/div>\n<\/td>\n<\/tr>\n<tr>\n<td colspan=\"1\" rowspan=\"1\">\n<div class=\"magic-4\">Renk<\/div>\n<\/td>\n<td colspan=\"1\" rowspan=\"1\">\n<div class=\"magic-3\">Beyaz<\/div>\n<\/td>\n<\/tr>\n<\/tbody>\n<\/table>\n<div><\/div>\n<div>Merkezi bir UHF RFID \u00e7ipi ile ka\u011f\u0131ttan \u00fcretilen bu etiketler uzaktan taramay\u0131 kolayla\u015ft\u0131r\u0131r. \u015eu anda \u00e7e\u015fitli tasar\u0131mlarda ve boyutlarda mevcut olan RFID etiketlerimiz ayr\u0131ca ki\u015fiselle\u015ftirilmi\u015f sanat eserleriyle s\u00fcslenebilir. Bu \u00f6zellik, etiketlerin temel ama\u00e7lar\u0131ndan \u00f6d\u00fcn vermeden marka ara\u00e7lar\u0131 olarak hizmet etmesini sa\u011flar.<\/div>\n<div><\/div>\n<div class=\"auto-hide-last-sibling-br paragraph_1252f paragraph-element\">RFID giyim etiketleri, envanter y\u00f6netiminden h\u0131rs\u0131zl\u0131k \u00f6nlemeye ve tedarik zinciri optimizasyonuna kadar \u00e7ok say\u0131da i\u015flevi yerine getirerek perakende sekt\u00f6r\u00fcnde hayati bir rol oynar.<\/div>\n<p>&nbsp;<\/p>\n<div class=\"auto-hide-last-sibling-br paragraph_1252f paragraph-element\">Perakendeciler envanterlerini daha etkili bir \u015fekilde y\u00f6netmek i\u00e7in her bir giyim \u00fcr\u00fcn\u00fcne bir RFID etiketi takarlar. Bu etiketler RFID okuyucularla h\u0131zl\u0131 ve do\u011fru bir \u015fekilde taranabilir ve envanter say\u0131mlar\u0131n\u0131n h\u0131z\u0131n\u0131 ve verimlili\u011fini \u00f6nemli \u00f6l\u00e7\u00fcde art\u0131rabilir.<\/div>\n<p>&nbsp;<\/p>\n<div class=\"auto-hide-last-sibling-br paragraph_1252f paragraph-element\">RFID giyim etiketlerinin kullan\u0131m\u0131n\u0131n baz\u0131 \u00f6nemli avantajlar\u0131 \u015funlard\u0131r:<\/div>\n<div class=\"auto-hide-last-sibling-br paragraph_1252f paragraph-element\">Kay\u0131p \u00d6nleme: Bu etiketler sa\u011flam bir h\u0131rs\u0131zl\u0131k \u00f6nleme \u00f6nlemi sa\u011flar. Etiketli bir \u00fcr\u00fcn devre d\u0131\u015f\u0131 b\u0131rak\u0131lmadan bir \u00e7\u0131k\u0131\u015ftan ge\u00e7erse, ma\u011faza personelini olas\u0131 bir h\u0131rs\u0131zl\u0131k olay\u0131ndan haberdar eden bir alarm tetiklenir.<\/div>\n<p>&nbsp;<\/p>\n<div class=\"auto-hide-last-sibling-br paragraph_1252f paragraph-element\">Tedarik Zinciri Optimizasyonu: RFID etiketleri kullan\u0131larak tedarik zinciri boyunca giyim \u00fcr\u00fcnlerinin daha iyi g\u00f6r\u00fcn\u00fcrl\u00fc\u011f\u00fc ve takibi sa\u011flan\u0131r. Bu ger\u00e7ek zamanl\u0131 izleme, \u00fcreticilerin, da\u011f\u0131t\u0131mc\u0131lar\u0131n ve perakendecilerin lojistik ve envanter kontrol\u00fcn\u00fc iyile\u015ftirmesine olanak tan\u0131r.<\/div>\n<div class=\"auto-hide-last-sibling-br paragraph_1252f paragraph-element\">Etiket Yerle\u015fimi: RFID etiketlerinin en b\u00fcy\u00fck art\u0131s\u0131 \u00e7ok y\u00f6nl\u00fcl\u00fckt\u00fcr. Giysiye dikilebilir, bir etikete veya ask\u0131l\u0131 etikete yerle\u015ftirilebilir veya \u00f6zel g\u00fcvenlik etiketlerine dahil edilebilir.<\/div>\n<div class=\"auto-hide-last-sibling-br paragraph_1252f paragraph-element\">Etiket \u00c7e\u015fitleri: RFID etiketleri, pasif ve aktif etiketler dahil olmak \u00fczere farkl\u0131 \u00e7e\u015fitlerde gelir. Pasif etiketler, verileri iletmek i\u00e7in RFID okuyucusundan gelen enerjiye ba\u011fl\u0131d\u0131r. Buna kar\u015f\u0131l\u0131k, aktif etiketler kendi g\u00fc\u00e7 kaynaklar\u0131na sahiptir ve bu da daha uzun mesafelerde veri iletmelerine olanak tan\u0131r.<\/div>\n<div class=\"auto-hide-last-sibling-br paragraph_1252f paragraph-element\">Veri G\u00fcvenli\u011fi: M\u00fc\u015fteri gizlili\u011fi RFID sistemlerinde bir \u00f6nceliktir. Hassas bilgilere yetkisiz eri\u015fimi \u00f6nlemek i\u00e7in \u015fifreleme ve kimlik do\u011frulama protokolleri yayg\u0131n olarak kullan\u0131l\u0131r.<\/div>\n<div><\/div>\n<div>\n<div class=\"auto-hide-last-sibling-br paragraph_1252f paragraph-element\">UHF RFID Ka\u011f\u0131t Ask\u0131l\u0131 Etiketler, Giyim Perakende Y\u00f6netimi, Giyim Envanter Y\u00f6netimi ve Giyim Tedarik Zinciri Y\u00f6netimi gibi sekt\u00f6rlerdeki operasyonlarda devrim yaratma konusunda heyecan verici bir potansiyele sahiptir.<\/div>\n<p>&nbsp;<\/p>\n<div class=\"auto-hide-last-sibling-br paragraph_1252f paragraph-element\">Bu etiketlerin uygulanmas\u0131 verimlilikte bir patlamaya yol a\u00e7ar - art\u0131k envanter say\u0131mlar\u0131 veya g\u00f6nderileri takip etmek i\u00e7in manuel saatler ay\u0131rman\u0131za gerek kalmaz. RFID teknolojisi bunu sizin i\u00e7in do\u011fru ve h\u0131zl\u0131 bir \u015fekilde yapar ve ekibinizin di\u011fer hayati g\u00f6revlere odaklanmas\u0131n\u0131 sa\u011flar.<\/div>\n<p>&nbsp;<\/p>\n<div class=\"auto-hide-last-sibling-br paragraph_1252f paragraph-element\">Geli\u015fmi\u015f do\u011fruluk, RFID etiketlerimizin bir di\u011fer \u00f6nemli avantaj\u0131d\u0131r. Manuel izleme ve veri giri\u015findeki insan hatas\u0131 riski, bu otomatik etiketlerle etkili bir \u015fekilde azalt\u0131l\u0131r. Veri toplamadaki bu artan do\u011fruluk, daha kesin i\u00e7g\u00f6r\u00fclere yol a\u00e7arak i\u015f operasyonlar\u0131n\u0131zda etkili karar almaya yard\u0131mc\u0131 olur.<\/div>\n<p>&nbsp;<\/p>\n<div class=\"auto-hide-last-sibling-br paragraph_1252f paragraph-element\">Daha y\u00fcksek verimlilik ve do\u011fruluk birlikte operasyonlar\u0131n\u0131z\u0131 kolayla\u015ft\u0131r\u0131r ve artan karl\u0131l\u0131\u011fa yol a\u00e7ar. UHF RFID Ka\u011f\u0131t Ask\u0131l\u0131 Etiketlerimize yat\u0131r\u0131m yaparak, yaln\u0131zca mevcut operasyonel verimlili\u011finizi iyile\u015ftirmekle kalmaz, ayn\u0131 zamanda uzun vadede i\u015fletmeniz i\u00e7in s\u00fcrd\u00fcr\u00fclebilir, karl\u0131 bir b\u00fcy\u00fcme sa\u011flars\u0131n\u0131z.<\/div>\n<\/div>\n<p>&nbsp;<\/p>\n<p>&nbsp;<\/p>","protected":false},"excerpt":{"rendered":"<div class=\"auto-hide-last-sibling-br paragraph_1252f paragraph-element\">\n<div class=\"auto-hide-last-sibling-br paragraph_1252f paragraph-element\">\u00a0RFID Ka\u011f\u0131t Giyim Etiketleri, giyim sekt\u00f6r\u00fcnde envanteri izlemek ve kontrol etmek i\u00e7in dinamik bir \u00e7\u00f6z\u00fcm sunar. \u00d6ncelikle perakende ma\u011fazalar\u0131nda ve giyim fabrikalar\u0131nda kullan\u0131lan bu etiketler, giyim \u00fcr\u00fcnlerinin etkili bir \u015fekilde izlenmesini sa\u011flar.<\/div>\n<p>&nbsp;<\/p>\n<div class=\"auto-hide-last-sibling-br paragraph_1252f paragraph-element\"><\/div>\n<\/div>","protected":false},"featured_media":191,"template":"","meta":{"_kad_post_transparent":"default","_kad_post_title":"","_kad_post_layout":"default","_kad_post_sidebar_id":"","_kad_post_content_style":"default","_kad_post_vertical_padding":"default","_kad_post_feature":"","_kad_post_feature_position":"","_kad_post_header":false,"_kad_post_footer":false,"_kad_post_classname":""},"product_brand":[],"product_cat":[53],"product_tag":[92,89,91],"class_list":{"0":"post-190","1":"product","2":"type-product","3":"status-publish","4":"has-post-thumbnail","6":"product_cat-rfid-clothes-tag","7":"product_tag-paper-rfid-clothes-tag","8":"product_tag-rfid-clothing-tags","9":"product_tag-uhf-rfid-paper-hang-tags","11":"first","12":"instock","13":"shipping-taxable","14":"product-type-simple","15":"entry","16":"content-bg","17":"loop-entry"},"_links":{"self":[{"href":"https:\/\/rfid-laundry-tag.com\/tr\/wp-json\/wp\/v2\/product\/190","targetHints":{"allow":["GET"]}}],"collection":[{"href":"https:\/\/rfid-laundry-tag.com\/tr\/wp-json\/wp\/v2\/product"}],"about":[{"href":"https:\/\/rfid-laundry-tag.com\/tr\/wp-json\/wp\/v2\/types\/product"}],"version-history":[{"count":0,"href":"https:\/\/rfid-laundry-tag.com\/tr\/wp-json\/wp\/v2\/product\/190\/revisions"}],"wp:featuredmedia":[{"embeddable":true,"href":"https:\/\/rfid-laundry-tag.com\/tr\/wp-json\/wp\/v2\/media\/191"}],"wp:attachment":[{"href":"https:\/\/rfid-laundry-tag.com\/tr\/wp-json\/wp\/v2\/media?parent=190"}],"wp:term":[{"taxonomy":"product_brand","embeddable":true,"href":"https:\/\/rfid-laundry-tag.com\/tr\/wp-json\/wp\/v2\/product_brand?post=190"},{"taxonomy":"product_cat","embeddable":true,"href":"https:\/\/rfid-laundry-tag.com\/tr\/wp-json\/wp\/v2\/product_cat?post=190"},{"taxonomy":"product_tag","embeddable":true,"href":"https:\/\/rfid-laundry-tag.com\/tr\/wp-json\/wp\/v2\/product_tag?post=190"}],"curies":[{"name":"wp","href":"https:\/\/api.w.org\/{rel}","templated":true}]}}