{"id":185,"date":"2024-06-15T17:36:34","date_gmt":"2024-06-15T17:36:34","guid":{"rendered":"https:\/\/rfid-laundry-tag.com\/?post_type=product&#038;p=185"},"modified":"2024-06-15T17:36:34","modified_gmt":"2024-06-15T17:36:34","slug":"uhf-paper-rfid-clothing-label-tags","status":"publish","type":"product","link":"https:\/\/rfid-laundry-tag.com\/tr\/uhf-paper-rfid-clothing-label-tags\/","title":{"rendered":"UHF Ka\u011f\u0131t RFID Giyim Etiket Etiketleri"},"content":{"rendered":"<table class=\"has-title all magic-1\">\n<tbody>\n<tr>\n<td colspan=\"1\" rowspan=\"1\">\n<div class=\"magic-2\" data-spm-anchor-id=\"a2700.details.0.i84.7cea6afbA2IkLB\">\u00d6\u011fe ad\u0131<\/div>\n<\/td>\n<td colspan=\"1\" rowspan=\"1\">\n<div class=\"magic-3\">UHF Ka\u011f\u0131t RFID Giyim Etiket Etiketleri<\/div>\n<\/td>\n<\/tr>\n<tr>\n<td colspan=\"1\" rowspan=\"1\">\n<div class=\"magic-2\">Boyut<\/div>\n<\/td>\n<td colspan=\"1\" rowspan=\"1\">\n<div class=\"magic-3\">90x40mm veya \u00f6zelle\u015ftirilmi\u015f<\/div>\n<\/td>\n<\/tr>\n<tr>\n<td colspan=\"1\" rowspan=\"1\">\n<div class=\"magic-2\">S\u0131kl\u0131k<\/div>\n<\/td>\n<td colspan=\"1\" rowspan=\"1\">\n<div class=\"magic-3\">860-960mhz<\/div>\n<\/td>\n<\/tr>\n<tr>\n<td colspan=\"1\" rowspan=\"1\">\n<div class=\"magic-2\">IC Tipi (\u00e7ip)<\/div>\n<\/td>\n<td colspan=\"1\" rowspan=\"1\">\n<div class=\"magic-3\">NXP Ucode 8 veya 9<\/div>\n<\/td>\n<\/tr>\n<tr>\n<td colspan=\"1\" rowspan=\"1\">\n<div class=\"magic-2\">Protokol<\/div>\n<\/td>\n<td colspan=\"1\" rowspan=\"1\">\n<div class=\"magic-3\">ISO18000 6C<\/div>\n<\/td>\n<\/tr>\n<tr>\n<td colspan=\"1\" rowspan=\"1\">\n<div class=\"magic-4\">Haf\u0131za<\/div>\n<\/td>\n<td colspan=\"1\" rowspan=\"1\">\n<div class=\"magic-3\">EPC 96 bit<\/div>\n<\/td>\n<\/tr>\n<tr>\n<td colspan=\"1\" rowspan=\"1\">\n<div class=\"magic-2\">Malzeme<\/div>\n<\/td>\n<td colspan=\"1\" rowspan=\"1\">\n<div class=\"magic-3\">Ka\u011f\u0131t.PET,VB.<\/div>\n<\/td>\n<\/tr>\n<tr>\n<td colspan=\"1\" rowspan=\"1\">\n<div class=\"magic-2\">Bask\u0131<\/div>\n<\/td>\n<td colspan=\"1\" rowspan=\"1\">\n<div class=\"magic-3\" data-spm-anchor-id=\"a2700.details.0.i85.7cea6afbA2IkLB\">Logo, qr kod, barkod, seri numaras\u0131<\/div>\n<\/td>\n<\/tr>\n<tr>\n<td colspan=\"1\" rowspan=\"1\">\n<div class=\"magic-2\">\u00c7al\u0131\u015fma S\u0131cakl\u0131\u011f\u0131<\/div>\n<\/td>\n<td colspan=\"1\" rowspan=\"1\">\n<div class=\"magic-3\">-30 \u00b0C \u2013 +80 \u00b0C<\/div>\n<\/td>\n<\/tr>\n<tr>\n<td colspan=\"1\" rowspan=\"1\">\n<div class=\"magic-2\">Okuma Mesafesi<\/div>\n<\/td>\n<td colspan=\"1\" rowspan=\"1\">\n<div class=\"magic-3\">15m&#039;ye kadar<\/div>\n<\/td>\n<\/tr>\n<tr>\n<td colspan=\"1\" rowspan=\"1\">\n<div class=\"magic-5\">Ekler<\/div>\n<\/td>\n<td colspan=\"1\" rowspan=\"1\">\n<div class=\"magic-3\">Ketenler ve giysiler<\/div>\n<\/td>\n<\/tr>\n<tr>\n<td colspan=\"1\" rowspan=\"1\">\n<div class=\"magic-4\">IP Derecelendirmesi<\/div>\n<\/td>\n<td colspan=\"1\" rowspan=\"1\">\n<div class=\"magic-3\">IP67<\/div>\n<\/td>\n<\/tr>\n<tr>\n<td colspan=\"1\" rowspan=\"1\">\n<div class=\"magic-4\">Renk<\/div>\n<\/td>\n<td colspan=\"1\" rowspan=\"1\">\n<div class=\"magic-3\">Beyaz<\/div>\n<\/td>\n<\/tr>\n<\/tbody>\n<\/table>\n<p>&nbsp;<\/p>\n<p><strong>UHF RFID Giyim Ask\u0131 Etiketleri<\/strong> g\u00fcvenli bir \u00fcr\u00fcn tan\u0131mlama y\u00f6ntemi olarak hizmet eder. Sahtecili\u011fi \u00f6nlemek ve k\u0131s\u0131tl\u0131 alanlara eri\u015fimi kontrol etmek i\u00e7in konu\u015fland\u0131r\u0131labilirler, bu da i\u015f operasyonlar\u0131n\u0131zda hem g\u00fcvenli\u011fi hem de do\u011frulu\u011fu art\u0131r\u0131r. Envanter y\u00f6netiminizi kolayla\u015ft\u0131rmak ve perakende g\u00fcvenli\u011finizi art\u0131rmak i\u00e7in UHF RFID Giyim Ask\u0131 Etiketlerimizi se\u00e7in.<\/p>\n<p>Varl\u0131k Takibi, Giyim Envanter Y\u00f6netimi, Giyim Tedarik Zinciri ve Giyim Perakende Y\u00f6netimi gibi \u00e7e\u015fitli uygulamalara sahip olan UHF RFID Ka\u011f\u0131t Ask\u0131l\u0131 Etiketlerimiz, takip ve izleme yeteneklerinizi \u00f6nemli \u00f6l\u00e7\u00fcde art\u0131rabilir ve sonu\u00e7 olarak i\u015f operasyonlar\u0131n\u0131z\u0131 optimize edebilir.<\/p>","protected":false},"excerpt":{"rendered":"<p>UHF Ka\u011f\u0131t RFID Giyim Etiket Etiketleri, giyim ve giysileri takip etmek i\u00e7in \u00f6zel olarak tasarlanm\u0131\u015f k\u00fc\u00e7\u00fck etiketlerdir. Ultra y\u00fcksek frekansl\u0131 (UHF) RFID teknolojisini i\u00e7erir ve optimum takip performans\u0131 sa\u011flar. UHF RFID Giyim Ask\u0131 Etiketleri, moda perakende sekt\u00f6r\u00fc i\u00e7in \u00f6zel olarak form\u00fcle edilmi\u015ftir. G\u00f6m\u00fcl\u00fc RFID (Radyo Frekans\u0131 Tan\u0131mlama) \u00e7iplerine sahip olan bu RFID ka\u011f\u0131t ask\u0131 etiketleri, giyim \u00fcr\u00fcnlerine tak\u0131l\u0131r ve bir UHF RFID okuyucu taraf\u0131ndan taranmalar\u0131na olanak tan\u0131r.<\/p>\n<div class=\"auto-hide-last-sibling-br paragraph_1252f paragraph-element\">Bu etiketler, perakende ma\u011fazalar\u0131, depolar ve da\u011f\u0131t\u0131m merkezleri genelinde envanteri takip etme ve y\u00f6netmede \u00f6nemli bir rol oynar. Ger\u00e7ek zamanl\u0131 envanter takibi sa\u011flayarak perakende i\u015fletmelerinin envanter seviyelerini do\u011fru bir \u015fekilde denetlemesini, stokta olmayan durumlar\u0131 en aza indirmesini ve sonu\u00e7 olarak sat\u0131\u015flar\u0131 art\u0131rmas\u0131n\u0131 sa\u011flar.<\/div>","protected":false},"featured_media":186,"template":"","meta":{"_kad_post_transparent":"default","_kad_post_title":"","_kad_post_layout":"default","_kad_post_sidebar_id":"","_kad_post_content_style":"default","_kad_post_vertical_padding":"default","_kad_post_feature":"","_kad_post_feature_position":"","_kad_post_header":false,"_kad_post_footer":false,"_kad_post_classname":""},"product_brand":[],"product_cat":[53],"product_tag":[89,90,88],"class_list":{"0":"post-185","1":"product","2":"type-product","3":"status-publish","4":"has-post-thumbnail","6":"product_cat-rfid-clothes-tag","7":"product_tag-rfid-clothing-tags","8":"product_tag-rfid-paper-hang-tags","9":"product_tag-uhf-paper-rfid-clothing-label-tags","11":"first","12":"instock","13":"shipping-taxable","14":"product-type-simple","15":"entry","16":"content-bg","17":"loop-entry"},"_links":{"self":[{"href":"https:\/\/rfid-laundry-tag.com\/tr\/wp-json\/wp\/v2\/product\/185","targetHints":{"allow":["GET"]}}],"collection":[{"href":"https:\/\/rfid-laundry-tag.com\/tr\/wp-json\/wp\/v2\/product"}],"about":[{"href":"https:\/\/rfid-laundry-tag.com\/tr\/wp-json\/wp\/v2\/types\/product"}],"version-history":[{"count":0,"href":"https:\/\/rfid-laundry-tag.com\/tr\/wp-json\/wp\/v2\/product\/185\/revisions"}],"wp:featuredmedia":[{"embeddable":true,"href":"https:\/\/rfid-laundry-tag.com\/tr\/wp-json\/wp\/v2\/media\/186"}],"wp:attachment":[{"href":"https:\/\/rfid-laundry-tag.com\/tr\/wp-json\/wp\/v2\/media?parent=185"}],"wp:term":[{"taxonomy":"product_brand","embeddable":true,"href":"https:\/\/rfid-laundry-tag.com\/tr\/wp-json\/wp\/v2\/product_brand?post=185"},{"taxonomy":"product_cat","embeddable":true,"href":"https:\/\/rfid-laundry-tag.com\/tr\/wp-json\/wp\/v2\/product_cat?post=185"},{"taxonomy":"product_tag","embeddable":true,"href":"https:\/\/rfid-laundry-tag.com\/tr\/wp-json\/wp\/v2\/product_tag?post=185"}],"curies":[{"name":"wp","href":"https:\/\/api.w.org\/{rel}","templated":true}]}}