{"id":183,"date":"2024-06-15T17:11:39","date_gmt":"2024-06-15T17:11:39","guid":{"rendered":"https:\/\/rfid-laundry-tag.com\/?post_type=product&#038;p=183"},"modified":"2024-06-15T17:22:58","modified_gmt":"2024-06-15T17:22:58","slug":"fabric-uhf-rfid-wash-care-tag","status":"publish","type":"product","link":"https:\/\/rfid-laundry-tag.com\/tr\/fabric-uhf-rfid-wash-care-tag\/","title":{"rendered":"Kuma\u015f UHF RFID Y\u0131kama Bak\u0131m etiketi"},"content":{"rendered":"<div class=\"J_module\">\n<div class=\"ife-detail-decorate-table\">\n<table class=\"hight-light-first-column all magic-14\">\n<tbody>\n<tr>\n<td colspan=\"1\" rowspan=\"1\">\n<div class=\"magic-15\" data-spm-anchor-id=\"a2700.details.0.i95.236a58c1ycsfva\">\u00dcretim ad\u0131:<\/div>\n<\/td>\n<td colspan=\"1\" rowspan=\"1\">\n<div class=\"magic-16\">Kuma\u015f UHF RFID Y\u0131kama Bak\u0131m etiketi<\/div>\n<\/td>\n<\/tr>\n<tr>\n<td colspan=\"1\" rowspan=\"1\">\n<div class=\"magic-15\"><span class=\"magic-17\">Malzeme:<\/span><\/div>\n<\/td>\n<td colspan=\"1\" rowspan=\"1\">\n<div class=\"magic-16\">Polyester\/Kompozisyon\/Saten\/Pamuk\/Dokumas\u0131z\/PET vb.<\/div>\n<\/td>\n<\/tr>\n<tr>\n<td colspan=\"1\" rowspan=\"1\">\n<div class=\"magic-15\"><span class=\"magic-17\">Boyut:<\/span><\/div>\n<\/td>\n<td colspan=\"1\" rowspan=\"1\">\n<div class=\"magic-16\"><span class=\"magic-17\">80*38mm\/60*30mm veya \u00f6zelle\u015ftirilmi\u015f<\/span><\/div>\n<\/td>\n<\/tr>\n<tr>\n<td colspan=\"1\" rowspan=\"1\">\n<div class=\"magic-15\"><span class=\"magic-17\">Tip:<\/span><\/div>\n<\/td>\n<td colspan=\"1\" rowspan=\"1\">\n<div class=\"magic-16\"><span class=\"magic-17\">Pasif, RFID<\/span><\/div>\n<\/td>\n<\/tr>\n<tr>\n<td colspan=\"1\" rowspan=\"1\">\n<div class=\"magic-15\">RF Protokol\u00fc:<\/div>\n<\/td>\n<td colspan=\"1\" rowspan=\"1\">\n<div class=\"magic-16\">ISO 18000-6C; EPC S\u0131n\u0131f 1 Gen 2<\/div>\n<\/td>\n<\/tr>\n<tr>\n<td colspan=\"1\" rowspan=\"1\">\n<div class=\"magic-15\"><span class=\"magic-17\">S\u0131kl\u0131k:<\/span><\/div>\n<\/td>\n<td colspan=\"1\" rowspan=\"1\">\n<div class=\"magic-16\"><span class=\"magic-17\">860~960MHz<\/span><\/div>\n<\/td>\n<\/tr>\n<tr>\n<td colspan=\"1\" rowspan=\"1\">\n<div class=\"magic-15\">\u00c7ip<\/div>\n<\/td>\n<td colspan=\"1\" rowspan=\"1\">\n<div class=\"magic-16\">Uzayl\u0131 Higgs, Monza 3, Monza 4D, Monza 4QT, Monza R6, Monza R6-P, Impinj M730, Impinj M750 vb.<\/div>\n<\/td>\n<\/tr>\n<tr>\n<td colspan=\"1\" rowspan=\"1\">\n<div class=\"magic-15\"><span class=\"magic-17\">Okuma Mesafesi:<\/span><\/div>\n<\/td>\n<td colspan=\"1\" rowspan=\"1\">\n<div class=\"magic-16\"><span class=\"magic-17\">UHF: 1~10m (okuyucuya ve antene ba\u011fl\u0131)<\/span><\/div>\n<\/td>\n<\/tr>\n<tr>\n<td colspan=\"1\" rowspan=\"1\">\n<div class=\"magic-15\"><span class=\"magic-17\">Sabit yol:<\/span><\/div>\n<\/td>\n<td colspan=\"1\" rowspan=\"1\">\n<div class=\"magic-16\"><span class=\"magic-17\">Dikmek \/ \u00fct\u00fclemek<\/span><\/div>\n<\/td>\n<\/tr>\n<tr>\n<td colspan=\"1\" rowspan=\"1\">\n<div class=\"magic-15\"><span class=\"magic-17\">Bask\u0131:<\/span><\/div>\n<\/td>\n<td colspan=\"1\" rowspan=\"1\">\n<div class=\"magic-16\"><span class=\"magic-17\">Bask\u0131, Kodlama, Seri Numaras\u0131, Tasar\u0131m vb.<\/span><\/div>\n<\/td>\n<\/tr>\n<tr>\n<td colspan=\"1\" rowspan=\"1\">\n<div class=\"magic-15\"><span class=\"magic-17\">IC \u00f6mr\u00fc:<\/span><\/div>\n<\/td>\n<td colspan=\"1\" rowspan=\"1\">\n<div class=\"magic-16\" data-spm-anchor-id=\"a2700.details.0.i94.236a58c1ycsfva\"><span class=\"magic-17\">100.000 Programlama d\u00f6ng\u00fcs\u00fc<br \/>\n10 y\u0131l veri saklama<\/span><\/div>\n<\/td>\n<\/tr>\n<tr>\n<td colspan=\"1\" rowspan=\"1\">\n<div class=\"magic-15\"><span class=\"magic-17\">\u00d6rnek Durumu:<\/span><\/div>\n<\/td>\n<td colspan=\"1\" rowspan=\"1\">\n<div class=\"magic-16\"><span class=\"magic-17\">Talep \u00fczerine \u00fccretsiz numuneler mevcuttur<\/span><\/div>\n<\/td>\n<\/tr>\n<tr>\n<td colspan=\"1\" rowspan=\"1\">\n<div class=\"magic-15\"><span class=\"magic-17\">Uygulamalar:\u00a0<\/span><\/div>\n<\/td>\n<td colspan=\"1\" rowspan=\"1\">\n<div class=\"magic-16\"><span class=\"magic-17\">\u00b7 Stok Y\u00f6netimi<br \/>\n\u00b7 Tedarik Zinciri<br \/>\n\u00b7 Perakende<\/span><\/div>\n<\/td>\n<\/tr>\n<tr>\n<td colspan=\"1\" rowspan=\"1\">\n<div class=\"magic-15\"><span class=\"magic-17\">Kullanmak<\/span><\/div>\n<\/td>\n<td colspan=\"1\" rowspan=\"1\">\n<div class=\"magic-16\"><span class=\"magic-17\">Giyim, Giyim E\u015fyalar\u0131, \u00c7anta, Ayakkab\u0131 vb.<\/span><\/div>\n<\/td>\n<\/tr>\n<\/tbody>\n<\/table>\n<\/div>\n<\/div>\n<div class=\"J_module\">\n<div class=\"detail-decorate-json-renderer-container\">\n<div class=\"magic-1\">\n<div class=\"magic-5\">\n<div class=\"magic-6\">\n<div><\/div>\n<\/div>\n<div>\n<div class=\"auto-hide-last-sibling-br paragraph_1252f paragraph-element\">\n<div class=\"auto-hide-last-sibling-br paragraph_1252f paragraph-element\">\n<div class=\"auto-hide-last-sibling-br paragraph_1252f paragraph-element\">\n<div class=\"auto-hide-last-sibling-br paragraph_1252f paragraph-element\">Bizim<strong> Kuma\u015f UHF RFID Y\u0131kama Bak\u0131m etiketi<\/strong> geleneksel giysi bak\u0131m etiketlerini son teknoloji RFID teknolojisiyle birle\u015ftiren devrim niteli\u011finde bir \u00e7\u00f6z\u00fcmd\u00fcr. ISO18000-6C EPC S\u0131n\u0131f 1 Gen2 standartlar\u0131na uyacak \u015fekilde tasarlanan bu etiketler, pasif bir UHF 860-960 MHz RFID ek par\u00e7as\u0131n\u0131 kaps\u00fcller.<\/div>\n<p><br class=\"container_e695a wrapper_ad07b undefined\" \/><\/p>\n<div class=\"auto-hide-last-sibling-br paragraph_1252f paragraph-element\"><strong>\u00d6nemli Noktalar:<\/strong><\/div>\n<p><br class=\"container_e695a wrapper_ad07b undefined\" \/><\/p>\n<ol class=\"auto-hide-last-sibling-br\">\n<li>Malzeme \u00c7e\u015fitlili\u011fi: Bu etiketler dokuma kuma\u015flardan kurdelelere kadar bir\u00e7ok malzemeden yap\u0131labilir, bu da tasar\u0131m ve kullan\u0131mda esneklik sunar.<\/li>\n<li>Dayan\u0131kl\u0131l\u0131k: Bu etiketlerin temel bir \u00f6zelli\u011fi esneklikleridir. \u00dct\u00fclemeye ve y\u0131kamaya kar\u015f\u0131 diren\u00e7lidirler, tekrarlanan y\u0131kama d\u00f6ng\u00fclerinden sonra bile s\u00fcrekli performans ve okunabilirlik sa\u011flarlar.<\/li>\n<li>Y\u00fczey Bask\u0131s\u0131: Bu etiketlerin y\u00fczeyine bask\u0131 yaparak bak\u0131m talimatlar\u0131, boyut, kuma\u015f i\u00e7eri\u011fi, marka ad\u0131 ve daha fazlas\u0131 gibi geleneksel bilgilerin g\u00f6r\u00fcnt\u00fclenmesini sa\u011flayabiliriz.<\/li>\n<li>Boyut ve Paketleme \u00c7ok Y\u00f6nl\u00fcl\u00fc\u011f\u00fc: RFID bak\u0131m etiketlerimiz farkl\u0131 giyim stillerine ve kullan\u0131m taleplerine uyacak \u015fekilde \u00e7ok \u00e7e\u015fitli boyutlarda mevcuttur. Ayr\u0131ca \u00e7ok \u00e7e\u015fitli uygulamalar i\u00e7in esnek paketleme se\u00e7enekleri sunarlar.<\/li>\n<li>Giysilere Dikim: Bu RFID etiketleri giysilere dikildi\u011finde, geleneksel y\u0131kama etiketlerinin yerini etkili bir \u015fekilde al\u0131rlar. Giysinin \u00f6mr\u00fc boyunca giysiye ba\u011fl\u0131 kal\u0131rlar ve bu da verimli uzun vadeli izleme ve y\u00f6netim sa\u011flar.<\/li>\n<\/ol>\n<p><br class=\"container_e695a wrapper_ad07b undefined\" \/><\/p>\n<div class=\"auto-hide-last-sibling-br paragraph_1252f paragraph-element\"><strong>Avantajlar\u0131:<\/strong><\/div>\n<p><br class=\"container_e695a wrapper_ad07b undefined\" \/><\/p>\n<ul class=\"auto-hide-last-sibling-br\">\n<li>M\u00fc\u015fterilerimize \u00f6zel \u00fcr\u00fcn \u00e7\u00f6z\u00fcmleri sa\u011flamak amac\u0131yla RFID \u00fcretiminde geni\u015f deneyime sahibiz.<\/li>\n<li>B\u00fcy\u00fck hacimli sipari\u015flerde bile h\u0131zl\u0131 sipari\u015f kar\u015f\u0131lama s\u00f6z\u00fc veriyoruz.<\/li>\n<li>QR kodlar\u0131, barkodlar, ard\u0131\u015f\u0131k numaraland\u0131rma ve \u00e7ip kodlamas\u0131 gibi de\u011fi\u015fken veri s\u00fcre\u00e7lerini y\u00f6netmede uzman\u0131z.<\/li>\n<li>Ultra yumu\u015fak satenden ve dayan\u0131kl\u0131 naylondan \u015f\u0131k tafta, l\u00fcks ipek ve hatta su ge\u00e7irmez y\u0131kama etiketlerine kadar \u00e7e\u015fitli RFID bak\u0131m etiketleri sunarak benzersiz m\u00fc\u015fteri taleplerini kar\u015f\u0131l\u0131yoruz.<\/li>\n<\/ul>\n<\/div>\n<\/div>\n<p>&nbsp;<\/p>\n<\/div>\n<\/div>\n<div class=\"magic-6\">\n<div><\/div>\n<\/div>\n<\/div>\n<\/div>\n<\/div>\n<\/div>","protected":false},"excerpt":{"rendered":"<p>Kuma\u015f UHF RFID Y\u0131kama Bak\u0131m Etiketi, bir giysinin ya\u015fam d\u00f6ng\u00fcs\u00fc boyunca dayanacak \u015fekilde tasarlanm\u0131\u015ft\u0131r ve her bir \u00f6\u011fenin \u00fcretimden depolamaya, sat\u0131\u015fa ve hatta potansiyel olarak sat\u0131\u015f sonras\u0131na kadar etkili bir \u015fekilde izlenmesini sa\u011flar. Zorlu \u00e7ama\u015f\u0131r y\u0131kama d\u00f6ng\u00fclerine, \u00fct\u00fclemeye ve g\u00fcnl\u00fck a\u015f\u0131nma ve y\u0131pranmaya kar\u015f\u0131 ola\u011fan\u00fcst\u00fc diren\u00e7leri, bu RFID etiketlerini geleneksel envanter zorluklar\u0131na kar\u015f\u0131 sa\u011flam bir yan\u0131t haline getirir.<\/p>","protected":false},"featured_media":184,"template":"","meta":{"_kad_post_transparent":"default","_kad_post_title":"","_kad_post_layout":"default","_kad_post_sidebar_id":"","_kad_post_content_style":"default","_kad_post_vertical_padding":"default","_kad_post_feature":"","_kad_post_feature_position":"","_kad_post_header":false,"_kad_post_footer":false,"_kad_post_classname":""},"product_brand":[],"product_cat":[81],"product_tag":[87,85,83],"class_list":{"0":"post-183","1":"product","2":"type-product","3":"status-publish","4":"has-post-thumbnail","6":"product_cat-rfid-wash-care-clothing-label","7":"product_tag-fabric-uhf-rfid-wash-care-tag","8":"product_tag-laundry-rfid-wash-care-label","9":"product_tag-rfid-wash-care-label","11":"first","12":"instock","13":"shipping-taxable","14":"product-type-simple","15":"entry","16":"content-bg","17":"loop-entry"},"_links":{"self":[{"href":"https:\/\/rfid-laundry-tag.com\/tr\/wp-json\/wp\/v2\/product\/183","targetHints":{"allow":["GET"]}}],"collection":[{"href":"https:\/\/rfid-laundry-tag.com\/tr\/wp-json\/wp\/v2\/product"}],"about":[{"href":"https:\/\/rfid-laundry-tag.com\/tr\/wp-json\/wp\/v2\/types\/product"}],"version-history":[{"count":0,"href":"https:\/\/rfid-laundry-tag.com\/tr\/wp-json\/wp\/v2\/product\/183\/revisions"}],"wp:featuredmedia":[{"embeddable":true,"href":"https:\/\/rfid-laundry-tag.com\/tr\/wp-json\/wp\/v2\/media\/184"}],"wp:attachment":[{"href":"https:\/\/rfid-laundry-tag.com\/tr\/wp-json\/wp\/v2\/media?parent=183"}],"wp:term":[{"taxonomy":"product_brand","embeddable":true,"href":"https:\/\/rfid-laundry-tag.com\/tr\/wp-json\/wp\/v2\/product_brand?post=183"},{"taxonomy":"product_cat","embeddable":true,"href":"https:\/\/rfid-laundry-tag.com\/tr\/wp-json\/wp\/v2\/product_cat?post=183"},{"taxonomy":"product_tag","embeddable":true,"href":"https:\/\/rfid-laundry-tag.com\/tr\/wp-json\/wp\/v2\/product_tag?post=183"}],"curies":[{"name":"wp","href":"https:\/\/api.w.org\/{rel}","templated":true}]}}