{"id":181,"date":"2024-06-15T17:00:44","date_gmt":"2024-06-15T17:00:44","guid":{"rendered":"https:\/\/rfid-laundry-tag.com\/?post_type=product&#038;p=181"},"modified":"2024-08-14T15:40:24","modified_gmt":"2024-08-14T15:40:24","slug":"satin-uhf-rfid-wash-label","status":"publish","type":"product","link":"https:\/\/rfid-laundry-tag.com\/tr\/satin-uhf-rfid-wash-label\/","title":{"rendered":"Saten UHF RFID Y\u0131kama Etiketi"},"content":{"rendered":"<div class=\"J_module\">\n<div class=\"ife-detail-decorate-table\">\n<table class=\"hight-light-first-column all magic-14\">\n<tbody>\n<tr>\n<td colspan=\"1\" rowspan=\"1\">\n<div class=\"magic-15\" data-spm-anchor-id=\"a2700.details.0.i95.236a58c1ycsfva\">\u00dcretim ad\u0131:<\/div>\n<\/td>\n<td colspan=\"1\" rowspan=\"1\">\n<div class=\"magic-16\">Saten UHF RFID Y\u0131kama Etiketi<\/div>\n<\/td>\n<\/tr>\n<tr>\n<td colspan=\"1\" rowspan=\"1\">\n<div class=\"magic-15\"><span class=\"magic-17\">Malzeme:<\/span><\/div>\n<\/td>\n<td colspan=\"1\" rowspan=\"1\">\n<div class=\"magic-16\">Polyester\/Kompozisyon\/Saten\/Pamuk\/Dokumas\u0131z\/PET vb.<\/div>\n<\/td>\n<\/tr>\n<tr>\n<td colspan=\"1\" rowspan=\"1\">\n<div class=\"magic-15\"><span class=\"magic-17\">Boyut:<\/span><\/div>\n<\/td>\n<td colspan=\"1\" rowspan=\"1\">\n<div class=\"magic-16\"><span class=\"magic-17\">80*38mm\/60*30mm veya \u00f6zelle\u015ftirilmi\u015f<\/span><\/div>\n<\/td>\n<\/tr>\n<tr>\n<td colspan=\"1\" rowspan=\"1\">\n<div class=\"magic-15\"><span class=\"magic-17\">Tip:<\/span><\/div>\n<\/td>\n<td colspan=\"1\" rowspan=\"1\">\n<div class=\"magic-16\"><span class=\"magic-17\">Pasif, RFID<\/span><\/div>\n<\/td>\n<\/tr>\n<tr>\n<td colspan=\"1\" rowspan=\"1\">\n<div class=\"magic-15\">RF Protokol\u00fc:<\/div>\n<\/td>\n<td colspan=\"1\" rowspan=\"1\">\n<div class=\"magic-16\">ISO 18000-6C; EPC S\u0131n\u0131f 1 Gen 2<\/div>\n<\/td>\n<\/tr>\n<tr>\n<td colspan=\"1\" rowspan=\"1\">\n<div class=\"magic-15\"><span class=\"magic-17\">S\u0131kl\u0131k:<\/span><\/div>\n<\/td>\n<td colspan=\"1\" rowspan=\"1\">\n<div class=\"magic-16\"><span class=\"magic-17\">860~960MHz<\/span><\/div>\n<\/td>\n<\/tr>\n<tr>\n<td colspan=\"1\" rowspan=\"1\">\n<div class=\"magic-15\">\u00c7ip<\/div>\n<\/td>\n<td colspan=\"1\" rowspan=\"1\">\n<div class=\"magic-16\">Uzayl\u0131 Higgs, Monza 3, Monza 4D, Monza 4QT, Monza R6, Monza R6-P, Impinj M730, Impinj M750 vb.<\/div>\n<\/td>\n<\/tr>\n<tr>\n<td colspan=\"1\" rowspan=\"1\">\n<div class=\"magic-15\"><span class=\"magic-17\">Okuma Mesafesi:<\/span><\/div>\n<\/td>\n<td colspan=\"1\" rowspan=\"1\">\n<div class=\"magic-16\"><span class=\"magic-17\">UHF: 1~10m (okuyucuya ve antene ba\u011fl\u0131)<\/span><\/div>\n<\/td>\n<\/tr>\n<tr>\n<td colspan=\"1\" rowspan=\"1\">\n<div class=\"magic-15\"><span class=\"magic-17\">Sabit yol:<\/span><\/div>\n<\/td>\n<td colspan=\"1\" rowspan=\"1\">\n<div class=\"magic-16\"><span class=\"magic-17\">Dikmek \/ \u00fct\u00fclemek<\/span><\/div>\n<\/td>\n<\/tr>\n<tr>\n<td colspan=\"1\" rowspan=\"1\">\n<div class=\"magic-15\"><span class=\"magic-17\">Bask\u0131:<\/span><\/div>\n<\/td>\n<td colspan=\"1\" rowspan=\"1\">\n<div class=\"magic-16\"><span class=\"magic-17\">Bask\u0131, Kodlama, Seri Numaras\u0131, Tasar\u0131m vb.<\/span><\/div>\n<\/td>\n<\/tr>\n<tr>\n<td colspan=\"1\" rowspan=\"1\">\n<div class=\"magic-15\"><span class=\"magic-17\">IC \u00f6mr\u00fc:<\/span><\/div>\n<\/td>\n<td colspan=\"1\" rowspan=\"1\">\n<div class=\"magic-16\" data-spm-anchor-id=\"a2700.details.0.i94.236a58c1ycsfva\"><span class=\"magic-17\">100.000 Programlama d\u00f6ng\u00fcs\u00fc<br \/>\n10 y\u0131l veri saklama<\/span><\/div>\n<\/td>\n<\/tr>\n<tr>\n<td colspan=\"1\" rowspan=\"1\">\n<div class=\"magic-15\"><span class=\"magic-17\">\u00d6rnek Durumu:<\/span><\/div>\n<\/td>\n<td colspan=\"1\" rowspan=\"1\">\n<div class=\"magic-16\"><span class=\"magic-17\">Talep \u00fczerine \u00fccretsiz numuneler mevcuttur<\/span><\/div>\n<\/td>\n<\/tr>\n<tr>\n<td colspan=\"1\" rowspan=\"1\">\n<div class=\"magic-15\"><span class=\"magic-17\">Uygulamalar:\u00a0<\/span><\/div>\n<\/td>\n<td colspan=\"1\" rowspan=\"1\">\n<div class=\"magic-16\"><span class=\"magic-17\">\u00b7 Stok Y\u00f6netimi<br \/>\n\u00b7 Tedarik Zinciri<br \/>\n\u00b7 Perakende<\/span><\/div>\n<\/td>\n<\/tr>\n<tr>\n<td colspan=\"1\" rowspan=\"1\">\n<div class=\"magic-15\"><span class=\"magic-17\">Kullanmak<\/span><\/div>\n<\/td>\n<td colspan=\"1\" rowspan=\"1\">\n<div class=\"magic-16\"><span class=\"magic-17\">Giyim, Giyim E\u015fyalar\u0131, \u00c7anta, Ayakkab\u0131 vb.<\/span><\/div>\n<\/td>\n<\/tr>\n<\/tbody>\n<\/table>\n<\/div>\n<\/div>\n<div class=\"J_module\">\n<div class=\"detail-decorate-json-renderer-container\">\n<div class=\"magic-1\">\n<div class=\"magic-5\">\n<div class=\"magic-6\">\n<div><\/div>\n<\/div>\n<div>\n<div class=\"auto-hide-last-sibling-br paragraph_1252f paragraph-element\">\n<div class=\"auto-hide-last-sibling-br paragraph_1252f paragraph-element\">\n<div class=\"auto-hide-last-sibling-br paragraph_1252f paragraph-element\">Saten UHF RFID Y\u0131kama Etiketi, her iki d\u00fcnyan\u0131n en iyisini bir araya getiren \u00e7\u0131\u011f\u0131r a\u00e7\u0131c\u0131 bir yeniliktir: geleneksel giysi bak\u0131m etiketleri ve geli\u015fmi\u015f RFID teknolojisi. Bu etiketler, ISO18000-6C EPC S\u0131n\u0131f 1 Gen2 standartlar\u0131na uyacak \u015fekilde tasarlanm\u0131\u015ft\u0131r ve pasif bir UHF 860-960 MHz RFID ek par\u00e7as\u0131n\u0131 kaps\u00fcllemektedir.<\/div>\n<div><\/div>\n<div class=\"auto-hide-last-sibling-br paragraph_1252f paragraph-element\"><strong>RFID Bak\u0131m Etiketlerinin Temel \u00d6zellikleri:<\/strong><\/div>\n<ol class=\"auto-hide-last-sibling-br\">\n<li>\n<div class=\"auto-hide-last-sibling-br paragraph_1252f paragraph-element\"><strong>Malzeme \u00c7e\u015fitlili\u011fi:<\/strong>\u00a0Bu bak\u0131m etiketleri, dokuma kuma\u015flardan kurdelelere kadar \u00e7e\u015fitli malzemelerden yap\u0131labiliyor ve bu da tasar\u0131m ve uygulamada esneklik sa\u011fl\u0131yor.<\/div>\n<\/li>\n<li>\n<div class=\"auto-hide-last-sibling-br paragraph_1252f paragraph-element\"><strong>Dayan\u0131kl\u0131l\u0131k:<\/strong>\u00a0Bu bak\u0131m etiketlerinin tan\u0131mlay\u0131c\u0131 \u00f6zelliklerinden biri dayan\u0131kl\u0131l\u0131klar\u0131d\u0131r. Zorlu y\u0131kama d\u00f6ng\u00fclerinden sonra bile performanslar\u0131n\u0131 ve okunabilirliklerini korumalar\u0131n\u0131 sa\u011flayan \u00fct\u00fcye ve y\u0131kamaya dayan\u0131kl\u0131 \u00f6zelliklere sahiptirler.<\/div>\n<\/li>\n<li>\n<div class=\"auto-hide-last-sibling-br paragraph_1252f paragraph-element\"><strong>Y\u00fczey Bask\u0131:<\/strong>\u00a0Bu etiketler ayr\u0131ca, giysi etiketlerinde bulunan bak\u0131m talimatlar\u0131, beden, malzeme i\u00e7eri\u011fi, marka ad\u0131 ve daha fazlas\u0131 gibi geleneksel bilgilerin eklenmesine olanak tan\u0131yan y\u00fczey bask\u0131s\u0131n\u0131 da destekleyebilir.<\/div>\n<\/li>\n<li>\n<div class=\"auto-hide-last-sibling-br paragraph_1252f paragraph-element\"><strong>Boyut ve Paketleme Esnekli\u011fi:<\/strong>\u00a0RFID bak\u0131m etiketleri, farkl\u0131 giyim \u00fcr\u00fcnlerine ve kullan\u0131m gereksinimlerine uyum sa\u011flamak i\u00e7in \u00e7ok \u00e7e\u015fitli boyutlarda gelir. Ayr\u0131ca, \u00e7ok y\u00f6nl\u00fc uygulamalar i\u00e7in esnek paketleme malzemeleri sunarlar.<\/div>\n<\/li>\n<li>\n<div class=\"auto-hide-last-sibling-br paragraph_1252f paragraph-element\"><strong>Giysi dikimi:<\/strong>\u00a0Son olarak, bu RFID etiketleri giysilere dikildi\u011finde, geleneksel y\u0131kama etiketlerinin yerini etkili bir \u015fekilde alabilirler. Giysi par\u00e7as\u0131na, giysinin \u00f6mr\u00fc boyunca ba\u011fl\u0131 kalacak ve bu da etkili uzun vadeli izleme ve y\u00f6netime olanak tan\u0131yacakt\u0131r.<\/div>\n<\/li>\n<\/ol>\n<div class=\"auto-hide-last-sibling-br paragraph_1252f paragraph-element\"><strong>Faydalar:<\/strong><br class=\"container_e695a wrapper_ad07b undefined\" \/>RFID \u00fcretimindeki kapsaml\u0131 uzmanl\u0131\u011f\u0131m\u0131z, m\u00fc\u015fterilerimize \u00f6zelle\u015ftirilmi\u015f \u00fcr\u00fcn \u00e7\u00f6z\u00fcmleri garanti eder.<br class=\"container_e695a wrapper_ad07b undefined\" \/>B\u00fcy\u00fck hacimli taleplerde bile h\u0131zl\u0131 sipari\u015f tamamlama garantisi veriyoruz.<br class=\"container_e695a wrapper_ad07b undefined\" \/>QR kodlar\u0131, barkodlar, ard\u0131\u015f\u0131k numaraland\u0131rma ve \u00e7ip kodlama gibi de\u011fi\u015fken veri s\u00fcre\u00e7lerini y\u00f6netmede uzmanla\u015f\u0131yoruz.<br class=\"container_e695a wrapper_ad07b undefined\" \/>\u00c7e\u015fitli RFID bak\u0131m etiketleri sunarak benzersiz m\u00fc\u015fteri ihtiya\u00e7lar\u0131n\u0131 kar\u015f\u0131lamak i\u00e7in donan\u0131ml\u0131y\u0131z. Tekliflerimiz ultra yumu\u015fak saten RFID bak\u0131m etiketlerinden ve sa\u011flam naylon RFID bak\u0131m etiketlerinden, \u015f\u0131k tafta RFID bak\u0131m etiketlerine, l\u00fcks ipek RFID bak\u0131m etiketlerine ve hatta su ge\u00e7irmez y\u0131kama bak\u0131m etiketlerine kadar uzan\u0131yor.<\/div>\n<\/div>\n<p>&nbsp;<\/p>\n<\/div>\n<\/div>\n<div class=\"magic-6\">\n<div><\/div>\n<\/div>\n<\/div>\n<\/div>\n<\/div>\n<\/div>","protected":false},"excerpt":{"rendered":"<p>Saten UHF RFID Y\u0131kama Etiketi, bir giysinin \u00f6mr\u00fc boyunca dayanacak \u015fekilde tasarlanm\u0131\u015ft\u0131r ve her bir \u00fcr\u00fcn\u00fcn \u00fcretiminden depolanmas\u0131na ve sat\u0131\u015f\u0131na kadar optimize edilmi\u015f bir \u015fekilde izlenmesini ve hatta potansiyel olarak sat\u0131n alma sonras\u0131 takibini kolayla\u015ft\u0131r\u0131r.<\/p>","protected":false},"featured_media":182,"template":"","meta":{"_kad_post_transparent":"default","_kad_post_title":"","_kad_post_layout":"default","_kad_post_sidebar_id":"","_kad_post_content_style":"default","_kad_post_vertical_padding":"default","_kad_post_feature":"","_kad_post_feature_position":"","_kad_post_header":false,"_kad_post_footer":false,"_kad_post_classname":""},"product_brand":[],"product_cat":[81],"product_tag":[85,83,86],"class_list":{"0":"post-181","1":"product","2":"type-product","3":"status-publish","4":"has-post-thumbnail","6":"product_cat-rfid-wash-care-clothing-label","7":"product_tag-laundry-rfid-wash-care-label","8":"product_tag-rfid-wash-care-label","9":"product_tag-satin-uhf-rfid-wash-label","11":"first","12":"instock","13":"shipping-taxable","14":"product-type-simple","15":"entry","16":"content-bg","17":"loop-entry"},"_links":{"self":[{"href":"https:\/\/rfid-laundry-tag.com\/tr\/wp-json\/wp\/v2\/product\/181","targetHints":{"allow":["GET"]}}],"collection":[{"href":"https:\/\/rfid-laundry-tag.com\/tr\/wp-json\/wp\/v2\/product"}],"about":[{"href":"https:\/\/rfid-laundry-tag.com\/tr\/wp-json\/wp\/v2\/types\/product"}],"version-history":[{"count":1,"href":"https:\/\/rfid-laundry-tag.com\/tr\/wp-json\/wp\/v2\/product\/181\/revisions"}],"predecessor-version":[{"id":1298,"href":"https:\/\/rfid-laundry-tag.com\/tr\/wp-json\/wp\/v2\/product\/181\/revisions\/1298"}],"wp:featuredmedia":[{"embeddable":true,"href":"https:\/\/rfid-laundry-tag.com\/tr\/wp-json\/wp\/v2\/media\/182"}],"wp:attachment":[{"href":"https:\/\/rfid-laundry-tag.com\/tr\/wp-json\/wp\/v2\/media?parent=181"}],"wp:term":[{"taxonomy":"product_brand","embeddable":true,"href":"https:\/\/rfid-laundry-tag.com\/tr\/wp-json\/wp\/v2\/product_brand?post=181"},{"taxonomy":"product_cat","embeddable":true,"href":"https:\/\/rfid-laundry-tag.com\/tr\/wp-json\/wp\/v2\/product_cat?post=181"},{"taxonomy":"product_tag","embeddable":true,"href":"https:\/\/rfid-laundry-tag.com\/tr\/wp-json\/wp\/v2\/product_tag?post=181"}],"curies":[{"name":"wp","href":"https:\/\/api.w.org\/{rel}","templated":true}]}}