{"id":1785,"date":"2024-09-02T08:15:43","date_gmt":"2024-09-02T08:15:43","guid":{"rendered":"https:\/\/rfid-laundry-tag.com\/?post_type=product&#038;p=1785"},"modified":"2024-09-08T04:11:02","modified_gmt":"2024-09-08T04:11:02","slug":"uhf-rfid-label-tag-led-flash-light-location-for-library-management","status":"publish","type":"product","link":"https:\/\/rfid-laundry-tag.com\/tr\/uhf-rfid-label-tag-led-flash-light-location-for-library-management\/","title":{"rendered":"UHF RFID Etiket Etiketi LED fla\u015f I\u015f\u0131k Konum K\u00fct\u00fcphane Y\u00f6netimi i\u00e7in"},"content":{"rendered":"<div data-elementor-type=\"product-post\" data-elementor-id=\"1785\" class=\"elementor elementor-1785\" data-elementor-settings=\"{&quot;ha_cmc_init_switcher&quot;:&quot;no&quot;}\" data-elementor-post-type=\"product\">\n\t\t\t\t<div class=\"elementor-element elementor-element-1c13a178 e-flex e-con-boxed e-con e-parent\" data-id=\"1c13a178\" data-element_type=\"container\" data-e-type=\"container\" data-settings=\"{&quot;_ha_eqh_enable&quot;:false}\">\n\t\t\t\t\t<div class=\"e-con-inner\">\n\t\t\t\t<div class=\"elementor-element elementor-element-7e836d6a elementor-widget elementor-widget-text-editor\" data-id=\"7e836d6a\" data-element_type=\"widget\" data-e-type=\"widget\" data-widget_type=\"text-editor.default\">\n\t\t\t\t<div class=\"elementor-widget-container\">\n\t\t\t\t\t\t\t\t\t<p><span style=\"color: #000000;\">UHF RFID Etiket Etiket LED fla\u015f I\u015f\u0131\u011f\u0131, RFID teknolojisinin g\u00fcc\u00fcn\u00fc g\u00f6rsel bir LED g\u00f6stergesiyle birle\u015ftiren yenilik\u00e7i bir \u00e7\u00f6z\u00fcmd\u00fcr ve envanter ve varl\u0131k y\u00f6netiminin verimlili\u011fini art\u0131r\u0131r. Bu etiketler tamamen \u00f6zelle\u015ftirilebilir ve \u00f6zel gereksinimlerinize uyacak \u015fekilde boyutlar, LED \u0131\u015f\u0131k rengi ve daha fazlas\u0131n\u0131 se\u00e7menize olanak tan\u0131r. 18x75 mm ve 14x96 mm&#039;lik mevcut boyutlar ve sadece 0,2 mm&#039;lik \u015f\u0131k bir kal\u0131nl\u0131kla, bu etiketler zorlu ortamlarda bile dayan\u0131kl\u0131l\u0131k sa\u011flayan sa\u011flam PET malzemeden \u00fcretilmi\u015ftir.<\/span><\/p><p><span style=\"color: #000000;\">900-928MHz frekans aral\u0131\u011f\u0131nda \u00e7al\u0131\u015fan bu etiketler, optimum performans sunarak \u00e7e\u015fitli end\u00fcstriler i\u00e7in idealdir. Bellek \u00f6zellikleri aras\u0131nda TID 96 bit, EPC 160 bit ve USER 1312 bit bulunur ve izleme ve tan\u0131mlama ama\u00e7lar\u0131 i\u00e7in bol miktarda veri depolama alan\u0131 sunar. -20\u00b0C ile 70\u00b0C aras\u0131ndaki \u00e7al\u0131\u015fma s\u0131cakl\u0131klar\u0131na dayanacak \u015fekilde tasarlanan bu UHF RFID Etiket Etiket LED fla\u015f I\u015f\u0131\u011f\u0131, varl\u0131k takibi, envanter y\u00f6netimi ve daha fazlas\u0131 dahil olmak \u00fczere \u00e7ok \u00e7e\u015fitli uygulamalar i\u00e7in uygundur.<\/span><\/p><table class=\"all magic-10\"><tbody><tr><td colspan=\"1\" rowspan=\"1\"><div class=\"magic-11\" data-spm-anchor-id=\"a2700.details.0.i38.105812c6mFAirA\"><span style=\"color: #000000;\">\u00c7ip<\/span><\/div><\/td><td colspan=\"1\" rowspan=\"1\"><div class=\"magic-12\"><span style=\"color: #000000;\">\u00d6zelle\u015ftirilmi\u015f<\/span><\/div><\/td><\/tr><tr><td colspan=\"1\" rowspan=\"1\"><div class=\"magic-11\" data-spm-anchor-id=\"a2700.details.0.i47.105812c6mFAirA\"><span style=\"color: #000000;\">Boyutlar<\/span><\/div><\/td><td colspan=\"1\" rowspan=\"1\"><div class=\"magic-12\"><span style=\"color: #000000;\">18*75mm, 14*96mm,100*10mm<\/span><\/div><\/td><\/tr><tr><td colspan=\"1\" rowspan=\"1\"><div class=\"magic-11\"><span style=\"color: #000000;\">Kal\u0131nl\u0131k<\/span><\/div><\/td><td colspan=\"1\" rowspan=\"1\"><div class=\"magic-12\"><span style=\"color: #000000;\">0,2 mm<\/span><\/div><\/td><\/tr><tr><td colspan=\"1\" rowspan=\"1\"><div class=\"magic-11\"><span style=\"color: #000000;\">Malzeme<\/span><\/div><\/td><td colspan=\"1\" rowspan=\"1\"><div class=\"magic-12\"><span style=\"color: #000000;\">EVDE BESLENEN HAYVAN<\/span><\/div><\/td><\/tr><tr><td colspan=\"1\" rowspan=\"1\"><div class=\"magic-11\"><span style=\"color: #000000;\">IP Derecelendirmesi<\/span><\/div><\/td><td colspan=\"1\" rowspan=\"1\"><div class=\"magic-12\"><span style=\"color: #000000;\">Yok<\/span><\/div><\/td><\/tr><tr><td colspan=\"1\" rowspan=\"1\"><div class=\"magic-11\"><span style=\"color: #000000;\">Uygulama S\u0131cakl\u0131\u011f\u0131<\/span><\/div><\/td><td colspan=\"1\" rowspan=\"1\"><div class=\"magic-12\"><span style=\"color: #000000;\">-20~70\u2103<\/span><\/div><\/td><\/tr><tr><td colspan=\"1\" rowspan=\"1\"><div class=\"magic-11\"><span style=\"color: #000000;\">\u00c7al\u0131\u015fma S\u0131cakl\u0131\u011f\u0131<\/span><\/div><\/td><td colspan=\"1\" rowspan=\"1\"><div class=\"magic-12\"><span style=\"color: #000000;\">-20~70\u2103<\/span><\/div><\/td><\/tr><tr><td colspan=\"1\" rowspan=\"1\"><div class=\"magic-11\"><span style=\"color: #000000;\">Haf\u0131za<\/span><\/div><\/td><td colspan=\"1\" rowspan=\"1\"><div class=\"magic-12\"><span style=\"color: #000000;\">TID 96 bit; EPC 160 bit; KULLANICI 1312 bit<\/span><\/div><\/td><\/tr><tr><td colspan=\"1\" rowspan=\"1\"><div class=\"magic-11\"><span style=\"color: #000000;\">En iyi performansa sahip frekans aral\u0131\u011f\u0131<\/span><\/div><\/td><td colspan=\"1\" rowspan=\"1\"><div class=\"magic-12\"><span style=\"color: #000000;\">900-928MHz (\u00d6zelle\u015ftirilmi\u015f)<\/span><\/div><\/td><\/tr><tr><td colspan=\"1\" rowspan=\"1\"><div class=\"magic-11\"><span style=\"color: #000000;\">IC Ya\u015fam<\/span><\/div><\/td><td colspan=\"1\" rowspan=\"1\" data-spm-anchor-id=\"a2700.details.0.i45.105812c6mFAirA\"><div class=\"magic-12\" data-spm-anchor-id=\"a2700.details.0.i39.105812c6mFAirA\"><span style=\"color: #000000;\">100.000 \u00e7evrim yazma dayan\u0131kl\u0131l\u0131\u011f\u0131<\/span><br \/><span style=\"color: #000000;\">10 y\u0131ll\u0131k veri saklama s\u00fcresi<\/span><\/div><\/td><\/tr><tr><td colspan=\"1\" rowspan=\"1\"><div class=\"magic-11\"><span style=\"color: #000000;\">Protokol<\/span><\/div><\/td><td colspan=\"1\" rowspan=\"1\"><div class=\"magic-12\" data-spm-anchor-id=\"a2700.details.0.i46.105812c6mFAirA\"><span style=\"color: #000000;\">ISO\/IEC 18000-6C<\/span><\/div><\/td><\/tr><\/tbody><\/table><p><a href=\"https:\/\/rfid-laundry-tag.com\/tr\/urun\/uhf-rfid-label-tag-led-flash-light-location-for-library-management\/\"><img fetchpriority=\"high\" decoding=\"async\" class=\"alignnone size-full wp-image-1795\" src=\"https:\/\/rfid-laundry-tag.com\/wp-content\/uploads\/2024\/09\/4_H368fba2542f847448067aa52a880c6fdM.jpg\" alt=\"\" width=\"750\" height=\"750\" srcset=\"https:\/\/rfid-laundry-tag.com\/wp-content\/uploads\/2024\/09\/4_H368fba2542f847448067aa52a880c6fdM.jpg 750w, https:\/\/rfid-laundry-tag.com\/wp-content\/uploads\/2024\/09\/4_H368fba2542f847448067aa52a880c6fdM-300x300.jpg 300w, https:\/\/rfid-laundry-tag.com\/wp-content\/uploads\/2024\/09\/4_H368fba2542f847448067aa52a880c6fdM-150x150.jpg 150w, https:\/\/rfid-laundry-tag.com\/wp-content\/uploads\/2024\/09\/4_H368fba2542f847448067aa52a880c6fdM-12x12.jpg 12w, https:\/\/rfid-laundry-tag.com\/wp-content\/uploads\/2024\/09\/4_H368fba2542f847448067aa52a880c6fdM-600x600.jpg 600w, https:\/\/rfid-laundry-tag.com\/wp-content\/uploads\/2024\/09\/4_H368fba2542f847448067aa52a880c6fdM-100x100.jpg 100w\" sizes=\"(max-width: 750px) 100vw, 750px\" \/><\/a><\/p><p><span style=\"color: #000000;\">Benzersiz LED \u00f6zelli\u011fi, RFID etiketine g\u00f6rsel bir bile\u015fen ekleyerek h\u0131zl\u0131 ve kolay tan\u0131mlamaya olanak tan\u0131r ve h\u0131zl\u0131 g\u00f6rsel onay\u0131n gerekli oldu\u011fu durumlarda s\u00fcre\u00e7leri \u00f6nemli \u00f6l\u00e7\u00fcde h\u0131zland\u0131r\u0131r. Etiketler, mevcut RFID sistemleriyle sorunsuz entegrasyon sa\u011flayan ISO\/IEC 18000-6C protokolleriyle uyumludur. 100.000 d\u00f6ng\u00fcl\u00fck yazma dayan\u0131kl\u0131l\u0131\u011f\u0131 ve 10 y\u0131la kadar veri saklama \u00f6zelli\u011fiyle bu etiketler, izleme ihtiya\u00e7lar\u0131n\u0131z i\u00e7in g\u00fcvenilir ve uzun \u00f6m\u00fcrl\u00fc bir \u00e7\u00f6z\u00fcm sunar. Envanteri y\u00f6netmeniz, varl\u0131klar\u0131 takip etmeniz veya daha verimli bir tan\u0131mlama sistemi uygulaman\u0131z gerekip gerekmedi\u011fine bak\u0131lmaks\u0131z\u0131n, RFID LED Etiketleri ihtiya\u00e7lar\u0131n\u0131za g\u00f6re uyarlanm\u0131\u015f \u00e7ok y\u00f6nl\u00fc ve sa\u011flam bir \u00e7\u00f6z\u00fcm sunar.<\/span><\/p><p><span style=\"color: #000000;\">RFID LED etiketi, RFID teknolojisini g\u00f6rsel bir LED g\u00f6stergesiyle birle\u015ftiren geli\u015fmi\u015f bir yap\u0131\u015fkan etikettir ve varl\u0131k takibi ve envanter y\u00f6netimi i\u00e7in yenilik\u00e7i bir \u00e7\u00f6z\u00fcm sunar. Her etiket, RF okuyucularla sorunsuz ileti\u015fim sa\u011flayan bir radyo frekans\u0131 transponderi ve bir antenle donat\u0131lm\u0131\u015ft\u0131r. Bu etiketin \u00f6ne \u00e7\u0131kan \u00f6zelli\u011fi, etkinle\u015ftirildi\u011finde ayd\u0131nlanan ve \u00f6\u011felerin h\u0131zl\u0131 ve net bir \u015fekilde g\u00f6rsel olarak tan\u0131mlanmas\u0131n\u0131 sa\u011flayan LED bile\u015fenidir.<\/span><\/p><p><span style=\"color: #000000;\">Bu LED etiketler \u00e7ok y\u00f6nl\u00fcd\u00fcr ve envanter y\u00f6netimi, varl\u0131k takibi ve tedarik zinciri lojisti\u011fi gibi \u00e7ok say\u0131da uygulamada kullan\u0131labilir. LED etiketinin \u00f6zelle\u015ftirilebilir yap\u0131s\u0131, belirli operasyonel ihtiya\u00e7lara uyacak \u015fekilde boyut, LED \u0131\u015f\u0131k rengi ve bellek kapasitesinde ayarlamalar yap\u0131lmas\u0131na olanak tan\u0131r. \u0130ster depolarda, ister perakende ortamlar\u0131nda veya end\u00fcstriyel ortamlarda kullan\u0131ls\u0131n, bu etiketler, de\u011ferli varl\u0131klar\u0131n takibinde do\u011fruluk ve verimlili\u011fi art\u0131rmak i\u00e7in vazge\u00e7ilmez hale getiren ikili bir tan\u0131mlama y\u00f6ntemi (RFID tarama ve g\u00f6rsel do\u011frulama) sa\u011flayarak s\u00fcre\u00e7leri kolayla\u015ft\u0131rmaya yard\u0131mc\u0131 olur.<\/span><\/p>\t\t\t\t\t\t\t\t<\/div>\n\t\t\t\t<\/div>\n\t\t\t\t\t<\/div>\n\t\t\t\t<\/div>\n\t\t\t\t<\/div>","protected":false},"excerpt":{"rendered":"<p>UHF RFID Etiket Etiketi Verimli envanter takibi i\u00e7in g\u00f6rsel g\u00f6stergeli LED fla\u015fl\u0131 \u0131\u015f\u0131k. Dayan\u0131kl\u0131 PET, 900-928MHz, -20\u00b0C ila 70\u00b0C, \u00e7e\u015fitli uygulamalar i\u00e7in m\u00fckemmeldir.<\/p>","protected":false},"featured_media":1786,"template":"","meta":{"_kad_post_transparent":"default","_kad_post_title":"","_kad_post_layout":"default","_kad_post_sidebar_id":"","_kad_post_content_style":"default","_kad_post_vertical_padding":"default","_kad_post_feature":"","_kad_post_feature_position":"","_kad_post_header":false,"_kad_post_footer":false,"_kad_post_classname":""},"product_brand":[],"product_cat":[54],"product_tag":[275,98,269],"class_list":{"0":"post-1785","1":"product","2":"type-product","3":"status-publish","4":"has-post-thumbnail","6":"product_cat-hot-selling-rfid-tags","7":"product_tag-led-light-rfid-label","8":"product_tag-uhf-rfid-label","9":"product_tag-uhf-rfid-label-tag-led-flash-light","11":"first","12":"instock","13":"shipping-taxable","14":"product-type-simple","15":"entry","16":"content-bg","17":"loop-entry"},"_links":{"self":[{"href":"https:\/\/rfid-laundry-tag.com\/tr\/wp-json\/wp\/v2\/product\/1785","targetHints":{"allow":["GET"]}}],"collection":[{"href":"https:\/\/rfid-laundry-tag.com\/tr\/wp-json\/wp\/v2\/product"}],"about":[{"href":"https:\/\/rfid-laundry-tag.com\/tr\/wp-json\/wp\/v2\/types\/product"}],"version-history":[{"count":5,"href":"https:\/\/rfid-laundry-tag.com\/tr\/wp-json\/wp\/v2\/product\/1785\/revisions"}],"predecessor-version":[{"id":1911,"href":"https:\/\/rfid-laundry-tag.com\/tr\/wp-json\/wp\/v2\/product\/1785\/revisions\/1911"}],"wp:featuredmedia":[{"embeddable":true,"href":"https:\/\/rfid-laundry-tag.com\/tr\/wp-json\/wp\/v2\/media\/1786"}],"wp:attachment":[{"href":"https:\/\/rfid-laundry-tag.com\/tr\/wp-json\/wp\/v2\/media?parent=1785"}],"wp:term":[{"taxonomy":"product_brand","embeddable":true,"href":"https:\/\/rfid-laundry-tag.com\/tr\/wp-json\/wp\/v2\/product_brand?post=1785"},{"taxonomy":"product_cat","embeddable":true,"href":"https:\/\/rfid-laundry-tag.com\/tr\/wp-json\/wp\/v2\/product_cat?post=1785"},{"taxonomy":"product_tag","embeddable":true,"href":"https:\/\/rfid-laundry-tag.com\/tr\/wp-json\/wp\/v2\/product_tag?post=1785"}],"curies":[{"name":"wp","href":"https:\/\/api.w.org\/{rel}","templated":true}]}}