{"id":176,"date":"2024-06-15T16:46:13","date_gmt":"2024-06-15T16:46:13","guid":{"rendered":"https:\/\/rfid-laundry-tag.com\/?post_type=product&#038;p=176"},"modified":"2024-06-15T16:46:13","modified_gmt":"2024-06-15T16:46:13","slug":"nylon-rfid-wash-care-clothing-label","status":"publish","type":"product","link":"https:\/\/rfid-laundry-tag.com\/tr\/nylon-rfid-wash-care-clothing-label\/","title":{"rendered":"Naylon RFID Y\u0131kama Bak\u0131m Giyim Etiketi"},"content":{"rendered":"<div class=\"J_module\">\n<div class=\"ife-detail-decorate-table\">\n<table class=\"hight-light-first-column all magic-14\">\n<tbody>\n<tr>\n<td colspan=\"1\" rowspan=\"1\">\n<div class=\"magic-15\" data-spm-anchor-id=\"a2700.details.0.i95.236a58c1ycsfva\">\u00dcretim ad\u0131:<\/div>\n<\/td>\n<td colspan=\"1\" rowspan=\"1\">\n<div class=\"magic-16\">Naylon RFID Y\u0131kama Bak\u0131m Giyim Etiketi<\/div>\n<\/td>\n<\/tr>\n<tr>\n<td colspan=\"1\" rowspan=\"1\">\n<div class=\"magic-15\"><span class=\"magic-17\">Malzeme:<\/span><\/div>\n<\/td>\n<td colspan=\"1\" rowspan=\"1\">\n<div class=\"magic-16\">Polyester\/Kompozisyon\/Saten\/Pamuk\/Dokumas\u0131z\/PET vb.<\/div>\n<\/td>\n<\/tr>\n<tr>\n<td colspan=\"1\" rowspan=\"1\">\n<div class=\"magic-15\"><span class=\"magic-17\">Boyut:<\/span><\/div>\n<\/td>\n<td colspan=\"1\" rowspan=\"1\">\n<div class=\"magic-16\"><span class=\"magic-17\">80*38mm\/60*30mm veya \u00f6zelle\u015ftirilmi\u015f<\/span><\/div>\n<\/td>\n<\/tr>\n<tr>\n<td colspan=\"1\" rowspan=\"1\">\n<div class=\"magic-15\"><span class=\"magic-17\">Tip:<\/span><\/div>\n<\/td>\n<td colspan=\"1\" rowspan=\"1\">\n<div class=\"magic-16\"><span class=\"magic-17\">Pasif, RFID<\/span><\/div>\n<\/td>\n<\/tr>\n<tr>\n<td colspan=\"1\" rowspan=\"1\">\n<div class=\"magic-15\">RF Protokol\u00fc:<\/div>\n<\/td>\n<td colspan=\"1\" rowspan=\"1\">\n<div class=\"magic-16\">ISO 18000-6C; EPC S\u0131n\u0131f 1 Gen 2<\/div>\n<\/td>\n<\/tr>\n<tr>\n<td colspan=\"1\" rowspan=\"1\">\n<div class=\"magic-15\"><span class=\"magic-17\">S\u0131kl\u0131k:<\/span><\/div>\n<\/td>\n<td colspan=\"1\" rowspan=\"1\">\n<div class=\"magic-16\"><span class=\"magic-17\">860~960MHz<\/span><\/div>\n<\/td>\n<\/tr>\n<tr>\n<td colspan=\"1\" rowspan=\"1\">\n<div class=\"magic-15\">\u00c7ip<\/div>\n<\/td>\n<td colspan=\"1\" rowspan=\"1\">\n<div class=\"magic-16\">Impinj Monza R6\/R6-P, NXP UCODE8\/UCODE9 vb.<\/div>\n<\/td>\n<\/tr>\n<tr>\n<td colspan=\"1\" rowspan=\"1\">\n<div class=\"magic-15\"><span class=\"magic-17\">Okuma Mesafesi:<\/span><\/div>\n<\/td>\n<td colspan=\"1\" rowspan=\"1\">\n<div class=\"magic-16\"><span class=\"magic-17\">UHF: 1~10m (okuyucuya ve antene ba\u011fl\u0131)<\/span><\/div>\n<\/td>\n<\/tr>\n<tr>\n<td colspan=\"1\" rowspan=\"1\">\n<div class=\"magic-15\"><span class=\"magic-17\">Sabit yol:<\/span><\/div>\n<\/td>\n<td colspan=\"1\" rowspan=\"1\">\n<div class=\"magic-16\"><span class=\"magic-17\">Dikmek \/ \u00fct\u00fclemek<\/span><\/div>\n<\/td>\n<\/tr>\n<tr>\n<td colspan=\"1\" rowspan=\"1\">\n<div class=\"magic-15\"><span class=\"magic-17\">Bask\u0131:<\/span><\/div>\n<\/td>\n<td colspan=\"1\" rowspan=\"1\">\n<div class=\"magic-16\"><span class=\"magic-17\">Bask\u0131, Kodlama, Seri Numaras\u0131, Tasar\u0131m vb.<\/span><\/div>\n<\/td>\n<\/tr>\n<tr>\n<td colspan=\"1\" rowspan=\"1\">\n<div class=\"magic-15\"><span class=\"magic-17\">IC \u00f6mr\u00fc:<\/span><\/div>\n<\/td>\n<td colspan=\"1\" rowspan=\"1\">\n<div class=\"magic-16\" data-spm-anchor-id=\"a2700.details.0.i94.236a58c1ycsfva\"><span class=\"magic-17\">100.000 Programlama d\u00f6ng\u00fcs\u00fc<br \/>\n10 y\u0131l veri saklama<\/span><\/div>\n<\/td>\n<\/tr>\n<tr>\n<td colspan=\"1\" rowspan=\"1\">\n<div class=\"magic-15\"><span class=\"magic-17\">\u00d6rnek Durumu:<\/span><\/div>\n<\/td>\n<td colspan=\"1\" rowspan=\"1\">\n<div class=\"magic-16\"><span class=\"magic-17\">Talep \u00fczerine \u00fccretsiz numuneler mevcuttur<\/span><\/div>\n<\/td>\n<\/tr>\n<tr>\n<td colspan=\"1\" rowspan=\"1\">\n<div class=\"magic-15\"><span class=\"magic-17\">Uygulamalar:\u00a0<\/span><\/div>\n<\/td>\n<td colspan=\"1\" rowspan=\"1\">\n<div class=\"magic-16\"><span class=\"magic-17\">\u00b7 Stok Y\u00f6netimi<br \/>\n\u00b7 Tedarik Zinciri<br \/>\n\u00b7 Perakende<\/span><\/div>\n<\/td>\n<\/tr>\n<tr>\n<td colspan=\"1\" rowspan=\"1\">\n<div class=\"magic-15\"><span class=\"magic-17\">Kullanmak<\/span><\/div>\n<\/td>\n<td colspan=\"1\" rowspan=\"1\">\n<div class=\"magic-16\"><span class=\"magic-17\">Giyim, Giyim E\u015fyalar\u0131, \u00c7anta, Ayakkab\u0131 vb.<\/span><\/div>\n<\/td>\n<\/tr>\n<\/tbody>\n<\/table>\n<\/div>\n<\/div>\n<div class=\"J_module\">\n<div class=\"detail-decorate-json-renderer-container\">\n<div class=\"magic-1\">\n<div class=\"magic-5\">\n<div class=\"magic-6\">\n<div class=\"magic-7\"><span class=\"magic-10\">UCODE, NXP BV&#039;nin tescilli ticari markalar\u0131d\u0131r ve lisans alt\u0131nda kullan\u0131lmaktad\u0131r.<\/span><\/div>\n<div><\/div>\n<\/div>\n<div>\n<div class=\"auto-hide-last-sibling-br paragraph_1252f paragraph-element\">Giysiler gibi moda \u00fcr\u00fcnleri, mevsimsel de\u011fi\u015fiklikler, co\u011frafi konum, m\u00fc\u015fteri tercihleri, moda trendleri ve fiyatland\u0131rma gibi sat\u0131\u015flar\u0131 etkileyebilecek \u00e7e\u015fitli etki fakt\u00f6rlerine tabidir. RFID bak\u0131m etiketlerinin rol\u00fc burada \u00f6nemli hale gelir \u00e7\u00fcnk\u00fc giyim \u015firketlerinin sat\u0131\u015f dinamiklerini ger\u00e7ek zamanl\u0131 olarak izlemelerine olanak tan\u0131r.<\/div>\n<p><br class=\"container_e695a wrapper_ad07b undefined\" \/><\/p>\n<div class=\"auto-hide-last-sibling-br paragraph_1252f paragraph-element\">\n<div class=\"auto-hide-last-sibling-br paragraph_1252f paragraph-element\"><strong>Naylon RFID Y\u0131kama Bak\u0131m Giyim Etiketinin \u00d6zellikleri:<\/strong><\/div>\n<p><br class=\"container_e695a wrapper_ad07b undefined\" \/><\/p>\n<ol class=\"auto-hide-last-sibling-br\">\n<li>\n<div class=\"auto-hide-last-sibling-br paragraph_1252f paragraph-element\"><strong>Malzeme:<\/strong>\u00a0Etiket, y\u00fcksek s\u0131cakl\u0131klara, bas\u0131nca ve sert kullan\u0131ma dayan\u0131kl\u0131, g\u00fc\u00e7l\u00fc ve dayan\u0131kl\u0131 bir malzeme olan Naylondan yap\u0131lm\u0131\u015ft\u0131r; bu sayede giysinin elle\u00e7leme ve y\u0131kama prosed\u00fcr\u00fcn\u00fcn do\u011fas\u0131 ne olursa olsun etiketin sa\u011flam kalmas\u0131 sa\u011flan\u0131r.<\/div>\n<\/li>\n<li>\n<div class=\"auto-hide-last-sibling-br paragraph_1252f paragraph-element\"><strong>Veri Takibi:<\/strong>\u00a0RFID teknolojisiyle desteklenen bu sistem, \u00fcr\u00fcn ge\u00e7mi\u015fi, lokasyon ve durum gibi ilgili verilerin ger\u00e7ek zamanl\u0131 olarak izlenmesini ve toplanmas\u0131n\u0131 sa\u011flayarak, giyim \u015firketlerine de\u011ferli bilgiler sa\u011fl\u0131yor.<\/div>\n<\/li>\n<li>\n<div class=\"auto-hide-last-sibling-br paragraph_1252f paragraph-element\"><strong>\u0130\u015flevsellik:<\/strong>\u00a0RFID etiketi \u00e7e\u015fitli zorlu ortamlarda i\u015flev g\u00f6r\u00fcr ve h\u0131zl\u0131 hareket eden \u00fcr\u00fcnlerde bile ayn\u0131 anda birden fazla etiketi tan\u0131mlayabilir.<\/div>\n<\/li>\n<li>\n<div class=\"auto-hide-last-sibling-br paragraph_1252f paragraph-element\"><strong>Azim:<\/strong>\u00a0Geleneksel ask\u0131l\u0131 etiketlerin aksine, RFID etiketleri genellikle giysiye dikilir veya a\u011fart\u0131l\u0131r, bu da nakliye veya elle\u00e7leme s\u0131ras\u0131nda d\u00fc\u015fme olas\u0131l\u0131\u011f\u0131n\u0131 azalt\u0131r.<\/div>\n<\/li>\n<li>\n<div class=\"auto-hide-last-sibling-br paragraph_1252f paragraph-element\"><strong>Ye\u015fil ve G\u00fcvenli:<\/strong>\u00a0Etiketler, at\u0131k bertaraf\u0131ndan sonra \u00e7evreye en az etkiyi yapt\u0131\u011f\u0131 i\u00e7in ye\u015fil ve g\u00fcvenlidir.<\/div>\n<\/li>\n<\/ol>\n<p><br class=\"container_e695a wrapper_ad07b undefined\" \/><\/p>\n<div class=\"auto-hide-last-sibling-br paragraph_1252f paragraph-element\"><strong>Naylon RFID Y\u0131kama Bak\u0131m Giyim Etiketinin Uygulamalar\u0131:<\/strong><\/div>\n<p><br class=\"container_e695a wrapper_ad07b undefined\" \/><\/p>\n<ol class=\"auto-hide-last-sibling-br\">\n<li>\n<div class=\"auto-hide-last-sibling-br paragraph_1252f paragraph-element\"><strong>Stok Y\u00f6netimi:<\/strong>\u00a0Etiketler, envanterin ger\u00e7ek zamanl\u0131 olarak takip edilmesine yard\u0131mc\u0131 olarak, i\u015fletmeler i\u00e7in stok y\u00f6netim s\u00fcrecini verimli hale getirir.<\/div>\n<\/li>\n<li>\n<div class=\"auto-hide-last-sibling-br paragraph_1252f paragraph-element\"><strong>Tedarik Zinciri:<\/strong>\u00a0\u00dcretim s\u00fcre\u00e7lerinin basitle\u015ftirilmesinden daha verimli depolama ve lojisti\u011fe kadar t\u00fcm tedarik zincirinin optimize edilmesine yard\u0131mc\u0131 olurlar.<\/div>\n<\/li>\n<li>\n<div class=\"auto-hide-last-sibling-br paragraph_1252f paragraph-element\"><strong>Perakende Y\u00f6netimi:<\/strong>\u00a0Perakende sekt\u00f6r\u00fcnde bu etiketler, tarama s\u00fcrecini h\u0131zland\u0131rarak ve kuyruklar\u0131 azaltarak \u00f6deme s\u00fcrecini iyile\u015ftirir.<\/div>\n<\/li>\n<li>\n<div class=\"auto-hide-last-sibling-br paragraph_1252f paragraph-element\"><strong>H\u0131rs\u0131zl\u0131\u011fa Kar\u015f\u0131:<\/strong>\u00a0Ma\u011fazalardaki g\u00fcvenlik sistemlerine entegre edildi\u011finde h\u0131rs\u0131zl\u0131k olaylar\u0131na kar\u015f\u0131 koruma arac\u0131 olarak kullan\u0131labilirler.<\/div>\n<\/li>\n<li>\n<div class=\"auto-hide-last-sibling-br paragraph_1252f paragraph-element\"><strong>\u00dcr\u00fcn Orijinalli\u011fi:<\/strong>\u00a0Etiketler, \u00fcr\u00fcn\u00fcn orijinalli\u011fini do\u011frulamak ve sahtecili\u011fi \u00f6nlemek amac\u0131yla kullan\u0131labilir.<\/div>\n<\/li>\n<li>\n<div class=\"auto-hide-last-sibling-br paragraph_1252f paragraph-element\"><strong>T\u00fcketici Kullan\u0131m\u0131:<\/strong>\u00a0Son t\u00fcketici i\u00e7in bu etiketler de\u011ferli \u00fcr\u00fcn ve bak\u0131m bilgileri ta\u015f\u0131r. Ayr\u0131ca, etiketin giysinin \u00f6mr\u00fc boyunca \u00fczerinde kalmas\u0131 sat\u0131\u015f sonras\u0131 takibin daha iyi olmas\u0131n\u0131 sa\u011flar.<\/div>\n<\/li>\n<\/ol>\n<p><br class=\"container_e695a wrapper_ad07b undefined\" \/><\/p>\n<div class=\"auto-hide-last-sibling-br paragraph_1252f paragraph-element\">Bu etiketler, giysilerin \u00fcretim a\u015famas\u0131ndan perakende ma\u011fazalar\u0131na ve son t\u00fcketiciye kadar olan s\u00fcre\u00e7te nas\u0131l ele al\u0131nd\u0131\u011f\u0131n\u0131 k\u00f6kten de\u011fi\u015ftiriyor ve b\u00f6ylece giyim sekt\u00f6r\u00fcn\u00fcn ayr\u0131lmaz bir par\u00e7as\u0131 haline geliyor.<\/div>\n<\/div>\n<\/div>\n<div class=\"magic-6\">\n<div><\/div>\n<\/div>\n<\/div>\n<\/div>\n<\/div>\n<\/div>","protected":false},"excerpt":{"rendered":"<p>Naylon RFID Y\u0131kama Bak\u0131m Etiketi, tekstil ve giyim sekt\u00f6r\u00fcnde devrim niteli\u011finde bir geli\u015fmedir. En umut verici teknolojik at\u0131l\u0131mlardan biri olan RFID, bu sekt\u00f6rde \u00e7ok say\u0131da uygulamay\u0131 kolayla\u015ft\u0131r\u0131r. \u00dcretim s\u00fcre\u00e7lerinde, envanter kontrol\u00fcn\u00fcn s\u00fcrd\u00fcr\u00fclmesinde, depolar\u0131n y\u00f6netilmesinde, da\u011f\u0131t\u0131m ve lojisti\u011fin d\u00fczenlenmesinde, otomatik nesne takibinin sa\u011flanmas\u0131nda ve tedarik zinciri y\u00f6netiminin optimize edilmesinde \u00f6nemli bir rol oynar. Bu yenilik\u00e7i yakla\u015f\u0131m, tekstil ve giyim alan\u0131nda verimlili\u011fi ve \u00fcretkenli\u011fi \u00f6nemli \u00f6l\u00e7\u00fcde art\u0131rm\u0131\u015ft\u0131r.<\/p>","protected":false},"featured_media":177,"template":"","meta":{"_kad_post_transparent":"default","_kad_post_title":"","_kad_post_layout":"default","_kad_post_sidebar_id":"","_kad_post_content_style":"default","_kad_post_vertical_padding":"default","_kad_post_feature":"","_kad_post_feature_position":"","_kad_post_header":false,"_kad_post_footer":false,"_kad_post_classname":""},"product_brand":[],"product_cat":[81],"product_tag":[84,82,83],"class_list":{"0":"post-176","1":"product","2":"type-product","3":"status-publish","4":"has-post-thumbnail","6":"product_cat-rfid-wash-care-clothing-label","7":"product_tag-heat-transfer-laundry-rfid-wash-care-label","8":"product_tag-rfid-wash-care-clothing-label","9":"product_tag-rfid-wash-care-label","11":"first","12":"instock","13":"shipping-taxable","14":"product-type-simple","15":"entry","16":"content-bg","17":"loop-entry"},"_links":{"self":[{"href":"https:\/\/rfid-laundry-tag.com\/tr\/wp-json\/wp\/v2\/product\/176","targetHints":{"allow":["GET"]}}],"collection":[{"href":"https:\/\/rfid-laundry-tag.com\/tr\/wp-json\/wp\/v2\/product"}],"about":[{"href":"https:\/\/rfid-laundry-tag.com\/tr\/wp-json\/wp\/v2\/types\/product"}],"version-history":[{"count":0,"href":"https:\/\/rfid-laundry-tag.com\/tr\/wp-json\/wp\/v2\/product\/176\/revisions"}],"wp:featuredmedia":[{"embeddable":true,"href":"https:\/\/rfid-laundry-tag.com\/tr\/wp-json\/wp\/v2\/media\/177"}],"wp:attachment":[{"href":"https:\/\/rfid-laundry-tag.com\/tr\/wp-json\/wp\/v2\/media?parent=176"}],"wp:term":[{"taxonomy":"product_brand","embeddable":true,"href":"https:\/\/rfid-laundry-tag.com\/tr\/wp-json\/wp\/v2\/product_brand?post=176"},{"taxonomy":"product_cat","embeddable":true,"href":"https:\/\/rfid-laundry-tag.com\/tr\/wp-json\/wp\/v2\/product_cat?post=176"},{"taxonomy":"product_tag","embeddable":true,"href":"https:\/\/rfid-laundry-tag.com\/tr\/wp-json\/wp\/v2\/product_tag?post=176"}],"curies":[{"name":"wp","href":"https:\/\/api.w.org\/{rel}","templated":true}]}}