{"id":174,"date":"2024-06-15T14:22:35","date_gmt":"2024-06-15T14:22:35","guid":{"rendered":"https:\/\/rfid-laundry-tag.com\/?post_type=product&#038;p=174"},"modified":"2024-09-08T04:17:08","modified_gmt":"2024-09-08T04:17:08","slug":"waterproof-rfid-washing-button-pps","status":"publish","type":"product","link":"https:\/\/rfid-laundry-tag.com\/tr\/waterproof-rfid-washing-button-pps\/","title":{"rendered":"Su Ge\u00e7irmez RFID Y\u0131kama D\u00fc\u011fmesi-PPS"},"content":{"rendered":"<div class=\"J_module\">\n<div class=\"ife-detail-decorate-table\">\n<table class=\"has-title all magic-6\">\n<tbody>\n<tr>\n<td colspan=\"1\" rowspan=\"1\">\n<div class=\"magic-7\" data-spm-anchor-id=\"a2700.details.0.i45.77607d98vZbcDU\"><span class=\"magic-8\" style=\"color: #363535;\">\u00d6\u011fe ad\u0131<\/span><\/div>\n<\/td>\n<td colspan=\"1\" rowspan=\"1\">\n<div class=\"magic-9\">Su Ge\u00e7irmez RFID Y\u0131kama D\u00fc\u011fmesi-PPS<\/div>\n<\/td>\n<\/tr>\n<tr>\n<td colspan=\"1\" rowspan=\"1\">\n<div class=\"magic-7\"><span class=\"magic-10\" data-spm-anchor-id=\"a2700.pc-decorate.0.i10.28d333330XLbTD\"><span class=\"magic-8\">Malzeme<\/span><\/span><\/div>\n<\/td>\n<td colspan=\"1\" rowspan=\"1\">\n<div class=\"magic-9\"><span class=\"magic-8\">BES<\/span><\/div>\n<\/td>\n<\/tr>\n<tr>\n<td colspan=\"1\" rowspan=\"1\">\n<div class=\"magic-7\"><span class=\"magic-8\">Renk<\/span><\/div>\n<\/td>\n<td colspan=\"1\" rowspan=\"1\">\n<div class=\"magic-9\"><span class=\"magic-8\">Siyah<\/span><\/div>\n<\/td>\n<\/tr>\n<tr>\n<td colspan=\"1\" rowspan=\"1\">Adedi<\/td>\n<td colspan=\"1\" rowspan=\"1\">500 adet<\/td>\n<\/tr>\n<tr>\n<td colspan=\"1\" rowspan=\"1\">\n<div class=\"magic-7\"><span class=\"magic-8\">\u00dcretici\/\u00c7ip<\/span><\/div>\n<\/td>\n<td colspan=\"1\" rowspan=\"1\">\n<div class=\"magic-9\"><span class=\"magic-8\">NXP UCODE 8, UCODE 9\/NTAG213, Mifare 1k\/EM4200,EM4305,T5577.TK4100 vb.<\/span><\/div>\n<\/td>\n<\/tr>\n<tr>\n<td colspan=\"1\" rowspan=\"1\">\n<div class=\"magic-7\"><span class=\"magic-8\">S\u0131kl\u0131k<\/span><\/div>\n<\/td>\n<td colspan=\"1\" rowspan=\"1\">\n<div class=\"magic-9\"><span class=\"magic-8\">860-960MHz\/13.56MHz\/125Khz<\/span><\/div>\n<\/td>\n<\/tr>\n<tr>\n<td colspan=\"1\" rowspan=\"1\">\n<div class=\"magic-7\"><span class=\"magic-8\">Haf\u0131za<\/span><\/div>\n<\/td>\n<td colspan=\"1\" rowspan=\"1\">\n<div class=\"magic-9\"><span class=\"magic-8\">96 Bit\/128 Bit\/144 Bayt<\/span><\/div>\n<\/td>\n<\/tr>\n<tr>\n<td colspan=\"1\" rowspan=\"1\">\n<div class=\"magic-7\"><span class=\"magic-8\">Okuma Mesafesi<\/span><\/div>\n<\/td>\n<td colspan=\"1\" rowspan=\"1\">\n<div class=\"magic-9\"><span class=\"magic-8\">1-6m\/1~5cm\/1~2cm<\/span><\/div>\n<\/td>\n<\/tr>\n<tr>\n<td colspan=\"1\" rowspan=\"1\">\n<div class=\"magic-7\"><span class=\"magic-8\">\u00c7al\u0131\u015fma modu<\/span><\/div>\n<\/td>\n<td colspan=\"1\" rowspan=\"1\">\n<div class=\"magic-9\"><span class=\"magic-8\">pasif<\/span><\/div>\n<\/td>\n<\/tr>\n<tr>\n<td colspan=\"1\" rowspan=\"1\">\n<div class=\"magic-7\"><span class=\"magic-8\">\u00c7al\u0131\u015fma s\u0131cakl\u0131\u011f\u0131<\/span><\/div>\n<\/td>\n<td colspan=\"1\" rowspan=\"1\">\n<div class=\"magic-9\"><span class=\"magic-8\">-25\u2103~+110\u2103<\/span><\/div>\n<\/td>\n<\/tr>\n<tr>\n<td colspan=\"1\" rowspan=\"1\">\n<div class=\"magic-7\"><span class=\"magic-8\">Depolama s\u0131cakl\u0131\u011f\u0131<\/span><\/div>\n<\/td>\n<td colspan=\"1\" rowspan=\"1\">\n<div class=\"magic-9\"><span class=\"magic-8\">-40\u2103~+85\u2103<\/span><\/div>\n<\/td>\n<\/tr>\n<tr>\n<td colspan=\"1\" rowspan=\"1\">\n<div class=\"magic-7\">\n<div><span class=\"magic-8\">\u00a0<\/span><\/div>\n<p><span class=\"magic-8\">K\u0131sa S\u00fcreli S\u0131cakl\u0131k Direnci<\/span><\/p>\n<\/div>\n<\/td>\n<td colspan=\"1\" rowspan=\"1\">\n<div class=\"magic-9\"><span class=\"magic-8\">y\u0131kama: 90\u2103, 15 dakika; d\u00f6n\u00fc\u015ft\u00fcr\u00fcc\u00fc \u00f6n kurutma: 180\u2103, 30 dakika, 200 kez; \u00fct\u00fcleme: 180\u2103, 10 saniye, 200 kez; y\u00fcksek<br \/>\ns\u0131cakl\u0131k sterilizasyonu: 135\u2103, 20 dakika<\/span><\/div>\n<\/td>\n<\/tr>\n<tr>\n<td colspan=\"1\" rowspan=\"1\">\n<div class=\"magic-7\"><span class=\"magic-8\">\u00d6zellikler<\/span><\/div>\n<\/td>\n<td colspan=\"1\" rowspan=\"1\">\n<div class=\"magic-9\"><span class=\"magic-8\">su ge\u00e7irmez, y\u0131kanabilir, y\u00fcksek s\u0131cakl\u0131k dayan\u0131m\u0131<\/span><\/div>\n<\/td>\n<\/tr>\n<tr>\n<td colspan=\"1\" rowspan=\"1\">\n<div class=\"magic-7\"><span class=\"magic-8\">Hayat<\/span><\/div>\n<\/td>\n<td colspan=\"1\" rowspan=\"1\">\n<div class=\"magic-9\"><span class=\"magic-8\">200 kez y\u0131kama veya 3 y\u0131l<\/span><\/div>\n<\/td>\n<\/tr>\n<tr>\n<td colspan=\"1\" rowspan=\"1\">\n<div class=\"magic-7\"><span class=\"magic-8\">Uygulamalar<\/span><\/div>\n<\/td>\n<td colspan=\"1\" rowspan=\"1\">\n<div class=\"magic-9\"><span class=\"magic-8\">\u00e7ama\u015f\u0131rhane y\u00f6netimi ve takibi<\/span><\/div>\n<\/td>\n<\/tr>\n<\/tbody>\n<\/table>\n<\/div>\n<\/div>\n<div class=\"J_module\">\n<div class=\"detail-decorate-json-renderer-container\">\n<div class=\"magic-1\">\n<div>\n<div><\/div>\n<div class=\"auto-hide-last-sibling-br paragraph_1252f paragraph-element\">\n<div class=\"auto-hide-last-sibling-br paragraph_1252f paragraph-element\"><strong>Su Ge\u00e7irmez RFID Y\u0131kama D\u00fc\u011fmesinin Temel \u00d6zellikleri:<\/strong><\/div>\n<p>&nbsp;<\/p>\n<ol class=\"auto-hide-last-sibling-br\">\n<li>\n<div class=\"auto-hide-last-sibling-br paragraph_1252f paragraph-element\">Su Ge\u00e7irmez: Etiketin suya maruz kald\u0131\u011f\u0131nda i\u015flevselli\u011finin bozulmamas\u0131n\u0131 sa\u011flayarak nemli ko\u015fullarda g\u00fcvenilir olmas\u0131n\u0131 sa\u011flar.<\/div>\n<\/li>\n<li>\n<div class=\"auto-hide-last-sibling-br paragraph_1252f paragraph-element\">Zorlu ortamlar i\u00e7in tasarland\u0131: Etiket, olumsuz ko\u015fullarda etkili bir \u015fekilde \u00e7al\u0131\u015f\u0131p hayatta kalabilecek \u015fekilde sa\u011flam bir \u015fekilde \u00fcretilmi\u015ftir.<\/div>\n<\/li>\n<li>\n<div class=\"auto-hide-last-sibling-br paragraph_1252f paragraph-element\">\u00c7ift enjeksiyon kal\u0131plama teknikleri: Bu \u00fcretim s\u00fcreci, etiketin mukavemetini ve dayan\u0131kl\u0131l\u0131\u011f\u0131n\u0131 art\u0131rarak, zorlu ko\u015fullara dayanmas\u0131n\u0131 sa\u011flar.<\/div>\n<\/li>\n<li>\n<div class=\"auto-hide-last-sibling-br paragraph_1252f paragraph-element\">Etiketlerin E\u015f Zamanl\u0131 Tan\u0131mlanmas\u0131: Bu \u00f6zellik, sistemin ayn\u0131 anda birden fazla etiketi tan\u0131mlamas\u0131na olanak vererek, verimlili\u011fi ve \u00e7al\u0131\u015fma h\u0131z\u0131n\u0131 art\u0131r\u0131r.<\/div>\n<\/li>\n<li>\n<div class=\"auto-hide-last-sibling-br paragraph_1252f paragraph-element\">Ola\u011fan\u00fcst\u00fc Diren\u00e7: Etiket, \u00e7e\u015fitli ko\u015fullarda ola\u011fan\u00fcst\u00fc performans g\u00f6stererek a\u015f\u0131r\u0131 s\u0131cakl\u0131klara, ya\u011flara ve kimyasal \u00e7\u00f6zeltilere kar\u015f\u0131 dayan\u0131kl\u0131d\u0131r.<\/div>\n<\/li>\n<li>\n<div class=\"auto-hide-last-sibling-br paragraph_1252f paragraph-element\">\u00c7ok Y\u00f6nl\u00fc Boyut Se\u00e7enekleri: Etiket \u00e7e\u015fitli boyutlarda gelir ve optimum boyutu se\u00e7me esnekli\u011fi sunarak \u00e7e\u015fitli uygulamalara sorunsuz entegrasyonu kolayla\u015ft\u0131r\u0131r.<\/div>\n<\/li>\n<\/ol>\n<\/div>\n<\/div>\n<p><strong>\u00c7ip Se\u00e7enekleri:<\/strong><\/p>\n<ul>\n<li><strong>NXP UCODE 8\/9:<\/strong>\u00a0Temel izleme ve tan\u0131mlama i\u00e7in ideal, 10 metreye kadar okuma menzili sunan, uygun maliyetli \u00e7ipler.<\/li>\n<li><strong>NTAG213:<\/strong>\u00a0Ak\u0131ll\u0131 telefonlar ve di\u011fer NFC cihazlar\u0131yla ileti\u015fime olanak tan\u0131yan, temass\u0131z \u00f6deme veya \u00fcr\u00fcn bilgilerine eri\u015fim gibi uygulamalar i\u00e7in m\u00fckemmel olan NFC \u00f6zellikli \u00e7ip.<\/li>\n<li><strong>Mifare 1k:<\/strong>\u00a0Eri\u015fim kontrol\u00fc ve g\u00fcvenli veri depolama i\u00e7in uygun, g\u00fc\u00e7l\u00fc \u015fifreleme ve kimlik do\u011frulama \u00f6zelliklerine sahip g\u00fcvenli \u00e7ip.<\/li>\n<li><strong>EM4305:<\/strong>\u00a01 metreye kadar okuma menziline sahip, temel eri\u015fim kontrol uygulamalar\u0131 i\u00e7in d\u00fc\u015f\u00fck maliyetli \u00e7ip.<\/li>\n<li><strong>T5577:<\/strong>\u00a0Eri\u015fim kontrol ve bilet sistemleri i\u00e7in 1 metreye kadar okuma menzili sunan d\u00fc\u015f\u00fck maliyetli bir \u00e7ip daha.<\/li>\n<\/ul>\n<div class=\"magic-2\">\n<div class=\"auto-hide-last-sibling-br paragraph_1252f paragraph-element\">\n<div class=\"auto-hide-last-sibling-br paragraph_1252f paragraph-element\"><strong>Uygulamalar:<\/strong><\/div>\n<ol class=\"auto-hide-last-sibling-br\">\n<li>\n<div class=\"auto-hide-last-sibling-br paragraph_1252f paragraph-element\">End\u00fcstriyel \u00c7ama\u015f\u0131rhaneler: End\u00fcstriyel bir ortamda, b\u00fcy\u00fck miktarlardaki \u00e7ama\u015f\u0131rlar\u0131n takibi RFID \u00c7ama\u015f\u0131r Etiketi Butonlar\u0131m\u0131zla \u00e7ok kolay hale geliyor.<\/div>\n<\/li>\n<li>\n<div class=\"auto-hide-last-sibling-br paragraph_1252f paragraph-element\">Sa\u011fl\u0131k Tesisleri ve Oteller: Bu t\u00fcr kurumlar, etiketlerimizin s\u00fcrekli olarak verimlili\u011fi art\u0131rd\u0131\u011f\u0131 ve envanter y\u00f6netimini kolayla\u015ft\u0131rd\u0131\u011f\u0131 y\u00fcksek hacimli \u00e7ama\u015f\u0131rhane operasyonlar\u0131n\u0131 s\u0131kl\u0131kla ger\u00e7ekle\u015ftirir.<\/div>\n<\/li>\n<li>\n<div class=\"auto-hide-last-sibling-br paragraph_1252f paragraph-element\">Keten Kiralama: Keten kiralama hizmeti sekt\u00f6r\u00fcndeki i\u015fletmeler, envanter y\u00f6netimini basitle\u015ftirmek ve kalite kontrol\u00fcn\u00fc sa\u011flamak i\u00e7in bu etiketlerden yararlan\u0131r.<\/div>\n<\/li>\n<\/ol>\n<div class=\"auto-hide-last-sibling-br paragraph_1252f paragraph-element\">\n<p>&nbsp;<\/p>\n<\/div>\n<\/div>\n<div class=\"auto-hide-last-sibling-br paragraph_1252f paragraph-element\"><\/div>\n<\/div>\n<\/div>\n<\/div>\n<\/div>","protected":false},"excerpt":{"rendered":"<p>Su ge\u00e7irmez RFID Y\u0131kama D\u00fc\u011fmesi, PPS RFID d\u00fc\u011fme etiketi, kompakt, d\u00fc\u011fme benzeri formu nedeniyle ana ak\u0131m se\u00e7im olarak h\u00fck\u00fcm s\u00fcr\u00fcyor. \u00c7ift enjeksiyonlu kal\u0131plama stratejisi kullan\u0131larak \u00fcretilen bu etiket, pres makineleri, kuru temizleyiciler ve \u00fct\u00fcleme i\u015flemlerini i\u00e7erenler de dahil olmak \u00fczere zorlu \u00e7ama\u015f\u0131r y\u0131kama durumlar\u0131nda ba\u015far\u0131l\u0131 olmak \u00fczere tasarlanm\u0131\u015ft\u0131r. Masaya getirdi\u011fi uyarlanabilirlik ve sa\u011flaml\u0131k, onu \u00e7ama\u015f\u0131r y\u00f6netimi ve envanter takibi alan\u0131nda farkl\u0131 k\u0131lan niteliklerdir. Bu etiketin tan\u0131n\u0131rl\u0131\u011f\u0131, rahatl\u0131\u011f\u0131nda, g\u00fcc\u00fcnde ve a\u015f\u0131r\u0131 ko\u015fullara kar\u015f\u0131 dayan\u0131kl\u0131l\u0131\u011f\u0131nda yatmaktad\u0131r.<\/p>","protected":false},"featured_media":175,"template":"","meta":{"_kad_post_transparent":"default","_kad_post_title":"","_kad_post_layout":"default","_kad_post_sidebar_id":"","_kad_post_content_style":"default","_kad_post_vertical_padding":"default","_kad_post_feature":"","_kad_post_feature_position":"","_kad_post_header":false,"_kad_post_footer":false,"_kad_post_classname":""},"product_brand":[],"product_cat":[21,18,17,16],"product_tag":[43,35,44,80],"class_list":{"0":"post-174","1":"product","2":"type-product","3":"status-publish","4":"has-post-thumbnail","6":"product_cat-pps-rfid-laundry-tag","7":"product_cat-125khz-rfid-laundry-tag","8":"product_cat-nfc-rfid-laundry-tag","9":"product_cat-uhf-rfid-laundry-tags","10":"product_tag-pps-rfid-washable-laundry-tags","11":"product_tag-rfid-button","12":"product_tag-rfid-washable-laundry-tags","13":"product_tag-rfid-washing-button","15":"first","16":"instock","17":"featured","18":"shipping-taxable","19":"product-type-simple","20":"entry","21":"content-bg","22":"loop-entry"},"_links":{"self":[{"href":"https:\/\/rfid-laundry-tag.com\/tr\/wp-json\/wp\/v2\/product\/174","targetHints":{"allow":["GET"]}}],"collection":[{"href":"https:\/\/rfid-laundry-tag.com\/tr\/wp-json\/wp\/v2\/product"}],"about":[{"href":"https:\/\/rfid-laundry-tag.com\/tr\/wp-json\/wp\/v2\/types\/product"}],"version-history":[{"count":1,"href":"https:\/\/rfid-laundry-tag.com\/tr\/wp-json\/wp\/v2\/product\/174\/revisions"}],"predecessor-version":[{"id":1916,"href":"https:\/\/rfid-laundry-tag.com\/tr\/wp-json\/wp\/v2\/product\/174\/revisions\/1916"}],"wp:featuredmedia":[{"embeddable":true,"href":"https:\/\/rfid-laundry-tag.com\/tr\/wp-json\/wp\/v2\/media\/175"}],"wp:attachment":[{"href":"https:\/\/rfid-laundry-tag.com\/tr\/wp-json\/wp\/v2\/media?parent=174"}],"wp:term":[{"taxonomy":"product_brand","embeddable":true,"href":"https:\/\/rfid-laundry-tag.com\/tr\/wp-json\/wp\/v2\/product_brand?post=174"},{"taxonomy":"product_cat","embeddable":true,"href":"https:\/\/rfid-laundry-tag.com\/tr\/wp-json\/wp\/v2\/product_cat?post=174"},{"taxonomy":"product_tag","embeddable":true,"href":"https:\/\/rfid-laundry-tag.com\/tr\/wp-json\/wp\/v2\/product_tag?post=174"}],"curies":[{"name":"wp","href":"https:\/\/api.w.org\/{rel}","templated":true}]}}